{"id":294497,"date":"2017-09-14T09:03:02","date_gmt":"2017-09-14T06:03:02","guid":{"rendered":"https:\/\/sharks.ee\/vunder_2019\/lv\/product\/otu-komplekts-raphael-travel\/"},"modified":"2017-09-14T09:03:02","modified_gmt":"2017-09-14T06:03:02","slug":"otu-komplekts-raphael-travel","status":"publish","type":"product","link":"https:\/\/hobstop.ee\/lv\/produkts\/otu-komplekts-raphael-travel\/","title":{"rendered":"Otu komplekts Raphael Travel"},"content":{"rendered":"<p>Raphael mini oti\u0146u komplektam, kas sast\u0101v no Soft Aqua un Precision s\u0113rijas oti\u0146\u0101m, ir \u012bs\u0101ki rokturi nek\u0101 standarts\u0113rijas ot\u0101m. T\u0101s ir lieliski piem\u0113rotas l\u012bdzi \u0146em\u0161anai ce\u013cojumos. Precision prec\u012bzi imit\u0113 sabu\u013ca saru darb\u012bbu, bet SoftAqua nodro\u0161ina papildus telpu \u016bdens molekulu uzkr\u0101\u0161anai glu\u017ei k\u0101 v\u0101veres sari. Sp\u012bd\u012bg\u0101, sarull\u0113t\u0101 bambusa ietvar\u0101. Ide\u0101ls izmanto\u0161anai ar akvare\u013ckr\u0101s\u0101m un citiem \u016bdens medijiem.<\/p>\n<p>Komplekt\u0101:<br \/>\nMini Precision 85046 round (izm\u0113rti 0 un 2)<br \/>\nMini Precision 89406 filbert (izm\u0113rs 1)<br \/>\nMini Precision 85346 lapik (izm\u0113rti 0 un 2)<br \/>\nMini Softaqua 8056 Quill mop (izm\u0113rs 4)<\/p>\n","protected":false},"excerpt":{"rendered":"<p>Raphael mini oti\u0146u komplektam, kas sast\u0101v no Soft Aqua un Precision s\u0113rijas oti\u0146\u0101m, ir \u012bs\u0101ki rokturi nek\u0101 standarts\u0113rijas ot\u0101m. T\u0101s ir lieliski piem\u0113rotas l\u012bdzi \u0146em\u0161anai ce\u013cojumos. Precision prec\u012bzi imit\u0113 sabu\u013ca saru darb\u012bbu, bet SoftAqua nodro\u0161ina papildus telpu \u016bdens molekulu uzkr\u0101\u0161anai glu\u017ei k\u0101 v\u0101veres sari. Sp\u012bd\u012bg\u0101, sarull\u0113t\u0101 bambusa ietvar\u0101. Ide\u0101ls izmanto\u0161anai ar akvare\u013ckr\u0101s\u0101m un citiem \u016bdens medijiem. Komplekt\u0101: Mini Precision 85046 round (izm\u0113rti 0 un 2) Mini Precision 89406 filbert (izm\u0113rs 1) Mini Precision 85346 lapik (izm\u0113rti 0 un 2) Mini Softaqua 8056 Quill mop (izm\u0113rs 4)<\/p>\n","protected":false},"featured_media":294705,"comment_status":"closed","ping_status":"closed","template":"","meta":{"_acf_changed":false,"ep_exclude_from_search":false},"product_cat":[16123,18650,18608],"product_tag":[],"class_list":{"0":"post-294497","1":"product","2":"type-product","3":"status-publish","4":"has-post-thumbnail","6":"product_cat-makslas-piederumi-2","7":"product_cat-otas-un-piederumi","8":"product_cat-sintetiskas-otas-2","10":"first","11":"outofstock","12":"taxable","13":"shipping-taxable","14":"purchasable","15":"product-type-simple"},"acf":[],"yoast_head":"<!-- This site is optimized with the Yoast SEO plugin v24.1 - https:\/\/yoast.com\/wordpress\/plugins\/seo\/ -->\n<title>Otu komplekts Raphael Travel &#8211; Skizze<\/title>\n<meta name=\"robots\" content=\"noindex, follow, max-snippet:-1, max-image-preview:large, max-video-preview:-1\" \/>\n<meta property=\"og:locale\" content=\"lv_LV\" \/>\n<meta property=\"og:type\" content=\"article\" \/>\n<meta property=\"og:title\" content=\"Otu komplekts Raphael Travel &#8211; Skizze\" \/>\n<meta property=\"og:description\" content=\"Raphael mini oti\u0146u komplektam, kas sast\u0101v no Soft Aqua un Precision s\u0113rijas oti\u0146\u0101m, ir \u012bs\u0101ki rokturi nek\u0101 standarts\u0113rijas ot\u0101m. T\u0101s ir lieliski piem\u0113rotas l\u012bdzi \u0146em\u0161anai ce\u013cojumos. Precision prec\u012bzi imit\u0113 sabu\u013ca saru darb\u012bbu, bet SoftAqua nodro\u0161ina papildus telpu \u016bdens molekulu uzkr\u0101\u0161anai glu\u017ei k\u0101 v\u0101veres sari. Sp\u012bd\u012bg\u0101, sarull\u0113t\u0101 bambusa ietvar\u0101. Ide\u0101ls izmanto\u0161anai ar akvare\u013ckr\u0101s\u0101m un citiem \u016bdens medijiem. Komplekt\u0101: Mini Precision 85046 round (izm\u0113rti 0 un 2) Mini Precision 89406 filbert (izm\u0113rs 1) Mini Precision 85346 lapik (izm\u0113rti 0 un 2) Mini Softaqua 8056 Quill mop (izm\u0113rs 4)\" \/>\n<meta property=\"og:url\" content=\"https:\/\/hobstop.ee\/lv\/produkts\/otu-komplekts-raphael-travel\/\" \/>\n<meta property=\"og:site_name\" content=\"Skizze\" \/>\n<meta property=\"article:publisher\" content=\"http:\/\/www.facebook.com\/VunderSkizze\" \/>\n<meta property=\"og:image\" content=\"https:\/\/hobstop.ee\/media\/4489.jpg\" \/>\n\t<meta property=\"og:image:width\" content=\"1024\" \/>\n\t<meta property=\"og:image:height\" content=\"768\" \/>\n\t<meta property=\"og:image:type\" content=\"image\/jpeg\" \/>\n<meta name=\"twitter:card\" content=\"summary_large_image\" \/>\n<meta name=\"twitter:label1\" content=\"Est. reading time\" \/>\n\t<meta name=\"twitter:data1\" content=\"1 min\u016b\u0161u\" \/>\n<script type=\"application\/ld+json\" class=\"yoast-schema-graph\">{\"@context\":\"https:\/\/schema.org\",\"@graph\":[{\"@type\":\"WebPage\",\"@id\":\"https:\/\/hobstop.ee\/lv\/produkts\/otu-komplekts-raphael-travel\/\",\"url\":\"https:\/\/hobstop.ee\/lv\/produkts\/otu-komplekts-raphael-travel\/\",\"name\":\"Otu komplekts Raphael Travel &#8211; Skizze\",\"isPartOf\":{\"@id\":\"https:\/\/hobstop.ee\/lv\/#website\"},\"primaryImageOfPage\":{\"@id\":\"https:\/\/hobstop.ee\/lv\/produkts\/otu-komplekts-raphael-travel\/#primaryimage\"},\"image\":{\"@id\":\"https:\/\/hobstop.ee\/lv\/produkts\/otu-komplekts-raphael-travel\/#primaryimage\"},\"thumbnailUrl\":\"https:\/\/hobstop.ee\/media\/4489.jpg\",\"datePublished\":\"2017-09-14T06:03:02+00:00\",\"dateModified\":\"2017-09-14T06:03:02+00:00\",\"breadcrumb\":{\"@id\":\"https:\/\/hobstop.ee\/lv\/produkts\/otu-komplekts-raphael-travel\/#breadcrumb\"},\"inLanguage\":\"lv-LV\",\"potentialAction\":[{\"@type\":\"ReadAction\",\"target\":[\"https:\/\/hobstop.ee\/lv\/produkts\/otu-komplekts-raphael-travel\/\"]}]},{\"@type\":\"ImageObject\",\"inLanguage\":\"lv-LV\",\"@id\":\"https:\/\/hobstop.ee\/lv\/produkts\/otu-komplekts-raphael-travel\/#primaryimage\",\"url\":\"https:\/\/hobstop.ee\/media\/4489.jpg\",\"contentUrl\":\"https:\/\/hobstop.ee\/media\/4489.jpg\",\"width\":1024,\"height\":768},{\"@type\":\"BreadcrumbList\",\"@id\":\"https:\/\/hobstop.ee\/lv\/produkts\/otu-komplekts-raphael-travel\/#breadcrumb\",\"itemListElement\":[{\"@type\":\"ListItem\",\"position\":1,\"name\":\"Avaleht\",\"item\":\"https:\/\/hobstop.ee\/lv\/\"},{\"@type\":\"ListItem\",\"position\":2,\"name\":\"Veikals\",\"item\":\"https:\/\/hobstop.ee\/lv\/veikals\/\"},{\"@type\":\"ListItem\",\"position\":3,\"name\":\"Otu komplekts Raphael Travel\"}]},{\"@type\":\"WebSite\",\"@id\":\"https:\/\/hobstop.ee\/lv\/#website\",\"url\":\"https:\/\/hobstop.ee\/lv\/\",\"name\":\"Skizze\",\"description\":\"M\u0101kslas, hobiju un skolas preces\",\"publisher\":{\"@id\":\"https:\/\/hobstop.ee\/lv\/#organization\"},\"potentialAction\":[{\"@type\":\"SearchAction\",\"target\":{\"@type\":\"EntryPoint\",\"urlTemplate\":\"https:\/\/hobstop.ee\/lv\/?s={search_term_string}\"},\"query-input\":{\"@type\":\"PropertyValueSpecification\",\"valueRequired\":true,\"valueName\":\"search_term_string\"}}],\"inLanguage\":\"lv-LV\"},{\"@type\":\"Organization\",\"@id\":\"https:\/\/hobstop.ee\/lv\/#organization\",\"name\":\"Vunder AS\",\"url\":\"https:\/\/hobstop.ee\/lv\/\",\"logo\":{\"@type\":\"ImageObject\",\"inLanguage\":\"lv-LV\",\"@id\":\"https:\/\/hobstop.ee\/lv\/#\/schema\/logo\/image\/\",\"url\":\"https:\/\/hobstop.ee\/media\/vunder-logo.png\",\"contentUrl\":\"https:\/\/hobstop.ee\/media\/vunder-logo.png\",\"width\":127,\"height\":55,\"caption\":\"Vunder AS\"},\"image\":{\"@id\":\"https:\/\/hobstop.ee\/lv\/#\/schema\/logo\/image\/\"},\"sameAs\":[\"http:\/\/www.facebook.com\/VunderSkizze\"]}]}<\/script>\n<!-- \/ Yoast SEO plugin. -->","yoast_head_json":{"title":"Otu komplekts Raphael Travel &#8211; Skizze","robots":{"index":"noindex","follow":"follow","max-snippet":"max-snippet:-1","max-image-preview":"max-image-preview:large","max-video-preview":"max-video-preview:-1"},"og_locale":"lv_LV","og_type":"article","og_title":"Otu komplekts Raphael Travel &#8211; Skizze","og_description":"Raphael mini oti\u0146u komplektam, kas sast\u0101v no Soft Aqua un Precision s\u0113rijas oti\u0146\u0101m, ir \u012bs\u0101ki rokturi nek\u0101 standarts\u0113rijas ot\u0101m. T\u0101s ir lieliski piem\u0113rotas l\u012bdzi \u0146em\u0161anai ce\u013cojumos. Precision prec\u012bzi imit\u0113 sabu\u013ca saru darb\u012bbu, bet SoftAqua nodro\u0161ina papildus telpu \u016bdens molekulu uzkr\u0101\u0161anai glu\u017ei k\u0101 v\u0101veres sari. Sp\u012bd\u012bg\u0101, sarull\u0113t\u0101 bambusa ietvar\u0101. Ide\u0101ls izmanto\u0161anai ar akvare\u013ckr\u0101s\u0101m un citiem \u016bdens medijiem. Komplekt\u0101: Mini Precision 85046 round (izm\u0113rti 0 un 2) Mini Precision 89406 filbert (izm\u0113rs 1) Mini Precision 85346 lapik (izm\u0113rti 0 un 2) Mini Softaqua 8056 Quill mop (izm\u0113rs 4)","og_url":"https:\/\/hobstop.ee\/lv\/produkts\/otu-komplekts-raphael-travel\/","og_site_name":"Skizze","article_publisher":"http:\/\/www.facebook.com\/VunderSkizze","og_image":[{"width":1024,"height":768,"url":"https:\/\/hobstop.ee\/media\/4489.jpg","type":"image\/jpeg"}],"twitter_card":"summary_large_image","twitter_misc":{"Est. reading time":"1 min\u016b\u0161u"},"schema":{"@context":"https:\/\/schema.org","@graph":[{"@type":"WebPage","@id":"https:\/\/hobstop.ee\/lv\/produkts\/otu-komplekts-raphael-travel\/","url":"https:\/\/hobstop.ee\/lv\/produkts\/otu-komplekts-raphael-travel\/","name":"Otu komplekts Raphael Travel &#8211; Skizze","isPartOf":{"@id":"https:\/\/hobstop.ee\/lv\/#website"},"primaryImageOfPage":{"@id":"https:\/\/hobstop.ee\/lv\/produkts\/otu-komplekts-raphael-travel\/#primaryimage"},"image":{"@id":"https:\/\/hobstop.ee\/lv\/produkts\/otu-komplekts-raphael-travel\/#primaryimage"},"thumbnailUrl":"https:\/\/hobstop.ee\/media\/4489.jpg","datePublished":"2017-09-14T06:03:02+00:00","dateModified":"2017-09-14T06:03:02+00:00","breadcrumb":{"@id":"https:\/\/hobstop.ee\/lv\/produkts\/otu-komplekts-raphael-travel\/#breadcrumb"},"inLanguage":"lv-LV","potentialAction":[{"@type":"ReadAction","target":["https:\/\/hobstop.ee\/lv\/produkts\/otu-komplekts-raphael-travel\/"]}]},{"@type":"ImageObject","inLanguage":"lv-LV","@id":"https:\/\/hobstop.ee\/lv\/produkts\/otu-komplekts-raphael-travel\/#primaryimage","url":"https:\/\/hobstop.ee\/media\/4489.jpg","contentUrl":"https:\/\/hobstop.ee\/media\/4489.jpg","width":1024,"height":768},{"@type":"BreadcrumbList","@id":"https:\/\/hobstop.ee\/lv\/produkts\/otu-komplekts-raphael-travel\/#breadcrumb","itemListElement":[{"@type":"ListItem","position":1,"name":"Avaleht","item":"https:\/\/hobstop.ee\/lv\/"},{"@type":"ListItem","position":2,"name":"Veikals","item":"https:\/\/hobstop.ee\/lv\/veikals\/"},{"@type":"ListItem","position":3,"name":"Otu komplekts Raphael Travel"}]},{"@type":"WebSite","@id":"https:\/\/hobstop.ee\/lv\/#website","url":"https:\/\/hobstop.ee\/lv\/","name":"Skizze","description":"M\u0101kslas, hobiju un skolas preces","publisher":{"@id":"https:\/\/hobstop.ee\/lv\/#organization"},"potentialAction":[{"@type":"SearchAction","target":{"@type":"EntryPoint","urlTemplate":"https:\/\/hobstop.ee\/lv\/?s={search_term_string}"},"query-input":{"@type":"PropertyValueSpecification","valueRequired":true,"valueName":"search_term_string"}}],"inLanguage":"lv-LV"},{"@type":"Organization","@id":"https:\/\/hobstop.ee\/lv\/#organization","name":"Vunder AS","url":"https:\/\/hobstop.ee\/lv\/","logo":{"@type":"ImageObject","inLanguage":"lv-LV","@id":"https:\/\/hobstop.ee\/lv\/#\/schema\/logo\/image\/","url":"https:\/\/hobstop.ee\/media\/vunder-logo.png","contentUrl":"https:\/\/hobstop.ee\/media\/vunder-logo.png","width":127,"height":55,"caption":"Vunder AS"},"image":{"@id":"https:\/\/hobstop.ee\/lv\/#\/schema\/logo\/image\/"},"sameAs":["http:\/\/www.facebook.com\/VunderSkizze"]}]}},"_links":{"self":[{"href":"https:\/\/hobstop.ee\/lv\/wp-json\/wp\/v2\/product\/294497","targetHints":{"allow":["GET"]}}],"collection":[{"href":"https:\/\/hobstop.ee\/lv\/wp-json\/wp\/v2\/product"}],"about":[{"href":"https:\/\/hobstop.ee\/lv\/wp-json\/wp\/v2\/types\/product"}],"replies":[{"embeddable":true,"href":"https:\/\/hobstop.ee\/lv\/wp-json\/wp\/v2\/comments?post=294497"}],"wp:featuredmedia":[{"embeddable":true,"href":"https:\/\/hobstop.ee\/lv\/wp-json\/wp\/v2\/media\/294705"}],"wp:attachment":[{"href":"https:\/\/hobstop.ee\/lv\/wp-json\/wp\/v2\/media?parent=294497"}],"wp:term":[{"taxonomy":"product_cat","embeddable":true,"href":"https:\/\/hobstop.ee\/lv\/wp-json\/wp\/v2\/product_cat?post=294497"},{"taxonomy":"product_tag","embeddable":true,"href":"https:\/\/hobstop.ee\/lv\/wp-json\/wp\/v2\/product_tag?post=294497"}],"curies":[{"name":"wp","href":"https:\/\/api.w.org\/{rel}","templated":true}]}}