{"id":294505,"date":"2017-09-14T09:03:03","date_gmt":"2017-09-14T06:03:04","guid":{"rendered":"https:\/\/sharks.ee\/vunder_2019\/lv\/product\/lapstina-silikona-catalyst\/"},"modified":"2017-09-14T09:03:04","modified_gmt":"2017-09-14T06:03:04","slug":"lapstina-silikona-catalyst","status":"publish","type":"product","link":"https:\/\/hobstop.ee\/lv\/produkts\/lapstina-silikona-catalyst\/","title":{"rendered":"L\u0101psti\u0146a silikona Catalyst"},"content":{"rendered":"<p>Ne glu\u017ei ota, nedz ar\u012b paletes nazis! Princeton Catalyst l\u0101psti\u0146as ir veidotas no elast\u012bga silikona, kas \u013cauj m\u0101ksliniekiem izpausties piln\u012bgi jaun\u0101 veid\u0101! Catalyst l\u0101psti\u0146a tiek uzst\u0101d\u012bta uz oti\u0146as roktura, nodro\u0161inot tradicion\u0101lu risin\u0101jumu un inov\u0101ciju apvienojumu. Catalyst ir paredz\u0113ti izmanto\u0161anai ar e\u013c\u013cas un akrila kr\u0101s\u0101m, k\u0101 ar\u012b e\u013c\u013cas kr\u0101s\u0101m, kuras viegli sajaukt ar \u016bden\u012b. \u0160ie priek\u0161meti ir karstumiztur\u012bgi (l\u012bdz 232\u00b0C), kas padara tos ide\u0101li piem\u0113rotus darbu rad\u012b\u0161anai enkaustikas tehnik\u0101. M\u0101kslinieki tos izmanto ar da\u017e\u0101diem materi\u0101liem, piem\u0113ram, \u0123ipsi, m\u0101lu, virsmas p\u0101rkl\u0101\u0161anai, k\u0101 ar\u012b p\u0101rtikas produktu apstr\u0101dei un \u0113dienu pagatavo\u0161anai. Izgatavoti no silikona, ko apstiprin\u0101jusi P\u0101rtikas un z\u0101\u013cu p\u0101rvalde. Catalyst priek\u0161metu t\u012br\u012b\u0161ana nesag\u0101d\u0101 nek\u0101das raizes \u2013 silikonu var \u013coti viegli not\u012br\u012bt, to noslaukot, tas ir iztur\u012bgs pret \u0161\u0137\u012bdin\u0101t\u0101ju kait\u012bgo ietekmi. Liel\u0101kaj\u0101 da\u013c\u0101 gad\u012bjumu tos var \u0113rti not\u012br\u012bt ar vieglu ziepj\u016bdeni, no\u017euvu\u0161u kr\u0101su var viegli nolob\u012bt. Lai not\u012br\u012btu, l\u0101psti\u0146as var viegli no\u0146emt no koka rokturiem, un, kad t\u0101s no\u017euvu\u0161as, \u0113rti uzst\u0101d\u012bt atpaka\u013c.<\/p>\n","protected":false},"excerpt":{"rendered":"<p>Ne glu\u017ei ota, nedz ar\u012b paletes nazis! Princeton Catalyst l\u0101psti\u0146as ir veidotas no elast\u012bga silikona, kas \u013cauj m\u0101ksliniekiem izpausties piln\u012bgi jaun\u0101 veid\u0101! Catalyst l\u0101psti\u0146a tiek uzst\u0101d\u012bta uz oti\u0146as roktura, nodro\u0161inot tradicion\u0101lu risin\u0101jumu un inov\u0101ciju apvienojumu. Catalyst ir paredz\u0113ti izmanto\u0161anai ar e\u013c\u013cas un akrila kr\u0101s\u0101m, k\u0101 ar\u012b e\u013c\u013cas kr\u0101s\u0101m, kuras viegli sajaukt ar \u016bden\u012b. \u0160ie priek\u0161meti ir karstumiztur\u012bgi (l\u012bdz 232\u00b0C), kas padara tos ide\u0101li piem\u0113rotus darbu rad\u012b\u0161anai enkaustikas tehnik\u0101. M\u0101kslinieki tos izmanto ar da\u017e\u0101diem materi\u0101liem, piem\u0113ram, \u0123ipsi, m\u0101lu, virsmas p\u0101rkl\u0101\u0161anai, k\u0101 ar\u012b p\u0101rtikas produktu apstr\u0101dei un \u0113dienu pagatavo\u0161anai. Izgatavoti no silikona, ko apstiprin\u0101jusi P\u0101rtikas un z\u0101\u013cu p\u0101rvalde. Catalyst priek\u0161metu t\u012br\u012b\u0161ana nesag\u0101d\u0101 nek\u0101das raizes \u2013 silikonu var \u013coti viegli not\u012br\u012bt, to noslaukot, tas ir iztur\u012bgs pret \u0161\u0137\u012bdin\u0101t\u0101ju kait\u012bgo ietekmi. Liel\u0101kaj\u0101 da\u013c\u0101 gad\u012bjumu tos var \u0113rti not\u012br\u012bt ar vieglu ziepj\u016bdeni, no\u017euvu\u0161u kr\u0101su var viegli nolob\u012bt. Lai not\u012br\u012btu, l\u0101psti\u0146as var viegli no\u0146emt no koka rokturiem, un, kad t\u0101s no\u017euvu\u0161as, \u0113rti uzst\u0101d\u012bt atpaka\u013c.<\/p>\n","protected":false},"featured_media":294713,"comment_status":"closed","ping_status":"closed","template":"","meta":{"_acf_changed":false,"ep_exclude_from_search":false},"product_cat":[18767,16123,18650],"product_tag":[],"class_list":{"0":"post-294505","1":"product","2":"type-product","3":"status-publish","4":"has-post-thumbnail","6":"product_cat-dazadi-32","7":"product_cat-makslas-piederumi-2","8":"product_cat-otas-un-piederumi","10":"first","11":"instock","12":"taxable","13":"shipping-taxable","14":"purchasable","15":"product-type-variable"},"acf":[],"yoast_head":"<!-- This site is optimized with the Yoast SEO plugin v24.1 - https:\/\/yoast.com\/wordpress\/plugins\/seo\/ -->\n<title>L\u0101psti\u0146a silikona Catalyst &#8211; Skizze<\/title>\n<meta name=\"robots\" content=\"noindex, follow, max-snippet:-1, max-image-preview:large, max-video-preview:-1\" \/>\n<meta property=\"og:locale\" content=\"lv_LV\" \/>\n<meta property=\"og:type\" content=\"article\" \/>\n<meta property=\"og:title\" content=\"L\u0101psti\u0146a silikona Catalyst &#8211; Skizze\" \/>\n<meta property=\"og:description\" content=\"Ne glu\u017ei ota, nedz ar\u012b paletes nazis! Princeton Catalyst l\u0101psti\u0146as ir veidotas no elast\u012bga silikona, kas \u013cauj m\u0101ksliniekiem izpausties piln\u012bgi jaun\u0101 veid\u0101! Catalyst l\u0101psti\u0146a tiek uzst\u0101d\u012bta uz oti\u0146as roktura, nodro\u0161inot tradicion\u0101lu risin\u0101jumu un inov\u0101ciju apvienojumu. Catalyst ir paredz\u0113ti izmanto\u0161anai ar e\u013c\u013cas un akrila kr\u0101s\u0101m, k\u0101 ar\u012b e\u013c\u013cas kr\u0101s\u0101m, kuras viegli sajaukt ar \u016bden\u012b. \u0160ie priek\u0161meti ir karstumiztur\u012bgi (l\u012bdz 232\u00b0C), kas padara tos ide\u0101li piem\u0113rotus darbu rad\u012b\u0161anai enkaustikas tehnik\u0101. M\u0101kslinieki tos izmanto ar da\u017e\u0101diem materi\u0101liem, piem\u0113ram, \u0123ipsi, m\u0101lu, virsmas p\u0101rkl\u0101\u0161anai, k\u0101 ar\u012b p\u0101rtikas produktu apstr\u0101dei un \u0113dienu pagatavo\u0161anai. Izgatavoti no silikona, ko apstiprin\u0101jusi P\u0101rtikas un z\u0101\u013cu p\u0101rvalde. Catalyst priek\u0161metu t\u012br\u012b\u0161ana nesag\u0101d\u0101 nek\u0101das raizes \u2013 silikonu var \u013coti viegli not\u012br\u012bt, to noslaukot, tas ir iztur\u012bgs pret \u0161\u0137\u012bdin\u0101t\u0101ju kait\u012bgo ietekmi. Liel\u0101kaj\u0101 da\u013c\u0101 gad\u012bjumu tos var \u0113rti not\u012br\u012bt ar vieglu ziepj\u016bdeni, no\u017euvu\u0161u kr\u0101su var viegli nolob\u012bt. Lai not\u012br\u012btu, l\u0101psti\u0146as var viegli no\u0146emt no koka rokturiem, un, kad t\u0101s no\u017euvu\u0161as, \u0113rti uzst\u0101d\u012bt atpaka\u013c.\" \/>\n<meta property=\"og:url\" content=\"https:\/\/hobstop.ee\/lv\/produkts\/lapstina-silikona-catalyst\/\" \/>\n<meta property=\"og:site_name\" content=\"Skizze\" \/>\n<meta property=\"article:publisher\" content=\"http:\/\/www.facebook.com\/VunderSkizze\" \/>\n<meta property=\"og:image\" content=\"https:\/\/www.hobstop.ee\/media\/4620.jpg\" \/>\n\t<meta property=\"og:image:width\" content=\"1024\" \/>\n\t<meta property=\"og:image:height\" content=\"768\" \/>\n\t<meta property=\"og:image:type\" content=\"image\/jpeg\" \/>\n<meta name=\"twitter:card\" content=\"summary_large_image\" \/>\n<meta name=\"twitter:label1\" content=\"Est. reading time\" \/>\n\t<meta name=\"twitter:data1\" content=\"1 min\u016b\u0161u\" \/>\n<script type=\"application\/ld+json\" class=\"yoast-schema-graph\">{\"@context\":\"https:\/\/schema.org\",\"@graph\":[{\"@type\":\"WebPage\",\"@id\":\"https:\/\/hobstop.ee\/lv\/produkts\/lapstina-silikona-catalyst\/\",\"url\":\"https:\/\/hobstop.ee\/lv\/produkts\/lapstina-silikona-catalyst\/\",\"name\":\"L\u0101psti\u0146a silikona Catalyst &#8211; Skizze\",\"isPartOf\":{\"@id\":\"https:\/\/hobstop.ee\/lv\/#website\"},\"primaryImageOfPage\":{\"@id\":\"https:\/\/hobstop.ee\/lv\/produkts\/lapstina-silikona-catalyst\/#primaryimage\"},\"image\":{\"@id\":\"https:\/\/hobstop.ee\/lv\/produkts\/lapstina-silikona-catalyst\/#primaryimage\"},\"thumbnailUrl\":\"https:\/\/hobstop.ee\/media\/4620.jpg\",\"datePublished\":\"2017-09-14T06:03:04+00:00\",\"dateModified\":\"2017-09-14T06:03:04+00:00\",\"breadcrumb\":{\"@id\":\"https:\/\/hobstop.ee\/lv\/produkts\/lapstina-silikona-catalyst\/#breadcrumb\"},\"inLanguage\":\"lv-LV\",\"potentialAction\":[{\"@type\":\"ReadAction\",\"target\":[\"https:\/\/hobstop.ee\/lv\/produkts\/lapstina-silikona-catalyst\/\"]}]},{\"@type\":\"ImageObject\",\"inLanguage\":\"lv-LV\",\"@id\":\"https:\/\/hobstop.ee\/lv\/produkts\/lapstina-silikona-catalyst\/#primaryimage\",\"url\":\"https:\/\/hobstop.ee\/media\/4620.jpg\",\"contentUrl\":\"https:\/\/hobstop.ee\/media\/4620.jpg\",\"width\":1024,\"height\":768},{\"@type\":\"BreadcrumbList\",\"@id\":\"https:\/\/hobstop.ee\/lv\/produkts\/lapstina-silikona-catalyst\/#breadcrumb\",\"itemListElement\":[{\"@type\":\"ListItem\",\"position\":1,\"name\":\"Avaleht\",\"item\":\"https:\/\/www.hobstop.ee\/lv\/\"},{\"@type\":\"ListItem\",\"position\":2,\"name\":\"Veikals\",\"item\":\"https:\/\/www.hobstop.ee\/lv\/veikals\/\"},{\"@type\":\"ListItem\",\"position\":3,\"name\":\"L\u0101psti\u0146a silikona Catalyst\"}]},{\"@type\":\"WebSite\",\"@id\":\"https:\/\/hobstop.ee\/lv\/#website\",\"url\":\"https:\/\/hobstop.ee\/lv\/\",\"name\":\"Skizze\",\"description\":\"M\u0101kslas, hobiju un skolas preces\",\"publisher\":{\"@id\":\"https:\/\/hobstop.ee\/lv\/#organization\"},\"potentialAction\":[{\"@type\":\"SearchAction\",\"target\":{\"@type\":\"EntryPoint\",\"urlTemplate\":\"https:\/\/hobstop.ee\/lv\/?s={search_term_string}\"},\"query-input\":{\"@type\":\"PropertyValueSpecification\",\"valueRequired\":true,\"valueName\":\"search_term_string\"}}],\"inLanguage\":\"lv-LV\"},{\"@type\":\"Organization\",\"@id\":\"https:\/\/hobstop.ee\/lv\/#organization\",\"name\":\"Vunder AS\",\"url\":\"https:\/\/hobstop.ee\/lv\/\",\"logo\":{\"@type\":\"ImageObject\",\"inLanguage\":\"lv-LV\",\"@id\":\"https:\/\/hobstop.ee\/lv\/#\/schema\/logo\/image\/\",\"url\":\"https:\/\/hobstop.ee\/media\/vunder-logo.png\",\"contentUrl\":\"https:\/\/hobstop.ee\/media\/vunder-logo.png\",\"width\":127,\"height\":55,\"caption\":\"Vunder AS\"},\"image\":{\"@id\":\"https:\/\/hobstop.ee\/lv\/#\/schema\/logo\/image\/\"},\"sameAs\":[\"http:\/\/www.facebook.com\/VunderSkizze\"]}]}<\/script>\n<!-- \/ Yoast SEO plugin. -->","yoast_head_json":{"title":"L\u0101psti\u0146a silikona Catalyst &#8211; Skizze","robots":{"index":"noindex","follow":"follow","max-snippet":"max-snippet:-1","max-image-preview":"max-image-preview:large","max-video-preview":"max-video-preview:-1"},"og_locale":"lv_LV","og_type":"article","og_title":"L\u0101psti\u0146a silikona Catalyst &#8211; Skizze","og_description":"Ne glu\u017ei ota, nedz ar\u012b paletes nazis! Princeton Catalyst l\u0101psti\u0146as ir veidotas no elast\u012bga silikona, kas \u013cauj m\u0101ksliniekiem izpausties piln\u012bgi jaun\u0101 veid\u0101! Catalyst l\u0101psti\u0146a tiek uzst\u0101d\u012bta uz oti\u0146as roktura, nodro\u0161inot tradicion\u0101lu risin\u0101jumu un inov\u0101ciju apvienojumu. Catalyst ir paredz\u0113ti izmanto\u0161anai ar e\u013c\u013cas un akrila kr\u0101s\u0101m, k\u0101 ar\u012b e\u013c\u013cas kr\u0101s\u0101m, kuras viegli sajaukt ar \u016bden\u012b. \u0160ie priek\u0161meti ir karstumiztur\u012bgi (l\u012bdz 232\u00b0C), kas padara tos ide\u0101li piem\u0113rotus darbu rad\u012b\u0161anai enkaustikas tehnik\u0101. M\u0101kslinieki tos izmanto ar da\u017e\u0101diem materi\u0101liem, piem\u0113ram, \u0123ipsi, m\u0101lu, virsmas p\u0101rkl\u0101\u0161anai, k\u0101 ar\u012b p\u0101rtikas produktu apstr\u0101dei un \u0113dienu pagatavo\u0161anai. Izgatavoti no silikona, ko apstiprin\u0101jusi P\u0101rtikas un z\u0101\u013cu p\u0101rvalde. Catalyst priek\u0161metu t\u012br\u012b\u0161ana nesag\u0101d\u0101 nek\u0101das raizes \u2013 silikonu var \u013coti viegli not\u012br\u012bt, to noslaukot, tas ir iztur\u012bgs pret \u0161\u0137\u012bdin\u0101t\u0101ju kait\u012bgo ietekmi. Liel\u0101kaj\u0101 da\u013c\u0101 gad\u012bjumu tos var \u0113rti not\u012br\u012bt ar vieglu ziepj\u016bdeni, no\u017euvu\u0161u kr\u0101su var viegli nolob\u012bt. Lai not\u012br\u012btu, l\u0101psti\u0146as var viegli no\u0146emt no koka rokturiem, un, kad t\u0101s no\u017euvu\u0161as, \u0113rti uzst\u0101d\u012bt atpaka\u013c.","og_url":"https:\/\/hobstop.ee\/lv\/produkts\/lapstina-silikona-catalyst\/","og_site_name":"Skizze","article_publisher":"http:\/\/www.facebook.com\/VunderSkizze","og_image":[{"width":1024,"height":768,"url":"https:\/\/www.hobstop.ee\/media\/4620.jpg","type":"image\/jpeg"}],"twitter_card":"summary_large_image","twitter_misc":{"Est. reading time":"1 min\u016b\u0161u"},"schema":{"@context":"https:\/\/schema.org","@graph":[{"@type":"WebPage","@id":"https:\/\/hobstop.ee\/lv\/produkts\/lapstina-silikona-catalyst\/","url":"https:\/\/hobstop.ee\/lv\/produkts\/lapstina-silikona-catalyst\/","name":"L\u0101psti\u0146a silikona Catalyst &#8211; Skizze","isPartOf":{"@id":"https:\/\/hobstop.ee\/lv\/#website"},"primaryImageOfPage":{"@id":"https:\/\/hobstop.ee\/lv\/produkts\/lapstina-silikona-catalyst\/#primaryimage"},"image":{"@id":"https:\/\/hobstop.ee\/lv\/produkts\/lapstina-silikona-catalyst\/#primaryimage"},"thumbnailUrl":"https:\/\/hobstop.ee\/media\/4620.jpg","datePublished":"2017-09-14T06:03:04+00:00","dateModified":"2017-09-14T06:03:04+00:00","breadcrumb":{"@id":"https:\/\/hobstop.ee\/lv\/produkts\/lapstina-silikona-catalyst\/#breadcrumb"},"inLanguage":"lv-LV","potentialAction":[{"@type":"ReadAction","target":["https:\/\/hobstop.ee\/lv\/produkts\/lapstina-silikona-catalyst\/"]}]},{"@type":"ImageObject","inLanguage":"lv-LV","@id":"https:\/\/hobstop.ee\/lv\/produkts\/lapstina-silikona-catalyst\/#primaryimage","url":"https:\/\/hobstop.ee\/media\/4620.jpg","contentUrl":"https:\/\/hobstop.ee\/media\/4620.jpg","width":1024,"height":768},{"@type":"BreadcrumbList","@id":"https:\/\/hobstop.ee\/lv\/produkts\/lapstina-silikona-catalyst\/#breadcrumb","itemListElement":[{"@type":"ListItem","position":1,"name":"Avaleht","item":"https:\/\/www.hobstop.ee\/lv\/"},{"@type":"ListItem","position":2,"name":"Veikals","item":"https:\/\/www.hobstop.ee\/lv\/veikals\/"},{"@type":"ListItem","position":3,"name":"L\u0101psti\u0146a silikona Catalyst"}]},{"@type":"WebSite","@id":"https:\/\/hobstop.ee\/lv\/#website","url":"https:\/\/hobstop.ee\/lv\/","name":"Skizze","description":"M\u0101kslas, hobiju un skolas preces","publisher":{"@id":"https:\/\/hobstop.ee\/lv\/#organization"},"potentialAction":[{"@type":"SearchAction","target":{"@type":"EntryPoint","urlTemplate":"https:\/\/hobstop.ee\/lv\/?s={search_term_string}"},"query-input":{"@type":"PropertyValueSpecification","valueRequired":true,"valueName":"search_term_string"}}],"inLanguage":"lv-LV"},{"@type":"Organization","@id":"https:\/\/hobstop.ee\/lv\/#organization","name":"Vunder AS","url":"https:\/\/hobstop.ee\/lv\/","logo":{"@type":"ImageObject","inLanguage":"lv-LV","@id":"https:\/\/hobstop.ee\/lv\/#\/schema\/logo\/image\/","url":"https:\/\/hobstop.ee\/media\/vunder-logo.png","contentUrl":"https:\/\/hobstop.ee\/media\/vunder-logo.png","width":127,"height":55,"caption":"Vunder AS"},"image":{"@id":"https:\/\/hobstop.ee\/lv\/#\/schema\/logo\/image\/"},"sameAs":["http:\/\/www.facebook.com\/VunderSkizze"]}]}},"_links":{"self":[{"href":"https:\/\/hobstop.ee\/lv\/wp-json\/wp\/v2\/product\/294505","targetHints":{"allow":["GET"]}}],"collection":[{"href":"https:\/\/hobstop.ee\/lv\/wp-json\/wp\/v2\/product"}],"about":[{"href":"https:\/\/hobstop.ee\/lv\/wp-json\/wp\/v2\/types\/product"}],"replies":[{"embeddable":true,"href":"https:\/\/hobstop.ee\/lv\/wp-json\/wp\/v2\/comments?post=294505"}],"wp:featuredmedia":[{"embeddable":true,"href":"https:\/\/hobstop.ee\/lv\/wp-json\/wp\/v2\/media\/294713"}],"wp:attachment":[{"href":"https:\/\/hobstop.ee\/lv\/wp-json\/wp\/v2\/media?parent=294505"}],"wp:term":[{"taxonomy":"product_cat","embeddable":true,"href":"https:\/\/hobstop.ee\/lv\/wp-json\/wp\/v2\/product_cat?post=294505"},{"taxonomy":"product_tag","embeddable":true,"href":"https:\/\/hobstop.ee\/lv\/wp-json\/wp\/v2\/product_tag?post=294505"}],"curies":[{"name":"wp","href":"https:\/\/api.w.org\/{rel}","templated":true}]}}