{"id":294513,"date":"2017-09-14T09:03:06","date_gmt":"2017-09-14T06:03:06","guid":{"rendered":"https:\/\/sharks.ee\/vunder_2019\/lv\/product\/lapstina-silikona-catalyst-mini\/"},"modified":"2017-09-14T09:03:06","modified_gmt":"2017-09-14T06:03:06","slug":"lapstina-silikona-catalyst-mini","status":"publish","type":"product","link":"https:\/\/hobstop.ee\/lv\/produkts\/lapstina-silikona-catalyst-mini\/","title":{"rendered":"L\u0101psti\u0146a silikona Catalyst Mini"},"content":{"rendered":"<p>Ne glu\u017ei ota, nedz ar\u012b paletes nazis! Princeton Catalyst l\u0101psti\u0146as ir izgatavotas no elast\u012bga silikona, kas \u013cauj m\u0101ksliniekiem izpausties piln\u012bgi jaun\u0101 veid\u0101!  T\u0101s ir neaizvietojamas j\u016bsu rado\u0161aj\u0101 darb\u0101: not\u012br\u012bt kr\u0101su, uzkl\u0101t glaz\u016bras, veidot moza\u012bkas, p\u0101rkl\u0101t \u0161okol\u0101di utt. T\u0101s ir karstumiztur\u012bgas, iztur\u012bgas pret \u0161\u0137\u012bdin\u0101t\u0101ju kait\u012bgo ietekmi, t\u0101s var mazg\u0101t no trauku mazg\u0101jam\u0101 ma\u0161\u012bn\u0101, nekait\u012bgumu apstiprin\u0101jusi P\u0101rtikas un z\u0101\u013cu p\u0101rvalde. \u0160\u012bs lielisk\u0101s \u012bpa\u0161\u012bbas apvienojum\u0101 ar formu un \u0113rtiem izm\u0113riem \u013cauj rado\u0161i izpausties, dekor\u0113jot k\u016bkas, gatavojot \u0113dienu, apstr\u0101d\u0101jot keramiku, str\u0101d\u0101jot ar \u0123ipsi vai biezas konsistences akrila medijiem.  \u0160ie priek\u0161meti ir karstumiztur\u012bgi (l\u012bdz 232\u00b0C), kas padara tos ide\u0101li piem\u0113rotus darbu rad\u012b\u0161anai enkaustikas tehnik\u0101.  Catalyst priek\u0161metu t\u012br\u012b\u0161ana nesag\u0101d\u0101 nek\u0101das raizes \u2013 silikonu var \u013coti viegli not\u012br\u012bt, to noslaukot, tas ir iztur\u012bgs pret \u0161\u0137\u012bdin\u0101t\u0101ju kait\u012bgo iedarb\u012bbu. Liel\u0101kaj\u0101 da\u013c\u0101 gad\u012bjumu tos var \u0113rti not\u012br\u012bt ar vieglu ziepj\u016bdeni, no\u017euvu\u0161u kr\u0101su var viegli nolob\u012bt. R\u016bp\u012bg\u0101kai t\u012br\u012b\u0161anai, l\u0101psti\u0146as var \u0113rti no\u0146emt no rokturiem.<\/p>\n","protected":false},"excerpt":{"rendered":"<p>Ne glu\u017ei ota, nedz ar\u012b paletes nazis! Princeton Catalyst l\u0101psti\u0146as ir izgatavotas no elast\u012bga silikona, kas \u013cauj m\u0101ksliniekiem izpausties piln\u012bgi jaun\u0101 veid\u0101! T\u0101s ir neaizvietojamas j\u016bsu rado\u0161aj\u0101 darb\u0101: not\u012br\u012bt kr\u0101su, uzkl\u0101t glaz\u016bras, veidot moza\u012bkas, p\u0101rkl\u0101t \u0161okol\u0101di utt. T\u0101s ir karstumiztur\u012bgas, iztur\u012bgas pret \u0161\u0137\u012bdin\u0101t\u0101ju kait\u012bgo ietekmi, t\u0101s var mazg\u0101t no trauku mazg\u0101jam\u0101 ma\u0161\u012bn\u0101, nekait\u012bgumu apstiprin\u0101jusi P\u0101rtikas un z\u0101\u013cu p\u0101rvalde. \u0160\u012bs lielisk\u0101s \u012bpa\u0161\u012bbas apvienojum\u0101 ar formu un \u0113rtiem izm\u0113riem \u013cauj rado\u0161i izpausties, dekor\u0113jot k\u016bkas, gatavojot \u0113dienu, apstr\u0101d\u0101jot keramiku, str\u0101d\u0101jot ar \u0123ipsi vai biezas konsistences akrila medijiem. \u0160ie priek\u0161meti ir karstumiztur\u012bgi (l\u012bdz 232\u00b0C), kas padara tos ide\u0101li piem\u0113rotus darbu rad\u012b\u0161anai enkaustikas tehnik\u0101. Catalyst priek\u0161metu t\u012br\u012b\u0161ana nesag\u0101d\u0101 nek\u0101das raizes \u2013 silikonu var \u013coti viegli not\u012br\u012bt, to noslaukot, tas ir iztur\u012bgs pret \u0161\u0137\u012bdin\u0101t\u0101ju kait\u012bgo iedarb\u012bbu. Liel\u0101kaj\u0101 da\u013c\u0101 gad\u012bjumu tos var \u0113rti not\u012br\u012bt ar vieglu ziepj\u016bdeni, no\u017euvu\u0161u kr\u0101su var viegli nolob\u012bt. R\u016bp\u012bg\u0101kai t\u012br\u012b\u0161anai, l\u0101psti\u0146as var \u0113rti no\u0146emt no rokturiem.<\/p>\n","protected":false},"featured_media":294721,"comment_status":"closed","ping_status":"closed","template":"","meta":{"_acf_changed":false,"ep_exclude_from_search":false},"product_cat":[18767,16123,18650],"product_tag":[],"class_list":{"0":"post-294513","1":"product","2":"type-product","3":"status-publish","4":"has-post-thumbnail","6":"product_cat-dazadi-32","7":"product_cat-makslas-piederumi-2","8":"product_cat-otas-un-piederumi","10":"first","11":"instock","12":"taxable","13":"shipping-taxable","14":"purchasable","15":"product-type-simple"},"acf":[],"yoast_head":"<!-- This site is optimized with the Yoast SEO plugin v24.1 - https:\/\/yoast.com\/wordpress\/plugins\/seo\/ -->\n<title>L\u0101psti\u0146a silikona Catalyst Mini &#8211; Skizze<\/title>\n<meta name=\"robots\" content=\"noindex, follow, max-snippet:-1, max-image-preview:large, max-video-preview:-1\" \/>\n<meta property=\"og:locale\" content=\"lv_LV\" \/>\n<meta property=\"og:type\" content=\"article\" \/>\n<meta property=\"og:title\" content=\"L\u0101psti\u0146a silikona Catalyst Mini &#8211; Skizze\" \/>\n<meta property=\"og:description\" content=\"Ne glu\u017ei ota, nedz ar\u012b paletes nazis! Princeton Catalyst l\u0101psti\u0146as ir izgatavotas no elast\u012bga silikona, kas \u013cauj m\u0101ksliniekiem izpausties piln\u012bgi jaun\u0101 veid\u0101! T\u0101s ir neaizvietojamas j\u016bsu rado\u0161aj\u0101 darb\u0101: not\u012br\u012bt kr\u0101su, uzkl\u0101t glaz\u016bras, veidot moza\u012bkas, p\u0101rkl\u0101t \u0161okol\u0101di utt. T\u0101s ir karstumiztur\u012bgas, iztur\u012bgas pret \u0161\u0137\u012bdin\u0101t\u0101ju kait\u012bgo ietekmi, t\u0101s var mazg\u0101t no trauku mazg\u0101jam\u0101 ma\u0161\u012bn\u0101, nekait\u012bgumu apstiprin\u0101jusi P\u0101rtikas un z\u0101\u013cu p\u0101rvalde. \u0160\u012bs lielisk\u0101s \u012bpa\u0161\u012bbas apvienojum\u0101 ar formu un \u0113rtiem izm\u0113riem \u013cauj rado\u0161i izpausties, dekor\u0113jot k\u016bkas, gatavojot \u0113dienu, apstr\u0101d\u0101jot keramiku, str\u0101d\u0101jot ar \u0123ipsi vai biezas konsistences akrila medijiem. \u0160ie priek\u0161meti ir karstumiztur\u012bgi (l\u012bdz 232\u00b0C), kas padara tos ide\u0101li piem\u0113rotus darbu rad\u012b\u0161anai enkaustikas tehnik\u0101. Catalyst priek\u0161metu t\u012br\u012b\u0161ana nesag\u0101d\u0101 nek\u0101das raizes \u2013 silikonu var \u013coti viegli not\u012br\u012bt, to noslaukot, tas ir iztur\u012bgs pret \u0161\u0137\u012bdin\u0101t\u0101ju kait\u012bgo iedarb\u012bbu. Liel\u0101kaj\u0101 da\u013c\u0101 gad\u012bjumu tos var \u0113rti not\u012br\u012bt ar vieglu ziepj\u016bdeni, no\u017euvu\u0161u kr\u0101su var viegli nolob\u012bt. R\u016bp\u012bg\u0101kai t\u012br\u012b\u0161anai, l\u0101psti\u0146as var \u0113rti no\u0146emt no rokturiem.\" \/>\n<meta property=\"og:url\" content=\"https:\/\/hobstop.ee\/lv\/produkts\/lapstina-silikona-catalyst-mini\/\" \/>\n<meta property=\"og:site_name\" content=\"Skizze\" \/>\n<meta property=\"article:publisher\" content=\"http:\/\/www.facebook.com\/VunderSkizze\" \/>\n<meta property=\"og:image\" content=\"https:\/\/hobstop.ee\/media\/4622.jpg\" \/>\n\t<meta property=\"og:image:width\" content=\"1024\" \/>\n\t<meta property=\"og:image:height\" content=\"768\" \/>\n\t<meta property=\"og:image:type\" content=\"image\/jpeg\" \/>\n<meta name=\"twitter:card\" content=\"summary_large_image\" \/>\n<meta name=\"twitter:label1\" content=\"Est. reading time\" \/>\n\t<meta name=\"twitter:data1\" content=\"1 min\u016b\u0161u\" \/>\n<script type=\"application\/ld+json\" class=\"yoast-schema-graph\">{\"@context\":\"https:\/\/schema.org\",\"@graph\":[{\"@type\":\"WebPage\",\"@id\":\"https:\/\/hobstop.ee\/lv\/produkts\/lapstina-silikona-catalyst-mini\/\",\"url\":\"https:\/\/hobstop.ee\/lv\/produkts\/lapstina-silikona-catalyst-mini\/\",\"name\":\"L\u0101psti\u0146a silikona Catalyst Mini &#8211; Skizze\",\"isPartOf\":{\"@id\":\"https:\/\/hobstop.ee\/lv\/#website\"},\"primaryImageOfPage\":{\"@id\":\"https:\/\/hobstop.ee\/lv\/produkts\/lapstina-silikona-catalyst-mini\/#primaryimage\"},\"image\":{\"@id\":\"https:\/\/hobstop.ee\/lv\/produkts\/lapstina-silikona-catalyst-mini\/#primaryimage\"},\"thumbnailUrl\":\"https:\/\/hobstop.ee\/media\/4622.jpg\",\"datePublished\":\"2017-09-14T06:03:06+00:00\",\"dateModified\":\"2017-09-14T06:03:06+00:00\",\"breadcrumb\":{\"@id\":\"https:\/\/hobstop.ee\/lv\/produkts\/lapstina-silikona-catalyst-mini\/#breadcrumb\"},\"inLanguage\":\"lv-LV\",\"potentialAction\":[{\"@type\":\"ReadAction\",\"target\":[\"https:\/\/hobstop.ee\/lv\/produkts\/lapstina-silikona-catalyst-mini\/\"]}]},{\"@type\":\"ImageObject\",\"inLanguage\":\"lv-LV\",\"@id\":\"https:\/\/hobstop.ee\/lv\/produkts\/lapstina-silikona-catalyst-mini\/#primaryimage\",\"url\":\"https:\/\/hobstop.ee\/media\/4622.jpg\",\"contentUrl\":\"https:\/\/hobstop.ee\/media\/4622.jpg\",\"width\":1024,\"height\":768},{\"@type\":\"BreadcrumbList\",\"@id\":\"https:\/\/hobstop.ee\/lv\/produkts\/lapstina-silikona-catalyst-mini\/#breadcrumb\",\"itemListElement\":[{\"@type\":\"ListItem\",\"position\":1,\"name\":\"Avaleht\",\"item\":\"https:\/\/www.hobstop.ee\/lv\/\"},{\"@type\":\"ListItem\",\"position\":2,\"name\":\"Veikals\",\"item\":\"https:\/\/www.hobstop.ee\/lv\/veikals\/\"},{\"@type\":\"ListItem\",\"position\":3,\"name\":\"L\u0101psti\u0146a silikona Catalyst Mini\"}]},{\"@type\":\"WebSite\",\"@id\":\"https:\/\/hobstop.ee\/lv\/#website\",\"url\":\"https:\/\/hobstop.ee\/lv\/\",\"name\":\"Skizze\",\"description\":\"M\u0101kslas, hobiju un skolas preces\",\"publisher\":{\"@id\":\"https:\/\/hobstop.ee\/lv\/#organization\"},\"potentialAction\":[{\"@type\":\"SearchAction\",\"target\":{\"@type\":\"EntryPoint\",\"urlTemplate\":\"https:\/\/hobstop.ee\/lv\/?s={search_term_string}\"},\"query-input\":{\"@type\":\"PropertyValueSpecification\",\"valueRequired\":true,\"valueName\":\"search_term_string\"}}],\"inLanguage\":\"lv-LV\"},{\"@type\":\"Organization\",\"@id\":\"https:\/\/hobstop.ee\/lv\/#organization\",\"name\":\"Vunder AS\",\"url\":\"https:\/\/hobstop.ee\/lv\/\",\"logo\":{\"@type\":\"ImageObject\",\"inLanguage\":\"lv-LV\",\"@id\":\"https:\/\/hobstop.ee\/lv\/#\/schema\/logo\/image\/\",\"url\":\"https:\/\/hobstop.ee\/media\/vunder-logo.png\",\"contentUrl\":\"https:\/\/hobstop.ee\/media\/vunder-logo.png\",\"width\":127,\"height\":55,\"caption\":\"Vunder AS\"},\"image\":{\"@id\":\"https:\/\/hobstop.ee\/lv\/#\/schema\/logo\/image\/\"},\"sameAs\":[\"http:\/\/www.facebook.com\/VunderSkizze\"]}]}<\/script>\n<!-- \/ Yoast SEO plugin. -->","yoast_head_json":{"title":"L\u0101psti\u0146a silikona Catalyst Mini &#8211; Skizze","robots":{"index":"noindex","follow":"follow","max-snippet":"max-snippet:-1","max-image-preview":"max-image-preview:large","max-video-preview":"max-video-preview:-1"},"og_locale":"lv_LV","og_type":"article","og_title":"L\u0101psti\u0146a silikona Catalyst Mini &#8211; Skizze","og_description":"Ne glu\u017ei ota, nedz ar\u012b paletes nazis! Princeton Catalyst l\u0101psti\u0146as ir izgatavotas no elast\u012bga silikona, kas \u013cauj m\u0101ksliniekiem izpausties piln\u012bgi jaun\u0101 veid\u0101! T\u0101s ir neaizvietojamas j\u016bsu rado\u0161aj\u0101 darb\u0101: not\u012br\u012bt kr\u0101su, uzkl\u0101t glaz\u016bras, veidot moza\u012bkas, p\u0101rkl\u0101t \u0161okol\u0101di utt. T\u0101s ir karstumiztur\u012bgas, iztur\u012bgas pret \u0161\u0137\u012bdin\u0101t\u0101ju kait\u012bgo ietekmi, t\u0101s var mazg\u0101t no trauku mazg\u0101jam\u0101 ma\u0161\u012bn\u0101, nekait\u012bgumu apstiprin\u0101jusi P\u0101rtikas un z\u0101\u013cu p\u0101rvalde. \u0160\u012bs lielisk\u0101s \u012bpa\u0161\u012bbas apvienojum\u0101 ar formu un \u0113rtiem izm\u0113riem \u013cauj rado\u0161i izpausties, dekor\u0113jot k\u016bkas, gatavojot \u0113dienu, apstr\u0101d\u0101jot keramiku, str\u0101d\u0101jot ar \u0123ipsi vai biezas konsistences akrila medijiem. \u0160ie priek\u0161meti ir karstumiztur\u012bgi (l\u012bdz 232\u00b0C), kas padara tos ide\u0101li piem\u0113rotus darbu rad\u012b\u0161anai enkaustikas tehnik\u0101. Catalyst priek\u0161metu t\u012br\u012b\u0161ana nesag\u0101d\u0101 nek\u0101das raizes \u2013 silikonu var \u013coti viegli not\u012br\u012bt, to noslaukot, tas ir iztur\u012bgs pret \u0161\u0137\u012bdin\u0101t\u0101ju kait\u012bgo iedarb\u012bbu. Liel\u0101kaj\u0101 da\u013c\u0101 gad\u012bjumu tos var \u0113rti not\u012br\u012bt ar vieglu ziepj\u016bdeni, no\u017euvu\u0161u kr\u0101su var viegli nolob\u012bt. R\u016bp\u012bg\u0101kai t\u012br\u012b\u0161anai, l\u0101psti\u0146as var \u0113rti no\u0146emt no rokturiem.","og_url":"https:\/\/hobstop.ee\/lv\/produkts\/lapstina-silikona-catalyst-mini\/","og_site_name":"Skizze","article_publisher":"http:\/\/www.facebook.com\/VunderSkizze","og_image":[{"width":1024,"height":768,"url":"https:\/\/hobstop.ee\/media\/4622.jpg","type":"image\/jpeg"}],"twitter_card":"summary_large_image","twitter_misc":{"Est. reading time":"1 min\u016b\u0161u"},"schema":{"@context":"https:\/\/schema.org","@graph":[{"@type":"WebPage","@id":"https:\/\/hobstop.ee\/lv\/produkts\/lapstina-silikona-catalyst-mini\/","url":"https:\/\/hobstop.ee\/lv\/produkts\/lapstina-silikona-catalyst-mini\/","name":"L\u0101psti\u0146a silikona Catalyst Mini &#8211; Skizze","isPartOf":{"@id":"https:\/\/hobstop.ee\/lv\/#website"},"primaryImageOfPage":{"@id":"https:\/\/hobstop.ee\/lv\/produkts\/lapstina-silikona-catalyst-mini\/#primaryimage"},"image":{"@id":"https:\/\/hobstop.ee\/lv\/produkts\/lapstina-silikona-catalyst-mini\/#primaryimage"},"thumbnailUrl":"https:\/\/hobstop.ee\/media\/4622.jpg","datePublished":"2017-09-14T06:03:06+00:00","dateModified":"2017-09-14T06:03:06+00:00","breadcrumb":{"@id":"https:\/\/hobstop.ee\/lv\/produkts\/lapstina-silikona-catalyst-mini\/#breadcrumb"},"inLanguage":"lv-LV","potentialAction":[{"@type":"ReadAction","target":["https:\/\/hobstop.ee\/lv\/produkts\/lapstina-silikona-catalyst-mini\/"]}]},{"@type":"ImageObject","inLanguage":"lv-LV","@id":"https:\/\/hobstop.ee\/lv\/produkts\/lapstina-silikona-catalyst-mini\/#primaryimage","url":"https:\/\/hobstop.ee\/media\/4622.jpg","contentUrl":"https:\/\/hobstop.ee\/media\/4622.jpg","width":1024,"height":768},{"@type":"BreadcrumbList","@id":"https:\/\/hobstop.ee\/lv\/produkts\/lapstina-silikona-catalyst-mini\/#breadcrumb","itemListElement":[{"@type":"ListItem","position":1,"name":"Avaleht","item":"https:\/\/www.hobstop.ee\/lv\/"},{"@type":"ListItem","position":2,"name":"Veikals","item":"https:\/\/www.hobstop.ee\/lv\/veikals\/"},{"@type":"ListItem","position":3,"name":"L\u0101psti\u0146a silikona Catalyst Mini"}]},{"@type":"WebSite","@id":"https:\/\/hobstop.ee\/lv\/#website","url":"https:\/\/hobstop.ee\/lv\/","name":"Skizze","description":"M\u0101kslas, hobiju un skolas preces","publisher":{"@id":"https:\/\/hobstop.ee\/lv\/#organization"},"potentialAction":[{"@type":"SearchAction","target":{"@type":"EntryPoint","urlTemplate":"https:\/\/hobstop.ee\/lv\/?s={search_term_string}"},"query-input":{"@type":"PropertyValueSpecification","valueRequired":true,"valueName":"search_term_string"}}],"inLanguage":"lv-LV"},{"@type":"Organization","@id":"https:\/\/hobstop.ee\/lv\/#organization","name":"Vunder AS","url":"https:\/\/hobstop.ee\/lv\/","logo":{"@type":"ImageObject","inLanguage":"lv-LV","@id":"https:\/\/hobstop.ee\/lv\/#\/schema\/logo\/image\/","url":"https:\/\/hobstop.ee\/media\/vunder-logo.png","contentUrl":"https:\/\/hobstop.ee\/media\/vunder-logo.png","width":127,"height":55,"caption":"Vunder AS"},"image":{"@id":"https:\/\/hobstop.ee\/lv\/#\/schema\/logo\/image\/"},"sameAs":["http:\/\/www.facebook.com\/VunderSkizze"]}]}},"_links":{"self":[{"href":"https:\/\/hobstop.ee\/lv\/wp-json\/wp\/v2\/product\/294513","targetHints":{"allow":["GET"]}}],"collection":[{"href":"https:\/\/hobstop.ee\/lv\/wp-json\/wp\/v2\/product"}],"about":[{"href":"https:\/\/hobstop.ee\/lv\/wp-json\/wp\/v2\/types\/product"}],"replies":[{"embeddable":true,"href":"https:\/\/hobstop.ee\/lv\/wp-json\/wp\/v2\/comments?post=294513"}],"wp:featuredmedia":[{"embeddable":true,"href":"https:\/\/hobstop.ee\/lv\/wp-json\/wp\/v2\/media\/294721"}],"wp:attachment":[{"href":"https:\/\/hobstop.ee\/lv\/wp-json\/wp\/v2\/media?parent=294513"}],"wp:term":[{"taxonomy":"product_cat","embeddable":true,"href":"https:\/\/hobstop.ee\/lv\/wp-json\/wp\/v2\/product_cat?post=294513"},{"taxonomy":"product_tag","embeddable":true,"href":"https:\/\/hobstop.ee\/lv\/wp-json\/wp\/v2\/product_tag?post=294513"}],"curies":[{"name":"wp","href":"https:\/\/api.w.org\/{rel}","templated":true}]}}