{"id":294517,"date":"2017-09-14T09:03:07","date_gmt":"2017-09-14T06:03:07","guid":{"rendered":"https:\/\/sharks.ee\/vunder_2019\/lv\/product\/zimesanas-kemme-silikona-catalyst-wedge\/"},"modified":"2017-09-14T09:03:07","modified_gmt":"2017-09-14T06:03:07","slug":"zimesanas-kemme-silikona-catalyst-wedge","status":"publish","type":"product","link":"https:\/\/hobstop.ee\/lv\/produkts\/zimesanas-kemme-silikona-catalyst-wedge\/","title":{"rendered":"Z\u012bm\u0113\u0161anas \u0137emme silikona Catalyst Wedge"},"content":{"rendered":"<p>Ne glu\u017ei ota, nedz ar\u012b paletes nazis! Princeton Catalyst z\u012bm\u0113\u0161anas \u0137emmes ir veidotas no elast\u012bga silikona, kas \u013cauj m\u0101ksliniekiem izpausties piln\u012bgi jaun\u0101 veid\u0101! Catalyst \u0137emmes ir ergonomiski izstr\u0101d\u0101tas t\u0101, lai t\u0101s b\u016btu \u0113rti tur\u0113t rok\u0101s, t\u0101d\u0113j\u0101di \u013caujot tie\u0161i mijiedarboties ar m\u0101kslas darbu. Catalyst ir paredz\u0113ti izmanto\u0161anai ar e\u013c\u013cas un akrila kr\u0101s\u0101m, k\u0101 ar\u012b e\u013c\u013cas kr\u0101s\u0101m, kuras viegli sajaukt ar \u016bden\u012b. \u0160ie priek\u0161meti ir karstumiztur\u012bgi (l\u012bdz 232\u00b0C), kas padara tos ide\u0101li piem\u0113rotus darbu rad\u012b\u0161anai enkaustikas tehnik\u0101. M\u0101kslinieki tos izmanto darbam ar da\u017e\u0101diem materi\u0101liem, piem\u0113ram, \u0123ipsi, m\u0101lu, virsmas p\u0101rkl\u0101\u0161anai, k\u0101 ar\u012b p\u0101rtikas produktu apstr\u0101dei un \u0113dienu pagatavo\u0161anai. Izgatavoti no silikona, ko apstiprin\u0101jusi P\u0101rtikas un z\u0101\u013cu p\u0101rvalde. Catalyst priek\u0161metu t\u012br\u012b\u0161ana nesag\u0101d\u0101 nek\u0101das raizes \u2013 silikonu var \u013coti viegli not\u012br\u012bt, to noslaukot, tas ir iztur\u012bgs pret \u0161\u0137\u012bdin\u0101t\u0101ju kait\u012bgo ietekmi. Liel\u0101kaj\u0101 da\u013c\u0101 gad\u012bjumu tos var \u0113rti not\u012br\u012bt ar vieglu ziepj\u016bdeni, bet no\u017euvu\u0161u kr\u0101su var viegli nolob\u012bt.<\/p>\n","protected":false},"excerpt":{"rendered":"<p>Ne glu\u017ei ota, nedz ar\u012b paletes nazis! Princeton Catalyst z\u012bm\u0113\u0161anas \u0137emmes ir veidotas no elast\u012bga silikona, kas \u013cauj m\u0101ksliniekiem izpausties piln\u012bgi jaun\u0101 veid\u0101! Catalyst \u0137emmes ir ergonomiski izstr\u0101d\u0101tas t\u0101, lai t\u0101s b\u016btu \u0113rti tur\u0113t rok\u0101s, t\u0101d\u0113j\u0101di \u013caujot tie\u0161i mijiedarboties ar m\u0101kslas darbu. Catalyst ir paredz\u0113ti izmanto\u0161anai ar e\u013c\u013cas un akrila kr\u0101s\u0101m, k\u0101 ar\u012b e\u013c\u013cas kr\u0101s\u0101m, kuras viegli sajaukt ar \u016bden\u012b. \u0160ie priek\u0161meti ir karstumiztur\u012bgi (l\u012bdz 232\u00b0C), kas padara tos ide\u0101li piem\u0113rotus darbu rad\u012b\u0161anai enkaustikas tehnik\u0101. M\u0101kslinieki tos izmanto darbam ar da\u017e\u0101diem materi\u0101liem, piem\u0113ram, \u0123ipsi, m\u0101lu, virsmas p\u0101rkl\u0101\u0161anai, k\u0101 ar\u012b p\u0101rtikas produktu apstr\u0101dei un \u0113dienu pagatavo\u0161anai. Izgatavoti no silikona, ko apstiprin\u0101jusi P\u0101rtikas un z\u0101\u013cu p\u0101rvalde. Catalyst priek\u0161metu t\u012br\u012b\u0161ana nesag\u0101d\u0101 nek\u0101das raizes \u2013 silikonu var \u013coti viegli not\u012br\u012bt, to noslaukot, tas ir iztur\u012bgs pret \u0161\u0137\u012bdin\u0101t\u0101ju kait\u012bgo ietekmi. Liel\u0101kaj\u0101 da\u013c\u0101 gad\u012bjumu tos var \u0113rti not\u012br\u012bt ar vieglu ziepj\u016bdeni, bet no\u017euvu\u0161u kr\u0101su var viegli nolob\u012bt.<\/p>\n","protected":false},"featured_media":294725,"comment_status":"closed","ping_status":"closed","template":"","meta":{"_acf_changed":false,"ep_exclude_from_search":false},"product_cat":[18767,16123,18650],"product_tag":[],"class_list":{"0":"post-294517","1":"product","2":"type-product","3":"status-publish","4":"has-post-thumbnail","6":"product_cat-dazadi-32","7":"product_cat-makslas-piederumi-2","8":"product_cat-otas-un-piederumi","10":"first","11":"instock","12":"taxable","13":"shipping-taxable","14":"purchasable","15":"product-type-simple"},"acf":[],"yoast_head":"<!-- This site is optimized with the Yoast SEO plugin v24.1 - https:\/\/yoast.com\/wordpress\/plugins\/seo\/ -->\n<title>Z\u012bm\u0113\u0161anas \u0137emme silikona Catalyst Wedge &#8211; Skizze<\/title>\n<meta name=\"robots\" content=\"noindex, follow, max-snippet:-1, max-image-preview:large, max-video-preview:-1\" \/>\n<meta property=\"og:locale\" content=\"lv_LV\" \/>\n<meta property=\"og:type\" content=\"article\" \/>\n<meta property=\"og:title\" content=\"Z\u012bm\u0113\u0161anas \u0137emme silikona Catalyst Wedge &#8211; Skizze\" \/>\n<meta property=\"og:description\" content=\"Ne glu\u017ei ota, nedz ar\u012b paletes nazis! Princeton Catalyst z\u012bm\u0113\u0161anas \u0137emmes ir veidotas no elast\u012bga silikona, kas \u013cauj m\u0101ksliniekiem izpausties piln\u012bgi jaun\u0101 veid\u0101! Catalyst \u0137emmes ir ergonomiski izstr\u0101d\u0101tas t\u0101, lai t\u0101s b\u016btu \u0113rti tur\u0113t rok\u0101s, t\u0101d\u0113j\u0101di \u013caujot tie\u0161i mijiedarboties ar m\u0101kslas darbu. Catalyst ir paredz\u0113ti izmanto\u0161anai ar e\u013c\u013cas un akrila kr\u0101s\u0101m, k\u0101 ar\u012b e\u013c\u013cas kr\u0101s\u0101m, kuras viegli sajaukt ar \u016bden\u012b. \u0160ie priek\u0161meti ir karstumiztur\u012bgi (l\u012bdz 232\u00b0C), kas padara tos ide\u0101li piem\u0113rotus darbu rad\u012b\u0161anai enkaustikas tehnik\u0101. M\u0101kslinieki tos izmanto darbam ar da\u017e\u0101diem materi\u0101liem, piem\u0113ram, \u0123ipsi, m\u0101lu, virsmas p\u0101rkl\u0101\u0161anai, k\u0101 ar\u012b p\u0101rtikas produktu apstr\u0101dei un \u0113dienu pagatavo\u0161anai. Izgatavoti no silikona, ko apstiprin\u0101jusi P\u0101rtikas un z\u0101\u013cu p\u0101rvalde. Catalyst priek\u0161metu t\u012br\u012b\u0161ana nesag\u0101d\u0101 nek\u0101das raizes \u2013 silikonu var \u013coti viegli not\u012br\u012bt, to noslaukot, tas ir iztur\u012bgs pret \u0161\u0137\u012bdin\u0101t\u0101ju kait\u012bgo ietekmi. Liel\u0101kaj\u0101 da\u013c\u0101 gad\u012bjumu tos var \u0113rti not\u012br\u012bt ar vieglu ziepj\u016bdeni, bet no\u017euvu\u0161u kr\u0101su var viegli nolob\u012bt.\" \/>\n<meta property=\"og:url\" content=\"https:\/\/hobstop.ee\/lv\/produkts\/zimesanas-kemme-silikona-catalyst-wedge\/\" \/>\n<meta property=\"og:site_name\" content=\"Skizze\" \/>\n<meta property=\"article:publisher\" content=\"http:\/\/www.facebook.com\/VunderSkizze\" \/>\n<meta property=\"og:image\" content=\"https:\/\/www.hobstop.ee\/media\/4623.jpg\" \/>\n\t<meta property=\"og:image:width\" content=\"1024\" \/>\n\t<meta property=\"og:image:height\" content=\"768\" \/>\n\t<meta property=\"og:image:type\" content=\"image\/jpeg\" \/>\n<meta name=\"twitter:card\" content=\"summary_large_image\" \/>\n<meta name=\"twitter:label1\" content=\"Est. reading time\" \/>\n\t<meta name=\"twitter:data1\" content=\"1 min\u016b\u0161u\" \/>\n<script type=\"application\/ld+json\" class=\"yoast-schema-graph\">{\"@context\":\"https:\/\/schema.org\",\"@graph\":[{\"@type\":\"WebPage\",\"@id\":\"https:\/\/hobstop.ee\/lv\/produkts\/zimesanas-kemme-silikona-catalyst-wedge\/\",\"url\":\"https:\/\/hobstop.ee\/lv\/produkts\/zimesanas-kemme-silikona-catalyst-wedge\/\",\"name\":\"Z\u012bm\u0113\u0161anas \u0137emme silikona Catalyst Wedge &#8211; Skizze\",\"isPartOf\":{\"@id\":\"https:\/\/hobstop.ee\/lv\/#website\"},\"primaryImageOfPage\":{\"@id\":\"https:\/\/hobstop.ee\/lv\/produkts\/zimesanas-kemme-silikona-catalyst-wedge\/#primaryimage\"},\"image\":{\"@id\":\"https:\/\/hobstop.ee\/lv\/produkts\/zimesanas-kemme-silikona-catalyst-wedge\/#primaryimage\"},\"thumbnailUrl\":\"https:\/\/hobstop.ee\/media\/4623.jpg\",\"datePublished\":\"2017-09-14T06:03:07+00:00\",\"dateModified\":\"2017-09-14T06:03:07+00:00\",\"breadcrumb\":{\"@id\":\"https:\/\/hobstop.ee\/lv\/produkts\/zimesanas-kemme-silikona-catalyst-wedge\/#breadcrumb\"},\"inLanguage\":\"lv-LV\",\"potentialAction\":[{\"@type\":\"ReadAction\",\"target\":[\"https:\/\/hobstop.ee\/lv\/produkts\/zimesanas-kemme-silikona-catalyst-wedge\/\"]}]},{\"@type\":\"ImageObject\",\"inLanguage\":\"lv-LV\",\"@id\":\"https:\/\/hobstop.ee\/lv\/produkts\/zimesanas-kemme-silikona-catalyst-wedge\/#primaryimage\",\"url\":\"https:\/\/hobstop.ee\/media\/4623.jpg\",\"contentUrl\":\"https:\/\/hobstop.ee\/media\/4623.jpg\",\"width\":1024,\"height\":768},{\"@type\":\"BreadcrumbList\",\"@id\":\"https:\/\/hobstop.ee\/lv\/produkts\/zimesanas-kemme-silikona-catalyst-wedge\/#breadcrumb\",\"itemListElement\":[{\"@type\":\"ListItem\",\"position\":1,\"name\":\"Avaleht\",\"item\":\"https:\/\/www.hobstop.ee\/lv\/\"},{\"@type\":\"ListItem\",\"position\":2,\"name\":\"Veikals\",\"item\":\"https:\/\/www.hobstop.ee\/lv\/veikals\/\"},{\"@type\":\"ListItem\",\"position\":3,\"name\":\"Z\u012bm\u0113\u0161anas \u0137emme silikona Catalyst Wedge\"}]},{\"@type\":\"WebSite\",\"@id\":\"https:\/\/hobstop.ee\/lv\/#website\",\"url\":\"https:\/\/hobstop.ee\/lv\/\",\"name\":\"Skizze\",\"description\":\"M\u0101kslas, hobiju un skolas preces\",\"publisher\":{\"@id\":\"https:\/\/hobstop.ee\/lv\/#organization\"},\"potentialAction\":[{\"@type\":\"SearchAction\",\"target\":{\"@type\":\"EntryPoint\",\"urlTemplate\":\"https:\/\/hobstop.ee\/lv\/?s={search_term_string}\"},\"query-input\":{\"@type\":\"PropertyValueSpecification\",\"valueRequired\":true,\"valueName\":\"search_term_string\"}}],\"inLanguage\":\"lv-LV\"},{\"@type\":\"Organization\",\"@id\":\"https:\/\/hobstop.ee\/lv\/#organization\",\"name\":\"Vunder AS\",\"url\":\"https:\/\/hobstop.ee\/lv\/\",\"logo\":{\"@type\":\"ImageObject\",\"inLanguage\":\"lv-LV\",\"@id\":\"https:\/\/hobstop.ee\/lv\/#\/schema\/logo\/image\/\",\"url\":\"https:\/\/hobstop.ee\/media\/vunder-logo.png\",\"contentUrl\":\"https:\/\/hobstop.ee\/media\/vunder-logo.png\",\"width\":127,\"height\":55,\"caption\":\"Vunder AS\"},\"image\":{\"@id\":\"https:\/\/hobstop.ee\/lv\/#\/schema\/logo\/image\/\"},\"sameAs\":[\"http:\/\/www.facebook.com\/VunderSkizze\"]}]}<\/script>\n<!-- \/ Yoast SEO plugin. -->","yoast_head_json":{"title":"Z\u012bm\u0113\u0161anas \u0137emme silikona Catalyst Wedge &#8211; Skizze","robots":{"index":"noindex","follow":"follow","max-snippet":"max-snippet:-1","max-image-preview":"max-image-preview:large","max-video-preview":"max-video-preview:-1"},"og_locale":"lv_LV","og_type":"article","og_title":"Z\u012bm\u0113\u0161anas \u0137emme silikona Catalyst Wedge &#8211; Skizze","og_description":"Ne glu\u017ei ota, nedz ar\u012b paletes nazis! Princeton Catalyst z\u012bm\u0113\u0161anas \u0137emmes ir veidotas no elast\u012bga silikona, kas \u013cauj m\u0101ksliniekiem izpausties piln\u012bgi jaun\u0101 veid\u0101! Catalyst \u0137emmes ir ergonomiski izstr\u0101d\u0101tas t\u0101, lai t\u0101s b\u016btu \u0113rti tur\u0113t rok\u0101s, t\u0101d\u0113j\u0101di \u013caujot tie\u0161i mijiedarboties ar m\u0101kslas darbu. Catalyst ir paredz\u0113ti izmanto\u0161anai ar e\u013c\u013cas un akrila kr\u0101s\u0101m, k\u0101 ar\u012b e\u013c\u013cas kr\u0101s\u0101m, kuras viegli sajaukt ar \u016bden\u012b. \u0160ie priek\u0161meti ir karstumiztur\u012bgi (l\u012bdz 232\u00b0C), kas padara tos ide\u0101li piem\u0113rotus darbu rad\u012b\u0161anai enkaustikas tehnik\u0101. M\u0101kslinieki tos izmanto darbam ar da\u017e\u0101diem materi\u0101liem, piem\u0113ram, \u0123ipsi, m\u0101lu, virsmas p\u0101rkl\u0101\u0161anai, k\u0101 ar\u012b p\u0101rtikas produktu apstr\u0101dei un \u0113dienu pagatavo\u0161anai. Izgatavoti no silikona, ko apstiprin\u0101jusi P\u0101rtikas un z\u0101\u013cu p\u0101rvalde. Catalyst priek\u0161metu t\u012br\u012b\u0161ana nesag\u0101d\u0101 nek\u0101das raizes \u2013 silikonu var \u013coti viegli not\u012br\u012bt, to noslaukot, tas ir iztur\u012bgs pret \u0161\u0137\u012bdin\u0101t\u0101ju kait\u012bgo ietekmi. Liel\u0101kaj\u0101 da\u013c\u0101 gad\u012bjumu tos var \u0113rti not\u012br\u012bt ar vieglu ziepj\u016bdeni, bet no\u017euvu\u0161u kr\u0101su var viegli nolob\u012bt.","og_url":"https:\/\/hobstop.ee\/lv\/produkts\/zimesanas-kemme-silikona-catalyst-wedge\/","og_site_name":"Skizze","article_publisher":"http:\/\/www.facebook.com\/VunderSkizze","og_image":[{"width":1024,"height":768,"url":"https:\/\/www.hobstop.ee\/media\/4623.jpg","type":"image\/jpeg"}],"twitter_card":"summary_large_image","twitter_misc":{"Est. reading time":"1 min\u016b\u0161u"},"schema":{"@context":"https:\/\/schema.org","@graph":[{"@type":"WebPage","@id":"https:\/\/hobstop.ee\/lv\/produkts\/zimesanas-kemme-silikona-catalyst-wedge\/","url":"https:\/\/hobstop.ee\/lv\/produkts\/zimesanas-kemme-silikona-catalyst-wedge\/","name":"Z\u012bm\u0113\u0161anas \u0137emme silikona Catalyst Wedge &#8211; Skizze","isPartOf":{"@id":"https:\/\/hobstop.ee\/lv\/#website"},"primaryImageOfPage":{"@id":"https:\/\/hobstop.ee\/lv\/produkts\/zimesanas-kemme-silikona-catalyst-wedge\/#primaryimage"},"image":{"@id":"https:\/\/hobstop.ee\/lv\/produkts\/zimesanas-kemme-silikona-catalyst-wedge\/#primaryimage"},"thumbnailUrl":"https:\/\/hobstop.ee\/media\/4623.jpg","datePublished":"2017-09-14T06:03:07+00:00","dateModified":"2017-09-14T06:03:07+00:00","breadcrumb":{"@id":"https:\/\/hobstop.ee\/lv\/produkts\/zimesanas-kemme-silikona-catalyst-wedge\/#breadcrumb"},"inLanguage":"lv-LV","potentialAction":[{"@type":"ReadAction","target":["https:\/\/hobstop.ee\/lv\/produkts\/zimesanas-kemme-silikona-catalyst-wedge\/"]}]},{"@type":"ImageObject","inLanguage":"lv-LV","@id":"https:\/\/hobstop.ee\/lv\/produkts\/zimesanas-kemme-silikona-catalyst-wedge\/#primaryimage","url":"https:\/\/hobstop.ee\/media\/4623.jpg","contentUrl":"https:\/\/hobstop.ee\/media\/4623.jpg","width":1024,"height":768},{"@type":"BreadcrumbList","@id":"https:\/\/hobstop.ee\/lv\/produkts\/zimesanas-kemme-silikona-catalyst-wedge\/#breadcrumb","itemListElement":[{"@type":"ListItem","position":1,"name":"Avaleht","item":"https:\/\/www.hobstop.ee\/lv\/"},{"@type":"ListItem","position":2,"name":"Veikals","item":"https:\/\/www.hobstop.ee\/lv\/veikals\/"},{"@type":"ListItem","position":3,"name":"Z\u012bm\u0113\u0161anas \u0137emme silikona Catalyst Wedge"}]},{"@type":"WebSite","@id":"https:\/\/hobstop.ee\/lv\/#website","url":"https:\/\/hobstop.ee\/lv\/","name":"Skizze","description":"M\u0101kslas, hobiju un skolas preces","publisher":{"@id":"https:\/\/hobstop.ee\/lv\/#organization"},"potentialAction":[{"@type":"SearchAction","target":{"@type":"EntryPoint","urlTemplate":"https:\/\/hobstop.ee\/lv\/?s={search_term_string}"},"query-input":{"@type":"PropertyValueSpecification","valueRequired":true,"valueName":"search_term_string"}}],"inLanguage":"lv-LV"},{"@type":"Organization","@id":"https:\/\/hobstop.ee\/lv\/#organization","name":"Vunder AS","url":"https:\/\/hobstop.ee\/lv\/","logo":{"@type":"ImageObject","inLanguage":"lv-LV","@id":"https:\/\/hobstop.ee\/lv\/#\/schema\/logo\/image\/","url":"https:\/\/hobstop.ee\/media\/vunder-logo.png","contentUrl":"https:\/\/hobstop.ee\/media\/vunder-logo.png","width":127,"height":55,"caption":"Vunder AS"},"image":{"@id":"https:\/\/hobstop.ee\/lv\/#\/schema\/logo\/image\/"},"sameAs":["http:\/\/www.facebook.com\/VunderSkizze"]}]}},"_links":{"self":[{"href":"https:\/\/hobstop.ee\/lv\/wp-json\/wp\/v2\/product\/294517","targetHints":{"allow":["GET"]}}],"collection":[{"href":"https:\/\/hobstop.ee\/lv\/wp-json\/wp\/v2\/product"}],"about":[{"href":"https:\/\/hobstop.ee\/lv\/wp-json\/wp\/v2\/types\/product"}],"replies":[{"embeddable":true,"href":"https:\/\/hobstop.ee\/lv\/wp-json\/wp\/v2\/comments?post=294517"}],"wp:featuredmedia":[{"embeddable":true,"href":"https:\/\/hobstop.ee\/lv\/wp-json\/wp\/v2\/media\/294725"}],"wp:attachment":[{"href":"https:\/\/hobstop.ee\/lv\/wp-json\/wp\/v2\/media?parent=294517"}],"wp:term":[{"taxonomy":"product_cat","embeddable":true,"href":"https:\/\/hobstop.ee\/lv\/wp-json\/wp\/v2\/product_cat?post=294517"},{"taxonomy":"product_tag","embeddable":true,"href":"https:\/\/hobstop.ee\/lv\/wp-json\/wp\/v2\/product_tag?post=294517"}],"curies":[{"name":"wp","href":"https:\/\/api.w.org\/{rel}","templated":true}]}}