{"id":294521,"date":"2017-09-14T09:03:08","date_gmt":"2017-09-14T06:03:08","guid":{"rendered":"https:\/\/sharks.ee\/vunder_2019\/lv\/product\/fotografiju-arhiva-karba-canson-infinity\/"},"modified":"2017-09-14T09:03:08","modified_gmt":"2017-09-14T06:03:08","slug":"fotografiju-arhiva-karba-canson-infinity","status":"publish","type":"product","link":"https:\/\/hobstop.ee\/lv\/produkts\/fotografiju-arhiva-karba-canson-infinity\/","title":{"rendered":"Fotogr\u0101fiju arh\u012bva k\u0101rba Canson Infinity"},"content":{"rendered":"<p>\u012apa\u0161i izstr\u0101d\u0101ts, lai arhiv\u0113tu un saglab\u0101tu fotogr\u0101fijas un dokumentus. Virsma ir p\u0101rkl\u0101ta ar speci\u0101li atlas\u012btu melno Wibalin Buckram pap\u012bru, kas nodro\u0161ina augstu \u016bdens un gaismas iztur\u012bbu. Izgatavots no atlas\u012bta, arhiv\u0113\u0161anai paredz\u0113ta izejmateri\u0101la, kas atbilst ISO 9706 pras\u012bb\u0101m attiec\u012bb\u0101 uz pap\u012bra notur\u012bgumu. \u0160is materi\u0101ls satur ar\u012b augstu alfa celulozes daudzumu, ra\u017eots neitr\u0101los pH apst\u0101k\u013cos (bez sk\u0101bes), nesatur optisk\u0101 spilgtuma piedevas vai otrreiz\u0113ji p\u0101rstr\u0101d\u0101tus materi\u0101lus un atbilst PAT (Fotograf\u0113\u0161anas darb\u012bbas tests saska\u0146\u0101 ar ISO 18916), t\u0101d\u0113j\u0101di nodro\u0161inot izdruku nemain\u012bbu laika gait\u0101. Katr\u0101 k\u0101rb\u0101 ir neitr\u0101la lente, kas uzlabo att\u0113lu un dokumentu atdal\u012b\u0161anu, k\u0101 ar\u012b 25 pergam\u012bna loksnes, kas pasarg\u0101tu darbus no  skr\u0101p\u0113jumiem un nodiluma.<\/p>\n","protected":false},"excerpt":{"rendered":"<p>\u012apa\u0161i izstr\u0101d\u0101ts, lai arhiv\u0113tu un saglab\u0101tu fotogr\u0101fijas un dokumentus. Virsma ir p\u0101rkl\u0101ta ar speci\u0101li atlas\u012btu melno Wibalin Buckram pap\u012bru, kas nodro\u0161ina augstu \u016bdens un gaismas iztur\u012bbu. Izgatavots no atlas\u012bta, arhiv\u0113\u0161anai paredz\u0113ta izejmateri\u0101la, kas atbilst ISO 9706 pras\u012bb\u0101m attiec\u012bb\u0101 uz pap\u012bra notur\u012bgumu. \u0160is materi\u0101ls satur ar\u012b augstu alfa celulozes daudzumu, ra\u017eots neitr\u0101los pH apst\u0101k\u013cos (bez sk\u0101bes), nesatur optisk\u0101 spilgtuma piedevas vai otrreiz\u0113ji p\u0101rstr\u0101d\u0101tus materi\u0101lus un atbilst PAT (Fotograf\u0113\u0161anas darb\u012bbas tests saska\u0146\u0101 ar ISO 18916), t\u0101d\u0113j\u0101di nodro\u0161inot izdruku nemain\u012bbu laika gait\u0101. Katr\u0101 k\u0101rb\u0101 ir neitr\u0101la lente, kas uzlabo att\u0113lu un dokumentu atdal\u012b\u0161anu, k\u0101 ar\u012b 25 pergam\u012bna loksnes, kas pasarg\u0101tu darbus no skr\u0101p\u0113jumiem un nodiluma.<\/p>\n","protected":false},"featured_media":294729,"comment_status":"closed","ping_status":"closed","template":"","meta":{"_acf_changed":false,"ep_exclude_from_search":false},"product_cat":[20210,20216,17921],"product_tag":[],"class_list":{"0":"post-294521","1":"product","2":"type-product","3":"status-publish","4":"has-post-thumbnail","6":"product_cat-arhivesanas-preces","7":"product_cat-karbas","8":"product_cat-papira-izstradajumi","10":"first","11":"instock","12":"taxable","13":"shipping-taxable","14":"product-type-simple"},"acf":[],"yoast_head":"<!-- This site is optimized with the Yoast SEO plugin v24.1 - https:\/\/yoast.com\/wordpress\/plugins\/seo\/ -->\n<title>Fotogr\u0101fiju arh\u012bva k\u0101rba Canson Infinity &#8211; Skizze<\/title>\n<meta name=\"robots\" content=\"noindex, follow, max-snippet:-1, max-image-preview:large, max-video-preview:-1\" \/>\n<meta property=\"og:locale\" content=\"lv_LV\" \/>\n<meta property=\"og:type\" content=\"article\" \/>\n<meta property=\"og:title\" content=\"Fotogr\u0101fiju arh\u012bva k\u0101rba Canson Infinity &#8211; Skizze\" \/>\n<meta property=\"og:description\" content=\"\u012apa\u0161i izstr\u0101d\u0101ts, lai arhiv\u0113tu un saglab\u0101tu fotogr\u0101fijas un dokumentus. Virsma ir p\u0101rkl\u0101ta ar speci\u0101li atlas\u012btu melno Wibalin Buckram pap\u012bru, kas nodro\u0161ina augstu \u016bdens un gaismas iztur\u012bbu. Izgatavots no atlas\u012bta, arhiv\u0113\u0161anai paredz\u0113ta izejmateri\u0101la, kas atbilst ISO 9706 pras\u012bb\u0101m attiec\u012bb\u0101 uz pap\u012bra notur\u012bgumu. \u0160is materi\u0101ls satur ar\u012b augstu alfa celulozes daudzumu, ra\u017eots neitr\u0101los pH apst\u0101k\u013cos (bez sk\u0101bes), nesatur optisk\u0101 spilgtuma piedevas vai otrreiz\u0113ji p\u0101rstr\u0101d\u0101tus materi\u0101lus un atbilst PAT (Fotograf\u0113\u0161anas darb\u012bbas tests saska\u0146\u0101 ar ISO 18916), t\u0101d\u0113j\u0101di nodro\u0161inot izdruku nemain\u012bbu laika gait\u0101. Katr\u0101 k\u0101rb\u0101 ir neitr\u0101la lente, kas uzlabo att\u0113lu un dokumentu atdal\u012b\u0161anu, k\u0101 ar\u012b 25 pergam\u012bna loksnes, kas pasarg\u0101tu darbus no skr\u0101p\u0113jumiem un nodiluma.\" \/>\n<meta property=\"og:url\" content=\"https:\/\/hobstop.ee\/lv\/produkts\/fotografiju-arhiva-karba-canson-infinity\/\" \/>\n<meta property=\"og:site_name\" content=\"Skizze\" \/>\n<meta property=\"article:publisher\" content=\"http:\/\/www.facebook.com\/VunderSkizze\" \/>\n<meta property=\"og:image\" content=\"https:\/\/hobstop.ee\/media\/4628.jpg\" \/>\n\t<meta property=\"og:image:width\" content=\"1024\" \/>\n\t<meta property=\"og:image:height\" content=\"768\" \/>\n\t<meta property=\"og:image:type\" content=\"image\/jpeg\" \/>\n<meta name=\"twitter:card\" content=\"summary_large_image\" \/>\n<meta name=\"twitter:label1\" content=\"Est. reading time\" \/>\n\t<meta name=\"twitter:data1\" content=\"1 min\u016b\u0161u\" \/>\n<script type=\"application\/ld+json\" class=\"yoast-schema-graph\">{\"@context\":\"https:\/\/schema.org\",\"@graph\":[{\"@type\":\"WebPage\",\"@id\":\"https:\/\/hobstop.ee\/lv\/produkts\/fotografiju-arhiva-karba-canson-infinity\/\",\"url\":\"https:\/\/hobstop.ee\/lv\/produkts\/fotografiju-arhiva-karba-canson-infinity\/\",\"name\":\"Fotogr\u0101fiju arh\u012bva k\u0101rba Canson Infinity &#8211; Skizze\",\"isPartOf\":{\"@id\":\"https:\/\/hobstop.ee\/lv\/#website\"},\"primaryImageOfPage\":{\"@id\":\"https:\/\/hobstop.ee\/lv\/produkts\/fotografiju-arhiva-karba-canson-infinity\/#primaryimage\"},\"image\":{\"@id\":\"https:\/\/hobstop.ee\/lv\/produkts\/fotografiju-arhiva-karba-canson-infinity\/#primaryimage\"},\"thumbnailUrl\":\"https:\/\/hobstop.ee\/media\/4628.jpg\",\"datePublished\":\"2017-09-14T06:03:08+00:00\",\"dateModified\":\"2017-09-14T06:03:08+00:00\",\"breadcrumb\":{\"@id\":\"https:\/\/hobstop.ee\/lv\/produkts\/fotografiju-arhiva-karba-canson-infinity\/#breadcrumb\"},\"inLanguage\":\"lv-LV\",\"potentialAction\":[{\"@type\":\"ReadAction\",\"target\":[\"https:\/\/hobstop.ee\/lv\/produkts\/fotografiju-arhiva-karba-canson-infinity\/\"]}]},{\"@type\":\"ImageObject\",\"inLanguage\":\"lv-LV\",\"@id\":\"https:\/\/hobstop.ee\/lv\/produkts\/fotografiju-arhiva-karba-canson-infinity\/#primaryimage\",\"url\":\"https:\/\/hobstop.ee\/media\/4628.jpg\",\"contentUrl\":\"https:\/\/hobstop.ee\/media\/4628.jpg\",\"width\":1024,\"height\":768},{\"@type\":\"BreadcrumbList\",\"@id\":\"https:\/\/hobstop.ee\/lv\/produkts\/fotografiju-arhiva-karba-canson-infinity\/#breadcrumb\",\"itemListElement\":[{\"@type\":\"ListItem\",\"position\":1,\"name\":\"Avaleht\",\"item\":\"https:\/\/hobstop.ee\/lv\/\"},{\"@type\":\"ListItem\",\"position\":2,\"name\":\"Veikals\",\"item\":\"https:\/\/hobstop.ee\/lv\/veikals\/\"},{\"@type\":\"ListItem\",\"position\":3,\"name\":\"Fotogr\u0101fiju arh\u012bva k\u0101rba Canson Infinity\"}]},{\"@type\":\"WebSite\",\"@id\":\"https:\/\/hobstop.ee\/lv\/#website\",\"url\":\"https:\/\/hobstop.ee\/lv\/\",\"name\":\"Skizze\",\"description\":\"M\u0101kslas, hobiju un skolas preces\",\"publisher\":{\"@id\":\"https:\/\/hobstop.ee\/lv\/#organization\"},\"potentialAction\":[{\"@type\":\"SearchAction\",\"target\":{\"@type\":\"EntryPoint\",\"urlTemplate\":\"https:\/\/hobstop.ee\/lv\/?s={search_term_string}\"},\"query-input\":{\"@type\":\"PropertyValueSpecification\",\"valueRequired\":true,\"valueName\":\"search_term_string\"}}],\"inLanguage\":\"lv-LV\"},{\"@type\":\"Organization\",\"@id\":\"https:\/\/hobstop.ee\/lv\/#organization\",\"name\":\"Vunder AS\",\"url\":\"https:\/\/hobstop.ee\/lv\/\",\"logo\":{\"@type\":\"ImageObject\",\"inLanguage\":\"lv-LV\",\"@id\":\"https:\/\/hobstop.ee\/lv\/#\/schema\/logo\/image\/\",\"url\":\"https:\/\/hobstop.ee\/media\/vunder-logo.png\",\"contentUrl\":\"https:\/\/hobstop.ee\/media\/vunder-logo.png\",\"width\":127,\"height\":55,\"caption\":\"Vunder AS\"},\"image\":{\"@id\":\"https:\/\/hobstop.ee\/lv\/#\/schema\/logo\/image\/\"},\"sameAs\":[\"http:\/\/www.facebook.com\/VunderSkizze\"]}]}<\/script>\n<!-- \/ Yoast SEO plugin. -->","yoast_head_json":{"title":"Fotogr\u0101fiju arh\u012bva k\u0101rba Canson Infinity &#8211; Skizze","robots":{"index":"noindex","follow":"follow","max-snippet":"max-snippet:-1","max-image-preview":"max-image-preview:large","max-video-preview":"max-video-preview:-1"},"og_locale":"lv_LV","og_type":"article","og_title":"Fotogr\u0101fiju arh\u012bva k\u0101rba Canson Infinity &#8211; Skizze","og_description":"\u012apa\u0161i izstr\u0101d\u0101ts, lai arhiv\u0113tu un saglab\u0101tu fotogr\u0101fijas un dokumentus. Virsma ir p\u0101rkl\u0101ta ar speci\u0101li atlas\u012btu melno Wibalin Buckram pap\u012bru, kas nodro\u0161ina augstu \u016bdens un gaismas iztur\u012bbu. Izgatavots no atlas\u012bta, arhiv\u0113\u0161anai paredz\u0113ta izejmateri\u0101la, kas atbilst ISO 9706 pras\u012bb\u0101m attiec\u012bb\u0101 uz pap\u012bra notur\u012bgumu. \u0160is materi\u0101ls satur ar\u012b augstu alfa celulozes daudzumu, ra\u017eots neitr\u0101los pH apst\u0101k\u013cos (bez sk\u0101bes), nesatur optisk\u0101 spilgtuma piedevas vai otrreiz\u0113ji p\u0101rstr\u0101d\u0101tus materi\u0101lus un atbilst PAT (Fotograf\u0113\u0161anas darb\u012bbas tests saska\u0146\u0101 ar ISO 18916), t\u0101d\u0113j\u0101di nodro\u0161inot izdruku nemain\u012bbu laika gait\u0101. Katr\u0101 k\u0101rb\u0101 ir neitr\u0101la lente, kas uzlabo att\u0113lu un dokumentu atdal\u012b\u0161anu, k\u0101 ar\u012b 25 pergam\u012bna loksnes, kas pasarg\u0101tu darbus no skr\u0101p\u0113jumiem un nodiluma.","og_url":"https:\/\/hobstop.ee\/lv\/produkts\/fotografiju-arhiva-karba-canson-infinity\/","og_site_name":"Skizze","article_publisher":"http:\/\/www.facebook.com\/VunderSkizze","og_image":[{"width":1024,"height":768,"url":"https:\/\/hobstop.ee\/media\/4628.jpg","type":"image\/jpeg"}],"twitter_card":"summary_large_image","twitter_misc":{"Est. reading time":"1 min\u016b\u0161u"},"schema":{"@context":"https:\/\/schema.org","@graph":[{"@type":"WebPage","@id":"https:\/\/hobstop.ee\/lv\/produkts\/fotografiju-arhiva-karba-canson-infinity\/","url":"https:\/\/hobstop.ee\/lv\/produkts\/fotografiju-arhiva-karba-canson-infinity\/","name":"Fotogr\u0101fiju arh\u012bva k\u0101rba Canson Infinity &#8211; Skizze","isPartOf":{"@id":"https:\/\/hobstop.ee\/lv\/#website"},"primaryImageOfPage":{"@id":"https:\/\/hobstop.ee\/lv\/produkts\/fotografiju-arhiva-karba-canson-infinity\/#primaryimage"},"image":{"@id":"https:\/\/hobstop.ee\/lv\/produkts\/fotografiju-arhiva-karba-canson-infinity\/#primaryimage"},"thumbnailUrl":"https:\/\/hobstop.ee\/media\/4628.jpg","datePublished":"2017-09-14T06:03:08+00:00","dateModified":"2017-09-14T06:03:08+00:00","breadcrumb":{"@id":"https:\/\/hobstop.ee\/lv\/produkts\/fotografiju-arhiva-karba-canson-infinity\/#breadcrumb"},"inLanguage":"lv-LV","potentialAction":[{"@type":"ReadAction","target":["https:\/\/hobstop.ee\/lv\/produkts\/fotografiju-arhiva-karba-canson-infinity\/"]}]},{"@type":"ImageObject","inLanguage":"lv-LV","@id":"https:\/\/hobstop.ee\/lv\/produkts\/fotografiju-arhiva-karba-canson-infinity\/#primaryimage","url":"https:\/\/hobstop.ee\/media\/4628.jpg","contentUrl":"https:\/\/hobstop.ee\/media\/4628.jpg","width":1024,"height":768},{"@type":"BreadcrumbList","@id":"https:\/\/hobstop.ee\/lv\/produkts\/fotografiju-arhiva-karba-canson-infinity\/#breadcrumb","itemListElement":[{"@type":"ListItem","position":1,"name":"Avaleht","item":"https:\/\/hobstop.ee\/lv\/"},{"@type":"ListItem","position":2,"name":"Veikals","item":"https:\/\/hobstop.ee\/lv\/veikals\/"},{"@type":"ListItem","position":3,"name":"Fotogr\u0101fiju arh\u012bva k\u0101rba Canson Infinity"}]},{"@type":"WebSite","@id":"https:\/\/hobstop.ee\/lv\/#website","url":"https:\/\/hobstop.ee\/lv\/","name":"Skizze","description":"M\u0101kslas, hobiju un skolas preces","publisher":{"@id":"https:\/\/hobstop.ee\/lv\/#organization"},"potentialAction":[{"@type":"SearchAction","target":{"@type":"EntryPoint","urlTemplate":"https:\/\/hobstop.ee\/lv\/?s={search_term_string}"},"query-input":{"@type":"PropertyValueSpecification","valueRequired":true,"valueName":"search_term_string"}}],"inLanguage":"lv-LV"},{"@type":"Organization","@id":"https:\/\/hobstop.ee\/lv\/#organization","name":"Vunder AS","url":"https:\/\/hobstop.ee\/lv\/","logo":{"@type":"ImageObject","inLanguage":"lv-LV","@id":"https:\/\/hobstop.ee\/lv\/#\/schema\/logo\/image\/","url":"https:\/\/hobstop.ee\/media\/vunder-logo.png","contentUrl":"https:\/\/hobstop.ee\/media\/vunder-logo.png","width":127,"height":55,"caption":"Vunder AS"},"image":{"@id":"https:\/\/hobstop.ee\/lv\/#\/schema\/logo\/image\/"},"sameAs":["http:\/\/www.facebook.com\/VunderSkizze"]}]}},"_links":{"self":[{"href":"https:\/\/hobstop.ee\/lv\/wp-json\/wp\/v2\/product\/294521","targetHints":{"allow":["GET"]}}],"collection":[{"href":"https:\/\/hobstop.ee\/lv\/wp-json\/wp\/v2\/product"}],"about":[{"href":"https:\/\/hobstop.ee\/lv\/wp-json\/wp\/v2\/types\/product"}],"replies":[{"embeddable":true,"href":"https:\/\/hobstop.ee\/lv\/wp-json\/wp\/v2\/comments?post=294521"}],"wp:featuredmedia":[{"embeddable":true,"href":"https:\/\/hobstop.ee\/lv\/wp-json\/wp\/v2\/media\/294729"}],"wp:attachment":[{"href":"https:\/\/hobstop.ee\/lv\/wp-json\/wp\/v2\/media?parent=294521"}],"wp:term":[{"taxonomy":"product_cat","embeddable":true,"href":"https:\/\/hobstop.ee\/lv\/wp-json\/wp\/v2\/product_cat?post=294521"},{"taxonomy":"product_tag","embeddable":true,"href":"https:\/\/hobstop.ee\/lv\/wp-json\/wp\/v2\/product_tag?post=294521"}],"curies":[{"name":"wp","href":"https:\/\/api.w.org\/{rel}","templated":true}]}}