{"id":294525,"date":"2017-09-14T09:03:09","date_gmt":"2017-09-14T06:03:09","guid":{"rendered":"https:\/\/sharks.ee\/vunder_2019\/lv\/product\/krasa-tekstilam-marabu-textil-plus-15ml\/"},"modified":"2017-09-14T09:03:09","modified_gmt":"2017-09-14T06:03:09","slug":"krasa-tekstilam-marabu-textil-plus-15ml","status":"publish","type":"product","link":"https:\/\/hobstop.ee\/lv\/produkts\/krasa-tekstilam-marabu-textil-plus-15ml\/","title":{"rendered":"Kr\u0101sa tekstilam Marabu Textil Plus 15ml"},"content":{"rendered":"<p>Uzlabojiet savu m\u012b\u013c\u0101ko tum\u0161as kr\u0101sas ap\u0123\u0113rbu ar auduma kr\u0101su Marabu Textil Plus! \u0160\u012b auduma kr\u0101sa ir veidota uz \u016bdens b\u0101zes un ide\u0101li piem\u0113rota skolas, izklaides un amatniec\u012bbas vajadz\u012bb\u0101m. Lai gan t\u0101 ir \u012bpa\u0161i piem\u0113rota tum\u0161iem audumiem, to var izmantot ar\u012b gai\u0161ai kokvilnai, lina, z\u012bda, d\u017eutas un jauktu \u0161\u0137iedru audumiem ar maksim\u0101lo m\u0101ksl\u012bgo \u0161\u0137iedru saturu 20% un bez apdares. Ide\u0101li piem\u0113rots kr\u0101so\u0161anai un trafar\u0113\u0161anai. Textil plus var mazg\u0101t l\u012bdz 40\u00b0C p\u0113c fiks\u0113\u0161anas (gludinot vai kr\u0101sn\u012b 150\u00b0C\/ 8 min.). Kr\u0101sas nodro\u0161ina lielisku p\u0101rkl\u0101jumu, atjauno iepriek\u0161\u0113jo spo\u017eumu, pieskaroties, \u013coti m\u012bkstas. Visas kr\u0101sas ir jaucamas. Stingr\u0101kiem un biez\u0101kiem audumiem ieteicams lietot biez\u0101ku kr\u0101sas k\u0101rtu.<\/p>\n","protected":false},"excerpt":{"rendered":"<p>Uzlabojiet savu m\u012b\u013c\u0101ko tum\u0161as kr\u0101sas ap\u0123\u0113rbu ar auduma kr\u0101su Marabu Textil Plus! \u0160\u012b auduma kr\u0101sa ir veidota uz \u016bdens b\u0101zes un ide\u0101li piem\u0113rota skolas, izklaides un amatniec\u012bbas vajadz\u012bb\u0101m. Lai gan t\u0101 ir \u012bpa\u0161i piem\u0113rota tum\u0161iem audumiem, to var izmantot ar\u012b gai\u0161ai kokvilnai, lina, z\u012bda, d\u017eutas un jauktu \u0161\u0137iedru audumiem ar maksim\u0101lo m\u0101ksl\u012bgo \u0161\u0137iedru saturu 20% un bez apdares. Ide\u0101li piem\u0113rots kr\u0101so\u0161anai un trafar\u0113\u0161anai. Textil plus var mazg\u0101t l\u012bdz 40\u00b0C p\u0113c fiks\u0113\u0161anas (gludinot vai kr\u0101sn\u012b 150\u00b0C\/ 8 min.). Kr\u0101sas nodro\u0161ina lielisku p\u0101rkl\u0101jumu, atjauno iepriek\u0161\u0113jo spo\u017eumu, pieskaroties, \u013coti m\u012bkstas. Visas kr\u0101sas ir jaucamas. Stingr\u0101kiem un biez\u0101kiem audumiem ieteicams lietot biez\u0101ku kr\u0101sas k\u0101rtu.<\/p>\n","protected":false},"featured_media":353071,"comment_status":"closed","ping_status":"closed","template":"","meta":{"_acf_changed":false,"ep_exclude_from_search":false},"product_cat":[18212,17918,17956],"product_tag":[],"class_list":{"0":"post-294525","1":"product","2":"type-product","3":"status-publish","4":"has-post-thumbnail","6":"product_cat-krasas-gleznosanai-uz-auduma","7":"product_cat-preces-hobijiem","8":"product_cat-tekstilam","10":"first","11":"instock","12":"taxable","13":"shipping-taxable","14":"purchasable","15":"product-type-simple"},"acf":[],"yoast_head":"<!-- This site is optimized with the Yoast SEO plugin v24.1 - https:\/\/yoast.com\/wordpress\/plugins\/seo\/ -->\n<title>Kr\u0101sa tekstilam Marabu Textil Plus 15ml &#8211; Skizze<\/title>\n<meta name=\"robots\" content=\"noindex, follow, max-snippet:-1, max-image-preview:large, max-video-preview:-1\" \/>\n<meta property=\"og:locale\" content=\"lv_LV\" \/>\n<meta property=\"og:type\" content=\"article\" \/>\n<meta property=\"og:title\" content=\"Kr\u0101sa tekstilam Marabu Textil Plus 15ml &#8211; Skizze\" \/>\n<meta property=\"og:description\" content=\"Uzlabojiet savu m\u012b\u013c\u0101ko tum\u0161as kr\u0101sas ap\u0123\u0113rbu ar auduma kr\u0101su Marabu Textil Plus! \u0160\u012b auduma kr\u0101sa ir veidota uz \u016bdens b\u0101zes un ide\u0101li piem\u0113rota skolas, izklaides un amatniec\u012bbas vajadz\u012bb\u0101m. Lai gan t\u0101 ir \u012bpa\u0161i piem\u0113rota tum\u0161iem audumiem, to var izmantot ar\u012b gai\u0161ai kokvilnai, lina, z\u012bda, d\u017eutas un jauktu \u0161\u0137iedru audumiem ar maksim\u0101lo m\u0101ksl\u012bgo \u0161\u0137iedru saturu 20% un bez apdares. Ide\u0101li piem\u0113rots kr\u0101so\u0161anai un trafar\u0113\u0161anai. Textil plus var mazg\u0101t l\u012bdz 40\u00b0C p\u0113c fiks\u0113\u0161anas (gludinot vai kr\u0101sn\u012b 150\u00b0C\/ 8 min.). Kr\u0101sas nodro\u0161ina lielisku p\u0101rkl\u0101jumu, atjauno iepriek\u0161\u0113jo spo\u017eumu, pieskaroties, \u013coti m\u012bkstas. Visas kr\u0101sas ir jaucamas. Stingr\u0101kiem un biez\u0101kiem audumiem ieteicams lietot biez\u0101ku kr\u0101sas k\u0101rtu.\" \/>\n<meta property=\"og:url\" content=\"https:\/\/hobstop.ee\/lv\/produkts\/krasa-tekstilam-marabu-textil-plus-15ml\/\" \/>\n<meta property=\"og:site_name\" content=\"Skizze\" \/>\n<meta property=\"article:publisher\" content=\"http:\/\/www.facebook.com\/VunderSkizze\" \/>\n<meta property=\"og:image\" content=\"https:\/\/hobstop.ee\/media\/4649.jpg\" \/>\n\t<meta property=\"og:image:width\" content=\"1024\" \/>\n\t<meta property=\"og:image:height\" content=\"768\" \/>\n\t<meta property=\"og:image:type\" content=\"image\/jpeg\" \/>\n<meta name=\"twitter:card\" content=\"summary_large_image\" \/>\n<meta name=\"twitter:label1\" content=\"Est. reading time\" \/>\n\t<meta name=\"twitter:data1\" content=\"1 min\u016b\u0161u\" \/>\n<script type=\"application\/ld+json\" class=\"yoast-schema-graph\">{\"@context\":\"https:\/\/schema.org\",\"@graph\":[{\"@type\":\"WebPage\",\"@id\":\"https:\/\/hobstop.ee\/lv\/produkts\/krasa-tekstilam-marabu-textil-plus-15ml\/\",\"url\":\"https:\/\/hobstop.ee\/lv\/produkts\/krasa-tekstilam-marabu-textil-plus-15ml\/\",\"name\":\"Kr\u0101sa tekstilam Marabu Textil Plus 15ml &#8211; Skizze\",\"isPartOf\":{\"@id\":\"https:\/\/www.hobstop.ee\/lv\/#website\"},\"primaryImageOfPage\":{\"@id\":\"https:\/\/hobstop.ee\/lv\/produkts\/krasa-tekstilam-marabu-textil-plus-15ml\/#primaryimage\"},\"image\":{\"@id\":\"https:\/\/hobstop.ee\/lv\/produkts\/krasa-tekstilam-marabu-textil-plus-15ml\/#primaryimage\"},\"thumbnailUrl\":\"https:\/\/hobstop.ee\/media\/4649.jpg\",\"datePublished\":\"2017-09-14T06:03:09+00:00\",\"dateModified\":\"2017-09-14T06:03:09+00:00\",\"breadcrumb\":{\"@id\":\"https:\/\/hobstop.ee\/lv\/produkts\/krasa-tekstilam-marabu-textil-plus-15ml\/#breadcrumb\"},\"inLanguage\":\"lv-LV\",\"potentialAction\":[{\"@type\":\"ReadAction\",\"target\":[\"https:\/\/hobstop.ee\/lv\/produkts\/krasa-tekstilam-marabu-textil-plus-15ml\/\"]}]},{\"@type\":\"ImageObject\",\"inLanguage\":\"lv-LV\",\"@id\":\"https:\/\/hobstop.ee\/lv\/produkts\/krasa-tekstilam-marabu-textil-plus-15ml\/#primaryimage\",\"url\":\"https:\/\/hobstop.ee\/media\/4649.jpg\",\"contentUrl\":\"https:\/\/hobstop.ee\/media\/4649.jpg\",\"width\":1024,\"height\":768},{\"@type\":\"BreadcrumbList\",\"@id\":\"https:\/\/hobstop.ee\/lv\/produkts\/krasa-tekstilam-marabu-textil-plus-15ml\/#breadcrumb\",\"itemListElement\":[{\"@type\":\"ListItem\",\"position\":1,\"name\":\"Avaleht\",\"item\":\"https:\/\/www.hobstop.ee\/lv\/\"},{\"@type\":\"ListItem\",\"position\":2,\"name\":\"Veikals\",\"item\":\"https:\/\/www.hobstop.ee\/lv\/veikals\/\"},{\"@type\":\"ListItem\",\"position\":3,\"name\":\"Kr\u0101sa tekstilam Marabu Textil Plus 15ml\"}]},{\"@type\":\"WebSite\",\"@id\":\"https:\/\/www.hobstop.ee\/lv\/#website\",\"url\":\"https:\/\/www.hobstop.ee\/lv\/\",\"name\":\"Skizze\",\"description\":\"M\u0101kslas, hobiju un skolas preces\",\"publisher\":{\"@id\":\"https:\/\/www.hobstop.ee\/lv\/#organization\"},\"potentialAction\":[{\"@type\":\"SearchAction\",\"target\":{\"@type\":\"EntryPoint\",\"urlTemplate\":\"https:\/\/www.hobstop.ee\/lv\/?s={search_term_string}\"},\"query-input\":{\"@type\":\"PropertyValueSpecification\",\"valueRequired\":true,\"valueName\":\"search_term_string\"}}],\"inLanguage\":\"lv-LV\"},{\"@type\":\"Organization\",\"@id\":\"https:\/\/www.hobstop.ee\/lv\/#organization\",\"name\":\"Vunder AS\",\"url\":\"https:\/\/www.hobstop.ee\/lv\/\",\"logo\":{\"@type\":\"ImageObject\",\"inLanguage\":\"lv-LV\",\"@id\":\"https:\/\/www.hobstop.ee\/lv\/#\/schema\/logo\/image\/\",\"url\":\"https:\/\/hobstop.ee\/media\/vunder-logo.png\",\"contentUrl\":\"https:\/\/hobstop.ee\/media\/vunder-logo.png\",\"width\":127,\"height\":55,\"caption\":\"Vunder AS\"},\"image\":{\"@id\":\"https:\/\/www.hobstop.ee\/lv\/#\/schema\/logo\/image\/\"},\"sameAs\":[\"http:\/\/www.facebook.com\/VunderSkizze\"]}]}<\/script>\n<!-- \/ Yoast SEO plugin. -->","yoast_head_json":{"title":"Kr\u0101sa tekstilam Marabu Textil Plus 15ml &#8211; Skizze","robots":{"index":"noindex","follow":"follow","max-snippet":"max-snippet:-1","max-image-preview":"max-image-preview:large","max-video-preview":"max-video-preview:-1"},"og_locale":"lv_LV","og_type":"article","og_title":"Kr\u0101sa tekstilam Marabu Textil Plus 15ml &#8211; Skizze","og_description":"Uzlabojiet savu m\u012b\u013c\u0101ko tum\u0161as kr\u0101sas ap\u0123\u0113rbu ar auduma kr\u0101su Marabu Textil Plus! \u0160\u012b auduma kr\u0101sa ir veidota uz \u016bdens b\u0101zes un ide\u0101li piem\u0113rota skolas, izklaides un amatniec\u012bbas vajadz\u012bb\u0101m. Lai gan t\u0101 ir \u012bpa\u0161i piem\u0113rota tum\u0161iem audumiem, to var izmantot ar\u012b gai\u0161ai kokvilnai, lina, z\u012bda, d\u017eutas un jauktu \u0161\u0137iedru audumiem ar maksim\u0101lo m\u0101ksl\u012bgo \u0161\u0137iedru saturu 20% un bez apdares. Ide\u0101li piem\u0113rots kr\u0101so\u0161anai un trafar\u0113\u0161anai. Textil plus var mazg\u0101t l\u012bdz 40\u00b0C p\u0113c fiks\u0113\u0161anas (gludinot vai kr\u0101sn\u012b 150\u00b0C\/ 8 min.). Kr\u0101sas nodro\u0161ina lielisku p\u0101rkl\u0101jumu, atjauno iepriek\u0161\u0113jo spo\u017eumu, pieskaroties, \u013coti m\u012bkstas. Visas kr\u0101sas ir jaucamas. Stingr\u0101kiem un biez\u0101kiem audumiem ieteicams lietot biez\u0101ku kr\u0101sas k\u0101rtu.","og_url":"https:\/\/hobstop.ee\/lv\/produkts\/krasa-tekstilam-marabu-textil-plus-15ml\/","og_site_name":"Skizze","article_publisher":"http:\/\/www.facebook.com\/VunderSkizze","og_image":[{"width":1024,"height":768,"url":"https:\/\/hobstop.ee\/media\/4649.jpg","type":"image\/jpeg"}],"twitter_card":"summary_large_image","twitter_misc":{"Est. reading time":"1 min\u016b\u0161u"},"schema":{"@context":"https:\/\/schema.org","@graph":[{"@type":"WebPage","@id":"https:\/\/hobstop.ee\/lv\/produkts\/krasa-tekstilam-marabu-textil-plus-15ml\/","url":"https:\/\/hobstop.ee\/lv\/produkts\/krasa-tekstilam-marabu-textil-plus-15ml\/","name":"Kr\u0101sa tekstilam Marabu Textil Plus 15ml &#8211; Skizze","isPartOf":{"@id":"https:\/\/www.hobstop.ee\/lv\/#website"},"primaryImageOfPage":{"@id":"https:\/\/hobstop.ee\/lv\/produkts\/krasa-tekstilam-marabu-textil-plus-15ml\/#primaryimage"},"image":{"@id":"https:\/\/hobstop.ee\/lv\/produkts\/krasa-tekstilam-marabu-textil-plus-15ml\/#primaryimage"},"thumbnailUrl":"https:\/\/hobstop.ee\/media\/4649.jpg","datePublished":"2017-09-14T06:03:09+00:00","dateModified":"2017-09-14T06:03:09+00:00","breadcrumb":{"@id":"https:\/\/hobstop.ee\/lv\/produkts\/krasa-tekstilam-marabu-textil-plus-15ml\/#breadcrumb"},"inLanguage":"lv-LV","potentialAction":[{"@type":"ReadAction","target":["https:\/\/hobstop.ee\/lv\/produkts\/krasa-tekstilam-marabu-textil-plus-15ml\/"]}]},{"@type":"ImageObject","inLanguage":"lv-LV","@id":"https:\/\/hobstop.ee\/lv\/produkts\/krasa-tekstilam-marabu-textil-plus-15ml\/#primaryimage","url":"https:\/\/hobstop.ee\/media\/4649.jpg","contentUrl":"https:\/\/hobstop.ee\/media\/4649.jpg","width":1024,"height":768},{"@type":"BreadcrumbList","@id":"https:\/\/hobstop.ee\/lv\/produkts\/krasa-tekstilam-marabu-textil-plus-15ml\/#breadcrumb","itemListElement":[{"@type":"ListItem","position":1,"name":"Avaleht","item":"https:\/\/www.hobstop.ee\/lv\/"},{"@type":"ListItem","position":2,"name":"Veikals","item":"https:\/\/www.hobstop.ee\/lv\/veikals\/"},{"@type":"ListItem","position":3,"name":"Kr\u0101sa tekstilam Marabu Textil Plus 15ml"}]},{"@type":"WebSite","@id":"https:\/\/www.hobstop.ee\/lv\/#website","url":"https:\/\/www.hobstop.ee\/lv\/","name":"Skizze","description":"M\u0101kslas, hobiju un skolas preces","publisher":{"@id":"https:\/\/www.hobstop.ee\/lv\/#organization"},"potentialAction":[{"@type":"SearchAction","target":{"@type":"EntryPoint","urlTemplate":"https:\/\/www.hobstop.ee\/lv\/?s={search_term_string}"},"query-input":{"@type":"PropertyValueSpecification","valueRequired":true,"valueName":"search_term_string"}}],"inLanguage":"lv-LV"},{"@type":"Organization","@id":"https:\/\/www.hobstop.ee\/lv\/#organization","name":"Vunder AS","url":"https:\/\/www.hobstop.ee\/lv\/","logo":{"@type":"ImageObject","inLanguage":"lv-LV","@id":"https:\/\/www.hobstop.ee\/lv\/#\/schema\/logo\/image\/","url":"https:\/\/hobstop.ee\/media\/vunder-logo.png","contentUrl":"https:\/\/hobstop.ee\/media\/vunder-logo.png","width":127,"height":55,"caption":"Vunder AS"},"image":{"@id":"https:\/\/www.hobstop.ee\/lv\/#\/schema\/logo\/image\/"},"sameAs":["http:\/\/www.facebook.com\/VunderSkizze"]}]}},"_links":{"self":[{"href":"https:\/\/hobstop.ee\/lv\/wp-json\/wp\/v2\/product\/294525","targetHints":{"allow":["GET"]}}],"collection":[{"href":"https:\/\/hobstop.ee\/lv\/wp-json\/wp\/v2\/product"}],"about":[{"href":"https:\/\/hobstop.ee\/lv\/wp-json\/wp\/v2\/types\/product"}],"replies":[{"embeddable":true,"href":"https:\/\/hobstop.ee\/lv\/wp-json\/wp\/v2\/comments?post=294525"}],"wp:featuredmedia":[{"embeddable":true,"href":"https:\/\/hobstop.ee\/lv\/wp-json\/wp\/v2\/media\/353071"}],"wp:attachment":[{"href":"https:\/\/hobstop.ee\/lv\/wp-json\/wp\/v2\/media?parent=294525"}],"wp:term":[{"taxonomy":"product_cat","embeddable":true,"href":"https:\/\/hobstop.ee\/lv\/wp-json\/wp\/v2\/product_cat?post=294525"},{"taxonomy":"product_tag","embeddable":true,"href":"https:\/\/hobstop.ee\/lv\/wp-json\/wp\/v2\/product_tag?post=294525"}],"curies":[{"name":"wp","href":"https:\/\/api.w.org\/{rel}","templated":true}]}}