{"id":295424,"date":"2017-09-26T11:18:14","date_gmt":"2017-09-26T08:18:14","guid":{"rendered":"https:\/\/sharks.ee\/vunder_2019\/lv\/product\/pergamins-canson\/"},"modified":"2017-09-26T11:18:14","modified_gmt":"2017-09-26T08:18:14","slug":"pergamins-canson","status":"publish","type":"product","link":"https:\/\/hobstop.ee\/lv\/produkts\/pergamins-canson\/","title":{"rendered":"Pergam\u012bns Canson"},"content":{"rendered":"<p>Konserv\u0101cijas pap\u012bra loma ir m\u0101kslas darba vai dokumenta aizsardz\u012bba pret \u0101r\u0113jo faktoru rad\u012btajiem boj\u0101jumiem (gaisma, putek\u013ci, traipi, plaisas, asaras utt.) un ilgtermi\u0146a saglab\u0101\u0161ana. Canson pergam\u012bns ir pl\u0101ns, puscaursp\u012bd\u012bgs glaz\u0113tais pap\u012brs, ko izmanto, lai aizsarg\u0101tu trauslus dokumentus vai z\u012bm\u0113jumus (kas rad\u012bti ar z\u012bmuli, pasteli, kokogl\u0113m), nov\u0113r\u0161ot berzi. Piem\u0113rots insertiem, foto albumiem utt.<\/p>\n","protected":false},"excerpt":{"rendered":"<p>Konserv\u0101cijas pap\u012bra loma ir m\u0101kslas darba vai dokumenta aizsardz\u012bba pret \u0101r\u0113jo faktoru rad\u012btajiem boj\u0101jumiem (gaisma, putek\u013ci, traipi, plaisas, asaras utt.) un ilgtermi\u0146a saglab\u0101\u0161ana. Canson pergam\u012bns ir pl\u0101ns, puscaursp\u012bd\u012bgs glaz\u0113tais pap\u012brs, ko izmanto, lai aizsarg\u0101tu trauslus dokumentus vai z\u012bm\u0113jumus (kas rad\u012bti ar z\u012bmuli, pasteli, kokogl\u0113m), nov\u0113r\u0161ot berzi. Piem\u0113rots insertiem, foto albumiem utt.<\/p>\n","protected":false},"featured_media":295872,"comment_status":"closed","ping_status":"closed","template":"","meta":{"_acf_changed":false,"ep_exclude_from_search":false},"product_cat":[20210,17921,20213],"product_tag":[],"class_list":{"0":"post-295424","1":"product","2":"type-product","3":"status-publish","4":"has-post-thumbnail","6":"product_cat-arhivesanas-preces","7":"product_cat-papira-izstradajumi","8":"product_cat-papiri","10":"first","11":"outofstock","12":"taxable","13":"shipping-taxable","14":"purchasable","15":"product-type-simple"},"acf":[],"yoast_head":"<!-- This site is optimized with the Yoast SEO plugin v24.1 - https:\/\/yoast.com\/wordpress\/plugins\/seo\/ -->\n<title>Pergam\u012bns Canson &#8211; Skizze<\/title>\n<meta name=\"robots\" content=\"noindex, follow, max-snippet:-1, max-image-preview:large, max-video-preview:-1\" \/>\n<meta property=\"og:locale\" content=\"lv_LV\" \/>\n<meta property=\"og:type\" content=\"article\" \/>\n<meta property=\"og:title\" content=\"Pergam\u012bns Canson &#8211; Skizze\" \/>\n<meta property=\"og:description\" content=\"Konserv\u0101cijas pap\u012bra loma ir m\u0101kslas darba vai dokumenta aizsardz\u012bba pret \u0101r\u0113jo faktoru rad\u012btajiem boj\u0101jumiem (gaisma, putek\u013ci, traipi, plaisas, asaras utt.) un ilgtermi\u0146a saglab\u0101\u0161ana. Canson pergam\u012bns ir pl\u0101ns, puscaursp\u012bd\u012bgs glaz\u0113tais pap\u012brs, ko izmanto, lai aizsarg\u0101tu trauslus dokumentus vai z\u012bm\u0113jumus (kas rad\u012bti ar z\u012bmuli, pasteli, kokogl\u0113m), nov\u0113r\u0161ot berzi. Piem\u0113rots insertiem, foto albumiem utt.\" \/>\n<meta property=\"og:url\" content=\"https:\/\/hobstop.ee\/lv\/produkts\/pergamins-canson\/\" \/>\n<meta property=\"og:site_name\" content=\"Skizze\" \/>\n<meta property=\"article:publisher\" content=\"http:\/\/www.facebook.com\/VunderSkizze\" \/>\n<meta property=\"og:image\" content=\"https:\/\/hobstop.ee\/media\/4634.jpg\" \/>\n\t<meta property=\"og:image:width\" content=\"1024\" \/>\n\t<meta property=\"og:image:height\" content=\"768\" \/>\n\t<meta property=\"og:image:type\" content=\"image\/jpeg\" \/>\n<meta name=\"twitter:card\" content=\"summary_large_image\" \/>\n<script type=\"application\/ld+json\" class=\"yoast-schema-graph\">{\"@context\":\"https:\/\/schema.org\",\"@graph\":[{\"@type\":\"WebPage\",\"@id\":\"https:\/\/hobstop.ee\/lv\/produkts\/pergamins-canson\/\",\"url\":\"https:\/\/hobstop.ee\/lv\/produkts\/pergamins-canson\/\",\"name\":\"Pergam\u012bns Canson &#8211; Skizze\",\"isPartOf\":{\"@id\":\"https:\/\/hobstop.ee\/lv\/#website\"},\"primaryImageOfPage\":{\"@id\":\"https:\/\/hobstop.ee\/lv\/produkts\/pergamins-canson\/#primaryimage\"},\"image\":{\"@id\":\"https:\/\/hobstop.ee\/lv\/produkts\/pergamins-canson\/#primaryimage\"},\"thumbnailUrl\":\"https:\/\/hobstop.ee\/media\/4634.jpg\",\"datePublished\":\"2017-09-26T08:18:14+00:00\",\"dateModified\":\"2017-09-26T08:18:14+00:00\",\"breadcrumb\":{\"@id\":\"https:\/\/hobstop.ee\/lv\/produkts\/pergamins-canson\/#breadcrumb\"},\"inLanguage\":\"lv-LV\",\"potentialAction\":[{\"@type\":\"ReadAction\",\"target\":[\"https:\/\/hobstop.ee\/lv\/produkts\/pergamins-canson\/\"]}]},{\"@type\":\"ImageObject\",\"inLanguage\":\"lv-LV\",\"@id\":\"https:\/\/hobstop.ee\/lv\/produkts\/pergamins-canson\/#primaryimage\",\"url\":\"https:\/\/hobstop.ee\/media\/4634.jpg\",\"contentUrl\":\"https:\/\/hobstop.ee\/media\/4634.jpg\",\"width\":1024,\"height\":768},{\"@type\":\"BreadcrumbList\",\"@id\":\"https:\/\/hobstop.ee\/lv\/produkts\/pergamins-canson\/#breadcrumb\",\"itemListElement\":[{\"@type\":\"ListItem\",\"position\":1,\"name\":\"Avaleht\",\"item\":\"https:\/\/hobstop.ee\/lv\/\"},{\"@type\":\"ListItem\",\"position\":2,\"name\":\"Veikals\",\"item\":\"https:\/\/hobstop.ee\/lv\/veikals\/\"},{\"@type\":\"ListItem\",\"position\":3,\"name\":\"Pergam\u012bns Canson\"}]},{\"@type\":\"WebSite\",\"@id\":\"https:\/\/hobstop.ee\/lv\/#website\",\"url\":\"https:\/\/hobstop.ee\/lv\/\",\"name\":\"Skizze\",\"description\":\"M\u0101kslas, hobiju un skolas preces\",\"publisher\":{\"@id\":\"https:\/\/hobstop.ee\/lv\/#organization\"},\"potentialAction\":[{\"@type\":\"SearchAction\",\"target\":{\"@type\":\"EntryPoint\",\"urlTemplate\":\"https:\/\/hobstop.ee\/lv\/?s={search_term_string}\"},\"query-input\":{\"@type\":\"PropertyValueSpecification\",\"valueRequired\":true,\"valueName\":\"search_term_string\"}}],\"inLanguage\":\"lv-LV\"},{\"@type\":\"Organization\",\"@id\":\"https:\/\/hobstop.ee\/lv\/#organization\",\"name\":\"Vunder AS\",\"url\":\"https:\/\/hobstop.ee\/lv\/\",\"logo\":{\"@type\":\"ImageObject\",\"inLanguage\":\"lv-LV\",\"@id\":\"https:\/\/hobstop.ee\/lv\/#\/schema\/logo\/image\/\",\"url\":\"https:\/\/hobstop.ee\/media\/vunder-logo.png\",\"contentUrl\":\"https:\/\/hobstop.ee\/media\/vunder-logo.png\",\"width\":127,\"height\":55,\"caption\":\"Vunder AS\"},\"image\":{\"@id\":\"https:\/\/hobstop.ee\/lv\/#\/schema\/logo\/image\/\"},\"sameAs\":[\"http:\/\/www.facebook.com\/VunderSkizze\"]}]}<\/script>\n<!-- \/ Yoast SEO plugin. -->","yoast_head_json":{"title":"Pergam\u012bns Canson &#8211; Skizze","robots":{"index":"noindex","follow":"follow","max-snippet":"max-snippet:-1","max-image-preview":"max-image-preview:large","max-video-preview":"max-video-preview:-1"},"og_locale":"lv_LV","og_type":"article","og_title":"Pergam\u012bns Canson &#8211; Skizze","og_description":"Konserv\u0101cijas pap\u012bra loma ir m\u0101kslas darba vai dokumenta aizsardz\u012bba pret \u0101r\u0113jo faktoru rad\u012btajiem boj\u0101jumiem (gaisma, putek\u013ci, traipi, plaisas, asaras utt.) un ilgtermi\u0146a saglab\u0101\u0161ana. Canson pergam\u012bns ir pl\u0101ns, puscaursp\u012bd\u012bgs glaz\u0113tais pap\u012brs, ko izmanto, lai aizsarg\u0101tu trauslus dokumentus vai z\u012bm\u0113jumus (kas rad\u012bti ar z\u012bmuli, pasteli, kokogl\u0113m), nov\u0113r\u0161ot berzi. Piem\u0113rots insertiem, foto albumiem utt.","og_url":"https:\/\/hobstop.ee\/lv\/produkts\/pergamins-canson\/","og_site_name":"Skizze","article_publisher":"http:\/\/www.facebook.com\/VunderSkizze","og_image":[{"width":1024,"height":768,"url":"https:\/\/hobstop.ee\/media\/4634.jpg","type":"image\/jpeg"}],"twitter_card":"summary_large_image","schema":{"@context":"https:\/\/schema.org","@graph":[{"@type":"WebPage","@id":"https:\/\/hobstop.ee\/lv\/produkts\/pergamins-canson\/","url":"https:\/\/hobstop.ee\/lv\/produkts\/pergamins-canson\/","name":"Pergam\u012bns Canson &#8211; Skizze","isPartOf":{"@id":"https:\/\/hobstop.ee\/lv\/#website"},"primaryImageOfPage":{"@id":"https:\/\/hobstop.ee\/lv\/produkts\/pergamins-canson\/#primaryimage"},"image":{"@id":"https:\/\/hobstop.ee\/lv\/produkts\/pergamins-canson\/#primaryimage"},"thumbnailUrl":"https:\/\/hobstop.ee\/media\/4634.jpg","datePublished":"2017-09-26T08:18:14+00:00","dateModified":"2017-09-26T08:18:14+00:00","breadcrumb":{"@id":"https:\/\/hobstop.ee\/lv\/produkts\/pergamins-canson\/#breadcrumb"},"inLanguage":"lv-LV","potentialAction":[{"@type":"ReadAction","target":["https:\/\/hobstop.ee\/lv\/produkts\/pergamins-canson\/"]}]},{"@type":"ImageObject","inLanguage":"lv-LV","@id":"https:\/\/hobstop.ee\/lv\/produkts\/pergamins-canson\/#primaryimage","url":"https:\/\/hobstop.ee\/media\/4634.jpg","contentUrl":"https:\/\/hobstop.ee\/media\/4634.jpg","width":1024,"height":768},{"@type":"BreadcrumbList","@id":"https:\/\/hobstop.ee\/lv\/produkts\/pergamins-canson\/#breadcrumb","itemListElement":[{"@type":"ListItem","position":1,"name":"Avaleht","item":"https:\/\/hobstop.ee\/lv\/"},{"@type":"ListItem","position":2,"name":"Veikals","item":"https:\/\/hobstop.ee\/lv\/veikals\/"},{"@type":"ListItem","position":3,"name":"Pergam\u012bns Canson"}]},{"@type":"WebSite","@id":"https:\/\/hobstop.ee\/lv\/#website","url":"https:\/\/hobstop.ee\/lv\/","name":"Skizze","description":"M\u0101kslas, hobiju un skolas preces","publisher":{"@id":"https:\/\/hobstop.ee\/lv\/#organization"},"potentialAction":[{"@type":"SearchAction","target":{"@type":"EntryPoint","urlTemplate":"https:\/\/hobstop.ee\/lv\/?s={search_term_string}"},"query-input":{"@type":"PropertyValueSpecification","valueRequired":true,"valueName":"search_term_string"}}],"inLanguage":"lv-LV"},{"@type":"Organization","@id":"https:\/\/hobstop.ee\/lv\/#organization","name":"Vunder AS","url":"https:\/\/hobstop.ee\/lv\/","logo":{"@type":"ImageObject","inLanguage":"lv-LV","@id":"https:\/\/hobstop.ee\/lv\/#\/schema\/logo\/image\/","url":"https:\/\/hobstop.ee\/media\/vunder-logo.png","contentUrl":"https:\/\/hobstop.ee\/media\/vunder-logo.png","width":127,"height":55,"caption":"Vunder AS"},"image":{"@id":"https:\/\/hobstop.ee\/lv\/#\/schema\/logo\/image\/"},"sameAs":["http:\/\/www.facebook.com\/VunderSkizze"]}]}},"_links":{"self":[{"href":"https:\/\/hobstop.ee\/lv\/wp-json\/wp\/v2\/product\/295424","targetHints":{"allow":["GET"]}}],"collection":[{"href":"https:\/\/hobstop.ee\/lv\/wp-json\/wp\/v2\/product"}],"about":[{"href":"https:\/\/hobstop.ee\/lv\/wp-json\/wp\/v2\/types\/product"}],"replies":[{"embeddable":true,"href":"https:\/\/hobstop.ee\/lv\/wp-json\/wp\/v2\/comments?post=295424"}],"wp:featuredmedia":[{"embeddable":true,"href":"https:\/\/hobstop.ee\/lv\/wp-json\/wp\/v2\/media\/295872"}],"wp:attachment":[{"href":"https:\/\/hobstop.ee\/lv\/wp-json\/wp\/v2\/media?parent=295424"}],"wp:term":[{"taxonomy":"product_cat","embeddable":true,"href":"https:\/\/hobstop.ee\/lv\/wp-json\/wp\/v2\/product_cat?post=295424"},{"taxonomy":"product_tag","embeddable":true,"href":"https:\/\/hobstop.ee\/lv\/wp-json\/wp\/v2\/product_tag?post=295424"}],"curies":[{"name":"wp","href":"https:\/\/api.w.org\/{rel}","templated":true}]}}