{"id":295428,"date":"2017-09-26T11:18:15","date_gmt":"2017-09-26T08:18:15","guid":{"rendered":"https:\/\/sharks.ee\/vunder_2019\/lv\/product\/audekls-uz-ramja-reeves-kokvilna\/"},"modified":"2017-09-26T11:18:15","modified_gmt":"2017-09-26T08:18:15","slug":"audekls-uz-ramja-reeves-kokvilna","status":"publish","type":"product","link":"https:\/\/hobstop.ee\/lv\/produkts\/audekls-uz-ramja-reeves-kokvilna\/","title":{"rendered":"Audekls uz r\u0101mja Reeves kokvilna"},"content":{"rendered":"<p>Nevajag baid\u012bties no tuk\u0161a audekla, kad vien\u012bg\u0101 lieta, no kuras j\u0101baid\u0101s, ir neierobe\u017eotas rado\u0161as iesp\u0113jas! Reeves audekla sast\u0101v\u0101 ir 100% kokvilna (230g\/m\u00b2), tas nesatur sk\u0101bes, ar dubultu grunts p\u0101rkl\u0101jumu. Piestiprin\u0101ts pie r\u0101mja ar skav\u0101m aizmugur\u0113. \u0160\u012b virsma ir gatava e\u013c\u013cas vai akrila kr\u0101s\u0101m. Neatkar\u012bgi no t\u0101, vai t\u0101 ir ota vai paletes nazis, izmantojiet to dro\u0161i un izbaudiet pa\u0161u procesu! Koka \u0137\u012bl\u012b\u0161i ietverti komplekt\u0101.<\/p>\n","protected":false},"excerpt":{"rendered":"<p>Nevajag baid\u012bties no tuk\u0161a audekla, kad vien\u012bg\u0101 lieta, no kuras j\u0101baid\u0101s, ir neierobe\u017eotas rado\u0161as iesp\u0113jas! Reeves audekla sast\u0101v\u0101 ir 100% kokvilna (230g\/m\u00b2), tas nesatur sk\u0101bes, ar dubultu grunts p\u0101rkl\u0101jumu. Piestiprin\u0101ts pie r\u0101mja ar skav\u0101m aizmugur\u0113. \u0160\u012b virsma ir gatava e\u013c\u013cas vai akrila kr\u0101s\u0101m. Neatkar\u012bgi no t\u0101, vai t\u0101 ir ota vai paletes nazis, izmantojiet to dro\u0161i un izbaudiet pa\u0161u procesu! Koka \u0137\u012bl\u012b\u0161i ietverti komplekt\u0101.<\/p>\n","protected":false},"featured_media":0,"comment_status":"closed","ping_status":"closed","template":"","meta":{"_acf_changed":false,"ep_exclude_from_search":false},"product_cat":[17977,18347,16123],"product_tag":[],"class_list":{"0":"post-295428","1":"product","2":"type-product","3":"status-publish","5":"product_cat-audekli-un-gleznosanas-paligmateriali","6":"product_cat-elastigs-audekls-uz-ramja-2","7":"product_cat-makslas-piederumi-2","9":"first","10":"instock","11":"taxable","12":"shipping-taxable","13":"purchasable","14":"product-type-simple"},"acf":[],"yoast_head":"<!-- This site is optimized with the Yoast SEO plugin v24.1 - https:\/\/yoast.com\/wordpress\/plugins\/seo\/ -->\n<title>Audekls uz r\u0101mja Reeves kokvilna &#8211; Skizze<\/title>\n<meta name=\"robots\" content=\"noindex, follow, max-snippet:-1, max-image-preview:large, max-video-preview:-1\" \/>\n<meta property=\"og:locale\" content=\"lv_LV\" \/>\n<meta property=\"og:type\" content=\"article\" \/>\n<meta property=\"og:title\" content=\"Audekls uz r\u0101mja Reeves kokvilna &#8211; Skizze\" \/>\n<meta property=\"og:description\" content=\"Nevajag baid\u012bties no tuk\u0161a audekla, kad vien\u012bg\u0101 lieta, no kuras j\u0101baid\u0101s, ir neierobe\u017eotas rado\u0161as iesp\u0113jas! Reeves audekla sast\u0101v\u0101 ir 100% kokvilna (230g\/m\u00b2), tas nesatur sk\u0101bes, ar dubultu grunts p\u0101rkl\u0101jumu. Piestiprin\u0101ts pie r\u0101mja ar skav\u0101m aizmugur\u0113. \u0160\u012b virsma ir gatava e\u013c\u013cas vai akrila kr\u0101s\u0101m. Neatkar\u012bgi no t\u0101, vai t\u0101 ir ota vai paletes nazis, izmantojiet to dro\u0161i un izbaudiet pa\u0161u procesu! Koka \u0137\u012bl\u012b\u0161i ietverti komplekt\u0101.\" \/>\n<meta property=\"og:url\" content=\"https:\/\/hobstop.ee\/lv\/produkts\/audekls-uz-ramja-reeves-kokvilna\/\" \/>\n<meta property=\"og:site_name\" content=\"Skizze\" \/>\n<meta property=\"article:publisher\" content=\"http:\/\/www.facebook.com\/VunderSkizze\" \/>\n<meta name=\"twitter:card\" content=\"summary_large_image\" \/>\n<script type=\"application\/ld+json\" class=\"yoast-schema-graph\">{\"@context\":\"https:\/\/schema.org\",\"@graph\":[{\"@type\":\"WebPage\",\"@id\":\"https:\/\/hobstop.ee\/lv\/produkts\/audekls-uz-ramja-reeves-kokvilna\/\",\"url\":\"https:\/\/hobstop.ee\/lv\/produkts\/audekls-uz-ramja-reeves-kokvilna\/\",\"name\":\"Audekls uz r\u0101mja Reeves kokvilna &#8211; Skizze\",\"isPartOf\":{\"@id\":\"https:\/\/hobstop.ee\/lv\/#website\"},\"datePublished\":\"2017-09-26T08:18:15+00:00\",\"dateModified\":\"2017-09-26T08:18:15+00:00\",\"breadcrumb\":{\"@id\":\"https:\/\/hobstop.ee\/lv\/produkts\/audekls-uz-ramja-reeves-kokvilna\/#breadcrumb\"},\"inLanguage\":\"lv-LV\",\"potentialAction\":[{\"@type\":\"ReadAction\",\"target\":[\"https:\/\/hobstop.ee\/lv\/produkts\/audekls-uz-ramja-reeves-kokvilna\/\"]}]},{\"@type\":\"BreadcrumbList\",\"@id\":\"https:\/\/hobstop.ee\/lv\/produkts\/audekls-uz-ramja-reeves-kokvilna\/#breadcrumb\",\"itemListElement\":[{\"@type\":\"ListItem\",\"position\":1,\"name\":\"Avaleht\",\"item\":\"https:\/\/hobstop.ee\/lv\/\"},{\"@type\":\"ListItem\",\"position\":2,\"name\":\"Veikals\",\"item\":\"https:\/\/hobstop.ee\/lv\/veikals\/\"},{\"@type\":\"ListItem\",\"position\":3,\"name\":\"Audekls uz r\u0101mja Reeves kokvilna\"}]},{\"@type\":\"WebSite\",\"@id\":\"https:\/\/hobstop.ee\/lv\/#website\",\"url\":\"https:\/\/hobstop.ee\/lv\/\",\"name\":\"Skizze\",\"description\":\"M\u0101kslas, hobiju un skolas preces\",\"publisher\":{\"@id\":\"https:\/\/hobstop.ee\/lv\/#organization\"},\"potentialAction\":[{\"@type\":\"SearchAction\",\"target\":{\"@type\":\"EntryPoint\",\"urlTemplate\":\"https:\/\/hobstop.ee\/lv\/?s={search_term_string}\"},\"query-input\":{\"@type\":\"PropertyValueSpecification\",\"valueRequired\":true,\"valueName\":\"search_term_string\"}}],\"inLanguage\":\"lv-LV\"},{\"@type\":\"Organization\",\"@id\":\"https:\/\/hobstop.ee\/lv\/#organization\",\"name\":\"Vunder AS\",\"url\":\"https:\/\/hobstop.ee\/lv\/\",\"logo\":{\"@type\":\"ImageObject\",\"inLanguage\":\"lv-LV\",\"@id\":\"https:\/\/hobstop.ee\/lv\/#\/schema\/logo\/image\/\",\"url\":\"https:\/\/hobstop.ee\/media\/vunder-logo.png\",\"contentUrl\":\"https:\/\/hobstop.ee\/media\/vunder-logo.png\",\"width\":127,\"height\":55,\"caption\":\"Vunder AS\"},\"image\":{\"@id\":\"https:\/\/hobstop.ee\/lv\/#\/schema\/logo\/image\/\"},\"sameAs\":[\"http:\/\/www.facebook.com\/VunderSkizze\"]}]}<\/script>\n<!-- \/ Yoast SEO plugin. -->","yoast_head_json":{"title":"Audekls uz r\u0101mja Reeves kokvilna &#8211; Skizze","robots":{"index":"noindex","follow":"follow","max-snippet":"max-snippet:-1","max-image-preview":"max-image-preview:large","max-video-preview":"max-video-preview:-1"},"og_locale":"lv_LV","og_type":"article","og_title":"Audekls uz r\u0101mja Reeves kokvilna &#8211; Skizze","og_description":"Nevajag baid\u012bties no tuk\u0161a audekla, kad vien\u012bg\u0101 lieta, no kuras j\u0101baid\u0101s, ir neierobe\u017eotas rado\u0161as iesp\u0113jas! Reeves audekla sast\u0101v\u0101 ir 100% kokvilna (230g\/m\u00b2), tas nesatur sk\u0101bes, ar dubultu grunts p\u0101rkl\u0101jumu. Piestiprin\u0101ts pie r\u0101mja ar skav\u0101m aizmugur\u0113. \u0160\u012b virsma ir gatava e\u013c\u013cas vai akrila kr\u0101s\u0101m. Neatkar\u012bgi no t\u0101, vai t\u0101 ir ota vai paletes nazis, izmantojiet to dro\u0161i un izbaudiet pa\u0161u procesu! Koka \u0137\u012bl\u012b\u0161i ietverti komplekt\u0101.","og_url":"https:\/\/hobstop.ee\/lv\/produkts\/audekls-uz-ramja-reeves-kokvilna\/","og_site_name":"Skizze","article_publisher":"http:\/\/www.facebook.com\/VunderSkizze","twitter_card":"summary_large_image","schema":{"@context":"https:\/\/schema.org","@graph":[{"@type":"WebPage","@id":"https:\/\/hobstop.ee\/lv\/produkts\/audekls-uz-ramja-reeves-kokvilna\/","url":"https:\/\/hobstop.ee\/lv\/produkts\/audekls-uz-ramja-reeves-kokvilna\/","name":"Audekls uz r\u0101mja Reeves kokvilna &#8211; Skizze","isPartOf":{"@id":"https:\/\/hobstop.ee\/lv\/#website"},"datePublished":"2017-09-26T08:18:15+00:00","dateModified":"2017-09-26T08:18:15+00:00","breadcrumb":{"@id":"https:\/\/hobstop.ee\/lv\/produkts\/audekls-uz-ramja-reeves-kokvilna\/#breadcrumb"},"inLanguage":"lv-LV","potentialAction":[{"@type":"ReadAction","target":["https:\/\/hobstop.ee\/lv\/produkts\/audekls-uz-ramja-reeves-kokvilna\/"]}]},{"@type":"BreadcrumbList","@id":"https:\/\/hobstop.ee\/lv\/produkts\/audekls-uz-ramja-reeves-kokvilna\/#breadcrumb","itemListElement":[{"@type":"ListItem","position":1,"name":"Avaleht","item":"https:\/\/hobstop.ee\/lv\/"},{"@type":"ListItem","position":2,"name":"Veikals","item":"https:\/\/hobstop.ee\/lv\/veikals\/"},{"@type":"ListItem","position":3,"name":"Audekls uz r\u0101mja Reeves kokvilna"}]},{"@type":"WebSite","@id":"https:\/\/hobstop.ee\/lv\/#website","url":"https:\/\/hobstop.ee\/lv\/","name":"Skizze","description":"M\u0101kslas, hobiju un skolas preces","publisher":{"@id":"https:\/\/hobstop.ee\/lv\/#organization"},"potentialAction":[{"@type":"SearchAction","target":{"@type":"EntryPoint","urlTemplate":"https:\/\/hobstop.ee\/lv\/?s={search_term_string}"},"query-input":{"@type":"PropertyValueSpecification","valueRequired":true,"valueName":"search_term_string"}}],"inLanguage":"lv-LV"},{"@type":"Organization","@id":"https:\/\/hobstop.ee\/lv\/#organization","name":"Vunder AS","url":"https:\/\/hobstop.ee\/lv\/","logo":{"@type":"ImageObject","inLanguage":"lv-LV","@id":"https:\/\/hobstop.ee\/lv\/#\/schema\/logo\/image\/","url":"https:\/\/hobstop.ee\/media\/vunder-logo.png","contentUrl":"https:\/\/hobstop.ee\/media\/vunder-logo.png","width":127,"height":55,"caption":"Vunder AS"},"image":{"@id":"https:\/\/hobstop.ee\/lv\/#\/schema\/logo\/image\/"},"sameAs":["http:\/\/www.facebook.com\/VunderSkizze"]}]}},"_links":{"self":[{"href":"https:\/\/hobstop.ee\/lv\/wp-json\/wp\/v2\/product\/295428","targetHints":{"allow":["GET"]}}],"collection":[{"href":"https:\/\/hobstop.ee\/lv\/wp-json\/wp\/v2\/product"}],"about":[{"href":"https:\/\/hobstop.ee\/lv\/wp-json\/wp\/v2\/types\/product"}],"replies":[{"embeddable":true,"href":"https:\/\/hobstop.ee\/lv\/wp-json\/wp\/v2\/comments?post=295428"}],"wp:attachment":[{"href":"https:\/\/hobstop.ee\/lv\/wp-json\/wp\/v2\/media?parent=295428"}],"wp:term":[{"taxonomy":"product_cat","embeddable":true,"href":"https:\/\/hobstop.ee\/lv\/wp-json\/wp\/v2\/product_cat?post=295428"},{"taxonomy":"product_tag","embeddable":true,"href":"https:\/\/hobstop.ee\/lv\/wp-json\/wp\/v2\/product_tag?post=295428"}],"curies":[{"name":"wp","href":"https:\/\/api.w.org\/{rel}","templated":true}]}}