{"id":295432,"date":"2017-09-26T11:18:16","date_gmt":"2017-09-26T08:18:16","guid":{"rendered":"https:\/\/sharks.ee\/vunder_2019\/lv\/product\/audekls-uz-ramja-lb-classic-kokvilna\/"},"modified":"2017-09-26T11:18:16","modified_gmt":"2017-09-26T08:18:16","slug":"audekls-uz-ramja-lb-classic-kokvilna","status":"publish","type":"product","link":"https:\/\/hobstop.ee\/lv\/produkts\/audekls-uz-ramja-lb-classic-kokvilna\/","title":{"rendered":"Audekls uz r\u0101mja LB Classic kokvilna"},"content":{"rendered":"<p>Kop\u0161 1720. gada Lefranc Bourgeois ir slavens ar m\u0101kslas kr\u0101s\u0101m, materi\u0101liem un instrumentiem. Lefranc Bourgeois audekli uz r\u0101mjiem tiek izgatavoti p\u0113c gadu desmitos izstr\u0101d\u0101tiem augst\u0101k\u0101s klases standartiem. Audekli ir uzst\u0101d\u012bti ar rok\u0101m un r\u016bp\u012bgi sagatavoti, lai izceltu vislab\u0101k\u0101s kr\u0101su \u012bpa\u0161\u012bbas. LB Classic kokvilnas audekls ir izgatavots no 100% kokvilnas (350g\/m\u00b2) un grunt\u0113ts ar \u013coti pigment\u0113tu tit\u0101na dioks\u012bda masu, nodro\u0161inot liel\u0101ku p\u0101rkl\u0101jumu un kr\u0101su sniegumu. Podnieku kr\u0101sn\u012bs \u017e\u0101v\u0113t\u0101s l\u012bstes ir izgatavotas no egles un ir iztur\u012bgi pret mitrumu un deform\u0101ciju. S\u0101nos piestiprin\u0101tais audekls nodro\u0161ina tradicion\u0101lu un profesion\u0101lu izpild\u012bjumu. Audekls tiek uzvilkts manu\u0101li, nodro\u0161inot, ka audekls ir optim\u0101li nospriegots. Augsta kvalit\u0101te, esatur sk\u0101bes, ilgsto\u0161a iztur\u012bba. Koka \u0137\u012bl\u012b\u0161i ietverti komplekt\u0101. Piem\u0113rots e\u013c\u013cai un akrilam.<\/p>\n","protected":false},"excerpt":{"rendered":"<p>Kop\u0161 1720. gada Lefranc Bourgeois ir slavens ar m\u0101kslas kr\u0101s\u0101m, materi\u0101liem un instrumentiem. Lefranc Bourgeois audekli uz r\u0101mjiem tiek izgatavoti p\u0113c gadu desmitos izstr\u0101d\u0101tiem augst\u0101k\u0101s klases standartiem. Audekli ir uzst\u0101d\u012bti ar rok\u0101m un r\u016bp\u012bgi sagatavoti, lai izceltu vislab\u0101k\u0101s kr\u0101su \u012bpa\u0161\u012bbas. LB Classic kokvilnas audekls ir izgatavots no 100% kokvilnas (350g\/m\u00b2) un grunt\u0113ts ar \u013coti pigment\u0113tu tit\u0101na dioks\u012bda masu, nodro\u0161inot liel\u0101ku p\u0101rkl\u0101jumu un kr\u0101su sniegumu. Podnieku kr\u0101sn\u012bs \u017e\u0101v\u0113t\u0101s l\u012bstes ir izgatavotas no egles un ir iztur\u012bgi pret mitrumu un deform\u0101ciju. S\u0101nos piestiprin\u0101tais audekls nodro\u0161ina tradicion\u0101lu un profesion\u0101lu izpild\u012bjumu. Audekls tiek uzvilkts manu\u0101li, nodro\u0161inot, ka audekls ir optim\u0101li nospriegots. Augsta kvalit\u0101te, esatur sk\u0101bes, ilgsto\u0161a iztur\u012bba. Koka \u0137\u012bl\u012b\u0161i ietverti komplekt\u0101. Piem\u0113rots e\u013c\u013cai un akrilam.<\/p>\n","protected":false},"featured_media":295880,"comment_status":"closed","ping_status":"closed","template":"","meta":{"_acf_changed":false,"ep_exclude_from_search":false},"product_cat":[17977,18347,16123],"product_tag":[],"class_list":{"0":"post-295432","1":"product","2":"type-product","3":"status-publish","4":"has-post-thumbnail","6":"product_cat-audekli-un-gleznosanas-paligmateriali","7":"product_cat-elastigs-audekls-uz-ramja-2","8":"product_cat-makslas-piederumi-2","10":"first","11":"instock","12":"taxable","13":"shipping-taxable","14":"purchasable","15":"product-type-simple"},"acf":[],"yoast_head":"<!-- This site is optimized with the Yoast SEO plugin v24.1 - https:\/\/yoast.com\/wordpress\/plugins\/seo\/ -->\n<title>Audekls uz r\u0101mja LB Classic kokvilna &#8211; Skizze<\/title>\n<meta name=\"robots\" content=\"noindex, follow, max-snippet:-1, max-image-preview:large, max-video-preview:-1\" \/>\n<meta property=\"og:locale\" content=\"lv_LV\" \/>\n<meta property=\"og:type\" content=\"article\" \/>\n<meta property=\"og:title\" content=\"Audekls uz r\u0101mja LB Classic kokvilna &#8211; Skizze\" \/>\n<meta property=\"og:description\" content=\"Kop\u0161 1720. gada Lefranc Bourgeois ir slavens ar m\u0101kslas kr\u0101s\u0101m, materi\u0101liem un instrumentiem. Lefranc Bourgeois audekli uz r\u0101mjiem tiek izgatavoti p\u0113c gadu desmitos izstr\u0101d\u0101tiem augst\u0101k\u0101s klases standartiem. Audekli ir uzst\u0101d\u012bti ar rok\u0101m un r\u016bp\u012bgi sagatavoti, lai izceltu vislab\u0101k\u0101s kr\u0101su \u012bpa\u0161\u012bbas. LB Classic kokvilnas audekls ir izgatavots no 100% kokvilnas (350g\/m\u00b2) un grunt\u0113ts ar \u013coti pigment\u0113tu tit\u0101na dioks\u012bda masu, nodro\u0161inot liel\u0101ku p\u0101rkl\u0101jumu un kr\u0101su sniegumu. Podnieku kr\u0101sn\u012bs \u017e\u0101v\u0113t\u0101s l\u012bstes ir izgatavotas no egles un ir iztur\u012bgi pret mitrumu un deform\u0101ciju. S\u0101nos piestiprin\u0101tais audekls nodro\u0161ina tradicion\u0101lu un profesion\u0101lu izpild\u012bjumu. Audekls tiek uzvilkts manu\u0101li, nodro\u0161inot, ka audekls ir optim\u0101li nospriegots. Augsta kvalit\u0101te, esatur sk\u0101bes, ilgsto\u0161a iztur\u012bba. Koka \u0137\u012bl\u012b\u0161i ietverti komplekt\u0101. Piem\u0113rots e\u013c\u013cai un akrilam.\" \/>\n<meta property=\"og:url\" content=\"https:\/\/hobstop.ee\/lv\/produkts\/audekls-uz-ramja-lb-classic-kokvilna\/\" \/>\n<meta property=\"og:site_name\" content=\"Skizze\" \/>\n<meta property=\"article:publisher\" content=\"http:\/\/www.facebook.com\/VunderSkizze\" \/>\n<meta property=\"og:image\" content=\"https:\/\/hobstop.ee\/media\/4645.jpg\" \/>\n\t<meta property=\"og:image:width\" content=\"1024\" \/>\n\t<meta property=\"og:image:height\" content=\"768\" \/>\n\t<meta property=\"og:image:type\" content=\"image\/jpeg\" \/>\n<meta name=\"twitter:card\" content=\"summary_large_image\" \/>\n<meta name=\"twitter:label1\" content=\"Est. reading time\" \/>\n\t<meta name=\"twitter:data1\" content=\"1 min\u016b\u0161u\" \/>\n<script type=\"application\/ld+json\" class=\"yoast-schema-graph\">{\"@context\":\"https:\/\/schema.org\",\"@graph\":[{\"@type\":\"WebPage\",\"@id\":\"https:\/\/hobstop.ee\/lv\/produkts\/audekls-uz-ramja-lb-classic-kokvilna\/\",\"url\":\"https:\/\/hobstop.ee\/lv\/produkts\/audekls-uz-ramja-lb-classic-kokvilna\/\",\"name\":\"Audekls uz r\u0101mja LB Classic kokvilna &#8211; Skizze\",\"isPartOf\":{\"@id\":\"https:\/\/hobstop.ee\/lv\/#website\"},\"primaryImageOfPage\":{\"@id\":\"https:\/\/hobstop.ee\/lv\/produkts\/audekls-uz-ramja-lb-classic-kokvilna\/#primaryimage\"},\"image\":{\"@id\":\"https:\/\/hobstop.ee\/lv\/produkts\/audekls-uz-ramja-lb-classic-kokvilna\/#primaryimage\"},\"thumbnailUrl\":\"https:\/\/hobstop.ee\/media\/4645.jpg\",\"datePublished\":\"2017-09-26T08:18:16+00:00\",\"dateModified\":\"2017-09-26T08:18:16+00:00\",\"breadcrumb\":{\"@id\":\"https:\/\/hobstop.ee\/lv\/produkts\/audekls-uz-ramja-lb-classic-kokvilna\/#breadcrumb\"},\"inLanguage\":\"lv-LV\",\"potentialAction\":[{\"@type\":\"ReadAction\",\"target\":[\"https:\/\/hobstop.ee\/lv\/produkts\/audekls-uz-ramja-lb-classic-kokvilna\/\"]}]},{\"@type\":\"ImageObject\",\"inLanguage\":\"lv-LV\",\"@id\":\"https:\/\/hobstop.ee\/lv\/produkts\/audekls-uz-ramja-lb-classic-kokvilna\/#primaryimage\",\"url\":\"https:\/\/hobstop.ee\/media\/4645.jpg\",\"contentUrl\":\"https:\/\/hobstop.ee\/media\/4645.jpg\",\"width\":1024,\"height\":768},{\"@type\":\"BreadcrumbList\",\"@id\":\"https:\/\/hobstop.ee\/lv\/produkts\/audekls-uz-ramja-lb-classic-kokvilna\/#breadcrumb\",\"itemListElement\":[{\"@type\":\"ListItem\",\"position\":1,\"name\":\"Avaleht\",\"item\":\"https:\/\/hobstop.ee\/lv\/\"},{\"@type\":\"ListItem\",\"position\":2,\"name\":\"Veikals\",\"item\":\"https:\/\/hobstop.ee\/lv\/veikals\/\"},{\"@type\":\"ListItem\",\"position\":3,\"name\":\"Audekls uz r\u0101mja LB Classic kokvilna\"}]},{\"@type\":\"WebSite\",\"@id\":\"https:\/\/hobstop.ee\/lv\/#website\",\"url\":\"https:\/\/hobstop.ee\/lv\/\",\"name\":\"Skizze\",\"description\":\"M\u0101kslas, hobiju un skolas preces\",\"publisher\":{\"@id\":\"https:\/\/hobstop.ee\/lv\/#organization\"},\"potentialAction\":[{\"@type\":\"SearchAction\",\"target\":{\"@type\":\"EntryPoint\",\"urlTemplate\":\"https:\/\/hobstop.ee\/lv\/?s={search_term_string}\"},\"query-input\":{\"@type\":\"PropertyValueSpecification\",\"valueRequired\":true,\"valueName\":\"search_term_string\"}}],\"inLanguage\":\"lv-LV\"},{\"@type\":\"Organization\",\"@id\":\"https:\/\/hobstop.ee\/lv\/#organization\",\"name\":\"Vunder AS\",\"url\":\"https:\/\/hobstop.ee\/lv\/\",\"logo\":{\"@type\":\"ImageObject\",\"inLanguage\":\"lv-LV\",\"@id\":\"https:\/\/hobstop.ee\/lv\/#\/schema\/logo\/image\/\",\"url\":\"https:\/\/hobstop.ee\/media\/vunder-logo.png\",\"contentUrl\":\"https:\/\/hobstop.ee\/media\/vunder-logo.png\",\"width\":127,\"height\":55,\"caption\":\"Vunder AS\"},\"image\":{\"@id\":\"https:\/\/hobstop.ee\/lv\/#\/schema\/logo\/image\/\"},\"sameAs\":[\"http:\/\/www.facebook.com\/VunderSkizze\"]}]}<\/script>\n<!-- \/ Yoast SEO plugin. -->","yoast_head_json":{"title":"Audekls uz r\u0101mja LB Classic kokvilna &#8211; Skizze","robots":{"index":"noindex","follow":"follow","max-snippet":"max-snippet:-1","max-image-preview":"max-image-preview:large","max-video-preview":"max-video-preview:-1"},"og_locale":"lv_LV","og_type":"article","og_title":"Audekls uz r\u0101mja LB Classic kokvilna &#8211; Skizze","og_description":"Kop\u0161 1720. gada Lefranc Bourgeois ir slavens ar m\u0101kslas kr\u0101s\u0101m, materi\u0101liem un instrumentiem. Lefranc Bourgeois audekli uz r\u0101mjiem tiek izgatavoti p\u0113c gadu desmitos izstr\u0101d\u0101tiem augst\u0101k\u0101s klases standartiem. Audekli ir uzst\u0101d\u012bti ar rok\u0101m un r\u016bp\u012bgi sagatavoti, lai izceltu vislab\u0101k\u0101s kr\u0101su \u012bpa\u0161\u012bbas. LB Classic kokvilnas audekls ir izgatavots no 100% kokvilnas (350g\/m\u00b2) un grunt\u0113ts ar \u013coti pigment\u0113tu tit\u0101na dioks\u012bda masu, nodro\u0161inot liel\u0101ku p\u0101rkl\u0101jumu un kr\u0101su sniegumu. Podnieku kr\u0101sn\u012bs \u017e\u0101v\u0113t\u0101s l\u012bstes ir izgatavotas no egles un ir iztur\u012bgi pret mitrumu un deform\u0101ciju. S\u0101nos piestiprin\u0101tais audekls nodro\u0161ina tradicion\u0101lu un profesion\u0101lu izpild\u012bjumu. Audekls tiek uzvilkts manu\u0101li, nodro\u0161inot, ka audekls ir optim\u0101li nospriegots. Augsta kvalit\u0101te, esatur sk\u0101bes, ilgsto\u0161a iztur\u012bba. Koka \u0137\u012bl\u012b\u0161i ietverti komplekt\u0101. Piem\u0113rots e\u013c\u013cai un akrilam.","og_url":"https:\/\/hobstop.ee\/lv\/produkts\/audekls-uz-ramja-lb-classic-kokvilna\/","og_site_name":"Skizze","article_publisher":"http:\/\/www.facebook.com\/VunderSkizze","og_image":[{"width":1024,"height":768,"url":"https:\/\/hobstop.ee\/media\/4645.jpg","type":"image\/jpeg"}],"twitter_card":"summary_large_image","twitter_misc":{"Est. reading time":"1 min\u016b\u0161u"},"schema":{"@context":"https:\/\/schema.org","@graph":[{"@type":"WebPage","@id":"https:\/\/hobstop.ee\/lv\/produkts\/audekls-uz-ramja-lb-classic-kokvilna\/","url":"https:\/\/hobstop.ee\/lv\/produkts\/audekls-uz-ramja-lb-classic-kokvilna\/","name":"Audekls uz r\u0101mja LB Classic kokvilna &#8211; Skizze","isPartOf":{"@id":"https:\/\/hobstop.ee\/lv\/#website"},"primaryImageOfPage":{"@id":"https:\/\/hobstop.ee\/lv\/produkts\/audekls-uz-ramja-lb-classic-kokvilna\/#primaryimage"},"image":{"@id":"https:\/\/hobstop.ee\/lv\/produkts\/audekls-uz-ramja-lb-classic-kokvilna\/#primaryimage"},"thumbnailUrl":"https:\/\/hobstop.ee\/media\/4645.jpg","datePublished":"2017-09-26T08:18:16+00:00","dateModified":"2017-09-26T08:18:16+00:00","breadcrumb":{"@id":"https:\/\/hobstop.ee\/lv\/produkts\/audekls-uz-ramja-lb-classic-kokvilna\/#breadcrumb"},"inLanguage":"lv-LV","potentialAction":[{"@type":"ReadAction","target":["https:\/\/hobstop.ee\/lv\/produkts\/audekls-uz-ramja-lb-classic-kokvilna\/"]}]},{"@type":"ImageObject","inLanguage":"lv-LV","@id":"https:\/\/hobstop.ee\/lv\/produkts\/audekls-uz-ramja-lb-classic-kokvilna\/#primaryimage","url":"https:\/\/hobstop.ee\/media\/4645.jpg","contentUrl":"https:\/\/hobstop.ee\/media\/4645.jpg","width":1024,"height":768},{"@type":"BreadcrumbList","@id":"https:\/\/hobstop.ee\/lv\/produkts\/audekls-uz-ramja-lb-classic-kokvilna\/#breadcrumb","itemListElement":[{"@type":"ListItem","position":1,"name":"Avaleht","item":"https:\/\/hobstop.ee\/lv\/"},{"@type":"ListItem","position":2,"name":"Veikals","item":"https:\/\/hobstop.ee\/lv\/veikals\/"},{"@type":"ListItem","position":3,"name":"Audekls uz r\u0101mja LB Classic kokvilna"}]},{"@type":"WebSite","@id":"https:\/\/hobstop.ee\/lv\/#website","url":"https:\/\/hobstop.ee\/lv\/","name":"Skizze","description":"M\u0101kslas, hobiju un skolas preces","publisher":{"@id":"https:\/\/hobstop.ee\/lv\/#organization"},"potentialAction":[{"@type":"SearchAction","target":{"@type":"EntryPoint","urlTemplate":"https:\/\/hobstop.ee\/lv\/?s={search_term_string}"},"query-input":{"@type":"PropertyValueSpecification","valueRequired":true,"valueName":"search_term_string"}}],"inLanguage":"lv-LV"},{"@type":"Organization","@id":"https:\/\/hobstop.ee\/lv\/#organization","name":"Vunder AS","url":"https:\/\/hobstop.ee\/lv\/","logo":{"@type":"ImageObject","inLanguage":"lv-LV","@id":"https:\/\/hobstop.ee\/lv\/#\/schema\/logo\/image\/","url":"https:\/\/hobstop.ee\/media\/vunder-logo.png","contentUrl":"https:\/\/hobstop.ee\/media\/vunder-logo.png","width":127,"height":55,"caption":"Vunder AS"},"image":{"@id":"https:\/\/hobstop.ee\/lv\/#\/schema\/logo\/image\/"},"sameAs":["http:\/\/www.facebook.com\/VunderSkizze"]}]}},"_links":{"self":[{"href":"https:\/\/hobstop.ee\/lv\/wp-json\/wp\/v2\/product\/295432","targetHints":{"allow":["GET"]}}],"collection":[{"href":"https:\/\/hobstop.ee\/lv\/wp-json\/wp\/v2\/product"}],"about":[{"href":"https:\/\/hobstop.ee\/lv\/wp-json\/wp\/v2\/types\/product"}],"replies":[{"embeddable":true,"href":"https:\/\/hobstop.ee\/lv\/wp-json\/wp\/v2\/comments?post=295432"}],"wp:featuredmedia":[{"embeddable":true,"href":"https:\/\/hobstop.ee\/lv\/wp-json\/wp\/v2\/media\/295880"}],"wp:attachment":[{"href":"https:\/\/hobstop.ee\/lv\/wp-json\/wp\/v2\/media?parent=295432"}],"wp:term":[{"taxonomy":"product_cat","embeddable":true,"href":"https:\/\/hobstop.ee\/lv\/wp-json\/wp\/v2\/product_cat?post=295432"},{"taxonomy":"product_tag","embeddable":true,"href":"https:\/\/hobstop.ee\/lv\/wp-json\/wp\/v2\/product_tag?post=295432"}],"curies":[{"name":"wp","href":"https:\/\/api.w.org\/{rel}","templated":true}]}}