{"id":295436,"date":"2017-09-26T11:18:17","date_gmt":"2017-09-26T08:18:17","guid":{"rendered":"https:\/\/sharks.ee\/vunder_2019\/lv\/product\/audekls-uz-ramja-winsornewton-classic-kokvilna-uz-bieza-ramja\/"},"modified":"2017-09-26T11:18:17","modified_gmt":"2017-09-26T08:18:17","slug":"audekls-uz-ramja-winsornewton-classic-kokvilna-uz-bieza-ramja","status":"publish","type":"product","link":"https:\/\/hobstop.ee\/lv\/produkts\/audekls-uz-ramja-winsornewton-classic-kokvilna-uz-bieza-ramja\/","title":{"rendered":"Audekls uz r\u0101mja Winsor&#038;Newton Classic kokvilna uz biez\u0101 r\u0101mja"},"content":{"rendered":"<p>Kop\u0161 1832. gada Winsor&#038;Newton ir nenogursto\u0161i str\u0101d\u0101jis, lai pal\u012bdz\u0113tu m\u0101ksliniekiem rad\u012bt savus izcil\u0101kos darbus. Winsor&#038;Newton ir visaugst\u0101k\u0101s kvalit\u0101tes audekli \u2013 tie nodro\u0161ina jums nepiecie\u0161amo izpild\u012bjumu. Katrs r\u0101mis ir izgatavots no nevainojama, augst\u0101k\u0101s klases auduma, kas r\u016bp\u012bgi manu\u0101li uzvilkts un perfekti nospriegots, ar profesion\u0101li piel\u0101gotiem st\u016briem. Profesion\u0101li veidotie r\u0101mji ir veidoti no iz\u017e\u0101v\u0113t\u0101m mas\u012bvkoksnes l\u012bst\u0113m un r\u016bp\u012bgi p\u0101rbaud\u012bti uz iztur\u012bbu. Ar pigmentu bag\u0101tais \u0123ip\u0161a grunt\u0113jums nodro\u0161ina, ka sk\u0101bi nesaturo\u0161ais, notur\u012bgais audekls lieliski absorb\u0113 katru otas triepienu. L\u012bdzsvarotas absorb\u0113\u0161anas \u012bpa\u0161\u012bbas nodro\u0161ina lab\u0101ku adh\u0113ziju un bezkompromisu kr\u0101su vitalit\u0101ti. Winsor&#038;Newton Classic \u2013 tas ir egles r\u0101mis, vid\u0113jas tekst\u016bras audekls (350g\/m\u00b2), kas aizmugur\u0113 nostiprin\u0101ts ar skav\u0101m, ide\u0101li piem\u0113rots izmanto\u0161anai ar e\u013c\u013cu un akrila kr\u0101s\u0101m. Koka \u0137\u012bl\u012b\u0161i ietverti komplekt\u0101.<\/p>\n","protected":false},"excerpt":{"rendered":"<p>Kop\u0161 1832. gada Winsor&#038;Newton ir nenogursto\u0161i str\u0101d\u0101jis, lai pal\u012bdz\u0113tu m\u0101ksliniekiem rad\u012bt savus izcil\u0101kos darbus. Winsor&#038;Newton ir visaugst\u0101k\u0101s kvalit\u0101tes audekli \u2013 tie nodro\u0161ina jums nepiecie\u0161amo izpild\u012bjumu. Katrs r\u0101mis ir izgatavots no nevainojama, augst\u0101k\u0101s klases auduma, kas r\u016bp\u012bgi manu\u0101li uzvilkts un perfekti nospriegots, ar profesion\u0101li piel\u0101gotiem st\u016briem. Profesion\u0101li veidotie r\u0101mji ir veidoti no iz\u017e\u0101v\u0113t\u0101m mas\u012bvkoksnes l\u012bst\u0113m un r\u016bp\u012bgi p\u0101rbaud\u012bti uz iztur\u012bbu. Ar pigmentu bag\u0101tais \u0123ip\u0161a grunt\u0113jums nodro\u0161ina, ka sk\u0101bi nesaturo\u0161ais, notur\u012bgais audekls lieliski absorb\u0113 katru otas triepienu. L\u012bdzsvarotas absorb\u0113\u0161anas \u012bpa\u0161\u012bbas nodro\u0161ina lab\u0101ku adh\u0113ziju un bezkompromisu kr\u0101su vitalit\u0101ti. Winsor&#038;Newton Classic \u2013 tas ir egles r\u0101mis, vid\u0113jas tekst\u016bras audekls (350g\/m\u00b2), kas aizmugur\u0113 nostiprin\u0101ts ar skav\u0101m, ide\u0101li piem\u0113rots izmanto\u0161anai ar e\u013c\u013cu un akrila kr\u0101s\u0101m. Koka \u0137\u012bl\u012b\u0161i ietverti komplekt\u0101.<\/p>\n","protected":false},"featured_media":295884,"comment_status":"closed","ping_status":"closed","template":"","meta":{"_acf_changed":false,"ep_exclude_from_search":false},"product_cat":[17977,18347,16123],"product_tag":[],"class_list":{"0":"post-295436","1":"product","2":"type-product","3":"status-publish","4":"has-post-thumbnail","6":"product_cat-audekli-un-gleznosanas-paligmateriali","7":"product_cat-elastigs-audekls-uz-ramja-2","8":"product_cat-makslas-piederumi-2","10":"first","11":"instock","12":"taxable","13":"shipping-taxable","14":"purchasable","15":"product-type-simple"},"acf":[],"yoast_head":"<!-- This site is optimized with the Yoast SEO plugin v24.1 - https:\/\/yoast.com\/wordpress\/plugins\/seo\/ -->\n<title>Audekls uz r\u0101mja Winsor&amp;Newton Classic kokvilna uz biez\u0101 r\u0101mja &#8211; Skizze<\/title>\n<meta name=\"robots\" content=\"noindex, follow, max-snippet:-1, max-image-preview:large, max-video-preview:-1\" \/>\n<meta property=\"og:locale\" content=\"lv_LV\" \/>\n<meta property=\"og:type\" content=\"article\" \/>\n<meta property=\"og:title\" content=\"Audekls uz r\u0101mja Winsor&amp;Newton Classic kokvilna uz biez\u0101 r\u0101mja &#8211; Skizze\" \/>\n<meta property=\"og:description\" content=\"Kop\u0161 1832. gada Winsor&#038;Newton ir nenogursto\u0161i str\u0101d\u0101jis, lai pal\u012bdz\u0113tu m\u0101ksliniekiem rad\u012bt savus izcil\u0101kos darbus. Winsor&#038;Newton ir visaugst\u0101k\u0101s kvalit\u0101tes audekli \u2013 tie nodro\u0161ina jums nepiecie\u0161amo izpild\u012bjumu. Katrs r\u0101mis ir izgatavots no nevainojama, augst\u0101k\u0101s klases auduma, kas r\u016bp\u012bgi manu\u0101li uzvilkts un perfekti nospriegots, ar profesion\u0101li piel\u0101gotiem st\u016briem. Profesion\u0101li veidotie r\u0101mji ir veidoti no iz\u017e\u0101v\u0113t\u0101m mas\u012bvkoksnes l\u012bst\u0113m un r\u016bp\u012bgi p\u0101rbaud\u012bti uz iztur\u012bbu. Ar pigmentu bag\u0101tais \u0123ip\u0161a grunt\u0113jums nodro\u0161ina, ka sk\u0101bi nesaturo\u0161ais, notur\u012bgais audekls lieliski absorb\u0113 katru otas triepienu. L\u012bdzsvarotas absorb\u0113\u0161anas \u012bpa\u0161\u012bbas nodro\u0161ina lab\u0101ku adh\u0113ziju un bezkompromisu kr\u0101su vitalit\u0101ti. Winsor&#038;Newton Classic \u2013 tas ir egles r\u0101mis, vid\u0113jas tekst\u016bras audekls (350g\/m\u00b2), kas aizmugur\u0113 nostiprin\u0101ts ar skav\u0101m, ide\u0101li piem\u0113rots izmanto\u0161anai ar e\u013c\u013cu un akrila kr\u0101s\u0101m. Koka \u0137\u012bl\u012b\u0161i ietverti komplekt\u0101.\" \/>\n<meta property=\"og:url\" content=\"https:\/\/hobstop.ee\/lv\/produkts\/audekls-uz-ramja-winsornewton-classic-kokvilna-uz-bieza-ramja\/\" \/>\n<meta property=\"og:site_name\" content=\"Skizze\" \/>\n<meta property=\"article:publisher\" content=\"http:\/\/www.facebook.com\/VunderSkizze\" \/>\n<meta property=\"og:image\" content=\"https:\/\/hobstop.ee\/media\/4646.jpg\" \/>\n\t<meta property=\"og:image:width\" content=\"1024\" \/>\n\t<meta property=\"og:image:height\" content=\"768\" \/>\n\t<meta property=\"og:image:type\" content=\"image\/jpeg\" \/>\n<meta name=\"twitter:card\" content=\"summary_large_image\" \/>\n<meta name=\"twitter:label1\" content=\"Est. reading time\" \/>\n\t<meta name=\"twitter:data1\" content=\"1 min\u016b\u0161u\" \/>\n<script type=\"application\/ld+json\" class=\"yoast-schema-graph\">{\"@context\":\"https:\/\/schema.org\",\"@graph\":[{\"@type\":\"WebPage\",\"@id\":\"https:\/\/hobstop.ee\/lv\/produkts\/audekls-uz-ramja-winsornewton-classic-kokvilna-uz-bieza-ramja\/\",\"url\":\"https:\/\/hobstop.ee\/lv\/produkts\/audekls-uz-ramja-winsornewton-classic-kokvilna-uz-bieza-ramja\/\",\"name\":\"Audekls uz r\u0101mja Winsor&Newton Classic kokvilna uz biez\u0101 r\u0101mja &#8211; Skizze\",\"isPartOf\":{\"@id\":\"https:\/\/hobstop.ee\/lv\/#website\"},\"primaryImageOfPage\":{\"@id\":\"https:\/\/hobstop.ee\/lv\/produkts\/audekls-uz-ramja-winsornewton-classic-kokvilna-uz-bieza-ramja\/#primaryimage\"},\"image\":{\"@id\":\"https:\/\/hobstop.ee\/lv\/produkts\/audekls-uz-ramja-winsornewton-classic-kokvilna-uz-bieza-ramja\/#primaryimage\"},\"thumbnailUrl\":\"https:\/\/hobstop.ee\/media\/4646.jpg\",\"datePublished\":\"2017-09-26T08:18:17+00:00\",\"dateModified\":\"2017-09-26T08:18:17+00:00\",\"breadcrumb\":{\"@id\":\"https:\/\/hobstop.ee\/lv\/produkts\/audekls-uz-ramja-winsornewton-classic-kokvilna-uz-bieza-ramja\/#breadcrumb\"},\"inLanguage\":\"lv-LV\",\"potentialAction\":[{\"@type\":\"ReadAction\",\"target\":[\"https:\/\/hobstop.ee\/lv\/produkts\/audekls-uz-ramja-winsornewton-classic-kokvilna-uz-bieza-ramja\/\"]}]},{\"@type\":\"ImageObject\",\"inLanguage\":\"lv-LV\",\"@id\":\"https:\/\/hobstop.ee\/lv\/produkts\/audekls-uz-ramja-winsornewton-classic-kokvilna-uz-bieza-ramja\/#primaryimage\",\"url\":\"https:\/\/hobstop.ee\/media\/4646.jpg\",\"contentUrl\":\"https:\/\/hobstop.ee\/media\/4646.jpg\",\"width\":1024,\"height\":768},{\"@type\":\"BreadcrumbList\",\"@id\":\"https:\/\/hobstop.ee\/lv\/produkts\/audekls-uz-ramja-winsornewton-classic-kokvilna-uz-bieza-ramja\/#breadcrumb\",\"itemListElement\":[{\"@type\":\"ListItem\",\"position\":1,\"name\":\"Avaleht\",\"item\":\"https:\/\/hobstop.ee\/lv\/\"},{\"@type\":\"ListItem\",\"position\":2,\"name\":\"Veikals\",\"item\":\"https:\/\/hobstop.ee\/lv\/veikals\/\"},{\"@type\":\"ListItem\",\"position\":3,\"name\":\"Audekls uz r\u0101mja Winsor&#038;Newton Classic kokvilna uz biez\u0101 r\u0101mja\"}]},{\"@type\":\"WebSite\",\"@id\":\"https:\/\/hobstop.ee\/lv\/#website\",\"url\":\"https:\/\/hobstop.ee\/lv\/\",\"name\":\"Skizze\",\"description\":\"M\u0101kslas, hobiju un skolas preces\",\"publisher\":{\"@id\":\"https:\/\/hobstop.ee\/lv\/#organization\"},\"potentialAction\":[{\"@type\":\"SearchAction\",\"target\":{\"@type\":\"EntryPoint\",\"urlTemplate\":\"https:\/\/hobstop.ee\/lv\/?s={search_term_string}\"},\"query-input\":{\"@type\":\"PropertyValueSpecification\",\"valueRequired\":true,\"valueName\":\"search_term_string\"}}],\"inLanguage\":\"lv-LV\"},{\"@type\":\"Organization\",\"@id\":\"https:\/\/hobstop.ee\/lv\/#organization\",\"name\":\"Vunder AS\",\"url\":\"https:\/\/hobstop.ee\/lv\/\",\"logo\":{\"@type\":\"ImageObject\",\"inLanguage\":\"lv-LV\",\"@id\":\"https:\/\/hobstop.ee\/lv\/#\/schema\/logo\/image\/\",\"url\":\"https:\/\/hobstop.ee\/media\/vunder-logo.png\",\"contentUrl\":\"https:\/\/hobstop.ee\/media\/vunder-logo.png\",\"width\":127,\"height\":55,\"caption\":\"Vunder AS\"},\"image\":{\"@id\":\"https:\/\/hobstop.ee\/lv\/#\/schema\/logo\/image\/\"},\"sameAs\":[\"http:\/\/www.facebook.com\/VunderSkizze\"]}]}<\/script>\n<!-- \/ Yoast SEO plugin. -->","yoast_head_json":{"title":"Audekls uz r\u0101mja Winsor&Newton Classic kokvilna uz biez\u0101 r\u0101mja &#8211; Skizze","robots":{"index":"noindex","follow":"follow","max-snippet":"max-snippet:-1","max-image-preview":"max-image-preview:large","max-video-preview":"max-video-preview:-1"},"og_locale":"lv_LV","og_type":"article","og_title":"Audekls uz r\u0101mja Winsor&Newton Classic kokvilna uz biez\u0101 r\u0101mja &#8211; Skizze","og_description":"Kop\u0161 1832. gada Winsor&#038;Newton ir nenogursto\u0161i str\u0101d\u0101jis, lai pal\u012bdz\u0113tu m\u0101ksliniekiem rad\u012bt savus izcil\u0101kos darbus. Winsor&#038;Newton ir visaugst\u0101k\u0101s kvalit\u0101tes audekli \u2013 tie nodro\u0161ina jums nepiecie\u0161amo izpild\u012bjumu. Katrs r\u0101mis ir izgatavots no nevainojama, augst\u0101k\u0101s klases auduma, kas r\u016bp\u012bgi manu\u0101li uzvilkts un perfekti nospriegots, ar profesion\u0101li piel\u0101gotiem st\u016briem. Profesion\u0101li veidotie r\u0101mji ir veidoti no iz\u017e\u0101v\u0113t\u0101m mas\u012bvkoksnes l\u012bst\u0113m un r\u016bp\u012bgi p\u0101rbaud\u012bti uz iztur\u012bbu. Ar pigmentu bag\u0101tais \u0123ip\u0161a grunt\u0113jums nodro\u0161ina, ka sk\u0101bi nesaturo\u0161ais, notur\u012bgais audekls lieliski absorb\u0113 katru otas triepienu. L\u012bdzsvarotas absorb\u0113\u0161anas \u012bpa\u0161\u012bbas nodro\u0161ina lab\u0101ku adh\u0113ziju un bezkompromisu kr\u0101su vitalit\u0101ti. Winsor&#038;Newton Classic \u2013 tas ir egles r\u0101mis, vid\u0113jas tekst\u016bras audekls (350g\/m\u00b2), kas aizmugur\u0113 nostiprin\u0101ts ar skav\u0101m, ide\u0101li piem\u0113rots izmanto\u0161anai ar e\u013c\u013cu un akrila kr\u0101s\u0101m. Koka \u0137\u012bl\u012b\u0161i ietverti komplekt\u0101.","og_url":"https:\/\/hobstop.ee\/lv\/produkts\/audekls-uz-ramja-winsornewton-classic-kokvilna-uz-bieza-ramja\/","og_site_name":"Skizze","article_publisher":"http:\/\/www.facebook.com\/VunderSkizze","og_image":[{"width":1024,"height":768,"url":"https:\/\/hobstop.ee\/media\/4646.jpg","type":"image\/jpeg"}],"twitter_card":"summary_large_image","twitter_misc":{"Est. reading time":"1 min\u016b\u0161u"},"schema":{"@context":"https:\/\/schema.org","@graph":[{"@type":"WebPage","@id":"https:\/\/hobstop.ee\/lv\/produkts\/audekls-uz-ramja-winsornewton-classic-kokvilna-uz-bieza-ramja\/","url":"https:\/\/hobstop.ee\/lv\/produkts\/audekls-uz-ramja-winsornewton-classic-kokvilna-uz-bieza-ramja\/","name":"Audekls uz r\u0101mja Winsor&Newton Classic kokvilna uz biez\u0101 r\u0101mja &#8211; Skizze","isPartOf":{"@id":"https:\/\/hobstop.ee\/lv\/#website"},"primaryImageOfPage":{"@id":"https:\/\/hobstop.ee\/lv\/produkts\/audekls-uz-ramja-winsornewton-classic-kokvilna-uz-bieza-ramja\/#primaryimage"},"image":{"@id":"https:\/\/hobstop.ee\/lv\/produkts\/audekls-uz-ramja-winsornewton-classic-kokvilna-uz-bieza-ramja\/#primaryimage"},"thumbnailUrl":"https:\/\/hobstop.ee\/media\/4646.jpg","datePublished":"2017-09-26T08:18:17+00:00","dateModified":"2017-09-26T08:18:17+00:00","breadcrumb":{"@id":"https:\/\/hobstop.ee\/lv\/produkts\/audekls-uz-ramja-winsornewton-classic-kokvilna-uz-bieza-ramja\/#breadcrumb"},"inLanguage":"lv-LV","potentialAction":[{"@type":"ReadAction","target":["https:\/\/hobstop.ee\/lv\/produkts\/audekls-uz-ramja-winsornewton-classic-kokvilna-uz-bieza-ramja\/"]}]},{"@type":"ImageObject","inLanguage":"lv-LV","@id":"https:\/\/hobstop.ee\/lv\/produkts\/audekls-uz-ramja-winsornewton-classic-kokvilna-uz-bieza-ramja\/#primaryimage","url":"https:\/\/hobstop.ee\/media\/4646.jpg","contentUrl":"https:\/\/hobstop.ee\/media\/4646.jpg","width":1024,"height":768},{"@type":"BreadcrumbList","@id":"https:\/\/hobstop.ee\/lv\/produkts\/audekls-uz-ramja-winsornewton-classic-kokvilna-uz-bieza-ramja\/#breadcrumb","itemListElement":[{"@type":"ListItem","position":1,"name":"Avaleht","item":"https:\/\/hobstop.ee\/lv\/"},{"@type":"ListItem","position":2,"name":"Veikals","item":"https:\/\/hobstop.ee\/lv\/veikals\/"},{"@type":"ListItem","position":3,"name":"Audekls uz r\u0101mja Winsor&#038;Newton Classic kokvilna uz biez\u0101 r\u0101mja"}]},{"@type":"WebSite","@id":"https:\/\/hobstop.ee\/lv\/#website","url":"https:\/\/hobstop.ee\/lv\/","name":"Skizze","description":"M\u0101kslas, hobiju un skolas preces","publisher":{"@id":"https:\/\/hobstop.ee\/lv\/#organization"},"potentialAction":[{"@type":"SearchAction","target":{"@type":"EntryPoint","urlTemplate":"https:\/\/hobstop.ee\/lv\/?s={search_term_string}"},"query-input":{"@type":"PropertyValueSpecification","valueRequired":true,"valueName":"search_term_string"}}],"inLanguage":"lv-LV"},{"@type":"Organization","@id":"https:\/\/hobstop.ee\/lv\/#organization","name":"Vunder AS","url":"https:\/\/hobstop.ee\/lv\/","logo":{"@type":"ImageObject","inLanguage":"lv-LV","@id":"https:\/\/hobstop.ee\/lv\/#\/schema\/logo\/image\/","url":"https:\/\/hobstop.ee\/media\/vunder-logo.png","contentUrl":"https:\/\/hobstop.ee\/media\/vunder-logo.png","width":127,"height":55,"caption":"Vunder AS"},"image":{"@id":"https:\/\/hobstop.ee\/lv\/#\/schema\/logo\/image\/"},"sameAs":["http:\/\/www.facebook.com\/VunderSkizze"]}]}},"_links":{"self":[{"href":"https:\/\/hobstop.ee\/lv\/wp-json\/wp\/v2\/product\/295436","targetHints":{"allow":["GET"]}}],"collection":[{"href":"https:\/\/hobstop.ee\/lv\/wp-json\/wp\/v2\/product"}],"about":[{"href":"https:\/\/hobstop.ee\/lv\/wp-json\/wp\/v2\/types\/product"}],"replies":[{"embeddable":true,"href":"https:\/\/hobstop.ee\/lv\/wp-json\/wp\/v2\/comments?post=295436"}],"wp:featuredmedia":[{"embeddable":true,"href":"https:\/\/hobstop.ee\/lv\/wp-json\/wp\/v2\/media\/295884"}],"wp:attachment":[{"href":"https:\/\/hobstop.ee\/lv\/wp-json\/wp\/v2\/media?parent=295436"}],"wp:term":[{"taxonomy":"product_cat","embeddable":true,"href":"https:\/\/hobstop.ee\/lv\/wp-json\/wp\/v2\/product_cat?post=295436"},{"taxonomy":"product_tag","embeddable":true,"href":"https:\/\/hobstop.ee\/lv\/wp-json\/wp\/v2\/product_tag?post=295436"}],"curies":[{"name":"wp","href":"https:\/\/api.w.org\/{rel}","templated":true}]}}