{"id":295444,"date":"2017-09-26T11:18:20","date_gmt":"2017-09-26T08:18:20","guid":{"rendered":"https:\/\/sharks.ee\/vunder_2019\/lv\/product\/aizsargpapirs-rulli-canson\/"},"modified":"2017-09-26T11:18:20","modified_gmt":"2017-09-26T08:18:20","slug":"aizsargpapirs-rulli-canson","status":"publish","type":"product","link":"https:\/\/hobstop.ee\/lv\/produkts\/aizsargpapirs-rulli-canson\/","title":{"rendered":"Aizsargpap\u012brs rull\u012b Canson"},"content":{"rendered":"<p>Konserv\u0101cijas pap\u012bra loma ir m\u0101kslas darba vai dokumenta aizsardz\u012bba pret \u0101r\u0113jo faktoru rad\u012btajiem boj\u0101jumiem (gaisma, putek\u013ci, traipi, plaisas, asaras utt.) un ilgtermi\u0146a saglab\u0101\u0161ana. Canson aizsargpap\u012brs ir pl\u0101ns, izteikti balts, gluds pap\u012brs, kas nesatur optiskos balin\u0101t\u0101jus, sk\u0101bes, iztur\u012bgs pret s\u0101rmiem un pel\u0113jumu. Var izmantot izol\u0101cijai, piem, sk\u0101bi saturo\u0161u materi\u0101lu, p\u0101rkl\u0101tu no\u0161\u0137eltas r\u0101mju malas, insertiem vai e\u0146\u0123\u0113m vai veidotu arhiv\u0113\u0161anas mapes.<\/p>\n","protected":false},"excerpt":{"rendered":"<p>Konserv\u0101cijas pap\u012bra loma ir m\u0101kslas darba vai dokumenta aizsardz\u012bba pret \u0101r\u0113jo faktoru rad\u012btajiem boj\u0101jumiem (gaisma, putek\u013ci, traipi, plaisas, asaras utt.) un ilgtermi\u0146a saglab\u0101\u0161ana. Canson aizsargpap\u012brs ir pl\u0101ns, izteikti balts, gluds pap\u012brs, kas nesatur optiskos balin\u0101t\u0101jus, sk\u0101bes, iztur\u012bgs pret s\u0101rmiem un pel\u0113jumu. Var izmantot izol\u0101cijai, piem, sk\u0101bi saturo\u0161u materi\u0101lu, p\u0101rkl\u0101tu no\u0161\u0137eltas r\u0101mju malas, insertiem vai e\u0146\u0123\u0113m vai veidotu arhiv\u0113\u0161anas mapes.<\/p>\n","protected":false},"featured_media":295892,"comment_status":"closed","ping_status":"closed","template":"","meta":{"_acf_changed":false,"ep_exclude_from_search":false},"product_cat":[20210,17921,20213],"product_tag":[],"class_list":{"0":"post-295444","1":"product","2":"type-product","3":"status-publish","4":"has-post-thumbnail","6":"product_cat-arhivesanas-preces","7":"product_cat-papira-izstradajumi","8":"product_cat-papiri","10":"first","11":"instock","12":"taxable","13":"shipping-taxable","14":"product-type-simple"},"acf":[],"yoast_head":"<!-- This site is optimized with the Yoast SEO plugin v24.1 - https:\/\/yoast.com\/wordpress\/plugins\/seo\/ -->\n<title>Aizsargpap\u012brs rull\u012b Canson &#8211; Skizze<\/title>\n<meta name=\"robots\" content=\"noindex, follow, max-snippet:-1, max-image-preview:large, max-video-preview:-1\" \/>\n<meta property=\"og:locale\" content=\"lv_LV\" \/>\n<meta property=\"og:type\" content=\"article\" \/>\n<meta property=\"og:title\" content=\"Aizsargpap\u012brs rull\u012b Canson &#8211; Skizze\" \/>\n<meta property=\"og:description\" content=\"Konserv\u0101cijas pap\u012bra loma ir m\u0101kslas darba vai dokumenta aizsardz\u012bba pret \u0101r\u0113jo faktoru rad\u012btajiem boj\u0101jumiem (gaisma, putek\u013ci, traipi, plaisas, asaras utt.) un ilgtermi\u0146a saglab\u0101\u0161ana. Canson aizsargpap\u012brs ir pl\u0101ns, izteikti balts, gluds pap\u012brs, kas nesatur optiskos balin\u0101t\u0101jus, sk\u0101bes, iztur\u012bgs pret s\u0101rmiem un pel\u0113jumu. Var izmantot izol\u0101cijai, piem, sk\u0101bi saturo\u0161u materi\u0101lu, p\u0101rkl\u0101tu no\u0161\u0137eltas r\u0101mju malas, insertiem vai e\u0146\u0123\u0113m vai veidotu arhiv\u0113\u0161anas mapes.\" \/>\n<meta property=\"og:url\" content=\"https:\/\/hobstop.ee\/lv\/produkts\/aizsargpapirs-rulli-canson\/\" \/>\n<meta property=\"og:site_name\" content=\"Skizze\" \/>\n<meta property=\"article:publisher\" content=\"http:\/\/www.facebook.com\/VunderSkizze\" \/>\n<meta property=\"og:image\" content=\"https:\/\/hobstop.ee\/media\/4650.jpg\" \/>\n\t<meta property=\"og:image:width\" content=\"1024\" \/>\n\t<meta property=\"og:image:height\" content=\"768\" \/>\n\t<meta property=\"og:image:type\" content=\"image\/jpeg\" \/>\n<meta name=\"twitter:card\" content=\"summary_large_image\" \/>\n<script type=\"application\/ld+json\" class=\"yoast-schema-graph\">{\"@context\":\"https:\/\/schema.org\",\"@graph\":[{\"@type\":\"WebPage\",\"@id\":\"https:\/\/hobstop.ee\/lv\/produkts\/aizsargpapirs-rulli-canson\/\",\"url\":\"https:\/\/hobstop.ee\/lv\/produkts\/aizsargpapirs-rulli-canson\/\",\"name\":\"Aizsargpap\u012brs rull\u012b Canson &#8211; Skizze\",\"isPartOf\":{\"@id\":\"https:\/\/hobstop.ee\/lv\/#website\"},\"primaryImageOfPage\":{\"@id\":\"https:\/\/hobstop.ee\/lv\/produkts\/aizsargpapirs-rulli-canson\/#primaryimage\"},\"image\":{\"@id\":\"https:\/\/hobstop.ee\/lv\/produkts\/aizsargpapirs-rulli-canson\/#primaryimage\"},\"thumbnailUrl\":\"https:\/\/hobstop.ee\/media\/4650.jpg\",\"datePublished\":\"2017-09-26T08:18:20+00:00\",\"dateModified\":\"2017-09-26T08:18:20+00:00\",\"breadcrumb\":{\"@id\":\"https:\/\/hobstop.ee\/lv\/produkts\/aizsargpapirs-rulli-canson\/#breadcrumb\"},\"inLanguage\":\"lv-LV\",\"potentialAction\":[{\"@type\":\"ReadAction\",\"target\":[\"https:\/\/hobstop.ee\/lv\/produkts\/aizsargpapirs-rulli-canson\/\"]}]},{\"@type\":\"ImageObject\",\"inLanguage\":\"lv-LV\",\"@id\":\"https:\/\/hobstop.ee\/lv\/produkts\/aizsargpapirs-rulli-canson\/#primaryimage\",\"url\":\"https:\/\/hobstop.ee\/media\/4650.jpg\",\"contentUrl\":\"https:\/\/hobstop.ee\/media\/4650.jpg\",\"width\":1024,\"height\":768},{\"@type\":\"BreadcrumbList\",\"@id\":\"https:\/\/hobstop.ee\/lv\/produkts\/aizsargpapirs-rulli-canson\/#breadcrumb\",\"itemListElement\":[{\"@type\":\"ListItem\",\"position\":1,\"name\":\"Avaleht\",\"item\":\"https:\/\/www.hobstop.ee\/lv\/\"},{\"@type\":\"ListItem\",\"position\":2,\"name\":\"Veikals\",\"item\":\"https:\/\/www.hobstop.ee\/lv\/veikals\/\"},{\"@type\":\"ListItem\",\"position\":3,\"name\":\"Aizsargpap\u012brs rull\u012b Canson\"}]},{\"@type\":\"WebSite\",\"@id\":\"https:\/\/hobstop.ee\/lv\/#website\",\"url\":\"https:\/\/hobstop.ee\/lv\/\",\"name\":\"Skizze\",\"description\":\"M\u0101kslas, hobiju un skolas preces\",\"publisher\":{\"@id\":\"https:\/\/hobstop.ee\/lv\/#organization\"},\"potentialAction\":[{\"@type\":\"SearchAction\",\"target\":{\"@type\":\"EntryPoint\",\"urlTemplate\":\"https:\/\/hobstop.ee\/lv\/?s={search_term_string}\"},\"query-input\":{\"@type\":\"PropertyValueSpecification\",\"valueRequired\":true,\"valueName\":\"search_term_string\"}}],\"inLanguage\":\"lv-LV\"},{\"@type\":\"Organization\",\"@id\":\"https:\/\/hobstop.ee\/lv\/#organization\",\"name\":\"Vunder AS\",\"url\":\"https:\/\/hobstop.ee\/lv\/\",\"logo\":{\"@type\":\"ImageObject\",\"inLanguage\":\"lv-LV\",\"@id\":\"https:\/\/hobstop.ee\/lv\/#\/schema\/logo\/image\/\",\"url\":\"https:\/\/hobstop.ee\/media\/vunder-logo.png\",\"contentUrl\":\"https:\/\/hobstop.ee\/media\/vunder-logo.png\",\"width\":127,\"height\":55,\"caption\":\"Vunder AS\"},\"image\":{\"@id\":\"https:\/\/hobstop.ee\/lv\/#\/schema\/logo\/image\/\"},\"sameAs\":[\"http:\/\/www.facebook.com\/VunderSkizze\"]}]}<\/script>\n<!-- \/ Yoast SEO plugin. -->","yoast_head_json":{"title":"Aizsargpap\u012brs rull\u012b Canson &#8211; Skizze","robots":{"index":"noindex","follow":"follow","max-snippet":"max-snippet:-1","max-image-preview":"max-image-preview:large","max-video-preview":"max-video-preview:-1"},"og_locale":"lv_LV","og_type":"article","og_title":"Aizsargpap\u012brs rull\u012b Canson &#8211; Skizze","og_description":"Konserv\u0101cijas pap\u012bra loma ir m\u0101kslas darba vai dokumenta aizsardz\u012bba pret \u0101r\u0113jo faktoru rad\u012btajiem boj\u0101jumiem (gaisma, putek\u013ci, traipi, plaisas, asaras utt.) un ilgtermi\u0146a saglab\u0101\u0161ana. Canson aizsargpap\u012brs ir pl\u0101ns, izteikti balts, gluds pap\u012brs, kas nesatur optiskos balin\u0101t\u0101jus, sk\u0101bes, iztur\u012bgs pret s\u0101rmiem un pel\u0113jumu. Var izmantot izol\u0101cijai, piem, sk\u0101bi saturo\u0161u materi\u0101lu, p\u0101rkl\u0101tu no\u0161\u0137eltas r\u0101mju malas, insertiem vai e\u0146\u0123\u0113m vai veidotu arhiv\u0113\u0161anas mapes.","og_url":"https:\/\/hobstop.ee\/lv\/produkts\/aizsargpapirs-rulli-canson\/","og_site_name":"Skizze","article_publisher":"http:\/\/www.facebook.com\/VunderSkizze","og_image":[{"width":1024,"height":768,"url":"https:\/\/hobstop.ee\/media\/4650.jpg","type":"image\/jpeg"}],"twitter_card":"summary_large_image","schema":{"@context":"https:\/\/schema.org","@graph":[{"@type":"WebPage","@id":"https:\/\/hobstop.ee\/lv\/produkts\/aizsargpapirs-rulli-canson\/","url":"https:\/\/hobstop.ee\/lv\/produkts\/aizsargpapirs-rulli-canson\/","name":"Aizsargpap\u012brs rull\u012b Canson &#8211; Skizze","isPartOf":{"@id":"https:\/\/hobstop.ee\/lv\/#website"},"primaryImageOfPage":{"@id":"https:\/\/hobstop.ee\/lv\/produkts\/aizsargpapirs-rulli-canson\/#primaryimage"},"image":{"@id":"https:\/\/hobstop.ee\/lv\/produkts\/aizsargpapirs-rulli-canson\/#primaryimage"},"thumbnailUrl":"https:\/\/hobstop.ee\/media\/4650.jpg","datePublished":"2017-09-26T08:18:20+00:00","dateModified":"2017-09-26T08:18:20+00:00","breadcrumb":{"@id":"https:\/\/hobstop.ee\/lv\/produkts\/aizsargpapirs-rulli-canson\/#breadcrumb"},"inLanguage":"lv-LV","potentialAction":[{"@type":"ReadAction","target":["https:\/\/hobstop.ee\/lv\/produkts\/aizsargpapirs-rulli-canson\/"]}]},{"@type":"ImageObject","inLanguage":"lv-LV","@id":"https:\/\/hobstop.ee\/lv\/produkts\/aizsargpapirs-rulli-canson\/#primaryimage","url":"https:\/\/hobstop.ee\/media\/4650.jpg","contentUrl":"https:\/\/hobstop.ee\/media\/4650.jpg","width":1024,"height":768},{"@type":"BreadcrumbList","@id":"https:\/\/hobstop.ee\/lv\/produkts\/aizsargpapirs-rulli-canson\/#breadcrumb","itemListElement":[{"@type":"ListItem","position":1,"name":"Avaleht","item":"https:\/\/www.hobstop.ee\/lv\/"},{"@type":"ListItem","position":2,"name":"Veikals","item":"https:\/\/www.hobstop.ee\/lv\/veikals\/"},{"@type":"ListItem","position":3,"name":"Aizsargpap\u012brs rull\u012b Canson"}]},{"@type":"WebSite","@id":"https:\/\/hobstop.ee\/lv\/#website","url":"https:\/\/hobstop.ee\/lv\/","name":"Skizze","description":"M\u0101kslas, hobiju un skolas preces","publisher":{"@id":"https:\/\/hobstop.ee\/lv\/#organization"},"potentialAction":[{"@type":"SearchAction","target":{"@type":"EntryPoint","urlTemplate":"https:\/\/hobstop.ee\/lv\/?s={search_term_string}"},"query-input":{"@type":"PropertyValueSpecification","valueRequired":true,"valueName":"search_term_string"}}],"inLanguage":"lv-LV"},{"@type":"Organization","@id":"https:\/\/hobstop.ee\/lv\/#organization","name":"Vunder AS","url":"https:\/\/hobstop.ee\/lv\/","logo":{"@type":"ImageObject","inLanguage":"lv-LV","@id":"https:\/\/hobstop.ee\/lv\/#\/schema\/logo\/image\/","url":"https:\/\/hobstop.ee\/media\/vunder-logo.png","contentUrl":"https:\/\/hobstop.ee\/media\/vunder-logo.png","width":127,"height":55,"caption":"Vunder AS"},"image":{"@id":"https:\/\/hobstop.ee\/lv\/#\/schema\/logo\/image\/"},"sameAs":["http:\/\/www.facebook.com\/VunderSkizze"]}]}},"_links":{"self":[{"href":"https:\/\/hobstop.ee\/lv\/wp-json\/wp\/v2\/product\/295444","targetHints":{"allow":["GET"]}}],"collection":[{"href":"https:\/\/hobstop.ee\/lv\/wp-json\/wp\/v2\/product"}],"about":[{"href":"https:\/\/hobstop.ee\/lv\/wp-json\/wp\/v2\/types\/product"}],"replies":[{"embeddable":true,"href":"https:\/\/hobstop.ee\/lv\/wp-json\/wp\/v2\/comments?post=295444"}],"wp:featuredmedia":[{"embeddable":true,"href":"https:\/\/hobstop.ee\/lv\/wp-json\/wp\/v2\/media\/295892"}],"wp:attachment":[{"href":"https:\/\/hobstop.ee\/lv\/wp-json\/wp\/v2\/media?parent=295444"}],"wp:term":[{"taxonomy":"product_cat","embeddable":true,"href":"https:\/\/hobstop.ee\/lv\/wp-json\/wp\/v2\/product_cat?post=295444"},{"taxonomy":"product_tag","embeddable":true,"href":"https:\/\/hobstop.ee\/lv\/wp-json\/wp\/v2\/product_tag?post=295444"}],"curies":[{"name":"wp","href":"https:\/\/api.w.org\/{rel}","templated":true}]}}