{"id":296369,"date":"2017-09-26T11:52:44","date_gmt":"2017-09-26T08:52:44","guid":{"rendered":"https:\/\/sharks.ee\/vunder_2019\/lv\/product\/ellas-krasu-komplekts-lb-fine\/"},"modified":"2017-09-26T11:52:44","modified_gmt":"2017-09-26T08:52:44","slug":"ellas-krasu-komplekts-lb-fine","status":"publish","type":"product","link":"https:\/\/hobstop.ee\/lv\/produkts\/ellas-krasu-komplekts-lb-fine\/","title":{"rendered":"E\u013c\u013cas kr\u0101su komplekts LB Fine"},"content":{"rendered":"<p>Kop\u0161 Lefranc Bourgeois dibin\u0101\u0161anas 1720. gad\u0101, e\u013c\u013cas kr\u0101sas ir biju\u0161as noz\u012bm\u012bg\u0101kais z\u012bmola produkts, nodro\u0161inot t\u0101diem le\u0123end\u0101riem m\u0101ksliniekiem k\u0101 Pikaso un Matiss iesp\u0113ju rad\u012bt nez\u016bdo\u0161us m\u0101kslas darbus. LB Fine oil ir ide\u0101la tekst\u016bra, kuru lieliski piem\u0113rota ne tikai amatieru un studentu, bet ar\u012b profesion\u0101\u013cu vajadz\u012bb\u0101m, veidojot skices, radot fonus vai uzkl\u0101jot pirmos  kr\u0101su sl\u0101\u0146us, kuriem nepiecie\u0161ams liels kr\u0101sas daudzums.<\/p>\n","protected":false},"excerpt":{"rendered":"<p>Kop\u0161 Lefranc Bourgeois dibin\u0101\u0161anas 1720. gad\u0101, e\u013c\u013cas kr\u0101sas ir biju\u0161as noz\u012bm\u012bg\u0101kais z\u012bmola produkts, nodro\u0161inot t\u0101diem le\u0123end\u0101riem m\u0101ksliniekiem k\u0101 Pikaso un Matiss iesp\u0113ju rad\u012bt nez\u016bdo\u0161us m\u0101kslas darbus. LB Fine oil ir ide\u0101la tekst\u016bra, kuru lieliski piem\u0113rota ne tikai amatieru un studentu, bet ar\u012b profesion\u0101\u013cu vajadz\u012bb\u0101m, veidojot skices, radot fonus vai uzkl\u0101jot pirmos kr\u0101su sl\u0101\u0146us, kuriem nepiecie\u0161ams liels kr\u0101sas daudzums.<\/p>\n","protected":false},"featured_media":296789,"comment_status":"closed","ping_status":"closed","template":"","meta":{"_acf_changed":false,"ep_exclude_from_search":false},"product_cat":[18165,17980,16123],"product_tag":[],"class_list":{"0":"post-296369","1":"product","2":"type-product","3":"status-publish","4":"has-post-thumbnail","6":"product_cat-ellas-krasas-3","7":"product_cat-krasas-un-gleznosanas-paligmateriali","8":"product_cat-makslas-piederumi-2","10":"first","11":"outofstock","12":"taxable","13":"shipping-taxable","14":"purchasable","15":"product-type-simple"},"acf":[],"yoast_head":"<!-- This site is optimized with the Yoast SEO plugin v24.1 - https:\/\/yoast.com\/wordpress\/plugins\/seo\/ -->\n<title>E\u013c\u013cas kr\u0101su komplekts LB Fine &#8211; Skizze<\/title>\n<meta name=\"robots\" content=\"noindex, follow, max-snippet:-1, max-image-preview:large, max-video-preview:-1\" \/>\n<meta property=\"og:locale\" content=\"lv_LV\" \/>\n<meta property=\"og:type\" content=\"article\" \/>\n<meta property=\"og:title\" content=\"E\u013c\u013cas kr\u0101su komplekts LB Fine &#8211; Skizze\" \/>\n<meta property=\"og:description\" content=\"Kop\u0161 Lefranc Bourgeois dibin\u0101\u0161anas 1720. gad\u0101, e\u013c\u013cas kr\u0101sas ir biju\u0161as noz\u012bm\u012bg\u0101kais z\u012bmola produkts, nodro\u0161inot t\u0101diem le\u0123end\u0101riem m\u0101ksliniekiem k\u0101 Pikaso un Matiss iesp\u0113ju rad\u012bt nez\u016bdo\u0161us m\u0101kslas darbus. LB Fine oil ir ide\u0101la tekst\u016bra, kuru lieliski piem\u0113rota ne tikai amatieru un studentu, bet ar\u012b profesion\u0101\u013cu vajadz\u012bb\u0101m, veidojot skices, radot fonus vai uzkl\u0101jot pirmos kr\u0101su sl\u0101\u0146us, kuriem nepiecie\u0161ams liels kr\u0101sas daudzums.\" \/>\n<meta property=\"og:url\" content=\"https:\/\/hobstop.ee\/lv\/produkts\/ellas-krasu-komplekts-lb-fine\/\" \/>\n<meta property=\"og:site_name\" content=\"Skizze\" \/>\n<meta property=\"article:publisher\" content=\"http:\/\/www.facebook.com\/VunderSkizze\" \/>\n<meta property=\"og:image\" content=\"https:\/\/hobstop.ee\/media\/4624.jpg\" \/>\n\t<meta property=\"og:image:width\" content=\"1024\" \/>\n\t<meta property=\"og:image:height\" content=\"768\" \/>\n\t<meta property=\"og:image:type\" content=\"image\/jpeg\" \/>\n<meta name=\"twitter:card\" content=\"summary_large_image\" \/>\n<script type=\"application\/ld+json\" class=\"yoast-schema-graph\">{\"@context\":\"https:\/\/schema.org\",\"@graph\":[{\"@type\":\"WebPage\",\"@id\":\"https:\/\/hobstop.ee\/lv\/produkts\/ellas-krasu-komplekts-lb-fine\/\",\"url\":\"https:\/\/hobstop.ee\/lv\/produkts\/ellas-krasu-komplekts-lb-fine\/\",\"name\":\"E\u013c\u013cas kr\u0101su komplekts LB Fine &#8211; Skizze\",\"isPartOf\":{\"@id\":\"https:\/\/hobstop.ee\/lv\/#website\"},\"primaryImageOfPage\":{\"@id\":\"https:\/\/hobstop.ee\/lv\/produkts\/ellas-krasu-komplekts-lb-fine\/#primaryimage\"},\"image\":{\"@id\":\"https:\/\/hobstop.ee\/lv\/produkts\/ellas-krasu-komplekts-lb-fine\/#primaryimage\"},\"thumbnailUrl\":\"https:\/\/hobstop.ee\/media\/4624.jpg\",\"datePublished\":\"2017-09-26T08:52:44+00:00\",\"dateModified\":\"2017-09-26T08:52:44+00:00\",\"breadcrumb\":{\"@id\":\"https:\/\/hobstop.ee\/lv\/produkts\/ellas-krasu-komplekts-lb-fine\/#breadcrumb\"},\"inLanguage\":\"lv-LV\",\"potentialAction\":[{\"@type\":\"ReadAction\",\"target\":[\"https:\/\/hobstop.ee\/lv\/produkts\/ellas-krasu-komplekts-lb-fine\/\"]}]},{\"@type\":\"ImageObject\",\"inLanguage\":\"lv-LV\",\"@id\":\"https:\/\/hobstop.ee\/lv\/produkts\/ellas-krasu-komplekts-lb-fine\/#primaryimage\",\"url\":\"https:\/\/hobstop.ee\/media\/4624.jpg\",\"contentUrl\":\"https:\/\/hobstop.ee\/media\/4624.jpg\",\"width\":1024,\"height\":768},{\"@type\":\"BreadcrumbList\",\"@id\":\"https:\/\/hobstop.ee\/lv\/produkts\/ellas-krasu-komplekts-lb-fine\/#breadcrumb\",\"itemListElement\":[{\"@type\":\"ListItem\",\"position\":1,\"name\":\"Avaleht\",\"item\":\"https:\/\/hobstop.ee\/lv\/\"},{\"@type\":\"ListItem\",\"position\":2,\"name\":\"Veikals\",\"item\":\"https:\/\/hobstop.ee\/lv\/veikals\/\"},{\"@type\":\"ListItem\",\"position\":3,\"name\":\"E\u013c\u013cas kr\u0101su komplekts LB Fine\"}]},{\"@type\":\"WebSite\",\"@id\":\"https:\/\/hobstop.ee\/lv\/#website\",\"url\":\"https:\/\/hobstop.ee\/lv\/\",\"name\":\"Skizze\",\"description\":\"M\u0101kslas, hobiju un skolas preces\",\"publisher\":{\"@id\":\"https:\/\/hobstop.ee\/lv\/#organization\"},\"potentialAction\":[{\"@type\":\"SearchAction\",\"target\":{\"@type\":\"EntryPoint\",\"urlTemplate\":\"https:\/\/hobstop.ee\/lv\/?s={search_term_string}\"},\"query-input\":{\"@type\":\"PropertyValueSpecification\",\"valueRequired\":true,\"valueName\":\"search_term_string\"}}],\"inLanguage\":\"lv-LV\"},{\"@type\":\"Organization\",\"@id\":\"https:\/\/hobstop.ee\/lv\/#organization\",\"name\":\"Vunder AS\",\"url\":\"https:\/\/hobstop.ee\/lv\/\",\"logo\":{\"@type\":\"ImageObject\",\"inLanguage\":\"lv-LV\",\"@id\":\"https:\/\/hobstop.ee\/lv\/#\/schema\/logo\/image\/\",\"url\":\"https:\/\/hobstop.ee\/media\/vunder-logo.png\",\"contentUrl\":\"https:\/\/hobstop.ee\/media\/vunder-logo.png\",\"width\":127,\"height\":55,\"caption\":\"Vunder AS\"},\"image\":{\"@id\":\"https:\/\/hobstop.ee\/lv\/#\/schema\/logo\/image\/\"},\"sameAs\":[\"http:\/\/www.facebook.com\/VunderSkizze\"]}]}<\/script>\n<!-- \/ Yoast SEO plugin. -->","yoast_head_json":{"title":"E\u013c\u013cas kr\u0101su komplekts LB Fine &#8211; Skizze","robots":{"index":"noindex","follow":"follow","max-snippet":"max-snippet:-1","max-image-preview":"max-image-preview:large","max-video-preview":"max-video-preview:-1"},"og_locale":"lv_LV","og_type":"article","og_title":"E\u013c\u013cas kr\u0101su komplekts LB Fine &#8211; Skizze","og_description":"Kop\u0161 Lefranc Bourgeois dibin\u0101\u0161anas 1720. gad\u0101, e\u013c\u013cas kr\u0101sas ir biju\u0161as noz\u012bm\u012bg\u0101kais z\u012bmola produkts, nodro\u0161inot t\u0101diem le\u0123end\u0101riem m\u0101ksliniekiem k\u0101 Pikaso un Matiss iesp\u0113ju rad\u012bt nez\u016bdo\u0161us m\u0101kslas darbus. LB Fine oil ir ide\u0101la tekst\u016bra, kuru lieliski piem\u0113rota ne tikai amatieru un studentu, bet ar\u012b profesion\u0101\u013cu vajadz\u012bb\u0101m, veidojot skices, radot fonus vai uzkl\u0101jot pirmos kr\u0101su sl\u0101\u0146us, kuriem nepiecie\u0161ams liels kr\u0101sas daudzums.","og_url":"https:\/\/hobstop.ee\/lv\/produkts\/ellas-krasu-komplekts-lb-fine\/","og_site_name":"Skizze","article_publisher":"http:\/\/www.facebook.com\/VunderSkizze","og_image":[{"width":1024,"height":768,"url":"https:\/\/hobstop.ee\/media\/4624.jpg","type":"image\/jpeg"}],"twitter_card":"summary_large_image","schema":{"@context":"https:\/\/schema.org","@graph":[{"@type":"WebPage","@id":"https:\/\/hobstop.ee\/lv\/produkts\/ellas-krasu-komplekts-lb-fine\/","url":"https:\/\/hobstop.ee\/lv\/produkts\/ellas-krasu-komplekts-lb-fine\/","name":"E\u013c\u013cas kr\u0101su komplekts LB Fine &#8211; Skizze","isPartOf":{"@id":"https:\/\/hobstop.ee\/lv\/#website"},"primaryImageOfPage":{"@id":"https:\/\/hobstop.ee\/lv\/produkts\/ellas-krasu-komplekts-lb-fine\/#primaryimage"},"image":{"@id":"https:\/\/hobstop.ee\/lv\/produkts\/ellas-krasu-komplekts-lb-fine\/#primaryimage"},"thumbnailUrl":"https:\/\/hobstop.ee\/media\/4624.jpg","datePublished":"2017-09-26T08:52:44+00:00","dateModified":"2017-09-26T08:52:44+00:00","breadcrumb":{"@id":"https:\/\/hobstop.ee\/lv\/produkts\/ellas-krasu-komplekts-lb-fine\/#breadcrumb"},"inLanguage":"lv-LV","potentialAction":[{"@type":"ReadAction","target":["https:\/\/hobstop.ee\/lv\/produkts\/ellas-krasu-komplekts-lb-fine\/"]}]},{"@type":"ImageObject","inLanguage":"lv-LV","@id":"https:\/\/hobstop.ee\/lv\/produkts\/ellas-krasu-komplekts-lb-fine\/#primaryimage","url":"https:\/\/hobstop.ee\/media\/4624.jpg","contentUrl":"https:\/\/hobstop.ee\/media\/4624.jpg","width":1024,"height":768},{"@type":"BreadcrumbList","@id":"https:\/\/hobstop.ee\/lv\/produkts\/ellas-krasu-komplekts-lb-fine\/#breadcrumb","itemListElement":[{"@type":"ListItem","position":1,"name":"Avaleht","item":"https:\/\/hobstop.ee\/lv\/"},{"@type":"ListItem","position":2,"name":"Veikals","item":"https:\/\/hobstop.ee\/lv\/veikals\/"},{"@type":"ListItem","position":3,"name":"E\u013c\u013cas kr\u0101su komplekts LB Fine"}]},{"@type":"WebSite","@id":"https:\/\/hobstop.ee\/lv\/#website","url":"https:\/\/hobstop.ee\/lv\/","name":"Skizze","description":"M\u0101kslas, hobiju un skolas preces","publisher":{"@id":"https:\/\/hobstop.ee\/lv\/#organization"},"potentialAction":[{"@type":"SearchAction","target":{"@type":"EntryPoint","urlTemplate":"https:\/\/hobstop.ee\/lv\/?s={search_term_string}"},"query-input":{"@type":"PropertyValueSpecification","valueRequired":true,"valueName":"search_term_string"}}],"inLanguage":"lv-LV"},{"@type":"Organization","@id":"https:\/\/hobstop.ee\/lv\/#organization","name":"Vunder AS","url":"https:\/\/hobstop.ee\/lv\/","logo":{"@type":"ImageObject","inLanguage":"lv-LV","@id":"https:\/\/hobstop.ee\/lv\/#\/schema\/logo\/image\/","url":"https:\/\/hobstop.ee\/media\/vunder-logo.png","contentUrl":"https:\/\/hobstop.ee\/media\/vunder-logo.png","width":127,"height":55,"caption":"Vunder AS"},"image":{"@id":"https:\/\/hobstop.ee\/lv\/#\/schema\/logo\/image\/"},"sameAs":["http:\/\/www.facebook.com\/VunderSkizze"]}]}},"_links":{"self":[{"href":"https:\/\/hobstop.ee\/lv\/wp-json\/wp\/v2\/product\/296369","targetHints":{"allow":["GET"]}}],"collection":[{"href":"https:\/\/hobstop.ee\/lv\/wp-json\/wp\/v2\/product"}],"about":[{"href":"https:\/\/hobstop.ee\/lv\/wp-json\/wp\/v2\/types\/product"}],"replies":[{"embeddable":true,"href":"https:\/\/hobstop.ee\/lv\/wp-json\/wp\/v2\/comments?post=296369"}],"wp:featuredmedia":[{"embeddable":true,"href":"https:\/\/hobstop.ee\/lv\/wp-json\/wp\/v2\/media\/296789"}],"wp:attachment":[{"href":"https:\/\/hobstop.ee\/lv\/wp-json\/wp\/v2\/media?parent=296369"}],"wp:term":[{"taxonomy":"product_cat","embeddable":true,"href":"https:\/\/hobstop.ee\/lv\/wp-json\/wp\/v2\/product_cat?post=296369"},{"taxonomy":"product_tag","embeddable":true,"href":"https:\/\/hobstop.ee\/lv\/wp-json\/wp\/v2\/product_tag?post=296369"}],"curies":[{"name":"wp","href":"https:\/\/api.w.org\/{rel}","templated":true}]}}