{"id":296373,"date":"2017-09-26T11:52:45","date_gmt":"2017-09-26T08:52:45","guid":{"rendered":"https:\/\/sharks.ee\/vunder_2019\/lv\/product\/ota-lb-fine-cuku-saru\/"},"modified":"2017-09-26T11:52:45","modified_gmt":"2017-09-26T08:52:45","slug":"otu-komplekts-lb-fine-cuku-saru","status":"publish","type":"product","link":"https:\/\/hobstop.ee\/lv\/produkts\/otu-komplekts-lb-fine-cuku-saru\/","title":{"rendered":"Otu komplekts LB Fine c\u016bku saru"},"content":{"rendered":"<p>Daudzpus\u012bg\u0101 un cenas zi\u0146\u0101 pie\u0146emam\u0101 LB Fine oti\u0146a ir izgatavota no smalkiem, balin\u0101tiem, stingriem \u010cunkinas re\u0123iona c\u016bku sariem. Tos augstu v\u0113rt\u0113, pateicoties elast\u012bbai un lieliskajai iztur\u012bbai. T\u0101s \u012bpa\u0161\u012bbas uzlabojas, to akt\u012bvi izmantojot, t\u0101d\u0113j\u0101di radot perfektas l\u012bnijas &#8220;demi-p\u00e2te&#8221; m\u0101kslas darbos ar e\u013c\u013cas vai akrila kr\u0101s\u0101m. Ide\u0101li piem\u0113rota, gleznojot ar e\u013c\u013cu un akrilu.<\/p>\n","protected":false},"excerpt":{"rendered":"<p>Daudzpus\u012bg\u0101 un cenas zi\u0146\u0101 pie\u0146emam\u0101 LB Fine oti\u0146a ir izgatavota no smalkiem, balin\u0101tiem, stingriem \u010cunkinas re\u0123iona c\u016bku sariem. Tos augstu v\u0113rt\u0113, pateicoties elast\u012bbai un lieliskajai iztur\u012bbai. T\u0101s \u012bpa\u0161\u012bbas uzlabojas, to akt\u012bvi izmantojot, t\u0101d\u0113j\u0101di radot perfektas l\u012bnijas &#8220;demi-p\u00e2te&#8221; m\u0101kslas darbos ar e\u013c\u013cas vai akrila kr\u0101s\u0101m. Ide\u0101li piem\u0113rota, gleznojot ar e\u013c\u013cu un akrilu.<\/p>\n","protected":false},"featured_media":296793,"comment_status":"closed","ping_status":"closed","template":"","meta":{"_acf_changed":false,"ep_exclude_from_search":false},"product_cat":[18389,16123,18650],"product_tag":[],"class_list":{"0":"post-296373","1":"product","2":"type-product","3":"status-publish","4":"has-post-thumbnail","6":"product_cat-cuku-saru-otas-3","7":"product_cat-makslas-piederumi-2","8":"product_cat-otas-un-piederumi","10":"first","11":"instock","12":"taxable","13":"shipping-taxable","14":"purchasable","15":"product-type-simple"},"acf":[],"yoast_head":"<!-- This site is optimized with the Yoast SEO plugin v24.1 - https:\/\/yoast.com\/wordpress\/plugins\/seo\/ -->\n<title>Otu komplekts LB Fine c\u016bku saru &#8211; Skizze<\/title>\n<meta name=\"robots\" content=\"noindex, follow, max-snippet:-1, max-image-preview:large, max-video-preview:-1\" \/>\n<meta property=\"og:locale\" content=\"lv_LV\" \/>\n<meta property=\"og:type\" content=\"article\" \/>\n<meta property=\"og:title\" content=\"Otu komplekts LB Fine c\u016bku saru &#8211; Skizze\" \/>\n<meta property=\"og:description\" content=\"Daudzpus\u012bg\u0101 un cenas zi\u0146\u0101 pie\u0146emam\u0101 LB Fine oti\u0146a ir izgatavota no smalkiem, balin\u0101tiem, stingriem \u010cunkinas re\u0123iona c\u016bku sariem. Tos augstu v\u0113rt\u0113, pateicoties elast\u012bbai un lieliskajai iztur\u012bbai. T\u0101s \u012bpa\u0161\u012bbas uzlabojas, to akt\u012bvi izmantojot, t\u0101d\u0113j\u0101di radot perfektas l\u012bnijas &#8220;demi-p\u00e2te&#8221; m\u0101kslas darbos ar e\u013c\u013cas vai akrila kr\u0101s\u0101m. Ide\u0101li piem\u0113rota, gleznojot ar e\u013c\u013cu un akrilu.\" \/>\n<meta property=\"og:url\" content=\"https:\/\/hobstop.ee\/lv\/produkts\/otu-komplekts-lb-fine-cuku-saru\/\" \/>\n<meta property=\"og:site_name\" content=\"Skizze\" \/>\n<meta property=\"article:publisher\" content=\"http:\/\/www.facebook.com\/VunderSkizze\" \/>\n<meta property=\"og:image\" content=\"https:\/\/hobstop.ee\/media\/4643.jpg\" \/>\n\t<meta property=\"og:image:width\" content=\"1024\" \/>\n\t<meta property=\"og:image:height\" content=\"768\" \/>\n\t<meta property=\"og:image:type\" content=\"image\/jpeg\" \/>\n<meta name=\"twitter:card\" content=\"summary_large_image\" \/>\n<script type=\"application\/ld+json\" class=\"yoast-schema-graph\">{\"@context\":\"https:\/\/schema.org\",\"@graph\":[{\"@type\":\"WebPage\",\"@id\":\"https:\/\/hobstop.ee\/lv\/produkts\/otu-komplekts-lb-fine-cuku-saru\/\",\"url\":\"https:\/\/hobstop.ee\/lv\/produkts\/otu-komplekts-lb-fine-cuku-saru\/\",\"name\":\"Otu komplekts LB Fine c\u016bku saru &#8211; Skizze\",\"isPartOf\":{\"@id\":\"https:\/\/hobstop.ee\/lv\/#website\"},\"primaryImageOfPage\":{\"@id\":\"https:\/\/hobstop.ee\/lv\/produkts\/otu-komplekts-lb-fine-cuku-saru\/#primaryimage\"},\"image\":{\"@id\":\"https:\/\/hobstop.ee\/lv\/produkts\/otu-komplekts-lb-fine-cuku-saru\/#primaryimage\"},\"thumbnailUrl\":\"https:\/\/hobstop.ee\/media\/4643.jpg\",\"datePublished\":\"2017-09-26T08:52:45+00:00\",\"dateModified\":\"2017-09-26T08:52:45+00:00\",\"breadcrumb\":{\"@id\":\"https:\/\/hobstop.ee\/lv\/produkts\/otu-komplekts-lb-fine-cuku-saru\/#breadcrumb\"},\"inLanguage\":\"lv-LV\",\"potentialAction\":[{\"@type\":\"ReadAction\",\"target\":[\"https:\/\/hobstop.ee\/lv\/produkts\/otu-komplekts-lb-fine-cuku-saru\/\"]}]},{\"@type\":\"ImageObject\",\"inLanguage\":\"lv-LV\",\"@id\":\"https:\/\/hobstop.ee\/lv\/produkts\/otu-komplekts-lb-fine-cuku-saru\/#primaryimage\",\"url\":\"https:\/\/hobstop.ee\/media\/4643.jpg\",\"contentUrl\":\"https:\/\/hobstop.ee\/media\/4643.jpg\",\"width\":1024,\"height\":768},{\"@type\":\"BreadcrumbList\",\"@id\":\"https:\/\/hobstop.ee\/lv\/produkts\/otu-komplekts-lb-fine-cuku-saru\/#breadcrumb\",\"itemListElement\":[{\"@type\":\"ListItem\",\"position\":1,\"name\":\"Avaleht\",\"item\":\"https:\/\/hobstop.ee\/lv\/\"},{\"@type\":\"ListItem\",\"position\":2,\"name\":\"Veikals\",\"item\":\"https:\/\/hobstop.ee\/lv\/veikals\/\"},{\"@type\":\"ListItem\",\"position\":3,\"name\":\"Otu komplekts LB Fine c\u016bku saru\"}]},{\"@type\":\"WebSite\",\"@id\":\"https:\/\/hobstop.ee\/lv\/#website\",\"url\":\"https:\/\/hobstop.ee\/lv\/\",\"name\":\"Skizze\",\"description\":\"M\u0101kslas, hobiju un skolas preces\",\"publisher\":{\"@id\":\"https:\/\/hobstop.ee\/lv\/#organization\"},\"potentialAction\":[{\"@type\":\"SearchAction\",\"target\":{\"@type\":\"EntryPoint\",\"urlTemplate\":\"https:\/\/hobstop.ee\/lv\/?s={search_term_string}\"},\"query-input\":{\"@type\":\"PropertyValueSpecification\",\"valueRequired\":true,\"valueName\":\"search_term_string\"}}],\"inLanguage\":\"lv-LV\"},{\"@type\":\"Organization\",\"@id\":\"https:\/\/hobstop.ee\/lv\/#organization\",\"name\":\"Vunder AS\",\"url\":\"https:\/\/hobstop.ee\/lv\/\",\"logo\":{\"@type\":\"ImageObject\",\"inLanguage\":\"lv-LV\",\"@id\":\"https:\/\/hobstop.ee\/lv\/#\/schema\/logo\/image\/\",\"url\":\"https:\/\/hobstop.ee\/media\/vunder-logo.png\",\"contentUrl\":\"https:\/\/hobstop.ee\/media\/vunder-logo.png\",\"width\":127,\"height\":55,\"caption\":\"Vunder AS\"},\"image\":{\"@id\":\"https:\/\/hobstop.ee\/lv\/#\/schema\/logo\/image\/\"},\"sameAs\":[\"http:\/\/www.facebook.com\/VunderSkizze\"]}]}<\/script>\n<!-- \/ Yoast SEO plugin. -->","yoast_head_json":{"title":"Otu komplekts LB Fine c\u016bku saru &#8211; Skizze","robots":{"index":"noindex","follow":"follow","max-snippet":"max-snippet:-1","max-image-preview":"max-image-preview:large","max-video-preview":"max-video-preview:-1"},"og_locale":"lv_LV","og_type":"article","og_title":"Otu komplekts LB Fine c\u016bku saru &#8211; Skizze","og_description":"Daudzpus\u012bg\u0101 un cenas zi\u0146\u0101 pie\u0146emam\u0101 LB Fine oti\u0146a ir izgatavota no smalkiem, balin\u0101tiem, stingriem \u010cunkinas re\u0123iona c\u016bku sariem. Tos augstu v\u0113rt\u0113, pateicoties elast\u012bbai un lieliskajai iztur\u012bbai. T\u0101s \u012bpa\u0161\u012bbas uzlabojas, to akt\u012bvi izmantojot, t\u0101d\u0113j\u0101di radot perfektas l\u012bnijas &#8220;demi-p\u00e2te&#8221; m\u0101kslas darbos ar e\u013c\u013cas vai akrila kr\u0101s\u0101m. Ide\u0101li piem\u0113rota, gleznojot ar e\u013c\u013cu un akrilu.","og_url":"https:\/\/hobstop.ee\/lv\/produkts\/otu-komplekts-lb-fine-cuku-saru\/","og_site_name":"Skizze","article_publisher":"http:\/\/www.facebook.com\/VunderSkizze","og_image":[{"width":1024,"height":768,"url":"https:\/\/hobstop.ee\/media\/4643.jpg","type":"image\/jpeg"}],"twitter_card":"summary_large_image","schema":{"@context":"https:\/\/schema.org","@graph":[{"@type":"WebPage","@id":"https:\/\/hobstop.ee\/lv\/produkts\/otu-komplekts-lb-fine-cuku-saru\/","url":"https:\/\/hobstop.ee\/lv\/produkts\/otu-komplekts-lb-fine-cuku-saru\/","name":"Otu komplekts LB Fine c\u016bku saru &#8211; Skizze","isPartOf":{"@id":"https:\/\/hobstop.ee\/lv\/#website"},"primaryImageOfPage":{"@id":"https:\/\/hobstop.ee\/lv\/produkts\/otu-komplekts-lb-fine-cuku-saru\/#primaryimage"},"image":{"@id":"https:\/\/hobstop.ee\/lv\/produkts\/otu-komplekts-lb-fine-cuku-saru\/#primaryimage"},"thumbnailUrl":"https:\/\/hobstop.ee\/media\/4643.jpg","datePublished":"2017-09-26T08:52:45+00:00","dateModified":"2017-09-26T08:52:45+00:00","breadcrumb":{"@id":"https:\/\/hobstop.ee\/lv\/produkts\/otu-komplekts-lb-fine-cuku-saru\/#breadcrumb"},"inLanguage":"lv-LV","potentialAction":[{"@type":"ReadAction","target":["https:\/\/hobstop.ee\/lv\/produkts\/otu-komplekts-lb-fine-cuku-saru\/"]}]},{"@type":"ImageObject","inLanguage":"lv-LV","@id":"https:\/\/hobstop.ee\/lv\/produkts\/otu-komplekts-lb-fine-cuku-saru\/#primaryimage","url":"https:\/\/hobstop.ee\/media\/4643.jpg","contentUrl":"https:\/\/hobstop.ee\/media\/4643.jpg","width":1024,"height":768},{"@type":"BreadcrumbList","@id":"https:\/\/hobstop.ee\/lv\/produkts\/otu-komplekts-lb-fine-cuku-saru\/#breadcrumb","itemListElement":[{"@type":"ListItem","position":1,"name":"Avaleht","item":"https:\/\/hobstop.ee\/lv\/"},{"@type":"ListItem","position":2,"name":"Veikals","item":"https:\/\/hobstop.ee\/lv\/veikals\/"},{"@type":"ListItem","position":3,"name":"Otu komplekts LB Fine c\u016bku saru"}]},{"@type":"WebSite","@id":"https:\/\/hobstop.ee\/lv\/#website","url":"https:\/\/hobstop.ee\/lv\/","name":"Skizze","description":"M\u0101kslas, hobiju un skolas preces","publisher":{"@id":"https:\/\/hobstop.ee\/lv\/#organization"},"potentialAction":[{"@type":"SearchAction","target":{"@type":"EntryPoint","urlTemplate":"https:\/\/hobstop.ee\/lv\/?s={search_term_string}"},"query-input":{"@type":"PropertyValueSpecification","valueRequired":true,"valueName":"search_term_string"}}],"inLanguage":"lv-LV"},{"@type":"Organization","@id":"https:\/\/hobstop.ee\/lv\/#organization","name":"Vunder AS","url":"https:\/\/hobstop.ee\/lv\/","logo":{"@type":"ImageObject","inLanguage":"lv-LV","@id":"https:\/\/hobstop.ee\/lv\/#\/schema\/logo\/image\/","url":"https:\/\/hobstop.ee\/media\/vunder-logo.png","contentUrl":"https:\/\/hobstop.ee\/media\/vunder-logo.png","width":127,"height":55,"caption":"Vunder AS"},"image":{"@id":"https:\/\/hobstop.ee\/lv\/#\/schema\/logo\/image\/"},"sameAs":["http:\/\/www.facebook.com\/VunderSkizze"]}]}},"_links":{"self":[{"href":"https:\/\/hobstop.ee\/lv\/wp-json\/wp\/v2\/product\/296373","targetHints":{"allow":["GET"]}}],"collection":[{"href":"https:\/\/hobstop.ee\/lv\/wp-json\/wp\/v2\/product"}],"about":[{"href":"https:\/\/hobstop.ee\/lv\/wp-json\/wp\/v2\/types\/product"}],"replies":[{"embeddable":true,"href":"https:\/\/hobstop.ee\/lv\/wp-json\/wp\/v2\/comments?post=296373"}],"wp:featuredmedia":[{"embeddable":true,"href":"https:\/\/hobstop.ee\/lv\/wp-json\/wp\/v2\/media\/296793"}],"wp:attachment":[{"href":"https:\/\/hobstop.ee\/lv\/wp-json\/wp\/v2\/media?parent=296373"}],"wp:term":[{"taxonomy":"product_cat","embeddable":true,"href":"https:\/\/hobstop.ee\/lv\/wp-json\/wp\/v2\/product_cat?post=296373"},{"taxonomy":"product_tag","embeddable":true,"href":"https:\/\/hobstop.ee\/lv\/wp-json\/wp\/v2\/product_tag?post=296373"}],"curies":[{"name":"wp","href":"https:\/\/api.w.org\/{rel}","templated":true}]}}