{"id":300528,"date":"2017-12-07T10:49:49","date_gmt":"2017-12-07T08:49:49","guid":{"rendered":"https:\/\/sharks.ee\/vunder_2019\/lv\/product\/krasainais-zimulis-derwent-procolour-metala-kaste\/"},"modified":"2017-12-07T10:49:49","modified_gmt":"2017-12-07T08:49:49","slug":"krasainais-zimulis-derwent-procolour-metala-kaste","status":"publish","type":"product","link":"https:\/\/hobstop.ee\/lv\/produkts\/krasainais-zimulis-derwent-procolour-metala-kaste\/","title":{"rendered":"Kr\u0101sainais z\u012bmulis Derwent Procolour met\u0101la kast\u0113"},"content":{"rendered":"<p>Derwent Procolour z\u012bmu\u013ci ir perfekta stingras kr\u0101sas un gluda rezult\u0101ta apvienojums. Uzkl\u0101\u0161anas tekst\u016bra l\u012bdzin\u0101s vaskam, lai gan slidenuma zi\u0146\u0101 l\u012bdzin\u0101s e\u013c\u013cai. Bag\u0101t\u012bg\u0101 pigmenta z\u012bmu\u013ci ir asi, kas lieliski pal\u012bdz detaliz\u0113tu l\u012bniju rad\u012b\u0161anai, bet maksim\u0101l\u0101 putek\u013cu notur\u012bba nodro\u0161ina t\u012bru darba vidi bez traipiem. Procolour apvieno lab\u0101ko no Derwent Artist un Derwent Coloursoft s\u0113rij\u0101m, ietverot Artists notur\u012bbu un Coloursoft kl\u0101jumu \u2013 m\u0101ksliniekiem tas noz\u012bm\u0113 ilgsto\u0161u, nemain\u012bgu precizit\u0101ti un vienm\u0113r\u012bgu kr\u0101sas kl\u0101jumu. Unik\u0101l\u0101 formula ik vien\u0101 Procolour z\u012bmul\u012b nodro\u0161ina t\u012bru apdari. Profesion\u0101li m\u0101kslinieki ir atzin\u012bgi nov\u0113rt\u0113ju\u0161i to stipr\u0101s puses, kas ietver dinamiskas un gludas kr\u0101sas, kr\u0101su sajauk\u0161anas un sl\u0101\u0146o\u0161anas iesp\u0113jas, k\u0101 ar\u012b spilgtus to\u0146us, str\u0101d\u0101jot ar da\u017e\u0101diem, m\u0101ksliniekiem paredz\u0113tiem pap\u012briem. Procolour z\u012bmu\u013cus var lieliski izmantot ar da\u017e\u0101diem medijiem un citiem piederumiem, piem\u0113ram, kr\u0101su blenderiem un izklied\u0113\u0161anas koci\u0146iem.<br \/>\n&#8211; Sp\u0113c\u012bgs kodols un gali\u0146\u0161, \u013coti maz skaidi\u0146u un putek\u013cu<br \/>\n&#8211; Gluda kr\u0101su kl\u0101\u0161ana, bez vaska apdares efekta<br \/>\n&#8211; \u013boti bag\u0101t\u012bgi pigment\u0113ti<br \/>\n&#8211; Viegli jauc\u0101s ar da\u017e\u0101diem medijiem un blenderiem<\/p>\n","protected":false},"excerpt":{"rendered":"<p>Derwent Procolour z\u012bmu\u013ci ir perfekta stingras kr\u0101sas un gluda rezult\u0101ta apvienojums. Uzkl\u0101\u0161anas tekst\u016bra l\u012bdzin\u0101s vaskam, lai gan slidenuma zi\u0146\u0101 l\u012bdzin\u0101s e\u013c\u013cai. Bag\u0101t\u012bg\u0101 pigmenta z\u012bmu\u013ci ir asi, kas lieliski pal\u012bdz detaliz\u0113tu l\u012bniju rad\u012b\u0161anai, bet maksim\u0101l\u0101 putek\u013cu notur\u012bba nodro\u0161ina t\u012bru darba vidi bez traipiem. Procolour apvieno lab\u0101ko no Derwent Artist un Derwent Coloursoft s\u0113rij\u0101m, ietverot Artists notur\u012bbu un Coloursoft kl\u0101jumu \u2013 m\u0101ksliniekiem tas noz\u012bm\u0113 ilgsto\u0161u, nemain\u012bgu precizit\u0101ti un vienm\u0113r\u012bgu kr\u0101sas kl\u0101jumu. Unik\u0101l\u0101 formula ik vien\u0101 Procolour z\u012bmul\u012b nodro\u0161ina t\u012bru apdari. Profesion\u0101li m\u0101kslinieki ir atzin\u012bgi nov\u0113rt\u0113ju\u0161i to stipr\u0101s puses, kas ietver dinamiskas un gludas kr\u0101sas, kr\u0101su sajauk\u0161anas un sl\u0101\u0146o\u0161anas iesp\u0113jas, k\u0101 ar\u012b spilgtus to\u0146us, str\u0101d\u0101jot ar da\u017e\u0101diem, m\u0101ksliniekiem paredz\u0113tiem pap\u012briem. Procolour z\u012bmu\u013cus var lieliski izmantot ar da\u017e\u0101diem medijiem un citiem piederumiem, piem\u0113ram, kr\u0101su blenderiem un izklied\u0113\u0161anas koci\u0146iem. &#8211; Sp\u0113c\u012bgs kodols un gali\u0146\u0161, \u013coti maz skaidi\u0146u un putek\u013cu &#8211; Gluda kr\u0101su kl\u0101\u0161ana, bez vaska apdares efekta &#8211; \u013boti bag\u0101t\u012bgi pigment\u0113ti &#8211; Viegli jauc\u0101s ar da\u017e\u0101diem medijiem un blenderiem<\/p>\n","protected":false},"featured_media":301056,"comment_status":"closed","ping_status":"closed","template":"","meta":{"_acf_changed":false,"ep_exclude_from_search":false},"product_cat":[18142,16123,18931],"product_tag":[],"class_list":{"0":"post-300528","1":"product","2":"type-product","3":"status-publish","4":"has-post-thumbnail","6":"product_cat-krasu-zimuli-3","7":"product_cat-makslas-piederumi-2","8":"product_cat-zimesanas-piederumi-3","10":"first","11":"instock","12":"taxable","13":"shipping-taxable","14":"purchasable","15":"product-type-simple"},"acf":[],"yoast_head":"<!-- This site is optimized with the Yoast SEO plugin v24.1 - https:\/\/yoast.com\/wordpress\/plugins\/seo\/ -->\n<title>Kr\u0101sainais z\u012bmulis Derwent Procolour met\u0101la kast\u0113 &#8211; Skizze<\/title>\n<meta name=\"robots\" content=\"noindex, follow, max-snippet:-1, max-image-preview:large, max-video-preview:-1\" \/>\n<meta property=\"og:locale\" content=\"lv_LV\" \/>\n<meta property=\"og:type\" content=\"article\" \/>\n<meta property=\"og:title\" content=\"Kr\u0101sainais z\u012bmulis Derwent Procolour met\u0101la kast\u0113 &#8211; Skizze\" \/>\n<meta property=\"og:description\" content=\"Derwent Procolour z\u012bmu\u013ci ir perfekta stingras kr\u0101sas un gluda rezult\u0101ta apvienojums. Uzkl\u0101\u0161anas tekst\u016bra l\u012bdzin\u0101s vaskam, lai gan slidenuma zi\u0146\u0101 l\u012bdzin\u0101s e\u013c\u013cai. Bag\u0101t\u012bg\u0101 pigmenta z\u012bmu\u013ci ir asi, kas lieliski pal\u012bdz detaliz\u0113tu l\u012bniju rad\u012b\u0161anai, bet maksim\u0101l\u0101 putek\u013cu notur\u012bba nodro\u0161ina t\u012bru darba vidi bez traipiem. Procolour apvieno lab\u0101ko no Derwent Artist un Derwent Coloursoft s\u0113rij\u0101m, ietverot Artists notur\u012bbu un Coloursoft kl\u0101jumu \u2013 m\u0101ksliniekiem tas noz\u012bm\u0113 ilgsto\u0161u, nemain\u012bgu precizit\u0101ti un vienm\u0113r\u012bgu kr\u0101sas kl\u0101jumu. Unik\u0101l\u0101 formula ik vien\u0101 Procolour z\u012bmul\u012b nodro\u0161ina t\u012bru apdari. Profesion\u0101li m\u0101kslinieki ir atzin\u012bgi nov\u0113rt\u0113ju\u0161i to stipr\u0101s puses, kas ietver dinamiskas un gludas kr\u0101sas, kr\u0101su sajauk\u0161anas un sl\u0101\u0146o\u0161anas iesp\u0113jas, k\u0101 ar\u012b spilgtus to\u0146us, str\u0101d\u0101jot ar da\u017e\u0101diem, m\u0101ksliniekiem paredz\u0113tiem pap\u012briem. Procolour z\u012bmu\u013cus var lieliski izmantot ar da\u017e\u0101diem medijiem un citiem piederumiem, piem\u0113ram, kr\u0101su blenderiem un izklied\u0113\u0161anas koci\u0146iem. &#8211; Sp\u0113c\u012bgs kodols un gali\u0146\u0161, \u013coti maz skaidi\u0146u un putek\u013cu &#8211; Gluda kr\u0101su kl\u0101\u0161ana, bez vaska apdares efekta &#8211; \u013boti bag\u0101t\u012bgi pigment\u0113ti &#8211; Viegli jauc\u0101s ar da\u017e\u0101diem medijiem un blenderiem\" \/>\n<meta property=\"og:url\" content=\"https:\/\/hobstop.ee\/lv\/produkts\/krasainais-zimulis-derwent-procolour-metala-kaste\/\" \/>\n<meta property=\"og:site_name\" content=\"Skizze\" \/>\n<meta property=\"article:publisher\" content=\"http:\/\/www.facebook.com\/VunderSkizze\" \/>\n<meta property=\"og:image\" content=\"https:\/\/www.hobstop.ee\/media\/4651.jpg\" \/>\n\t<meta property=\"og:image:width\" content=\"1024\" \/>\n\t<meta property=\"og:image:height\" content=\"768\" \/>\n\t<meta property=\"og:image:type\" content=\"image\/jpeg\" \/>\n<meta name=\"twitter:card\" content=\"summary_large_image\" \/>\n<meta name=\"twitter:label1\" content=\"Est. reading time\" \/>\n\t<meta name=\"twitter:data1\" content=\"1 min\u016b\u0161u\" \/>\n<script type=\"application\/ld+json\" class=\"yoast-schema-graph\">{\"@context\":\"https:\/\/schema.org\",\"@graph\":[{\"@type\":\"WebPage\",\"@id\":\"https:\/\/hobstop.ee\/lv\/produkts\/krasainais-zimulis-derwent-procolour-metala-kaste\/\",\"url\":\"https:\/\/hobstop.ee\/lv\/produkts\/krasainais-zimulis-derwent-procolour-metala-kaste\/\",\"name\":\"Kr\u0101sainais z\u012bmulis Derwent Procolour met\u0101la kast\u0113 &#8211; Skizze\",\"isPartOf\":{\"@id\":\"https:\/\/hobstop.ee\/lv\/#website\"},\"primaryImageOfPage\":{\"@id\":\"https:\/\/hobstop.ee\/lv\/produkts\/krasainais-zimulis-derwent-procolour-metala-kaste\/#primaryimage\"},\"image\":{\"@id\":\"https:\/\/hobstop.ee\/lv\/produkts\/krasainais-zimulis-derwent-procolour-metala-kaste\/#primaryimage\"},\"thumbnailUrl\":\"https:\/\/hobstop.ee\/media\/4651.jpg\",\"datePublished\":\"2017-12-07T08:49:49+00:00\",\"dateModified\":\"2017-12-07T08:49:49+00:00\",\"breadcrumb\":{\"@id\":\"https:\/\/hobstop.ee\/lv\/produkts\/krasainais-zimulis-derwent-procolour-metala-kaste\/#breadcrumb\"},\"inLanguage\":\"lv-LV\",\"potentialAction\":[{\"@type\":\"ReadAction\",\"target\":[\"https:\/\/hobstop.ee\/lv\/produkts\/krasainais-zimulis-derwent-procolour-metala-kaste\/\"]}]},{\"@type\":\"ImageObject\",\"inLanguage\":\"lv-LV\",\"@id\":\"https:\/\/hobstop.ee\/lv\/produkts\/krasainais-zimulis-derwent-procolour-metala-kaste\/#primaryimage\",\"url\":\"https:\/\/hobstop.ee\/media\/4651.jpg\",\"contentUrl\":\"https:\/\/hobstop.ee\/media\/4651.jpg\",\"width\":1024,\"height\":768},{\"@type\":\"BreadcrumbList\",\"@id\":\"https:\/\/hobstop.ee\/lv\/produkts\/krasainais-zimulis-derwent-procolour-metala-kaste\/#breadcrumb\",\"itemListElement\":[{\"@type\":\"ListItem\",\"position\":1,\"name\":\"Avaleht\",\"item\":\"https:\/\/www.hobstop.ee\/lv\/\"},{\"@type\":\"ListItem\",\"position\":2,\"name\":\"Veikals\",\"item\":\"https:\/\/www.hobstop.ee\/lv\/veikals\/\"},{\"@type\":\"ListItem\",\"position\":3,\"name\":\"Kr\u0101sainais z\u012bmulis Derwent Procolour met\u0101la kast\u0113\"}]},{\"@type\":\"WebSite\",\"@id\":\"https:\/\/hobstop.ee\/lv\/#website\",\"url\":\"https:\/\/hobstop.ee\/lv\/\",\"name\":\"Skizze\",\"description\":\"M\u0101kslas, hobiju un skolas preces\",\"publisher\":{\"@id\":\"https:\/\/hobstop.ee\/lv\/#organization\"},\"potentialAction\":[{\"@type\":\"SearchAction\",\"target\":{\"@type\":\"EntryPoint\",\"urlTemplate\":\"https:\/\/hobstop.ee\/lv\/?s={search_term_string}\"},\"query-input\":{\"@type\":\"PropertyValueSpecification\",\"valueRequired\":true,\"valueName\":\"search_term_string\"}}],\"inLanguage\":\"lv-LV\"},{\"@type\":\"Organization\",\"@id\":\"https:\/\/hobstop.ee\/lv\/#organization\",\"name\":\"Vunder AS\",\"url\":\"https:\/\/hobstop.ee\/lv\/\",\"logo\":{\"@type\":\"ImageObject\",\"inLanguage\":\"lv-LV\",\"@id\":\"https:\/\/hobstop.ee\/lv\/#\/schema\/logo\/image\/\",\"url\":\"https:\/\/hobstop.ee\/media\/vunder-logo.png\",\"contentUrl\":\"https:\/\/hobstop.ee\/media\/vunder-logo.png\",\"width\":127,\"height\":55,\"caption\":\"Vunder AS\"},\"image\":{\"@id\":\"https:\/\/hobstop.ee\/lv\/#\/schema\/logo\/image\/\"},\"sameAs\":[\"http:\/\/www.facebook.com\/VunderSkizze\"]}]}<\/script>\n<!-- \/ Yoast SEO plugin. -->","yoast_head_json":{"title":"Kr\u0101sainais z\u012bmulis Derwent Procolour met\u0101la kast\u0113 &#8211; Skizze","robots":{"index":"noindex","follow":"follow","max-snippet":"max-snippet:-1","max-image-preview":"max-image-preview:large","max-video-preview":"max-video-preview:-1"},"og_locale":"lv_LV","og_type":"article","og_title":"Kr\u0101sainais z\u012bmulis Derwent Procolour met\u0101la kast\u0113 &#8211; Skizze","og_description":"Derwent Procolour z\u012bmu\u013ci ir perfekta stingras kr\u0101sas un gluda rezult\u0101ta apvienojums. Uzkl\u0101\u0161anas tekst\u016bra l\u012bdzin\u0101s vaskam, lai gan slidenuma zi\u0146\u0101 l\u012bdzin\u0101s e\u013c\u013cai. Bag\u0101t\u012bg\u0101 pigmenta z\u012bmu\u013ci ir asi, kas lieliski pal\u012bdz detaliz\u0113tu l\u012bniju rad\u012b\u0161anai, bet maksim\u0101l\u0101 putek\u013cu notur\u012bba nodro\u0161ina t\u012bru darba vidi bez traipiem. Procolour apvieno lab\u0101ko no Derwent Artist un Derwent Coloursoft s\u0113rij\u0101m, ietverot Artists notur\u012bbu un Coloursoft kl\u0101jumu \u2013 m\u0101ksliniekiem tas noz\u012bm\u0113 ilgsto\u0161u, nemain\u012bgu precizit\u0101ti un vienm\u0113r\u012bgu kr\u0101sas kl\u0101jumu. Unik\u0101l\u0101 formula ik vien\u0101 Procolour z\u012bmul\u012b nodro\u0161ina t\u012bru apdari. Profesion\u0101li m\u0101kslinieki ir atzin\u012bgi nov\u0113rt\u0113ju\u0161i to stipr\u0101s puses, kas ietver dinamiskas un gludas kr\u0101sas, kr\u0101su sajauk\u0161anas un sl\u0101\u0146o\u0161anas iesp\u0113jas, k\u0101 ar\u012b spilgtus to\u0146us, str\u0101d\u0101jot ar da\u017e\u0101diem, m\u0101ksliniekiem paredz\u0113tiem pap\u012briem. Procolour z\u012bmu\u013cus var lieliski izmantot ar da\u017e\u0101diem medijiem un citiem piederumiem, piem\u0113ram, kr\u0101su blenderiem un izklied\u0113\u0161anas koci\u0146iem. &#8211; Sp\u0113c\u012bgs kodols un gali\u0146\u0161, \u013coti maz skaidi\u0146u un putek\u013cu &#8211; Gluda kr\u0101su kl\u0101\u0161ana, bez vaska apdares efekta &#8211; \u013boti bag\u0101t\u012bgi pigment\u0113ti &#8211; Viegli jauc\u0101s ar da\u017e\u0101diem medijiem un blenderiem","og_url":"https:\/\/hobstop.ee\/lv\/produkts\/krasainais-zimulis-derwent-procolour-metala-kaste\/","og_site_name":"Skizze","article_publisher":"http:\/\/www.facebook.com\/VunderSkizze","og_image":[{"width":1024,"height":768,"url":"https:\/\/www.hobstop.ee\/media\/4651.jpg","type":"image\/jpeg"}],"twitter_card":"summary_large_image","twitter_misc":{"Est. reading time":"1 min\u016b\u0161u"},"schema":{"@context":"https:\/\/schema.org","@graph":[{"@type":"WebPage","@id":"https:\/\/hobstop.ee\/lv\/produkts\/krasainais-zimulis-derwent-procolour-metala-kaste\/","url":"https:\/\/hobstop.ee\/lv\/produkts\/krasainais-zimulis-derwent-procolour-metala-kaste\/","name":"Kr\u0101sainais z\u012bmulis Derwent Procolour met\u0101la kast\u0113 &#8211; Skizze","isPartOf":{"@id":"https:\/\/hobstop.ee\/lv\/#website"},"primaryImageOfPage":{"@id":"https:\/\/hobstop.ee\/lv\/produkts\/krasainais-zimulis-derwent-procolour-metala-kaste\/#primaryimage"},"image":{"@id":"https:\/\/hobstop.ee\/lv\/produkts\/krasainais-zimulis-derwent-procolour-metala-kaste\/#primaryimage"},"thumbnailUrl":"https:\/\/hobstop.ee\/media\/4651.jpg","datePublished":"2017-12-07T08:49:49+00:00","dateModified":"2017-12-07T08:49:49+00:00","breadcrumb":{"@id":"https:\/\/hobstop.ee\/lv\/produkts\/krasainais-zimulis-derwent-procolour-metala-kaste\/#breadcrumb"},"inLanguage":"lv-LV","potentialAction":[{"@type":"ReadAction","target":["https:\/\/hobstop.ee\/lv\/produkts\/krasainais-zimulis-derwent-procolour-metala-kaste\/"]}]},{"@type":"ImageObject","inLanguage":"lv-LV","@id":"https:\/\/hobstop.ee\/lv\/produkts\/krasainais-zimulis-derwent-procolour-metala-kaste\/#primaryimage","url":"https:\/\/hobstop.ee\/media\/4651.jpg","contentUrl":"https:\/\/hobstop.ee\/media\/4651.jpg","width":1024,"height":768},{"@type":"BreadcrumbList","@id":"https:\/\/hobstop.ee\/lv\/produkts\/krasainais-zimulis-derwent-procolour-metala-kaste\/#breadcrumb","itemListElement":[{"@type":"ListItem","position":1,"name":"Avaleht","item":"https:\/\/www.hobstop.ee\/lv\/"},{"@type":"ListItem","position":2,"name":"Veikals","item":"https:\/\/www.hobstop.ee\/lv\/veikals\/"},{"@type":"ListItem","position":3,"name":"Kr\u0101sainais z\u012bmulis Derwent Procolour met\u0101la kast\u0113"}]},{"@type":"WebSite","@id":"https:\/\/hobstop.ee\/lv\/#website","url":"https:\/\/hobstop.ee\/lv\/","name":"Skizze","description":"M\u0101kslas, hobiju un skolas preces","publisher":{"@id":"https:\/\/hobstop.ee\/lv\/#organization"},"potentialAction":[{"@type":"SearchAction","target":{"@type":"EntryPoint","urlTemplate":"https:\/\/hobstop.ee\/lv\/?s={search_term_string}"},"query-input":{"@type":"PropertyValueSpecification","valueRequired":true,"valueName":"search_term_string"}}],"inLanguage":"lv-LV"},{"@type":"Organization","@id":"https:\/\/hobstop.ee\/lv\/#organization","name":"Vunder AS","url":"https:\/\/hobstop.ee\/lv\/","logo":{"@type":"ImageObject","inLanguage":"lv-LV","@id":"https:\/\/hobstop.ee\/lv\/#\/schema\/logo\/image\/","url":"https:\/\/hobstop.ee\/media\/vunder-logo.png","contentUrl":"https:\/\/hobstop.ee\/media\/vunder-logo.png","width":127,"height":55,"caption":"Vunder AS"},"image":{"@id":"https:\/\/hobstop.ee\/lv\/#\/schema\/logo\/image\/"},"sameAs":["http:\/\/www.facebook.com\/VunderSkizze"]}]}},"_links":{"self":[{"href":"https:\/\/hobstop.ee\/lv\/wp-json\/wp\/v2\/product\/300528","targetHints":{"allow":["GET"]}}],"collection":[{"href":"https:\/\/hobstop.ee\/lv\/wp-json\/wp\/v2\/product"}],"about":[{"href":"https:\/\/hobstop.ee\/lv\/wp-json\/wp\/v2\/types\/product"}],"replies":[{"embeddable":true,"href":"https:\/\/hobstop.ee\/lv\/wp-json\/wp\/v2\/comments?post=300528"}],"wp:featuredmedia":[{"embeddable":true,"href":"https:\/\/hobstop.ee\/lv\/wp-json\/wp\/v2\/media\/301056"}],"wp:attachment":[{"href":"https:\/\/hobstop.ee\/lv\/wp-json\/wp\/v2\/media?parent=300528"}],"wp:term":[{"taxonomy":"product_cat","embeddable":true,"href":"https:\/\/hobstop.ee\/lv\/wp-json\/wp\/v2\/product_cat?post=300528"},{"taxonomy":"product_tag","embeddable":true,"href":"https:\/\/hobstop.ee\/lv\/wp-json\/wp\/v2\/product_tag?post=300528"}],"curies":[{"name":"wp","href":"https:\/\/api.w.org\/{rel}","templated":true}]}}