{"id":300536,"date":"2017-12-07T10:49:52","date_gmt":"2017-12-07T08:49:52","guid":{"rendered":"https:\/\/sharks.ee\/vunder_2019\/lv\/product\/limes-markieris-quickie-glue\/"},"modified":"2017-12-07T10:49:52","modified_gmt":"2017-12-07T08:49:52","slug":"limes-markieris-quickie-glue","status":"publish","type":"product","link":"https:\/\/hobstop.ee\/lv\/produkts\/limes-markieris-quickie-glue\/","title":{"rendered":"L\u012bmes mar\u0137ieris Quickie Glue"},"content":{"rendered":"<p>L\u012bmes z\u012bmulis lod\u012b\u0161u pildspalvas veid\u0101 ir piem\u0113rots prec\u012bzu darb\u012bbu veik\u0161anai uz pap\u012bra. Ide\u0101li piem\u0113rots izmanto\u0161anai uz visa veida pap\u012briem, k\u0101 ar\u012b rotu p\u0113rl\u012b\u0161u vai citu dekor\u0101ciju piestiprin\u0101\u0161anai pie pap\u012bra. Virsmai ir j\u0101b\u016bt t\u012brai un sausai. Lai rad\u012btu ilglaic\u012bgu stiprin\u0101jumu, uzlieciet dekor\u0101ciju, kam\u0113r l\u012bme ir mitra un zilgana. \u012astermi\u0146a darbu fiks\u0113\u0161anai, nostipriniet priek\u0161metus uz no\u017euvu\u0161as un caursp\u012bd\u012bgas l\u012bmes.<\/p>\n","protected":false},"excerpt":{"rendered":"<p>L\u012bmes z\u012bmulis lod\u012b\u0161u pildspalvas veid\u0101 ir piem\u0113rots prec\u012bzu darb\u012bbu veik\u0161anai uz pap\u012bra. Ide\u0101li piem\u0113rots izmanto\u0161anai uz visa veida pap\u012briem, k\u0101 ar\u012b rotu p\u0113rl\u012b\u0161u vai citu dekor\u0101ciju piestiprin\u0101\u0161anai pie pap\u012bra. Virsmai ir j\u0101b\u016bt t\u012brai un sausai. Lai rad\u012btu ilglaic\u012bgu stiprin\u0101jumu, uzlieciet dekor\u0101ciju, kam\u0113r l\u012bme ir mitra un zilgana. \u012astermi\u0146a darbu fiks\u0113\u0161anai, nostipriniet priek\u0161metus uz no\u017euvu\u0161as un caursp\u012bd\u012bgas l\u012bmes.<\/p>\n","protected":false},"featured_media":301064,"comment_status":"closed","ping_status":"closed","template":"","meta":{"_acf_changed":false,"ep_exclude_from_search":false},"product_cat":[20038,17918,19846],"product_tag":[],"class_list":{"0":"post-300536","1":"product","2":"type-product","3":"status-publish","4":"has-post-thumbnail","6":"product_cat-dazadi-34","7":"product_cat-preces-hobijiem","8":"product_cat-rokdarbu-limes","10":"first","11":"instock","12":"taxable","13":"shipping-taxable","14":"purchasable","15":"product-type-simple"},"acf":[],"yoast_head":"<!-- This site is optimized with the Yoast SEO plugin v24.1 - https:\/\/yoast.com\/wordpress\/plugins\/seo\/ -->\n<title>L\u012bmes mar\u0137ieris Quickie Glue &#8211; Skizze<\/title>\n<meta name=\"robots\" content=\"noindex, follow, max-snippet:-1, max-image-preview:large, max-video-preview:-1\" \/>\n<meta property=\"og:locale\" content=\"lv_LV\" \/>\n<meta property=\"og:type\" content=\"article\" \/>\n<meta property=\"og:title\" content=\"L\u012bmes mar\u0137ieris Quickie Glue &#8211; Skizze\" \/>\n<meta property=\"og:description\" content=\"L\u012bmes z\u012bmulis lod\u012b\u0161u pildspalvas veid\u0101 ir piem\u0113rots prec\u012bzu darb\u012bbu veik\u0161anai uz pap\u012bra. Ide\u0101li piem\u0113rots izmanto\u0161anai uz visa veida pap\u012briem, k\u0101 ar\u012b rotu p\u0113rl\u012b\u0161u vai citu dekor\u0101ciju piestiprin\u0101\u0161anai pie pap\u012bra. Virsmai ir j\u0101b\u016bt t\u012brai un sausai. Lai rad\u012btu ilglaic\u012bgu stiprin\u0101jumu, uzlieciet dekor\u0101ciju, kam\u0113r l\u012bme ir mitra un zilgana. \u012astermi\u0146a darbu fiks\u0113\u0161anai, nostipriniet priek\u0161metus uz no\u017euvu\u0161as un caursp\u012bd\u012bgas l\u012bmes.\" \/>\n<meta property=\"og:url\" content=\"https:\/\/hobstop.ee\/lv\/produkts\/limes-markieris-quickie-glue\/\" \/>\n<meta property=\"og:site_name\" content=\"Skizze\" \/>\n<meta property=\"article:publisher\" content=\"http:\/\/www.facebook.com\/VunderSkizze\" \/>\n<meta property=\"og:image\" content=\"https:\/\/hobstop.ee\/media\/4684.jpg\" \/>\n\t<meta property=\"og:image:width\" content=\"1024\" \/>\n\t<meta property=\"og:image:height\" content=\"768\" \/>\n\t<meta property=\"og:image:type\" content=\"image\/jpeg\" \/>\n<meta name=\"twitter:card\" content=\"summary_large_image\" \/>\n<script type=\"application\/ld+json\" class=\"yoast-schema-graph\">{\"@context\":\"https:\/\/schema.org\",\"@graph\":[{\"@type\":\"WebPage\",\"@id\":\"https:\/\/hobstop.ee\/lv\/produkts\/limes-markieris-quickie-glue\/\",\"url\":\"https:\/\/hobstop.ee\/lv\/produkts\/limes-markieris-quickie-glue\/\",\"name\":\"L\u012bmes mar\u0137ieris Quickie Glue &#8211; Skizze\",\"isPartOf\":{\"@id\":\"https:\/\/hobstop.ee\/lv\/#website\"},\"primaryImageOfPage\":{\"@id\":\"https:\/\/hobstop.ee\/lv\/produkts\/limes-markieris-quickie-glue\/#primaryimage\"},\"image\":{\"@id\":\"https:\/\/hobstop.ee\/lv\/produkts\/limes-markieris-quickie-glue\/#primaryimage\"},\"thumbnailUrl\":\"https:\/\/hobstop.ee\/media\/4684.jpg\",\"datePublished\":\"2017-12-07T08:49:52+00:00\",\"dateModified\":\"2017-12-07T08:49:52+00:00\",\"breadcrumb\":{\"@id\":\"https:\/\/hobstop.ee\/lv\/produkts\/limes-markieris-quickie-glue\/#breadcrumb\"},\"inLanguage\":\"lv-LV\",\"potentialAction\":[{\"@type\":\"ReadAction\",\"target\":[\"https:\/\/hobstop.ee\/lv\/produkts\/limes-markieris-quickie-glue\/\"]}]},{\"@type\":\"ImageObject\",\"inLanguage\":\"lv-LV\",\"@id\":\"https:\/\/hobstop.ee\/lv\/produkts\/limes-markieris-quickie-glue\/#primaryimage\",\"url\":\"https:\/\/hobstop.ee\/media\/4684.jpg\",\"contentUrl\":\"https:\/\/hobstop.ee\/media\/4684.jpg\",\"width\":1024,\"height\":768},{\"@type\":\"BreadcrumbList\",\"@id\":\"https:\/\/hobstop.ee\/lv\/produkts\/limes-markieris-quickie-glue\/#breadcrumb\",\"itemListElement\":[{\"@type\":\"ListItem\",\"position\":1,\"name\":\"Avaleht\",\"item\":\"https:\/\/www.hobstop.ee\/lv\/\"},{\"@type\":\"ListItem\",\"position\":2,\"name\":\"Veikals\",\"item\":\"https:\/\/www.hobstop.ee\/lv\/veikals\/\"},{\"@type\":\"ListItem\",\"position\":3,\"name\":\"L\u012bmes mar\u0137ieris Quickie Glue\"}]},{\"@type\":\"WebSite\",\"@id\":\"https:\/\/hobstop.ee\/lv\/#website\",\"url\":\"https:\/\/hobstop.ee\/lv\/\",\"name\":\"Skizze\",\"description\":\"M\u0101kslas, hobiju un skolas preces\",\"publisher\":{\"@id\":\"https:\/\/hobstop.ee\/lv\/#organization\"},\"potentialAction\":[{\"@type\":\"SearchAction\",\"target\":{\"@type\":\"EntryPoint\",\"urlTemplate\":\"https:\/\/hobstop.ee\/lv\/?s={search_term_string}\"},\"query-input\":{\"@type\":\"PropertyValueSpecification\",\"valueRequired\":true,\"valueName\":\"search_term_string\"}}],\"inLanguage\":\"lv-LV\"},{\"@type\":\"Organization\",\"@id\":\"https:\/\/hobstop.ee\/lv\/#organization\",\"name\":\"Vunder AS\",\"url\":\"https:\/\/hobstop.ee\/lv\/\",\"logo\":{\"@type\":\"ImageObject\",\"inLanguage\":\"lv-LV\",\"@id\":\"https:\/\/hobstop.ee\/lv\/#\/schema\/logo\/image\/\",\"url\":\"https:\/\/hobstop.ee\/media\/vunder-logo.png\",\"contentUrl\":\"https:\/\/hobstop.ee\/media\/vunder-logo.png\",\"width\":127,\"height\":55,\"caption\":\"Vunder AS\"},\"image\":{\"@id\":\"https:\/\/hobstop.ee\/lv\/#\/schema\/logo\/image\/\"},\"sameAs\":[\"http:\/\/www.facebook.com\/VunderSkizze\"]}]}<\/script>\n<!-- \/ Yoast SEO plugin. -->","yoast_head_json":{"title":"L\u012bmes mar\u0137ieris Quickie Glue &#8211; Skizze","robots":{"index":"noindex","follow":"follow","max-snippet":"max-snippet:-1","max-image-preview":"max-image-preview:large","max-video-preview":"max-video-preview:-1"},"og_locale":"lv_LV","og_type":"article","og_title":"L\u012bmes mar\u0137ieris Quickie Glue &#8211; Skizze","og_description":"L\u012bmes z\u012bmulis lod\u012b\u0161u pildspalvas veid\u0101 ir piem\u0113rots prec\u012bzu darb\u012bbu veik\u0161anai uz pap\u012bra. Ide\u0101li piem\u0113rots izmanto\u0161anai uz visa veida pap\u012briem, k\u0101 ar\u012b rotu p\u0113rl\u012b\u0161u vai citu dekor\u0101ciju piestiprin\u0101\u0161anai pie pap\u012bra. Virsmai ir j\u0101b\u016bt t\u012brai un sausai. Lai rad\u012btu ilglaic\u012bgu stiprin\u0101jumu, uzlieciet dekor\u0101ciju, kam\u0113r l\u012bme ir mitra un zilgana. \u012astermi\u0146a darbu fiks\u0113\u0161anai, nostipriniet priek\u0161metus uz no\u017euvu\u0161as un caursp\u012bd\u012bgas l\u012bmes.","og_url":"https:\/\/hobstop.ee\/lv\/produkts\/limes-markieris-quickie-glue\/","og_site_name":"Skizze","article_publisher":"http:\/\/www.facebook.com\/VunderSkizze","og_image":[{"width":1024,"height":768,"url":"https:\/\/hobstop.ee\/media\/4684.jpg","type":"image\/jpeg"}],"twitter_card":"summary_large_image","schema":{"@context":"https:\/\/schema.org","@graph":[{"@type":"WebPage","@id":"https:\/\/hobstop.ee\/lv\/produkts\/limes-markieris-quickie-glue\/","url":"https:\/\/hobstop.ee\/lv\/produkts\/limes-markieris-quickie-glue\/","name":"L\u012bmes mar\u0137ieris Quickie Glue &#8211; Skizze","isPartOf":{"@id":"https:\/\/hobstop.ee\/lv\/#website"},"primaryImageOfPage":{"@id":"https:\/\/hobstop.ee\/lv\/produkts\/limes-markieris-quickie-glue\/#primaryimage"},"image":{"@id":"https:\/\/hobstop.ee\/lv\/produkts\/limes-markieris-quickie-glue\/#primaryimage"},"thumbnailUrl":"https:\/\/hobstop.ee\/media\/4684.jpg","datePublished":"2017-12-07T08:49:52+00:00","dateModified":"2017-12-07T08:49:52+00:00","breadcrumb":{"@id":"https:\/\/hobstop.ee\/lv\/produkts\/limes-markieris-quickie-glue\/#breadcrumb"},"inLanguage":"lv-LV","potentialAction":[{"@type":"ReadAction","target":["https:\/\/hobstop.ee\/lv\/produkts\/limes-markieris-quickie-glue\/"]}]},{"@type":"ImageObject","inLanguage":"lv-LV","@id":"https:\/\/hobstop.ee\/lv\/produkts\/limes-markieris-quickie-glue\/#primaryimage","url":"https:\/\/hobstop.ee\/media\/4684.jpg","contentUrl":"https:\/\/hobstop.ee\/media\/4684.jpg","width":1024,"height":768},{"@type":"BreadcrumbList","@id":"https:\/\/hobstop.ee\/lv\/produkts\/limes-markieris-quickie-glue\/#breadcrumb","itemListElement":[{"@type":"ListItem","position":1,"name":"Avaleht","item":"https:\/\/www.hobstop.ee\/lv\/"},{"@type":"ListItem","position":2,"name":"Veikals","item":"https:\/\/www.hobstop.ee\/lv\/veikals\/"},{"@type":"ListItem","position":3,"name":"L\u012bmes mar\u0137ieris Quickie Glue"}]},{"@type":"WebSite","@id":"https:\/\/hobstop.ee\/lv\/#website","url":"https:\/\/hobstop.ee\/lv\/","name":"Skizze","description":"M\u0101kslas, hobiju un skolas preces","publisher":{"@id":"https:\/\/hobstop.ee\/lv\/#organization"},"potentialAction":[{"@type":"SearchAction","target":{"@type":"EntryPoint","urlTemplate":"https:\/\/hobstop.ee\/lv\/?s={search_term_string}"},"query-input":{"@type":"PropertyValueSpecification","valueRequired":true,"valueName":"search_term_string"}}],"inLanguage":"lv-LV"},{"@type":"Organization","@id":"https:\/\/hobstop.ee\/lv\/#organization","name":"Vunder AS","url":"https:\/\/hobstop.ee\/lv\/","logo":{"@type":"ImageObject","inLanguage":"lv-LV","@id":"https:\/\/hobstop.ee\/lv\/#\/schema\/logo\/image\/","url":"https:\/\/hobstop.ee\/media\/vunder-logo.png","contentUrl":"https:\/\/hobstop.ee\/media\/vunder-logo.png","width":127,"height":55,"caption":"Vunder AS"},"image":{"@id":"https:\/\/hobstop.ee\/lv\/#\/schema\/logo\/image\/"},"sameAs":["http:\/\/www.facebook.com\/VunderSkizze"]}]}},"_links":{"self":[{"href":"https:\/\/hobstop.ee\/lv\/wp-json\/wp\/v2\/product\/300536","targetHints":{"allow":["GET"]}}],"collection":[{"href":"https:\/\/hobstop.ee\/lv\/wp-json\/wp\/v2\/product"}],"about":[{"href":"https:\/\/hobstop.ee\/lv\/wp-json\/wp\/v2\/types\/product"}],"replies":[{"embeddable":true,"href":"https:\/\/hobstop.ee\/lv\/wp-json\/wp\/v2\/comments?post=300536"}],"wp:featuredmedia":[{"embeddable":true,"href":"https:\/\/hobstop.ee\/lv\/wp-json\/wp\/v2\/media\/301064"}],"wp:attachment":[{"href":"https:\/\/hobstop.ee\/lv\/wp-json\/wp\/v2\/media?parent=300536"}],"wp:term":[{"taxonomy":"product_cat","embeddable":true,"href":"https:\/\/hobstop.ee\/lv\/wp-json\/wp\/v2\/product_cat?post=300536"},{"taxonomy":"product_tag","embeddable":true,"href":"https:\/\/hobstop.ee\/lv\/wp-json\/wp\/v2\/product_tag?post=300536"}],"curies":[{"name":"wp","href":"https:\/\/api.w.org\/{rel}","templated":true}]}}