{"id":300544,"date":"2017-12-07T10:49:56","date_gmt":"2017-12-07T08:49:56","guid":{"rendered":"https:\/\/sharks.ee\/vunder_2019\/lv\/product\/aromatiska-ella-ziepem-rayher\/"},"modified":"2017-12-07T10:49:56","modified_gmt":"2017-12-07T08:49:56","slug":"aromatiska-ella-ziepem-rayher","status":"publish","type":"product","link":"https:\/\/hobstop.ee\/lv\/produkts\/aromatiska-ella-ziepem-rayher\/","title":{"rendered":"Arom\u0101tisk\u0101 e\u013c\u013ca ziep\u0113m Rayher"},"content":{"rendered":"<p>Ziepju izgatavo\u0161ana ir tikpat vienk\u0101r\u0161a k\u0101 k\u016bku cep\u0161ana \u2013 galvenais ir izmantot nepiecie\u0161am\u0101s sast\u0101vda\u013cas un receptes. Viss ir pavisam vienk\u0101r\u0161i: izv\u0113lieties formu, visu r\u016bp\u012bgi sajauciet, dekor\u0113jiet ar m\u0101ksliniecisku piesk\u0101rienu un ziepes k\u013c\u016bst par patiesiem m\u0101kslas darbiem. Sast\u0101vda\u013cas variet izv\u0113l\u0113ties un sajaukt, \u0146emot v\u0113r\u0101 v\u0113lmes un m\u0113r\u0137i. Pa\u0161a rad\u012bt\u0101s dekorat\u012bv\u0101s ziepes vannas istab\u0101 atrad\u012bsies ne tikai uzman\u012bbas centr\u0101, bet ar\u012b rad\u012bs \u012bpa\u0161u gaisotni, k\u0101 ar\u012b var b\u016bt lieliska d\u0101vana.<br \/>\nRayher aromatiz\u0113t\u0101s e\u013c\u013cas var k\u013c\u016bt par neat\u0146emamu pa\u0161darin\u0101to ziepju, vannas bumbu  sast\u0101vda\u013cu. Atsevi\u0161\u0137\u0101m \u0113teriskaj\u0101m e\u013c\u013c\u0101m piem\u012bt dabiska \u0101das kop\u0161anas un nomierino\u0161a iedarb\u012bba. Arom\u0101tiem ir pievienotas kosm\u0113tikas virsmakt\u012bv\u0101s vielas, lai t\u0101s optim\u0101li var\u0113tu sajaukt ar \u0161\u0137idru \u016bdens ziepju savienojumu. Sast\u0101vda\u013cas atbilst dermatolo\u0123ijas kosm\u0113tikas regul\u0113\u0161anas pras\u012bb\u0101m, t\u0101s nepies\u0101r\u0146o apk\u0101rt\u0113jo vidi un br\u012bv\u0101 dab\u0101 sadal\u0101s.<\/p>\n","protected":false},"excerpt":{"rendered":"<p>Ziepju izgatavo\u0161ana ir tikpat vienk\u0101r\u0161a k\u0101 k\u016bku cep\u0161ana \u2013 galvenais ir izmantot nepiecie\u0161am\u0101s sast\u0101vda\u013cas un receptes. Viss ir pavisam vienk\u0101r\u0161i: izv\u0113lieties formu, visu r\u016bp\u012bgi sajauciet, dekor\u0113jiet ar m\u0101ksliniecisku piesk\u0101rienu un ziepes k\u013c\u016bst par patiesiem m\u0101kslas darbiem. Sast\u0101vda\u013cas variet izv\u0113l\u0113ties un sajaukt, \u0146emot v\u0113r\u0101 v\u0113lmes un m\u0113r\u0137i. Pa\u0161a rad\u012bt\u0101s dekorat\u012bv\u0101s ziepes vannas istab\u0101 atrad\u012bsies ne tikai uzman\u012bbas centr\u0101, bet ar\u012b rad\u012bs \u012bpa\u0161u gaisotni, k\u0101 ar\u012b var b\u016bt lieliska d\u0101vana. Rayher aromatiz\u0113t\u0101s e\u013c\u013cas var k\u013c\u016bt par neat\u0146emamu pa\u0161darin\u0101to ziepju, vannas bumbu sast\u0101vda\u013cu. Atsevi\u0161\u0137\u0101m \u0113teriskaj\u0101m e\u013c\u013c\u0101m piem\u012bt dabiska \u0101das kop\u0161anas un nomierino\u0161a iedarb\u012bba. Arom\u0101tiem ir pievienotas kosm\u0113tikas virsmakt\u012bv\u0101s vielas, lai t\u0101s optim\u0101li var\u0113tu sajaukt ar \u0161\u0137idru \u016bdens ziepju savienojumu. Sast\u0101vda\u013cas atbilst dermatolo\u0123ijas kosm\u0113tikas regul\u0113\u0161anas pras\u012bb\u0101m, t\u0101s nepies\u0101r\u0146o apk\u0101rt\u0113jo vidi un br\u012bv\u0101 dab\u0101 sadal\u0101s.<\/p>\n","protected":false},"featured_media":301072,"comment_status":"closed","ping_status":"closed","template":"","meta":{"_acf_changed":false,"ep_exclude_from_search":false},"product_cat":[20238,17918,20273],"product_tag":[],"class_list":{"0":"post-300544","1":"product","2":"type-product","3":"status-publish","4":"has-post-thumbnail","6":"product_cat-piedevas","7":"product_cat-preces-hobijiem","8":"product_cat-ziepju-veidosana","10":"first","11":"instock","12":"taxable","13":"shipping-taxable","14":"purchasable","15":"product-type-simple"},"acf":[],"yoast_head":"<!-- This site is optimized with the Yoast SEO plugin v24.1 - https:\/\/yoast.com\/wordpress\/plugins\/seo\/ -->\n<title>Arom\u0101tisk\u0101 e\u013c\u013ca ziep\u0113m Rayher &#8211; Skizze<\/title>\n<meta name=\"robots\" content=\"noindex, follow, max-snippet:-1, max-image-preview:large, max-video-preview:-1\" \/>\n<meta property=\"og:locale\" content=\"lv_LV\" \/>\n<meta property=\"og:type\" content=\"article\" \/>\n<meta property=\"og:title\" content=\"Arom\u0101tisk\u0101 e\u013c\u013ca ziep\u0113m Rayher &#8211; Skizze\" \/>\n<meta property=\"og:description\" content=\"Ziepju izgatavo\u0161ana ir tikpat vienk\u0101r\u0161a k\u0101 k\u016bku cep\u0161ana \u2013 galvenais ir izmantot nepiecie\u0161am\u0101s sast\u0101vda\u013cas un receptes. Viss ir pavisam vienk\u0101r\u0161i: izv\u0113lieties formu, visu r\u016bp\u012bgi sajauciet, dekor\u0113jiet ar m\u0101ksliniecisku piesk\u0101rienu un ziepes k\u013c\u016bst par patiesiem m\u0101kslas darbiem. Sast\u0101vda\u013cas variet izv\u0113l\u0113ties un sajaukt, \u0146emot v\u0113r\u0101 v\u0113lmes un m\u0113r\u0137i. Pa\u0161a rad\u012bt\u0101s dekorat\u012bv\u0101s ziepes vannas istab\u0101 atrad\u012bsies ne tikai uzman\u012bbas centr\u0101, bet ar\u012b rad\u012bs \u012bpa\u0161u gaisotni, k\u0101 ar\u012b var b\u016bt lieliska d\u0101vana. Rayher aromatiz\u0113t\u0101s e\u013c\u013cas var k\u013c\u016bt par neat\u0146emamu pa\u0161darin\u0101to ziepju, vannas bumbu sast\u0101vda\u013cu. Atsevi\u0161\u0137\u0101m \u0113teriskaj\u0101m e\u013c\u013c\u0101m piem\u012bt dabiska \u0101das kop\u0161anas un nomierino\u0161a iedarb\u012bba. Arom\u0101tiem ir pievienotas kosm\u0113tikas virsmakt\u012bv\u0101s vielas, lai t\u0101s optim\u0101li var\u0113tu sajaukt ar \u0161\u0137idru \u016bdens ziepju savienojumu. Sast\u0101vda\u013cas atbilst dermatolo\u0123ijas kosm\u0113tikas regul\u0113\u0161anas pras\u012bb\u0101m, t\u0101s nepies\u0101r\u0146o apk\u0101rt\u0113jo vidi un br\u012bv\u0101 dab\u0101 sadal\u0101s.\" \/>\n<meta property=\"og:url\" content=\"https:\/\/hobstop.ee\/lv\/produkts\/aromatiska-ella-ziepem-rayher\/\" \/>\n<meta property=\"og:site_name\" content=\"Skizze\" \/>\n<meta property=\"article:publisher\" content=\"http:\/\/www.facebook.com\/VunderSkizze\" \/>\n<meta property=\"og:image\" content=\"https:\/\/hobstop.ee\/media\/4687.jpg\" \/>\n\t<meta property=\"og:image:width\" content=\"1024\" \/>\n\t<meta property=\"og:image:height\" content=\"768\" \/>\n\t<meta property=\"og:image:type\" content=\"image\/jpeg\" \/>\n<meta name=\"twitter:card\" content=\"summary_large_image\" \/>\n<meta name=\"twitter:label1\" content=\"Est. reading time\" \/>\n\t<meta name=\"twitter:data1\" content=\"1 min\u016b\u0161u\" \/>\n<script type=\"application\/ld+json\" class=\"yoast-schema-graph\">{\"@context\":\"https:\/\/schema.org\",\"@graph\":[{\"@type\":\"WebPage\",\"@id\":\"https:\/\/hobstop.ee\/lv\/produkts\/aromatiska-ella-ziepem-rayher\/\",\"url\":\"https:\/\/hobstop.ee\/lv\/produkts\/aromatiska-ella-ziepem-rayher\/\",\"name\":\"Arom\u0101tisk\u0101 e\u013c\u013ca ziep\u0113m Rayher &#8211; Skizze\",\"isPartOf\":{\"@id\":\"https:\/\/hobstop.ee\/lv\/#website\"},\"primaryImageOfPage\":{\"@id\":\"https:\/\/hobstop.ee\/lv\/produkts\/aromatiska-ella-ziepem-rayher\/#primaryimage\"},\"image\":{\"@id\":\"https:\/\/hobstop.ee\/lv\/produkts\/aromatiska-ella-ziepem-rayher\/#primaryimage\"},\"thumbnailUrl\":\"https:\/\/hobstop.ee\/media\/4687.jpg\",\"datePublished\":\"2017-12-07T08:49:56+00:00\",\"dateModified\":\"2017-12-07T08:49:56+00:00\",\"breadcrumb\":{\"@id\":\"https:\/\/hobstop.ee\/lv\/produkts\/aromatiska-ella-ziepem-rayher\/#breadcrumb\"},\"inLanguage\":\"lv-LV\",\"potentialAction\":[{\"@type\":\"ReadAction\",\"target\":[\"https:\/\/hobstop.ee\/lv\/produkts\/aromatiska-ella-ziepem-rayher\/\"]}]},{\"@type\":\"ImageObject\",\"inLanguage\":\"lv-LV\",\"@id\":\"https:\/\/hobstop.ee\/lv\/produkts\/aromatiska-ella-ziepem-rayher\/#primaryimage\",\"url\":\"https:\/\/hobstop.ee\/media\/4687.jpg\",\"contentUrl\":\"https:\/\/hobstop.ee\/media\/4687.jpg\",\"width\":1024,\"height\":768},{\"@type\":\"BreadcrumbList\",\"@id\":\"https:\/\/hobstop.ee\/lv\/produkts\/aromatiska-ella-ziepem-rayher\/#breadcrumb\",\"itemListElement\":[{\"@type\":\"ListItem\",\"position\":1,\"name\":\"Avaleht\",\"item\":\"https:\/\/www.hobstop.ee\/lv\/\"},{\"@type\":\"ListItem\",\"position\":2,\"name\":\"Veikals\",\"item\":\"https:\/\/www.hobstop.ee\/lv\/veikals\/\"},{\"@type\":\"ListItem\",\"position\":3,\"name\":\"Arom\u0101tisk\u0101 e\u013c\u013ca ziep\u0113m Rayher\"}]},{\"@type\":\"WebSite\",\"@id\":\"https:\/\/hobstop.ee\/lv\/#website\",\"url\":\"https:\/\/hobstop.ee\/lv\/\",\"name\":\"Skizze\",\"description\":\"M\u0101kslas, hobiju un skolas preces\",\"publisher\":{\"@id\":\"https:\/\/hobstop.ee\/lv\/#organization\"},\"potentialAction\":[{\"@type\":\"SearchAction\",\"target\":{\"@type\":\"EntryPoint\",\"urlTemplate\":\"https:\/\/hobstop.ee\/lv\/?s={search_term_string}\"},\"query-input\":{\"@type\":\"PropertyValueSpecification\",\"valueRequired\":true,\"valueName\":\"search_term_string\"}}],\"inLanguage\":\"lv-LV\"},{\"@type\":\"Organization\",\"@id\":\"https:\/\/hobstop.ee\/lv\/#organization\",\"name\":\"Vunder AS\",\"url\":\"https:\/\/hobstop.ee\/lv\/\",\"logo\":{\"@type\":\"ImageObject\",\"inLanguage\":\"lv-LV\",\"@id\":\"https:\/\/hobstop.ee\/lv\/#\/schema\/logo\/image\/\",\"url\":\"https:\/\/hobstop.ee\/media\/vunder-logo.png\",\"contentUrl\":\"https:\/\/hobstop.ee\/media\/vunder-logo.png\",\"width\":127,\"height\":55,\"caption\":\"Vunder AS\"},\"image\":{\"@id\":\"https:\/\/hobstop.ee\/lv\/#\/schema\/logo\/image\/\"},\"sameAs\":[\"http:\/\/www.facebook.com\/VunderSkizze\"]}]}<\/script>\n<!-- \/ Yoast SEO plugin. -->","yoast_head_json":{"title":"Arom\u0101tisk\u0101 e\u013c\u013ca ziep\u0113m Rayher &#8211; Skizze","robots":{"index":"noindex","follow":"follow","max-snippet":"max-snippet:-1","max-image-preview":"max-image-preview:large","max-video-preview":"max-video-preview:-1"},"og_locale":"lv_LV","og_type":"article","og_title":"Arom\u0101tisk\u0101 e\u013c\u013ca ziep\u0113m Rayher &#8211; Skizze","og_description":"Ziepju izgatavo\u0161ana ir tikpat vienk\u0101r\u0161a k\u0101 k\u016bku cep\u0161ana \u2013 galvenais ir izmantot nepiecie\u0161am\u0101s sast\u0101vda\u013cas un receptes. Viss ir pavisam vienk\u0101r\u0161i: izv\u0113lieties formu, visu r\u016bp\u012bgi sajauciet, dekor\u0113jiet ar m\u0101ksliniecisku piesk\u0101rienu un ziepes k\u013c\u016bst par patiesiem m\u0101kslas darbiem. Sast\u0101vda\u013cas variet izv\u0113l\u0113ties un sajaukt, \u0146emot v\u0113r\u0101 v\u0113lmes un m\u0113r\u0137i. Pa\u0161a rad\u012bt\u0101s dekorat\u012bv\u0101s ziepes vannas istab\u0101 atrad\u012bsies ne tikai uzman\u012bbas centr\u0101, bet ar\u012b rad\u012bs \u012bpa\u0161u gaisotni, k\u0101 ar\u012b var b\u016bt lieliska d\u0101vana. Rayher aromatiz\u0113t\u0101s e\u013c\u013cas var k\u013c\u016bt par neat\u0146emamu pa\u0161darin\u0101to ziepju, vannas bumbu sast\u0101vda\u013cu. Atsevi\u0161\u0137\u0101m \u0113teriskaj\u0101m e\u013c\u013c\u0101m piem\u012bt dabiska \u0101das kop\u0161anas un nomierino\u0161a iedarb\u012bba. Arom\u0101tiem ir pievienotas kosm\u0113tikas virsmakt\u012bv\u0101s vielas, lai t\u0101s optim\u0101li var\u0113tu sajaukt ar \u0161\u0137idru \u016bdens ziepju savienojumu. Sast\u0101vda\u013cas atbilst dermatolo\u0123ijas kosm\u0113tikas regul\u0113\u0161anas pras\u012bb\u0101m, t\u0101s nepies\u0101r\u0146o apk\u0101rt\u0113jo vidi un br\u012bv\u0101 dab\u0101 sadal\u0101s.","og_url":"https:\/\/hobstop.ee\/lv\/produkts\/aromatiska-ella-ziepem-rayher\/","og_site_name":"Skizze","article_publisher":"http:\/\/www.facebook.com\/VunderSkizze","og_image":[{"width":1024,"height":768,"url":"https:\/\/hobstop.ee\/media\/4687.jpg","type":"image\/jpeg"}],"twitter_card":"summary_large_image","twitter_misc":{"Est. reading time":"1 min\u016b\u0161u"},"schema":{"@context":"https:\/\/schema.org","@graph":[{"@type":"WebPage","@id":"https:\/\/hobstop.ee\/lv\/produkts\/aromatiska-ella-ziepem-rayher\/","url":"https:\/\/hobstop.ee\/lv\/produkts\/aromatiska-ella-ziepem-rayher\/","name":"Arom\u0101tisk\u0101 e\u013c\u013ca ziep\u0113m Rayher &#8211; Skizze","isPartOf":{"@id":"https:\/\/hobstop.ee\/lv\/#website"},"primaryImageOfPage":{"@id":"https:\/\/hobstop.ee\/lv\/produkts\/aromatiska-ella-ziepem-rayher\/#primaryimage"},"image":{"@id":"https:\/\/hobstop.ee\/lv\/produkts\/aromatiska-ella-ziepem-rayher\/#primaryimage"},"thumbnailUrl":"https:\/\/hobstop.ee\/media\/4687.jpg","datePublished":"2017-12-07T08:49:56+00:00","dateModified":"2017-12-07T08:49:56+00:00","breadcrumb":{"@id":"https:\/\/hobstop.ee\/lv\/produkts\/aromatiska-ella-ziepem-rayher\/#breadcrumb"},"inLanguage":"lv-LV","potentialAction":[{"@type":"ReadAction","target":["https:\/\/hobstop.ee\/lv\/produkts\/aromatiska-ella-ziepem-rayher\/"]}]},{"@type":"ImageObject","inLanguage":"lv-LV","@id":"https:\/\/hobstop.ee\/lv\/produkts\/aromatiska-ella-ziepem-rayher\/#primaryimage","url":"https:\/\/hobstop.ee\/media\/4687.jpg","contentUrl":"https:\/\/hobstop.ee\/media\/4687.jpg","width":1024,"height":768},{"@type":"BreadcrumbList","@id":"https:\/\/hobstop.ee\/lv\/produkts\/aromatiska-ella-ziepem-rayher\/#breadcrumb","itemListElement":[{"@type":"ListItem","position":1,"name":"Avaleht","item":"https:\/\/www.hobstop.ee\/lv\/"},{"@type":"ListItem","position":2,"name":"Veikals","item":"https:\/\/www.hobstop.ee\/lv\/veikals\/"},{"@type":"ListItem","position":3,"name":"Arom\u0101tisk\u0101 e\u013c\u013ca ziep\u0113m Rayher"}]},{"@type":"WebSite","@id":"https:\/\/hobstop.ee\/lv\/#website","url":"https:\/\/hobstop.ee\/lv\/","name":"Skizze","description":"M\u0101kslas, hobiju un skolas preces","publisher":{"@id":"https:\/\/hobstop.ee\/lv\/#organization"},"potentialAction":[{"@type":"SearchAction","target":{"@type":"EntryPoint","urlTemplate":"https:\/\/hobstop.ee\/lv\/?s={search_term_string}"},"query-input":{"@type":"PropertyValueSpecification","valueRequired":true,"valueName":"search_term_string"}}],"inLanguage":"lv-LV"},{"@type":"Organization","@id":"https:\/\/hobstop.ee\/lv\/#organization","name":"Vunder AS","url":"https:\/\/hobstop.ee\/lv\/","logo":{"@type":"ImageObject","inLanguage":"lv-LV","@id":"https:\/\/hobstop.ee\/lv\/#\/schema\/logo\/image\/","url":"https:\/\/hobstop.ee\/media\/vunder-logo.png","contentUrl":"https:\/\/hobstop.ee\/media\/vunder-logo.png","width":127,"height":55,"caption":"Vunder AS"},"image":{"@id":"https:\/\/hobstop.ee\/lv\/#\/schema\/logo\/image\/"},"sameAs":["http:\/\/www.facebook.com\/VunderSkizze"]}]}},"_links":{"self":[{"href":"https:\/\/hobstop.ee\/lv\/wp-json\/wp\/v2\/product\/300544","targetHints":{"allow":["GET"]}}],"collection":[{"href":"https:\/\/hobstop.ee\/lv\/wp-json\/wp\/v2\/product"}],"about":[{"href":"https:\/\/hobstop.ee\/lv\/wp-json\/wp\/v2\/types\/product"}],"replies":[{"embeddable":true,"href":"https:\/\/hobstop.ee\/lv\/wp-json\/wp\/v2\/comments?post=300544"}],"wp:featuredmedia":[{"embeddable":true,"href":"https:\/\/hobstop.ee\/lv\/wp-json\/wp\/v2\/media\/301072"}],"wp:attachment":[{"href":"https:\/\/hobstop.ee\/lv\/wp-json\/wp\/v2\/media?parent=300544"}],"wp:term":[{"taxonomy":"product_cat","embeddable":true,"href":"https:\/\/hobstop.ee\/lv\/wp-json\/wp\/v2\/product_cat?post=300544"},{"taxonomy":"product_tag","embeddable":true,"href":"https:\/\/hobstop.ee\/lv\/wp-json\/wp\/v2\/product_tag?post=300544"}],"curies":[{"name":"wp","href":"https:\/\/api.w.org\/{rel}","templated":true}]}}