{"id":300552,"date":"2017-12-07T10:50:00","date_gmt":"2017-12-07T08:50:00","guid":{"rendered":"https:\/\/sharks.ee\/vunder_2019\/lv\/product\/mini-darzins-komplekts-rayher\/"},"modified":"2017-12-07T10:50:00","modified_gmt":"2017-12-07T08:50:00","slug":"mini-darzins-komplekts-rayher","status":"publish","type":"product","link":"https:\/\/hobstop.ee\/lv\/produkts\/mini-darzins-komplekts-rayher\/","title":{"rendered":"Mini-d\u0101rzi\u0146\u0161 komplekts Rayher"},"content":{"rendered":"<p>Skaisti apst\u0101d\u012btas mini o\u0101zes cementa trauk\u0101 maziem pils\u0113tas balkoniem, miniat\u016br\u0101m pasaul\u0113m, kas izveidotas koka kast\u0113s priek\u0161d\u0101rzi\u0146\u0101 vai ar\u012b lielisks risin\u0101jums pel\u0113c\u012bg\u0101m dz\u012bvojam\u0101m telp\u0101m, kur\u0101s neliels d\u0101rzi\u0146\u0161 pie\u0161\u0137irs \u012bpa\u0161u akcentu. \u0160\u0101du mini d\u0101rzi\u0146u, neatkar\u012bgi no sezonas, var \u013coti viegli izgatavot un piepild\u012bt sap\u0146us par mazd\u0101rzi\u0146u jebkur!<\/p>\n","protected":false},"excerpt":{"rendered":"<p>Skaisti apst\u0101d\u012btas mini o\u0101zes cementa trauk\u0101 maziem pils\u0113tas balkoniem, miniat\u016br\u0101m pasaul\u0113m, kas izveidotas koka kast\u0113s priek\u0161d\u0101rzi\u0146\u0101 vai ar\u012b lielisks risin\u0101jums pel\u0113c\u012bg\u0101m dz\u012bvojam\u0101m telp\u0101m, kur\u0101s neliels d\u0101rzi\u0146\u0161 pie\u0161\u0137irs \u012bpa\u0161u akcentu. \u0160\u0101du mini d\u0101rzi\u0146u, neatkar\u012bgi no sezonas, var \u013coti viegli izgatavot un piepild\u012bt sap\u0146us par mazd\u0101rzi\u0146u jebkur!<\/p>\n","protected":false},"featured_media":301080,"comment_status":"closed","ping_status":"closed","template":"","meta":{"_acf_changed":false,"ep_exclude_from_search":false},"product_cat":[17968,18982,17918],"product_tag":[],"class_list":{"0":"post-300552","1":"product","2":"type-product","3":"status-publish","4":"has-post-thumbnail","6":"product_cat-citi-piederumi","7":"product_cat-dazadi-23","8":"product_cat-preces-hobijiem","10":"first","11":"instock","12":"taxable","13":"shipping-taxable","14":"product-type-simple"},"acf":[],"yoast_head":"<!-- This site is optimized with the Yoast SEO plugin v24.1 - https:\/\/yoast.com\/wordpress\/plugins\/seo\/ -->\n<title>Mini-d\u0101rzi\u0146\u0161 komplekts Rayher &#8211; Skizze<\/title>\n<meta name=\"robots\" content=\"noindex, follow, max-snippet:-1, max-image-preview:large, max-video-preview:-1\" \/>\n<meta property=\"og:locale\" content=\"lv_LV\" \/>\n<meta property=\"og:type\" content=\"article\" \/>\n<meta property=\"og:title\" content=\"Mini-d\u0101rzi\u0146\u0161 komplekts Rayher &#8211; Skizze\" \/>\n<meta property=\"og:description\" content=\"Skaisti apst\u0101d\u012btas mini o\u0101zes cementa trauk\u0101 maziem pils\u0113tas balkoniem, miniat\u016br\u0101m pasaul\u0113m, kas izveidotas koka kast\u0113s priek\u0161d\u0101rzi\u0146\u0101 vai ar\u012b lielisks risin\u0101jums pel\u0113c\u012bg\u0101m dz\u012bvojam\u0101m telp\u0101m, kur\u0101s neliels d\u0101rzi\u0146\u0161 pie\u0161\u0137irs \u012bpa\u0161u akcentu. \u0160\u0101du mini d\u0101rzi\u0146u, neatkar\u012bgi no sezonas, var \u013coti viegli izgatavot un piepild\u012bt sap\u0146us par mazd\u0101rzi\u0146u jebkur!\" \/>\n<meta property=\"og:url\" content=\"https:\/\/hobstop.ee\/lv\/produkts\/mini-darzins-komplekts-rayher\/\" \/>\n<meta property=\"og:site_name\" content=\"Skizze\" \/>\n<meta property=\"article:publisher\" content=\"http:\/\/www.facebook.com\/VunderSkizze\" \/>\n<meta property=\"og:image\" content=\"https:\/\/hobstop.ee\/media\/4690.jpg\" \/>\n\t<meta property=\"og:image:width\" content=\"1024\" \/>\n\t<meta property=\"og:image:height\" content=\"768\" \/>\n\t<meta property=\"og:image:type\" content=\"image\/jpeg\" \/>\n<meta name=\"twitter:card\" content=\"summary_large_image\" \/>\n<script type=\"application\/ld+json\" class=\"yoast-schema-graph\">{\"@context\":\"https:\/\/schema.org\",\"@graph\":[{\"@type\":\"WebPage\",\"@id\":\"https:\/\/hobstop.ee\/lv\/produkts\/mini-darzins-komplekts-rayher\/\",\"url\":\"https:\/\/hobstop.ee\/lv\/produkts\/mini-darzins-komplekts-rayher\/\",\"name\":\"Mini-d\u0101rzi\u0146\u0161 komplekts Rayher &#8211; Skizze\",\"isPartOf\":{\"@id\":\"https:\/\/hobstop.ee\/lv\/#website\"},\"primaryImageOfPage\":{\"@id\":\"https:\/\/hobstop.ee\/lv\/produkts\/mini-darzins-komplekts-rayher\/#primaryimage\"},\"image\":{\"@id\":\"https:\/\/hobstop.ee\/lv\/produkts\/mini-darzins-komplekts-rayher\/#primaryimage\"},\"thumbnailUrl\":\"https:\/\/hobstop.ee\/media\/4690.jpg\",\"datePublished\":\"2017-12-07T08:50:00+00:00\",\"dateModified\":\"2017-12-07T08:50:00+00:00\",\"breadcrumb\":{\"@id\":\"https:\/\/hobstop.ee\/lv\/produkts\/mini-darzins-komplekts-rayher\/#breadcrumb\"},\"inLanguage\":\"lv-LV\",\"potentialAction\":[{\"@type\":\"ReadAction\",\"target\":[\"https:\/\/hobstop.ee\/lv\/produkts\/mini-darzins-komplekts-rayher\/\"]}]},{\"@type\":\"ImageObject\",\"inLanguage\":\"lv-LV\",\"@id\":\"https:\/\/hobstop.ee\/lv\/produkts\/mini-darzins-komplekts-rayher\/#primaryimage\",\"url\":\"https:\/\/hobstop.ee\/media\/4690.jpg\",\"contentUrl\":\"https:\/\/hobstop.ee\/media\/4690.jpg\",\"width\":1024,\"height\":768},{\"@type\":\"BreadcrumbList\",\"@id\":\"https:\/\/hobstop.ee\/lv\/produkts\/mini-darzins-komplekts-rayher\/#breadcrumb\",\"itemListElement\":[{\"@type\":\"ListItem\",\"position\":1,\"name\":\"Avaleht\",\"item\":\"https:\/\/www.hobstop.ee\/lv\/\"},{\"@type\":\"ListItem\",\"position\":2,\"name\":\"Veikals\",\"item\":\"https:\/\/www.hobstop.ee\/lv\/veikals\/\"},{\"@type\":\"ListItem\",\"position\":3,\"name\":\"Mini-d\u0101rzi\u0146\u0161 komplekts Rayher\"}]},{\"@type\":\"WebSite\",\"@id\":\"https:\/\/hobstop.ee\/lv\/#website\",\"url\":\"https:\/\/hobstop.ee\/lv\/\",\"name\":\"Skizze\",\"description\":\"M\u0101kslas, hobiju un skolas preces\",\"publisher\":{\"@id\":\"https:\/\/hobstop.ee\/lv\/#organization\"},\"potentialAction\":[{\"@type\":\"SearchAction\",\"target\":{\"@type\":\"EntryPoint\",\"urlTemplate\":\"https:\/\/hobstop.ee\/lv\/?s={search_term_string}\"},\"query-input\":{\"@type\":\"PropertyValueSpecification\",\"valueRequired\":true,\"valueName\":\"search_term_string\"}}],\"inLanguage\":\"lv-LV\"},{\"@type\":\"Organization\",\"@id\":\"https:\/\/hobstop.ee\/lv\/#organization\",\"name\":\"Vunder AS\",\"url\":\"https:\/\/hobstop.ee\/lv\/\",\"logo\":{\"@type\":\"ImageObject\",\"inLanguage\":\"lv-LV\",\"@id\":\"https:\/\/hobstop.ee\/lv\/#\/schema\/logo\/image\/\",\"url\":\"https:\/\/hobstop.ee\/media\/vunder-logo.png\",\"contentUrl\":\"https:\/\/hobstop.ee\/media\/vunder-logo.png\",\"width\":127,\"height\":55,\"caption\":\"Vunder AS\"},\"image\":{\"@id\":\"https:\/\/hobstop.ee\/lv\/#\/schema\/logo\/image\/\"},\"sameAs\":[\"http:\/\/www.facebook.com\/VunderSkizze\"]}]}<\/script>\n<!-- \/ Yoast SEO plugin. -->","yoast_head_json":{"title":"Mini-d\u0101rzi\u0146\u0161 komplekts Rayher &#8211; Skizze","robots":{"index":"noindex","follow":"follow","max-snippet":"max-snippet:-1","max-image-preview":"max-image-preview:large","max-video-preview":"max-video-preview:-1"},"og_locale":"lv_LV","og_type":"article","og_title":"Mini-d\u0101rzi\u0146\u0161 komplekts Rayher &#8211; Skizze","og_description":"Skaisti apst\u0101d\u012btas mini o\u0101zes cementa trauk\u0101 maziem pils\u0113tas balkoniem, miniat\u016br\u0101m pasaul\u0113m, kas izveidotas koka kast\u0113s priek\u0161d\u0101rzi\u0146\u0101 vai ar\u012b lielisks risin\u0101jums pel\u0113c\u012bg\u0101m dz\u012bvojam\u0101m telp\u0101m, kur\u0101s neliels d\u0101rzi\u0146\u0161 pie\u0161\u0137irs \u012bpa\u0161u akcentu. \u0160\u0101du mini d\u0101rzi\u0146u, neatkar\u012bgi no sezonas, var \u013coti viegli izgatavot un piepild\u012bt sap\u0146us par mazd\u0101rzi\u0146u jebkur!","og_url":"https:\/\/hobstop.ee\/lv\/produkts\/mini-darzins-komplekts-rayher\/","og_site_name":"Skizze","article_publisher":"http:\/\/www.facebook.com\/VunderSkizze","og_image":[{"width":1024,"height":768,"url":"https:\/\/hobstop.ee\/media\/4690.jpg","type":"image\/jpeg"}],"twitter_card":"summary_large_image","schema":{"@context":"https:\/\/schema.org","@graph":[{"@type":"WebPage","@id":"https:\/\/hobstop.ee\/lv\/produkts\/mini-darzins-komplekts-rayher\/","url":"https:\/\/hobstop.ee\/lv\/produkts\/mini-darzins-komplekts-rayher\/","name":"Mini-d\u0101rzi\u0146\u0161 komplekts Rayher &#8211; Skizze","isPartOf":{"@id":"https:\/\/hobstop.ee\/lv\/#website"},"primaryImageOfPage":{"@id":"https:\/\/hobstop.ee\/lv\/produkts\/mini-darzins-komplekts-rayher\/#primaryimage"},"image":{"@id":"https:\/\/hobstop.ee\/lv\/produkts\/mini-darzins-komplekts-rayher\/#primaryimage"},"thumbnailUrl":"https:\/\/hobstop.ee\/media\/4690.jpg","datePublished":"2017-12-07T08:50:00+00:00","dateModified":"2017-12-07T08:50:00+00:00","breadcrumb":{"@id":"https:\/\/hobstop.ee\/lv\/produkts\/mini-darzins-komplekts-rayher\/#breadcrumb"},"inLanguage":"lv-LV","potentialAction":[{"@type":"ReadAction","target":["https:\/\/hobstop.ee\/lv\/produkts\/mini-darzins-komplekts-rayher\/"]}]},{"@type":"ImageObject","inLanguage":"lv-LV","@id":"https:\/\/hobstop.ee\/lv\/produkts\/mini-darzins-komplekts-rayher\/#primaryimage","url":"https:\/\/hobstop.ee\/media\/4690.jpg","contentUrl":"https:\/\/hobstop.ee\/media\/4690.jpg","width":1024,"height":768},{"@type":"BreadcrumbList","@id":"https:\/\/hobstop.ee\/lv\/produkts\/mini-darzins-komplekts-rayher\/#breadcrumb","itemListElement":[{"@type":"ListItem","position":1,"name":"Avaleht","item":"https:\/\/www.hobstop.ee\/lv\/"},{"@type":"ListItem","position":2,"name":"Veikals","item":"https:\/\/www.hobstop.ee\/lv\/veikals\/"},{"@type":"ListItem","position":3,"name":"Mini-d\u0101rzi\u0146\u0161 komplekts Rayher"}]},{"@type":"WebSite","@id":"https:\/\/hobstop.ee\/lv\/#website","url":"https:\/\/hobstop.ee\/lv\/","name":"Skizze","description":"M\u0101kslas, hobiju un skolas preces","publisher":{"@id":"https:\/\/hobstop.ee\/lv\/#organization"},"potentialAction":[{"@type":"SearchAction","target":{"@type":"EntryPoint","urlTemplate":"https:\/\/hobstop.ee\/lv\/?s={search_term_string}"},"query-input":{"@type":"PropertyValueSpecification","valueRequired":true,"valueName":"search_term_string"}}],"inLanguage":"lv-LV"},{"@type":"Organization","@id":"https:\/\/hobstop.ee\/lv\/#organization","name":"Vunder AS","url":"https:\/\/hobstop.ee\/lv\/","logo":{"@type":"ImageObject","inLanguage":"lv-LV","@id":"https:\/\/hobstop.ee\/lv\/#\/schema\/logo\/image\/","url":"https:\/\/hobstop.ee\/media\/vunder-logo.png","contentUrl":"https:\/\/hobstop.ee\/media\/vunder-logo.png","width":127,"height":55,"caption":"Vunder AS"},"image":{"@id":"https:\/\/hobstop.ee\/lv\/#\/schema\/logo\/image\/"},"sameAs":["http:\/\/www.facebook.com\/VunderSkizze"]}]}},"_links":{"self":[{"href":"https:\/\/hobstop.ee\/lv\/wp-json\/wp\/v2\/product\/300552","targetHints":{"allow":["GET"]}}],"collection":[{"href":"https:\/\/hobstop.ee\/lv\/wp-json\/wp\/v2\/product"}],"about":[{"href":"https:\/\/hobstop.ee\/lv\/wp-json\/wp\/v2\/types\/product"}],"replies":[{"embeddable":true,"href":"https:\/\/hobstop.ee\/lv\/wp-json\/wp\/v2\/comments?post=300552"}],"wp:featuredmedia":[{"embeddable":true,"href":"https:\/\/hobstop.ee\/lv\/wp-json\/wp\/v2\/media\/301080"}],"wp:attachment":[{"href":"https:\/\/hobstop.ee\/lv\/wp-json\/wp\/v2\/media?parent=300552"}],"wp:term":[{"taxonomy":"product_cat","embeddable":true,"href":"https:\/\/hobstop.ee\/lv\/wp-json\/wp\/v2\/product_cat?post=300552"},{"taxonomy":"product_tag","embeddable":true,"href":"https:\/\/hobstop.ee\/lv\/wp-json\/wp\/v2\/product_tag?post=300552"}],"curies":[{"name":"wp","href":"https:\/\/api.w.org\/{rel}","templated":true}]}}