{"id":304030,"date":"2017-12-14T16:35:50","date_gmt":"2017-12-14T14:35:50","guid":{"rendered":"https:\/\/sharks.ee\/vunder_2019\/lv\/product\/mirdzoss-pulveris-cernit-sparkling-duo\/"},"modified":"2017-12-14T16:35:50","modified_gmt":"2017-12-14T14:35:50","slug":"mirdzoss-pulveris-cernit-sparkling-duo","status":"publish","type":"product","link":"https:\/\/hobstop.ee\/lv\/produkts\/mirdzoss-pulveris-cernit-sparkling-duo\/","title":{"rendered":"Mirdzo\u0161s pulveris Cernit Sparkling Duo"},"content":{"rendered":"<p>Kr\u0101sains pulveris polim\u0113ru m\u0101liem ar hameleonu efektu, kas maina kr\u0101sas atkar\u012bb\u0101 no gaismas. Uz v\u0113l neceptiem polim\u0113ra m\u0101liem uzkl\u0101jiet ar pirkstu vai oti\u0146u. Ja ir v\u0113l\u0113\u0161an\u0101s, p\u0113c tam var p\u0101rkl\u0101t ar laku.<\/p>\n","protected":false},"excerpt":{"rendered":"<p>Kr\u0101sains pulveris polim\u0113ru m\u0101liem ar hameleonu efektu, kas maina kr\u0101sas atkar\u012bb\u0101 no gaismas. Uz v\u0113l neceptiem polim\u0113ra m\u0101liem uzkl\u0101jiet ar pirkstu vai oti\u0146u. Ja ir v\u0113l\u0113\u0161an\u0101s, p\u0113c tam var p\u0101rkl\u0101t ar laku.<\/p>\n","protected":false},"featured_media":304135,"comment_status":"closed","ping_status":"closed","template":"","meta":{"_acf_changed":false,"ep_exclude_from_search":false},"product_cat":[18184,17918,20086],"product_tag":[],"class_list":{"0":"post-304030","1":"product","2":"type-product","3":"status-publish","4":"has-post-thumbnail","6":"product_cat-polimermals","7":"product_cat-preces-hobijiem","8":"product_cat-veidosanas-masas-un-piederumi-2","10":"first","11":"instock","12":"taxable","13":"shipping-taxable","14":"purchasable","15":"product-type-simple"},"acf":[],"yoast_head":"<!-- This site is optimized with the Yoast SEO plugin v24.1 - https:\/\/yoast.com\/wordpress\/plugins\/seo\/ -->\n<title>Mirdzo\u0161s pulveris Cernit Sparkling Duo &#8211; Skizze<\/title>\n<meta name=\"robots\" content=\"noindex, follow, max-snippet:-1, max-image-preview:large, max-video-preview:-1\" \/>\n<meta property=\"og:locale\" content=\"lv_LV\" \/>\n<meta property=\"og:type\" content=\"article\" \/>\n<meta property=\"og:title\" content=\"Mirdzo\u0161s pulveris Cernit Sparkling Duo &#8211; Skizze\" \/>\n<meta property=\"og:description\" content=\"Kr\u0101sains pulveris polim\u0113ru m\u0101liem ar hameleonu efektu, kas maina kr\u0101sas atkar\u012bb\u0101 no gaismas. Uz v\u0113l neceptiem polim\u0113ra m\u0101liem uzkl\u0101jiet ar pirkstu vai oti\u0146u. Ja ir v\u0113l\u0113\u0161an\u0101s, p\u0113c tam var p\u0101rkl\u0101t ar laku.\" \/>\n<meta property=\"og:url\" content=\"https:\/\/hobstop.ee\/lv\/produkts\/mirdzoss-pulveris-cernit-sparkling-duo\/\" \/>\n<meta property=\"og:site_name\" content=\"Skizze\" \/>\n<meta property=\"article:publisher\" content=\"http:\/\/www.facebook.com\/VunderSkizze\" \/>\n<meta property=\"og:image\" content=\"https:\/\/hobstop.ee\/media\/4711.JPG\" \/>\n\t<meta property=\"og:image:width\" content=\"1024\" \/>\n\t<meta property=\"og:image:height\" content=\"768\" \/>\n\t<meta property=\"og:image:type\" content=\"image\/jpeg\" \/>\n<meta name=\"twitter:card\" content=\"summary_large_image\" \/>\n<script type=\"application\/ld+json\" class=\"yoast-schema-graph\">{\"@context\":\"https:\/\/schema.org\",\"@graph\":[{\"@type\":\"WebPage\",\"@id\":\"https:\/\/hobstop.ee\/lv\/produkts\/mirdzoss-pulveris-cernit-sparkling-duo\/\",\"url\":\"https:\/\/hobstop.ee\/lv\/produkts\/mirdzoss-pulveris-cernit-sparkling-duo\/\",\"name\":\"Mirdzo\u0161s pulveris Cernit Sparkling Duo &#8211; Skizze\",\"isPartOf\":{\"@id\":\"https:\/\/hobstop.ee\/lv\/#website\"},\"primaryImageOfPage\":{\"@id\":\"https:\/\/hobstop.ee\/lv\/produkts\/mirdzoss-pulveris-cernit-sparkling-duo\/#primaryimage\"},\"image\":{\"@id\":\"https:\/\/hobstop.ee\/lv\/produkts\/mirdzoss-pulveris-cernit-sparkling-duo\/#primaryimage\"},\"thumbnailUrl\":\"https:\/\/hobstop.ee\/media\/4711.JPG\",\"datePublished\":\"2017-12-14T14:35:50+00:00\",\"dateModified\":\"2017-12-14T14:35:50+00:00\",\"breadcrumb\":{\"@id\":\"https:\/\/hobstop.ee\/lv\/produkts\/mirdzoss-pulveris-cernit-sparkling-duo\/#breadcrumb\"},\"inLanguage\":\"lv-LV\",\"potentialAction\":[{\"@type\":\"ReadAction\",\"target\":[\"https:\/\/hobstop.ee\/lv\/produkts\/mirdzoss-pulveris-cernit-sparkling-duo\/\"]}]},{\"@type\":\"ImageObject\",\"inLanguage\":\"lv-LV\",\"@id\":\"https:\/\/hobstop.ee\/lv\/produkts\/mirdzoss-pulveris-cernit-sparkling-duo\/#primaryimage\",\"url\":\"https:\/\/hobstop.ee\/media\/4711.JPG\",\"contentUrl\":\"https:\/\/hobstop.ee\/media\/4711.JPG\",\"width\":1024,\"height\":768},{\"@type\":\"BreadcrumbList\",\"@id\":\"https:\/\/hobstop.ee\/lv\/produkts\/mirdzoss-pulveris-cernit-sparkling-duo\/#breadcrumb\",\"itemListElement\":[{\"@type\":\"ListItem\",\"position\":1,\"name\":\"Avaleht\",\"item\":\"https:\/\/www.hobstop.ee\/lv\/\"},{\"@type\":\"ListItem\",\"position\":2,\"name\":\"Veikals\",\"item\":\"https:\/\/www.hobstop.ee\/lv\/veikals\/\"},{\"@type\":\"ListItem\",\"position\":3,\"name\":\"Mirdzo\u0161s pulveris Cernit Sparkling Duo\"}]},{\"@type\":\"WebSite\",\"@id\":\"https:\/\/hobstop.ee\/lv\/#website\",\"url\":\"https:\/\/hobstop.ee\/lv\/\",\"name\":\"Skizze\",\"description\":\"M\u0101kslas, hobiju un skolas preces\",\"publisher\":{\"@id\":\"https:\/\/hobstop.ee\/lv\/#organization\"},\"potentialAction\":[{\"@type\":\"SearchAction\",\"target\":{\"@type\":\"EntryPoint\",\"urlTemplate\":\"https:\/\/hobstop.ee\/lv\/?s={search_term_string}\"},\"query-input\":{\"@type\":\"PropertyValueSpecification\",\"valueRequired\":true,\"valueName\":\"search_term_string\"}}],\"inLanguage\":\"lv-LV\"},{\"@type\":\"Organization\",\"@id\":\"https:\/\/hobstop.ee\/lv\/#organization\",\"name\":\"Vunder AS\",\"url\":\"https:\/\/hobstop.ee\/lv\/\",\"logo\":{\"@type\":\"ImageObject\",\"inLanguage\":\"lv-LV\",\"@id\":\"https:\/\/hobstop.ee\/lv\/#\/schema\/logo\/image\/\",\"url\":\"https:\/\/hobstop.ee\/media\/vunder-logo.png\",\"contentUrl\":\"https:\/\/hobstop.ee\/media\/vunder-logo.png\",\"width\":127,\"height\":55,\"caption\":\"Vunder AS\"},\"image\":{\"@id\":\"https:\/\/hobstop.ee\/lv\/#\/schema\/logo\/image\/\"},\"sameAs\":[\"http:\/\/www.facebook.com\/VunderSkizze\"]}]}<\/script>\n<!-- \/ Yoast SEO plugin. -->","yoast_head_json":{"title":"Mirdzo\u0161s pulveris Cernit Sparkling Duo &#8211; Skizze","robots":{"index":"noindex","follow":"follow","max-snippet":"max-snippet:-1","max-image-preview":"max-image-preview:large","max-video-preview":"max-video-preview:-1"},"og_locale":"lv_LV","og_type":"article","og_title":"Mirdzo\u0161s pulveris Cernit Sparkling Duo &#8211; Skizze","og_description":"Kr\u0101sains pulveris polim\u0113ru m\u0101liem ar hameleonu efektu, kas maina kr\u0101sas atkar\u012bb\u0101 no gaismas. Uz v\u0113l neceptiem polim\u0113ra m\u0101liem uzkl\u0101jiet ar pirkstu vai oti\u0146u. Ja ir v\u0113l\u0113\u0161an\u0101s, p\u0113c tam var p\u0101rkl\u0101t ar laku.","og_url":"https:\/\/hobstop.ee\/lv\/produkts\/mirdzoss-pulveris-cernit-sparkling-duo\/","og_site_name":"Skizze","article_publisher":"http:\/\/www.facebook.com\/VunderSkizze","og_image":[{"width":1024,"height":768,"url":"https:\/\/hobstop.ee\/media\/4711.JPG","type":"image\/jpeg"}],"twitter_card":"summary_large_image","schema":{"@context":"https:\/\/schema.org","@graph":[{"@type":"WebPage","@id":"https:\/\/hobstop.ee\/lv\/produkts\/mirdzoss-pulveris-cernit-sparkling-duo\/","url":"https:\/\/hobstop.ee\/lv\/produkts\/mirdzoss-pulveris-cernit-sparkling-duo\/","name":"Mirdzo\u0161s pulveris Cernit Sparkling Duo &#8211; Skizze","isPartOf":{"@id":"https:\/\/hobstop.ee\/lv\/#website"},"primaryImageOfPage":{"@id":"https:\/\/hobstop.ee\/lv\/produkts\/mirdzoss-pulveris-cernit-sparkling-duo\/#primaryimage"},"image":{"@id":"https:\/\/hobstop.ee\/lv\/produkts\/mirdzoss-pulveris-cernit-sparkling-duo\/#primaryimage"},"thumbnailUrl":"https:\/\/hobstop.ee\/media\/4711.JPG","datePublished":"2017-12-14T14:35:50+00:00","dateModified":"2017-12-14T14:35:50+00:00","breadcrumb":{"@id":"https:\/\/hobstop.ee\/lv\/produkts\/mirdzoss-pulveris-cernit-sparkling-duo\/#breadcrumb"},"inLanguage":"lv-LV","potentialAction":[{"@type":"ReadAction","target":["https:\/\/hobstop.ee\/lv\/produkts\/mirdzoss-pulveris-cernit-sparkling-duo\/"]}]},{"@type":"ImageObject","inLanguage":"lv-LV","@id":"https:\/\/hobstop.ee\/lv\/produkts\/mirdzoss-pulveris-cernit-sparkling-duo\/#primaryimage","url":"https:\/\/hobstop.ee\/media\/4711.JPG","contentUrl":"https:\/\/hobstop.ee\/media\/4711.JPG","width":1024,"height":768},{"@type":"BreadcrumbList","@id":"https:\/\/hobstop.ee\/lv\/produkts\/mirdzoss-pulveris-cernit-sparkling-duo\/#breadcrumb","itemListElement":[{"@type":"ListItem","position":1,"name":"Avaleht","item":"https:\/\/www.hobstop.ee\/lv\/"},{"@type":"ListItem","position":2,"name":"Veikals","item":"https:\/\/www.hobstop.ee\/lv\/veikals\/"},{"@type":"ListItem","position":3,"name":"Mirdzo\u0161s pulveris Cernit Sparkling Duo"}]},{"@type":"WebSite","@id":"https:\/\/hobstop.ee\/lv\/#website","url":"https:\/\/hobstop.ee\/lv\/","name":"Skizze","description":"M\u0101kslas, hobiju un skolas preces","publisher":{"@id":"https:\/\/hobstop.ee\/lv\/#organization"},"potentialAction":[{"@type":"SearchAction","target":{"@type":"EntryPoint","urlTemplate":"https:\/\/hobstop.ee\/lv\/?s={search_term_string}"},"query-input":{"@type":"PropertyValueSpecification","valueRequired":true,"valueName":"search_term_string"}}],"inLanguage":"lv-LV"},{"@type":"Organization","@id":"https:\/\/hobstop.ee\/lv\/#organization","name":"Vunder AS","url":"https:\/\/hobstop.ee\/lv\/","logo":{"@type":"ImageObject","inLanguage":"lv-LV","@id":"https:\/\/hobstop.ee\/lv\/#\/schema\/logo\/image\/","url":"https:\/\/hobstop.ee\/media\/vunder-logo.png","contentUrl":"https:\/\/hobstop.ee\/media\/vunder-logo.png","width":127,"height":55,"caption":"Vunder AS"},"image":{"@id":"https:\/\/hobstop.ee\/lv\/#\/schema\/logo\/image\/"},"sameAs":["http:\/\/www.facebook.com\/VunderSkizze"]}]}},"_links":{"self":[{"href":"https:\/\/hobstop.ee\/lv\/wp-json\/wp\/v2\/product\/304030","targetHints":{"allow":["GET"]}}],"collection":[{"href":"https:\/\/hobstop.ee\/lv\/wp-json\/wp\/v2\/product"}],"about":[{"href":"https:\/\/hobstop.ee\/lv\/wp-json\/wp\/v2\/types\/product"}],"replies":[{"embeddable":true,"href":"https:\/\/hobstop.ee\/lv\/wp-json\/wp\/v2\/comments?post=304030"}],"wp:featuredmedia":[{"embeddable":true,"href":"https:\/\/hobstop.ee\/lv\/wp-json\/wp\/v2\/media\/304135"}],"wp:attachment":[{"href":"https:\/\/hobstop.ee\/lv\/wp-json\/wp\/v2\/media?parent=304030"}],"wp:term":[{"taxonomy":"product_cat","embeddable":true,"href":"https:\/\/hobstop.ee\/lv\/wp-json\/wp\/v2\/product_cat?post=304030"},{"taxonomy":"product_tag","embeddable":true,"href":"https:\/\/hobstop.ee\/lv\/wp-json\/wp\/v2\/product_tag?post=304030"}],"curies":[{"name":"wp","href":"https:\/\/api.w.org\/{rel}","templated":true}]}}