{"id":306305,"date":"2018-02-14T13:43:25","date_gmt":"2018-02-14T11:43:25","guid":{"rendered":"https:\/\/sharks.ee\/vunder_2019\/lv\/product\/koka-kaste-rayher-ovala\/"},"modified":"2018-02-14T13:43:25","modified_gmt":"2018-02-14T11:43:25","slug":"koka-kaste-rayher-ovala","status":"publish","type":"product","link":"https:\/\/hobstop.ee\/lv\/produkts\/koka-kaste-rayher-ovala\/","title":{"rendered":"Koka kaste Rayher ov\u0101la"},"content":{"rendered":"<p>\u013baujiet va\u013cu sav\u0101m rado\u0161aj\u0101m izpausm\u0113m izdai\u013cojot \u0161o koka k\u0101rbu. Personaliz\u0113ts d\u0101vanas iepakojums ir pirmais solis, lai rad\u012btu \u012bpa\u0161u d\u0101vanu. Koka kast\u012bte ir ide\u0101li piem\u0113rota nelieliem priek\u0161metiem, piem\u0113ram, unik\u0101liem rotaslietu elementiem. Skaisti dekor\u0113ta k\u0101rba rada iesp\u0113ju izveidot \u012bpa\u0161u un personaliz\u0113tu v\u0113st\u012bjuma, piem\u0113ram, apsveikuma pasnieg\u0161anas veidu. Viss, kas jums ir nepiecie\u0161ams, ir kr\u0101sas un rot\u0101jumi, lai izceltu d\u0101vanas vienreiz\u012bbu!<\/p>\n","protected":false},"excerpt":{"rendered":"<p>\u013baujiet va\u013cu sav\u0101m rado\u0161aj\u0101m izpausm\u0113m izdai\u013cojot \u0161o koka k\u0101rbu. Personaliz\u0113ts d\u0101vanas iepakojums ir pirmais solis, lai rad\u012btu \u012bpa\u0161u d\u0101vanu. Koka kast\u012bte ir ide\u0101li piem\u0113rota nelieliem priek\u0161metiem, piem\u0113ram, unik\u0101liem rotaslietu elementiem. Skaisti dekor\u0113ta k\u0101rba rada iesp\u0113ju izveidot \u012bpa\u0161u un personaliz\u0113tu v\u0113st\u012bjuma, piem\u0113ram, apsveikuma pasnieg\u0161anas veidu. Viss, kas jums ir nepiecie\u0161ams, ir kr\u0101sas un rot\u0101jumi, lai izceltu d\u0101vanas vienreiz\u012bbu!<\/p>\n","protected":false},"featured_media":306789,"comment_status":"closed","ping_status":"closed","template":"","meta":{"_acf_changed":false,"ep_exclude_from_search":false},"product_cat":[20155,17918,17971],"product_tag":[],"class_list":{"0":"post-306305","1":"product","2":"type-product","3":"status-publish","4":"has-post-thumbnail","6":"product_cat-koka","7":"product_cat-preces-hobijiem","8":"product_cat-sagataves","10":"first","11":"instock","12":"taxable","13":"shipping-taxable","14":"purchasable","15":"product-type-simple"},"acf":[],"yoast_head":"<!-- This site is optimized with the Yoast SEO plugin v24.1 - https:\/\/yoast.com\/wordpress\/plugins\/seo\/ -->\n<title>Koka kaste Rayher ov\u0101la &#8211; Skizze<\/title>\n<meta name=\"robots\" content=\"noindex, follow, max-snippet:-1, max-image-preview:large, max-video-preview:-1\" \/>\n<meta property=\"og:locale\" content=\"lv_LV\" \/>\n<meta property=\"og:type\" content=\"article\" \/>\n<meta property=\"og:title\" content=\"Koka kaste Rayher ov\u0101la &#8211; Skizze\" \/>\n<meta property=\"og:description\" content=\"\u013baujiet va\u013cu sav\u0101m rado\u0161aj\u0101m izpausm\u0113m izdai\u013cojot \u0161o koka k\u0101rbu. Personaliz\u0113ts d\u0101vanas iepakojums ir pirmais solis, lai rad\u012btu \u012bpa\u0161u d\u0101vanu. Koka kast\u012bte ir ide\u0101li piem\u0113rota nelieliem priek\u0161metiem, piem\u0113ram, unik\u0101liem rotaslietu elementiem. Skaisti dekor\u0113ta k\u0101rba rada iesp\u0113ju izveidot \u012bpa\u0161u un personaliz\u0113tu v\u0113st\u012bjuma, piem\u0113ram, apsveikuma pasnieg\u0161anas veidu. Viss, kas jums ir nepiecie\u0161ams, ir kr\u0101sas un rot\u0101jumi, lai izceltu d\u0101vanas vienreiz\u012bbu!\" \/>\n<meta property=\"og:url\" content=\"https:\/\/hobstop.ee\/lv\/produkts\/koka-kaste-rayher-ovala\/\" \/>\n<meta property=\"og:site_name\" content=\"Skizze\" \/>\n<meta property=\"article:publisher\" content=\"http:\/\/www.facebook.com\/VunderSkizze\" \/>\n<meta property=\"og:image\" content=\"https:\/\/hobstop.ee\/media\/4697.jpg\" \/>\n\t<meta property=\"og:image:width\" content=\"1024\" \/>\n\t<meta property=\"og:image:height\" content=\"768\" \/>\n\t<meta property=\"og:image:type\" content=\"image\/jpeg\" \/>\n<meta name=\"twitter:card\" content=\"summary_large_image\" \/>\n<script type=\"application\/ld+json\" class=\"yoast-schema-graph\">{\"@context\":\"https:\/\/schema.org\",\"@graph\":[{\"@type\":\"WebPage\",\"@id\":\"https:\/\/hobstop.ee\/lv\/produkts\/koka-kaste-rayher-ovala\/\",\"url\":\"https:\/\/hobstop.ee\/lv\/produkts\/koka-kaste-rayher-ovala\/\",\"name\":\"Koka kaste Rayher ov\u0101la &#8211; Skizze\",\"isPartOf\":{\"@id\":\"https:\/\/hobstop.ee\/lv\/#website\"},\"primaryImageOfPage\":{\"@id\":\"https:\/\/hobstop.ee\/lv\/produkts\/koka-kaste-rayher-ovala\/#primaryimage\"},\"image\":{\"@id\":\"https:\/\/hobstop.ee\/lv\/produkts\/koka-kaste-rayher-ovala\/#primaryimage\"},\"thumbnailUrl\":\"https:\/\/hobstop.ee\/media\/4697.jpg\",\"datePublished\":\"2018-02-14T11:43:25+00:00\",\"dateModified\":\"2018-02-14T11:43:25+00:00\",\"breadcrumb\":{\"@id\":\"https:\/\/hobstop.ee\/lv\/produkts\/koka-kaste-rayher-ovala\/#breadcrumb\"},\"inLanguage\":\"lv-LV\",\"potentialAction\":[{\"@type\":\"ReadAction\",\"target\":[\"https:\/\/hobstop.ee\/lv\/produkts\/koka-kaste-rayher-ovala\/\"]}]},{\"@type\":\"ImageObject\",\"inLanguage\":\"lv-LV\",\"@id\":\"https:\/\/hobstop.ee\/lv\/produkts\/koka-kaste-rayher-ovala\/#primaryimage\",\"url\":\"https:\/\/hobstop.ee\/media\/4697.jpg\",\"contentUrl\":\"https:\/\/hobstop.ee\/media\/4697.jpg\",\"width\":1024,\"height\":768},{\"@type\":\"BreadcrumbList\",\"@id\":\"https:\/\/hobstop.ee\/lv\/produkts\/koka-kaste-rayher-ovala\/#breadcrumb\",\"itemListElement\":[{\"@type\":\"ListItem\",\"position\":1,\"name\":\"Avaleht\",\"item\":\"https:\/\/www.hobstop.ee\/lv\/\"},{\"@type\":\"ListItem\",\"position\":2,\"name\":\"Veikals\",\"item\":\"https:\/\/www.hobstop.ee\/lv\/veikals\/\"},{\"@type\":\"ListItem\",\"position\":3,\"name\":\"Koka kaste Rayher ov\u0101la\"}]},{\"@type\":\"WebSite\",\"@id\":\"https:\/\/hobstop.ee\/lv\/#website\",\"url\":\"https:\/\/hobstop.ee\/lv\/\",\"name\":\"Skizze\",\"description\":\"M\u0101kslas, hobiju un skolas preces\",\"publisher\":{\"@id\":\"https:\/\/hobstop.ee\/lv\/#organization\"},\"potentialAction\":[{\"@type\":\"SearchAction\",\"target\":{\"@type\":\"EntryPoint\",\"urlTemplate\":\"https:\/\/hobstop.ee\/lv\/?s={search_term_string}\"},\"query-input\":{\"@type\":\"PropertyValueSpecification\",\"valueRequired\":true,\"valueName\":\"search_term_string\"}}],\"inLanguage\":\"lv-LV\"},{\"@type\":\"Organization\",\"@id\":\"https:\/\/hobstop.ee\/lv\/#organization\",\"name\":\"Vunder AS\",\"url\":\"https:\/\/hobstop.ee\/lv\/\",\"logo\":{\"@type\":\"ImageObject\",\"inLanguage\":\"lv-LV\",\"@id\":\"https:\/\/hobstop.ee\/lv\/#\/schema\/logo\/image\/\",\"url\":\"https:\/\/hobstop.ee\/media\/vunder-logo.png\",\"contentUrl\":\"https:\/\/hobstop.ee\/media\/vunder-logo.png\",\"width\":127,\"height\":55,\"caption\":\"Vunder AS\"},\"image\":{\"@id\":\"https:\/\/hobstop.ee\/lv\/#\/schema\/logo\/image\/\"},\"sameAs\":[\"http:\/\/www.facebook.com\/VunderSkizze\"]}]}<\/script>\n<!-- \/ Yoast SEO plugin. -->","yoast_head_json":{"title":"Koka kaste Rayher ov\u0101la &#8211; Skizze","robots":{"index":"noindex","follow":"follow","max-snippet":"max-snippet:-1","max-image-preview":"max-image-preview:large","max-video-preview":"max-video-preview:-1"},"og_locale":"lv_LV","og_type":"article","og_title":"Koka kaste Rayher ov\u0101la &#8211; Skizze","og_description":"\u013baujiet va\u013cu sav\u0101m rado\u0161aj\u0101m izpausm\u0113m izdai\u013cojot \u0161o koka k\u0101rbu. Personaliz\u0113ts d\u0101vanas iepakojums ir pirmais solis, lai rad\u012btu \u012bpa\u0161u d\u0101vanu. Koka kast\u012bte ir ide\u0101li piem\u0113rota nelieliem priek\u0161metiem, piem\u0113ram, unik\u0101liem rotaslietu elementiem. Skaisti dekor\u0113ta k\u0101rba rada iesp\u0113ju izveidot \u012bpa\u0161u un personaliz\u0113tu v\u0113st\u012bjuma, piem\u0113ram, apsveikuma pasnieg\u0161anas veidu. Viss, kas jums ir nepiecie\u0161ams, ir kr\u0101sas un rot\u0101jumi, lai izceltu d\u0101vanas vienreiz\u012bbu!","og_url":"https:\/\/hobstop.ee\/lv\/produkts\/koka-kaste-rayher-ovala\/","og_site_name":"Skizze","article_publisher":"http:\/\/www.facebook.com\/VunderSkizze","og_image":[{"width":1024,"height":768,"url":"https:\/\/hobstop.ee\/media\/4697.jpg","type":"image\/jpeg"}],"twitter_card":"summary_large_image","schema":{"@context":"https:\/\/schema.org","@graph":[{"@type":"WebPage","@id":"https:\/\/hobstop.ee\/lv\/produkts\/koka-kaste-rayher-ovala\/","url":"https:\/\/hobstop.ee\/lv\/produkts\/koka-kaste-rayher-ovala\/","name":"Koka kaste Rayher ov\u0101la &#8211; Skizze","isPartOf":{"@id":"https:\/\/hobstop.ee\/lv\/#website"},"primaryImageOfPage":{"@id":"https:\/\/hobstop.ee\/lv\/produkts\/koka-kaste-rayher-ovala\/#primaryimage"},"image":{"@id":"https:\/\/hobstop.ee\/lv\/produkts\/koka-kaste-rayher-ovala\/#primaryimage"},"thumbnailUrl":"https:\/\/hobstop.ee\/media\/4697.jpg","datePublished":"2018-02-14T11:43:25+00:00","dateModified":"2018-02-14T11:43:25+00:00","breadcrumb":{"@id":"https:\/\/hobstop.ee\/lv\/produkts\/koka-kaste-rayher-ovala\/#breadcrumb"},"inLanguage":"lv-LV","potentialAction":[{"@type":"ReadAction","target":["https:\/\/hobstop.ee\/lv\/produkts\/koka-kaste-rayher-ovala\/"]}]},{"@type":"ImageObject","inLanguage":"lv-LV","@id":"https:\/\/hobstop.ee\/lv\/produkts\/koka-kaste-rayher-ovala\/#primaryimage","url":"https:\/\/hobstop.ee\/media\/4697.jpg","contentUrl":"https:\/\/hobstop.ee\/media\/4697.jpg","width":1024,"height":768},{"@type":"BreadcrumbList","@id":"https:\/\/hobstop.ee\/lv\/produkts\/koka-kaste-rayher-ovala\/#breadcrumb","itemListElement":[{"@type":"ListItem","position":1,"name":"Avaleht","item":"https:\/\/www.hobstop.ee\/lv\/"},{"@type":"ListItem","position":2,"name":"Veikals","item":"https:\/\/www.hobstop.ee\/lv\/veikals\/"},{"@type":"ListItem","position":3,"name":"Koka kaste Rayher ov\u0101la"}]},{"@type":"WebSite","@id":"https:\/\/hobstop.ee\/lv\/#website","url":"https:\/\/hobstop.ee\/lv\/","name":"Skizze","description":"M\u0101kslas, hobiju un skolas preces","publisher":{"@id":"https:\/\/hobstop.ee\/lv\/#organization"},"potentialAction":[{"@type":"SearchAction","target":{"@type":"EntryPoint","urlTemplate":"https:\/\/hobstop.ee\/lv\/?s={search_term_string}"},"query-input":{"@type":"PropertyValueSpecification","valueRequired":true,"valueName":"search_term_string"}}],"inLanguage":"lv-LV"},{"@type":"Organization","@id":"https:\/\/hobstop.ee\/lv\/#organization","name":"Vunder AS","url":"https:\/\/hobstop.ee\/lv\/","logo":{"@type":"ImageObject","inLanguage":"lv-LV","@id":"https:\/\/hobstop.ee\/lv\/#\/schema\/logo\/image\/","url":"https:\/\/hobstop.ee\/media\/vunder-logo.png","contentUrl":"https:\/\/hobstop.ee\/media\/vunder-logo.png","width":127,"height":55,"caption":"Vunder AS"},"image":{"@id":"https:\/\/hobstop.ee\/lv\/#\/schema\/logo\/image\/"},"sameAs":["http:\/\/www.facebook.com\/VunderSkizze"]}]}},"_links":{"self":[{"href":"https:\/\/hobstop.ee\/lv\/wp-json\/wp\/v2\/product\/306305","targetHints":{"allow":["GET"]}}],"collection":[{"href":"https:\/\/hobstop.ee\/lv\/wp-json\/wp\/v2\/product"}],"about":[{"href":"https:\/\/hobstop.ee\/lv\/wp-json\/wp\/v2\/types\/product"}],"replies":[{"embeddable":true,"href":"https:\/\/hobstop.ee\/lv\/wp-json\/wp\/v2\/comments?post=306305"}],"wp:featuredmedia":[{"embeddable":true,"href":"https:\/\/hobstop.ee\/lv\/wp-json\/wp\/v2\/media\/306789"}],"wp:attachment":[{"href":"https:\/\/hobstop.ee\/lv\/wp-json\/wp\/v2\/media?parent=306305"}],"wp:term":[{"taxonomy":"product_cat","embeddable":true,"href":"https:\/\/hobstop.ee\/lv\/wp-json\/wp\/v2\/product_cat?post=306305"},{"taxonomy":"product_tag","embeddable":true,"href":"https:\/\/hobstop.ee\/lv\/wp-json\/wp\/v2\/product_tag?post=306305"}],"curies":[{"name":"wp","href":"https:\/\/api.w.org\/{rel}","templated":true}]}}