{"id":306337,"date":"2018-02-14T13:43:34","date_gmt":"2018-02-14T11:43:34","guid":{"rendered":"https:\/\/sharks.ee\/vunder_2019\/lv\/product\/ziepju-sastavdalas-rayher-emulgators\/"},"modified":"2018-02-14T13:43:34","modified_gmt":"2018-02-14T11:43:34","slug":"ziepju-sastavdalas-rayher-emulgators","status":"publish","type":"product","link":"https:\/\/hobstop.ee\/lv\/produkts\/ziepju-sastavdalas-rayher-emulgators\/","title":{"rendered":"Ziepju sast\u0101vda\u013cas Rayher emulgators"},"content":{"rendered":"<p>Ziepju izgatavo\u0161ana ir tikpat vienk\u0101r\u0161a k\u0101 k\u016bku cep\u0161ana \u2013 galvenais ir izmantot nepiecie\u0161am\u0101s sast\u0101vda\u013cas un receptes. Viss ir pavisam vienk\u0101r\u0161i: izv\u0113lieties formu, visu r\u016bp\u012bgi sajauciet, dekor\u0113jiet ar m\u0101ksliniecisku piesk\u0101rienu un ziepes k\u013c\u016bst par patiesiem m\u0101kslas darbiem. Sast\u0101vda\u013cas variet izv\u0113l\u0113ties un sajaukt, \u0146emot v\u0113r\u0101 v\u0113lmes un m\u0113r\u0137i. Pa\u0161a rad\u012bt\u0101s dekorat\u012bv\u0101s ziepes vannas istab\u0101 atrad\u012bsies ne tikai uzman\u012bbas centr\u0101, bet ar\u012b rad\u012bs \u012bpa\u0161u gaisotni, k\u0101 ar\u012b var b\u016bt lieliska d\u0101vana.<br \/>\nRayhera kosm\u0113tikas emulgators ir paredz\u0113ts sajauk\u0161anai ar ziepju mais\u012bjumu, lai t\u0101l\u0101k e\u013c\u013cas un taukus (dab\u012bg\u0101s e\u013c\u013cas, piem\u0113ram, ol\u012bvu e\u013c\u013cu un v\u012bnogu s\u0113klu e\u013c\u013cu) var\u0113tu sajaukt ar \u016bdeni, jo kreat\u012bv\u0101s ziepes ir veidotas uz \u016bdens b\u0101zes. Pievienotais daudzums sast\u0101da aptuveni 3%.<\/p>\n","protected":false},"excerpt":{"rendered":"<p>Ziepju izgatavo\u0161ana ir tikpat vienk\u0101r\u0161a k\u0101 k\u016bku cep\u0161ana \u2013 galvenais ir izmantot nepiecie\u0161am\u0101s sast\u0101vda\u013cas un receptes. Viss ir pavisam vienk\u0101r\u0161i: izv\u0113lieties formu, visu r\u016bp\u012bgi sajauciet, dekor\u0113jiet ar m\u0101ksliniecisku piesk\u0101rienu un ziepes k\u013c\u016bst par patiesiem m\u0101kslas darbiem. Sast\u0101vda\u013cas variet izv\u0113l\u0113ties un sajaukt, \u0146emot v\u0113r\u0101 v\u0113lmes un m\u0113r\u0137i. Pa\u0161a rad\u012bt\u0101s dekorat\u012bv\u0101s ziepes vannas istab\u0101 atrad\u012bsies ne tikai uzman\u012bbas centr\u0101, bet ar\u012b rad\u012bs \u012bpa\u0161u gaisotni, k\u0101 ar\u012b var b\u016bt lieliska d\u0101vana. Rayhera kosm\u0113tikas emulgators ir paredz\u0113ts sajauk\u0161anai ar ziepju mais\u012bjumu, lai t\u0101l\u0101k e\u013c\u013cas un taukus (dab\u012bg\u0101s e\u013c\u013cas, piem\u0113ram, ol\u012bvu e\u013c\u013cu un v\u012bnogu s\u0113klu e\u013c\u013cu) var\u0113tu sajaukt ar \u016bdeni, jo kreat\u012bv\u0101s ziepes ir veidotas uz \u016bdens b\u0101zes. Pievienotais daudzums sast\u0101da aptuveni 3%.<\/p>\n","protected":false},"featured_media":306821,"comment_status":"closed","ping_status":"closed","template":"","meta":{"_acf_changed":false,"ep_exclude_from_search":false},"product_cat":[20238,17918,20273],"product_tag":[],"class_list":{"0":"post-306337","1":"product","2":"type-product","3":"status-publish","4":"has-post-thumbnail","6":"product_cat-piedevas","7":"product_cat-preces-hobijiem","8":"product_cat-ziepju-veidosana","10":"first","11":"instock","12":"taxable","13":"shipping-taxable","14":"purchasable","15":"product-type-simple"},"acf":[],"yoast_head":"<!-- This site is optimized with the Yoast SEO plugin v24.1 - https:\/\/yoast.com\/wordpress\/plugins\/seo\/ -->\n<title>Ziepju sast\u0101vda\u013cas Rayher emulgators &#8211; Skizze<\/title>\n<meta name=\"robots\" content=\"noindex, follow, max-snippet:-1, max-image-preview:large, max-video-preview:-1\" \/>\n<meta property=\"og:locale\" content=\"lv_LV\" \/>\n<meta property=\"og:type\" content=\"article\" \/>\n<meta property=\"og:title\" content=\"Ziepju sast\u0101vda\u013cas Rayher emulgators &#8211; Skizze\" \/>\n<meta property=\"og:description\" content=\"Ziepju izgatavo\u0161ana ir tikpat vienk\u0101r\u0161a k\u0101 k\u016bku cep\u0161ana \u2013 galvenais ir izmantot nepiecie\u0161am\u0101s sast\u0101vda\u013cas un receptes. Viss ir pavisam vienk\u0101r\u0161i: izv\u0113lieties formu, visu r\u016bp\u012bgi sajauciet, dekor\u0113jiet ar m\u0101ksliniecisku piesk\u0101rienu un ziepes k\u013c\u016bst par patiesiem m\u0101kslas darbiem. Sast\u0101vda\u013cas variet izv\u0113l\u0113ties un sajaukt, \u0146emot v\u0113r\u0101 v\u0113lmes un m\u0113r\u0137i. Pa\u0161a rad\u012bt\u0101s dekorat\u012bv\u0101s ziepes vannas istab\u0101 atrad\u012bsies ne tikai uzman\u012bbas centr\u0101, bet ar\u012b rad\u012bs \u012bpa\u0161u gaisotni, k\u0101 ar\u012b var b\u016bt lieliska d\u0101vana. Rayhera kosm\u0113tikas emulgators ir paredz\u0113ts sajauk\u0161anai ar ziepju mais\u012bjumu, lai t\u0101l\u0101k e\u013c\u013cas un taukus (dab\u012bg\u0101s e\u013c\u013cas, piem\u0113ram, ol\u012bvu e\u013c\u013cu un v\u012bnogu s\u0113klu e\u013c\u013cu) var\u0113tu sajaukt ar \u016bdeni, jo kreat\u012bv\u0101s ziepes ir veidotas uz \u016bdens b\u0101zes. Pievienotais daudzums sast\u0101da aptuveni 3%.\" \/>\n<meta property=\"og:url\" content=\"https:\/\/hobstop.ee\/lv\/produkts\/ziepju-sastavdalas-rayher-emulgators\/\" \/>\n<meta property=\"og:site_name\" content=\"Skizze\" \/>\n<meta property=\"article:publisher\" content=\"http:\/\/www.facebook.com\/VunderSkizze\" \/>\n<meta property=\"og:image\" content=\"https:\/\/hobstop.ee\/media\/4741.jpg\" \/>\n\t<meta property=\"og:image:width\" content=\"1024\" \/>\n\t<meta property=\"og:image:height\" content=\"768\" \/>\n\t<meta property=\"og:image:type\" content=\"image\/jpeg\" \/>\n<meta name=\"twitter:card\" content=\"summary_large_image\" \/>\n<meta name=\"twitter:label1\" content=\"Est. reading time\" \/>\n\t<meta name=\"twitter:data1\" content=\"1 min\u016b\u0161u\" \/>\n<script type=\"application\/ld+json\" class=\"yoast-schema-graph\">{\"@context\":\"https:\/\/schema.org\",\"@graph\":[{\"@type\":\"WebPage\",\"@id\":\"https:\/\/hobstop.ee\/lv\/produkts\/ziepju-sastavdalas-rayher-emulgators\/\",\"url\":\"https:\/\/hobstop.ee\/lv\/produkts\/ziepju-sastavdalas-rayher-emulgators\/\",\"name\":\"Ziepju sast\u0101vda\u013cas Rayher emulgators &#8211; Skizze\",\"isPartOf\":{\"@id\":\"https:\/\/hobstop.ee\/lv\/#website\"},\"primaryImageOfPage\":{\"@id\":\"https:\/\/hobstop.ee\/lv\/produkts\/ziepju-sastavdalas-rayher-emulgators\/#primaryimage\"},\"image\":{\"@id\":\"https:\/\/hobstop.ee\/lv\/produkts\/ziepju-sastavdalas-rayher-emulgators\/#primaryimage\"},\"thumbnailUrl\":\"https:\/\/hobstop.ee\/media\/4741.jpg\",\"datePublished\":\"2018-02-14T11:43:34+00:00\",\"dateModified\":\"2018-02-14T11:43:34+00:00\",\"breadcrumb\":{\"@id\":\"https:\/\/hobstop.ee\/lv\/produkts\/ziepju-sastavdalas-rayher-emulgators\/#breadcrumb\"},\"inLanguage\":\"lv-LV\",\"potentialAction\":[{\"@type\":\"ReadAction\",\"target\":[\"https:\/\/hobstop.ee\/lv\/produkts\/ziepju-sastavdalas-rayher-emulgators\/\"]}]},{\"@type\":\"ImageObject\",\"inLanguage\":\"lv-LV\",\"@id\":\"https:\/\/hobstop.ee\/lv\/produkts\/ziepju-sastavdalas-rayher-emulgators\/#primaryimage\",\"url\":\"https:\/\/hobstop.ee\/media\/4741.jpg\",\"contentUrl\":\"https:\/\/hobstop.ee\/media\/4741.jpg\",\"width\":1024,\"height\":768},{\"@type\":\"BreadcrumbList\",\"@id\":\"https:\/\/hobstop.ee\/lv\/produkts\/ziepju-sastavdalas-rayher-emulgators\/#breadcrumb\",\"itemListElement\":[{\"@type\":\"ListItem\",\"position\":1,\"name\":\"Avaleht\",\"item\":\"https:\/\/hobstop.ee\/lv\/\"},{\"@type\":\"ListItem\",\"position\":2,\"name\":\"Veikals\",\"item\":\"https:\/\/hobstop.ee\/lv\/veikals\/\"},{\"@type\":\"ListItem\",\"position\":3,\"name\":\"Ziepju sast\u0101vda\u013cas Rayher emulgators\"}]},{\"@type\":\"WebSite\",\"@id\":\"https:\/\/hobstop.ee\/lv\/#website\",\"url\":\"https:\/\/hobstop.ee\/lv\/\",\"name\":\"Skizze\",\"description\":\"M\u0101kslas, hobiju un skolas preces\",\"publisher\":{\"@id\":\"https:\/\/hobstop.ee\/lv\/#organization\"},\"potentialAction\":[{\"@type\":\"SearchAction\",\"target\":{\"@type\":\"EntryPoint\",\"urlTemplate\":\"https:\/\/hobstop.ee\/lv\/?s={search_term_string}\"},\"query-input\":{\"@type\":\"PropertyValueSpecification\",\"valueRequired\":true,\"valueName\":\"search_term_string\"}}],\"inLanguage\":\"lv-LV\"},{\"@type\":\"Organization\",\"@id\":\"https:\/\/hobstop.ee\/lv\/#organization\",\"name\":\"Vunder AS\",\"url\":\"https:\/\/hobstop.ee\/lv\/\",\"logo\":{\"@type\":\"ImageObject\",\"inLanguage\":\"lv-LV\",\"@id\":\"https:\/\/hobstop.ee\/lv\/#\/schema\/logo\/image\/\",\"url\":\"https:\/\/hobstop.ee\/media\/vunder-logo.png\",\"contentUrl\":\"https:\/\/hobstop.ee\/media\/vunder-logo.png\",\"width\":127,\"height\":55,\"caption\":\"Vunder AS\"},\"image\":{\"@id\":\"https:\/\/hobstop.ee\/lv\/#\/schema\/logo\/image\/\"},\"sameAs\":[\"http:\/\/www.facebook.com\/VunderSkizze\"]}]}<\/script>\n<!-- \/ Yoast SEO plugin. -->","yoast_head_json":{"title":"Ziepju sast\u0101vda\u013cas Rayher emulgators &#8211; Skizze","robots":{"index":"noindex","follow":"follow","max-snippet":"max-snippet:-1","max-image-preview":"max-image-preview:large","max-video-preview":"max-video-preview:-1"},"og_locale":"lv_LV","og_type":"article","og_title":"Ziepju sast\u0101vda\u013cas Rayher emulgators &#8211; Skizze","og_description":"Ziepju izgatavo\u0161ana ir tikpat vienk\u0101r\u0161a k\u0101 k\u016bku cep\u0161ana \u2013 galvenais ir izmantot nepiecie\u0161am\u0101s sast\u0101vda\u013cas un receptes. Viss ir pavisam vienk\u0101r\u0161i: izv\u0113lieties formu, visu r\u016bp\u012bgi sajauciet, dekor\u0113jiet ar m\u0101ksliniecisku piesk\u0101rienu un ziepes k\u013c\u016bst par patiesiem m\u0101kslas darbiem. Sast\u0101vda\u013cas variet izv\u0113l\u0113ties un sajaukt, \u0146emot v\u0113r\u0101 v\u0113lmes un m\u0113r\u0137i. Pa\u0161a rad\u012bt\u0101s dekorat\u012bv\u0101s ziepes vannas istab\u0101 atrad\u012bsies ne tikai uzman\u012bbas centr\u0101, bet ar\u012b rad\u012bs \u012bpa\u0161u gaisotni, k\u0101 ar\u012b var b\u016bt lieliska d\u0101vana. Rayhera kosm\u0113tikas emulgators ir paredz\u0113ts sajauk\u0161anai ar ziepju mais\u012bjumu, lai t\u0101l\u0101k e\u013c\u013cas un taukus (dab\u012bg\u0101s e\u013c\u013cas, piem\u0113ram, ol\u012bvu e\u013c\u013cu un v\u012bnogu s\u0113klu e\u013c\u013cu) var\u0113tu sajaukt ar \u016bdeni, jo kreat\u012bv\u0101s ziepes ir veidotas uz \u016bdens b\u0101zes. Pievienotais daudzums sast\u0101da aptuveni 3%.","og_url":"https:\/\/hobstop.ee\/lv\/produkts\/ziepju-sastavdalas-rayher-emulgators\/","og_site_name":"Skizze","article_publisher":"http:\/\/www.facebook.com\/VunderSkizze","og_image":[{"width":1024,"height":768,"url":"https:\/\/hobstop.ee\/media\/4741.jpg","type":"image\/jpeg"}],"twitter_card":"summary_large_image","twitter_misc":{"Est. reading time":"1 min\u016b\u0161u"},"schema":{"@context":"https:\/\/schema.org","@graph":[{"@type":"WebPage","@id":"https:\/\/hobstop.ee\/lv\/produkts\/ziepju-sastavdalas-rayher-emulgators\/","url":"https:\/\/hobstop.ee\/lv\/produkts\/ziepju-sastavdalas-rayher-emulgators\/","name":"Ziepju sast\u0101vda\u013cas Rayher emulgators &#8211; Skizze","isPartOf":{"@id":"https:\/\/hobstop.ee\/lv\/#website"},"primaryImageOfPage":{"@id":"https:\/\/hobstop.ee\/lv\/produkts\/ziepju-sastavdalas-rayher-emulgators\/#primaryimage"},"image":{"@id":"https:\/\/hobstop.ee\/lv\/produkts\/ziepju-sastavdalas-rayher-emulgators\/#primaryimage"},"thumbnailUrl":"https:\/\/hobstop.ee\/media\/4741.jpg","datePublished":"2018-02-14T11:43:34+00:00","dateModified":"2018-02-14T11:43:34+00:00","breadcrumb":{"@id":"https:\/\/hobstop.ee\/lv\/produkts\/ziepju-sastavdalas-rayher-emulgators\/#breadcrumb"},"inLanguage":"lv-LV","potentialAction":[{"@type":"ReadAction","target":["https:\/\/hobstop.ee\/lv\/produkts\/ziepju-sastavdalas-rayher-emulgators\/"]}]},{"@type":"ImageObject","inLanguage":"lv-LV","@id":"https:\/\/hobstop.ee\/lv\/produkts\/ziepju-sastavdalas-rayher-emulgators\/#primaryimage","url":"https:\/\/hobstop.ee\/media\/4741.jpg","contentUrl":"https:\/\/hobstop.ee\/media\/4741.jpg","width":1024,"height":768},{"@type":"BreadcrumbList","@id":"https:\/\/hobstop.ee\/lv\/produkts\/ziepju-sastavdalas-rayher-emulgators\/#breadcrumb","itemListElement":[{"@type":"ListItem","position":1,"name":"Avaleht","item":"https:\/\/hobstop.ee\/lv\/"},{"@type":"ListItem","position":2,"name":"Veikals","item":"https:\/\/hobstop.ee\/lv\/veikals\/"},{"@type":"ListItem","position":3,"name":"Ziepju sast\u0101vda\u013cas Rayher emulgators"}]},{"@type":"WebSite","@id":"https:\/\/hobstop.ee\/lv\/#website","url":"https:\/\/hobstop.ee\/lv\/","name":"Skizze","description":"M\u0101kslas, hobiju un skolas preces","publisher":{"@id":"https:\/\/hobstop.ee\/lv\/#organization"},"potentialAction":[{"@type":"SearchAction","target":{"@type":"EntryPoint","urlTemplate":"https:\/\/hobstop.ee\/lv\/?s={search_term_string}"},"query-input":{"@type":"PropertyValueSpecification","valueRequired":true,"valueName":"search_term_string"}}],"inLanguage":"lv-LV"},{"@type":"Organization","@id":"https:\/\/hobstop.ee\/lv\/#organization","name":"Vunder AS","url":"https:\/\/hobstop.ee\/lv\/","logo":{"@type":"ImageObject","inLanguage":"lv-LV","@id":"https:\/\/hobstop.ee\/lv\/#\/schema\/logo\/image\/","url":"https:\/\/hobstop.ee\/media\/vunder-logo.png","contentUrl":"https:\/\/hobstop.ee\/media\/vunder-logo.png","width":127,"height":55,"caption":"Vunder AS"},"image":{"@id":"https:\/\/hobstop.ee\/lv\/#\/schema\/logo\/image\/"},"sameAs":["http:\/\/www.facebook.com\/VunderSkizze"]}]}},"_links":{"self":[{"href":"https:\/\/hobstop.ee\/lv\/wp-json\/wp\/v2\/product\/306337","targetHints":{"allow":["GET"]}}],"collection":[{"href":"https:\/\/hobstop.ee\/lv\/wp-json\/wp\/v2\/product"}],"about":[{"href":"https:\/\/hobstop.ee\/lv\/wp-json\/wp\/v2\/types\/product"}],"replies":[{"embeddable":true,"href":"https:\/\/hobstop.ee\/lv\/wp-json\/wp\/v2\/comments?post=306337"}],"wp:featuredmedia":[{"embeddable":true,"href":"https:\/\/hobstop.ee\/lv\/wp-json\/wp\/v2\/media\/306821"}],"wp:attachment":[{"href":"https:\/\/hobstop.ee\/lv\/wp-json\/wp\/v2\/media?parent=306337"}],"wp:term":[{"taxonomy":"product_cat","embeddable":true,"href":"https:\/\/hobstop.ee\/lv\/wp-json\/wp\/v2\/product_cat?post=306337"},{"taxonomy":"product_tag","embeddable":true,"href":"https:\/\/hobstop.ee\/lv\/wp-json\/wp\/v2\/product_tag?post=306337"}],"curies":[{"name":"wp","href":"https:\/\/api.w.org\/{rel}","templated":true}]}}