{"id":310184,"date":"2018-04-30T13:41:57","date_gmt":"2018-04-30T10:41:57","guid":{"rendered":"https:\/\/sharks.ee\/vunder_2019\/lv\/product\/tirisanas-lidzeklis-sennelier-green-for-oil\/"},"modified":"2018-04-30T13:41:57","modified_gmt":"2018-04-30T10:41:57","slug":"tirisanas-lidzeklis-sennelier-green-for-oil","status":"publish","type":"product","link":"https:\/\/hobstop.ee\/lv\/produkts\/tirisanas-lidzeklis-sennelier-green-for-oil\/","title":{"rendered":"T\u012br\u012b\u0161anas l\u012bdzeklis Sennelier Green for Oil"},"content":{"rendered":"<p>Green for Oil ir netoksisks \u0161\u0137idrais t\u012br\u012b\u0161anas l\u012bdzeklis, kas pal\u012bdz saglab\u0101t j\u016bsu darba l\u012bdzek\u013cus. Nodro\u0161ina r\u016bp\u012bgu otu, na\u017eu, pale\u0161u un konteineru t\u012br\u012b\u0161anu l\u012bdz n\u0101kamajai lieto\u0161anai. <\/p>\n<p>Sennelier Green for Oil ir da\u013ca no &#8220;bio-solvent&#8221; jeb bio\u0161\u0137\u012bdin\u0101t\u0101ju s\u0113rijas. T\u0101 ir dro\u0161\u0101ka un za\u013c\u0101ka alternat\u012bva tradicion\u0101lajiem \u0161\u0137\u012bdin\u0101t\u0101jiem! Tradicion\u0101lie \u0161\u0137\u012bdin\u0101t\u0101ji ir \u013coti efekt\u012bvi, ta\u010du ir radu\u0161\u0101s ba\u017eas par to sast\u0101v\u0101 eso\u0161aj\u0101m gaisto\u0161aj\u0101m viel\u0101m un to patiesaj\u0101m \u012bpa\u0161\u012bb\u0101m un naftas izcelsmi. Sennelier Green for Oil pied\u0101v\u0101 pla\u0161u mediju spektru ar t\u0101d\u0101m pa\u0161\u0101m \u012bpa\u0161\u012bb\u0101m k\u0101 tradicion\u0101lie materi\u0101li. Green for Oil produkti ir dabiskas izcelsmes un ieg\u016bti no augu, dz\u012bvnieku vai miner\u0101lu izejviel\u0101m. Tie atbilst sanit\u0101rajiem norm\u0101m un vides standartiem un ir ra\u017eoti no iztur\u012bg\u0101m sast\u0101vda\u013c\u0101m. Green for Oil bio\u0161\u0137\u012bdin\u0101t\u0101ji saska\u0146\u0101 ar CE 1272\/08 ir klasific\u0113ti k\u0101 netoksiski l\u012bdzek\u013ci \u2013 tie saglab\u0101 vesel\u012bbu un vidi.<\/p>\n","protected":false},"excerpt":{"rendered":"<p>Green for Oil ir netoksisks \u0161\u0137idrais t\u012br\u012b\u0161anas l\u012bdzeklis, kas pal\u012bdz saglab\u0101t j\u016bsu darba l\u012bdzek\u013cus. Nodro\u0161ina r\u016bp\u012bgu otu, na\u017eu, pale\u0161u un konteineru t\u012br\u012b\u0161anu l\u012bdz n\u0101kamajai lieto\u0161anai. Sennelier Green for Oil ir da\u013ca no &#8220;bio-solvent&#8221; jeb bio\u0161\u0137\u012bdin\u0101t\u0101ju s\u0113rijas. T\u0101 ir dro\u0161\u0101ka un za\u013c\u0101ka alternat\u012bva tradicion\u0101lajiem \u0161\u0137\u012bdin\u0101t\u0101jiem! Tradicion\u0101lie \u0161\u0137\u012bdin\u0101t\u0101ji ir \u013coti efekt\u012bvi, ta\u010du ir radu\u0161\u0101s ba\u017eas par to sast\u0101v\u0101 eso\u0161aj\u0101m gaisto\u0161aj\u0101m viel\u0101m un to patiesaj\u0101m \u012bpa\u0161\u012bb\u0101m un naftas izcelsmi. Sennelier Green for Oil pied\u0101v\u0101 pla\u0161u mediju spektru ar t\u0101d\u0101m pa\u0161\u0101m \u012bpa\u0161\u012bb\u0101m k\u0101 tradicion\u0101lie materi\u0101li. Green for Oil produkti ir dabiskas izcelsmes un ieg\u016bti no augu, dz\u012bvnieku vai miner\u0101lu izejviel\u0101m. Tie atbilst sanit\u0101rajiem norm\u0101m un vides standartiem un ir ra\u017eoti no iztur\u012bg\u0101m sast\u0101vda\u013c\u0101m. Green for Oil bio\u0161\u0137\u012bdin\u0101t\u0101ji saska\u0146\u0101 ar CE 1272\/08 ir klasific\u0113ti k\u0101 netoksiski l\u012bdzek\u013ci \u2013 tie saglab\u0101 vesel\u012bbu un vidi.<\/p>\n","protected":false},"featured_media":310316,"comment_status":"closed","ping_status":"closed","template":"","meta":{"_acf_changed":false,"ep_exclude_from_search":false},"product_cat":[18761,17980,16123],"product_tag":[],"class_list":{"0":"post-310184","1":"product","2":"type-product","3":"status-publish","4":"has-post-thumbnail","6":"product_cat-dazadi-30","7":"product_cat-krasas-un-gleznosanas-paligmateriali","8":"product_cat-makslas-piederumi-2","10":"first","11":"instock","12":"taxable","13":"shipping-taxable","14":"purchasable","15":"product-type-simple"},"acf":[],"yoast_head":"<!-- This site is optimized with the Yoast SEO plugin v24.1 - https:\/\/yoast.com\/wordpress\/plugins\/seo\/ -->\n<title>T\u012br\u012b\u0161anas l\u012bdzeklis Sennelier Green for Oil &#8211; Skizze<\/title>\n<meta name=\"robots\" content=\"noindex, follow, max-snippet:-1, max-image-preview:large, max-video-preview:-1\" \/>\n<meta property=\"og:locale\" content=\"lv_LV\" \/>\n<meta property=\"og:type\" content=\"article\" \/>\n<meta property=\"og:title\" content=\"T\u012br\u012b\u0161anas l\u012bdzeklis Sennelier Green for Oil &#8211; Skizze\" \/>\n<meta property=\"og:description\" content=\"Green for Oil ir netoksisks \u0161\u0137idrais t\u012br\u012b\u0161anas l\u012bdzeklis, kas pal\u012bdz saglab\u0101t j\u016bsu darba l\u012bdzek\u013cus. Nodro\u0161ina r\u016bp\u012bgu otu, na\u017eu, pale\u0161u un konteineru t\u012br\u012b\u0161anu l\u012bdz n\u0101kamajai lieto\u0161anai. Sennelier Green for Oil ir da\u013ca no &#8220;bio-solvent&#8221; jeb bio\u0161\u0137\u012bdin\u0101t\u0101ju s\u0113rijas. T\u0101 ir dro\u0161\u0101ka un za\u013c\u0101ka alternat\u012bva tradicion\u0101lajiem \u0161\u0137\u012bdin\u0101t\u0101jiem! Tradicion\u0101lie \u0161\u0137\u012bdin\u0101t\u0101ji ir \u013coti efekt\u012bvi, ta\u010du ir radu\u0161\u0101s ba\u017eas par to sast\u0101v\u0101 eso\u0161aj\u0101m gaisto\u0161aj\u0101m viel\u0101m un to patiesaj\u0101m \u012bpa\u0161\u012bb\u0101m un naftas izcelsmi. Sennelier Green for Oil pied\u0101v\u0101 pla\u0161u mediju spektru ar t\u0101d\u0101m pa\u0161\u0101m \u012bpa\u0161\u012bb\u0101m k\u0101 tradicion\u0101lie materi\u0101li. Green for Oil produkti ir dabiskas izcelsmes un ieg\u016bti no augu, dz\u012bvnieku vai miner\u0101lu izejviel\u0101m. Tie atbilst sanit\u0101rajiem norm\u0101m un vides standartiem un ir ra\u017eoti no iztur\u012bg\u0101m sast\u0101vda\u013c\u0101m. Green for Oil bio\u0161\u0137\u012bdin\u0101t\u0101ji saska\u0146\u0101 ar CE 1272\/08 ir klasific\u0113ti k\u0101 netoksiski l\u012bdzek\u013ci \u2013 tie saglab\u0101 vesel\u012bbu un vidi.\" \/>\n<meta property=\"og:url\" content=\"https:\/\/hobstop.ee\/lv\/produkts\/tirisanas-lidzeklis-sennelier-green-for-oil\/\" \/>\n<meta property=\"og:site_name\" content=\"Skizze\" \/>\n<meta property=\"article:publisher\" content=\"http:\/\/www.facebook.com\/VunderSkizze\" \/>\n<meta property=\"og:image\" content=\"https:\/\/hobstop.ee\/media\/4658.jpg\" \/>\n\t<meta property=\"og:image:width\" content=\"1024\" \/>\n\t<meta property=\"og:image:height\" content=\"768\" \/>\n\t<meta property=\"og:image:type\" content=\"image\/jpeg\" \/>\n<meta name=\"twitter:card\" content=\"summary_large_image\" \/>\n<meta name=\"twitter:label1\" content=\"Est. reading time\" \/>\n\t<meta name=\"twitter:data1\" content=\"1 min\u016b\u0161u\" \/>\n<script type=\"application\/ld+json\" class=\"yoast-schema-graph\">{\"@context\":\"https:\/\/schema.org\",\"@graph\":[{\"@type\":\"WebPage\",\"@id\":\"https:\/\/hobstop.ee\/lv\/produkts\/tirisanas-lidzeklis-sennelier-green-for-oil\/\",\"url\":\"https:\/\/hobstop.ee\/lv\/produkts\/tirisanas-lidzeklis-sennelier-green-for-oil\/\",\"name\":\"T\u012br\u012b\u0161anas l\u012bdzeklis Sennelier Green for Oil &#8211; Skizze\",\"isPartOf\":{\"@id\":\"https:\/\/hobstop.ee\/lv\/#website\"},\"primaryImageOfPage\":{\"@id\":\"https:\/\/hobstop.ee\/lv\/produkts\/tirisanas-lidzeklis-sennelier-green-for-oil\/#primaryimage\"},\"image\":{\"@id\":\"https:\/\/hobstop.ee\/lv\/produkts\/tirisanas-lidzeklis-sennelier-green-for-oil\/#primaryimage\"},\"thumbnailUrl\":\"https:\/\/hobstop.ee\/media\/4658.jpg\",\"datePublished\":\"2018-04-30T10:41:57+00:00\",\"dateModified\":\"2018-04-30T10:41:57+00:00\",\"breadcrumb\":{\"@id\":\"https:\/\/hobstop.ee\/lv\/produkts\/tirisanas-lidzeklis-sennelier-green-for-oil\/#breadcrumb\"},\"inLanguage\":\"lv-LV\",\"potentialAction\":[{\"@type\":\"ReadAction\",\"target\":[\"https:\/\/hobstop.ee\/lv\/produkts\/tirisanas-lidzeklis-sennelier-green-for-oil\/\"]}]},{\"@type\":\"ImageObject\",\"inLanguage\":\"lv-LV\",\"@id\":\"https:\/\/hobstop.ee\/lv\/produkts\/tirisanas-lidzeklis-sennelier-green-for-oil\/#primaryimage\",\"url\":\"https:\/\/hobstop.ee\/media\/4658.jpg\",\"contentUrl\":\"https:\/\/hobstop.ee\/media\/4658.jpg\",\"width\":1024,\"height\":768},{\"@type\":\"BreadcrumbList\",\"@id\":\"https:\/\/hobstop.ee\/lv\/produkts\/tirisanas-lidzeklis-sennelier-green-for-oil\/#breadcrumb\",\"itemListElement\":[{\"@type\":\"ListItem\",\"position\":1,\"name\":\"Avaleht\",\"item\":\"https:\/\/hobstop.ee\/lv\/\"},{\"@type\":\"ListItem\",\"position\":2,\"name\":\"Veikals\",\"item\":\"https:\/\/hobstop.ee\/lv\/veikals\/\"},{\"@type\":\"ListItem\",\"position\":3,\"name\":\"T\u012br\u012b\u0161anas l\u012bdzeklis Sennelier Green for Oil\"}]},{\"@type\":\"WebSite\",\"@id\":\"https:\/\/hobstop.ee\/lv\/#website\",\"url\":\"https:\/\/hobstop.ee\/lv\/\",\"name\":\"Skizze\",\"description\":\"M\u0101kslas, hobiju un skolas preces\",\"publisher\":{\"@id\":\"https:\/\/hobstop.ee\/lv\/#organization\"},\"potentialAction\":[{\"@type\":\"SearchAction\",\"target\":{\"@type\":\"EntryPoint\",\"urlTemplate\":\"https:\/\/hobstop.ee\/lv\/?s={search_term_string}\"},\"query-input\":{\"@type\":\"PropertyValueSpecification\",\"valueRequired\":true,\"valueName\":\"search_term_string\"}}],\"inLanguage\":\"lv-LV\"},{\"@type\":\"Organization\",\"@id\":\"https:\/\/hobstop.ee\/lv\/#organization\",\"name\":\"Vunder AS\",\"url\":\"https:\/\/hobstop.ee\/lv\/\",\"logo\":{\"@type\":\"ImageObject\",\"inLanguage\":\"lv-LV\",\"@id\":\"https:\/\/hobstop.ee\/lv\/#\/schema\/logo\/image\/\",\"url\":\"https:\/\/hobstop.ee\/media\/vunder-logo.png\",\"contentUrl\":\"https:\/\/hobstop.ee\/media\/vunder-logo.png\",\"width\":127,\"height\":55,\"caption\":\"Vunder AS\"},\"image\":{\"@id\":\"https:\/\/hobstop.ee\/lv\/#\/schema\/logo\/image\/\"},\"sameAs\":[\"http:\/\/www.facebook.com\/VunderSkizze\"]}]}<\/script>\n<!-- \/ Yoast SEO plugin. -->","yoast_head_json":{"title":"T\u012br\u012b\u0161anas l\u012bdzeklis Sennelier Green for Oil &#8211; Skizze","robots":{"index":"noindex","follow":"follow","max-snippet":"max-snippet:-1","max-image-preview":"max-image-preview:large","max-video-preview":"max-video-preview:-1"},"og_locale":"lv_LV","og_type":"article","og_title":"T\u012br\u012b\u0161anas l\u012bdzeklis Sennelier Green for Oil &#8211; Skizze","og_description":"Green for Oil ir netoksisks \u0161\u0137idrais t\u012br\u012b\u0161anas l\u012bdzeklis, kas pal\u012bdz saglab\u0101t j\u016bsu darba l\u012bdzek\u013cus. Nodro\u0161ina r\u016bp\u012bgu otu, na\u017eu, pale\u0161u un konteineru t\u012br\u012b\u0161anu l\u012bdz n\u0101kamajai lieto\u0161anai. Sennelier Green for Oil ir da\u013ca no &#8220;bio-solvent&#8221; jeb bio\u0161\u0137\u012bdin\u0101t\u0101ju s\u0113rijas. T\u0101 ir dro\u0161\u0101ka un za\u013c\u0101ka alternat\u012bva tradicion\u0101lajiem \u0161\u0137\u012bdin\u0101t\u0101jiem! Tradicion\u0101lie \u0161\u0137\u012bdin\u0101t\u0101ji ir \u013coti efekt\u012bvi, ta\u010du ir radu\u0161\u0101s ba\u017eas par to sast\u0101v\u0101 eso\u0161aj\u0101m gaisto\u0161aj\u0101m viel\u0101m un to patiesaj\u0101m \u012bpa\u0161\u012bb\u0101m un naftas izcelsmi. Sennelier Green for Oil pied\u0101v\u0101 pla\u0161u mediju spektru ar t\u0101d\u0101m pa\u0161\u0101m \u012bpa\u0161\u012bb\u0101m k\u0101 tradicion\u0101lie materi\u0101li. Green for Oil produkti ir dabiskas izcelsmes un ieg\u016bti no augu, dz\u012bvnieku vai miner\u0101lu izejviel\u0101m. Tie atbilst sanit\u0101rajiem norm\u0101m un vides standartiem un ir ra\u017eoti no iztur\u012bg\u0101m sast\u0101vda\u013c\u0101m. Green for Oil bio\u0161\u0137\u012bdin\u0101t\u0101ji saska\u0146\u0101 ar CE 1272\/08 ir klasific\u0113ti k\u0101 netoksiski l\u012bdzek\u013ci \u2013 tie saglab\u0101 vesel\u012bbu un vidi.","og_url":"https:\/\/hobstop.ee\/lv\/produkts\/tirisanas-lidzeklis-sennelier-green-for-oil\/","og_site_name":"Skizze","article_publisher":"http:\/\/www.facebook.com\/VunderSkizze","og_image":[{"width":1024,"height":768,"url":"https:\/\/hobstop.ee\/media\/4658.jpg","type":"image\/jpeg"}],"twitter_card":"summary_large_image","twitter_misc":{"Est. reading time":"1 min\u016b\u0161u"},"schema":{"@context":"https:\/\/schema.org","@graph":[{"@type":"WebPage","@id":"https:\/\/hobstop.ee\/lv\/produkts\/tirisanas-lidzeklis-sennelier-green-for-oil\/","url":"https:\/\/hobstop.ee\/lv\/produkts\/tirisanas-lidzeklis-sennelier-green-for-oil\/","name":"T\u012br\u012b\u0161anas l\u012bdzeklis Sennelier Green for Oil &#8211; Skizze","isPartOf":{"@id":"https:\/\/hobstop.ee\/lv\/#website"},"primaryImageOfPage":{"@id":"https:\/\/hobstop.ee\/lv\/produkts\/tirisanas-lidzeklis-sennelier-green-for-oil\/#primaryimage"},"image":{"@id":"https:\/\/hobstop.ee\/lv\/produkts\/tirisanas-lidzeklis-sennelier-green-for-oil\/#primaryimage"},"thumbnailUrl":"https:\/\/hobstop.ee\/media\/4658.jpg","datePublished":"2018-04-30T10:41:57+00:00","dateModified":"2018-04-30T10:41:57+00:00","breadcrumb":{"@id":"https:\/\/hobstop.ee\/lv\/produkts\/tirisanas-lidzeklis-sennelier-green-for-oil\/#breadcrumb"},"inLanguage":"lv-LV","potentialAction":[{"@type":"ReadAction","target":["https:\/\/hobstop.ee\/lv\/produkts\/tirisanas-lidzeklis-sennelier-green-for-oil\/"]}]},{"@type":"ImageObject","inLanguage":"lv-LV","@id":"https:\/\/hobstop.ee\/lv\/produkts\/tirisanas-lidzeklis-sennelier-green-for-oil\/#primaryimage","url":"https:\/\/hobstop.ee\/media\/4658.jpg","contentUrl":"https:\/\/hobstop.ee\/media\/4658.jpg","width":1024,"height":768},{"@type":"BreadcrumbList","@id":"https:\/\/hobstop.ee\/lv\/produkts\/tirisanas-lidzeklis-sennelier-green-for-oil\/#breadcrumb","itemListElement":[{"@type":"ListItem","position":1,"name":"Avaleht","item":"https:\/\/hobstop.ee\/lv\/"},{"@type":"ListItem","position":2,"name":"Veikals","item":"https:\/\/hobstop.ee\/lv\/veikals\/"},{"@type":"ListItem","position":3,"name":"T\u012br\u012b\u0161anas l\u012bdzeklis Sennelier Green for Oil"}]},{"@type":"WebSite","@id":"https:\/\/hobstop.ee\/lv\/#website","url":"https:\/\/hobstop.ee\/lv\/","name":"Skizze","description":"M\u0101kslas, hobiju un skolas preces","publisher":{"@id":"https:\/\/hobstop.ee\/lv\/#organization"},"potentialAction":[{"@type":"SearchAction","target":{"@type":"EntryPoint","urlTemplate":"https:\/\/hobstop.ee\/lv\/?s={search_term_string}"},"query-input":{"@type":"PropertyValueSpecification","valueRequired":true,"valueName":"search_term_string"}}],"inLanguage":"lv-LV"},{"@type":"Organization","@id":"https:\/\/hobstop.ee\/lv\/#organization","name":"Vunder AS","url":"https:\/\/hobstop.ee\/lv\/","logo":{"@type":"ImageObject","inLanguage":"lv-LV","@id":"https:\/\/hobstop.ee\/lv\/#\/schema\/logo\/image\/","url":"https:\/\/hobstop.ee\/media\/vunder-logo.png","contentUrl":"https:\/\/hobstop.ee\/media\/vunder-logo.png","width":127,"height":55,"caption":"Vunder AS"},"image":{"@id":"https:\/\/hobstop.ee\/lv\/#\/schema\/logo\/image\/"},"sameAs":["http:\/\/www.facebook.com\/VunderSkizze"]}]}},"_links":{"self":[{"href":"https:\/\/hobstop.ee\/lv\/wp-json\/wp\/v2\/product\/310184","targetHints":{"allow":["GET"]}}],"collection":[{"href":"https:\/\/hobstop.ee\/lv\/wp-json\/wp\/v2\/product"}],"about":[{"href":"https:\/\/hobstop.ee\/lv\/wp-json\/wp\/v2\/types\/product"}],"replies":[{"embeddable":true,"href":"https:\/\/hobstop.ee\/lv\/wp-json\/wp\/v2\/comments?post=310184"}],"wp:featuredmedia":[{"embeddable":true,"href":"https:\/\/hobstop.ee\/lv\/wp-json\/wp\/v2\/media\/310316"}],"wp:attachment":[{"href":"https:\/\/hobstop.ee\/lv\/wp-json\/wp\/v2\/media?parent=310184"}],"wp:term":[{"taxonomy":"product_cat","embeddable":true,"href":"https:\/\/hobstop.ee\/lv\/wp-json\/wp\/v2\/product_cat?post=310184"},{"taxonomy":"product_tag","embeddable":true,"href":"https:\/\/hobstop.ee\/lv\/wp-json\/wp\/v2\/product_tag?post=310184"}],"curies":[{"name":"wp","href":"https:\/\/api.w.org\/{rel}","templated":true}]}}