{"id":310192,"date":"2018-04-30T13:41:59","date_gmt":"2018-04-30T10:41:59","guid":{"rendered":"https:\/\/sharks.ee\/vunder_2019\/lv\/product\/sudraba-mala-pulveris-silverdesign\/"},"modified":"2018-04-30T13:41:59","modified_gmt":"2018-04-30T10:41:59","slug":"sudraba-mala-pulveris-silverdesign","status":"publish","type":"product","link":"https:\/\/hobstop.ee\/lv\/produkts\/sudraba-mala-pulveris-silverdesign\/","title":{"rendered":"Sudraba m\u0101la pulveris Silverdesign"},"content":{"rendered":"<p>Silverdesign sudraba m\u0101lu mais\u012bjums ir pulveris, kas samaisot ar \u016bdeni, veido m\u0101liem l\u012bdz\u012bgu masu. Pulveris paredz\u0113ts t\u012bra &#8211; 99,99 procenti, sudraba rotu izgatavo\u0161anai. J\u016bs varat samais\u012bt liel\u0101ku vai maz\u0101ku daudzumu pulvera, lai ieg\u016btu tie\u0161i to daudzumu sudraba m\u0101lu, kas vajadz\u012bgs j\u016bsu projektam. L\u0113n\u0101m pievienojiet destil\u0113tu \u016bdeni ar \u0161\u013circi, l\u012bdz ieg\u016bsiet vair\u0101k vai maz\u0101k vienm\u0113r\u012bgu sudraba m\u0101las masu. J\u016bs varat v\u012bl\u0113t, sl\u012bp\u0113t un sprodrin\u0101t savas rotaslietas veidotas no Silverdesign sudraba m\u0101la. Sausu met\u0101la m\u0101la pulvera mais\u012bjumu varat dro\u0161i uzglab\u0101t neierobezoti ilgi un neraiz\u0113ties, ka tas sakalt\u012bs un k\u013c\u016bs ciets.<\/p>\n","protected":false},"excerpt":{"rendered":"<p>Silverdesign sudraba m\u0101lu mais\u012bjums ir pulveris, kas samaisot ar \u016bdeni, veido m\u0101liem l\u012bdz\u012bgu masu. Pulveris paredz\u0113ts t\u012bra &#8211; 99,99 procenti, sudraba rotu izgatavo\u0161anai. J\u016bs varat samais\u012bt liel\u0101ku vai maz\u0101ku daudzumu pulvera, lai ieg\u016btu tie\u0161i to daudzumu sudraba m\u0101lu, kas vajadz\u012bgs j\u016bsu projektam. L\u0113n\u0101m pievienojiet destil\u0113tu \u016bdeni ar \u0161\u013circi, l\u012bdz ieg\u016bsiet vair\u0101k vai maz\u0101k vienm\u0113r\u012bgu sudraba m\u0101las masu. J\u016bs varat v\u012bl\u0113t, sl\u012bp\u0113t un sprodrin\u0101t savas rotaslietas veidotas no Silverdesign sudraba m\u0101la. Sausu met\u0101la m\u0101la pulvera mais\u012bjumu varat dro\u0161i uzglab\u0101t neierobezoti ilgi un neraiz\u0113ties, ka tas sakalt\u012bs un k\u013c\u016bs ciets.<\/p>\n","protected":false},"featured_media":310324,"comment_status":"closed","ping_status":"closed","template":"","meta":{"_acf_changed":false,"ep_exclude_from_search":false},"product_cat":[20083,17918,19659],"product_tag":[],"class_list":{"0":"post-310192","1":"product","2":"type-product","3":"status-publish","4":"has-post-thumbnail","6":"product_cat-dazadi-2","7":"product_cat-preces-hobijiem","8":"product_cat-rotu-izgatavosana","10":"first","11":"instock","12":"taxable","13":"shipping-taxable","14":"purchasable","15":"product-type-simple"},"acf":[],"yoast_head":"<!-- This site is optimized with the Yoast SEO plugin v24.1 - https:\/\/yoast.com\/wordpress\/plugins\/seo\/ -->\n<title>Sudraba m\u0101la pulveris Silverdesign &#8211; Skizze<\/title>\n<meta name=\"robots\" content=\"noindex, follow, max-snippet:-1, max-image-preview:large, max-video-preview:-1\" \/>\n<meta property=\"og:locale\" content=\"lv_LV\" \/>\n<meta property=\"og:type\" content=\"article\" \/>\n<meta property=\"og:title\" content=\"Sudraba m\u0101la pulveris Silverdesign &#8211; Skizze\" \/>\n<meta property=\"og:description\" content=\"Silverdesign sudraba m\u0101lu mais\u012bjums ir pulveris, kas samaisot ar \u016bdeni, veido m\u0101liem l\u012bdz\u012bgu masu. Pulveris paredz\u0113ts t\u012bra &#8211; 99,99 procenti, sudraba rotu izgatavo\u0161anai. J\u016bs varat samais\u012bt liel\u0101ku vai maz\u0101ku daudzumu pulvera, lai ieg\u016btu tie\u0161i to daudzumu sudraba m\u0101lu, kas vajadz\u012bgs j\u016bsu projektam. L\u0113n\u0101m pievienojiet destil\u0113tu \u016bdeni ar \u0161\u013circi, l\u012bdz ieg\u016bsiet vair\u0101k vai maz\u0101k vienm\u0113r\u012bgu sudraba m\u0101las masu. J\u016bs varat v\u012bl\u0113t, sl\u012bp\u0113t un sprodrin\u0101t savas rotaslietas veidotas no Silverdesign sudraba m\u0101la. Sausu met\u0101la m\u0101la pulvera mais\u012bjumu varat dro\u0161i uzglab\u0101t neierobezoti ilgi un neraiz\u0113ties, ka tas sakalt\u012bs un k\u013c\u016bs ciets.\" \/>\n<meta property=\"og:url\" content=\"https:\/\/hobstop.ee\/lv\/produkts\/sudraba-mala-pulveris-silverdesign\/\" \/>\n<meta property=\"og:site_name\" content=\"Skizze\" \/>\n<meta property=\"article:publisher\" content=\"http:\/\/www.facebook.com\/VunderSkizze\" \/>\n<meta property=\"og:image\" content=\"https:\/\/hobstop.ee\/media\/4756.jpg\" \/>\n\t<meta property=\"og:image:width\" content=\"1024\" \/>\n\t<meta property=\"og:image:height\" content=\"768\" \/>\n\t<meta property=\"og:image:type\" content=\"image\/jpeg\" \/>\n<meta name=\"twitter:card\" content=\"summary_large_image\" \/>\n<meta name=\"twitter:label1\" content=\"Est. reading time\" \/>\n\t<meta name=\"twitter:data1\" content=\"1 min\u016b\u0161u\" \/>\n<script type=\"application\/ld+json\" class=\"yoast-schema-graph\">{\"@context\":\"https:\/\/schema.org\",\"@graph\":[{\"@type\":\"WebPage\",\"@id\":\"https:\/\/hobstop.ee\/lv\/produkts\/sudraba-mala-pulveris-silverdesign\/\",\"url\":\"https:\/\/hobstop.ee\/lv\/produkts\/sudraba-mala-pulveris-silverdesign\/\",\"name\":\"Sudraba m\u0101la pulveris Silverdesign &#8211; Skizze\",\"isPartOf\":{\"@id\":\"https:\/\/hobstop.ee\/lv\/#website\"},\"primaryImageOfPage\":{\"@id\":\"https:\/\/hobstop.ee\/lv\/produkts\/sudraba-mala-pulveris-silverdesign\/#primaryimage\"},\"image\":{\"@id\":\"https:\/\/hobstop.ee\/lv\/produkts\/sudraba-mala-pulveris-silverdesign\/#primaryimage\"},\"thumbnailUrl\":\"https:\/\/hobstop.ee\/media\/4756.jpg\",\"datePublished\":\"2018-04-30T10:41:59+00:00\",\"dateModified\":\"2018-04-30T10:41:59+00:00\",\"breadcrumb\":{\"@id\":\"https:\/\/hobstop.ee\/lv\/produkts\/sudraba-mala-pulveris-silverdesign\/#breadcrumb\"},\"inLanguage\":\"lv-LV\",\"potentialAction\":[{\"@type\":\"ReadAction\",\"target\":[\"https:\/\/hobstop.ee\/lv\/produkts\/sudraba-mala-pulveris-silverdesign\/\"]}]},{\"@type\":\"ImageObject\",\"inLanguage\":\"lv-LV\",\"@id\":\"https:\/\/hobstop.ee\/lv\/produkts\/sudraba-mala-pulveris-silverdesign\/#primaryimage\",\"url\":\"https:\/\/hobstop.ee\/media\/4756.jpg\",\"contentUrl\":\"https:\/\/hobstop.ee\/media\/4756.jpg\",\"width\":1024,\"height\":768},{\"@type\":\"BreadcrumbList\",\"@id\":\"https:\/\/hobstop.ee\/lv\/produkts\/sudraba-mala-pulveris-silverdesign\/#breadcrumb\",\"itemListElement\":[{\"@type\":\"ListItem\",\"position\":1,\"name\":\"Avaleht\",\"item\":\"https:\/\/www.hobstop.ee\/lv\/\"},{\"@type\":\"ListItem\",\"position\":2,\"name\":\"Veikals\",\"item\":\"https:\/\/www.hobstop.ee\/lv\/veikals\/\"},{\"@type\":\"ListItem\",\"position\":3,\"name\":\"Sudraba m\u0101la pulveris Silverdesign\"}]},{\"@type\":\"WebSite\",\"@id\":\"https:\/\/hobstop.ee\/lv\/#website\",\"url\":\"https:\/\/hobstop.ee\/lv\/\",\"name\":\"Skizze\",\"description\":\"M\u0101kslas, hobiju un skolas preces\",\"publisher\":{\"@id\":\"https:\/\/hobstop.ee\/lv\/#organization\"},\"potentialAction\":[{\"@type\":\"SearchAction\",\"target\":{\"@type\":\"EntryPoint\",\"urlTemplate\":\"https:\/\/hobstop.ee\/lv\/?s={search_term_string}\"},\"query-input\":{\"@type\":\"PropertyValueSpecification\",\"valueRequired\":true,\"valueName\":\"search_term_string\"}}],\"inLanguage\":\"lv-LV\"},{\"@type\":\"Organization\",\"@id\":\"https:\/\/hobstop.ee\/lv\/#organization\",\"name\":\"Vunder AS\",\"url\":\"https:\/\/hobstop.ee\/lv\/\",\"logo\":{\"@type\":\"ImageObject\",\"inLanguage\":\"lv-LV\",\"@id\":\"https:\/\/hobstop.ee\/lv\/#\/schema\/logo\/image\/\",\"url\":\"https:\/\/hobstop.ee\/media\/vunder-logo.png\",\"contentUrl\":\"https:\/\/hobstop.ee\/media\/vunder-logo.png\",\"width\":127,\"height\":55,\"caption\":\"Vunder AS\"},\"image\":{\"@id\":\"https:\/\/hobstop.ee\/lv\/#\/schema\/logo\/image\/\"},\"sameAs\":[\"http:\/\/www.facebook.com\/VunderSkizze\"]}]}<\/script>\n<!-- \/ Yoast SEO plugin. -->","yoast_head_json":{"title":"Sudraba m\u0101la pulveris Silverdesign &#8211; Skizze","robots":{"index":"noindex","follow":"follow","max-snippet":"max-snippet:-1","max-image-preview":"max-image-preview:large","max-video-preview":"max-video-preview:-1"},"og_locale":"lv_LV","og_type":"article","og_title":"Sudraba m\u0101la pulveris Silverdesign &#8211; Skizze","og_description":"Silverdesign sudraba m\u0101lu mais\u012bjums ir pulveris, kas samaisot ar \u016bdeni, veido m\u0101liem l\u012bdz\u012bgu masu. Pulveris paredz\u0113ts t\u012bra &#8211; 99,99 procenti, sudraba rotu izgatavo\u0161anai. J\u016bs varat samais\u012bt liel\u0101ku vai maz\u0101ku daudzumu pulvera, lai ieg\u016btu tie\u0161i to daudzumu sudraba m\u0101lu, kas vajadz\u012bgs j\u016bsu projektam. L\u0113n\u0101m pievienojiet destil\u0113tu \u016bdeni ar \u0161\u013circi, l\u012bdz ieg\u016bsiet vair\u0101k vai maz\u0101k vienm\u0113r\u012bgu sudraba m\u0101las masu. J\u016bs varat v\u012bl\u0113t, sl\u012bp\u0113t un sprodrin\u0101t savas rotaslietas veidotas no Silverdesign sudraba m\u0101la. Sausu met\u0101la m\u0101la pulvera mais\u012bjumu varat dro\u0161i uzglab\u0101t neierobezoti ilgi un neraiz\u0113ties, ka tas sakalt\u012bs un k\u013c\u016bs ciets.","og_url":"https:\/\/hobstop.ee\/lv\/produkts\/sudraba-mala-pulveris-silverdesign\/","og_site_name":"Skizze","article_publisher":"http:\/\/www.facebook.com\/VunderSkizze","og_image":[{"width":1024,"height":768,"url":"https:\/\/hobstop.ee\/media\/4756.jpg","type":"image\/jpeg"}],"twitter_card":"summary_large_image","twitter_misc":{"Est. reading time":"1 min\u016b\u0161u"},"schema":{"@context":"https:\/\/schema.org","@graph":[{"@type":"WebPage","@id":"https:\/\/hobstop.ee\/lv\/produkts\/sudraba-mala-pulveris-silverdesign\/","url":"https:\/\/hobstop.ee\/lv\/produkts\/sudraba-mala-pulveris-silverdesign\/","name":"Sudraba m\u0101la pulveris Silverdesign &#8211; Skizze","isPartOf":{"@id":"https:\/\/hobstop.ee\/lv\/#website"},"primaryImageOfPage":{"@id":"https:\/\/hobstop.ee\/lv\/produkts\/sudraba-mala-pulveris-silverdesign\/#primaryimage"},"image":{"@id":"https:\/\/hobstop.ee\/lv\/produkts\/sudraba-mala-pulveris-silverdesign\/#primaryimage"},"thumbnailUrl":"https:\/\/hobstop.ee\/media\/4756.jpg","datePublished":"2018-04-30T10:41:59+00:00","dateModified":"2018-04-30T10:41:59+00:00","breadcrumb":{"@id":"https:\/\/hobstop.ee\/lv\/produkts\/sudraba-mala-pulveris-silverdesign\/#breadcrumb"},"inLanguage":"lv-LV","potentialAction":[{"@type":"ReadAction","target":["https:\/\/hobstop.ee\/lv\/produkts\/sudraba-mala-pulveris-silverdesign\/"]}]},{"@type":"ImageObject","inLanguage":"lv-LV","@id":"https:\/\/hobstop.ee\/lv\/produkts\/sudraba-mala-pulveris-silverdesign\/#primaryimage","url":"https:\/\/hobstop.ee\/media\/4756.jpg","contentUrl":"https:\/\/hobstop.ee\/media\/4756.jpg","width":1024,"height":768},{"@type":"BreadcrumbList","@id":"https:\/\/hobstop.ee\/lv\/produkts\/sudraba-mala-pulveris-silverdesign\/#breadcrumb","itemListElement":[{"@type":"ListItem","position":1,"name":"Avaleht","item":"https:\/\/www.hobstop.ee\/lv\/"},{"@type":"ListItem","position":2,"name":"Veikals","item":"https:\/\/www.hobstop.ee\/lv\/veikals\/"},{"@type":"ListItem","position":3,"name":"Sudraba m\u0101la pulveris Silverdesign"}]},{"@type":"WebSite","@id":"https:\/\/hobstop.ee\/lv\/#website","url":"https:\/\/hobstop.ee\/lv\/","name":"Skizze","description":"M\u0101kslas, hobiju un skolas preces","publisher":{"@id":"https:\/\/hobstop.ee\/lv\/#organization"},"potentialAction":[{"@type":"SearchAction","target":{"@type":"EntryPoint","urlTemplate":"https:\/\/hobstop.ee\/lv\/?s={search_term_string}"},"query-input":{"@type":"PropertyValueSpecification","valueRequired":true,"valueName":"search_term_string"}}],"inLanguage":"lv-LV"},{"@type":"Organization","@id":"https:\/\/hobstop.ee\/lv\/#organization","name":"Vunder AS","url":"https:\/\/hobstop.ee\/lv\/","logo":{"@type":"ImageObject","inLanguage":"lv-LV","@id":"https:\/\/hobstop.ee\/lv\/#\/schema\/logo\/image\/","url":"https:\/\/hobstop.ee\/media\/vunder-logo.png","contentUrl":"https:\/\/hobstop.ee\/media\/vunder-logo.png","width":127,"height":55,"caption":"Vunder AS"},"image":{"@id":"https:\/\/hobstop.ee\/lv\/#\/schema\/logo\/image\/"},"sameAs":["http:\/\/www.facebook.com\/VunderSkizze"]}]}},"_links":{"self":[{"href":"https:\/\/hobstop.ee\/lv\/wp-json\/wp\/v2\/product\/310192","targetHints":{"allow":["GET"]}}],"collection":[{"href":"https:\/\/hobstop.ee\/lv\/wp-json\/wp\/v2\/product"}],"about":[{"href":"https:\/\/hobstop.ee\/lv\/wp-json\/wp\/v2\/types\/product"}],"replies":[{"embeddable":true,"href":"https:\/\/hobstop.ee\/lv\/wp-json\/wp\/v2\/comments?post=310192"}],"wp:featuredmedia":[{"embeddable":true,"href":"https:\/\/hobstop.ee\/lv\/wp-json\/wp\/v2\/media\/310324"}],"wp:attachment":[{"href":"https:\/\/hobstop.ee\/lv\/wp-json\/wp\/v2\/media?parent=310192"}],"wp:term":[{"taxonomy":"product_cat","embeddable":true,"href":"https:\/\/hobstop.ee\/lv\/wp-json\/wp\/v2\/product_cat?post=310192"},{"taxonomy":"product_tag","embeddable":true,"href":"https:\/\/hobstop.ee\/lv\/wp-json\/wp\/v2\/product_tag?post=310192"}],"curies":[{"name":"wp","href":"https:\/\/api.w.org\/{rel}","templated":true}]}}