{"id":310196,"date":"2018-04-30T13:41:59","date_gmt":"2018-04-30T10:41:59","guid":{"rendered":"https:\/\/sharks.ee\/vunder_2019\/lv\/product\/auduma-limlente-rayher-15mmx2-5m-2\/"},"modified":"2018-04-30T13:41:59","modified_gmt":"2018-04-30T10:41:59","slug":"auduma-limlente-rayher-15mmx2-5m-2","status":"publish","type":"product","link":"https:\/\/hobstop.ee\/lv\/produkts\/auduma-limlente-rayher-15mmx2-5m-2\/","title":{"rendered":"Auduma l\u012bmlente Rayher 15mmx2.5m"},"content":{"rendered":"<p>Pievienojiet da\u017eus efektus auduma izstr\u0101d\u0101jumiem! Rayhera auduma lente ir pa\u0161l\u012bm\u0113jo\u0161\u0101 lente ar tekstila virsmu. Piem\u0113rota daudz\u0101m virsm\u0101m, piem\u0113ram, pap\u012bra, koka, plastmasas. Izveidot\u0101s dekor\u0101cijas uz audekla var piestiprin\u0101t, izmantojot gludekli. Ar sk\u0101bi nesaturo\u0161u l\u012bmvielu.<\/p>\n","protected":false},"excerpt":{"rendered":"<p>Pievienojiet da\u017eus efektus auduma izstr\u0101d\u0101jumiem! Rayhera auduma lente ir pa\u0161l\u012bm\u0113jo\u0161\u0101 lente ar tekstila virsmu. Piem\u0113rota daudz\u0101m virsm\u0101m, piem\u0113ram, pap\u012bra, koka, plastmasas. Izveidot\u0101s dekor\u0101cijas uz audekla var piestiprin\u0101t, izmantojot gludekli. Ar sk\u0101bi nesaturo\u0161u l\u012bmvielu.<\/p>\n","protected":false},"featured_media":310328,"comment_status":"closed","ping_status":"closed","template":"","meta":{"_acf_changed":false,"ep_exclude_from_search":false},"product_cat":[17968,18982,17918],"product_tag":[],"class_list":{"0":"post-310196","1":"product","2":"type-product","3":"status-publish","4":"has-post-thumbnail","6":"product_cat-citi-piederumi","7":"product_cat-dazadi-23","8":"product_cat-preces-hobijiem","10":"first","11":"instock","12":"taxable","13":"shipping-taxable","14":"purchasable","15":"product-type-simple"},"acf":[],"yoast_head":"<!-- This site is optimized with the Yoast SEO plugin v24.1 - https:\/\/yoast.com\/wordpress\/plugins\/seo\/ -->\n<title>Auduma l\u012bmlente Rayher 15mmx2.5m &#8211; Skizze<\/title>\n<meta name=\"robots\" content=\"noindex, follow, max-snippet:-1, max-image-preview:large, max-video-preview:-1\" \/>\n<meta property=\"og:locale\" content=\"lv_LV\" \/>\n<meta property=\"og:type\" content=\"article\" \/>\n<meta property=\"og:title\" content=\"Auduma l\u012bmlente Rayher 15mmx2.5m &#8211; Skizze\" \/>\n<meta property=\"og:description\" content=\"Pievienojiet da\u017eus efektus auduma izstr\u0101d\u0101jumiem! Rayhera auduma lente ir pa\u0161l\u012bm\u0113jo\u0161\u0101 lente ar tekstila virsmu. Piem\u0113rota daudz\u0101m virsm\u0101m, piem\u0113ram, pap\u012bra, koka, plastmasas. Izveidot\u0101s dekor\u0101cijas uz audekla var piestiprin\u0101t, izmantojot gludekli. Ar sk\u0101bi nesaturo\u0161u l\u012bmvielu.\" \/>\n<meta property=\"og:url\" content=\"https:\/\/hobstop.ee\/lv\/produkts\/auduma-limlente-rayher-15mmx2-5m-2\/\" \/>\n<meta property=\"og:site_name\" content=\"Skizze\" \/>\n<meta property=\"article:publisher\" content=\"http:\/\/www.facebook.com\/VunderSkizze\" \/>\n<meta property=\"og:image\" content=\"https:\/\/hobstop.ee\/media\/4757.jpg\" \/>\n\t<meta property=\"og:image:width\" content=\"1024\" \/>\n\t<meta property=\"og:image:height\" content=\"768\" \/>\n\t<meta property=\"og:image:type\" content=\"image\/jpeg\" \/>\n<meta name=\"twitter:card\" content=\"summary_large_image\" \/>\n<script type=\"application\/ld+json\" class=\"yoast-schema-graph\">{\"@context\":\"https:\/\/schema.org\",\"@graph\":[{\"@type\":\"WebPage\",\"@id\":\"https:\/\/hobstop.ee\/lv\/produkts\/auduma-limlente-rayher-15mmx2-5m-2\/\",\"url\":\"https:\/\/hobstop.ee\/lv\/produkts\/auduma-limlente-rayher-15mmx2-5m-2\/\",\"name\":\"Auduma l\u012bmlente Rayher 15mmx2.5m &#8211; Skizze\",\"isPartOf\":{\"@id\":\"https:\/\/hobstop.ee\/lv\/#website\"},\"primaryImageOfPage\":{\"@id\":\"https:\/\/hobstop.ee\/lv\/produkts\/auduma-limlente-rayher-15mmx2-5m-2\/#primaryimage\"},\"image\":{\"@id\":\"https:\/\/hobstop.ee\/lv\/produkts\/auduma-limlente-rayher-15mmx2-5m-2\/#primaryimage\"},\"thumbnailUrl\":\"https:\/\/hobstop.ee\/media\/4757.jpg\",\"datePublished\":\"2018-04-30T10:41:59+00:00\",\"dateModified\":\"2018-04-30T10:41:59+00:00\",\"breadcrumb\":{\"@id\":\"https:\/\/hobstop.ee\/lv\/produkts\/auduma-limlente-rayher-15mmx2-5m-2\/#breadcrumb\"},\"inLanguage\":\"lv-LV\",\"potentialAction\":[{\"@type\":\"ReadAction\",\"target\":[\"https:\/\/hobstop.ee\/lv\/produkts\/auduma-limlente-rayher-15mmx2-5m-2\/\"]}]},{\"@type\":\"ImageObject\",\"inLanguage\":\"lv-LV\",\"@id\":\"https:\/\/hobstop.ee\/lv\/produkts\/auduma-limlente-rayher-15mmx2-5m-2\/#primaryimage\",\"url\":\"https:\/\/hobstop.ee\/media\/4757.jpg\",\"contentUrl\":\"https:\/\/hobstop.ee\/media\/4757.jpg\",\"width\":1024,\"height\":768},{\"@type\":\"BreadcrumbList\",\"@id\":\"https:\/\/hobstop.ee\/lv\/produkts\/auduma-limlente-rayher-15mmx2-5m-2\/#breadcrumb\",\"itemListElement\":[{\"@type\":\"ListItem\",\"position\":1,\"name\":\"Avaleht\",\"item\":\"https:\/\/hobstop.ee\/lv\/\"},{\"@type\":\"ListItem\",\"position\":2,\"name\":\"Veikals\",\"item\":\"https:\/\/hobstop.ee\/lv\/veikals\/\"},{\"@type\":\"ListItem\",\"position\":3,\"name\":\"Auduma l\u012bmlente Rayher 15mmx2.5m\"}]},{\"@type\":\"WebSite\",\"@id\":\"https:\/\/hobstop.ee\/lv\/#website\",\"url\":\"https:\/\/hobstop.ee\/lv\/\",\"name\":\"Skizze\",\"description\":\"M\u0101kslas, hobiju un skolas preces\",\"publisher\":{\"@id\":\"https:\/\/hobstop.ee\/lv\/#organization\"},\"potentialAction\":[{\"@type\":\"SearchAction\",\"target\":{\"@type\":\"EntryPoint\",\"urlTemplate\":\"https:\/\/hobstop.ee\/lv\/?s={search_term_string}\"},\"query-input\":{\"@type\":\"PropertyValueSpecification\",\"valueRequired\":true,\"valueName\":\"search_term_string\"}}],\"inLanguage\":\"lv-LV\"},{\"@type\":\"Organization\",\"@id\":\"https:\/\/hobstop.ee\/lv\/#organization\",\"name\":\"Vunder AS\",\"url\":\"https:\/\/hobstop.ee\/lv\/\",\"logo\":{\"@type\":\"ImageObject\",\"inLanguage\":\"lv-LV\",\"@id\":\"https:\/\/hobstop.ee\/lv\/#\/schema\/logo\/image\/\",\"url\":\"https:\/\/hobstop.ee\/media\/vunder-logo.png\",\"contentUrl\":\"https:\/\/hobstop.ee\/media\/vunder-logo.png\",\"width\":127,\"height\":55,\"caption\":\"Vunder AS\"},\"image\":{\"@id\":\"https:\/\/hobstop.ee\/lv\/#\/schema\/logo\/image\/\"},\"sameAs\":[\"http:\/\/www.facebook.com\/VunderSkizze\"]}]}<\/script>\n<!-- \/ Yoast SEO plugin. -->","yoast_head_json":{"title":"Auduma l\u012bmlente Rayher 15mmx2.5m &#8211; Skizze","robots":{"index":"noindex","follow":"follow","max-snippet":"max-snippet:-1","max-image-preview":"max-image-preview:large","max-video-preview":"max-video-preview:-1"},"og_locale":"lv_LV","og_type":"article","og_title":"Auduma l\u012bmlente Rayher 15mmx2.5m &#8211; Skizze","og_description":"Pievienojiet da\u017eus efektus auduma izstr\u0101d\u0101jumiem! Rayhera auduma lente ir pa\u0161l\u012bm\u0113jo\u0161\u0101 lente ar tekstila virsmu. Piem\u0113rota daudz\u0101m virsm\u0101m, piem\u0113ram, pap\u012bra, koka, plastmasas. Izveidot\u0101s dekor\u0101cijas uz audekla var piestiprin\u0101t, izmantojot gludekli. Ar sk\u0101bi nesaturo\u0161u l\u012bmvielu.","og_url":"https:\/\/hobstop.ee\/lv\/produkts\/auduma-limlente-rayher-15mmx2-5m-2\/","og_site_name":"Skizze","article_publisher":"http:\/\/www.facebook.com\/VunderSkizze","og_image":[{"width":1024,"height":768,"url":"https:\/\/hobstop.ee\/media\/4757.jpg","type":"image\/jpeg"}],"twitter_card":"summary_large_image","schema":{"@context":"https:\/\/schema.org","@graph":[{"@type":"WebPage","@id":"https:\/\/hobstop.ee\/lv\/produkts\/auduma-limlente-rayher-15mmx2-5m-2\/","url":"https:\/\/hobstop.ee\/lv\/produkts\/auduma-limlente-rayher-15mmx2-5m-2\/","name":"Auduma l\u012bmlente Rayher 15mmx2.5m &#8211; Skizze","isPartOf":{"@id":"https:\/\/hobstop.ee\/lv\/#website"},"primaryImageOfPage":{"@id":"https:\/\/hobstop.ee\/lv\/produkts\/auduma-limlente-rayher-15mmx2-5m-2\/#primaryimage"},"image":{"@id":"https:\/\/hobstop.ee\/lv\/produkts\/auduma-limlente-rayher-15mmx2-5m-2\/#primaryimage"},"thumbnailUrl":"https:\/\/hobstop.ee\/media\/4757.jpg","datePublished":"2018-04-30T10:41:59+00:00","dateModified":"2018-04-30T10:41:59+00:00","breadcrumb":{"@id":"https:\/\/hobstop.ee\/lv\/produkts\/auduma-limlente-rayher-15mmx2-5m-2\/#breadcrumb"},"inLanguage":"lv-LV","potentialAction":[{"@type":"ReadAction","target":["https:\/\/hobstop.ee\/lv\/produkts\/auduma-limlente-rayher-15mmx2-5m-2\/"]}]},{"@type":"ImageObject","inLanguage":"lv-LV","@id":"https:\/\/hobstop.ee\/lv\/produkts\/auduma-limlente-rayher-15mmx2-5m-2\/#primaryimage","url":"https:\/\/hobstop.ee\/media\/4757.jpg","contentUrl":"https:\/\/hobstop.ee\/media\/4757.jpg","width":1024,"height":768},{"@type":"BreadcrumbList","@id":"https:\/\/hobstop.ee\/lv\/produkts\/auduma-limlente-rayher-15mmx2-5m-2\/#breadcrumb","itemListElement":[{"@type":"ListItem","position":1,"name":"Avaleht","item":"https:\/\/hobstop.ee\/lv\/"},{"@type":"ListItem","position":2,"name":"Veikals","item":"https:\/\/hobstop.ee\/lv\/veikals\/"},{"@type":"ListItem","position":3,"name":"Auduma l\u012bmlente Rayher 15mmx2.5m"}]},{"@type":"WebSite","@id":"https:\/\/hobstop.ee\/lv\/#website","url":"https:\/\/hobstop.ee\/lv\/","name":"Skizze","description":"M\u0101kslas, hobiju un skolas preces","publisher":{"@id":"https:\/\/hobstop.ee\/lv\/#organization"},"potentialAction":[{"@type":"SearchAction","target":{"@type":"EntryPoint","urlTemplate":"https:\/\/hobstop.ee\/lv\/?s={search_term_string}"},"query-input":{"@type":"PropertyValueSpecification","valueRequired":true,"valueName":"search_term_string"}}],"inLanguage":"lv-LV"},{"@type":"Organization","@id":"https:\/\/hobstop.ee\/lv\/#organization","name":"Vunder AS","url":"https:\/\/hobstop.ee\/lv\/","logo":{"@type":"ImageObject","inLanguage":"lv-LV","@id":"https:\/\/hobstop.ee\/lv\/#\/schema\/logo\/image\/","url":"https:\/\/hobstop.ee\/media\/vunder-logo.png","contentUrl":"https:\/\/hobstop.ee\/media\/vunder-logo.png","width":127,"height":55,"caption":"Vunder AS"},"image":{"@id":"https:\/\/hobstop.ee\/lv\/#\/schema\/logo\/image\/"},"sameAs":["http:\/\/www.facebook.com\/VunderSkizze"]}]}},"_links":{"self":[{"href":"https:\/\/hobstop.ee\/lv\/wp-json\/wp\/v2\/product\/310196","targetHints":{"allow":["GET"]}}],"collection":[{"href":"https:\/\/hobstop.ee\/lv\/wp-json\/wp\/v2\/product"}],"about":[{"href":"https:\/\/hobstop.ee\/lv\/wp-json\/wp\/v2\/types\/product"}],"replies":[{"embeddable":true,"href":"https:\/\/hobstop.ee\/lv\/wp-json\/wp\/v2\/comments?post=310196"}],"wp:featuredmedia":[{"embeddable":true,"href":"https:\/\/hobstop.ee\/lv\/wp-json\/wp\/v2\/media\/310328"}],"wp:attachment":[{"href":"https:\/\/hobstop.ee\/lv\/wp-json\/wp\/v2\/media?parent=310196"}],"wp:term":[{"taxonomy":"product_cat","embeddable":true,"href":"https:\/\/hobstop.ee\/lv\/wp-json\/wp\/v2\/product_cat?post=310196"},{"taxonomy":"product_tag","embeddable":true,"href":"https:\/\/hobstop.ee\/lv\/wp-json\/wp\/v2\/product_tag?post=310196"}],"curies":[{"name":"wp","href":"https:\/\/api.w.org\/{rel}","templated":true}]}}