{"id":311887,"date":"2018-06-28T14:14:53","date_gmt":"2018-06-28T11:14:53","guid":{"rendered":"https:\/\/sharks.ee\/vunder_2019\/lv\/product\/mozaikas-akmeni-rayher-artdecor-1x1cm\/"},"modified":"2018-06-28T14:14:53","modified_gmt":"2018-06-28T11:14:53","slug":"mozaikas-akmeni-rayher-artdecor-1x1cm","status":"publish","type":"product","link":"https:\/\/hobstop.ee\/lv\/produkts\/mozaikas-akmeni-rayher-artdecor-1x1cm\/","title":{"rendered":"Moza\u012bkas akme\u0146i Rayher ArtDecor 1x1cm"},"content":{"rendered":"<p>Rayher ArtDecor stikla moza\u012bkas akme\u0146iem ir veidoti konkr\u0113t\u0101 form\u0101, tie nav griezti k\u0101 parastie Tiffany stikla moza\u012bkas akme\u0146i. To virsma ir gluda un atg\u0101dina akmeni. Apak\u0161da\u013ca ir nel\u012bdzena, kas nodro\u0161ina l\u012bmei daudz vair\u0101k vietas. Neb\u0101l\u0113, iztur\u012bgi pret salu un skr\u0101p\u0113jumiem k\u0101 ar\u012b nav j\u016bt\u012bgi pret sk\u0101bju un s\u0101rmu iedarb\u012bbu un temperat\u016bras sv\u0101rst\u012bb\u0101m.<\/p>\n","protected":false},"excerpt":{"rendered":"<p>Rayher ArtDecor stikla moza\u012bkas akme\u0146iem ir veidoti konkr\u0113t\u0101 form\u0101, tie nav griezti k\u0101 parastie Tiffany stikla moza\u012bkas akme\u0146i. To virsma ir gluda un atg\u0101dina akmeni. Apak\u0161da\u013ca ir nel\u012bdzena, kas nodro\u0161ina l\u012bmei daudz vair\u0101k vietas. Neb\u0101l\u0113, iztur\u012bgi pret salu un skr\u0101p\u0113jumiem k\u0101 ar\u012b nav j\u016bt\u012bgi pret sk\u0101bju un s\u0101rmu iedarb\u012bbu un temperat\u016bras sv\u0101rst\u012bb\u0101m.<\/p>\n","protected":false},"featured_media":312930,"comment_status":"closed","ping_status":"closed","template":"","meta":{"_acf_changed":false,"ep_exclude_from_search":false},"product_cat":[20244,20247,17918],"product_tag":[],"class_list":{"0":"post-311887","1":"product","2":"type-product","3":"status-publish","4":"has-post-thumbnail","6":"product_cat-mozaika","7":"product_cat-mozaikas-akmeni","8":"product_cat-preces-hobijiem","10":"first","11":"instock","12":"taxable","13":"shipping-taxable","14":"product-type-simple"},"acf":[],"yoast_head":"<!-- This site is optimized with the Yoast SEO plugin v24.1 - https:\/\/yoast.com\/wordpress\/plugins\/seo\/ -->\n<title>Moza\u012bkas akme\u0146i Rayher ArtDecor 1x1cm &#8211; Skizze<\/title>\n<meta name=\"robots\" content=\"noindex, follow, max-snippet:-1, max-image-preview:large, max-video-preview:-1\" \/>\n<meta property=\"og:locale\" content=\"lv_LV\" \/>\n<meta property=\"og:type\" content=\"article\" \/>\n<meta property=\"og:title\" content=\"Moza\u012bkas akme\u0146i Rayher ArtDecor 1x1cm &#8211; Skizze\" \/>\n<meta property=\"og:description\" content=\"Rayher ArtDecor stikla moza\u012bkas akme\u0146iem ir veidoti konkr\u0113t\u0101 form\u0101, tie nav griezti k\u0101 parastie Tiffany stikla moza\u012bkas akme\u0146i. To virsma ir gluda un atg\u0101dina akmeni. Apak\u0161da\u013ca ir nel\u012bdzena, kas nodro\u0161ina l\u012bmei daudz vair\u0101k vietas. Neb\u0101l\u0113, iztur\u012bgi pret salu un skr\u0101p\u0113jumiem k\u0101 ar\u012b nav j\u016bt\u012bgi pret sk\u0101bju un s\u0101rmu iedarb\u012bbu un temperat\u016bras sv\u0101rst\u012bb\u0101m.\" \/>\n<meta property=\"og:url\" content=\"https:\/\/hobstop.ee\/lv\/produkts\/mozaikas-akmeni-rayher-artdecor-1x1cm\/\" \/>\n<meta property=\"og:site_name\" content=\"Skizze\" \/>\n<meta property=\"article:publisher\" content=\"http:\/\/www.facebook.com\/VunderSkizze\" \/>\n<meta property=\"og:image\" content=\"https:\/\/hobstop.ee\/media\/4669.jpg\" \/>\n\t<meta property=\"og:image:width\" content=\"1024\" \/>\n\t<meta property=\"og:image:height\" content=\"768\" \/>\n\t<meta property=\"og:image:type\" content=\"image\/jpeg\" \/>\n<meta name=\"twitter:card\" content=\"summary_large_image\" \/>\n<script type=\"application\/ld+json\" class=\"yoast-schema-graph\">{\"@context\":\"https:\/\/schema.org\",\"@graph\":[{\"@type\":\"WebPage\",\"@id\":\"https:\/\/hobstop.ee\/lv\/produkts\/mozaikas-akmeni-rayher-artdecor-1x1cm\/\",\"url\":\"https:\/\/hobstop.ee\/lv\/produkts\/mozaikas-akmeni-rayher-artdecor-1x1cm\/\",\"name\":\"Moza\u012bkas akme\u0146i Rayher ArtDecor 1x1cm &#8211; Skizze\",\"isPartOf\":{\"@id\":\"https:\/\/hobstop.ee\/lv\/#website\"},\"primaryImageOfPage\":{\"@id\":\"https:\/\/hobstop.ee\/lv\/produkts\/mozaikas-akmeni-rayher-artdecor-1x1cm\/#primaryimage\"},\"image\":{\"@id\":\"https:\/\/hobstop.ee\/lv\/produkts\/mozaikas-akmeni-rayher-artdecor-1x1cm\/#primaryimage\"},\"thumbnailUrl\":\"https:\/\/hobstop.ee\/media\/4669.jpg\",\"datePublished\":\"2018-06-28T11:14:53+00:00\",\"dateModified\":\"2018-06-28T11:14:53+00:00\",\"breadcrumb\":{\"@id\":\"https:\/\/hobstop.ee\/lv\/produkts\/mozaikas-akmeni-rayher-artdecor-1x1cm\/#breadcrumb\"},\"inLanguage\":\"lv-LV\",\"potentialAction\":[{\"@type\":\"ReadAction\",\"target\":[\"https:\/\/hobstop.ee\/lv\/produkts\/mozaikas-akmeni-rayher-artdecor-1x1cm\/\"]}]},{\"@type\":\"ImageObject\",\"inLanguage\":\"lv-LV\",\"@id\":\"https:\/\/hobstop.ee\/lv\/produkts\/mozaikas-akmeni-rayher-artdecor-1x1cm\/#primaryimage\",\"url\":\"https:\/\/hobstop.ee\/media\/4669.jpg\",\"contentUrl\":\"https:\/\/hobstop.ee\/media\/4669.jpg\",\"width\":1024,\"height\":768},{\"@type\":\"BreadcrumbList\",\"@id\":\"https:\/\/hobstop.ee\/lv\/produkts\/mozaikas-akmeni-rayher-artdecor-1x1cm\/#breadcrumb\",\"itemListElement\":[{\"@type\":\"ListItem\",\"position\":1,\"name\":\"Avaleht\",\"item\":\"https:\/\/www.hobstop.ee\/lv\/\"},{\"@type\":\"ListItem\",\"position\":2,\"name\":\"Veikals\",\"item\":\"https:\/\/www.hobstop.ee\/lv\/veikals\/\"},{\"@type\":\"ListItem\",\"position\":3,\"name\":\"Moza\u012bkas akme\u0146i Rayher ArtDecor 1x1cm\"}]},{\"@type\":\"WebSite\",\"@id\":\"https:\/\/hobstop.ee\/lv\/#website\",\"url\":\"https:\/\/hobstop.ee\/lv\/\",\"name\":\"Skizze\",\"description\":\"M\u0101kslas, hobiju un skolas preces\",\"publisher\":{\"@id\":\"https:\/\/hobstop.ee\/lv\/#organization\"},\"potentialAction\":[{\"@type\":\"SearchAction\",\"target\":{\"@type\":\"EntryPoint\",\"urlTemplate\":\"https:\/\/hobstop.ee\/lv\/?s={search_term_string}\"},\"query-input\":{\"@type\":\"PropertyValueSpecification\",\"valueRequired\":true,\"valueName\":\"search_term_string\"}}],\"inLanguage\":\"lv-LV\"},{\"@type\":\"Organization\",\"@id\":\"https:\/\/hobstop.ee\/lv\/#organization\",\"name\":\"Vunder AS\",\"url\":\"https:\/\/hobstop.ee\/lv\/\",\"logo\":{\"@type\":\"ImageObject\",\"inLanguage\":\"lv-LV\",\"@id\":\"https:\/\/hobstop.ee\/lv\/#\/schema\/logo\/image\/\",\"url\":\"https:\/\/hobstop.ee\/media\/vunder-logo.png\",\"contentUrl\":\"https:\/\/hobstop.ee\/media\/vunder-logo.png\",\"width\":127,\"height\":55,\"caption\":\"Vunder AS\"},\"image\":{\"@id\":\"https:\/\/hobstop.ee\/lv\/#\/schema\/logo\/image\/\"},\"sameAs\":[\"http:\/\/www.facebook.com\/VunderSkizze\"]}]}<\/script>\n<!-- \/ Yoast SEO plugin. -->","yoast_head_json":{"title":"Moza\u012bkas akme\u0146i Rayher ArtDecor 1x1cm &#8211; Skizze","robots":{"index":"noindex","follow":"follow","max-snippet":"max-snippet:-1","max-image-preview":"max-image-preview:large","max-video-preview":"max-video-preview:-1"},"og_locale":"lv_LV","og_type":"article","og_title":"Moza\u012bkas akme\u0146i Rayher ArtDecor 1x1cm &#8211; Skizze","og_description":"Rayher ArtDecor stikla moza\u012bkas akme\u0146iem ir veidoti konkr\u0113t\u0101 form\u0101, tie nav griezti k\u0101 parastie Tiffany stikla moza\u012bkas akme\u0146i. To virsma ir gluda un atg\u0101dina akmeni. Apak\u0161da\u013ca ir nel\u012bdzena, kas nodro\u0161ina l\u012bmei daudz vair\u0101k vietas. Neb\u0101l\u0113, iztur\u012bgi pret salu un skr\u0101p\u0113jumiem k\u0101 ar\u012b nav j\u016bt\u012bgi pret sk\u0101bju un s\u0101rmu iedarb\u012bbu un temperat\u016bras sv\u0101rst\u012bb\u0101m.","og_url":"https:\/\/hobstop.ee\/lv\/produkts\/mozaikas-akmeni-rayher-artdecor-1x1cm\/","og_site_name":"Skizze","article_publisher":"http:\/\/www.facebook.com\/VunderSkizze","og_image":[{"width":1024,"height":768,"url":"https:\/\/hobstop.ee\/media\/4669.jpg","type":"image\/jpeg"}],"twitter_card":"summary_large_image","schema":{"@context":"https:\/\/schema.org","@graph":[{"@type":"WebPage","@id":"https:\/\/hobstop.ee\/lv\/produkts\/mozaikas-akmeni-rayher-artdecor-1x1cm\/","url":"https:\/\/hobstop.ee\/lv\/produkts\/mozaikas-akmeni-rayher-artdecor-1x1cm\/","name":"Moza\u012bkas akme\u0146i Rayher ArtDecor 1x1cm &#8211; Skizze","isPartOf":{"@id":"https:\/\/hobstop.ee\/lv\/#website"},"primaryImageOfPage":{"@id":"https:\/\/hobstop.ee\/lv\/produkts\/mozaikas-akmeni-rayher-artdecor-1x1cm\/#primaryimage"},"image":{"@id":"https:\/\/hobstop.ee\/lv\/produkts\/mozaikas-akmeni-rayher-artdecor-1x1cm\/#primaryimage"},"thumbnailUrl":"https:\/\/hobstop.ee\/media\/4669.jpg","datePublished":"2018-06-28T11:14:53+00:00","dateModified":"2018-06-28T11:14:53+00:00","breadcrumb":{"@id":"https:\/\/hobstop.ee\/lv\/produkts\/mozaikas-akmeni-rayher-artdecor-1x1cm\/#breadcrumb"},"inLanguage":"lv-LV","potentialAction":[{"@type":"ReadAction","target":["https:\/\/hobstop.ee\/lv\/produkts\/mozaikas-akmeni-rayher-artdecor-1x1cm\/"]}]},{"@type":"ImageObject","inLanguage":"lv-LV","@id":"https:\/\/hobstop.ee\/lv\/produkts\/mozaikas-akmeni-rayher-artdecor-1x1cm\/#primaryimage","url":"https:\/\/hobstop.ee\/media\/4669.jpg","contentUrl":"https:\/\/hobstop.ee\/media\/4669.jpg","width":1024,"height":768},{"@type":"BreadcrumbList","@id":"https:\/\/hobstop.ee\/lv\/produkts\/mozaikas-akmeni-rayher-artdecor-1x1cm\/#breadcrumb","itemListElement":[{"@type":"ListItem","position":1,"name":"Avaleht","item":"https:\/\/www.hobstop.ee\/lv\/"},{"@type":"ListItem","position":2,"name":"Veikals","item":"https:\/\/www.hobstop.ee\/lv\/veikals\/"},{"@type":"ListItem","position":3,"name":"Moza\u012bkas akme\u0146i Rayher ArtDecor 1x1cm"}]},{"@type":"WebSite","@id":"https:\/\/hobstop.ee\/lv\/#website","url":"https:\/\/hobstop.ee\/lv\/","name":"Skizze","description":"M\u0101kslas, hobiju un skolas preces","publisher":{"@id":"https:\/\/hobstop.ee\/lv\/#organization"},"potentialAction":[{"@type":"SearchAction","target":{"@type":"EntryPoint","urlTemplate":"https:\/\/hobstop.ee\/lv\/?s={search_term_string}"},"query-input":{"@type":"PropertyValueSpecification","valueRequired":true,"valueName":"search_term_string"}}],"inLanguage":"lv-LV"},{"@type":"Organization","@id":"https:\/\/hobstop.ee\/lv\/#organization","name":"Vunder AS","url":"https:\/\/hobstop.ee\/lv\/","logo":{"@type":"ImageObject","inLanguage":"lv-LV","@id":"https:\/\/hobstop.ee\/lv\/#\/schema\/logo\/image\/","url":"https:\/\/hobstop.ee\/media\/vunder-logo.png","contentUrl":"https:\/\/hobstop.ee\/media\/vunder-logo.png","width":127,"height":55,"caption":"Vunder AS"},"image":{"@id":"https:\/\/hobstop.ee\/lv\/#\/schema\/logo\/image\/"},"sameAs":["http:\/\/www.facebook.com\/VunderSkizze"]}]}},"_links":{"self":[{"href":"https:\/\/hobstop.ee\/lv\/wp-json\/wp\/v2\/product\/311887","targetHints":{"allow":["GET"]}}],"collection":[{"href":"https:\/\/hobstop.ee\/lv\/wp-json\/wp\/v2\/product"}],"about":[{"href":"https:\/\/hobstop.ee\/lv\/wp-json\/wp\/v2\/types\/product"}],"replies":[{"embeddable":true,"href":"https:\/\/hobstop.ee\/lv\/wp-json\/wp\/v2\/comments?post=311887"}],"wp:featuredmedia":[{"embeddable":true,"href":"https:\/\/hobstop.ee\/lv\/wp-json\/wp\/v2\/media\/312930"}],"wp:attachment":[{"href":"https:\/\/hobstop.ee\/lv\/wp-json\/wp\/v2\/media?parent=311887"}],"wp:term":[{"taxonomy":"product_cat","embeddable":true,"href":"https:\/\/hobstop.ee\/lv\/wp-json\/wp\/v2\/product_cat?post=311887"},{"taxonomy":"product_tag","embeddable":true,"href":"https:\/\/hobstop.ee\/lv\/wp-json\/wp\/v2\/product_tag?post=311887"}],"curies":[{"name":"wp","href":"https:\/\/api.w.org\/{rel}","templated":true}]}}