{"id":311919,"date":"2018-06-28T14:15:05","date_gmt":"2018-06-28T11:15:05","guid":{"rendered":"https:\/\/sharks.ee\/vunder_2019\/lv\/product\/mozaikas-akmeni-rayher-ceramica\/"},"modified":"2018-06-28T14:15:05","modified_gmt":"2018-06-28T11:15:05","slug":"mozaikas-akmeni-rayher-ceramica","status":"publish","type":"product","link":"https:\/\/hobstop.ee\/lv\/produkts\/mozaikas-akmeni-rayher-ceramica\/","title":{"rendered":"Moza\u012bkas akme\u0146i Rayher Ceramica"},"content":{"rendered":"<p>Moza\u012bkas akme\u0146us no keramikas moza\u012bkas darbu veik\u0161anai izmantoja jau feni\u0137ie\u0161i. Rayher Ceramica s\u0113rijas moza\u012bkas akme\u0146i balst\u0101s uz \u0161o trad\u012bciju. Formas nav grieztas vien\u0101di, augstums mazliet main\u0101s, un akme\u0146u virsma at\u0161\u0137iras. Nelielas kr\u0101su at\u0161\u0137ir\u012bbas uzsver dabiskumu. Izmantot ar, piem., met\u0101lu, koku, papj\u0113ma\u0161\u0113, stiklu utt. Var griezt ar \u0161\u0137\u0113r\u0113m. Ugunsdro\u0161i un piem\u0113roti izmanto\u0161anai \u0101rpus telp\u0101m.<\/p>\n","protected":false},"excerpt":{"rendered":"<p>Moza\u012bkas akme\u0146us no keramikas moza\u012bkas darbu veik\u0161anai izmantoja jau feni\u0137ie\u0161i. Rayher Ceramica s\u0113rijas moza\u012bkas akme\u0146i balst\u0101s uz \u0161o trad\u012bciju. Formas nav grieztas vien\u0101di, augstums mazliet main\u0101s, un akme\u0146u virsma at\u0161\u0137iras. Nelielas kr\u0101su at\u0161\u0137ir\u012bbas uzsver dabiskumu. Izmantot ar, piem., met\u0101lu, koku, papj\u0113ma\u0161\u0113, stiklu utt. Var griezt ar \u0161\u0137\u0113r\u0113m. Ugunsdro\u0161i un piem\u0113roti izmanto\u0161anai \u0101rpus telp\u0101m.<\/p>\n","protected":false},"featured_media":313166,"comment_status":"closed","ping_status":"closed","template":"","meta":{"_acf_changed":false,"ep_exclude_from_search":false},"product_cat":[20244,20247,17918],"product_tag":[],"class_list":{"0":"post-311919","1":"product","2":"type-product","3":"status-publish","4":"has-post-thumbnail","6":"product_cat-mozaika","7":"product_cat-mozaikas-akmeni","8":"product_cat-preces-hobijiem","10":"first","11":"instock","12":"taxable","13":"shipping-taxable","14":"product-type-simple"},"acf":[],"yoast_head":"<!-- This site is optimized with the Yoast SEO plugin v24.1 - https:\/\/yoast.com\/wordpress\/plugins\/seo\/ -->\n<title>Moza\u012bkas akme\u0146i Rayher Ceramica &#8211; Skizze<\/title>\n<meta name=\"robots\" content=\"noindex, follow, max-snippet:-1, max-image-preview:large, max-video-preview:-1\" \/>\n<meta property=\"og:locale\" content=\"lv_LV\" \/>\n<meta property=\"og:type\" content=\"article\" \/>\n<meta property=\"og:title\" content=\"Moza\u012bkas akme\u0146i Rayher Ceramica &#8211; Skizze\" \/>\n<meta property=\"og:description\" content=\"Moza\u012bkas akme\u0146us no keramikas moza\u012bkas darbu veik\u0161anai izmantoja jau feni\u0137ie\u0161i. Rayher Ceramica s\u0113rijas moza\u012bkas akme\u0146i balst\u0101s uz \u0161o trad\u012bciju. Formas nav grieztas vien\u0101di, augstums mazliet main\u0101s, un akme\u0146u virsma at\u0161\u0137iras. Nelielas kr\u0101su at\u0161\u0137ir\u012bbas uzsver dabiskumu. Izmantot ar, piem., met\u0101lu, koku, papj\u0113ma\u0161\u0113, stiklu utt. Var griezt ar \u0161\u0137\u0113r\u0113m. Ugunsdro\u0161i un piem\u0113roti izmanto\u0161anai \u0101rpus telp\u0101m.\" \/>\n<meta property=\"og:url\" content=\"https:\/\/hobstop.ee\/lv\/produkts\/mozaikas-akmeni-rayher-ceramica\/\" \/>\n<meta property=\"og:site_name\" content=\"Skizze\" \/>\n<meta property=\"article:publisher\" content=\"http:\/\/www.facebook.com\/VunderSkizze\" \/>\n<meta property=\"og:image\" content=\"https:\/\/www.hobstop.ee\/media\/4724.jpg\" \/>\n\t<meta property=\"og:image:width\" content=\"1024\" \/>\n\t<meta property=\"og:image:height\" content=\"769\" \/>\n\t<meta property=\"og:image:type\" content=\"image\/jpeg\" \/>\n<meta name=\"twitter:card\" content=\"summary_large_image\" \/>\n<script type=\"application\/ld+json\" class=\"yoast-schema-graph\">{\"@context\":\"https:\/\/schema.org\",\"@graph\":[{\"@type\":\"WebPage\",\"@id\":\"https:\/\/hobstop.ee\/lv\/produkts\/mozaikas-akmeni-rayher-ceramica\/\",\"url\":\"https:\/\/hobstop.ee\/lv\/produkts\/mozaikas-akmeni-rayher-ceramica\/\",\"name\":\"Moza\u012bkas akme\u0146i Rayher Ceramica &#8211; Skizze\",\"isPartOf\":{\"@id\":\"https:\/\/hobstop.ee\/lv\/#website\"},\"primaryImageOfPage\":{\"@id\":\"https:\/\/hobstop.ee\/lv\/produkts\/mozaikas-akmeni-rayher-ceramica\/#primaryimage\"},\"image\":{\"@id\":\"https:\/\/hobstop.ee\/lv\/produkts\/mozaikas-akmeni-rayher-ceramica\/#primaryimage\"},\"thumbnailUrl\":\"https:\/\/hobstop.ee\/media\/4724.jpg\",\"datePublished\":\"2018-06-28T11:15:05+00:00\",\"dateModified\":\"2018-06-28T11:15:05+00:00\",\"breadcrumb\":{\"@id\":\"https:\/\/hobstop.ee\/lv\/produkts\/mozaikas-akmeni-rayher-ceramica\/#breadcrumb\"},\"inLanguage\":\"lv-LV\",\"potentialAction\":[{\"@type\":\"ReadAction\",\"target\":[\"https:\/\/hobstop.ee\/lv\/produkts\/mozaikas-akmeni-rayher-ceramica\/\"]}]},{\"@type\":\"ImageObject\",\"inLanguage\":\"lv-LV\",\"@id\":\"https:\/\/hobstop.ee\/lv\/produkts\/mozaikas-akmeni-rayher-ceramica\/#primaryimage\",\"url\":\"https:\/\/hobstop.ee\/media\/4724.jpg\",\"contentUrl\":\"https:\/\/hobstop.ee\/media\/4724.jpg\",\"width\":1024,\"height\":769},{\"@type\":\"BreadcrumbList\",\"@id\":\"https:\/\/hobstop.ee\/lv\/produkts\/mozaikas-akmeni-rayher-ceramica\/#breadcrumb\",\"itemListElement\":[{\"@type\":\"ListItem\",\"position\":1,\"name\":\"Avaleht\",\"item\":\"https:\/\/hobstop.ee\/lv\/\"},{\"@type\":\"ListItem\",\"position\":2,\"name\":\"Veikals\",\"item\":\"https:\/\/hobstop.ee\/lv\/veikals\/\"},{\"@type\":\"ListItem\",\"position\":3,\"name\":\"Moza\u012bkas akme\u0146i Rayher Ceramica\"}]},{\"@type\":\"WebSite\",\"@id\":\"https:\/\/hobstop.ee\/lv\/#website\",\"url\":\"https:\/\/hobstop.ee\/lv\/\",\"name\":\"Skizze\",\"description\":\"M\u0101kslas, hobiju un skolas preces\",\"publisher\":{\"@id\":\"https:\/\/hobstop.ee\/lv\/#organization\"},\"potentialAction\":[{\"@type\":\"SearchAction\",\"target\":{\"@type\":\"EntryPoint\",\"urlTemplate\":\"https:\/\/hobstop.ee\/lv\/?s={search_term_string}\"},\"query-input\":{\"@type\":\"PropertyValueSpecification\",\"valueRequired\":true,\"valueName\":\"search_term_string\"}}],\"inLanguage\":\"lv-LV\"},{\"@type\":\"Organization\",\"@id\":\"https:\/\/hobstop.ee\/lv\/#organization\",\"name\":\"Vunder AS\",\"url\":\"https:\/\/hobstop.ee\/lv\/\",\"logo\":{\"@type\":\"ImageObject\",\"inLanguage\":\"lv-LV\",\"@id\":\"https:\/\/hobstop.ee\/lv\/#\/schema\/logo\/image\/\",\"url\":\"https:\/\/hobstop.ee\/media\/vunder-logo.png\",\"contentUrl\":\"https:\/\/hobstop.ee\/media\/vunder-logo.png\",\"width\":127,\"height\":55,\"caption\":\"Vunder AS\"},\"image\":{\"@id\":\"https:\/\/hobstop.ee\/lv\/#\/schema\/logo\/image\/\"},\"sameAs\":[\"http:\/\/www.facebook.com\/VunderSkizze\"]}]}<\/script>\n<!-- \/ Yoast SEO plugin. -->","yoast_head_json":{"title":"Moza\u012bkas akme\u0146i Rayher Ceramica &#8211; Skizze","robots":{"index":"noindex","follow":"follow","max-snippet":"max-snippet:-1","max-image-preview":"max-image-preview:large","max-video-preview":"max-video-preview:-1"},"og_locale":"lv_LV","og_type":"article","og_title":"Moza\u012bkas akme\u0146i Rayher Ceramica &#8211; Skizze","og_description":"Moza\u012bkas akme\u0146us no keramikas moza\u012bkas darbu veik\u0161anai izmantoja jau feni\u0137ie\u0161i. Rayher Ceramica s\u0113rijas moza\u012bkas akme\u0146i balst\u0101s uz \u0161o trad\u012bciju. Formas nav grieztas vien\u0101di, augstums mazliet main\u0101s, un akme\u0146u virsma at\u0161\u0137iras. Nelielas kr\u0101su at\u0161\u0137ir\u012bbas uzsver dabiskumu. Izmantot ar, piem., met\u0101lu, koku, papj\u0113ma\u0161\u0113, stiklu utt. Var griezt ar \u0161\u0137\u0113r\u0113m. Ugunsdro\u0161i un piem\u0113roti izmanto\u0161anai \u0101rpus telp\u0101m.","og_url":"https:\/\/hobstop.ee\/lv\/produkts\/mozaikas-akmeni-rayher-ceramica\/","og_site_name":"Skizze","article_publisher":"http:\/\/www.facebook.com\/VunderSkizze","og_image":[{"width":1024,"height":769,"url":"https:\/\/www.hobstop.ee\/media\/4724.jpg","type":"image\/jpeg"}],"twitter_card":"summary_large_image","schema":{"@context":"https:\/\/schema.org","@graph":[{"@type":"WebPage","@id":"https:\/\/hobstop.ee\/lv\/produkts\/mozaikas-akmeni-rayher-ceramica\/","url":"https:\/\/hobstop.ee\/lv\/produkts\/mozaikas-akmeni-rayher-ceramica\/","name":"Moza\u012bkas akme\u0146i Rayher Ceramica &#8211; Skizze","isPartOf":{"@id":"https:\/\/hobstop.ee\/lv\/#website"},"primaryImageOfPage":{"@id":"https:\/\/hobstop.ee\/lv\/produkts\/mozaikas-akmeni-rayher-ceramica\/#primaryimage"},"image":{"@id":"https:\/\/hobstop.ee\/lv\/produkts\/mozaikas-akmeni-rayher-ceramica\/#primaryimage"},"thumbnailUrl":"https:\/\/hobstop.ee\/media\/4724.jpg","datePublished":"2018-06-28T11:15:05+00:00","dateModified":"2018-06-28T11:15:05+00:00","breadcrumb":{"@id":"https:\/\/hobstop.ee\/lv\/produkts\/mozaikas-akmeni-rayher-ceramica\/#breadcrumb"},"inLanguage":"lv-LV","potentialAction":[{"@type":"ReadAction","target":["https:\/\/hobstop.ee\/lv\/produkts\/mozaikas-akmeni-rayher-ceramica\/"]}]},{"@type":"ImageObject","inLanguage":"lv-LV","@id":"https:\/\/hobstop.ee\/lv\/produkts\/mozaikas-akmeni-rayher-ceramica\/#primaryimage","url":"https:\/\/hobstop.ee\/media\/4724.jpg","contentUrl":"https:\/\/hobstop.ee\/media\/4724.jpg","width":1024,"height":769},{"@type":"BreadcrumbList","@id":"https:\/\/hobstop.ee\/lv\/produkts\/mozaikas-akmeni-rayher-ceramica\/#breadcrumb","itemListElement":[{"@type":"ListItem","position":1,"name":"Avaleht","item":"https:\/\/hobstop.ee\/lv\/"},{"@type":"ListItem","position":2,"name":"Veikals","item":"https:\/\/hobstop.ee\/lv\/veikals\/"},{"@type":"ListItem","position":3,"name":"Moza\u012bkas akme\u0146i Rayher Ceramica"}]},{"@type":"WebSite","@id":"https:\/\/hobstop.ee\/lv\/#website","url":"https:\/\/hobstop.ee\/lv\/","name":"Skizze","description":"M\u0101kslas, hobiju un skolas preces","publisher":{"@id":"https:\/\/hobstop.ee\/lv\/#organization"},"potentialAction":[{"@type":"SearchAction","target":{"@type":"EntryPoint","urlTemplate":"https:\/\/hobstop.ee\/lv\/?s={search_term_string}"},"query-input":{"@type":"PropertyValueSpecification","valueRequired":true,"valueName":"search_term_string"}}],"inLanguage":"lv-LV"},{"@type":"Organization","@id":"https:\/\/hobstop.ee\/lv\/#organization","name":"Vunder AS","url":"https:\/\/hobstop.ee\/lv\/","logo":{"@type":"ImageObject","inLanguage":"lv-LV","@id":"https:\/\/hobstop.ee\/lv\/#\/schema\/logo\/image\/","url":"https:\/\/hobstop.ee\/media\/vunder-logo.png","contentUrl":"https:\/\/hobstop.ee\/media\/vunder-logo.png","width":127,"height":55,"caption":"Vunder AS"},"image":{"@id":"https:\/\/hobstop.ee\/lv\/#\/schema\/logo\/image\/"},"sameAs":["http:\/\/www.facebook.com\/VunderSkizze"]}]}},"_links":{"self":[{"href":"https:\/\/hobstop.ee\/lv\/wp-json\/wp\/v2\/product\/311919","targetHints":{"allow":["GET"]}}],"collection":[{"href":"https:\/\/hobstop.ee\/lv\/wp-json\/wp\/v2\/product"}],"about":[{"href":"https:\/\/hobstop.ee\/lv\/wp-json\/wp\/v2\/types\/product"}],"replies":[{"embeddable":true,"href":"https:\/\/hobstop.ee\/lv\/wp-json\/wp\/v2\/comments?post=311919"}],"wp:featuredmedia":[{"embeddable":true,"href":"https:\/\/hobstop.ee\/lv\/wp-json\/wp\/v2\/media\/313166"}],"wp:attachment":[{"href":"https:\/\/hobstop.ee\/lv\/wp-json\/wp\/v2\/media?parent=311919"}],"wp:term":[{"taxonomy":"product_cat","embeddable":true,"href":"https:\/\/hobstop.ee\/lv\/wp-json\/wp\/v2\/product_cat?post=311919"},{"taxonomy":"product_tag","embeddable":true,"href":"https:\/\/hobstop.ee\/lv\/wp-json\/wp\/v2\/product_tag?post=311919"}],"curies":[{"name":"wp","href":"https:\/\/api.w.org\/{rel}","templated":true}]}}