{"id":311923,"date":"2018-06-28T14:15:06","date_gmt":"2018-06-28T11:15:06","guid":{"rendered":"https:\/\/sharks.ee\/vunder_2019\/lv\/product\/izsusanas-ramis-daylight-stitchsmart-ar-stativu\/"},"modified":"2018-06-28T14:15:06","modified_gmt":"2018-06-28T11:15:06","slug":"izsusanas-ramis-daylight-stitchsmart-ar-stativu","status":"publish","type":"product","link":"https:\/\/hobstop.ee\/lv\/produkts\/izsusanas-ramis-daylight-stitchsmart-ar-stativu\/","title":{"rendered":"Iz\u0161\u016b\u0161anas r\u0101mis Daylight StitchSmart ar stat\u012bvu"},"content":{"rendered":"<p>Ide\u0101ls pal\u012bgs rokdarbiem! Audekls vai ri\u0146\u0137is stat\u012bv\u0101 ir fiks\u0113ts un atrodas nekust\u012bg\u0101 st\u0101vokl\u012b, kas atvieglo darbu. Unik\u0101l\u0101 rot\u0113jo\u0161\u0101 sist\u0113ma \u013cauj jebkur\u0101 laik\u0101 pacelt un pagriezt r\u0101mi 360\u00b0. \u0100tri mont\u0113jams. Tas ir gatavs lieto\u0161anai da\u017eu sekun\u017eu laik\u0101. Praktisks, stabils, ar regul\u0113jamu augstumu &#8230; lieliska iz\u0161\u016b\u0161ana Dienas gaism\u0101!<br \/>\n&#8211; Viegli mont\u0113jams, gatavs lieto\u0161anai da\u017eu sekun\u017eu laik\u0101<br \/>\n&#8211; Regul\u0113jams augstums, \u0113rta d\u016brienu veik\u0161ana<br \/>\n&#8211; Stingra forma un sp\u0113c\u012bgs satv\u0113riens \u2013 r\u0101mis vai ri\u0146\u0137is vienm\u0113r stingri st\u0101v\u0113s sav\u0101 viet\u0101<br \/>\n&#8211; Unik\u0101la rot\u0113jo\u0161a sist\u0113ma, kas \u013cauj r\u0101mi pacelt un pagriezt 360\u00b0<br \/>\n&#8211; R\u0101mis nav iek\u013cauts<br \/>\n&#8211; StitchSmart LED palielino\u0161\u0101 lampa un l\u0101d\u0113t\u0101js ir pieejams atsevi\u0161\u0137i<\/p>\n","protected":false},"excerpt":{"rendered":"<p>Ide\u0101ls pal\u012bgs rokdarbiem! Audekls vai ri\u0146\u0137is stat\u012bv\u0101 ir fiks\u0113ts un atrodas nekust\u012bg\u0101 st\u0101vokl\u012b, kas atvieglo darbu. Unik\u0101l\u0101 rot\u0113jo\u0161\u0101 sist\u0113ma \u013cauj jebkur\u0101 laik\u0101 pacelt un pagriezt r\u0101mi 360\u00b0. \u0100tri mont\u0113jams. Tas ir gatavs lieto\u0161anai da\u017eu sekun\u017eu laik\u0101. Praktisks, stabils, ar regul\u0113jamu augstumu &#8230; lieliska iz\u0161\u016b\u0161ana Dienas gaism\u0101! &#8211; Viegli mont\u0113jams, gatavs lieto\u0161anai da\u017eu sekun\u017eu laik\u0101 &#8211; Regul\u0113jams augstums, \u0113rta d\u016brienu veik\u0161ana &#8211; Stingra forma un sp\u0113c\u012bgs satv\u0113riens \u2013 r\u0101mis vai ri\u0146\u0137is vienm\u0113r stingri st\u0101v\u0113s sav\u0101 viet\u0101 &#8211; Unik\u0101la rot\u0113jo\u0161a sist\u0113ma, kas \u013cauj r\u0101mi pacelt un pagriezt 360\u00b0 &#8211; R\u0101mis nav iek\u013cauts &#8211; StitchSmart LED palielino\u0161\u0101 lampa un l\u0101d\u0113t\u0101js ir pieejams atsevi\u0161\u0137i<\/p>\n","protected":false},"featured_media":0,"comment_status":"closed","ping_status":"closed","template":"","meta":{"_acf_changed":false,"ep_exclude_from_search":false},"product_cat":[19870,17918,19760],"product_tag":[],"class_list":{"0":"post-311923","1":"product","2":"type-product","3":"status-publish","5":"product_cat-adisanas-darbariki","6":"product_cat-preces-hobijiem","7":"product_cat-rokdarbi","9":"first","10":"outofstock","11":"taxable","12":"shipping-taxable","13":"purchasable","14":"product-type-simple"},"acf":[],"yoast_head":"<!-- This site is optimized with the Yoast SEO plugin v24.1 - https:\/\/yoast.com\/wordpress\/plugins\/seo\/ -->\n<title>Iz\u0161\u016b\u0161anas r\u0101mis Daylight StitchSmart ar stat\u012bvu &#8211; Skizze<\/title>\n<meta name=\"robots\" content=\"noindex, follow, max-snippet:-1, max-image-preview:large, max-video-preview:-1\" \/>\n<meta property=\"og:locale\" content=\"lv_LV\" \/>\n<meta property=\"og:type\" content=\"article\" \/>\n<meta property=\"og:title\" content=\"Iz\u0161\u016b\u0161anas r\u0101mis Daylight StitchSmart ar stat\u012bvu &#8211; Skizze\" \/>\n<meta property=\"og:description\" content=\"Ide\u0101ls pal\u012bgs rokdarbiem! Audekls vai ri\u0146\u0137is stat\u012bv\u0101 ir fiks\u0113ts un atrodas nekust\u012bg\u0101 st\u0101vokl\u012b, kas atvieglo darbu. Unik\u0101l\u0101 rot\u0113jo\u0161\u0101 sist\u0113ma \u013cauj jebkur\u0101 laik\u0101 pacelt un pagriezt r\u0101mi 360\u00b0. \u0100tri mont\u0113jams. Tas ir gatavs lieto\u0161anai da\u017eu sekun\u017eu laik\u0101. Praktisks, stabils, ar regul\u0113jamu augstumu &#8230; lieliska iz\u0161\u016b\u0161ana Dienas gaism\u0101! &#8211; Viegli mont\u0113jams, gatavs lieto\u0161anai da\u017eu sekun\u017eu laik\u0101 &#8211; Regul\u0113jams augstums, \u0113rta d\u016brienu veik\u0161ana &#8211; Stingra forma un sp\u0113c\u012bgs satv\u0113riens \u2013 r\u0101mis vai ri\u0146\u0137is vienm\u0113r stingri st\u0101v\u0113s sav\u0101 viet\u0101 &#8211; Unik\u0101la rot\u0113jo\u0161a sist\u0113ma, kas \u013cauj r\u0101mi pacelt un pagriezt 360\u00b0 &#8211; R\u0101mis nav iek\u013cauts &#8211; StitchSmart LED palielino\u0161\u0101 lampa un l\u0101d\u0113t\u0101js ir pieejams atsevi\u0161\u0137i\" \/>\n<meta property=\"og:url\" content=\"https:\/\/hobstop.ee\/lv\/produkts\/izsusanas-ramis-daylight-stitchsmart-ar-stativu\/\" \/>\n<meta property=\"og:site_name\" content=\"Skizze\" \/>\n<meta property=\"article:publisher\" content=\"http:\/\/www.facebook.com\/VunderSkizze\" \/>\n<meta name=\"twitter:card\" content=\"summary_large_image\" \/>\n<meta name=\"twitter:label1\" content=\"Est. reading time\" \/>\n\t<meta name=\"twitter:data1\" content=\"1 min\u016b\u0161u\" \/>\n<script type=\"application\/ld+json\" class=\"yoast-schema-graph\">{\"@context\":\"https:\/\/schema.org\",\"@graph\":[{\"@type\":\"WebPage\",\"@id\":\"https:\/\/hobstop.ee\/lv\/produkts\/izsusanas-ramis-daylight-stitchsmart-ar-stativu\/\",\"url\":\"https:\/\/hobstop.ee\/lv\/produkts\/izsusanas-ramis-daylight-stitchsmart-ar-stativu\/\",\"name\":\"Iz\u0161\u016b\u0161anas r\u0101mis Daylight StitchSmart ar stat\u012bvu &#8211; Skizze\",\"isPartOf\":{\"@id\":\"https:\/\/hobstop.ee\/lv\/#website\"},\"datePublished\":\"2018-06-28T11:15:06+00:00\",\"dateModified\":\"2018-06-28T11:15:06+00:00\",\"breadcrumb\":{\"@id\":\"https:\/\/hobstop.ee\/lv\/produkts\/izsusanas-ramis-daylight-stitchsmart-ar-stativu\/#breadcrumb\"},\"inLanguage\":\"lv-LV\",\"potentialAction\":[{\"@type\":\"ReadAction\",\"target\":[\"https:\/\/hobstop.ee\/lv\/produkts\/izsusanas-ramis-daylight-stitchsmart-ar-stativu\/\"]}]},{\"@type\":\"BreadcrumbList\",\"@id\":\"https:\/\/hobstop.ee\/lv\/produkts\/izsusanas-ramis-daylight-stitchsmart-ar-stativu\/#breadcrumb\",\"itemListElement\":[{\"@type\":\"ListItem\",\"position\":1,\"name\":\"Avaleht\",\"item\":\"https:\/\/hobstop.ee\/lv\/\"},{\"@type\":\"ListItem\",\"position\":2,\"name\":\"Veikals\",\"item\":\"https:\/\/hobstop.ee\/lv\/veikals\/\"},{\"@type\":\"ListItem\",\"position\":3,\"name\":\"Iz\u0161\u016b\u0161anas r\u0101mis Daylight StitchSmart ar stat\u012bvu\"}]},{\"@type\":\"WebSite\",\"@id\":\"https:\/\/hobstop.ee\/lv\/#website\",\"url\":\"https:\/\/hobstop.ee\/lv\/\",\"name\":\"Skizze\",\"description\":\"M\u0101kslas, hobiju un skolas preces\",\"publisher\":{\"@id\":\"https:\/\/hobstop.ee\/lv\/#organization\"},\"potentialAction\":[{\"@type\":\"SearchAction\",\"target\":{\"@type\":\"EntryPoint\",\"urlTemplate\":\"https:\/\/hobstop.ee\/lv\/?s={search_term_string}\"},\"query-input\":{\"@type\":\"PropertyValueSpecification\",\"valueRequired\":true,\"valueName\":\"search_term_string\"}}],\"inLanguage\":\"lv-LV\"},{\"@type\":\"Organization\",\"@id\":\"https:\/\/hobstop.ee\/lv\/#organization\",\"name\":\"Vunder AS\",\"url\":\"https:\/\/hobstop.ee\/lv\/\",\"logo\":{\"@type\":\"ImageObject\",\"inLanguage\":\"lv-LV\",\"@id\":\"https:\/\/hobstop.ee\/lv\/#\/schema\/logo\/image\/\",\"url\":\"https:\/\/hobstop.ee\/media\/vunder-logo.png\",\"contentUrl\":\"https:\/\/hobstop.ee\/media\/vunder-logo.png\",\"width\":127,\"height\":55,\"caption\":\"Vunder AS\"},\"image\":{\"@id\":\"https:\/\/hobstop.ee\/lv\/#\/schema\/logo\/image\/\"},\"sameAs\":[\"http:\/\/www.facebook.com\/VunderSkizze\"]}]}<\/script>\n<!-- \/ Yoast SEO plugin. -->","yoast_head_json":{"title":"Iz\u0161\u016b\u0161anas r\u0101mis Daylight StitchSmart ar stat\u012bvu &#8211; Skizze","robots":{"index":"noindex","follow":"follow","max-snippet":"max-snippet:-1","max-image-preview":"max-image-preview:large","max-video-preview":"max-video-preview:-1"},"og_locale":"lv_LV","og_type":"article","og_title":"Iz\u0161\u016b\u0161anas r\u0101mis Daylight StitchSmart ar stat\u012bvu &#8211; Skizze","og_description":"Ide\u0101ls pal\u012bgs rokdarbiem! Audekls vai ri\u0146\u0137is stat\u012bv\u0101 ir fiks\u0113ts un atrodas nekust\u012bg\u0101 st\u0101vokl\u012b, kas atvieglo darbu. Unik\u0101l\u0101 rot\u0113jo\u0161\u0101 sist\u0113ma \u013cauj jebkur\u0101 laik\u0101 pacelt un pagriezt r\u0101mi 360\u00b0. \u0100tri mont\u0113jams. Tas ir gatavs lieto\u0161anai da\u017eu sekun\u017eu laik\u0101. Praktisks, stabils, ar regul\u0113jamu augstumu &#8230; lieliska iz\u0161\u016b\u0161ana Dienas gaism\u0101! &#8211; Viegli mont\u0113jams, gatavs lieto\u0161anai da\u017eu sekun\u017eu laik\u0101 &#8211; Regul\u0113jams augstums, \u0113rta d\u016brienu veik\u0161ana &#8211; Stingra forma un sp\u0113c\u012bgs satv\u0113riens \u2013 r\u0101mis vai ri\u0146\u0137is vienm\u0113r stingri st\u0101v\u0113s sav\u0101 viet\u0101 &#8211; Unik\u0101la rot\u0113jo\u0161a sist\u0113ma, kas \u013cauj r\u0101mi pacelt un pagriezt 360\u00b0 &#8211; R\u0101mis nav iek\u013cauts &#8211; StitchSmart LED palielino\u0161\u0101 lampa un l\u0101d\u0113t\u0101js ir pieejams atsevi\u0161\u0137i","og_url":"https:\/\/hobstop.ee\/lv\/produkts\/izsusanas-ramis-daylight-stitchsmart-ar-stativu\/","og_site_name":"Skizze","article_publisher":"http:\/\/www.facebook.com\/VunderSkizze","twitter_card":"summary_large_image","twitter_misc":{"Est. reading time":"1 min\u016b\u0161u"},"schema":{"@context":"https:\/\/schema.org","@graph":[{"@type":"WebPage","@id":"https:\/\/hobstop.ee\/lv\/produkts\/izsusanas-ramis-daylight-stitchsmart-ar-stativu\/","url":"https:\/\/hobstop.ee\/lv\/produkts\/izsusanas-ramis-daylight-stitchsmart-ar-stativu\/","name":"Iz\u0161\u016b\u0161anas r\u0101mis Daylight StitchSmart ar stat\u012bvu &#8211; Skizze","isPartOf":{"@id":"https:\/\/hobstop.ee\/lv\/#website"},"datePublished":"2018-06-28T11:15:06+00:00","dateModified":"2018-06-28T11:15:06+00:00","breadcrumb":{"@id":"https:\/\/hobstop.ee\/lv\/produkts\/izsusanas-ramis-daylight-stitchsmart-ar-stativu\/#breadcrumb"},"inLanguage":"lv-LV","potentialAction":[{"@type":"ReadAction","target":["https:\/\/hobstop.ee\/lv\/produkts\/izsusanas-ramis-daylight-stitchsmart-ar-stativu\/"]}]},{"@type":"BreadcrumbList","@id":"https:\/\/hobstop.ee\/lv\/produkts\/izsusanas-ramis-daylight-stitchsmart-ar-stativu\/#breadcrumb","itemListElement":[{"@type":"ListItem","position":1,"name":"Avaleht","item":"https:\/\/hobstop.ee\/lv\/"},{"@type":"ListItem","position":2,"name":"Veikals","item":"https:\/\/hobstop.ee\/lv\/veikals\/"},{"@type":"ListItem","position":3,"name":"Iz\u0161\u016b\u0161anas r\u0101mis Daylight StitchSmart ar stat\u012bvu"}]},{"@type":"WebSite","@id":"https:\/\/hobstop.ee\/lv\/#website","url":"https:\/\/hobstop.ee\/lv\/","name":"Skizze","description":"M\u0101kslas, hobiju un skolas preces","publisher":{"@id":"https:\/\/hobstop.ee\/lv\/#organization"},"potentialAction":[{"@type":"SearchAction","target":{"@type":"EntryPoint","urlTemplate":"https:\/\/hobstop.ee\/lv\/?s={search_term_string}"},"query-input":{"@type":"PropertyValueSpecification","valueRequired":true,"valueName":"search_term_string"}}],"inLanguage":"lv-LV"},{"@type":"Organization","@id":"https:\/\/hobstop.ee\/lv\/#organization","name":"Vunder AS","url":"https:\/\/hobstop.ee\/lv\/","logo":{"@type":"ImageObject","inLanguage":"lv-LV","@id":"https:\/\/hobstop.ee\/lv\/#\/schema\/logo\/image\/","url":"https:\/\/hobstop.ee\/media\/vunder-logo.png","contentUrl":"https:\/\/hobstop.ee\/media\/vunder-logo.png","width":127,"height":55,"caption":"Vunder AS"},"image":{"@id":"https:\/\/hobstop.ee\/lv\/#\/schema\/logo\/image\/"},"sameAs":["http:\/\/www.facebook.com\/VunderSkizze"]}]}},"_links":{"self":[{"href":"https:\/\/hobstop.ee\/lv\/wp-json\/wp\/v2\/product\/311923","targetHints":{"allow":["GET"]}}],"collection":[{"href":"https:\/\/hobstop.ee\/lv\/wp-json\/wp\/v2\/product"}],"about":[{"href":"https:\/\/hobstop.ee\/lv\/wp-json\/wp\/v2\/types\/product"}],"replies":[{"embeddable":true,"href":"https:\/\/hobstop.ee\/lv\/wp-json\/wp\/v2\/comments?post=311923"}],"wp:attachment":[{"href":"https:\/\/hobstop.ee\/lv\/wp-json\/wp\/v2\/media?parent=311923"}],"wp:term":[{"taxonomy":"product_cat","embeddable":true,"href":"https:\/\/hobstop.ee\/lv\/wp-json\/wp\/v2\/product_cat?post=311923"},{"taxonomy":"product_tag","embeddable":true,"href":"https:\/\/hobstop.ee\/lv\/wp-json\/wp\/v2\/product_tag?post=311923"}],"curies":[{"name":"wp","href":"https:\/\/api.w.org\/{rel}","templated":true}]}}