{"id":311935,"date":"2018-06-28T14:15:11","date_gmt":"2018-06-28T11:15:11","guid":{"rendered":"https:\/\/sharks.ee\/vunder_2019\/lv\/product\/audekls-rulli-caravaggio-gruntets-linspoliesteris-562\/"},"modified":"2018-06-28T14:15:11","modified_gmt":"2018-06-28T11:15:11","slug":"audekls-rulli-caravaggio-gruntets-linspoliesteris-562","status":"publish","type":"product","link":"https:\/\/hobstop.ee\/lv\/produkts\/audekls-rulli-caravaggio-gruntets-linspoliesteris-562\/","title":{"rendered":"Audekls rull\u012b Caravaggio grunt\u0113ts lins\/poliesteris 562"},"content":{"rendered":"<p>Izteiktas tekst\u016bras audekls ar tr\u012bsk\u0101r\u0161u grunt\u0113jumu, 50% lins un 50% poliesteris. Pateicoties t\u0101 smalkajai kvalit\u0101tei, garajiem stubl\u0101jiem un augstas iztur\u012bbas poliesteram, tas saglab\u0101 linam rakstur\u012bgo iztur\u012bbu. Unik\u0101lais virsmas p\u0101rkl\u0101jums ar patent\u0113tu tehnolo\u0123iju nodro\u0161ina, ka audekla smalkajai virsmai ir augst\u0101ka pretest\u012bbu un iztur\u012bbu, ide\u0101li piem\u0113rots augstas kvalit\u0101tes e\u013c\u013cas gleznu rad\u012b\u0161anai. Univers\u0101ls grunt\u0113jums, piem\u0113rots e\u013c\u013cai, akrilam, temperai un jaukt\u0101m kr\u0101s\u0101m. Pilna ru\u013c\u013ca garums \u2013 10 metri.<\/p>\n","protected":false},"excerpt":{"rendered":"<p>Izteiktas tekst\u016bras audekls ar tr\u012bsk\u0101r\u0161u grunt\u0113jumu, 50% lins un 50% poliesteris. Pateicoties t\u0101 smalkajai kvalit\u0101tei, garajiem stubl\u0101jiem un augstas iztur\u012bbas poliesteram, tas saglab\u0101 linam rakstur\u012bgo iztur\u012bbu. Unik\u0101lais virsmas p\u0101rkl\u0101jums ar patent\u0113tu tehnolo\u0123iju nodro\u0161ina, ka audekla smalkajai virsmai ir augst\u0101ka pretest\u012bbu un iztur\u012bbu, ide\u0101li piem\u0113rots augstas kvalit\u0101tes e\u013c\u013cas gleznu rad\u012b\u0161anai. Univers\u0101ls grunt\u0113jums, piem\u0113rots e\u013c\u013cai, akrilam, temperai un jaukt\u0101m kr\u0101s\u0101m. Pilna ru\u013c\u013ca garums \u2013 10 metri.<\/p>\n","protected":false},"featured_media":0,"comment_status":"closed","ping_status":"closed","template":"","meta":{"_acf_changed":false,"ep_exclude_from_search":false},"product_cat":[18349,17977,16123],"product_tag":[],"class_list":{"0":"post-311935","1":"product","2":"type-product","3":"status-publish","5":"product_cat-audekla-rulli","6":"product_cat-audekli-un-gleznosanas-paligmateriali","7":"product_cat-makslas-piederumi-2","9":"first","10":"instock","11":"taxable","12":"shipping-taxable","13":"product-type-simple"},"acf":[],"yoast_head":"<!-- This site is optimized with the Yoast SEO plugin v24.1 - https:\/\/yoast.com\/wordpress\/plugins\/seo\/ -->\n<title>Audekls rull\u012b Caravaggio grunt\u0113ts lins\/poliesteris 562 &#8211; Skizze<\/title>\n<meta name=\"robots\" content=\"noindex, follow, max-snippet:-1, max-image-preview:large, max-video-preview:-1\" \/>\n<meta property=\"og:locale\" content=\"lv_LV\" \/>\n<meta property=\"og:type\" content=\"article\" \/>\n<meta property=\"og:title\" content=\"Audekls rull\u012b Caravaggio grunt\u0113ts lins\/poliesteris 562 &#8211; Skizze\" \/>\n<meta property=\"og:description\" content=\"Izteiktas tekst\u016bras audekls ar tr\u012bsk\u0101r\u0161u grunt\u0113jumu, 50% lins un 50% poliesteris. Pateicoties t\u0101 smalkajai kvalit\u0101tei, garajiem stubl\u0101jiem un augstas iztur\u012bbas poliesteram, tas saglab\u0101 linam rakstur\u012bgo iztur\u012bbu. Unik\u0101lais virsmas p\u0101rkl\u0101jums ar patent\u0113tu tehnolo\u0123iju nodro\u0161ina, ka audekla smalkajai virsmai ir augst\u0101ka pretest\u012bbu un iztur\u012bbu, ide\u0101li piem\u0113rots augstas kvalit\u0101tes e\u013c\u013cas gleznu rad\u012b\u0161anai. Univers\u0101ls grunt\u0113jums, piem\u0113rots e\u013c\u013cai, akrilam, temperai un jaukt\u0101m kr\u0101s\u0101m. Pilna ru\u013c\u013ca garums \u2013 10 metri.\" \/>\n<meta property=\"og:url\" content=\"https:\/\/hobstop.ee\/lv\/produkts\/audekls-rulli-caravaggio-gruntets-linspoliesteris-562\/\" \/>\n<meta property=\"og:site_name\" content=\"Skizze\" \/>\n<meta property=\"article:publisher\" content=\"http:\/\/www.facebook.com\/VunderSkizze\" \/>\n<meta name=\"twitter:card\" content=\"summary_large_image\" \/>\n<script type=\"application\/ld+json\" class=\"yoast-schema-graph\">{\"@context\":\"https:\/\/schema.org\",\"@graph\":[{\"@type\":\"WebPage\",\"@id\":\"https:\/\/hobstop.ee\/lv\/produkts\/audekls-rulli-caravaggio-gruntets-linspoliesteris-562\/\",\"url\":\"https:\/\/hobstop.ee\/lv\/produkts\/audekls-rulli-caravaggio-gruntets-linspoliesteris-562\/\",\"name\":\"Audekls rull\u012b Caravaggio grunt\u0113ts lins\/poliesteris 562 &#8211; Skizze\",\"isPartOf\":{\"@id\":\"https:\/\/hobstop.ee\/lv\/#website\"},\"datePublished\":\"2018-06-28T11:15:11+00:00\",\"dateModified\":\"2018-06-28T11:15:11+00:00\",\"breadcrumb\":{\"@id\":\"https:\/\/hobstop.ee\/lv\/produkts\/audekls-rulli-caravaggio-gruntets-linspoliesteris-562\/#breadcrumb\"},\"inLanguage\":\"lv-LV\",\"potentialAction\":[{\"@type\":\"ReadAction\",\"target\":[\"https:\/\/hobstop.ee\/lv\/produkts\/audekls-rulli-caravaggio-gruntets-linspoliesteris-562\/\"]}]},{\"@type\":\"BreadcrumbList\",\"@id\":\"https:\/\/hobstop.ee\/lv\/produkts\/audekls-rulli-caravaggio-gruntets-linspoliesteris-562\/#breadcrumb\",\"itemListElement\":[{\"@type\":\"ListItem\",\"position\":1,\"name\":\"Avaleht\",\"item\":\"https:\/\/hobstop.ee\/lv\/\"},{\"@type\":\"ListItem\",\"position\":2,\"name\":\"Veikals\",\"item\":\"https:\/\/hobstop.ee\/lv\/veikals\/\"},{\"@type\":\"ListItem\",\"position\":3,\"name\":\"Audekls rull\u012b Caravaggio grunt\u0113ts lins\/poliesteris 562\"}]},{\"@type\":\"WebSite\",\"@id\":\"https:\/\/hobstop.ee\/lv\/#website\",\"url\":\"https:\/\/hobstop.ee\/lv\/\",\"name\":\"Skizze\",\"description\":\"M\u0101kslas, hobiju un skolas preces\",\"publisher\":{\"@id\":\"https:\/\/hobstop.ee\/lv\/#organization\"},\"potentialAction\":[{\"@type\":\"SearchAction\",\"target\":{\"@type\":\"EntryPoint\",\"urlTemplate\":\"https:\/\/hobstop.ee\/lv\/?s={search_term_string}\"},\"query-input\":{\"@type\":\"PropertyValueSpecification\",\"valueRequired\":true,\"valueName\":\"search_term_string\"}}],\"inLanguage\":\"lv-LV\"},{\"@type\":\"Organization\",\"@id\":\"https:\/\/hobstop.ee\/lv\/#organization\",\"name\":\"Vunder AS\",\"url\":\"https:\/\/hobstop.ee\/lv\/\",\"logo\":{\"@type\":\"ImageObject\",\"inLanguage\":\"lv-LV\",\"@id\":\"https:\/\/hobstop.ee\/lv\/#\/schema\/logo\/image\/\",\"url\":\"https:\/\/hobstop.ee\/media\/vunder-logo.png\",\"contentUrl\":\"https:\/\/hobstop.ee\/media\/vunder-logo.png\",\"width\":127,\"height\":55,\"caption\":\"Vunder AS\"},\"image\":{\"@id\":\"https:\/\/hobstop.ee\/lv\/#\/schema\/logo\/image\/\"},\"sameAs\":[\"http:\/\/www.facebook.com\/VunderSkizze\"]}]}<\/script>\n<!-- \/ Yoast SEO plugin. -->","yoast_head_json":{"title":"Audekls rull\u012b Caravaggio grunt\u0113ts lins\/poliesteris 562 &#8211; Skizze","robots":{"index":"noindex","follow":"follow","max-snippet":"max-snippet:-1","max-image-preview":"max-image-preview:large","max-video-preview":"max-video-preview:-1"},"og_locale":"lv_LV","og_type":"article","og_title":"Audekls rull\u012b Caravaggio grunt\u0113ts lins\/poliesteris 562 &#8211; Skizze","og_description":"Izteiktas tekst\u016bras audekls ar tr\u012bsk\u0101r\u0161u grunt\u0113jumu, 50% lins un 50% poliesteris. Pateicoties t\u0101 smalkajai kvalit\u0101tei, garajiem stubl\u0101jiem un augstas iztur\u012bbas poliesteram, tas saglab\u0101 linam rakstur\u012bgo iztur\u012bbu. Unik\u0101lais virsmas p\u0101rkl\u0101jums ar patent\u0113tu tehnolo\u0123iju nodro\u0161ina, ka audekla smalkajai virsmai ir augst\u0101ka pretest\u012bbu un iztur\u012bbu, ide\u0101li piem\u0113rots augstas kvalit\u0101tes e\u013c\u013cas gleznu rad\u012b\u0161anai. Univers\u0101ls grunt\u0113jums, piem\u0113rots e\u013c\u013cai, akrilam, temperai un jaukt\u0101m kr\u0101s\u0101m. Pilna ru\u013c\u013ca garums \u2013 10 metri.","og_url":"https:\/\/hobstop.ee\/lv\/produkts\/audekls-rulli-caravaggio-gruntets-linspoliesteris-562\/","og_site_name":"Skizze","article_publisher":"http:\/\/www.facebook.com\/VunderSkizze","twitter_card":"summary_large_image","schema":{"@context":"https:\/\/schema.org","@graph":[{"@type":"WebPage","@id":"https:\/\/hobstop.ee\/lv\/produkts\/audekls-rulli-caravaggio-gruntets-linspoliesteris-562\/","url":"https:\/\/hobstop.ee\/lv\/produkts\/audekls-rulli-caravaggio-gruntets-linspoliesteris-562\/","name":"Audekls rull\u012b Caravaggio grunt\u0113ts lins\/poliesteris 562 &#8211; Skizze","isPartOf":{"@id":"https:\/\/hobstop.ee\/lv\/#website"},"datePublished":"2018-06-28T11:15:11+00:00","dateModified":"2018-06-28T11:15:11+00:00","breadcrumb":{"@id":"https:\/\/hobstop.ee\/lv\/produkts\/audekls-rulli-caravaggio-gruntets-linspoliesteris-562\/#breadcrumb"},"inLanguage":"lv-LV","potentialAction":[{"@type":"ReadAction","target":["https:\/\/hobstop.ee\/lv\/produkts\/audekls-rulli-caravaggio-gruntets-linspoliesteris-562\/"]}]},{"@type":"BreadcrumbList","@id":"https:\/\/hobstop.ee\/lv\/produkts\/audekls-rulli-caravaggio-gruntets-linspoliesteris-562\/#breadcrumb","itemListElement":[{"@type":"ListItem","position":1,"name":"Avaleht","item":"https:\/\/hobstop.ee\/lv\/"},{"@type":"ListItem","position":2,"name":"Veikals","item":"https:\/\/hobstop.ee\/lv\/veikals\/"},{"@type":"ListItem","position":3,"name":"Audekls rull\u012b Caravaggio grunt\u0113ts lins\/poliesteris 562"}]},{"@type":"WebSite","@id":"https:\/\/hobstop.ee\/lv\/#website","url":"https:\/\/hobstop.ee\/lv\/","name":"Skizze","description":"M\u0101kslas, hobiju un skolas preces","publisher":{"@id":"https:\/\/hobstop.ee\/lv\/#organization"},"potentialAction":[{"@type":"SearchAction","target":{"@type":"EntryPoint","urlTemplate":"https:\/\/hobstop.ee\/lv\/?s={search_term_string}"},"query-input":{"@type":"PropertyValueSpecification","valueRequired":true,"valueName":"search_term_string"}}],"inLanguage":"lv-LV"},{"@type":"Organization","@id":"https:\/\/hobstop.ee\/lv\/#organization","name":"Vunder AS","url":"https:\/\/hobstop.ee\/lv\/","logo":{"@type":"ImageObject","inLanguage":"lv-LV","@id":"https:\/\/hobstop.ee\/lv\/#\/schema\/logo\/image\/","url":"https:\/\/hobstop.ee\/media\/vunder-logo.png","contentUrl":"https:\/\/hobstop.ee\/media\/vunder-logo.png","width":127,"height":55,"caption":"Vunder AS"},"image":{"@id":"https:\/\/hobstop.ee\/lv\/#\/schema\/logo\/image\/"},"sameAs":["http:\/\/www.facebook.com\/VunderSkizze"]}]}},"_links":{"self":[{"href":"https:\/\/hobstop.ee\/lv\/wp-json\/wp\/v2\/product\/311935","targetHints":{"allow":["GET"]}}],"collection":[{"href":"https:\/\/hobstop.ee\/lv\/wp-json\/wp\/v2\/product"}],"about":[{"href":"https:\/\/hobstop.ee\/lv\/wp-json\/wp\/v2\/types\/product"}],"replies":[{"embeddable":true,"href":"https:\/\/hobstop.ee\/lv\/wp-json\/wp\/v2\/comments?post=311935"}],"wp:attachment":[{"href":"https:\/\/hobstop.ee\/lv\/wp-json\/wp\/v2\/media?parent=311935"}],"wp:term":[{"taxonomy":"product_cat","embeddable":true,"href":"https:\/\/hobstop.ee\/lv\/wp-json\/wp\/v2\/product_cat?post=311935"},{"taxonomy":"product_tag","embeddable":true,"href":"https:\/\/hobstop.ee\/lv\/wp-json\/wp\/v2\/product_tag?post=311935"}],"curies":[{"name":"wp","href":"https:\/\/api.w.org\/{rel}","templated":true}]}}