{"id":311943,"date":"2018-06-28T14:15:14","date_gmt":"2018-06-28T11:15:14","guid":{"rendered":"https:\/\/sharks.ee\/vunder_2019\/lv\/product\/markieris-monami-pro\/"},"modified":"2018-06-28T14:15:14","modified_gmt":"2018-06-28T11:15:14","slug":"markieris-monami-pro","status":"publish","type":"product","link":"https:\/\/hobstop.ee\/lv\/produkts\/markieris-monami-pro\/","title":{"rendered":"Mar\u0137ieris Monami Pro"},"content":{"rendered":"<p>Monami Pro Paint Marker pied\u0101v\u0101 izteikti necaursp\u012bd\u012bgu mar\u0137\u0113jumu uz t\u0113rauda, koka, plastmasas un stikla, ieskaitot e\u013c\u013cainas virsmas. Tam ir iztur\u012bga plastmasas korpuss un ieb\u016bv\u0113ts klipsis \u0113rt\u0101kai piestiprin\u0101\u0161anai, bet ksil\u0113nu nesaturo\u0161\u0101 tinte samazina smaku. Ide\u0101li piem\u0113rots izmanto\u0161anai uz raupj\u0101m virsm\u0101m. Iztur\u012bgs gals.<\/p>\n","protected":false},"excerpt":{"rendered":"<p>Monami Pro Paint Marker pied\u0101v\u0101 izteikti necaursp\u012bd\u012bgu mar\u0137\u0113jumu uz t\u0113rauda, koka, plastmasas un stikla, ieskaitot e\u013c\u013cainas virsmas. Tam ir iztur\u012bga plastmasas korpuss un ieb\u016bv\u0113ts klipsis \u0113rt\u0101kai piestiprin\u0101\u0161anai, bet ksil\u0113nu nesaturo\u0161\u0101 tinte samazina smaku. Ide\u0101li piem\u0113rots izmanto\u0161anai uz raupj\u0101m virsm\u0101m. Iztur\u012bgs gals.<\/p>\n","protected":false},"featured_media":312423,"comment_status":"closed","ping_status":"closed","template":"","meta":{"_acf_changed":false,"ep_exclude_from_search":false},"product_cat":[19673,18519],"product_tag":[],"class_list":{"0":"post-311943","1":"product","2":"type-product","3":"status-publish","4":"has-post-thumbnail","6":"product_cat-markeri","7":"product_cat-rakstampiederumi-2","9":"first","10":"instock","11":"taxable","12":"shipping-taxable","13":"purchasable","14":"product-type-simple"},"acf":[],"yoast_head":"<!-- This site is optimized with the Yoast SEO plugin v24.1 - https:\/\/yoast.com\/wordpress\/plugins\/seo\/ -->\n<title>Mar\u0137ieris Monami Pro &#8211; Skizze<\/title>\n<meta name=\"robots\" content=\"noindex, follow, max-snippet:-1, max-image-preview:large, max-video-preview:-1\" \/>\n<meta property=\"og:locale\" content=\"lv_LV\" \/>\n<meta property=\"og:type\" content=\"article\" \/>\n<meta property=\"og:title\" content=\"Mar\u0137ieris Monami Pro &#8211; Skizze\" \/>\n<meta property=\"og:description\" content=\"Monami Pro Paint Marker pied\u0101v\u0101 izteikti necaursp\u012bd\u012bgu mar\u0137\u0113jumu uz t\u0113rauda, koka, plastmasas un stikla, ieskaitot e\u013c\u013cainas virsmas. Tam ir iztur\u012bga plastmasas korpuss un ieb\u016bv\u0113ts klipsis \u0113rt\u0101kai piestiprin\u0101\u0161anai, bet ksil\u0113nu nesaturo\u0161\u0101 tinte samazina smaku. Ide\u0101li piem\u0113rots izmanto\u0161anai uz raupj\u0101m virsm\u0101m. Iztur\u012bgs gals.\" \/>\n<meta property=\"og:url\" content=\"https:\/\/hobstop.ee\/lv\/produkts\/markieris-monami-pro\/\" \/>\n<meta property=\"og:site_name\" content=\"Skizze\" \/>\n<meta property=\"article:publisher\" content=\"http:\/\/www.facebook.com\/VunderSkizze\" \/>\n<meta property=\"og:image\" content=\"https:\/\/hobstop.ee\/media\/4761.jpg\" \/>\n\t<meta property=\"og:image:width\" content=\"1024\" \/>\n\t<meta property=\"og:image:height\" content=\"768\" \/>\n\t<meta property=\"og:image:type\" content=\"image\/jpeg\" \/>\n<meta name=\"twitter:card\" content=\"summary_large_image\" \/>\n<script type=\"application\/ld+json\" class=\"yoast-schema-graph\">{\"@context\":\"https:\/\/schema.org\",\"@graph\":[{\"@type\":\"WebPage\",\"@id\":\"https:\/\/hobstop.ee\/lv\/produkts\/markieris-monami-pro\/\",\"url\":\"https:\/\/hobstop.ee\/lv\/produkts\/markieris-monami-pro\/\",\"name\":\"Mar\u0137ieris Monami Pro &#8211; Skizze\",\"isPartOf\":{\"@id\":\"https:\/\/hobstop.ee\/lv\/#website\"},\"primaryImageOfPage\":{\"@id\":\"https:\/\/hobstop.ee\/lv\/produkts\/markieris-monami-pro\/#primaryimage\"},\"image\":{\"@id\":\"https:\/\/hobstop.ee\/lv\/produkts\/markieris-monami-pro\/#primaryimage\"},\"thumbnailUrl\":\"https:\/\/hobstop.ee\/media\/4761.jpg\",\"datePublished\":\"2018-06-28T11:15:14+00:00\",\"dateModified\":\"2018-06-28T11:15:14+00:00\",\"breadcrumb\":{\"@id\":\"https:\/\/hobstop.ee\/lv\/produkts\/markieris-monami-pro\/#breadcrumb\"},\"inLanguage\":\"lv-LV\",\"potentialAction\":[{\"@type\":\"ReadAction\",\"target\":[\"https:\/\/hobstop.ee\/lv\/produkts\/markieris-monami-pro\/\"]}]},{\"@type\":\"ImageObject\",\"inLanguage\":\"lv-LV\",\"@id\":\"https:\/\/hobstop.ee\/lv\/produkts\/markieris-monami-pro\/#primaryimage\",\"url\":\"https:\/\/hobstop.ee\/media\/4761.jpg\",\"contentUrl\":\"https:\/\/hobstop.ee\/media\/4761.jpg\",\"width\":1024,\"height\":768},{\"@type\":\"BreadcrumbList\",\"@id\":\"https:\/\/hobstop.ee\/lv\/produkts\/markieris-monami-pro\/#breadcrumb\",\"itemListElement\":[{\"@type\":\"ListItem\",\"position\":1,\"name\":\"Avaleht\",\"item\":\"https:\/\/www.hobstop.ee\/lv\/\"},{\"@type\":\"ListItem\",\"position\":2,\"name\":\"Veikals\",\"item\":\"https:\/\/www.hobstop.ee\/lv\/veikals\/\"},{\"@type\":\"ListItem\",\"position\":3,\"name\":\"Mar\u0137ieris Monami Pro\"}]},{\"@type\":\"WebSite\",\"@id\":\"https:\/\/hobstop.ee\/lv\/#website\",\"url\":\"https:\/\/hobstop.ee\/lv\/\",\"name\":\"Skizze\",\"description\":\"M\u0101kslas, hobiju un skolas preces\",\"publisher\":{\"@id\":\"https:\/\/hobstop.ee\/lv\/#organization\"},\"potentialAction\":[{\"@type\":\"SearchAction\",\"target\":{\"@type\":\"EntryPoint\",\"urlTemplate\":\"https:\/\/hobstop.ee\/lv\/?s={search_term_string}\"},\"query-input\":{\"@type\":\"PropertyValueSpecification\",\"valueRequired\":true,\"valueName\":\"search_term_string\"}}],\"inLanguage\":\"lv-LV\"},{\"@type\":\"Organization\",\"@id\":\"https:\/\/hobstop.ee\/lv\/#organization\",\"name\":\"Vunder AS\",\"url\":\"https:\/\/hobstop.ee\/lv\/\",\"logo\":{\"@type\":\"ImageObject\",\"inLanguage\":\"lv-LV\",\"@id\":\"https:\/\/hobstop.ee\/lv\/#\/schema\/logo\/image\/\",\"url\":\"https:\/\/hobstop.ee\/media\/vunder-logo.png\",\"contentUrl\":\"https:\/\/hobstop.ee\/media\/vunder-logo.png\",\"width\":127,\"height\":55,\"caption\":\"Vunder AS\"},\"image\":{\"@id\":\"https:\/\/hobstop.ee\/lv\/#\/schema\/logo\/image\/\"},\"sameAs\":[\"http:\/\/www.facebook.com\/VunderSkizze\"]}]}<\/script>\n<!-- \/ Yoast SEO plugin. -->","yoast_head_json":{"title":"Mar\u0137ieris Monami Pro &#8211; Skizze","robots":{"index":"noindex","follow":"follow","max-snippet":"max-snippet:-1","max-image-preview":"max-image-preview:large","max-video-preview":"max-video-preview:-1"},"og_locale":"lv_LV","og_type":"article","og_title":"Mar\u0137ieris Monami Pro &#8211; Skizze","og_description":"Monami Pro Paint Marker pied\u0101v\u0101 izteikti necaursp\u012bd\u012bgu mar\u0137\u0113jumu uz t\u0113rauda, koka, plastmasas un stikla, ieskaitot e\u013c\u013cainas virsmas. Tam ir iztur\u012bga plastmasas korpuss un ieb\u016bv\u0113ts klipsis \u0113rt\u0101kai piestiprin\u0101\u0161anai, bet ksil\u0113nu nesaturo\u0161\u0101 tinte samazina smaku. Ide\u0101li piem\u0113rots izmanto\u0161anai uz raupj\u0101m virsm\u0101m. Iztur\u012bgs gals.","og_url":"https:\/\/hobstop.ee\/lv\/produkts\/markieris-monami-pro\/","og_site_name":"Skizze","article_publisher":"http:\/\/www.facebook.com\/VunderSkizze","og_image":[{"width":1024,"height":768,"url":"https:\/\/hobstop.ee\/media\/4761.jpg","type":"image\/jpeg"}],"twitter_card":"summary_large_image","schema":{"@context":"https:\/\/schema.org","@graph":[{"@type":"WebPage","@id":"https:\/\/hobstop.ee\/lv\/produkts\/markieris-monami-pro\/","url":"https:\/\/hobstop.ee\/lv\/produkts\/markieris-monami-pro\/","name":"Mar\u0137ieris Monami Pro &#8211; Skizze","isPartOf":{"@id":"https:\/\/hobstop.ee\/lv\/#website"},"primaryImageOfPage":{"@id":"https:\/\/hobstop.ee\/lv\/produkts\/markieris-monami-pro\/#primaryimage"},"image":{"@id":"https:\/\/hobstop.ee\/lv\/produkts\/markieris-monami-pro\/#primaryimage"},"thumbnailUrl":"https:\/\/hobstop.ee\/media\/4761.jpg","datePublished":"2018-06-28T11:15:14+00:00","dateModified":"2018-06-28T11:15:14+00:00","breadcrumb":{"@id":"https:\/\/hobstop.ee\/lv\/produkts\/markieris-monami-pro\/#breadcrumb"},"inLanguage":"lv-LV","potentialAction":[{"@type":"ReadAction","target":["https:\/\/hobstop.ee\/lv\/produkts\/markieris-monami-pro\/"]}]},{"@type":"ImageObject","inLanguage":"lv-LV","@id":"https:\/\/hobstop.ee\/lv\/produkts\/markieris-monami-pro\/#primaryimage","url":"https:\/\/hobstop.ee\/media\/4761.jpg","contentUrl":"https:\/\/hobstop.ee\/media\/4761.jpg","width":1024,"height":768},{"@type":"BreadcrumbList","@id":"https:\/\/hobstop.ee\/lv\/produkts\/markieris-monami-pro\/#breadcrumb","itemListElement":[{"@type":"ListItem","position":1,"name":"Avaleht","item":"https:\/\/www.hobstop.ee\/lv\/"},{"@type":"ListItem","position":2,"name":"Veikals","item":"https:\/\/www.hobstop.ee\/lv\/veikals\/"},{"@type":"ListItem","position":3,"name":"Mar\u0137ieris Monami Pro"}]},{"@type":"WebSite","@id":"https:\/\/hobstop.ee\/lv\/#website","url":"https:\/\/hobstop.ee\/lv\/","name":"Skizze","description":"M\u0101kslas, hobiju un skolas preces","publisher":{"@id":"https:\/\/hobstop.ee\/lv\/#organization"},"potentialAction":[{"@type":"SearchAction","target":{"@type":"EntryPoint","urlTemplate":"https:\/\/hobstop.ee\/lv\/?s={search_term_string}"},"query-input":{"@type":"PropertyValueSpecification","valueRequired":true,"valueName":"search_term_string"}}],"inLanguage":"lv-LV"},{"@type":"Organization","@id":"https:\/\/hobstop.ee\/lv\/#organization","name":"Vunder AS","url":"https:\/\/hobstop.ee\/lv\/","logo":{"@type":"ImageObject","inLanguage":"lv-LV","@id":"https:\/\/hobstop.ee\/lv\/#\/schema\/logo\/image\/","url":"https:\/\/hobstop.ee\/media\/vunder-logo.png","contentUrl":"https:\/\/hobstop.ee\/media\/vunder-logo.png","width":127,"height":55,"caption":"Vunder AS"},"image":{"@id":"https:\/\/hobstop.ee\/lv\/#\/schema\/logo\/image\/"},"sameAs":["http:\/\/www.facebook.com\/VunderSkizze"]}]}},"_links":{"self":[{"href":"https:\/\/hobstop.ee\/lv\/wp-json\/wp\/v2\/product\/311943","targetHints":{"allow":["GET"]}}],"collection":[{"href":"https:\/\/hobstop.ee\/lv\/wp-json\/wp\/v2\/product"}],"about":[{"href":"https:\/\/hobstop.ee\/lv\/wp-json\/wp\/v2\/types\/product"}],"replies":[{"embeddable":true,"href":"https:\/\/hobstop.ee\/lv\/wp-json\/wp\/v2\/comments?post=311943"}],"wp:featuredmedia":[{"embeddable":true,"href":"https:\/\/hobstop.ee\/lv\/wp-json\/wp\/v2\/media\/312423"}],"wp:attachment":[{"href":"https:\/\/hobstop.ee\/lv\/wp-json\/wp\/v2\/media?parent=311943"}],"wp:term":[{"taxonomy":"product_cat","embeddable":true,"href":"https:\/\/hobstop.ee\/lv\/wp-json\/wp\/v2\/product_cat?post=311943"},{"taxonomy":"product_tag","embeddable":true,"href":"https:\/\/hobstop.ee\/lv\/wp-json\/wp\/v2\/product_tag?post=311943"}],"curies":[{"name":"wp","href":"https:\/\/api.w.org\/{rel}","templated":true}]}}