{"id":311951,"date":"2018-06-28T14:15:17","date_gmt":"2018-06-28T11:15:17","guid":{"rendered":"https:\/\/sharks.ee\/vunder_2019\/lv\/product\/markieris-monami-permanent-xf-103\/"},"modified":"2018-06-28T14:15:17","modified_gmt":"2018-06-28T11:15:17","slug":"markieris-monami-permanent-xf-103","status":"publish","type":"product","link":"https:\/\/hobstop.ee\/lv\/produkts\/markieris-monami-permanent-xf-103\/","title":{"rendered":"Mar\u0137ieris Monami Permanent XF 103"},"content":{"rendered":"<p>Monami XF 103 permanentais mar\u0137ieris ir ide\u0101ls pl\u0101nai un prec\u012bzai mar\u0137\u0113\u0161anai uz \u0161aur\u0101m virsm\u0101m. Uz spirta b\u0101zes veidot\u0101 \u0161\u0137idr\u0101 tinte piem\u0113rota izmanto\u0161anai uz t\u0101d\u0101m virsm\u0101m k\u0101 stikls, plastmasa, met\u0101ls, koks uc.<\/p>\n","protected":false},"excerpt":{"rendered":"<p>Monami XF 103 permanentais mar\u0137ieris ir ide\u0101ls pl\u0101nai un prec\u012bzai mar\u0137\u0113\u0161anai uz \u0161aur\u0101m virsm\u0101m. Uz spirta b\u0101zes veidot\u0101 \u0161\u0137idr\u0101 tinte piem\u0113rota izmanto\u0161anai uz t\u0101d\u0101m virsm\u0101m k\u0101 stikls, plastmasa, met\u0101ls, koks uc.<\/p>\n","protected":false},"featured_media":312431,"comment_status":"closed","ping_status":"closed","template":"","meta":{"_acf_changed":false,"ep_exclude_from_search":false},"product_cat":[19673,18519],"product_tag":[],"class_list":{"0":"post-311951","1":"product","2":"type-product","3":"status-publish","4":"has-post-thumbnail","6":"product_cat-markeri","7":"product_cat-rakstampiederumi-2","9":"first","10":"instock","11":"taxable","12":"shipping-taxable","13":"purchasable","14":"product-type-simple"},"acf":[],"yoast_head":"<!-- This site is optimized with the Yoast SEO plugin v24.1 - https:\/\/yoast.com\/wordpress\/plugins\/seo\/ -->\n<title>Mar\u0137ieris Monami Permanent XF 103 &#8211; Skizze<\/title>\n<meta name=\"robots\" content=\"noindex, follow, max-snippet:-1, max-image-preview:large, max-video-preview:-1\" \/>\n<meta property=\"og:locale\" content=\"lv_LV\" \/>\n<meta property=\"og:type\" content=\"article\" \/>\n<meta property=\"og:title\" content=\"Mar\u0137ieris Monami Permanent XF 103 &#8211; Skizze\" \/>\n<meta property=\"og:description\" content=\"Monami XF 103 permanentais mar\u0137ieris ir ide\u0101ls pl\u0101nai un prec\u012bzai mar\u0137\u0113\u0161anai uz \u0161aur\u0101m virsm\u0101m. Uz spirta b\u0101zes veidot\u0101 \u0161\u0137idr\u0101 tinte piem\u0113rota izmanto\u0161anai uz t\u0101d\u0101m virsm\u0101m k\u0101 stikls, plastmasa, met\u0101ls, koks uc.\" \/>\n<meta property=\"og:url\" content=\"https:\/\/hobstop.ee\/lv\/produkts\/markieris-monami-permanent-xf-103\/\" \/>\n<meta property=\"og:site_name\" content=\"Skizze\" \/>\n<meta property=\"article:publisher\" content=\"http:\/\/www.facebook.com\/VunderSkizze\" \/>\n<meta property=\"og:image\" content=\"https:\/\/hobstop.ee\/media\/4763.jpg\" \/>\n\t<meta property=\"og:image:width\" content=\"1024\" \/>\n\t<meta property=\"og:image:height\" content=\"769\" \/>\n\t<meta property=\"og:image:type\" content=\"image\/jpeg\" \/>\n<meta name=\"twitter:card\" content=\"summary_large_image\" \/>\n<script type=\"application\/ld+json\" class=\"yoast-schema-graph\">{\"@context\":\"https:\/\/schema.org\",\"@graph\":[{\"@type\":\"WebPage\",\"@id\":\"https:\/\/hobstop.ee\/lv\/produkts\/markieris-monami-permanent-xf-103\/\",\"url\":\"https:\/\/hobstop.ee\/lv\/produkts\/markieris-monami-permanent-xf-103\/\",\"name\":\"Mar\u0137ieris Monami Permanent XF 103 &#8211; Skizze\",\"isPartOf\":{\"@id\":\"https:\/\/hobstop.ee\/lv\/#website\"},\"primaryImageOfPage\":{\"@id\":\"https:\/\/hobstop.ee\/lv\/produkts\/markieris-monami-permanent-xf-103\/#primaryimage\"},\"image\":{\"@id\":\"https:\/\/hobstop.ee\/lv\/produkts\/markieris-monami-permanent-xf-103\/#primaryimage\"},\"thumbnailUrl\":\"https:\/\/hobstop.ee\/media\/4763.jpg\",\"datePublished\":\"2018-06-28T11:15:17+00:00\",\"dateModified\":\"2018-06-28T11:15:17+00:00\",\"breadcrumb\":{\"@id\":\"https:\/\/hobstop.ee\/lv\/produkts\/markieris-monami-permanent-xf-103\/#breadcrumb\"},\"inLanguage\":\"lv-LV\",\"potentialAction\":[{\"@type\":\"ReadAction\",\"target\":[\"https:\/\/hobstop.ee\/lv\/produkts\/markieris-monami-permanent-xf-103\/\"]}]},{\"@type\":\"ImageObject\",\"inLanguage\":\"lv-LV\",\"@id\":\"https:\/\/hobstop.ee\/lv\/produkts\/markieris-monami-permanent-xf-103\/#primaryimage\",\"url\":\"https:\/\/hobstop.ee\/media\/4763.jpg\",\"contentUrl\":\"https:\/\/hobstop.ee\/media\/4763.jpg\",\"width\":1024,\"height\":769},{\"@type\":\"BreadcrumbList\",\"@id\":\"https:\/\/hobstop.ee\/lv\/produkts\/markieris-monami-permanent-xf-103\/#breadcrumb\",\"itemListElement\":[{\"@type\":\"ListItem\",\"position\":1,\"name\":\"Avaleht\",\"item\":\"https:\/\/www.hobstop.ee\/lv\/\"},{\"@type\":\"ListItem\",\"position\":2,\"name\":\"Veikals\",\"item\":\"https:\/\/www.hobstop.ee\/lv\/veikals\/\"},{\"@type\":\"ListItem\",\"position\":3,\"name\":\"Mar\u0137ieris Monami Permanent XF 103\"}]},{\"@type\":\"WebSite\",\"@id\":\"https:\/\/hobstop.ee\/lv\/#website\",\"url\":\"https:\/\/hobstop.ee\/lv\/\",\"name\":\"Skizze\",\"description\":\"M\u0101kslas, hobiju un skolas preces\",\"publisher\":{\"@id\":\"https:\/\/hobstop.ee\/lv\/#organization\"},\"potentialAction\":[{\"@type\":\"SearchAction\",\"target\":{\"@type\":\"EntryPoint\",\"urlTemplate\":\"https:\/\/hobstop.ee\/lv\/?s={search_term_string}\"},\"query-input\":{\"@type\":\"PropertyValueSpecification\",\"valueRequired\":true,\"valueName\":\"search_term_string\"}}],\"inLanguage\":\"lv-LV\"},{\"@type\":\"Organization\",\"@id\":\"https:\/\/hobstop.ee\/lv\/#organization\",\"name\":\"Vunder AS\",\"url\":\"https:\/\/hobstop.ee\/lv\/\",\"logo\":{\"@type\":\"ImageObject\",\"inLanguage\":\"lv-LV\",\"@id\":\"https:\/\/hobstop.ee\/lv\/#\/schema\/logo\/image\/\",\"url\":\"https:\/\/hobstop.ee\/media\/vunder-logo.png\",\"contentUrl\":\"https:\/\/hobstop.ee\/media\/vunder-logo.png\",\"width\":127,\"height\":55,\"caption\":\"Vunder AS\"},\"image\":{\"@id\":\"https:\/\/hobstop.ee\/lv\/#\/schema\/logo\/image\/\"},\"sameAs\":[\"http:\/\/www.facebook.com\/VunderSkizze\"]}]}<\/script>\n<!-- \/ Yoast SEO plugin. -->","yoast_head_json":{"title":"Mar\u0137ieris Monami Permanent XF 103 &#8211; Skizze","robots":{"index":"noindex","follow":"follow","max-snippet":"max-snippet:-1","max-image-preview":"max-image-preview:large","max-video-preview":"max-video-preview:-1"},"og_locale":"lv_LV","og_type":"article","og_title":"Mar\u0137ieris Monami Permanent XF 103 &#8211; Skizze","og_description":"Monami XF 103 permanentais mar\u0137ieris ir ide\u0101ls pl\u0101nai un prec\u012bzai mar\u0137\u0113\u0161anai uz \u0161aur\u0101m virsm\u0101m. Uz spirta b\u0101zes veidot\u0101 \u0161\u0137idr\u0101 tinte piem\u0113rota izmanto\u0161anai uz t\u0101d\u0101m virsm\u0101m k\u0101 stikls, plastmasa, met\u0101ls, koks uc.","og_url":"https:\/\/hobstop.ee\/lv\/produkts\/markieris-monami-permanent-xf-103\/","og_site_name":"Skizze","article_publisher":"http:\/\/www.facebook.com\/VunderSkizze","og_image":[{"width":1024,"height":769,"url":"https:\/\/hobstop.ee\/media\/4763.jpg","type":"image\/jpeg"}],"twitter_card":"summary_large_image","schema":{"@context":"https:\/\/schema.org","@graph":[{"@type":"WebPage","@id":"https:\/\/hobstop.ee\/lv\/produkts\/markieris-monami-permanent-xf-103\/","url":"https:\/\/hobstop.ee\/lv\/produkts\/markieris-monami-permanent-xf-103\/","name":"Mar\u0137ieris Monami Permanent XF 103 &#8211; Skizze","isPartOf":{"@id":"https:\/\/hobstop.ee\/lv\/#website"},"primaryImageOfPage":{"@id":"https:\/\/hobstop.ee\/lv\/produkts\/markieris-monami-permanent-xf-103\/#primaryimage"},"image":{"@id":"https:\/\/hobstop.ee\/lv\/produkts\/markieris-monami-permanent-xf-103\/#primaryimage"},"thumbnailUrl":"https:\/\/hobstop.ee\/media\/4763.jpg","datePublished":"2018-06-28T11:15:17+00:00","dateModified":"2018-06-28T11:15:17+00:00","breadcrumb":{"@id":"https:\/\/hobstop.ee\/lv\/produkts\/markieris-monami-permanent-xf-103\/#breadcrumb"},"inLanguage":"lv-LV","potentialAction":[{"@type":"ReadAction","target":["https:\/\/hobstop.ee\/lv\/produkts\/markieris-monami-permanent-xf-103\/"]}]},{"@type":"ImageObject","inLanguage":"lv-LV","@id":"https:\/\/hobstop.ee\/lv\/produkts\/markieris-monami-permanent-xf-103\/#primaryimage","url":"https:\/\/hobstop.ee\/media\/4763.jpg","contentUrl":"https:\/\/hobstop.ee\/media\/4763.jpg","width":1024,"height":769},{"@type":"BreadcrumbList","@id":"https:\/\/hobstop.ee\/lv\/produkts\/markieris-monami-permanent-xf-103\/#breadcrumb","itemListElement":[{"@type":"ListItem","position":1,"name":"Avaleht","item":"https:\/\/www.hobstop.ee\/lv\/"},{"@type":"ListItem","position":2,"name":"Veikals","item":"https:\/\/www.hobstop.ee\/lv\/veikals\/"},{"@type":"ListItem","position":3,"name":"Mar\u0137ieris Monami Permanent XF 103"}]},{"@type":"WebSite","@id":"https:\/\/hobstop.ee\/lv\/#website","url":"https:\/\/hobstop.ee\/lv\/","name":"Skizze","description":"M\u0101kslas, hobiju un skolas preces","publisher":{"@id":"https:\/\/hobstop.ee\/lv\/#organization"},"potentialAction":[{"@type":"SearchAction","target":{"@type":"EntryPoint","urlTemplate":"https:\/\/hobstop.ee\/lv\/?s={search_term_string}"},"query-input":{"@type":"PropertyValueSpecification","valueRequired":true,"valueName":"search_term_string"}}],"inLanguage":"lv-LV"},{"@type":"Organization","@id":"https:\/\/hobstop.ee\/lv\/#organization","name":"Vunder AS","url":"https:\/\/hobstop.ee\/lv\/","logo":{"@type":"ImageObject","inLanguage":"lv-LV","@id":"https:\/\/hobstop.ee\/lv\/#\/schema\/logo\/image\/","url":"https:\/\/hobstop.ee\/media\/vunder-logo.png","contentUrl":"https:\/\/hobstop.ee\/media\/vunder-logo.png","width":127,"height":55,"caption":"Vunder AS"},"image":{"@id":"https:\/\/hobstop.ee\/lv\/#\/schema\/logo\/image\/"},"sameAs":["http:\/\/www.facebook.com\/VunderSkizze"]}]}},"_links":{"self":[{"href":"https:\/\/hobstop.ee\/lv\/wp-json\/wp\/v2\/product\/311951","targetHints":{"allow":["GET"]}}],"collection":[{"href":"https:\/\/hobstop.ee\/lv\/wp-json\/wp\/v2\/product"}],"about":[{"href":"https:\/\/hobstop.ee\/lv\/wp-json\/wp\/v2\/types\/product"}],"replies":[{"embeddable":true,"href":"https:\/\/hobstop.ee\/lv\/wp-json\/wp\/v2\/comments?post=311951"}],"wp:featuredmedia":[{"embeddable":true,"href":"https:\/\/hobstop.ee\/lv\/wp-json\/wp\/v2\/media\/312431"}],"wp:attachment":[{"href":"https:\/\/hobstop.ee\/lv\/wp-json\/wp\/v2\/media?parent=311951"}],"wp:term":[{"taxonomy":"product_cat","embeddable":true,"href":"https:\/\/hobstop.ee\/lv\/wp-json\/wp\/v2\/product_cat?post=311951"},{"taxonomy":"product_tag","embeddable":true,"href":"https:\/\/hobstop.ee\/lv\/wp-json\/wp\/v2\/product_tag?post=311951"}],"curies":[{"name":"wp","href":"https:\/\/api.w.org\/{rel}","templated":true}]}}