{"id":311955,"date":"2018-06-28T14:15:18","date_gmt":"2018-06-28T11:15:18","guid":{"rendered":"https:\/\/sharks.ee\/vunder_2019\/lv\/product\/markieris-monami-sigmaflo-permanent-f-122\/"},"modified":"2018-06-28T14:15:18","modified_gmt":"2018-06-28T11:15:18","slug":"markieris-monami-sigmaflo-permanent-f-122","status":"publish","type":"product","link":"https:\/\/hobstop.ee\/lv\/produkts\/markieris-monami-sigmaflo-permanent-f-122\/","title":{"rendered":"Mar\u0137ieris Monami SigmaFlo Permanent F 122"},"content":{"rendered":"<p>Monami SigmaFlo F 122 permanentais mar\u0137ieris ar smalko galu ir ide\u0101ls pl\u0101nai un delik\u0101tai mar\u0137\u0113\u0161anai. Uz spirta b\u0101zes veidot\u0101 \u0161\u0137idr\u0101 tinte piem\u0113rota izmanto\u0161anai uz t\u0101d\u0101m virsm\u0101m k\u0101 stikls, plastmasa, met\u0101ls, koks uc. T\u012bra tinte \u013cauj veidot ilgnotur\u012bgu darbu, tai ir dzi\u013c\u0101ka kr\u0101sa un ilg\u0101ks \u017e\u016b\u0161anas laiks, sal\u012bdzinot ar filtra tipa mar\u0137ieriem. Kl\u0101jas biez\u0101 k\u0101rt\u0101 un vienm\u0113r\u012bgi l\u012bdz p\u0113d\u0113jam tintes pilienam.<\/p>\n","protected":false},"excerpt":{"rendered":"<p>Monami SigmaFlo F 122 permanentais mar\u0137ieris ar smalko galu ir ide\u0101ls pl\u0101nai un delik\u0101tai mar\u0137\u0113\u0161anai. Uz spirta b\u0101zes veidot\u0101 \u0161\u0137idr\u0101 tinte piem\u0113rota izmanto\u0161anai uz t\u0101d\u0101m virsm\u0101m k\u0101 stikls, plastmasa, met\u0101ls, koks uc. T\u012bra tinte \u013cauj veidot ilgnotur\u012bgu darbu, tai ir dzi\u013c\u0101ka kr\u0101sa un ilg\u0101ks \u017e\u016b\u0161anas laiks, sal\u012bdzinot ar filtra tipa mar\u0137ieriem. Kl\u0101jas biez\u0101 k\u0101rt\u0101 un vienm\u0113r\u012bgi l\u012bdz p\u0113d\u0113jam tintes pilienam.<\/p>\n","protected":false},"featured_media":312435,"comment_status":"closed","ping_status":"closed","template":"","meta":{"_acf_changed":false,"ep_exclude_from_search":false},"product_cat":[19673,18519],"product_tag":[],"class_list":{"0":"post-311955","1":"product","2":"type-product","3":"status-publish","4":"has-post-thumbnail","6":"product_cat-permanentie-markieri","7":"product_cat-rakstampiederumi-2","9":"first","10":"instock","11":"taxable","12":"shipping-taxable","13":"purchasable","14":"product-type-simple"},"acf":[],"yoast_head":"<!-- This site is optimized with the Yoast SEO plugin v24.1 - https:\/\/yoast.com\/wordpress\/plugins\/seo\/ -->\n<title>Mar\u0137ieris Monami SigmaFlo Permanent F 122 &#8211; Skizze<\/title>\n<meta name=\"robots\" content=\"noindex, follow, max-snippet:-1, max-image-preview:large, max-video-preview:-1\" \/>\n<meta property=\"og:locale\" content=\"lv_LV\" \/>\n<meta property=\"og:type\" content=\"article\" \/>\n<meta property=\"og:title\" content=\"Mar\u0137ieris Monami SigmaFlo Permanent F 122 &#8211; Skizze\" \/>\n<meta property=\"og:description\" content=\"Monami SigmaFlo F 122 permanentais mar\u0137ieris ar smalko galu ir ide\u0101ls pl\u0101nai un delik\u0101tai mar\u0137\u0113\u0161anai. Uz spirta b\u0101zes veidot\u0101 \u0161\u0137idr\u0101 tinte piem\u0113rota izmanto\u0161anai uz t\u0101d\u0101m virsm\u0101m k\u0101 stikls, plastmasa, met\u0101ls, koks uc. T\u012bra tinte \u013cauj veidot ilgnotur\u012bgu darbu, tai ir dzi\u013c\u0101ka kr\u0101sa un ilg\u0101ks \u017e\u016b\u0161anas laiks, sal\u012bdzinot ar filtra tipa mar\u0137ieriem. Kl\u0101jas biez\u0101 k\u0101rt\u0101 un vienm\u0113r\u012bgi l\u012bdz p\u0113d\u0113jam tintes pilienam.\" \/>\n<meta property=\"og:url\" content=\"https:\/\/hobstop.ee\/lv\/produkts\/markieris-monami-sigmaflo-permanent-f-122\/\" \/>\n<meta property=\"og:site_name\" content=\"Skizze\" \/>\n<meta property=\"article:publisher\" content=\"http:\/\/www.facebook.com\/VunderSkizze\" \/>\n<meta property=\"og:image\" content=\"https:\/\/hobstop.ee\/media\/4764.jpg\" \/>\n\t<meta property=\"og:image:width\" content=\"1024\" \/>\n\t<meta property=\"og:image:height\" content=\"768\" \/>\n\t<meta property=\"og:image:type\" content=\"image\/jpeg\" \/>\n<meta name=\"twitter:card\" content=\"summary_large_image\" \/>\n<script type=\"application\/ld+json\" class=\"yoast-schema-graph\">{\"@context\":\"https:\/\/schema.org\",\"@graph\":[{\"@type\":\"WebPage\",\"@id\":\"https:\/\/hobstop.ee\/lv\/produkts\/markieris-monami-sigmaflo-permanent-f-122\/\",\"url\":\"https:\/\/hobstop.ee\/lv\/produkts\/markieris-monami-sigmaflo-permanent-f-122\/\",\"name\":\"Mar\u0137ieris Monami SigmaFlo Permanent F 122 &#8211; Skizze\",\"isPartOf\":{\"@id\":\"https:\/\/hobstop.ee\/lv\/#website\"},\"primaryImageOfPage\":{\"@id\":\"https:\/\/hobstop.ee\/lv\/produkts\/markieris-monami-sigmaflo-permanent-f-122\/#primaryimage\"},\"image\":{\"@id\":\"https:\/\/hobstop.ee\/lv\/produkts\/markieris-monami-sigmaflo-permanent-f-122\/#primaryimage\"},\"thumbnailUrl\":\"https:\/\/hobstop.ee\/media\/4764.jpg\",\"datePublished\":\"2018-06-28T11:15:18+00:00\",\"dateModified\":\"2018-06-28T11:15:18+00:00\",\"breadcrumb\":{\"@id\":\"https:\/\/hobstop.ee\/lv\/produkts\/markieris-monami-sigmaflo-permanent-f-122\/#breadcrumb\"},\"inLanguage\":\"lv-LV\",\"potentialAction\":[{\"@type\":\"ReadAction\",\"target\":[\"https:\/\/hobstop.ee\/lv\/produkts\/markieris-monami-sigmaflo-permanent-f-122\/\"]}]},{\"@type\":\"ImageObject\",\"inLanguage\":\"lv-LV\",\"@id\":\"https:\/\/hobstop.ee\/lv\/produkts\/markieris-monami-sigmaflo-permanent-f-122\/#primaryimage\",\"url\":\"https:\/\/hobstop.ee\/media\/4764.jpg\",\"contentUrl\":\"https:\/\/hobstop.ee\/media\/4764.jpg\",\"width\":1024,\"height\":768},{\"@type\":\"BreadcrumbList\",\"@id\":\"https:\/\/hobstop.ee\/lv\/produkts\/markieris-monami-sigmaflo-permanent-f-122\/#breadcrumb\",\"itemListElement\":[{\"@type\":\"ListItem\",\"position\":1,\"name\":\"Avaleht\",\"item\":\"https:\/\/hobstop.ee\/lv\/\"},{\"@type\":\"ListItem\",\"position\":2,\"name\":\"Veikals\",\"item\":\"https:\/\/hobstop.ee\/lv\/veikals\/\"},{\"@type\":\"ListItem\",\"position\":3,\"name\":\"Mar\u0137ieris Monami SigmaFlo Permanent F 122\"}]},{\"@type\":\"WebSite\",\"@id\":\"https:\/\/hobstop.ee\/lv\/#website\",\"url\":\"https:\/\/hobstop.ee\/lv\/\",\"name\":\"Skizze\",\"description\":\"M\u0101kslas, hobiju un skolas preces\",\"publisher\":{\"@id\":\"https:\/\/hobstop.ee\/lv\/#organization\"},\"potentialAction\":[{\"@type\":\"SearchAction\",\"target\":{\"@type\":\"EntryPoint\",\"urlTemplate\":\"https:\/\/hobstop.ee\/lv\/?s={search_term_string}\"},\"query-input\":{\"@type\":\"PropertyValueSpecification\",\"valueRequired\":true,\"valueName\":\"search_term_string\"}}],\"inLanguage\":\"lv-LV\"},{\"@type\":\"Organization\",\"@id\":\"https:\/\/hobstop.ee\/lv\/#organization\",\"name\":\"Vunder AS\",\"url\":\"https:\/\/hobstop.ee\/lv\/\",\"logo\":{\"@type\":\"ImageObject\",\"inLanguage\":\"lv-LV\",\"@id\":\"https:\/\/hobstop.ee\/lv\/#\/schema\/logo\/image\/\",\"url\":\"https:\/\/hobstop.ee\/media\/vunder-logo.png\",\"contentUrl\":\"https:\/\/hobstop.ee\/media\/vunder-logo.png\",\"width\":127,\"height\":55,\"caption\":\"Vunder AS\"},\"image\":{\"@id\":\"https:\/\/hobstop.ee\/lv\/#\/schema\/logo\/image\/\"},\"sameAs\":[\"http:\/\/www.facebook.com\/VunderSkizze\"]}]}<\/script>\n<!-- \/ Yoast SEO plugin. -->","yoast_head_json":{"title":"Mar\u0137ieris Monami SigmaFlo Permanent F 122 &#8211; Skizze","robots":{"index":"noindex","follow":"follow","max-snippet":"max-snippet:-1","max-image-preview":"max-image-preview:large","max-video-preview":"max-video-preview:-1"},"og_locale":"lv_LV","og_type":"article","og_title":"Mar\u0137ieris Monami SigmaFlo Permanent F 122 &#8211; Skizze","og_description":"Monami SigmaFlo F 122 permanentais mar\u0137ieris ar smalko galu ir ide\u0101ls pl\u0101nai un delik\u0101tai mar\u0137\u0113\u0161anai. Uz spirta b\u0101zes veidot\u0101 \u0161\u0137idr\u0101 tinte piem\u0113rota izmanto\u0161anai uz t\u0101d\u0101m virsm\u0101m k\u0101 stikls, plastmasa, met\u0101ls, koks uc. T\u012bra tinte \u013cauj veidot ilgnotur\u012bgu darbu, tai ir dzi\u013c\u0101ka kr\u0101sa un ilg\u0101ks \u017e\u016b\u0161anas laiks, sal\u012bdzinot ar filtra tipa mar\u0137ieriem. Kl\u0101jas biez\u0101 k\u0101rt\u0101 un vienm\u0113r\u012bgi l\u012bdz p\u0113d\u0113jam tintes pilienam.","og_url":"https:\/\/hobstop.ee\/lv\/produkts\/markieris-monami-sigmaflo-permanent-f-122\/","og_site_name":"Skizze","article_publisher":"http:\/\/www.facebook.com\/VunderSkizze","og_image":[{"width":1024,"height":768,"url":"https:\/\/hobstop.ee\/media\/4764.jpg","type":"image\/jpeg"}],"twitter_card":"summary_large_image","schema":{"@context":"https:\/\/schema.org","@graph":[{"@type":"WebPage","@id":"https:\/\/hobstop.ee\/lv\/produkts\/markieris-monami-sigmaflo-permanent-f-122\/","url":"https:\/\/hobstop.ee\/lv\/produkts\/markieris-monami-sigmaflo-permanent-f-122\/","name":"Mar\u0137ieris Monami SigmaFlo Permanent F 122 &#8211; Skizze","isPartOf":{"@id":"https:\/\/hobstop.ee\/lv\/#website"},"primaryImageOfPage":{"@id":"https:\/\/hobstop.ee\/lv\/produkts\/markieris-monami-sigmaflo-permanent-f-122\/#primaryimage"},"image":{"@id":"https:\/\/hobstop.ee\/lv\/produkts\/markieris-monami-sigmaflo-permanent-f-122\/#primaryimage"},"thumbnailUrl":"https:\/\/hobstop.ee\/media\/4764.jpg","datePublished":"2018-06-28T11:15:18+00:00","dateModified":"2018-06-28T11:15:18+00:00","breadcrumb":{"@id":"https:\/\/hobstop.ee\/lv\/produkts\/markieris-monami-sigmaflo-permanent-f-122\/#breadcrumb"},"inLanguage":"lv-LV","potentialAction":[{"@type":"ReadAction","target":["https:\/\/hobstop.ee\/lv\/produkts\/markieris-monami-sigmaflo-permanent-f-122\/"]}]},{"@type":"ImageObject","inLanguage":"lv-LV","@id":"https:\/\/hobstop.ee\/lv\/produkts\/markieris-monami-sigmaflo-permanent-f-122\/#primaryimage","url":"https:\/\/hobstop.ee\/media\/4764.jpg","contentUrl":"https:\/\/hobstop.ee\/media\/4764.jpg","width":1024,"height":768},{"@type":"BreadcrumbList","@id":"https:\/\/hobstop.ee\/lv\/produkts\/markieris-monami-sigmaflo-permanent-f-122\/#breadcrumb","itemListElement":[{"@type":"ListItem","position":1,"name":"Avaleht","item":"https:\/\/hobstop.ee\/lv\/"},{"@type":"ListItem","position":2,"name":"Veikals","item":"https:\/\/hobstop.ee\/lv\/veikals\/"},{"@type":"ListItem","position":3,"name":"Mar\u0137ieris Monami SigmaFlo Permanent F 122"}]},{"@type":"WebSite","@id":"https:\/\/hobstop.ee\/lv\/#website","url":"https:\/\/hobstop.ee\/lv\/","name":"Skizze","description":"M\u0101kslas, hobiju un skolas preces","publisher":{"@id":"https:\/\/hobstop.ee\/lv\/#organization"},"potentialAction":[{"@type":"SearchAction","target":{"@type":"EntryPoint","urlTemplate":"https:\/\/hobstop.ee\/lv\/?s={search_term_string}"},"query-input":{"@type":"PropertyValueSpecification","valueRequired":true,"valueName":"search_term_string"}}],"inLanguage":"lv-LV"},{"@type":"Organization","@id":"https:\/\/hobstop.ee\/lv\/#organization","name":"Vunder AS","url":"https:\/\/hobstop.ee\/lv\/","logo":{"@type":"ImageObject","inLanguage":"lv-LV","@id":"https:\/\/hobstop.ee\/lv\/#\/schema\/logo\/image\/","url":"https:\/\/hobstop.ee\/media\/vunder-logo.png","contentUrl":"https:\/\/hobstop.ee\/media\/vunder-logo.png","width":127,"height":55,"caption":"Vunder AS"},"image":{"@id":"https:\/\/hobstop.ee\/lv\/#\/schema\/logo\/image\/"},"sameAs":["http:\/\/www.facebook.com\/VunderSkizze"]}]}},"_links":{"self":[{"href":"https:\/\/hobstop.ee\/lv\/wp-json\/wp\/v2\/product\/311955","targetHints":{"allow":["GET"]}}],"collection":[{"href":"https:\/\/hobstop.ee\/lv\/wp-json\/wp\/v2\/product"}],"about":[{"href":"https:\/\/hobstop.ee\/lv\/wp-json\/wp\/v2\/types\/product"}],"replies":[{"embeddable":true,"href":"https:\/\/hobstop.ee\/lv\/wp-json\/wp\/v2\/comments?post=311955"}],"wp:featuredmedia":[{"embeddable":true,"href":"https:\/\/hobstop.ee\/lv\/wp-json\/wp\/v2\/media\/312435"}],"wp:attachment":[{"href":"https:\/\/hobstop.ee\/lv\/wp-json\/wp\/v2\/media?parent=311955"}],"wp:term":[{"taxonomy":"product_cat","embeddable":true,"href":"https:\/\/hobstop.ee\/lv\/wp-json\/wp\/v2\/product_cat?post=311955"},{"taxonomy":"product_tag","embeddable":true,"href":"https:\/\/hobstop.ee\/lv\/wp-json\/wp\/v2\/product_tag?post=311955"}],"curies":[{"name":"wp","href":"https:\/\/api.w.org\/{rel}","templated":true}]}}