{"id":311959,"date":"2018-06-28T14:15:20","date_gmt":"2018-06-28T11:15:20","guid":{"rendered":"https:\/\/sharks.ee\/vunder_2019\/lv\/product\/markieris-monami-garden-450\/"},"modified":"2018-06-28T14:15:20","modified_gmt":"2018-06-28T11:15:20","slug":"markieris-monami-garden-450","status":"publish","type":"product","link":"https:\/\/hobstop.ee\/lv\/produkts\/markieris-monami-garden-450\/","title":{"rendered":"Mar\u0137ieris Monami Garden 450"},"content":{"rendered":"<p>Monami Garden Marker ir ide\u0101li piem\u0113rots izmanto\u0161anai \u0101rpus telp\u0101m, piem\u0113ram, veicot mar\u0137\u0113jumus uz eti\u0137et\u0113m, ce\u013cu z\u012bm\u0113m, pu\u0137u podiem utt. Tas ir \u013coti iztur\u012bgs pret \u0101r\u0113j\u0101s vides kait\u012bgo ietekmi, ar lielisk\u0101m gaismas iztur\u012bbas \u012bpa\u0161\u012bb\u0101m un \u016bdensnecaurlaid\u012bgu tinti.<\/p>\n","protected":false},"excerpt":{"rendered":"<p>Monami Garden Marker ir ide\u0101li piem\u0113rots izmanto\u0161anai \u0101rpus telp\u0101m, piem\u0113ram, veicot mar\u0137\u0113jumus uz eti\u0137et\u0113m, ce\u013cu z\u012bm\u0113m, pu\u0137u podiem utt. Tas ir \u013coti iztur\u012bgs pret \u0101r\u0113j\u0101s vides kait\u012bgo ietekmi, ar lielisk\u0101m gaismas iztur\u012bbas \u012bpa\u0161\u012bb\u0101m un \u016bdensnecaurlaid\u012bgu tinti.<\/p>\n","protected":false},"featured_media":0,"comment_status":"closed","ping_status":"closed","template":"","meta":{"_acf_changed":false,"ep_exclude_from_search":false},"product_cat":[19673,18519],"product_tag":[],"class_list":{"0":"post-311959","1":"product","2":"type-product","3":"status-publish","5":"product_cat-permanentie-markieri","6":"product_cat-rakstampiederumi-2","8":"first","9":"instock","10":"taxable","11":"shipping-taxable","12":"product-type-simple"},"acf":[],"yoast_head":"<!-- This site is optimized with the Yoast SEO plugin v24.1 - https:\/\/yoast.com\/wordpress\/plugins\/seo\/ -->\n<title>Mar\u0137ieris Monami Garden 450 &#8211; Skizze<\/title>\n<meta name=\"robots\" content=\"noindex, follow, max-snippet:-1, max-image-preview:large, max-video-preview:-1\" \/>\n<meta property=\"og:locale\" content=\"lv_LV\" \/>\n<meta property=\"og:type\" content=\"article\" \/>\n<meta property=\"og:title\" content=\"Mar\u0137ieris Monami Garden 450 &#8211; Skizze\" \/>\n<meta property=\"og:description\" content=\"Monami Garden Marker ir ide\u0101li piem\u0113rots izmanto\u0161anai \u0101rpus telp\u0101m, piem\u0113ram, veicot mar\u0137\u0113jumus uz eti\u0137et\u0113m, ce\u013cu z\u012bm\u0113m, pu\u0137u podiem utt. Tas ir \u013coti iztur\u012bgs pret \u0101r\u0113j\u0101s vides kait\u012bgo ietekmi, ar lielisk\u0101m gaismas iztur\u012bbas \u012bpa\u0161\u012bb\u0101m un \u016bdensnecaurlaid\u012bgu tinti.\" \/>\n<meta property=\"og:url\" content=\"https:\/\/hobstop.ee\/lv\/produkts\/markieris-monami-garden-450\/\" \/>\n<meta property=\"og:site_name\" content=\"Skizze\" \/>\n<meta property=\"article:publisher\" content=\"http:\/\/www.facebook.com\/VunderSkizze\" \/>\n<meta name=\"twitter:card\" content=\"summary_large_image\" \/>\n<script type=\"application\/ld+json\" class=\"yoast-schema-graph\">{\"@context\":\"https:\/\/schema.org\",\"@graph\":[{\"@type\":\"WebPage\",\"@id\":\"https:\/\/hobstop.ee\/lv\/produkts\/markieris-monami-garden-450\/\",\"url\":\"https:\/\/hobstop.ee\/lv\/produkts\/markieris-monami-garden-450\/\",\"name\":\"Mar\u0137ieris Monami Garden 450 &#8211; Skizze\",\"isPartOf\":{\"@id\":\"https:\/\/hobstop.ee\/lv\/#website\"},\"datePublished\":\"2018-06-28T11:15:20+00:00\",\"dateModified\":\"2018-06-28T11:15:20+00:00\",\"breadcrumb\":{\"@id\":\"https:\/\/hobstop.ee\/lv\/produkts\/markieris-monami-garden-450\/#breadcrumb\"},\"inLanguage\":\"lv-LV\",\"potentialAction\":[{\"@type\":\"ReadAction\",\"target\":[\"https:\/\/hobstop.ee\/lv\/produkts\/markieris-monami-garden-450\/\"]}]},{\"@type\":\"BreadcrumbList\",\"@id\":\"https:\/\/hobstop.ee\/lv\/produkts\/markieris-monami-garden-450\/#breadcrumb\",\"itemListElement\":[{\"@type\":\"ListItem\",\"position\":1,\"name\":\"Avaleht\",\"item\":\"https:\/\/hobstop.ee\/lv\/\"},{\"@type\":\"ListItem\",\"position\":2,\"name\":\"Veikals\",\"item\":\"https:\/\/hobstop.ee\/lv\/veikals\/\"},{\"@type\":\"ListItem\",\"position\":3,\"name\":\"Mar\u0137ieris Monami Garden 450\"}]},{\"@type\":\"WebSite\",\"@id\":\"https:\/\/hobstop.ee\/lv\/#website\",\"url\":\"https:\/\/hobstop.ee\/lv\/\",\"name\":\"Skizze\",\"description\":\"M\u0101kslas, hobiju un skolas preces\",\"publisher\":{\"@id\":\"https:\/\/hobstop.ee\/lv\/#organization\"},\"potentialAction\":[{\"@type\":\"SearchAction\",\"target\":{\"@type\":\"EntryPoint\",\"urlTemplate\":\"https:\/\/hobstop.ee\/lv\/?s={search_term_string}\"},\"query-input\":{\"@type\":\"PropertyValueSpecification\",\"valueRequired\":true,\"valueName\":\"search_term_string\"}}],\"inLanguage\":\"lv-LV\"},{\"@type\":\"Organization\",\"@id\":\"https:\/\/hobstop.ee\/lv\/#organization\",\"name\":\"Vunder AS\",\"url\":\"https:\/\/hobstop.ee\/lv\/\",\"logo\":{\"@type\":\"ImageObject\",\"inLanguage\":\"lv-LV\",\"@id\":\"https:\/\/hobstop.ee\/lv\/#\/schema\/logo\/image\/\",\"url\":\"https:\/\/hobstop.ee\/media\/vunder-logo.png\",\"contentUrl\":\"https:\/\/hobstop.ee\/media\/vunder-logo.png\",\"width\":127,\"height\":55,\"caption\":\"Vunder AS\"},\"image\":{\"@id\":\"https:\/\/hobstop.ee\/lv\/#\/schema\/logo\/image\/\"},\"sameAs\":[\"http:\/\/www.facebook.com\/VunderSkizze\"]}]}<\/script>\n<!-- \/ Yoast SEO plugin. -->","yoast_head_json":{"title":"Mar\u0137ieris Monami Garden 450 &#8211; Skizze","robots":{"index":"noindex","follow":"follow","max-snippet":"max-snippet:-1","max-image-preview":"max-image-preview:large","max-video-preview":"max-video-preview:-1"},"og_locale":"lv_LV","og_type":"article","og_title":"Mar\u0137ieris Monami Garden 450 &#8211; Skizze","og_description":"Monami Garden Marker ir ide\u0101li piem\u0113rots izmanto\u0161anai \u0101rpus telp\u0101m, piem\u0113ram, veicot mar\u0137\u0113jumus uz eti\u0137et\u0113m, ce\u013cu z\u012bm\u0113m, pu\u0137u podiem utt. Tas ir \u013coti iztur\u012bgs pret \u0101r\u0113j\u0101s vides kait\u012bgo ietekmi, ar lielisk\u0101m gaismas iztur\u012bbas \u012bpa\u0161\u012bb\u0101m un \u016bdensnecaurlaid\u012bgu tinti.","og_url":"https:\/\/hobstop.ee\/lv\/produkts\/markieris-monami-garden-450\/","og_site_name":"Skizze","article_publisher":"http:\/\/www.facebook.com\/VunderSkizze","twitter_card":"summary_large_image","schema":{"@context":"https:\/\/schema.org","@graph":[{"@type":"WebPage","@id":"https:\/\/hobstop.ee\/lv\/produkts\/markieris-monami-garden-450\/","url":"https:\/\/hobstop.ee\/lv\/produkts\/markieris-monami-garden-450\/","name":"Mar\u0137ieris Monami Garden 450 &#8211; Skizze","isPartOf":{"@id":"https:\/\/hobstop.ee\/lv\/#website"},"datePublished":"2018-06-28T11:15:20+00:00","dateModified":"2018-06-28T11:15:20+00:00","breadcrumb":{"@id":"https:\/\/hobstop.ee\/lv\/produkts\/markieris-monami-garden-450\/#breadcrumb"},"inLanguage":"lv-LV","potentialAction":[{"@type":"ReadAction","target":["https:\/\/hobstop.ee\/lv\/produkts\/markieris-monami-garden-450\/"]}]},{"@type":"BreadcrumbList","@id":"https:\/\/hobstop.ee\/lv\/produkts\/markieris-monami-garden-450\/#breadcrumb","itemListElement":[{"@type":"ListItem","position":1,"name":"Avaleht","item":"https:\/\/hobstop.ee\/lv\/"},{"@type":"ListItem","position":2,"name":"Veikals","item":"https:\/\/hobstop.ee\/lv\/veikals\/"},{"@type":"ListItem","position":3,"name":"Mar\u0137ieris Monami Garden 450"}]},{"@type":"WebSite","@id":"https:\/\/hobstop.ee\/lv\/#website","url":"https:\/\/hobstop.ee\/lv\/","name":"Skizze","description":"M\u0101kslas, hobiju un skolas preces","publisher":{"@id":"https:\/\/hobstop.ee\/lv\/#organization"},"potentialAction":[{"@type":"SearchAction","target":{"@type":"EntryPoint","urlTemplate":"https:\/\/hobstop.ee\/lv\/?s={search_term_string}"},"query-input":{"@type":"PropertyValueSpecification","valueRequired":true,"valueName":"search_term_string"}}],"inLanguage":"lv-LV"},{"@type":"Organization","@id":"https:\/\/hobstop.ee\/lv\/#organization","name":"Vunder AS","url":"https:\/\/hobstop.ee\/lv\/","logo":{"@type":"ImageObject","inLanguage":"lv-LV","@id":"https:\/\/hobstop.ee\/lv\/#\/schema\/logo\/image\/","url":"https:\/\/hobstop.ee\/media\/vunder-logo.png","contentUrl":"https:\/\/hobstop.ee\/media\/vunder-logo.png","width":127,"height":55,"caption":"Vunder AS"},"image":{"@id":"https:\/\/hobstop.ee\/lv\/#\/schema\/logo\/image\/"},"sameAs":["http:\/\/www.facebook.com\/VunderSkizze"]}]}},"_links":{"self":[{"href":"https:\/\/hobstop.ee\/lv\/wp-json\/wp\/v2\/product\/311959","targetHints":{"allow":["GET"]}}],"collection":[{"href":"https:\/\/hobstop.ee\/lv\/wp-json\/wp\/v2\/product"}],"about":[{"href":"https:\/\/hobstop.ee\/lv\/wp-json\/wp\/v2\/types\/product"}],"replies":[{"embeddable":true,"href":"https:\/\/hobstop.ee\/lv\/wp-json\/wp\/v2\/comments?post=311959"}],"wp:attachment":[{"href":"https:\/\/hobstop.ee\/lv\/wp-json\/wp\/v2\/media?parent=311959"}],"wp:term":[{"taxonomy":"product_cat","embeddable":true,"href":"https:\/\/hobstop.ee\/lv\/wp-json\/wp\/v2\/product_cat?post=311959"},{"taxonomy":"product_tag","embeddable":true,"href":"https:\/\/hobstop.ee\/lv\/wp-json\/wp\/v2\/product_tag?post=311959"}],"curies":[{"name":"wp","href":"https:\/\/api.w.org\/{rel}","templated":true}]}}