{"id":311967,"date":"2018-06-28T14:15:23","date_gmt":"2018-06-28T11:15:23","guid":{"rendered":"https:\/\/sharks.ee\/vunder_2019\/lv\/product\/ellas-krasu-komplekts-sennelier-artist\/"},"modified":"2018-06-28T14:15:23","modified_gmt":"2018-06-28T11:15:23","slug":"ellas-krasu-komplekts-sennelier-artist","status":"publish","type":"product","link":"https:\/\/hobstop.ee\/lv\/produkts\/ellas-krasu-komplekts-sennelier-artist\/","title":{"rendered":"E\u013c\u013cas kr\u0101su komplekts Sennelier Artist"},"content":{"rendered":"<p>Sennelier kaisl\u012bba attiec\u012bb\u0101 uz kr\u0101su \u0137\u012bmiju un fokus\u0113tu pigmentu izp\u0113ti vainagoj\u0101s ar to, ka tika att\u012bst\u012bts at\u0161\u0137ir\u012bgs e\u013c\u013cas kr\u0101su ra\u017eo\u0161anas process, kuru turpm\u0101k izmantoja no paaudzes paaudz\u0113. Sennelier interes\u0113ja tikai vislab\u0101kie dabiskie un neorganiskie pigmenti no visas pasaules. T\u012brie pigmenti tiek malti \u013coti l\u0113ni, \u012bpa\u0161i r\u016bp\u0113joties par izteikti smalku konsistenci. P\u0113c tam tos maksim\u0101l\u0101 koncentr\u0101cij\u0101 apvieno ar saflora e\u013c\u013cu, lai ieg\u016btu maksim\u0101lu iztur\u012bbu un sp\u012bd\u012bgu sat\u012bna apdari. \u0160iem smalkajiem pigmentiem ir unik\u0101la kr\u0113mveid\u012bga tekst\u016bra. Konsistence, kas s\u0101kotn\u0113ji tika izstr\u0101d\u0101ta ekspres\u012bvam impresionistu m\u0101kslinieku stilam, kuri 19. gadsimt\u0101 bie\u017ei vien apmekl\u0113ja Sennelier veikalu. R\u016bp\u012bgais darbs un pla\u0161\u0101s zin\u0101\u0161anas par pigmentu, k\u0101 ar\u012b talants un sadarb\u012bba ar Sezanu un citiem lielmeistariem rad\u012bja e\u013c\u013cas kr\u0101su paleti, kas \u0101tri k\u013cuva par kvalit\u0101tes standartu. Izmantojot ilgsto\u0161as, veiksm\u012bgas metodes, kas pilnveidotas vair\u0101k nek\u0101 simts gadus, uzlabot\u0101s kr\u0101sas tiek ra\u017eotas Dominika Sennelj\u0113ra (Dominique Sennelier) acu priek\u0161\u0101, lai nodro\u0161in\u0101tu 21. gadsimta m\u0101kslinieku pras\u012bbas. Sennelier trad\u012bcija atbilst m\u016bsdienu m\u0101kslinieku vajadz\u012bb\u0101m un m\u016bsdienu \u0137\u012bmijas inovat\u012bvajiem risin\u0101jumiem. Ar lepnumu Sennelier iepaz\u012bstina ar n\u0101kam\u0101s paaudzes e\u013c\u013c\u0101m, profesion\u0101lu, \u012bpa\u0161i smalku kr\u0101su kolekciju, kas uzlabo j\u016bsu paleti  un defin\u0113 kvalit\u0101ti no jauna.<\/p>\n","protected":false},"excerpt":{"rendered":"<p>Sennelier kaisl\u012bba attiec\u012bb\u0101 uz kr\u0101su \u0137\u012bmiju un fokus\u0113tu pigmentu izp\u0113ti vainagoj\u0101s ar to, ka tika att\u012bst\u012bts at\u0161\u0137ir\u012bgs e\u013c\u013cas kr\u0101su ra\u017eo\u0161anas process, kuru turpm\u0101k izmantoja no paaudzes paaudz\u0113. Sennelier interes\u0113ja tikai vislab\u0101kie dabiskie un neorganiskie pigmenti no visas pasaules. T\u012brie pigmenti tiek malti \u013coti l\u0113ni, \u012bpa\u0161i r\u016bp\u0113joties par izteikti smalku konsistenci. P\u0113c tam tos maksim\u0101l\u0101 koncentr\u0101cij\u0101 apvieno ar saflora e\u013c\u013cu, lai ieg\u016btu maksim\u0101lu iztur\u012bbu un sp\u012bd\u012bgu sat\u012bna apdari. \u0160iem smalkajiem pigmentiem ir unik\u0101la kr\u0113mveid\u012bga tekst\u016bra. Konsistence, kas s\u0101kotn\u0113ji tika izstr\u0101d\u0101ta ekspres\u012bvam impresionistu m\u0101kslinieku stilam, kuri 19. gadsimt\u0101 bie\u017ei vien apmekl\u0113ja Sennelier veikalu. R\u016bp\u012bgais darbs un pla\u0161\u0101s zin\u0101\u0161anas par pigmentu, k\u0101 ar\u012b talants un sadarb\u012bba ar Sezanu un citiem lielmeistariem rad\u012bja e\u013c\u013cas kr\u0101su paleti, kas \u0101tri k\u013cuva par kvalit\u0101tes standartu. Izmantojot ilgsto\u0161as, veiksm\u012bgas metodes, kas pilnveidotas vair\u0101k nek\u0101 simts gadus, uzlabot\u0101s kr\u0101sas tiek ra\u017eotas Dominika Sennelj\u0113ra (Dominique Sennelier) acu priek\u0161\u0101, lai nodro\u0161in\u0101tu 21. gadsimta m\u0101kslinieku pras\u012bbas. Sennelier trad\u012bcija atbilst m\u016bsdienu m\u0101kslinieku vajadz\u012bb\u0101m un m\u016bsdienu \u0137\u012bmijas inovat\u012bvajiem risin\u0101jumiem. Ar lepnumu Sennelier iepaz\u012bstina ar n\u0101kam\u0101s paaudzes e\u013c\u013c\u0101m, profesion\u0101lu, \u012bpa\u0161i smalku kr\u0101su kolekciju, kas uzlabo j\u016bsu paleti un defin\u0113 kvalit\u0101ti no jauna.<\/p>\n","protected":false},"featured_media":312447,"comment_status":"closed","ping_status":"closed","template":"","meta":{"_acf_changed":false,"ep_exclude_from_search":false},"product_cat":[18165,17980,16123],"product_tag":[],"class_list":{"0":"post-311967","1":"product","2":"type-product","3":"status-publish","4":"has-post-thumbnail","6":"product_cat-ellas-krasas-3","7":"product_cat-krasas-un-gleznosanas-paligmateriali","8":"product_cat-makslas-piederumi-2","10":"first","11":"instock","12":"taxable","13":"shipping-taxable","14":"product-type-simple"},"acf":[],"yoast_head":"<!-- This site is optimized with the Yoast SEO plugin v24.1 - https:\/\/yoast.com\/wordpress\/plugins\/seo\/ -->\n<title>E\u013c\u013cas kr\u0101su komplekts Sennelier Artist &#8211; Skizze<\/title>\n<meta name=\"robots\" content=\"noindex, follow, max-snippet:-1, max-image-preview:large, max-video-preview:-1\" \/>\n<meta property=\"og:locale\" content=\"lv_LV\" \/>\n<meta property=\"og:type\" content=\"article\" \/>\n<meta property=\"og:title\" content=\"E\u013c\u013cas kr\u0101su komplekts Sennelier Artist &#8211; Skizze\" \/>\n<meta property=\"og:description\" content=\"Sennelier kaisl\u012bba attiec\u012bb\u0101 uz kr\u0101su \u0137\u012bmiju un fokus\u0113tu pigmentu izp\u0113ti vainagoj\u0101s ar to, ka tika att\u012bst\u012bts at\u0161\u0137ir\u012bgs e\u013c\u013cas kr\u0101su ra\u017eo\u0161anas process, kuru turpm\u0101k izmantoja no paaudzes paaudz\u0113. Sennelier interes\u0113ja tikai vislab\u0101kie dabiskie un neorganiskie pigmenti no visas pasaules. T\u012brie pigmenti tiek malti \u013coti l\u0113ni, \u012bpa\u0161i r\u016bp\u0113joties par izteikti smalku konsistenci. P\u0113c tam tos maksim\u0101l\u0101 koncentr\u0101cij\u0101 apvieno ar saflora e\u013c\u013cu, lai ieg\u016btu maksim\u0101lu iztur\u012bbu un sp\u012bd\u012bgu sat\u012bna apdari. \u0160iem smalkajiem pigmentiem ir unik\u0101la kr\u0113mveid\u012bga tekst\u016bra. Konsistence, kas s\u0101kotn\u0113ji tika izstr\u0101d\u0101ta ekspres\u012bvam impresionistu m\u0101kslinieku stilam, kuri 19. gadsimt\u0101 bie\u017ei vien apmekl\u0113ja Sennelier veikalu. R\u016bp\u012bgais darbs un pla\u0161\u0101s zin\u0101\u0161anas par pigmentu, k\u0101 ar\u012b talants un sadarb\u012bba ar Sezanu un citiem lielmeistariem rad\u012bja e\u013c\u013cas kr\u0101su paleti, kas \u0101tri k\u013cuva par kvalit\u0101tes standartu. Izmantojot ilgsto\u0161as, veiksm\u012bgas metodes, kas pilnveidotas vair\u0101k nek\u0101 simts gadus, uzlabot\u0101s kr\u0101sas tiek ra\u017eotas Dominika Sennelj\u0113ra (Dominique Sennelier) acu priek\u0161\u0101, lai nodro\u0161in\u0101tu 21. gadsimta m\u0101kslinieku pras\u012bbas. Sennelier trad\u012bcija atbilst m\u016bsdienu m\u0101kslinieku vajadz\u012bb\u0101m un m\u016bsdienu \u0137\u012bmijas inovat\u012bvajiem risin\u0101jumiem. Ar lepnumu Sennelier iepaz\u012bstina ar n\u0101kam\u0101s paaudzes e\u013c\u013c\u0101m, profesion\u0101lu, \u012bpa\u0161i smalku kr\u0101su kolekciju, kas uzlabo j\u016bsu paleti un defin\u0113 kvalit\u0101ti no jauna.\" \/>\n<meta property=\"og:url\" content=\"https:\/\/hobstop.ee\/lv\/produkts\/ellas-krasu-komplekts-sennelier-artist\/\" \/>\n<meta property=\"og:site_name\" content=\"Skizze\" \/>\n<meta property=\"article:publisher\" content=\"http:\/\/www.facebook.com\/VunderSkizze\" \/>\n<meta property=\"og:image\" content=\"https:\/\/hobstop.ee\/media\/4769.jpg\" \/>\n\t<meta property=\"og:image:width\" content=\"1024\" \/>\n\t<meta property=\"og:image:height\" content=\"768\" \/>\n\t<meta property=\"og:image:type\" content=\"image\/jpeg\" \/>\n<meta name=\"twitter:card\" content=\"summary_large_image\" \/>\n<meta name=\"twitter:label1\" content=\"Est. reading time\" \/>\n\t<meta name=\"twitter:data1\" content=\"1 min\u016b\u0161u\" \/>\n<script type=\"application\/ld+json\" class=\"yoast-schema-graph\">{\"@context\":\"https:\/\/schema.org\",\"@graph\":[{\"@type\":\"WebPage\",\"@id\":\"https:\/\/hobstop.ee\/lv\/produkts\/ellas-krasu-komplekts-sennelier-artist\/\",\"url\":\"https:\/\/hobstop.ee\/lv\/produkts\/ellas-krasu-komplekts-sennelier-artist\/\",\"name\":\"E\u013c\u013cas kr\u0101su komplekts Sennelier Artist &#8211; Skizze\",\"isPartOf\":{\"@id\":\"https:\/\/hobstop.ee\/lv\/#website\"},\"primaryImageOfPage\":{\"@id\":\"https:\/\/hobstop.ee\/lv\/produkts\/ellas-krasu-komplekts-sennelier-artist\/#primaryimage\"},\"image\":{\"@id\":\"https:\/\/hobstop.ee\/lv\/produkts\/ellas-krasu-komplekts-sennelier-artist\/#primaryimage\"},\"thumbnailUrl\":\"https:\/\/hobstop.ee\/media\/4769.jpg\",\"datePublished\":\"2018-06-28T11:15:23+00:00\",\"dateModified\":\"2018-06-28T11:15:23+00:00\",\"breadcrumb\":{\"@id\":\"https:\/\/hobstop.ee\/lv\/produkts\/ellas-krasu-komplekts-sennelier-artist\/#breadcrumb\"},\"inLanguage\":\"lv-LV\",\"potentialAction\":[{\"@type\":\"ReadAction\",\"target\":[\"https:\/\/hobstop.ee\/lv\/produkts\/ellas-krasu-komplekts-sennelier-artist\/\"]}]},{\"@type\":\"ImageObject\",\"inLanguage\":\"lv-LV\",\"@id\":\"https:\/\/hobstop.ee\/lv\/produkts\/ellas-krasu-komplekts-sennelier-artist\/#primaryimage\",\"url\":\"https:\/\/hobstop.ee\/media\/4769.jpg\",\"contentUrl\":\"https:\/\/hobstop.ee\/media\/4769.jpg\",\"width\":1024,\"height\":768},{\"@type\":\"BreadcrumbList\",\"@id\":\"https:\/\/hobstop.ee\/lv\/produkts\/ellas-krasu-komplekts-sennelier-artist\/#breadcrumb\",\"itemListElement\":[{\"@type\":\"ListItem\",\"position\":1,\"name\":\"Avaleht\",\"item\":\"https:\/\/hobstop.ee\/lv\/\"},{\"@type\":\"ListItem\",\"position\":2,\"name\":\"Veikals\",\"item\":\"https:\/\/hobstop.ee\/lv\/veikals\/\"},{\"@type\":\"ListItem\",\"position\":3,\"name\":\"E\u013c\u013cas kr\u0101su komplekts Sennelier Artist\"}]},{\"@type\":\"WebSite\",\"@id\":\"https:\/\/hobstop.ee\/lv\/#website\",\"url\":\"https:\/\/hobstop.ee\/lv\/\",\"name\":\"Skizze\",\"description\":\"M\u0101kslas, hobiju un skolas preces\",\"publisher\":{\"@id\":\"https:\/\/hobstop.ee\/lv\/#organization\"},\"potentialAction\":[{\"@type\":\"SearchAction\",\"target\":{\"@type\":\"EntryPoint\",\"urlTemplate\":\"https:\/\/hobstop.ee\/lv\/?s={search_term_string}\"},\"query-input\":{\"@type\":\"PropertyValueSpecification\",\"valueRequired\":true,\"valueName\":\"search_term_string\"}}],\"inLanguage\":\"lv-LV\"},{\"@type\":\"Organization\",\"@id\":\"https:\/\/hobstop.ee\/lv\/#organization\",\"name\":\"Vunder AS\",\"url\":\"https:\/\/hobstop.ee\/lv\/\",\"logo\":{\"@type\":\"ImageObject\",\"inLanguage\":\"lv-LV\",\"@id\":\"https:\/\/hobstop.ee\/lv\/#\/schema\/logo\/image\/\",\"url\":\"https:\/\/hobstop.ee\/media\/vunder-logo.png\",\"contentUrl\":\"https:\/\/hobstop.ee\/media\/vunder-logo.png\",\"width\":127,\"height\":55,\"caption\":\"Vunder AS\"},\"image\":{\"@id\":\"https:\/\/hobstop.ee\/lv\/#\/schema\/logo\/image\/\"},\"sameAs\":[\"http:\/\/www.facebook.com\/VunderSkizze\"]}]}<\/script>\n<!-- \/ Yoast SEO plugin. -->","yoast_head_json":{"title":"E\u013c\u013cas kr\u0101su komplekts Sennelier Artist &#8211; Skizze","robots":{"index":"noindex","follow":"follow","max-snippet":"max-snippet:-1","max-image-preview":"max-image-preview:large","max-video-preview":"max-video-preview:-1"},"og_locale":"lv_LV","og_type":"article","og_title":"E\u013c\u013cas kr\u0101su komplekts Sennelier Artist &#8211; Skizze","og_description":"Sennelier kaisl\u012bba attiec\u012bb\u0101 uz kr\u0101su \u0137\u012bmiju un fokus\u0113tu pigmentu izp\u0113ti vainagoj\u0101s ar to, ka tika att\u012bst\u012bts at\u0161\u0137ir\u012bgs e\u013c\u013cas kr\u0101su ra\u017eo\u0161anas process, kuru turpm\u0101k izmantoja no paaudzes paaudz\u0113. Sennelier interes\u0113ja tikai vislab\u0101kie dabiskie un neorganiskie pigmenti no visas pasaules. T\u012brie pigmenti tiek malti \u013coti l\u0113ni, \u012bpa\u0161i r\u016bp\u0113joties par izteikti smalku konsistenci. P\u0113c tam tos maksim\u0101l\u0101 koncentr\u0101cij\u0101 apvieno ar saflora e\u013c\u013cu, lai ieg\u016btu maksim\u0101lu iztur\u012bbu un sp\u012bd\u012bgu sat\u012bna apdari. \u0160iem smalkajiem pigmentiem ir unik\u0101la kr\u0113mveid\u012bga tekst\u016bra. Konsistence, kas s\u0101kotn\u0113ji tika izstr\u0101d\u0101ta ekspres\u012bvam impresionistu m\u0101kslinieku stilam, kuri 19. gadsimt\u0101 bie\u017ei vien apmekl\u0113ja Sennelier veikalu. R\u016bp\u012bgais darbs un pla\u0161\u0101s zin\u0101\u0161anas par pigmentu, k\u0101 ar\u012b talants un sadarb\u012bba ar Sezanu un citiem lielmeistariem rad\u012bja e\u013c\u013cas kr\u0101su paleti, kas \u0101tri k\u013cuva par kvalit\u0101tes standartu. Izmantojot ilgsto\u0161as, veiksm\u012bgas metodes, kas pilnveidotas vair\u0101k nek\u0101 simts gadus, uzlabot\u0101s kr\u0101sas tiek ra\u017eotas Dominika Sennelj\u0113ra (Dominique Sennelier) acu priek\u0161\u0101, lai nodro\u0161in\u0101tu 21. gadsimta m\u0101kslinieku pras\u012bbas. Sennelier trad\u012bcija atbilst m\u016bsdienu m\u0101kslinieku vajadz\u012bb\u0101m un m\u016bsdienu \u0137\u012bmijas inovat\u012bvajiem risin\u0101jumiem. Ar lepnumu Sennelier iepaz\u012bstina ar n\u0101kam\u0101s paaudzes e\u013c\u013c\u0101m, profesion\u0101lu, \u012bpa\u0161i smalku kr\u0101su kolekciju, kas uzlabo j\u016bsu paleti un defin\u0113 kvalit\u0101ti no jauna.","og_url":"https:\/\/hobstop.ee\/lv\/produkts\/ellas-krasu-komplekts-sennelier-artist\/","og_site_name":"Skizze","article_publisher":"http:\/\/www.facebook.com\/VunderSkizze","og_image":[{"width":1024,"height":768,"url":"https:\/\/hobstop.ee\/media\/4769.jpg","type":"image\/jpeg"}],"twitter_card":"summary_large_image","twitter_misc":{"Est. reading time":"1 min\u016b\u0161u"},"schema":{"@context":"https:\/\/schema.org","@graph":[{"@type":"WebPage","@id":"https:\/\/hobstop.ee\/lv\/produkts\/ellas-krasu-komplekts-sennelier-artist\/","url":"https:\/\/hobstop.ee\/lv\/produkts\/ellas-krasu-komplekts-sennelier-artist\/","name":"E\u013c\u013cas kr\u0101su komplekts Sennelier Artist &#8211; Skizze","isPartOf":{"@id":"https:\/\/hobstop.ee\/lv\/#website"},"primaryImageOfPage":{"@id":"https:\/\/hobstop.ee\/lv\/produkts\/ellas-krasu-komplekts-sennelier-artist\/#primaryimage"},"image":{"@id":"https:\/\/hobstop.ee\/lv\/produkts\/ellas-krasu-komplekts-sennelier-artist\/#primaryimage"},"thumbnailUrl":"https:\/\/hobstop.ee\/media\/4769.jpg","datePublished":"2018-06-28T11:15:23+00:00","dateModified":"2018-06-28T11:15:23+00:00","breadcrumb":{"@id":"https:\/\/hobstop.ee\/lv\/produkts\/ellas-krasu-komplekts-sennelier-artist\/#breadcrumb"},"inLanguage":"lv-LV","potentialAction":[{"@type":"ReadAction","target":["https:\/\/hobstop.ee\/lv\/produkts\/ellas-krasu-komplekts-sennelier-artist\/"]}]},{"@type":"ImageObject","inLanguage":"lv-LV","@id":"https:\/\/hobstop.ee\/lv\/produkts\/ellas-krasu-komplekts-sennelier-artist\/#primaryimage","url":"https:\/\/hobstop.ee\/media\/4769.jpg","contentUrl":"https:\/\/hobstop.ee\/media\/4769.jpg","width":1024,"height":768},{"@type":"BreadcrumbList","@id":"https:\/\/hobstop.ee\/lv\/produkts\/ellas-krasu-komplekts-sennelier-artist\/#breadcrumb","itemListElement":[{"@type":"ListItem","position":1,"name":"Avaleht","item":"https:\/\/hobstop.ee\/lv\/"},{"@type":"ListItem","position":2,"name":"Veikals","item":"https:\/\/hobstop.ee\/lv\/veikals\/"},{"@type":"ListItem","position":3,"name":"E\u013c\u013cas kr\u0101su komplekts Sennelier Artist"}]},{"@type":"WebSite","@id":"https:\/\/hobstop.ee\/lv\/#website","url":"https:\/\/hobstop.ee\/lv\/","name":"Skizze","description":"M\u0101kslas, hobiju un skolas preces","publisher":{"@id":"https:\/\/hobstop.ee\/lv\/#organization"},"potentialAction":[{"@type":"SearchAction","target":{"@type":"EntryPoint","urlTemplate":"https:\/\/hobstop.ee\/lv\/?s={search_term_string}"},"query-input":{"@type":"PropertyValueSpecification","valueRequired":true,"valueName":"search_term_string"}}],"inLanguage":"lv-LV"},{"@type":"Organization","@id":"https:\/\/hobstop.ee\/lv\/#organization","name":"Vunder AS","url":"https:\/\/hobstop.ee\/lv\/","logo":{"@type":"ImageObject","inLanguage":"lv-LV","@id":"https:\/\/hobstop.ee\/lv\/#\/schema\/logo\/image\/","url":"https:\/\/hobstop.ee\/media\/vunder-logo.png","contentUrl":"https:\/\/hobstop.ee\/media\/vunder-logo.png","width":127,"height":55,"caption":"Vunder AS"},"image":{"@id":"https:\/\/hobstop.ee\/lv\/#\/schema\/logo\/image\/"},"sameAs":["http:\/\/www.facebook.com\/VunderSkizze"]}]}},"_links":{"self":[{"href":"https:\/\/hobstop.ee\/lv\/wp-json\/wp\/v2\/product\/311967","targetHints":{"allow":["GET"]}}],"collection":[{"href":"https:\/\/hobstop.ee\/lv\/wp-json\/wp\/v2\/product"}],"about":[{"href":"https:\/\/hobstop.ee\/lv\/wp-json\/wp\/v2\/types\/product"}],"replies":[{"embeddable":true,"href":"https:\/\/hobstop.ee\/lv\/wp-json\/wp\/v2\/comments?post=311967"}],"wp:featuredmedia":[{"embeddable":true,"href":"https:\/\/hobstop.ee\/lv\/wp-json\/wp\/v2\/media\/312447"}],"wp:attachment":[{"href":"https:\/\/hobstop.ee\/lv\/wp-json\/wp\/v2\/media?parent=311967"}],"wp:term":[{"taxonomy":"product_cat","embeddable":true,"href":"https:\/\/hobstop.ee\/lv\/wp-json\/wp\/v2\/product_cat?post=311967"},{"taxonomy":"product_tag","embeddable":true,"href":"https:\/\/hobstop.ee\/lv\/wp-json\/wp\/v2\/product_tag?post=311967"}],"curies":[{"name":"wp","href":"https:\/\/api.w.org\/{rel}","templated":true}]}}