{"id":311971,"date":"2018-06-28T14:15:24","date_gmt":"2018-06-28T11:15:24","guid":{"rendered":"https:\/\/sharks.ee\/vunder_2019\/lv\/product\/ota-raphael-kolinsky-s-8404-apala\/"},"modified":"2018-06-28T14:15:24","modified_gmt":"2018-06-28T11:15:24","slug":"ota-raphael-kolinsky-s-8404-apala","status":"publish","type":"product","link":"https:\/\/hobstop.ee\/lv\/produkts\/ota-raphael-kolinsky-s-8404-apala\/","title":{"rendered":"Ota Raphael Kolinsky S 8404 apa\u013ca"},"content":{"rendered":"<p>Kolonoka sabulis, agr\u0101k zin\u0101ms k\u0101 Sib\u012brijas zebiekste, ir suga, kas dz\u012bvo Krievijas zieme\u013cu da\u013c\u0101 un \u0136\u012bn\u0101. T\u0101 ka\u017eok\u0101da ir nesal\u012bdzin\u0101mi elast\u012bga un sp\u0113c\u012bga. \u0160\u012b zeltaini sarkan\u0101 \u0161\u0137iedra ir ide\u0101li piem\u0113rota prec\u012bzu un smalku l\u012bniju rad\u012b\u0161anai. Pateicoties saru iztur\u012bbai, tie ir piem\u0113roti vis\u0101m m\u0101kslinieku ot\u0101m. Bie\u017ei sauktas par otu Rolls Royce, laika gait\u0101 to cena par gramu da\u017ek\u0101rt bija augst\u0101ka nek\u0101 zelta cena. Vis\u0101m &#8220;S&#8221; ot\u0101m tiek veikta individu\u0101la p\u0101rbaude, lai garant\u0113tu t\u0101 kvalit\u0101ti. Ar ni\u0137e\u013ca misi\u0146a aptveri.<br \/>\nGlezno\u0161anas tehnika: akvare\u013ci<br \/>\nPielietojums: deta\u013cas, kont\u016bras<\/p>\n","protected":false},"excerpt":{"rendered":"<p>Kolonoka sabulis, agr\u0101k zin\u0101ms k\u0101 Sib\u012brijas zebiekste, ir suga, kas dz\u012bvo Krievijas zieme\u013cu da\u013c\u0101 un \u0136\u012bn\u0101. T\u0101 ka\u017eok\u0101da ir nesal\u012bdzin\u0101mi elast\u012bga un sp\u0113c\u012bga. \u0160\u012b zeltaini sarkan\u0101 \u0161\u0137iedra ir ide\u0101li piem\u0113rota prec\u012bzu un smalku l\u012bniju rad\u012b\u0161anai. Pateicoties saru iztur\u012bbai, tie ir piem\u0113roti vis\u0101m m\u0101kslinieku ot\u0101m. Bie\u017ei sauktas par otu Rolls Royce, laika gait\u0101 to cena par gramu da\u017ek\u0101rt bija augst\u0101ka nek\u0101 zelta cena. Vis\u0101m &#8220;S&#8221; ot\u0101m tiek veikta individu\u0101la p\u0101rbaude, lai garant\u0113tu t\u0101 kvalit\u0101ti. Ar ni\u0137e\u013ca misi\u0146a aptveri. Glezno\u0161anas tehnika: akvare\u013ci Pielietojums: deta\u013cas, kont\u016bras<\/p>\n","protected":false},"featured_media":312451,"comment_status":"closed","ping_status":"closed","template":"","meta":{"_acf_changed":false,"ep_exclude_from_search":false},"product_cat":[16123,18650,18392],"product_tag":[],"class_list":{"0":"post-311971","1":"product","2":"type-product","3":"status-publish","4":"has-post-thumbnail","6":"product_cat-makslas-piederumi-2","7":"product_cat-otas-un-piederumi","8":"product_cat-sabula-otas","10":"first","11":"instock","12":"taxable","13":"shipping-taxable","14":"purchasable","15":"product-type-simple"},"acf":[],"yoast_head":"<!-- This site is optimized with the Yoast SEO plugin v24.1 - https:\/\/yoast.com\/wordpress\/plugins\/seo\/ -->\n<title>Ota Raphael Kolinsky S 8404 apa\u013ca &#8211; Skizze<\/title>\n<meta name=\"robots\" content=\"noindex, follow, max-snippet:-1, max-image-preview:large, max-video-preview:-1\" \/>\n<meta property=\"og:locale\" content=\"lv_LV\" \/>\n<meta property=\"og:type\" content=\"article\" \/>\n<meta property=\"og:title\" content=\"Ota Raphael Kolinsky S 8404 apa\u013ca &#8211; Skizze\" \/>\n<meta property=\"og:description\" content=\"Kolonoka sabulis, agr\u0101k zin\u0101ms k\u0101 Sib\u012brijas zebiekste, ir suga, kas dz\u012bvo Krievijas zieme\u013cu da\u013c\u0101 un \u0136\u012bn\u0101. T\u0101 ka\u017eok\u0101da ir nesal\u012bdzin\u0101mi elast\u012bga un sp\u0113c\u012bga. \u0160\u012b zeltaini sarkan\u0101 \u0161\u0137iedra ir ide\u0101li piem\u0113rota prec\u012bzu un smalku l\u012bniju rad\u012b\u0161anai. Pateicoties saru iztur\u012bbai, tie ir piem\u0113roti vis\u0101m m\u0101kslinieku ot\u0101m. Bie\u017ei sauktas par otu Rolls Royce, laika gait\u0101 to cena par gramu da\u017ek\u0101rt bija augst\u0101ka nek\u0101 zelta cena. Vis\u0101m &#8220;S&#8221; ot\u0101m tiek veikta individu\u0101la p\u0101rbaude, lai garant\u0113tu t\u0101 kvalit\u0101ti. Ar ni\u0137e\u013ca misi\u0146a aptveri. Glezno\u0161anas tehnika: akvare\u013ci Pielietojums: deta\u013cas, kont\u016bras\" \/>\n<meta property=\"og:url\" content=\"https:\/\/hobstop.ee\/lv\/produkts\/ota-raphael-kolinsky-s-8404-apala\/\" \/>\n<meta property=\"og:site_name\" content=\"Skizze\" \/>\n<meta property=\"article:publisher\" content=\"http:\/\/www.facebook.com\/VunderSkizze\" \/>\n<meta property=\"og:image\" content=\"https:\/\/hobstop.ee\/media\/4770.jpg\" \/>\n\t<meta property=\"og:image:width\" content=\"1024\" \/>\n\t<meta property=\"og:image:height\" content=\"768\" \/>\n\t<meta property=\"og:image:type\" content=\"image\/jpeg\" \/>\n<meta name=\"twitter:card\" content=\"summary_large_image\" \/>\n<meta name=\"twitter:label1\" content=\"Est. reading time\" \/>\n\t<meta name=\"twitter:data1\" content=\"1 min\u016b\u0161u\" \/>\n<script type=\"application\/ld+json\" class=\"yoast-schema-graph\">{\"@context\":\"https:\/\/schema.org\",\"@graph\":[{\"@type\":\"WebPage\",\"@id\":\"https:\/\/hobstop.ee\/lv\/produkts\/ota-raphael-kolinsky-s-8404-apala\/\",\"url\":\"https:\/\/hobstop.ee\/lv\/produkts\/ota-raphael-kolinsky-s-8404-apala\/\",\"name\":\"Ota Raphael Kolinsky S 8404 apa\u013ca &#8211; Skizze\",\"isPartOf\":{\"@id\":\"https:\/\/hobstop.ee\/lv\/#website\"},\"primaryImageOfPage\":{\"@id\":\"https:\/\/hobstop.ee\/lv\/produkts\/ota-raphael-kolinsky-s-8404-apala\/#primaryimage\"},\"image\":{\"@id\":\"https:\/\/hobstop.ee\/lv\/produkts\/ota-raphael-kolinsky-s-8404-apala\/#primaryimage\"},\"thumbnailUrl\":\"https:\/\/hobstop.ee\/media\/4770.jpg\",\"datePublished\":\"2018-06-28T11:15:24+00:00\",\"dateModified\":\"2018-06-28T11:15:24+00:00\",\"breadcrumb\":{\"@id\":\"https:\/\/hobstop.ee\/lv\/produkts\/ota-raphael-kolinsky-s-8404-apala\/#breadcrumb\"},\"inLanguage\":\"lv-LV\",\"potentialAction\":[{\"@type\":\"ReadAction\",\"target\":[\"https:\/\/hobstop.ee\/lv\/produkts\/ota-raphael-kolinsky-s-8404-apala\/\"]}]},{\"@type\":\"ImageObject\",\"inLanguage\":\"lv-LV\",\"@id\":\"https:\/\/hobstop.ee\/lv\/produkts\/ota-raphael-kolinsky-s-8404-apala\/#primaryimage\",\"url\":\"https:\/\/hobstop.ee\/media\/4770.jpg\",\"contentUrl\":\"https:\/\/hobstop.ee\/media\/4770.jpg\",\"width\":1024,\"height\":768},{\"@type\":\"BreadcrumbList\",\"@id\":\"https:\/\/hobstop.ee\/lv\/produkts\/ota-raphael-kolinsky-s-8404-apala\/#breadcrumb\",\"itemListElement\":[{\"@type\":\"ListItem\",\"position\":1,\"name\":\"Avaleht\",\"item\":\"https:\/\/www.hobstop.ee\/lv\/\"},{\"@type\":\"ListItem\",\"position\":2,\"name\":\"Veikals\",\"item\":\"https:\/\/www.hobstop.ee\/lv\/veikals\/\"},{\"@type\":\"ListItem\",\"position\":3,\"name\":\"Ota Raphael Kolinsky S 8404 apa\u013ca\"}]},{\"@type\":\"WebSite\",\"@id\":\"https:\/\/hobstop.ee\/lv\/#website\",\"url\":\"https:\/\/hobstop.ee\/lv\/\",\"name\":\"Skizze\",\"description\":\"M\u0101kslas, hobiju un skolas preces\",\"publisher\":{\"@id\":\"https:\/\/hobstop.ee\/lv\/#organization\"},\"potentialAction\":[{\"@type\":\"SearchAction\",\"target\":{\"@type\":\"EntryPoint\",\"urlTemplate\":\"https:\/\/hobstop.ee\/lv\/?s={search_term_string}\"},\"query-input\":{\"@type\":\"PropertyValueSpecification\",\"valueRequired\":true,\"valueName\":\"search_term_string\"}}],\"inLanguage\":\"lv-LV\"},{\"@type\":\"Organization\",\"@id\":\"https:\/\/hobstop.ee\/lv\/#organization\",\"name\":\"Vunder AS\",\"url\":\"https:\/\/hobstop.ee\/lv\/\",\"logo\":{\"@type\":\"ImageObject\",\"inLanguage\":\"lv-LV\",\"@id\":\"https:\/\/hobstop.ee\/lv\/#\/schema\/logo\/image\/\",\"url\":\"https:\/\/hobstop.ee\/media\/vunder-logo.png\",\"contentUrl\":\"https:\/\/hobstop.ee\/media\/vunder-logo.png\",\"width\":127,\"height\":55,\"caption\":\"Vunder AS\"},\"image\":{\"@id\":\"https:\/\/hobstop.ee\/lv\/#\/schema\/logo\/image\/\"},\"sameAs\":[\"http:\/\/www.facebook.com\/VunderSkizze\"]}]}<\/script>\n<!-- \/ Yoast SEO plugin. -->","yoast_head_json":{"title":"Ota Raphael Kolinsky S 8404 apa\u013ca &#8211; Skizze","robots":{"index":"noindex","follow":"follow","max-snippet":"max-snippet:-1","max-image-preview":"max-image-preview:large","max-video-preview":"max-video-preview:-1"},"og_locale":"lv_LV","og_type":"article","og_title":"Ota Raphael Kolinsky S 8404 apa\u013ca &#8211; Skizze","og_description":"Kolonoka sabulis, agr\u0101k zin\u0101ms k\u0101 Sib\u012brijas zebiekste, ir suga, kas dz\u012bvo Krievijas zieme\u013cu da\u013c\u0101 un \u0136\u012bn\u0101. T\u0101 ka\u017eok\u0101da ir nesal\u012bdzin\u0101mi elast\u012bga un sp\u0113c\u012bga. \u0160\u012b zeltaini sarkan\u0101 \u0161\u0137iedra ir ide\u0101li piem\u0113rota prec\u012bzu un smalku l\u012bniju rad\u012b\u0161anai. Pateicoties saru iztur\u012bbai, tie ir piem\u0113roti vis\u0101m m\u0101kslinieku ot\u0101m. Bie\u017ei sauktas par otu Rolls Royce, laika gait\u0101 to cena par gramu da\u017ek\u0101rt bija augst\u0101ka nek\u0101 zelta cena. Vis\u0101m &#8220;S&#8221; ot\u0101m tiek veikta individu\u0101la p\u0101rbaude, lai garant\u0113tu t\u0101 kvalit\u0101ti. Ar ni\u0137e\u013ca misi\u0146a aptveri. Glezno\u0161anas tehnika: akvare\u013ci Pielietojums: deta\u013cas, kont\u016bras","og_url":"https:\/\/hobstop.ee\/lv\/produkts\/ota-raphael-kolinsky-s-8404-apala\/","og_site_name":"Skizze","article_publisher":"http:\/\/www.facebook.com\/VunderSkizze","og_image":[{"width":1024,"height":768,"url":"https:\/\/hobstop.ee\/media\/4770.jpg","type":"image\/jpeg"}],"twitter_card":"summary_large_image","twitter_misc":{"Est. reading time":"1 min\u016b\u0161u"},"schema":{"@context":"https:\/\/schema.org","@graph":[{"@type":"WebPage","@id":"https:\/\/hobstop.ee\/lv\/produkts\/ota-raphael-kolinsky-s-8404-apala\/","url":"https:\/\/hobstop.ee\/lv\/produkts\/ota-raphael-kolinsky-s-8404-apala\/","name":"Ota Raphael Kolinsky S 8404 apa\u013ca &#8211; Skizze","isPartOf":{"@id":"https:\/\/hobstop.ee\/lv\/#website"},"primaryImageOfPage":{"@id":"https:\/\/hobstop.ee\/lv\/produkts\/ota-raphael-kolinsky-s-8404-apala\/#primaryimage"},"image":{"@id":"https:\/\/hobstop.ee\/lv\/produkts\/ota-raphael-kolinsky-s-8404-apala\/#primaryimage"},"thumbnailUrl":"https:\/\/hobstop.ee\/media\/4770.jpg","datePublished":"2018-06-28T11:15:24+00:00","dateModified":"2018-06-28T11:15:24+00:00","breadcrumb":{"@id":"https:\/\/hobstop.ee\/lv\/produkts\/ota-raphael-kolinsky-s-8404-apala\/#breadcrumb"},"inLanguage":"lv-LV","potentialAction":[{"@type":"ReadAction","target":["https:\/\/hobstop.ee\/lv\/produkts\/ota-raphael-kolinsky-s-8404-apala\/"]}]},{"@type":"ImageObject","inLanguage":"lv-LV","@id":"https:\/\/hobstop.ee\/lv\/produkts\/ota-raphael-kolinsky-s-8404-apala\/#primaryimage","url":"https:\/\/hobstop.ee\/media\/4770.jpg","contentUrl":"https:\/\/hobstop.ee\/media\/4770.jpg","width":1024,"height":768},{"@type":"BreadcrumbList","@id":"https:\/\/hobstop.ee\/lv\/produkts\/ota-raphael-kolinsky-s-8404-apala\/#breadcrumb","itemListElement":[{"@type":"ListItem","position":1,"name":"Avaleht","item":"https:\/\/www.hobstop.ee\/lv\/"},{"@type":"ListItem","position":2,"name":"Veikals","item":"https:\/\/www.hobstop.ee\/lv\/veikals\/"},{"@type":"ListItem","position":3,"name":"Ota Raphael Kolinsky S 8404 apa\u013ca"}]},{"@type":"WebSite","@id":"https:\/\/hobstop.ee\/lv\/#website","url":"https:\/\/hobstop.ee\/lv\/","name":"Skizze","description":"M\u0101kslas, hobiju un skolas preces","publisher":{"@id":"https:\/\/hobstop.ee\/lv\/#organization"},"potentialAction":[{"@type":"SearchAction","target":{"@type":"EntryPoint","urlTemplate":"https:\/\/hobstop.ee\/lv\/?s={search_term_string}"},"query-input":{"@type":"PropertyValueSpecification","valueRequired":true,"valueName":"search_term_string"}}],"inLanguage":"lv-LV"},{"@type":"Organization","@id":"https:\/\/hobstop.ee\/lv\/#organization","name":"Vunder AS","url":"https:\/\/hobstop.ee\/lv\/","logo":{"@type":"ImageObject","inLanguage":"lv-LV","@id":"https:\/\/hobstop.ee\/lv\/#\/schema\/logo\/image\/","url":"https:\/\/hobstop.ee\/media\/vunder-logo.png","contentUrl":"https:\/\/hobstop.ee\/media\/vunder-logo.png","width":127,"height":55,"caption":"Vunder AS"},"image":{"@id":"https:\/\/hobstop.ee\/lv\/#\/schema\/logo\/image\/"},"sameAs":["http:\/\/www.facebook.com\/VunderSkizze"]}]}},"_links":{"self":[{"href":"https:\/\/hobstop.ee\/lv\/wp-json\/wp\/v2\/product\/311971","targetHints":{"allow":["GET"]}}],"collection":[{"href":"https:\/\/hobstop.ee\/lv\/wp-json\/wp\/v2\/product"}],"about":[{"href":"https:\/\/hobstop.ee\/lv\/wp-json\/wp\/v2\/types\/product"}],"replies":[{"embeddable":true,"href":"https:\/\/hobstop.ee\/lv\/wp-json\/wp\/v2\/comments?post=311971"}],"wp:featuredmedia":[{"embeddable":true,"href":"https:\/\/hobstop.ee\/lv\/wp-json\/wp\/v2\/media\/312451"}],"wp:attachment":[{"href":"https:\/\/hobstop.ee\/lv\/wp-json\/wp\/v2\/media?parent=311971"}],"wp:term":[{"taxonomy":"product_cat","embeddable":true,"href":"https:\/\/hobstop.ee\/lv\/wp-json\/wp\/v2\/product_cat?post=311971"},{"taxonomy":"product_tag","embeddable":true,"href":"https:\/\/hobstop.ee\/lv\/wp-json\/wp\/v2\/product_tag?post=311971"}],"curies":[{"name":"wp","href":"https:\/\/api.w.org\/{rel}","templated":true}]}}