{"id":311975,"date":"2018-06-28T14:15:26","date_gmt":"2018-06-28T11:15:26","guid":{"rendered":"https:\/\/sharks.ee\/vunder_2019\/lv\/product\/audekla-stangas-sennelier\/"},"modified":"2018-06-28T14:15:26","modified_gmt":"2018-06-28T11:15:26","slug":"audekla-stangas-sennelier","status":"publish","type":"product","link":"https:\/\/hobstop.ee\/lv\/produkts\/audekla-stangas-sennelier\/","title":{"rendered":"Audek\u013ca stangas Sennelier"},"content":{"rendered":"<p>Audekla uzvilk\u0161anas stangas tiek izmantotas, lai nostieptu audeklu uz r\u0101mja. Ar stangu pal\u012bdz\u012bbu audeklu var \u0113rti satver un nostiept uz r\u0101mja. Audekls stangas ir lieliski piem\u0113rotas tiem m\u0101ksliniekiem, kuri pa\u0161i veic audekla uzstiep\u0161anu, k\u0101 ar\u012b liel\u0101ka izm\u0113ra audekla izstiep\u0161anai. Sennelier audekla stangas ir izgatavotas no \u010duguna, t\u0101m ir atspere un sl\u0113dz\u0113jgredzens. \u017dok\u013cu platums 70mm.<\/p>\n","protected":false},"excerpt":{"rendered":"<p>Audekla uzvilk\u0161anas stangas tiek izmantotas, lai nostieptu audeklu uz r\u0101mja. Ar stangu pal\u012bdz\u012bbu audeklu var \u0113rti satver un nostiept uz r\u0101mja. Audekls stangas ir lieliski piem\u0113rotas tiem m\u0101ksliniekiem, kuri pa\u0161i veic audekla uzstiep\u0161anu, k\u0101 ar\u012b liel\u0101ka izm\u0113ra audekla izstiep\u0161anai. Sennelier audekla stangas ir izgatavotas no \u010duguna, t\u0101m ir atspere un sl\u0113dz\u0113jgredzens. \u017dok\u013cu platums 70mm.<\/p>\n","protected":false},"featured_media":312455,"comment_status":"closed","ping_status":"closed","template":"","meta":{"_acf_changed":false,"ep_exclude_from_search":false},"product_cat":[18767,16123,18650],"product_tag":[],"class_list":{"0":"post-311975","1":"product","2":"type-product","3":"status-publish","4":"has-post-thumbnail","6":"product_cat-dazadi-32","7":"product_cat-makslas-piederumi-2","8":"product_cat-otas-un-piederumi","10":"first","11":"instock","12":"taxable","13":"shipping-taxable","14":"purchasable","15":"product-type-simple"},"acf":[],"yoast_head":"<!-- This site is optimized with the Yoast SEO plugin v24.1 - https:\/\/yoast.com\/wordpress\/plugins\/seo\/ -->\n<title>Audek\u013ca stangas Sennelier &#8211; Skizze<\/title>\n<meta name=\"robots\" content=\"noindex, follow, max-snippet:-1, max-image-preview:large, max-video-preview:-1\" \/>\n<meta property=\"og:locale\" content=\"lv_LV\" \/>\n<meta property=\"og:type\" content=\"article\" \/>\n<meta property=\"og:title\" content=\"Audek\u013ca stangas Sennelier &#8211; Skizze\" \/>\n<meta property=\"og:description\" content=\"Audekla uzvilk\u0161anas stangas tiek izmantotas, lai nostieptu audeklu uz r\u0101mja. Ar stangu pal\u012bdz\u012bbu audeklu var \u0113rti satver un nostiept uz r\u0101mja. Audekls stangas ir lieliski piem\u0113rotas tiem m\u0101ksliniekiem, kuri pa\u0161i veic audekla uzstiep\u0161anu, k\u0101 ar\u012b liel\u0101ka izm\u0113ra audekla izstiep\u0161anai. Sennelier audekla stangas ir izgatavotas no \u010duguna, t\u0101m ir atspere un sl\u0113dz\u0113jgredzens. \u017dok\u013cu platums 70mm.\" \/>\n<meta property=\"og:url\" content=\"https:\/\/hobstop.ee\/lv\/produkts\/audekla-stangas-sennelier\/\" \/>\n<meta property=\"og:site_name\" content=\"Skizze\" \/>\n<meta property=\"article:publisher\" content=\"http:\/\/www.facebook.com\/VunderSkizze\" \/>\n<meta property=\"og:image\" content=\"https:\/\/hobstop.ee\/media\/4771.jpg\" \/>\n\t<meta property=\"og:image:width\" content=\"1024\" \/>\n\t<meta property=\"og:image:height\" content=\"768\" \/>\n\t<meta property=\"og:image:type\" content=\"image\/jpeg\" \/>\n<meta name=\"twitter:card\" content=\"summary_large_image\" \/>\n<script type=\"application\/ld+json\" class=\"yoast-schema-graph\">{\"@context\":\"https:\/\/schema.org\",\"@graph\":[{\"@type\":\"WebPage\",\"@id\":\"https:\/\/hobstop.ee\/lv\/produkts\/audekla-stangas-sennelier\/\",\"url\":\"https:\/\/hobstop.ee\/lv\/produkts\/audekla-stangas-sennelier\/\",\"name\":\"Audek\u013ca stangas Sennelier &#8211; Skizze\",\"isPartOf\":{\"@id\":\"https:\/\/hobstop.ee\/lv\/#website\"},\"primaryImageOfPage\":{\"@id\":\"https:\/\/hobstop.ee\/lv\/produkts\/audekla-stangas-sennelier\/#primaryimage\"},\"image\":{\"@id\":\"https:\/\/hobstop.ee\/lv\/produkts\/audekla-stangas-sennelier\/#primaryimage\"},\"thumbnailUrl\":\"https:\/\/hobstop.ee\/media\/4771.jpg\",\"datePublished\":\"2018-06-28T11:15:26+00:00\",\"dateModified\":\"2018-06-28T11:15:26+00:00\",\"breadcrumb\":{\"@id\":\"https:\/\/hobstop.ee\/lv\/produkts\/audekla-stangas-sennelier\/#breadcrumb\"},\"inLanguage\":\"lv-LV\",\"potentialAction\":[{\"@type\":\"ReadAction\",\"target\":[\"https:\/\/hobstop.ee\/lv\/produkts\/audekla-stangas-sennelier\/\"]}]},{\"@type\":\"ImageObject\",\"inLanguage\":\"lv-LV\",\"@id\":\"https:\/\/hobstop.ee\/lv\/produkts\/audekla-stangas-sennelier\/#primaryimage\",\"url\":\"https:\/\/hobstop.ee\/media\/4771.jpg\",\"contentUrl\":\"https:\/\/hobstop.ee\/media\/4771.jpg\",\"width\":1024,\"height\":768},{\"@type\":\"BreadcrumbList\",\"@id\":\"https:\/\/hobstop.ee\/lv\/produkts\/audekla-stangas-sennelier\/#breadcrumb\",\"itemListElement\":[{\"@type\":\"ListItem\",\"position\":1,\"name\":\"Avaleht\",\"item\":\"https:\/\/www.hobstop.ee\/lv\/\"},{\"@type\":\"ListItem\",\"position\":2,\"name\":\"Veikals\",\"item\":\"https:\/\/www.hobstop.ee\/lv\/veikals\/\"},{\"@type\":\"ListItem\",\"position\":3,\"name\":\"Audek\u013ca stangas Sennelier\"}]},{\"@type\":\"WebSite\",\"@id\":\"https:\/\/hobstop.ee\/lv\/#website\",\"url\":\"https:\/\/hobstop.ee\/lv\/\",\"name\":\"Skizze\",\"description\":\"M\u0101kslas, hobiju un skolas preces\",\"publisher\":{\"@id\":\"https:\/\/hobstop.ee\/lv\/#organization\"},\"potentialAction\":[{\"@type\":\"SearchAction\",\"target\":{\"@type\":\"EntryPoint\",\"urlTemplate\":\"https:\/\/hobstop.ee\/lv\/?s={search_term_string}\"},\"query-input\":{\"@type\":\"PropertyValueSpecification\",\"valueRequired\":true,\"valueName\":\"search_term_string\"}}],\"inLanguage\":\"lv-LV\"},{\"@type\":\"Organization\",\"@id\":\"https:\/\/hobstop.ee\/lv\/#organization\",\"name\":\"Vunder AS\",\"url\":\"https:\/\/hobstop.ee\/lv\/\",\"logo\":{\"@type\":\"ImageObject\",\"inLanguage\":\"lv-LV\",\"@id\":\"https:\/\/hobstop.ee\/lv\/#\/schema\/logo\/image\/\",\"url\":\"https:\/\/hobstop.ee\/media\/vunder-logo.png\",\"contentUrl\":\"https:\/\/hobstop.ee\/media\/vunder-logo.png\",\"width\":127,\"height\":55,\"caption\":\"Vunder AS\"},\"image\":{\"@id\":\"https:\/\/hobstop.ee\/lv\/#\/schema\/logo\/image\/\"},\"sameAs\":[\"http:\/\/www.facebook.com\/VunderSkizze\"]}]}<\/script>\n<!-- \/ Yoast SEO plugin. -->","yoast_head_json":{"title":"Audek\u013ca stangas Sennelier &#8211; Skizze","robots":{"index":"noindex","follow":"follow","max-snippet":"max-snippet:-1","max-image-preview":"max-image-preview:large","max-video-preview":"max-video-preview:-1"},"og_locale":"lv_LV","og_type":"article","og_title":"Audek\u013ca stangas Sennelier &#8211; Skizze","og_description":"Audekla uzvilk\u0161anas stangas tiek izmantotas, lai nostieptu audeklu uz r\u0101mja. Ar stangu pal\u012bdz\u012bbu audeklu var \u0113rti satver un nostiept uz r\u0101mja. Audekls stangas ir lieliski piem\u0113rotas tiem m\u0101ksliniekiem, kuri pa\u0161i veic audekla uzstiep\u0161anu, k\u0101 ar\u012b liel\u0101ka izm\u0113ra audekla izstiep\u0161anai. Sennelier audekla stangas ir izgatavotas no \u010duguna, t\u0101m ir atspere un sl\u0113dz\u0113jgredzens. \u017dok\u013cu platums 70mm.","og_url":"https:\/\/hobstop.ee\/lv\/produkts\/audekla-stangas-sennelier\/","og_site_name":"Skizze","article_publisher":"http:\/\/www.facebook.com\/VunderSkizze","og_image":[{"width":1024,"height":768,"url":"https:\/\/hobstop.ee\/media\/4771.jpg","type":"image\/jpeg"}],"twitter_card":"summary_large_image","schema":{"@context":"https:\/\/schema.org","@graph":[{"@type":"WebPage","@id":"https:\/\/hobstop.ee\/lv\/produkts\/audekla-stangas-sennelier\/","url":"https:\/\/hobstop.ee\/lv\/produkts\/audekla-stangas-sennelier\/","name":"Audek\u013ca stangas Sennelier &#8211; Skizze","isPartOf":{"@id":"https:\/\/hobstop.ee\/lv\/#website"},"primaryImageOfPage":{"@id":"https:\/\/hobstop.ee\/lv\/produkts\/audekla-stangas-sennelier\/#primaryimage"},"image":{"@id":"https:\/\/hobstop.ee\/lv\/produkts\/audekla-stangas-sennelier\/#primaryimage"},"thumbnailUrl":"https:\/\/hobstop.ee\/media\/4771.jpg","datePublished":"2018-06-28T11:15:26+00:00","dateModified":"2018-06-28T11:15:26+00:00","breadcrumb":{"@id":"https:\/\/hobstop.ee\/lv\/produkts\/audekla-stangas-sennelier\/#breadcrumb"},"inLanguage":"lv-LV","potentialAction":[{"@type":"ReadAction","target":["https:\/\/hobstop.ee\/lv\/produkts\/audekla-stangas-sennelier\/"]}]},{"@type":"ImageObject","inLanguage":"lv-LV","@id":"https:\/\/hobstop.ee\/lv\/produkts\/audekla-stangas-sennelier\/#primaryimage","url":"https:\/\/hobstop.ee\/media\/4771.jpg","contentUrl":"https:\/\/hobstop.ee\/media\/4771.jpg","width":1024,"height":768},{"@type":"BreadcrumbList","@id":"https:\/\/hobstop.ee\/lv\/produkts\/audekla-stangas-sennelier\/#breadcrumb","itemListElement":[{"@type":"ListItem","position":1,"name":"Avaleht","item":"https:\/\/www.hobstop.ee\/lv\/"},{"@type":"ListItem","position":2,"name":"Veikals","item":"https:\/\/www.hobstop.ee\/lv\/veikals\/"},{"@type":"ListItem","position":3,"name":"Audek\u013ca stangas Sennelier"}]},{"@type":"WebSite","@id":"https:\/\/hobstop.ee\/lv\/#website","url":"https:\/\/hobstop.ee\/lv\/","name":"Skizze","description":"M\u0101kslas, hobiju un skolas preces","publisher":{"@id":"https:\/\/hobstop.ee\/lv\/#organization"},"potentialAction":[{"@type":"SearchAction","target":{"@type":"EntryPoint","urlTemplate":"https:\/\/hobstop.ee\/lv\/?s={search_term_string}"},"query-input":{"@type":"PropertyValueSpecification","valueRequired":true,"valueName":"search_term_string"}}],"inLanguage":"lv-LV"},{"@type":"Organization","@id":"https:\/\/hobstop.ee\/lv\/#organization","name":"Vunder AS","url":"https:\/\/hobstop.ee\/lv\/","logo":{"@type":"ImageObject","inLanguage":"lv-LV","@id":"https:\/\/hobstop.ee\/lv\/#\/schema\/logo\/image\/","url":"https:\/\/hobstop.ee\/media\/vunder-logo.png","contentUrl":"https:\/\/hobstop.ee\/media\/vunder-logo.png","width":127,"height":55,"caption":"Vunder AS"},"image":{"@id":"https:\/\/hobstop.ee\/lv\/#\/schema\/logo\/image\/"},"sameAs":["http:\/\/www.facebook.com\/VunderSkizze"]}]}},"_links":{"self":[{"href":"https:\/\/hobstop.ee\/lv\/wp-json\/wp\/v2\/product\/311975","targetHints":{"allow":["GET"]}}],"collection":[{"href":"https:\/\/hobstop.ee\/lv\/wp-json\/wp\/v2\/product"}],"about":[{"href":"https:\/\/hobstop.ee\/lv\/wp-json\/wp\/v2\/types\/product"}],"replies":[{"embeddable":true,"href":"https:\/\/hobstop.ee\/lv\/wp-json\/wp\/v2\/comments?post=311975"}],"wp:featuredmedia":[{"embeddable":true,"href":"https:\/\/hobstop.ee\/lv\/wp-json\/wp\/v2\/media\/312455"}],"wp:attachment":[{"href":"https:\/\/hobstop.ee\/lv\/wp-json\/wp\/v2\/media?parent=311975"}],"wp:term":[{"taxonomy":"product_cat","embeddable":true,"href":"https:\/\/hobstop.ee\/lv\/wp-json\/wp\/v2\/product_cat?post=311975"},{"taxonomy":"product_tag","embeddable":true,"href":"https:\/\/hobstop.ee\/lv\/wp-json\/wp\/v2\/product_tag?post=311975"}],"curies":[{"name":"wp","href":"https:\/\/api.w.org\/{rel}","templated":true}]}}