{"id":311983,"date":"2018-06-28T14:15:28","date_gmt":"2018-06-28T11:15:28","guid":{"rendered":"https:\/\/sharks.ee\/vunder_2019\/lv\/product\/pigments-rayher\/"},"modified":"2018-06-28T14:15:28","modified_gmt":"2018-06-28T11:15:28","slug":"pigments-rayher","status":"publish","type":"product","link":"https:\/\/hobstop.ee\/lv\/produkts\/pigments-rayher\/","title":{"rendered":"Pigments Rayher"},"content":{"rendered":"<p>Rayheras pulveriz\u0113tais pigments ir piem\u0113rots t\u0101du materi\u0101lu kr\u0101so\u0161anai, kas veidoti uz \u016bdens b\u0101zes, kr\u0101s\u0101m uz \u0161\u0137\u012bdin\u0101t\u0101ju un e\u013c\u013cas b\u0101zes, k\u0101 ar\u012b laku, l\u012bmvielu, lie\u0161anas savienojumu (Raysin), rado\u0161\u0101 cementa, strukt\u016brmasas un citu vielu kr\u0101so\u0161anai. Atkar\u012bb\u0101 no pievienot\u0101 daudzuma un pamatmateri\u0101la, var ieg\u016bt paste\u013cto\u0146us un rad\u012bt izteikt\u0101kus efektus.<\/p>\n","protected":false},"excerpt":{"rendered":"<p>Rayheras pulveriz\u0113tais pigments ir piem\u0113rots t\u0101du materi\u0101lu kr\u0101so\u0161anai, kas veidoti uz \u016bdens b\u0101zes, kr\u0101s\u0101m uz \u0161\u0137\u012bdin\u0101t\u0101ju un e\u013c\u013cas b\u0101zes, k\u0101 ar\u012b laku, l\u012bmvielu, lie\u0161anas savienojumu (Raysin), rado\u0161\u0101 cementa, strukt\u016brmasas un citu vielu kr\u0101so\u0161anai. Atkar\u012bb\u0101 no pievienot\u0101 daudzuma un pamatmateri\u0101la, var ieg\u016bt paste\u013cto\u0146us un rad\u012bt izteikt\u0101kus efektus.<\/p>\n","protected":false},"featured_media":312463,"comment_status":"closed","ping_status":"closed","template":"","meta":{"_acf_changed":false,"ep_exclude_from_search":false},"product_cat":[17968,18982,17918],"product_tag":[],"class_list":{"0":"post-311983","1":"product","2":"type-product","3":"status-publish","4":"has-post-thumbnail","6":"product_cat-citi-piederumi","7":"product_cat-dazadi-23","8":"product_cat-preces-hobijiem","10":"first","11":"instock","12":"taxable","13":"shipping-taxable","14":"purchasable","15":"product-type-simple"},"acf":[],"yoast_head":"<!-- This site is optimized with the Yoast SEO plugin v24.1 - https:\/\/yoast.com\/wordpress\/plugins\/seo\/ -->\n<title>Pigments Rayher &#8211; Skizze<\/title>\n<meta name=\"robots\" content=\"noindex, follow, max-snippet:-1, max-image-preview:large, max-video-preview:-1\" \/>\n<meta property=\"og:locale\" content=\"lv_LV\" \/>\n<meta property=\"og:type\" content=\"article\" \/>\n<meta property=\"og:title\" content=\"Pigments Rayher &#8211; Skizze\" \/>\n<meta property=\"og:description\" content=\"Rayheras pulveriz\u0113tais pigments ir piem\u0113rots t\u0101du materi\u0101lu kr\u0101so\u0161anai, kas veidoti uz \u016bdens b\u0101zes, kr\u0101s\u0101m uz \u0161\u0137\u012bdin\u0101t\u0101ju un e\u013c\u013cas b\u0101zes, k\u0101 ar\u012b laku, l\u012bmvielu, lie\u0161anas savienojumu (Raysin), rado\u0161\u0101 cementa, strukt\u016brmasas un citu vielu kr\u0101so\u0161anai. Atkar\u012bb\u0101 no pievienot\u0101 daudzuma un pamatmateri\u0101la, var ieg\u016bt paste\u013cto\u0146us un rad\u012bt izteikt\u0101kus efektus.\" \/>\n<meta property=\"og:url\" content=\"https:\/\/hobstop.ee\/lv\/produkts\/pigments-rayher\/\" \/>\n<meta property=\"og:site_name\" content=\"Skizze\" \/>\n<meta property=\"article:publisher\" content=\"http:\/\/www.facebook.com\/VunderSkizze\" \/>\n<meta property=\"og:image\" content=\"https:\/\/hobstop.ee\/media\/4812.jpg\" \/>\n\t<meta property=\"og:image:width\" content=\"1024\" \/>\n\t<meta property=\"og:image:height\" content=\"768\" \/>\n\t<meta property=\"og:image:type\" content=\"image\/jpeg\" \/>\n<meta name=\"twitter:card\" content=\"summary_large_image\" \/>\n<script type=\"application\/ld+json\" class=\"yoast-schema-graph\">{\"@context\":\"https:\/\/schema.org\",\"@graph\":[{\"@type\":\"WebPage\",\"@id\":\"https:\/\/hobstop.ee\/lv\/produkts\/pigments-rayher\/\",\"url\":\"https:\/\/hobstop.ee\/lv\/produkts\/pigments-rayher\/\",\"name\":\"Pigments Rayher &#8211; Skizze\",\"isPartOf\":{\"@id\":\"https:\/\/hobstop.ee\/lv\/#website\"},\"primaryImageOfPage\":{\"@id\":\"https:\/\/hobstop.ee\/lv\/produkts\/pigments-rayher\/#primaryimage\"},\"image\":{\"@id\":\"https:\/\/hobstop.ee\/lv\/produkts\/pigments-rayher\/#primaryimage\"},\"thumbnailUrl\":\"https:\/\/hobstop.ee\/media\/4812.jpg\",\"datePublished\":\"2018-06-28T11:15:28+00:00\",\"dateModified\":\"2018-06-28T11:15:28+00:00\",\"breadcrumb\":{\"@id\":\"https:\/\/hobstop.ee\/lv\/produkts\/pigments-rayher\/#breadcrumb\"},\"inLanguage\":\"lv-LV\",\"potentialAction\":[{\"@type\":\"ReadAction\",\"target\":[\"https:\/\/hobstop.ee\/lv\/produkts\/pigments-rayher\/\"]}]},{\"@type\":\"ImageObject\",\"inLanguage\":\"lv-LV\",\"@id\":\"https:\/\/hobstop.ee\/lv\/produkts\/pigments-rayher\/#primaryimage\",\"url\":\"https:\/\/hobstop.ee\/media\/4812.jpg\",\"contentUrl\":\"https:\/\/hobstop.ee\/media\/4812.jpg\",\"width\":1024,\"height\":768},{\"@type\":\"BreadcrumbList\",\"@id\":\"https:\/\/hobstop.ee\/lv\/produkts\/pigments-rayher\/#breadcrumb\",\"itemListElement\":[{\"@type\":\"ListItem\",\"position\":1,\"name\":\"Avaleht\",\"item\":\"https:\/\/www.hobstop.ee\/lv\/\"},{\"@type\":\"ListItem\",\"position\":2,\"name\":\"Veikals\",\"item\":\"https:\/\/www.hobstop.ee\/lv\/veikals\/\"},{\"@type\":\"ListItem\",\"position\":3,\"name\":\"Pigments Rayher\"}]},{\"@type\":\"WebSite\",\"@id\":\"https:\/\/hobstop.ee\/lv\/#website\",\"url\":\"https:\/\/hobstop.ee\/lv\/\",\"name\":\"Skizze\",\"description\":\"M\u0101kslas, hobiju un skolas preces\",\"publisher\":{\"@id\":\"https:\/\/hobstop.ee\/lv\/#organization\"},\"potentialAction\":[{\"@type\":\"SearchAction\",\"target\":{\"@type\":\"EntryPoint\",\"urlTemplate\":\"https:\/\/hobstop.ee\/lv\/?s={search_term_string}\"},\"query-input\":{\"@type\":\"PropertyValueSpecification\",\"valueRequired\":true,\"valueName\":\"search_term_string\"}}],\"inLanguage\":\"lv-LV\"},{\"@type\":\"Organization\",\"@id\":\"https:\/\/hobstop.ee\/lv\/#organization\",\"name\":\"Vunder AS\",\"url\":\"https:\/\/hobstop.ee\/lv\/\",\"logo\":{\"@type\":\"ImageObject\",\"inLanguage\":\"lv-LV\",\"@id\":\"https:\/\/hobstop.ee\/lv\/#\/schema\/logo\/image\/\",\"url\":\"https:\/\/hobstop.ee\/media\/vunder-logo.png\",\"contentUrl\":\"https:\/\/hobstop.ee\/media\/vunder-logo.png\",\"width\":127,\"height\":55,\"caption\":\"Vunder AS\"},\"image\":{\"@id\":\"https:\/\/hobstop.ee\/lv\/#\/schema\/logo\/image\/\"},\"sameAs\":[\"http:\/\/www.facebook.com\/VunderSkizze\"]}]}<\/script>\n<!-- \/ Yoast SEO plugin. -->","yoast_head_json":{"title":"Pigments Rayher &#8211; Skizze","robots":{"index":"noindex","follow":"follow","max-snippet":"max-snippet:-1","max-image-preview":"max-image-preview:large","max-video-preview":"max-video-preview:-1"},"og_locale":"lv_LV","og_type":"article","og_title":"Pigments Rayher &#8211; Skizze","og_description":"Rayheras pulveriz\u0113tais pigments ir piem\u0113rots t\u0101du materi\u0101lu kr\u0101so\u0161anai, kas veidoti uz \u016bdens b\u0101zes, kr\u0101s\u0101m uz \u0161\u0137\u012bdin\u0101t\u0101ju un e\u013c\u013cas b\u0101zes, k\u0101 ar\u012b laku, l\u012bmvielu, lie\u0161anas savienojumu (Raysin), rado\u0161\u0101 cementa, strukt\u016brmasas un citu vielu kr\u0101so\u0161anai. Atkar\u012bb\u0101 no pievienot\u0101 daudzuma un pamatmateri\u0101la, var ieg\u016bt paste\u013cto\u0146us un rad\u012bt izteikt\u0101kus efektus.","og_url":"https:\/\/hobstop.ee\/lv\/produkts\/pigments-rayher\/","og_site_name":"Skizze","article_publisher":"http:\/\/www.facebook.com\/VunderSkizze","og_image":[{"width":1024,"height":768,"url":"https:\/\/hobstop.ee\/media\/4812.jpg","type":"image\/jpeg"}],"twitter_card":"summary_large_image","schema":{"@context":"https:\/\/schema.org","@graph":[{"@type":"WebPage","@id":"https:\/\/hobstop.ee\/lv\/produkts\/pigments-rayher\/","url":"https:\/\/hobstop.ee\/lv\/produkts\/pigments-rayher\/","name":"Pigments Rayher &#8211; Skizze","isPartOf":{"@id":"https:\/\/hobstop.ee\/lv\/#website"},"primaryImageOfPage":{"@id":"https:\/\/hobstop.ee\/lv\/produkts\/pigments-rayher\/#primaryimage"},"image":{"@id":"https:\/\/hobstop.ee\/lv\/produkts\/pigments-rayher\/#primaryimage"},"thumbnailUrl":"https:\/\/hobstop.ee\/media\/4812.jpg","datePublished":"2018-06-28T11:15:28+00:00","dateModified":"2018-06-28T11:15:28+00:00","breadcrumb":{"@id":"https:\/\/hobstop.ee\/lv\/produkts\/pigments-rayher\/#breadcrumb"},"inLanguage":"lv-LV","potentialAction":[{"@type":"ReadAction","target":["https:\/\/hobstop.ee\/lv\/produkts\/pigments-rayher\/"]}]},{"@type":"ImageObject","inLanguage":"lv-LV","@id":"https:\/\/hobstop.ee\/lv\/produkts\/pigments-rayher\/#primaryimage","url":"https:\/\/hobstop.ee\/media\/4812.jpg","contentUrl":"https:\/\/hobstop.ee\/media\/4812.jpg","width":1024,"height":768},{"@type":"BreadcrumbList","@id":"https:\/\/hobstop.ee\/lv\/produkts\/pigments-rayher\/#breadcrumb","itemListElement":[{"@type":"ListItem","position":1,"name":"Avaleht","item":"https:\/\/www.hobstop.ee\/lv\/"},{"@type":"ListItem","position":2,"name":"Veikals","item":"https:\/\/www.hobstop.ee\/lv\/veikals\/"},{"@type":"ListItem","position":3,"name":"Pigments Rayher"}]},{"@type":"WebSite","@id":"https:\/\/hobstop.ee\/lv\/#website","url":"https:\/\/hobstop.ee\/lv\/","name":"Skizze","description":"M\u0101kslas, hobiju un skolas preces","publisher":{"@id":"https:\/\/hobstop.ee\/lv\/#organization"},"potentialAction":[{"@type":"SearchAction","target":{"@type":"EntryPoint","urlTemplate":"https:\/\/hobstop.ee\/lv\/?s={search_term_string}"},"query-input":{"@type":"PropertyValueSpecification","valueRequired":true,"valueName":"search_term_string"}}],"inLanguage":"lv-LV"},{"@type":"Organization","@id":"https:\/\/hobstop.ee\/lv\/#organization","name":"Vunder AS","url":"https:\/\/hobstop.ee\/lv\/","logo":{"@type":"ImageObject","inLanguage":"lv-LV","@id":"https:\/\/hobstop.ee\/lv\/#\/schema\/logo\/image\/","url":"https:\/\/hobstop.ee\/media\/vunder-logo.png","contentUrl":"https:\/\/hobstop.ee\/media\/vunder-logo.png","width":127,"height":55,"caption":"Vunder AS"},"image":{"@id":"https:\/\/hobstop.ee\/lv\/#\/schema\/logo\/image\/"},"sameAs":["http:\/\/www.facebook.com\/VunderSkizze"]}]}},"_links":{"self":[{"href":"https:\/\/hobstop.ee\/lv\/wp-json\/wp\/v2\/product\/311983","targetHints":{"allow":["GET"]}}],"collection":[{"href":"https:\/\/hobstop.ee\/lv\/wp-json\/wp\/v2\/product"}],"about":[{"href":"https:\/\/hobstop.ee\/lv\/wp-json\/wp\/v2\/types\/product"}],"replies":[{"embeddable":true,"href":"https:\/\/hobstop.ee\/lv\/wp-json\/wp\/v2\/comments?post=311983"}],"wp:featuredmedia":[{"embeddable":true,"href":"https:\/\/hobstop.ee\/lv\/wp-json\/wp\/v2\/media\/312463"}],"wp:attachment":[{"href":"https:\/\/hobstop.ee\/lv\/wp-json\/wp\/v2\/media?parent=311983"}],"wp:term":[{"taxonomy":"product_cat","embeddable":true,"href":"https:\/\/hobstop.ee\/lv\/wp-json\/wp\/v2\/product_cat?post=311983"},{"taxonomy":"product_tag","embeddable":true,"href":"https:\/\/hobstop.ee\/lv\/wp-json\/wp\/v2\/product_tag?post=311983"}],"curies":[{"name":"wp","href":"https:\/\/api.w.org\/{rel}","templated":true}]}}