{"id":313226,"date":"2018-07-10T14:57:53","date_gmt":"2018-07-10T11:57:53","guid":{"rendered":"https:\/\/skizze.ee\/lv\/product\/dzesgumija-maped-technic-ultra-mini\/"},"modified":"2018-07-10T14:57:53","modified_gmt":"2018-07-10T11:57:53","slug":"dzesgumija-maped-technic-ultra-mini","status":"publish","type":"product","link":"https:\/\/hobstop.ee\/lv\/produkts\/dzesgumija-maped-technic-ultra-mini\/","title":{"rendered":"Dz\u0113\u0161gumija Maped Technic Ultra Mini"},"content":{"rendered":"<p>Maped Technic Ultra ir augstas kvalit\u0101tes tehnisk\u0101 dz\u0113\u0161gumija, ko var izmantot m\u0101j\u0101s, biroj\u0101 vai skol\u0101. Dz\u0113\u0161gumija, kas izgatavota no diviem materi\u0101liem, ir bl\u012bva un stingra, k\u0101 ar\u012b iztur\u012bga pret putek\u013ciem, neradot papildnet\u012brumus.<\/p>\n","protected":false},"excerpt":{"rendered":"<p>Maped Technic Ultra ir augstas kvalit\u0101tes tehnisk\u0101 dz\u0113\u0161gumija, ko var izmantot m\u0101j\u0101s, biroj\u0101 vai skol\u0101. Dz\u0113\u0161gumija, kas izgatavota no diviem materi\u0101liem, ir bl\u012bva un stingra, k\u0101 ar\u012b iztur\u012bga pret putek\u013ciem, neradot papildnet\u012brumus.<\/p>\n","protected":false},"featured_media":313482,"comment_status":"closed","ping_status":"closed","template":"","meta":{"_acf_changed":false,"ep_exclude_from_search":false},"product_cat":[18130,17916,18633],"product_tag":[],"class_list":{"0":"post-313226","1":"product","2":"type-product","3":"status-publish","4":"has-post-thumbnail","6":"product_cat-dzesgumijas","7":"product_cat-preces-skolai","8":"product_cat-zimesanas-piederumi-2","10":"first","11":"instock","12":"taxable","13":"shipping-taxable","14":"purchasable","15":"product-type-simple"},"acf":[],"yoast_head":"<!-- This site is optimized with the Yoast SEO plugin v24.1 - https:\/\/yoast.com\/wordpress\/plugins\/seo\/ -->\n<title>Dz\u0113\u0161gumija Maped Technic Ultra Mini &#8211; Skizze<\/title>\n<meta name=\"robots\" content=\"noindex, follow, max-snippet:-1, max-image-preview:large, max-video-preview:-1\" \/>\n<meta property=\"og:locale\" content=\"lv_LV\" \/>\n<meta property=\"og:type\" content=\"article\" \/>\n<meta property=\"og:title\" content=\"Dz\u0113\u0161gumija Maped Technic Ultra Mini &#8211; Skizze\" \/>\n<meta property=\"og:description\" content=\"Maped Technic Ultra ir augstas kvalit\u0101tes tehnisk\u0101 dz\u0113\u0161gumija, ko var izmantot m\u0101j\u0101s, biroj\u0101 vai skol\u0101. Dz\u0113\u0161gumija, kas izgatavota no diviem materi\u0101liem, ir bl\u012bva un stingra, k\u0101 ar\u012b iztur\u012bga pret putek\u013ciem, neradot papildnet\u012brumus.\" \/>\n<meta property=\"og:url\" content=\"https:\/\/hobstop.ee\/lv\/produkts\/dzesgumija-maped-technic-ultra-mini\/\" \/>\n<meta property=\"og:site_name\" content=\"Skizze\" \/>\n<meta property=\"article:publisher\" content=\"http:\/\/www.facebook.com\/VunderSkizze\" \/>\n<meta property=\"og:image\" content=\"https:\/\/hobstop.ee\/media\/4746.jpg\" \/>\n\t<meta property=\"og:image:width\" content=\"1024\" \/>\n\t<meta property=\"og:image:height\" content=\"768\" \/>\n\t<meta property=\"og:image:type\" content=\"image\/jpeg\" \/>\n<meta name=\"twitter:card\" content=\"summary_large_image\" \/>\n<script type=\"application\/ld+json\" class=\"yoast-schema-graph\">{\"@context\":\"https:\/\/schema.org\",\"@graph\":[{\"@type\":\"WebPage\",\"@id\":\"https:\/\/hobstop.ee\/lv\/produkts\/dzesgumija-maped-technic-ultra-mini\/\",\"url\":\"https:\/\/hobstop.ee\/lv\/produkts\/dzesgumija-maped-technic-ultra-mini\/\",\"name\":\"Dz\u0113\u0161gumija Maped Technic Ultra Mini &#8211; Skizze\",\"isPartOf\":{\"@id\":\"https:\/\/hobstop.ee\/lv\/#website\"},\"primaryImageOfPage\":{\"@id\":\"https:\/\/hobstop.ee\/lv\/produkts\/dzesgumija-maped-technic-ultra-mini\/#primaryimage\"},\"image\":{\"@id\":\"https:\/\/hobstop.ee\/lv\/produkts\/dzesgumija-maped-technic-ultra-mini\/#primaryimage\"},\"thumbnailUrl\":\"https:\/\/hobstop.ee\/media\/4746.jpg\",\"datePublished\":\"2018-07-10T11:57:53+00:00\",\"dateModified\":\"2018-07-10T11:57:53+00:00\",\"breadcrumb\":{\"@id\":\"https:\/\/hobstop.ee\/lv\/produkts\/dzesgumija-maped-technic-ultra-mini\/#breadcrumb\"},\"inLanguage\":\"lv-LV\",\"potentialAction\":[{\"@type\":\"ReadAction\",\"target\":[\"https:\/\/hobstop.ee\/lv\/produkts\/dzesgumija-maped-technic-ultra-mini\/\"]}]},{\"@type\":\"ImageObject\",\"inLanguage\":\"lv-LV\",\"@id\":\"https:\/\/hobstop.ee\/lv\/produkts\/dzesgumija-maped-technic-ultra-mini\/#primaryimage\",\"url\":\"https:\/\/hobstop.ee\/media\/4746.jpg\",\"contentUrl\":\"https:\/\/hobstop.ee\/media\/4746.jpg\",\"width\":1024,\"height\":768},{\"@type\":\"BreadcrumbList\",\"@id\":\"https:\/\/hobstop.ee\/lv\/produkts\/dzesgumija-maped-technic-ultra-mini\/#breadcrumb\",\"itemListElement\":[{\"@type\":\"ListItem\",\"position\":1,\"name\":\"Avaleht\",\"item\":\"https:\/\/www.hobstop.ee\/lv\/\"},{\"@type\":\"ListItem\",\"position\":2,\"name\":\"Veikals\",\"item\":\"https:\/\/www.hobstop.ee\/lv\/veikals\/\"},{\"@type\":\"ListItem\",\"position\":3,\"name\":\"Dz\u0113\u0161gumija Maped Technic Ultra Mini\"}]},{\"@type\":\"WebSite\",\"@id\":\"https:\/\/hobstop.ee\/lv\/#website\",\"url\":\"https:\/\/hobstop.ee\/lv\/\",\"name\":\"Skizze\",\"description\":\"M\u0101kslas, hobiju un skolas preces\",\"publisher\":{\"@id\":\"https:\/\/hobstop.ee\/lv\/#organization\"},\"potentialAction\":[{\"@type\":\"SearchAction\",\"target\":{\"@type\":\"EntryPoint\",\"urlTemplate\":\"https:\/\/hobstop.ee\/lv\/?s={search_term_string}\"},\"query-input\":{\"@type\":\"PropertyValueSpecification\",\"valueRequired\":true,\"valueName\":\"search_term_string\"}}],\"inLanguage\":\"lv-LV\"},{\"@type\":\"Organization\",\"@id\":\"https:\/\/hobstop.ee\/lv\/#organization\",\"name\":\"Vunder AS\",\"url\":\"https:\/\/hobstop.ee\/lv\/\",\"logo\":{\"@type\":\"ImageObject\",\"inLanguage\":\"lv-LV\",\"@id\":\"https:\/\/hobstop.ee\/lv\/#\/schema\/logo\/image\/\",\"url\":\"https:\/\/hobstop.ee\/media\/vunder-logo.png\",\"contentUrl\":\"https:\/\/hobstop.ee\/media\/vunder-logo.png\",\"width\":127,\"height\":55,\"caption\":\"Vunder AS\"},\"image\":{\"@id\":\"https:\/\/hobstop.ee\/lv\/#\/schema\/logo\/image\/\"},\"sameAs\":[\"http:\/\/www.facebook.com\/VunderSkizze\"]}]}<\/script>\n<!-- \/ Yoast SEO plugin. -->","yoast_head_json":{"title":"Dz\u0113\u0161gumija Maped Technic Ultra Mini &#8211; Skizze","robots":{"index":"noindex","follow":"follow","max-snippet":"max-snippet:-1","max-image-preview":"max-image-preview:large","max-video-preview":"max-video-preview:-1"},"og_locale":"lv_LV","og_type":"article","og_title":"Dz\u0113\u0161gumija Maped Technic Ultra Mini &#8211; Skizze","og_description":"Maped Technic Ultra ir augstas kvalit\u0101tes tehnisk\u0101 dz\u0113\u0161gumija, ko var izmantot m\u0101j\u0101s, biroj\u0101 vai skol\u0101. Dz\u0113\u0161gumija, kas izgatavota no diviem materi\u0101liem, ir bl\u012bva un stingra, k\u0101 ar\u012b iztur\u012bga pret putek\u013ciem, neradot papildnet\u012brumus.","og_url":"https:\/\/hobstop.ee\/lv\/produkts\/dzesgumija-maped-technic-ultra-mini\/","og_site_name":"Skizze","article_publisher":"http:\/\/www.facebook.com\/VunderSkizze","og_image":[{"width":1024,"height":768,"url":"https:\/\/hobstop.ee\/media\/4746.jpg","type":"image\/jpeg"}],"twitter_card":"summary_large_image","schema":{"@context":"https:\/\/schema.org","@graph":[{"@type":"WebPage","@id":"https:\/\/hobstop.ee\/lv\/produkts\/dzesgumija-maped-technic-ultra-mini\/","url":"https:\/\/hobstop.ee\/lv\/produkts\/dzesgumija-maped-technic-ultra-mini\/","name":"Dz\u0113\u0161gumija Maped Technic Ultra Mini &#8211; Skizze","isPartOf":{"@id":"https:\/\/hobstop.ee\/lv\/#website"},"primaryImageOfPage":{"@id":"https:\/\/hobstop.ee\/lv\/produkts\/dzesgumija-maped-technic-ultra-mini\/#primaryimage"},"image":{"@id":"https:\/\/hobstop.ee\/lv\/produkts\/dzesgumija-maped-technic-ultra-mini\/#primaryimage"},"thumbnailUrl":"https:\/\/hobstop.ee\/media\/4746.jpg","datePublished":"2018-07-10T11:57:53+00:00","dateModified":"2018-07-10T11:57:53+00:00","breadcrumb":{"@id":"https:\/\/hobstop.ee\/lv\/produkts\/dzesgumija-maped-technic-ultra-mini\/#breadcrumb"},"inLanguage":"lv-LV","potentialAction":[{"@type":"ReadAction","target":["https:\/\/hobstop.ee\/lv\/produkts\/dzesgumija-maped-technic-ultra-mini\/"]}]},{"@type":"ImageObject","inLanguage":"lv-LV","@id":"https:\/\/hobstop.ee\/lv\/produkts\/dzesgumija-maped-technic-ultra-mini\/#primaryimage","url":"https:\/\/hobstop.ee\/media\/4746.jpg","contentUrl":"https:\/\/hobstop.ee\/media\/4746.jpg","width":1024,"height":768},{"@type":"BreadcrumbList","@id":"https:\/\/hobstop.ee\/lv\/produkts\/dzesgumija-maped-technic-ultra-mini\/#breadcrumb","itemListElement":[{"@type":"ListItem","position":1,"name":"Avaleht","item":"https:\/\/www.hobstop.ee\/lv\/"},{"@type":"ListItem","position":2,"name":"Veikals","item":"https:\/\/www.hobstop.ee\/lv\/veikals\/"},{"@type":"ListItem","position":3,"name":"Dz\u0113\u0161gumija Maped Technic Ultra Mini"}]},{"@type":"WebSite","@id":"https:\/\/hobstop.ee\/lv\/#website","url":"https:\/\/hobstop.ee\/lv\/","name":"Skizze","description":"M\u0101kslas, hobiju un skolas preces","publisher":{"@id":"https:\/\/hobstop.ee\/lv\/#organization"},"potentialAction":[{"@type":"SearchAction","target":{"@type":"EntryPoint","urlTemplate":"https:\/\/hobstop.ee\/lv\/?s={search_term_string}"},"query-input":{"@type":"PropertyValueSpecification","valueRequired":true,"valueName":"search_term_string"}}],"inLanguage":"lv-LV"},{"@type":"Organization","@id":"https:\/\/hobstop.ee\/lv\/#organization","name":"Vunder AS","url":"https:\/\/hobstop.ee\/lv\/","logo":{"@type":"ImageObject","inLanguage":"lv-LV","@id":"https:\/\/hobstop.ee\/lv\/#\/schema\/logo\/image\/","url":"https:\/\/hobstop.ee\/media\/vunder-logo.png","contentUrl":"https:\/\/hobstop.ee\/media\/vunder-logo.png","width":127,"height":55,"caption":"Vunder AS"},"image":{"@id":"https:\/\/hobstop.ee\/lv\/#\/schema\/logo\/image\/"},"sameAs":["http:\/\/www.facebook.com\/VunderSkizze"]}]}},"_links":{"self":[{"href":"https:\/\/hobstop.ee\/lv\/wp-json\/wp\/v2\/product\/313226","targetHints":{"allow":["GET"]}}],"collection":[{"href":"https:\/\/hobstop.ee\/lv\/wp-json\/wp\/v2\/product"}],"about":[{"href":"https:\/\/hobstop.ee\/lv\/wp-json\/wp\/v2\/types\/product"}],"replies":[{"embeddable":true,"href":"https:\/\/hobstop.ee\/lv\/wp-json\/wp\/v2\/comments?post=313226"}],"wp:featuredmedia":[{"embeddable":true,"href":"https:\/\/hobstop.ee\/lv\/wp-json\/wp\/v2\/media\/313482"}],"wp:attachment":[{"href":"https:\/\/hobstop.ee\/lv\/wp-json\/wp\/v2\/media?parent=313226"}],"wp:term":[{"taxonomy":"product_cat","embeddable":true,"href":"https:\/\/hobstop.ee\/lv\/wp-json\/wp\/v2\/product_cat?post=313226"},{"taxonomy":"product_tag","embeddable":true,"href":"https:\/\/hobstop.ee\/lv\/wp-json\/wp\/v2\/product_tag?post=313226"}],"curies":[{"name":"wp","href":"https:\/\/api.w.org\/{rel}","templated":true}]}}