{"id":313238,"date":"2018-07-10T14:57:57","date_gmt":"2018-07-10T11:57:57","guid":{"rendered":"https:\/\/skizze.ee\/lv\/product\/washi-teip-mt-kapitza\/"},"modified":"2018-07-10T14:57:57","modified_gmt":"2018-07-10T11:57:57","slug":"washi-limlente-mt-kapitza","status":"publish","type":"product","link":"https:\/\/hobstop.ee\/lv\/produkts\/washi-limlente-mt-kapitza\/","title":{"rendered":"Washi l\u012bmlente mt Kapitza"},"content":{"rendered":"<p>Jap\u0101n\u0101 rad\u012bt\u0101 Washi l\u012bmlente ir piem\u0113rota visda\u017e\u0101d\u0101ko priek\u0161metu dekor\u0113\u0161anai \u2013 s\u0101kot no k\u0101rb\u0101m un atkl\u0101tn\u0113m l\u012bdz pat traukiem un m\u0113bel\u0113m.  To var lietot uz da\u017e\u0101d\u0101m virsm\u0101m, piem., uz pap\u012bra, koka, met\u0101la, porcel\u0101na, stikla u.c. L\u012bmlentes r\u016bpniecisk\u0101s ra\u017eo\u0161anas process nodro\u0161ina \u012bpa\u0161i labu kvalit\u0101ti un iztur\u012bbu apvienojum\u0101 ar izcili pl\u0101nu formu.  Lieliski l\u012bpo\u0161o lenti var vajadz\u012bbas gad\u012bjum\u0101 viegli no\u0146emt no virsmas, neatst\u0101jot l\u012bmes p\u0113das.<br \/>\nKapitza ir m\u0101su Petras un Nikolas Kapicu (Petra and Nocole Kapitza) rado\u0161\u0101 studija, kuras pamat\u0101 ir interese par kr\u0101s\u0101m, rakstiem, matem\u0101tiku un dabu. Studija sadarbojas ar pla\u0161u starptautisko z\u012bmolu loku modes, interjera, kosm\u0113tikas, produktu dizaina un izdev\u0113jdarb\u012bbas pasaul\u0113. Starp studijas klientiem ir Comme des Garcons, Gucci, Clinique, USPS, TeNeues un IKEA. Kapitza ieguva glob\u0101lus pan\u0101kumus, pateicoties novatorisk\u0101m m\u0101kslas gr\u0101mat\u0101m, kas ietver drosm\u012bgus, kr\u0101sainus m\u0101kslas darbus. \u0160ie darbi ir radu\u0161ies, pateicoties nep\u0101rtrauktiem studij\u0101 notieko\u0161iem eksperiment\u0101liem p\u0113t\u012bjumiem par \u0123eometrisk\u0101m fig\u016br\u0101m un matem\u0101tiskaj\u0101m form\u0101m, k\u0101 ar\u012b dabiskaj\u0101m strukt\u016br\u0101m, kas sastopamas dab\u0101, un z\u012bmju veido\u0161an\u0101. Kop\u0101 ar konceptu\u0101lo kr\u0101su valodu, tiek defin\u0113ts Kapitza m\u0101kslas unik\u0101lais stils. Kapitza gr\u0101matas Geometric book izn\u0101k\u0161ana 2008. gad\u0101 izrais\u012bja \u0123eometrisk\u0101s m\u0101kslas atdzim\u0161anu mod\u0113, interjer\u0101 un ilustr\u0101cij\u0101, ta\u010du uz\u0146\u0113muma izstr\u0101d\u0101to unik\u0101lo rakstu un kr\u0101su izmanto\u0161ana ir palikusi nep\u0101rsp\u0113jama.<\/p>\n","protected":false},"excerpt":{"rendered":"<p>Jap\u0101n\u0101 rad\u012bt\u0101 Washi l\u012bmlente ir piem\u0113rota visda\u017e\u0101d\u0101ko priek\u0161metu dekor\u0113\u0161anai \u2013 s\u0101kot no k\u0101rb\u0101m un atkl\u0101tn\u0113m l\u012bdz pat traukiem un m\u0113bel\u0113m. To var lietot uz da\u017e\u0101d\u0101m virsm\u0101m, piem., uz pap\u012bra, koka, met\u0101la, porcel\u0101na, stikla u.c. L\u012bmlentes r\u016bpniecisk\u0101s ra\u017eo\u0161anas process nodro\u0161ina \u012bpa\u0161i labu kvalit\u0101ti un iztur\u012bbu apvienojum\u0101 ar izcili pl\u0101nu formu. Lieliski l\u012bpo\u0161o lenti var vajadz\u012bbas gad\u012bjum\u0101 viegli no\u0146emt no virsmas, neatst\u0101jot l\u012bmes p\u0113das. Kapitza ir m\u0101su Petras un Nikolas Kapicu (Petra and Nocole Kapitza) rado\u0161\u0101 studija, kuras pamat\u0101 ir interese par kr\u0101s\u0101m, rakstiem, matem\u0101tiku un dabu. Studija sadarbojas ar pla\u0161u starptautisko z\u012bmolu loku modes, interjera, kosm\u0113tikas, produktu dizaina un izdev\u0113jdarb\u012bbas pasaul\u0113. Starp studijas klientiem ir Comme des Garcons, Gucci, Clinique, USPS, TeNeues un IKEA. Kapitza ieguva glob\u0101lus pan\u0101kumus, pateicoties novatorisk\u0101m m\u0101kslas gr\u0101mat\u0101m, kas ietver drosm\u012bgus, kr\u0101sainus m\u0101kslas darbus. \u0160ie darbi ir radu\u0161ies, pateicoties nep\u0101rtrauktiem studij\u0101 notieko\u0161iem eksperiment\u0101liem p\u0113t\u012bjumiem par \u0123eometrisk\u0101m fig\u016br\u0101m un matem\u0101tiskaj\u0101m form\u0101m, k\u0101 ar\u012b dabiskaj\u0101m strukt\u016br\u0101m, kas sastopamas dab\u0101, un z\u012bmju veido\u0161an\u0101. Kop\u0101 ar konceptu\u0101lo kr\u0101su valodu, tiek defin\u0113ts Kapitza m\u0101kslas unik\u0101lais stils. Kapitza gr\u0101matas Geometric book izn\u0101k\u0161ana 2008. gad\u0101 izrais\u012bja \u0123eometrisk\u0101s m\u0101kslas atdzim\u0161anu mod\u0113, interjer\u0101 un ilustr\u0101cij\u0101, ta\u010du uz\u0146\u0113muma izstr\u0101d\u0101to unik\u0101lo rakstu un kr\u0101su izmanto\u0161ana ir palikusi nep\u0101rsp\u0113jama.<\/p>\n","protected":false},"featured_media":313494,"comment_status":"closed","ping_status":"closed","template":"","meta":{"_acf_changed":false,"ep_exclude_from_search":false},"product_cat":[17968,17918,18598],"product_tag":[],"class_list":{"0":"post-313238","1":"product","2":"type-product","3":"status-publish","4":"has-post-thumbnail","6":"product_cat-citi-piederumi","7":"product_cat-preces-hobijiem","8":"product_cat-washi-limlentes","10":"first","11":"instock","12":"taxable","13":"shipping-taxable","14":"purchasable","15":"product-type-simple"},"acf":[],"yoast_head":"<!-- This site is optimized with the Yoast SEO plugin v24.1 - https:\/\/yoast.com\/wordpress\/plugins\/seo\/ -->\n<title>Washi l\u012bmlente mt Kapitza &#8211; Skizze<\/title>\n<meta name=\"robots\" content=\"noindex, follow, max-snippet:-1, max-image-preview:large, max-video-preview:-1\" \/>\n<meta property=\"og:locale\" content=\"lv_LV\" \/>\n<meta property=\"og:type\" content=\"article\" \/>\n<meta property=\"og:title\" content=\"Washi l\u012bmlente mt Kapitza &#8211; Skizze\" \/>\n<meta property=\"og:description\" content=\"Jap\u0101n\u0101 rad\u012bt\u0101 Washi l\u012bmlente ir piem\u0113rota visda\u017e\u0101d\u0101ko priek\u0161metu dekor\u0113\u0161anai \u2013 s\u0101kot no k\u0101rb\u0101m un atkl\u0101tn\u0113m l\u012bdz pat traukiem un m\u0113bel\u0113m. To var lietot uz da\u017e\u0101d\u0101m virsm\u0101m, piem., uz pap\u012bra, koka, met\u0101la, porcel\u0101na, stikla u.c. L\u012bmlentes r\u016bpniecisk\u0101s ra\u017eo\u0161anas process nodro\u0161ina \u012bpa\u0161i labu kvalit\u0101ti un iztur\u012bbu apvienojum\u0101 ar izcili pl\u0101nu formu. Lieliski l\u012bpo\u0161o lenti var vajadz\u012bbas gad\u012bjum\u0101 viegli no\u0146emt no virsmas, neatst\u0101jot l\u012bmes p\u0113das. Kapitza ir m\u0101su Petras un Nikolas Kapicu (Petra and Nocole Kapitza) rado\u0161\u0101 studija, kuras pamat\u0101 ir interese par kr\u0101s\u0101m, rakstiem, matem\u0101tiku un dabu. Studija sadarbojas ar pla\u0161u starptautisko z\u012bmolu loku modes, interjera, kosm\u0113tikas, produktu dizaina un izdev\u0113jdarb\u012bbas pasaul\u0113. Starp studijas klientiem ir Comme des Garcons, Gucci, Clinique, USPS, TeNeues un IKEA. Kapitza ieguva glob\u0101lus pan\u0101kumus, pateicoties novatorisk\u0101m m\u0101kslas gr\u0101mat\u0101m, kas ietver drosm\u012bgus, kr\u0101sainus m\u0101kslas darbus. \u0160ie darbi ir radu\u0161ies, pateicoties nep\u0101rtrauktiem studij\u0101 notieko\u0161iem eksperiment\u0101liem p\u0113t\u012bjumiem par \u0123eometrisk\u0101m fig\u016br\u0101m un matem\u0101tiskaj\u0101m form\u0101m, k\u0101 ar\u012b dabiskaj\u0101m strukt\u016br\u0101m, kas sastopamas dab\u0101, un z\u012bmju veido\u0161an\u0101. Kop\u0101 ar konceptu\u0101lo kr\u0101su valodu, tiek defin\u0113ts Kapitza m\u0101kslas unik\u0101lais stils. Kapitza gr\u0101matas Geometric book izn\u0101k\u0161ana 2008. gad\u0101 izrais\u012bja \u0123eometrisk\u0101s m\u0101kslas atdzim\u0161anu mod\u0113, interjer\u0101 un ilustr\u0101cij\u0101, ta\u010du uz\u0146\u0113muma izstr\u0101d\u0101to unik\u0101lo rakstu un kr\u0101su izmanto\u0161ana ir palikusi nep\u0101rsp\u0113jama.\" \/>\n<meta property=\"og:url\" content=\"https:\/\/hobstop.ee\/lv\/produkts\/washi-limlente-mt-kapitza\/\" \/>\n<meta property=\"og:site_name\" content=\"Skizze\" \/>\n<meta property=\"article:publisher\" content=\"http:\/\/www.facebook.com\/VunderSkizze\" \/>\n<meta property=\"og:image\" content=\"https:\/\/hobstop.ee\/media\/4759.jpg\" \/>\n\t<meta property=\"og:image:width\" content=\"1024\" \/>\n\t<meta property=\"og:image:height\" content=\"768\" \/>\n\t<meta property=\"og:image:type\" content=\"image\/jpeg\" \/>\n<meta name=\"twitter:card\" content=\"summary_large_image\" \/>\n<meta name=\"twitter:label1\" content=\"Est. reading time\" \/>\n\t<meta name=\"twitter:data1\" content=\"1 min\u016b\u0161u\" \/>\n<script type=\"application\/ld+json\" class=\"yoast-schema-graph\">{\"@context\":\"https:\/\/schema.org\",\"@graph\":[{\"@type\":\"WebPage\",\"@id\":\"https:\/\/hobstop.ee\/lv\/produkts\/washi-limlente-mt-kapitza\/\",\"url\":\"https:\/\/hobstop.ee\/lv\/produkts\/washi-limlente-mt-kapitza\/\",\"name\":\"Washi l\u012bmlente mt Kapitza &#8211; Skizze\",\"isPartOf\":{\"@id\":\"https:\/\/hobstop.ee\/lv\/#website\"},\"primaryImageOfPage\":{\"@id\":\"https:\/\/hobstop.ee\/lv\/produkts\/washi-limlente-mt-kapitza\/#primaryimage\"},\"image\":{\"@id\":\"https:\/\/hobstop.ee\/lv\/produkts\/washi-limlente-mt-kapitza\/#primaryimage\"},\"thumbnailUrl\":\"https:\/\/hobstop.ee\/media\/4759.jpg\",\"datePublished\":\"2018-07-10T11:57:57+00:00\",\"dateModified\":\"2018-07-10T11:57:57+00:00\",\"breadcrumb\":{\"@id\":\"https:\/\/hobstop.ee\/lv\/produkts\/washi-limlente-mt-kapitza\/#breadcrumb\"},\"inLanguage\":\"lv-LV\",\"potentialAction\":[{\"@type\":\"ReadAction\",\"target\":[\"https:\/\/hobstop.ee\/lv\/produkts\/washi-limlente-mt-kapitza\/\"]}]},{\"@type\":\"ImageObject\",\"inLanguage\":\"lv-LV\",\"@id\":\"https:\/\/hobstop.ee\/lv\/produkts\/washi-limlente-mt-kapitza\/#primaryimage\",\"url\":\"https:\/\/hobstop.ee\/media\/4759.jpg\",\"contentUrl\":\"https:\/\/hobstop.ee\/media\/4759.jpg\",\"width\":1024,\"height\":768},{\"@type\":\"BreadcrumbList\",\"@id\":\"https:\/\/hobstop.ee\/lv\/produkts\/washi-limlente-mt-kapitza\/#breadcrumb\",\"itemListElement\":[{\"@type\":\"ListItem\",\"position\":1,\"name\":\"Avaleht\",\"item\":\"https:\/\/www.hobstop.ee\/lv\/\"},{\"@type\":\"ListItem\",\"position\":2,\"name\":\"Veikals\",\"item\":\"https:\/\/www.hobstop.ee\/lv\/veikals\/\"},{\"@type\":\"ListItem\",\"position\":3,\"name\":\"Washi l\u012bmlente mt Kapitza\"}]},{\"@type\":\"WebSite\",\"@id\":\"https:\/\/hobstop.ee\/lv\/#website\",\"url\":\"https:\/\/hobstop.ee\/lv\/\",\"name\":\"Skizze\",\"description\":\"M\u0101kslas, hobiju un skolas preces\",\"publisher\":{\"@id\":\"https:\/\/hobstop.ee\/lv\/#organization\"},\"potentialAction\":[{\"@type\":\"SearchAction\",\"target\":{\"@type\":\"EntryPoint\",\"urlTemplate\":\"https:\/\/hobstop.ee\/lv\/?s={search_term_string}\"},\"query-input\":{\"@type\":\"PropertyValueSpecification\",\"valueRequired\":true,\"valueName\":\"search_term_string\"}}],\"inLanguage\":\"lv-LV\"},{\"@type\":\"Organization\",\"@id\":\"https:\/\/hobstop.ee\/lv\/#organization\",\"name\":\"Vunder AS\",\"url\":\"https:\/\/hobstop.ee\/lv\/\",\"logo\":{\"@type\":\"ImageObject\",\"inLanguage\":\"lv-LV\",\"@id\":\"https:\/\/hobstop.ee\/lv\/#\/schema\/logo\/image\/\",\"url\":\"https:\/\/hobstop.ee\/media\/vunder-logo.png\",\"contentUrl\":\"https:\/\/hobstop.ee\/media\/vunder-logo.png\",\"width\":127,\"height\":55,\"caption\":\"Vunder AS\"},\"image\":{\"@id\":\"https:\/\/hobstop.ee\/lv\/#\/schema\/logo\/image\/\"},\"sameAs\":[\"http:\/\/www.facebook.com\/VunderSkizze\"]}]}<\/script>\n<!-- \/ Yoast SEO plugin. -->","yoast_head_json":{"title":"Washi l\u012bmlente mt Kapitza &#8211; Skizze","robots":{"index":"noindex","follow":"follow","max-snippet":"max-snippet:-1","max-image-preview":"max-image-preview:large","max-video-preview":"max-video-preview:-1"},"og_locale":"lv_LV","og_type":"article","og_title":"Washi l\u012bmlente mt Kapitza &#8211; Skizze","og_description":"Jap\u0101n\u0101 rad\u012bt\u0101 Washi l\u012bmlente ir piem\u0113rota visda\u017e\u0101d\u0101ko priek\u0161metu dekor\u0113\u0161anai \u2013 s\u0101kot no k\u0101rb\u0101m un atkl\u0101tn\u0113m l\u012bdz pat traukiem un m\u0113bel\u0113m. To var lietot uz da\u017e\u0101d\u0101m virsm\u0101m, piem., uz pap\u012bra, koka, met\u0101la, porcel\u0101na, stikla u.c. L\u012bmlentes r\u016bpniecisk\u0101s ra\u017eo\u0161anas process nodro\u0161ina \u012bpa\u0161i labu kvalit\u0101ti un iztur\u012bbu apvienojum\u0101 ar izcili pl\u0101nu formu. Lieliski l\u012bpo\u0161o lenti var vajadz\u012bbas gad\u012bjum\u0101 viegli no\u0146emt no virsmas, neatst\u0101jot l\u012bmes p\u0113das. Kapitza ir m\u0101su Petras un Nikolas Kapicu (Petra and Nocole Kapitza) rado\u0161\u0101 studija, kuras pamat\u0101 ir interese par kr\u0101s\u0101m, rakstiem, matem\u0101tiku un dabu. Studija sadarbojas ar pla\u0161u starptautisko z\u012bmolu loku modes, interjera, kosm\u0113tikas, produktu dizaina un izdev\u0113jdarb\u012bbas pasaul\u0113. Starp studijas klientiem ir Comme des Garcons, Gucci, Clinique, USPS, TeNeues un IKEA. Kapitza ieguva glob\u0101lus pan\u0101kumus, pateicoties novatorisk\u0101m m\u0101kslas gr\u0101mat\u0101m, kas ietver drosm\u012bgus, kr\u0101sainus m\u0101kslas darbus. \u0160ie darbi ir radu\u0161ies, pateicoties nep\u0101rtrauktiem studij\u0101 notieko\u0161iem eksperiment\u0101liem p\u0113t\u012bjumiem par \u0123eometrisk\u0101m fig\u016br\u0101m un matem\u0101tiskaj\u0101m form\u0101m, k\u0101 ar\u012b dabiskaj\u0101m strukt\u016br\u0101m, kas sastopamas dab\u0101, un z\u012bmju veido\u0161an\u0101. Kop\u0101 ar konceptu\u0101lo kr\u0101su valodu, tiek defin\u0113ts Kapitza m\u0101kslas unik\u0101lais stils. Kapitza gr\u0101matas Geometric book izn\u0101k\u0161ana 2008. gad\u0101 izrais\u012bja \u0123eometrisk\u0101s m\u0101kslas atdzim\u0161anu mod\u0113, interjer\u0101 un ilustr\u0101cij\u0101, ta\u010du uz\u0146\u0113muma izstr\u0101d\u0101to unik\u0101lo rakstu un kr\u0101su izmanto\u0161ana ir palikusi nep\u0101rsp\u0113jama.","og_url":"https:\/\/hobstop.ee\/lv\/produkts\/washi-limlente-mt-kapitza\/","og_site_name":"Skizze","article_publisher":"http:\/\/www.facebook.com\/VunderSkizze","og_image":[{"width":1024,"height":768,"url":"https:\/\/hobstop.ee\/media\/4759.jpg","type":"image\/jpeg"}],"twitter_card":"summary_large_image","twitter_misc":{"Est. reading time":"1 min\u016b\u0161u"},"schema":{"@context":"https:\/\/schema.org","@graph":[{"@type":"WebPage","@id":"https:\/\/hobstop.ee\/lv\/produkts\/washi-limlente-mt-kapitza\/","url":"https:\/\/hobstop.ee\/lv\/produkts\/washi-limlente-mt-kapitza\/","name":"Washi l\u012bmlente mt Kapitza &#8211; Skizze","isPartOf":{"@id":"https:\/\/hobstop.ee\/lv\/#website"},"primaryImageOfPage":{"@id":"https:\/\/hobstop.ee\/lv\/produkts\/washi-limlente-mt-kapitza\/#primaryimage"},"image":{"@id":"https:\/\/hobstop.ee\/lv\/produkts\/washi-limlente-mt-kapitza\/#primaryimage"},"thumbnailUrl":"https:\/\/hobstop.ee\/media\/4759.jpg","datePublished":"2018-07-10T11:57:57+00:00","dateModified":"2018-07-10T11:57:57+00:00","breadcrumb":{"@id":"https:\/\/hobstop.ee\/lv\/produkts\/washi-limlente-mt-kapitza\/#breadcrumb"},"inLanguage":"lv-LV","potentialAction":[{"@type":"ReadAction","target":["https:\/\/hobstop.ee\/lv\/produkts\/washi-limlente-mt-kapitza\/"]}]},{"@type":"ImageObject","inLanguage":"lv-LV","@id":"https:\/\/hobstop.ee\/lv\/produkts\/washi-limlente-mt-kapitza\/#primaryimage","url":"https:\/\/hobstop.ee\/media\/4759.jpg","contentUrl":"https:\/\/hobstop.ee\/media\/4759.jpg","width":1024,"height":768},{"@type":"BreadcrumbList","@id":"https:\/\/hobstop.ee\/lv\/produkts\/washi-limlente-mt-kapitza\/#breadcrumb","itemListElement":[{"@type":"ListItem","position":1,"name":"Avaleht","item":"https:\/\/www.hobstop.ee\/lv\/"},{"@type":"ListItem","position":2,"name":"Veikals","item":"https:\/\/www.hobstop.ee\/lv\/veikals\/"},{"@type":"ListItem","position":3,"name":"Washi l\u012bmlente mt Kapitza"}]},{"@type":"WebSite","@id":"https:\/\/hobstop.ee\/lv\/#website","url":"https:\/\/hobstop.ee\/lv\/","name":"Skizze","description":"M\u0101kslas, hobiju un skolas preces","publisher":{"@id":"https:\/\/hobstop.ee\/lv\/#organization"},"potentialAction":[{"@type":"SearchAction","target":{"@type":"EntryPoint","urlTemplate":"https:\/\/hobstop.ee\/lv\/?s={search_term_string}"},"query-input":{"@type":"PropertyValueSpecification","valueRequired":true,"valueName":"search_term_string"}}],"inLanguage":"lv-LV"},{"@type":"Organization","@id":"https:\/\/hobstop.ee\/lv\/#organization","name":"Vunder AS","url":"https:\/\/hobstop.ee\/lv\/","logo":{"@type":"ImageObject","inLanguage":"lv-LV","@id":"https:\/\/hobstop.ee\/lv\/#\/schema\/logo\/image\/","url":"https:\/\/hobstop.ee\/media\/vunder-logo.png","contentUrl":"https:\/\/hobstop.ee\/media\/vunder-logo.png","width":127,"height":55,"caption":"Vunder AS"},"image":{"@id":"https:\/\/hobstop.ee\/lv\/#\/schema\/logo\/image\/"},"sameAs":["http:\/\/www.facebook.com\/VunderSkizze"]}]}},"_links":{"self":[{"href":"https:\/\/hobstop.ee\/lv\/wp-json\/wp\/v2\/product\/313238","targetHints":{"allow":["GET"]}}],"collection":[{"href":"https:\/\/hobstop.ee\/lv\/wp-json\/wp\/v2\/product"}],"about":[{"href":"https:\/\/hobstop.ee\/lv\/wp-json\/wp\/v2\/types\/product"}],"replies":[{"embeddable":true,"href":"https:\/\/hobstop.ee\/lv\/wp-json\/wp\/v2\/comments?post=313238"}],"wp:featuredmedia":[{"embeddable":true,"href":"https:\/\/hobstop.ee\/lv\/wp-json\/wp\/v2\/media\/313494"}],"wp:attachment":[{"href":"https:\/\/hobstop.ee\/lv\/wp-json\/wp\/v2\/media?parent=313238"}],"wp:term":[{"taxonomy":"product_cat","embeddable":true,"href":"https:\/\/hobstop.ee\/lv\/wp-json\/wp\/v2\/product_cat?post=313238"},{"taxonomy":"product_tag","embeddable":true,"href":"https:\/\/hobstop.ee\/lv\/wp-json\/wp\/v2\/product_tag?post=313238"}],"curies":[{"name":"wp","href":"https:\/\/api.w.org\/{rel}","templated":true}]}}