{"id":313242,"date":"2018-07-10T14:57:59","date_gmt":"2018-07-10T11:57:59","guid":{"rendered":"https:\/\/skizze.ee\/lv\/product\/sejas-krasa-markieris-snazaroo\/"},"modified":"2018-07-10T14:57:59","modified_gmt":"2018-07-10T11:57:59","slug":"sejas-krasa-markieris-snazaroo","status":"publish","type":"product","link":"https:\/\/hobstop.ee\/lv\/produkts\/sejas-krasa-markieris-snazaroo\/","title":{"rendered":"Sejas kr\u0101sa mar\u0137ieris Snazaroo"},"content":{"rendered":"<p>Tagad katrai sejai var viegli pie\u0161\u0137irt burvju piesk\u0101rienu! Radiet visus iesp\u0113jamos t\u0113lus &#8211; no pir\u0101tiem un supervaro\u0146iem l\u012bdz pat fej\u0101m uz princes\u0113m. Snazaroo otas-pildspalvas padara sejas apglezno\u0161anu \u0101tru un vieglu. Atsevi\u0161\u0137as otas vai \u016bdens, kas nepiecie\u0161ams t\u012brai, r\u016bp\u012bgai apglezno\u0161anai kust\u012bb\u0101, nav nepiecie\u0161ams. Smailais gals ir ide\u0101ls kont\u016bru un nelielu dizainu rad\u012b\u0161anai, k\u0101 ar\u012b liel\u0101ku darbu \u012bsteno\u0161anai. Piem\u0113rota j\u016bt\u012bgai \u0101dai. \u0112rti no\u0146emama.<\/p>\n","protected":false},"excerpt":{"rendered":"<p>Tagad katrai sejai var viegli pie\u0161\u0137irt burvju piesk\u0101rienu! Radiet visus iesp\u0113jamos t\u0113lus &#8211; no pir\u0101tiem un supervaro\u0146iem l\u012bdz pat fej\u0101m uz princes\u0113m. Snazaroo otas-pildspalvas padara sejas apglezno\u0161anu \u0101tru un vieglu. Atsevi\u0161\u0137as otas vai \u016bdens, kas nepiecie\u0161ams t\u012brai, r\u016bp\u012bgai apglezno\u0161anai kust\u012bb\u0101, nav nepiecie\u0161ams. Smailais gals ir ide\u0101ls kont\u016bru un nelielu dizainu rad\u012b\u0161anai, k\u0101 ar\u012b liel\u0101ku darbu \u012bsteno\u0161anai. Piem\u0113rota j\u016bt\u012bgai \u0101dai. \u0112rti no\u0146emama.<\/p>\n","protected":false},"featured_media":313498,"comment_status":"closed","ping_status":"closed","template":"","meta":{"_acf_changed":false,"ep_exclude_from_search":false},"product_cat":[18967,18928,17918],"product_tag":[],"class_list":{"0":"post-313242","1":"product","2":"type-product","3":"status-publish","4":"has-post-thumbnail","6":"product_cat-dazadi-7","7":"product_cat-krasas-kermena-apgleznosanai","8":"product_cat-preces-hobijiem","10":"first","11":"instock","12":"taxable","13":"shipping-taxable","14":"purchasable","15":"product-type-simple"},"acf":[],"yoast_head":"<!-- This site is optimized with the Yoast SEO plugin v24.1 - https:\/\/yoast.com\/wordpress\/plugins\/seo\/ -->\n<title>Sejas kr\u0101sa mar\u0137ieris Snazaroo &#8211; Skizze<\/title>\n<meta name=\"robots\" content=\"noindex, follow, max-snippet:-1, max-image-preview:large, max-video-preview:-1\" \/>\n<meta property=\"og:locale\" content=\"lv_LV\" \/>\n<meta property=\"og:type\" content=\"article\" \/>\n<meta property=\"og:title\" content=\"Sejas kr\u0101sa mar\u0137ieris Snazaroo &#8211; Skizze\" \/>\n<meta property=\"og:description\" content=\"Tagad katrai sejai var viegli pie\u0161\u0137irt burvju piesk\u0101rienu! Radiet visus iesp\u0113jamos t\u0113lus &#8211; no pir\u0101tiem un supervaro\u0146iem l\u012bdz pat fej\u0101m uz princes\u0113m. Snazaroo otas-pildspalvas padara sejas apglezno\u0161anu \u0101tru un vieglu. Atsevi\u0161\u0137as otas vai \u016bdens, kas nepiecie\u0161ams t\u012brai, r\u016bp\u012bgai apglezno\u0161anai kust\u012bb\u0101, nav nepiecie\u0161ams. Smailais gals ir ide\u0101ls kont\u016bru un nelielu dizainu rad\u012b\u0161anai, k\u0101 ar\u012b liel\u0101ku darbu \u012bsteno\u0161anai. Piem\u0113rota j\u016bt\u012bgai \u0101dai. \u0112rti no\u0146emama.\" \/>\n<meta property=\"og:url\" content=\"https:\/\/hobstop.ee\/lv\/produkts\/sejas-krasa-markieris-snazaroo\/\" \/>\n<meta property=\"og:site_name\" content=\"Skizze\" \/>\n<meta property=\"article:publisher\" content=\"http:\/\/www.facebook.com\/VunderSkizze\" \/>\n<meta property=\"og:image\" content=\"https:\/\/hobstop.ee\/media\/4824.jpg\" \/>\n\t<meta property=\"og:image:width\" content=\"1024\" \/>\n\t<meta property=\"og:image:height\" content=\"768\" \/>\n\t<meta property=\"og:image:type\" content=\"image\/jpeg\" \/>\n<meta name=\"twitter:card\" content=\"summary_large_image\" \/>\n<script type=\"application\/ld+json\" class=\"yoast-schema-graph\">{\"@context\":\"https:\/\/schema.org\",\"@graph\":[{\"@type\":\"WebPage\",\"@id\":\"https:\/\/hobstop.ee\/lv\/produkts\/sejas-krasa-markieris-snazaroo\/\",\"url\":\"https:\/\/hobstop.ee\/lv\/produkts\/sejas-krasa-markieris-snazaroo\/\",\"name\":\"Sejas kr\u0101sa mar\u0137ieris Snazaroo &#8211; Skizze\",\"isPartOf\":{\"@id\":\"https:\/\/hobstop.ee\/lv\/#website\"},\"primaryImageOfPage\":{\"@id\":\"https:\/\/hobstop.ee\/lv\/produkts\/sejas-krasa-markieris-snazaroo\/#primaryimage\"},\"image\":{\"@id\":\"https:\/\/hobstop.ee\/lv\/produkts\/sejas-krasa-markieris-snazaroo\/#primaryimage\"},\"thumbnailUrl\":\"https:\/\/hobstop.ee\/media\/4824.jpg\",\"datePublished\":\"2018-07-10T11:57:59+00:00\",\"dateModified\":\"2018-07-10T11:57:59+00:00\",\"breadcrumb\":{\"@id\":\"https:\/\/hobstop.ee\/lv\/produkts\/sejas-krasa-markieris-snazaroo\/#breadcrumb\"},\"inLanguage\":\"lv-LV\",\"potentialAction\":[{\"@type\":\"ReadAction\",\"target\":[\"https:\/\/hobstop.ee\/lv\/produkts\/sejas-krasa-markieris-snazaroo\/\"]}]},{\"@type\":\"ImageObject\",\"inLanguage\":\"lv-LV\",\"@id\":\"https:\/\/hobstop.ee\/lv\/produkts\/sejas-krasa-markieris-snazaroo\/#primaryimage\",\"url\":\"https:\/\/hobstop.ee\/media\/4824.jpg\",\"contentUrl\":\"https:\/\/hobstop.ee\/media\/4824.jpg\",\"width\":1024,\"height\":768},{\"@type\":\"BreadcrumbList\",\"@id\":\"https:\/\/hobstop.ee\/lv\/produkts\/sejas-krasa-markieris-snazaroo\/#breadcrumb\",\"itemListElement\":[{\"@type\":\"ListItem\",\"position\":1,\"name\":\"Avaleht\",\"item\":\"https:\/\/hobstop.ee\/lv\/\"},{\"@type\":\"ListItem\",\"position\":2,\"name\":\"Veikals\",\"item\":\"https:\/\/hobstop.ee\/lv\/veikals\/\"},{\"@type\":\"ListItem\",\"position\":3,\"name\":\"Sejas kr\u0101sa mar\u0137ieris Snazaroo\"}]},{\"@type\":\"WebSite\",\"@id\":\"https:\/\/hobstop.ee\/lv\/#website\",\"url\":\"https:\/\/hobstop.ee\/lv\/\",\"name\":\"Skizze\",\"description\":\"M\u0101kslas, hobiju un skolas preces\",\"publisher\":{\"@id\":\"https:\/\/hobstop.ee\/lv\/#organization\"},\"potentialAction\":[{\"@type\":\"SearchAction\",\"target\":{\"@type\":\"EntryPoint\",\"urlTemplate\":\"https:\/\/hobstop.ee\/lv\/?s={search_term_string}\"},\"query-input\":{\"@type\":\"PropertyValueSpecification\",\"valueRequired\":true,\"valueName\":\"search_term_string\"}}],\"inLanguage\":\"lv-LV\"},{\"@type\":\"Organization\",\"@id\":\"https:\/\/hobstop.ee\/lv\/#organization\",\"name\":\"Vunder AS\",\"url\":\"https:\/\/hobstop.ee\/lv\/\",\"logo\":{\"@type\":\"ImageObject\",\"inLanguage\":\"lv-LV\",\"@id\":\"https:\/\/hobstop.ee\/lv\/#\/schema\/logo\/image\/\",\"url\":\"https:\/\/hobstop.ee\/media\/vunder-logo.png\",\"contentUrl\":\"https:\/\/hobstop.ee\/media\/vunder-logo.png\",\"width\":127,\"height\":55,\"caption\":\"Vunder AS\"},\"image\":{\"@id\":\"https:\/\/hobstop.ee\/lv\/#\/schema\/logo\/image\/\"},\"sameAs\":[\"http:\/\/www.facebook.com\/VunderSkizze\"]}]}<\/script>\n<!-- \/ Yoast SEO plugin. -->","yoast_head_json":{"title":"Sejas kr\u0101sa mar\u0137ieris Snazaroo &#8211; Skizze","robots":{"index":"noindex","follow":"follow","max-snippet":"max-snippet:-1","max-image-preview":"max-image-preview:large","max-video-preview":"max-video-preview:-1"},"og_locale":"lv_LV","og_type":"article","og_title":"Sejas kr\u0101sa mar\u0137ieris Snazaroo &#8211; Skizze","og_description":"Tagad katrai sejai var viegli pie\u0161\u0137irt burvju piesk\u0101rienu! Radiet visus iesp\u0113jamos t\u0113lus &#8211; no pir\u0101tiem un supervaro\u0146iem l\u012bdz pat fej\u0101m uz princes\u0113m. Snazaroo otas-pildspalvas padara sejas apglezno\u0161anu \u0101tru un vieglu. Atsevi\u0161\u0137as otas vai \u016bdens, kas nepiecie\u0161ams t\u012brai, r\u016bp\u012bgai apglezno\u0161anai kust\u012bb\u0101, nav nepiecie\u0161ams. Smailais gals ir ide\u0101ls kont\u016bru un nelielu dizainu rad\u012b\u0161anai, k\u0101 ar\u012b liel\u0101ku darbu \u012bsteno\u0161anai. Piem\u0113rota j\u016bt\u012bgai \u0101dai. \u0112rti no\u0146emama.","og_url":"https:\/\/hobstop.ee\/lv\/produkts\/sejas-krasa-markieris-snazaroo\/","og_site_name":"Skizze","article_publisher":"http:\/\/www.facebook.com\/VunderSkizze","og_image":[{"width":1024,"height":768,"url":"https:\/\/hobstop.ee\/media\/4824.jpg","type":"image\/jpeg"}],"twitter_card":"summary_large_image","schema":{"@context":"https:\/\/schema.org","@graph":[{"@type":"WebPage","@id":"https:\/\/hobstop.ee\/lv\/produkts\/sejas-krasa-markieris-snazaroo\/","url":"https:\/\/hobstop.ee\/lv\/produkts\/sejas-krasa-markieris-snazaroo\/","name":"Sejas kr\u0101sa mar\u0137ieris Snazaroo &#8211; Skizze","isPartOf":{"@id":"https:\/\/hobstop.ee\/lv\/#website"},"primaryImageOfPage":{"@id":"https:\/\/hobstop.ee\/lv\/produkts\/sejas-krasa-markieris-snazaroo\/#primaryimage"},"image":{"@id":"https:\/\/hobstop.ee\/lv\/produkts\/sejas-krasa-markieris-snazaroo\/#primaryimage"},"thumbnailUrl":"https:\/\/hobstop.ee\/media\/4824.jpg","datePublished":"2018-07-10T11:57:59+00:00","dateModified":"2018-07-10T11:57:59+00:00","breadcrumb":{"@id":"https:\/\/hobstop.ee\/lv\/produkts\/sejas-krasa-markieris-snazaroo\/#breadcrumb"},"inLanguage":"lv-LV","potentialAction":[{"@type":"ReadAction","target":["https:\/\/hobstop.ee\/lv\/produkts\/sejas-krasa-markieris-snazaroo\/"]}]},{"@type":"ImageObject","inLanguage":"lv-LV","@id":"https:\/\/hobstop.ee\/lv\/produkts\/sejas-krasa-markieris-snazaroo\/#primaryimage","url":"https:\/\/hobstop.ee\/media\/4824.jpg","contentUrl":"https:\/\/hobstop.ee\/media\/4824.jpg","width":1024,"height":768},{"@type":"BreadcrumbList","@id":"https:\/\/hobstop.ee\/lv\/produkts\/sejas-krasa-markieris-snazaroo\/#breadcrumb","itemListElement":[{"@type":"ListItem","position":1,"name":"Avaleht","item":"https:\/\/hobstop.ee\/lv\/"},{"@type":"ListItem","position":2,"name":"Veikals","item":"https:\/\/hobstop.ee\/lv\/veikals\/"},{"@type":"ListItem","position":3,"name":"Sejas kr\u0101sa mar\u0137ieris Snazaroo"}]},{"@type":"WebSite","@id":"https:\/\/hobstop.ee\/lv\/#website","url":"https:\/\/hobstop.ee\/lv\/","name":"Skizze","description":"M\u0101kslas, hobiju un skolas preces","publisher":{"@id":"https:\/\/hobstop.ee\/lv\/#organization"},"potentialAction":[{"@type":"SearchAction","target":{"@type":"EntryPoint","urlTemplate":"https:\/\/hobstop.ee\/lv\/?s={search_term_string}"},"query-input":{"@type":"PropertyValueSpecification","valueRequired":true,"valueName":"search_term_string"}}],"inLanguage":"lv-LV"},{"@type":"Organization","@id":"https:\/\/hobstop.ee\/lv\/#organization","name":"Vunder AS","url":"https:\/\/hobstop.ee\/lv\/","logo":{"@type":"ImageObject","inLanguage":"lv-LV","@id":"https:\/\/hobstop.ee\/lv\/#\/schema\/logo\/image\/","url":"https:\/\/hobstop.ee\/media\/vunder-logo.png","contentUrl":"https:\/\/hobstop.ee\/media\/vunder-logo.png","width":127,"height":55,"caption":"Vunder AS"},"image":{"@id":"https:\/\/hobstop.ee\/lv\/#\/schema\/logo\/image\/"},"sameAs":["http:\/\/www.facebook.com\/VunderSkizze"]}]}},"_links":{"self":[{"href":"https:\/\/hobstop.ee\/lv\/wp-json\/wp\/v2\/product\/313242","targetHints":{"allow":["GET"]}}],"collection":[{"href":"https:\/\/hobstop.ee\/lv\/wp-json\/wp\/v2\/product"}],"about":[{"href":"https:\/\/hobstop.ee\/lv\/wp-json\/wp\/v2\/types\/product"}],"replies":[{"embeddable":true,"href":"https:\/\/hobstop.ee\/lv\/wp-json\/wp\/v2\/comments?post=313242"}],"wp:featuredmedia":[{"embeddable":true,"href":"https:\/\/hobstop.ee\/lv\/wp-json\/wp\/v2\/media\/313498"}],"wp:attachment":[{"href":"https:\/\/hobstop.ee\/lv\/wp-json\/wp\/v2\/media?parent=313242"}],"wp:term":[{"taxonomy":"product_cat","embeddable":true,"href":"https:\/\/hobstop.ee\/lv\/wp-json\/wp\/v2\/product_cat?post=313242"},{"taxonomy":"product_tag","embeddable":true,"href":"https:\/\/hobstop.ee\/lv\/wp-json\/wp\/v2\/product_tag?post=313242"}],"curies":[{"name":"wp","href":"https:\/\/api.w.org\/{rel}","templated":true}]}}