{"id":313258,"date":"2018-07-10T14:58:05","date_gmt":"2018-07-10T11:58:05","guid":{"rendered":"https:\/\/skizze.ee\/lv\/product\/skolas-soma-walker-base\/"},"modified":"2018-07-10T14:58:05","modified_gmt":"2018-07-10T11:58:05","slug":"skolas-soma-walker-base","status":"publish","type":"product","link":"https:\/\/hobstop.ee\/lv\/produkts\/skolas-soma-walker-base\/","title":{"rendered":"Skolas soma Walker Base"},"content":{"rendered":"<p>Walker Base skolas somai ir galvenais nodal\u012bjums ar polster\u0113tu kl\u0113pjdatora nodal\u012bjumu un nelielu kabatu ar r\u0101v\u0113jsl\u0113dz\u0113ju. Tai ir ar\u012b vid\u0113jais nodal\u012bjums ar kabatu telefonam, priek\u0161\u0113j\u0101 kabati\u0146a ar r\u0101v\u0113jsl\u0113dz\u0113ju un t\u012bklveida s\u0101nu kabati\u0146as dz\u0113rienu pudel\u0113m. Walker Base ir praktisks rokturis un ergonomiskas formas plecu siksnas, kas nodro\u0161ina lielisku komfortu. Izgatavota no \u016bdeni atgr\u016bdo\u0161a poliestera.<br \/>\nIzm\u0113ri: 32x45x21cm<br \/>\nTilpums: 30L<br \/>\nSvars: aptuveni 600g<\/p>\n","protected":false},"excerpt":{"rendered":"<p>Walker Base skolas somai ir galvenais nodal\u012bjums ar polster\u0113tu kl\u0113pjdatora nodal\u012bjumu un nelielu kabatu ar r\u0101v\u0113jsl\u0113dz\u0113ju. Tai ir ar\u012b vid\u0113jais nodal\u012bjums ar kabatu telefonam, priek\u0161\u0113j\u0101 kabati\u0146a ar r\u0101v\u0113jsl\u0113dz\u0113ju un t\u012bklveida s\u0101nu kabati\u0146as dz\u0113rienu pudel\u0113m. Walker Base ir praktisks rokturis un ergonomiskas formas plecu siksnas, kas nodro\u0161ina lielisku komfortu. Izgatavota no \u016bdeni atgr\u016bdo\u0161a poliestera. Izm\u0113ri: 32x45x21cm Tilpums: 30L Svars: aptuveni 600g<\/p>\n","protected":false},"featured_media":0,"comment_status":"closed","ping_status":"closed","template":"","meta":{"_acf_changed":false,"ep_exclude_from_search":false},"product_cat":[17916,17930,18070],"product_tag":[],"class_list":{"0":"post-313258","1":"product","2":"type-product","3":"status-publish","5":"product_cat-preces-skolai","6":"product_cat-skolas-somas-un-penali","7":"product_cat-somas","9":"first","10":"instock","11":"taxable","12":"shipping-taxable","13":"product-type-simple"},"acf":[],"yoast_head":"<!-- This site is optimized with the Yoast SEO plugin v24.1 - https:\/\/yoast.com\/wordpress\/plugins\/seo\/ -->\n<title>Skolas soma Walker Base &#8211; Skizze<\/title>\n<meta name=\"robots\" content=\"noindex, follow, max-snippet:-1, max-image-preview:large, max-video-preview:-1\" \/>\n<meta property=\"og:locale\" content=\"lv_LV\" \/>\n<meta property=\"og:type\" content=\"article\" \/>\n<meta property=\"og:title\" content=\"Skolas soma Walker Base &#8211; Skizze\" \/>\n<meta property=\"og:description\" content=\"Walker Base skolas somai ir galvenais nodal\u012bjums ar polster\u0113tu kl\u0113pjdatora nodal\u012bjumu un nelielu kabatu ar r\u0101v\u0113jsl\u0113dz\u0113ju. Tai ir ar\u012b vid\u0113jais nodal\u012bjums ar kabatu telefonam, priek\u0161\u0113j\u0101 kabati\u0146a ar r\u0101v\u0113jsl\u0113dz\u0113ju un t\u012bklveida s\u0101nu kabati\u0146as dz\u0113rienu pudel\u0113m. Walker Base ir praktisks rokturis un ergonomiskas formas plecu siksnas, kas nodro\u0161ina lielisku komfortu. Izgatavota no \u016bdeni atgr\u016bdo\u0161a poliestera. Izm\u0113ri: 32x45x21cm Tilpums: 30L Svars: aptuveni 600g\" \/>\n<meta property=\"og:url\" content=\"https:\/\/hobstop.ee\/lv\/produkts\/skolas-soma-walker-base\/\" \/>\n<meta property=\"og:site_name\" content=\"Skizze\" \/>\n<meta property=\"article:publisher\" content=\"http:\/\/www.facebook.com\/VunderSkizze\" \/>\n<meta name=\"twitter:card\" content=\"summary_large_image\" \/>\n<script type=\"application\/ld+json\" class=\"yoast-schema-graph\">{\"@context\":\"https:\/\/schema.org\",\"@graph\":[{\"@type\":\"WebPage\",\"@id\":\"https:\/\/hobstop.ee\/lv\/produkts\/skolas-soma-walker-base\/\",\"url\":\"https:\/\/hobstop.ee\/lv\/produkts\/skolas-soma-walker-base\/\",\"name\":\"Skolas soma Walker Base &#8211; Skizze\",\"isPartOf\":{\"@id\":\"https:\/\/hobstop.ee\/lv\/#website\"},\"datePublished\":\"2018-07-10T11:58:05+00:00\",\"dateModified\":\"2018-07-10T11:58:05+00:00\",\"breadcrumb\":{\"@id\":\"https:\/\/hobstop.ee\/lv\/produkts\/skolas-soma-walker-base\/#breadcrumb\"},\"inLanguage\":\"lv-LV\",\"potentialAction\":[{\"@type\":\"ReadAction\",\"target\":[\"https:\/\/hobstop.ee\/lv\/produkts\/skolas-soma-walker-base\/\"]}]},{\"@type\":\"BreadcrumbList\",\"@id\":\"https:\/\/hobstop.ee\/lv\/produkts\/skolas-soma-walker-base\/#breadcrumb\",\"itemListElement\":[{\"@type\":\"ListItem\",\"position\":1,\"name\":\"Avaleht\",\"item\":\"https:\/\/hobstop.ee\/lv\/\"},{\"@type\":\"ListItem\",\"position\":2,\"name\":\"Veikals\",\"item\":\"https:\/\/hobstop.ee\/lv\/veikals\/\"},{\"@type\":\"ListItem\",\"position\":3,\"name\":\"Skolas soma Walker Base\"}]},{\"@type\":\"WebSite\",\"@id\":\"https:\/\/hobstop.ee\/lv\/#website\",\"url\":\"https:\/\/hobstop.ee\/lv\/\",\"name\":\"Skizze\",\"description\":\"M\u0101kslas, hobiju un skolas preces\",\"publisher\":{\"@id\":\"https:\/\/hobstop.ee\/lv\/#organization\"},\"potentialAction\":[{\"@type\":\"SearchAction\",\"target\":{\"@type\":\"EntryPoint\",\"urlTemplate\":\"https:\/\/hobstop.ee\/lv\/?s={search_term_string}\"},\"query-input\":{\"@type\":\"PropertyValueSpecification\",\"valueRequired\":true,\"valueName\":\"search_term_string\"}}],\"inLanguage\":\"lv-LV\"},{\"@type\":\"Organization\",\"@id\":\"https:\/\/hobstop.ee\/lv\/#organization\",\"name\":\"Vunder AS\",\"url\":\"https:\/\/hobstop.ee\/lv\/\",\"logo\":{\"@type\":\"ImageObject\",\"inLanguage\":\"lv-LV\",\"@id\":\"https:\/\/hobstop.ee\/lv\/#\/schema\/logo\/image\/\",\"url\":\"https:\/\/hobstop.ee\/media\/vunder-logo.png\",\"contentUrl\":\"https:\/\/hobstop.ee\/media\/vunder-logo.png\",\"width\":127,\"height\":55,\"caption\":\"Vunder AS\"},\"image\":{\"@id\":\"https:\/\/hobstop.ee\/lv\/#\/schema\/logo\/image\/\"},\"sameAs\":[\"http:\/\/www.facebook.com\/VunderSkizze\"]}]}<\/script>\n<!-- \/ Yoast SEO plugin. -->","yoast_head_json":{"title":"Skolas soma Walker Base &#8211; Skizze","robots":{"index":"noindex","follow":"follow","max-snippet":"max-snippet:-1","max-image-preview":"max-image-preview:large","max-video-preview":"max-video-preview:-1"},"og_locale":"lv_LV","og_type":"article","og_title":"Skolas soma Walker Base &#8211; Skizze","og_description":"Walker Base skolas somai ir galvenais nodal\u012bjums ar polster\u0113tu kl\u0113pjdatora nodal\u012bjumu un nelielu kabatu ar r\u0101v\u0113jsl\u0113dz\u0113ju. Tai ir ar\u012b vid\u0113jais nodal\u012bjums ar kabatu telefonam, priek\u0161\u0113j\u0101 kabati\u0146a ar r\u0101v\u0113jsl\u0113dz\u0113ju un t\u012bklveida s\u0101nu kabati\u0146as dz\u0113rienu pudel\u0113m. Walker Base ir praktisks rokturis un ergonomiskas formas plecu siksnas, kas nodro\u0161ina lielisku komfortu. Izgatavota no \u016bdeni atgr\u016bdo\u0161a poliestera. Izm\u0113ri: 32x45x21cm Tilpums: 30L Svars: aptuveni 600g","og_url":"https:\/\/hobstop.ee\/lv\/produkts\/skolas-soma-walker-base\/","og_site_name":"Skizze","article_publisher":"http:\/\/www.facebook.com\/VunderSkizze","twitter_card":"summary_large_image","schema":{"@context":"https:\/\/schema.org","@graph":[{"@type":"WebPage","@id":"https:\/\/hobstop.ee\/lv\/produkts\/skolas-soma-walker-base\/","url":"https:\/\/hobstop.ee\/lv\/produkts\/skolas-soma-walker-base\/","name":"Skolas soma Walker Base &#8211; Skizze","isPartOf":{"@id":"https:\/\/hobstop.ee\/lv\/#website"},"datePublished":"2018-07-10T11:58:05+00:00","dateModified":"2018-07-10T11:58:05+00:00","breadcrumb":{"@id":"https:\/\/hobstop.ee\/lv\/produkts\/skolas-soma-walker-base\/#breadcrumb"},"inLanguage":"lv-LV","potentialAction":[{"@type":"ReadAction","target":["https:\/\/hobstop.ee\/lv\/produkts\/skolas-soma-walker-base\/"]}]},{"@type":"BreadcrumbList","@id":"https:\/\/hobstop.ee\/lv\/produkts\/skolas-soma-walker-base\/#breadcrumb","itemListElement":[{"@type":"ListItem","position":1,"name":"Avaleht","item":"https:\/\/hobstop.ee\/lv\/"},{"@type":"ListItem","position":2,"name":"Veikals","item":"https:\/\/hobstop.ee\/lv\/veikals\/"},{"@type":"ListItem","position":3,"name":"Skolas soma Walker Base"}]},{"@type":"WebSite","@id":"https:\/\/hobstop.ee\/lv\/#website","url":"https:\/\/hobstop.ee\/lv\/","name":"Skizze","description":"M\u0101kslas, hobiju un skolas preces","publisher":{"@id":"https:\/\/hobstop.ee\/lv\/#organization"},"potentialAction":[{"@type":"SearchAction","target":{"@type":"EntryPoint","urlTemplate":"https:\/\/hobstop.ee\/lv\/?s={search_term_string}"},"query-input":{"@type":"PropertyValueSpecification","valueRequired":true,"valueName":"search_term_string"}}],"inLanguage":"lv-LV"},{"@type":"Organization","@id":"https:\/\/hobstop.ee\/lv\/#organization","name":"Vunder AS","url":"https:\/\/hobstop.ee\/lv\/","logo":{"@type":"ImageObject","inLanguage":"lv-LV","@id":"https:\/\/hobstop.ee\/lv\/#\/schema\/logo\/image\/","url":"https:\/\/hobstop.ee\/media\/vunder-logo.png","contentUrl":"https:\/\/hobstop.ee\/media\/vunder-logo.png","width":127,"height":55,"caption":"Vunder AS"},"image":{"@id":"https:\/\/hobstop.ee\/lv\/#\/schema\/logo\/image\/"},"sameAs":["http:\/\/www.facebook.com\/VunderSkizze"]}]}},"_links":{"self":[{"href":"https:\/\/hobstop.ee\/lv\/wp-json\/wp\/v2\/product\/313258","targetHints":{"allow":["GET"]}}],"collection":[{"href":"https:\/\/hobstop.ee\/lv\/wp-json\/wp\/v2\/product"}],"about":[{"href":"https:\/\/hobstop.ee\/lv\/wp-json\/wp\/v2\/types\/product"}],"replies":[{"embeddable":true,"href":"https:\/\/hobstop.ee\/lv\/wp-json\/wp\/v2\/comments?post=313258"}],"wp:attachment":[{"href":"https:\/\/hobstop.ee\/lv\/wp-json\/wp\/v2\/media?parent=313258"}],"wp:term":[{"taxonomy":"product_cat","embeddable":true,"href":"https:\/\/hobstop.ee\/lv\/wp-json\/wp\/v2\/product_cat?post=313258"},{"taxonomy":"product_tag","embeddable":true,"href":"https:\/\/hobstop.ee\/lv\/wp-json\/wp\/v2\/product_tag?post=313258"}],"curies":[{"name":"wp","href":"https:\/\/api.w.org\/{rel}","templated":true}]}}