{"id":313262,"date":"2018-07-10T14:58:07","date_gmt":"2018-07-10T11:58:07","guid":{"rendered":"https:\/\/skizze.ee\/lv\/product\/penalis-walker-classic\/"},"modified":"2018-07-10T14:58:07","modified_gmt":"2018-07-10T11:58:07","slug":"penalis-walker-classic","status":"publish","type":"product","link":"https:\/\/hobstop.ee\/lv\/produkts\/penalis-walker-classic\/","title":{"rendered":"Pen\u0101lis Walker Classic"},"content":{"rendered":"<p>Walker pen\u0101lis ir kvalitat\u012bvs futl\u0101ris z\u012bmu\u013ciem ar vienu nodal\u012bjumu ar r\u0101v\u0113jsl\u0113dz\u0113ju. T\u0101 galvenajam nodal\u012bjumam ir elast\u012bgs dubultnodal\u012bjums ar 20 cilp\u0101m z\u012bmu\u013ciem, nodal\u012bjums ar r\u0101v\u0113jsl\u0113dz\u0113ju un 2 atv\u0113rt\u0101m kabat\u0101m. Z\u012bmu\u013ci un citi piederumi komplekt\u0101 nav ietverti, att\u0113l\u0101 eso\u0161aj\u0101m prec\u0113m ir ilustrat\u012bvs raksturs.<br \/>\nIzm\u0113ri: 21x10x6cm<\/p>\n","protected":false},"excerpt":{"rendered":"<p>Walker pen\u0101lis ir kvalitat\u012bvs futl\u0101ris z\u012bmu\u013ciem ar vienu nodal\u012bjumu ar r\u0101v\u0113jsl\u0113dz\u0113ju. T\u0101 galvenajam nodal\u012bjumam ir elast\u012bgs dubultnodal\u012bjums ar 20 cilp\u0101m z\u012bmu\u013ciem, nodal\u012bjums ar r\u0101v\u0113jsl\u0113dz\u0113ju un 2 atv\u0113rt\u0101m kabat\u0101m. Z\u012bmu\u013ci un citi piederumi komplekt\u0101 nav ietverti, att\u0113l\u0101 eso\u0161aj\u0101m prec\u0113m ir ilustrat\u012bvs raksturs. Izm\u0113ri: 21x10x6cm<\/p>\n","protected":false},"featured_media":355063,"comment_status":"closed","ping_status":"closed","template":"","meta":{"_acf_changed":false,"ep_exclude_from_search":false},"product_cat":[18072,17916,17930],"product_tag":[],"class_list":{"0":"post-313262","1":"product","2":"type-product","3":"status-publish","4":"has-post-thumbnail","6":"product_cat-penali","7":"product_cat-preces-skolai","8":"product_cat-skolas-somas-un-penali","10":"first","11":"instock","12":"taxable","13":"shipping-taxable","14":"purchasable","15":"product-type-simple"},"acf":[],"yoast_head":"<!-- This site is optimized with the Yoast SEO plugin v24.1 - https:\/\/yoast.com\/wordpress\/plugins\/seo\/ -->\n<title>Pen\u0101lis Walker Classic &#8211; Skizze<\/title>\n<meta name=\"robots\" content=\"noindex, follow, max-snippet:-1, max-image-preview:large, max-video-preview:-1\" \/>\n<meta property=\"og:locale\" content=\"lv_LV\" \/>\n<meta property=\"og:type\" content=\"article\" \/>\n<meta property=\"og:title\" content=\"Pen\u0101lis Walker Classic &#8211; Skizze\" \/>\n<meta property=\"og:description\" content=\"Walker pen\u0101lis ir kvalitat\u012bvs futl\u0101ris z\u012bmu\u013ciem ar vienu nodal\u012bjumu ar r\u0101v\u0113jsl\u0113dz\u0113ju. T\u0101 galvenajam nodal\u012bjumam ir elast\u012bgs dubultnodal\u012bjums ar 20 cilp\u0101m z\u012bmu\u013ciem, nodal\u012bjums ar r\u0101v\u0113jsl\u0113dz\u0113ju un 2 atv\u0113rt\u0101m kabat\u0101m. Z\u012bmu\u013ci un citi piederumi komplekt\u0101 nav ietverti, att\u0113l\u0101 eso\u0161aj\u0101m prec\u0113m ir ilustrat\u012bvs raksturs. Izm\u0113ri: 21x10x6cm\" \/>\n<meta property=\"og:url\" content=\"https:\/\/hobstop.ee\/lv\/produkts\/penalis-walker-classic\/\" \/>\n<meta property=\"og:site_name\" content=\"Skizze\" \/>\n<meta property=\"article:publisher\" content=\"http:\/\/www.facebook.com\/VunderSkizze\" \/>\n<meta property=\"og:image\" content=\"https:\/\/hobstop.ee\/media\/4842-scaled.jpg\" \/>\n\t<meta property=\"og:image:width\" content=\"2560\" \/>\n\t<meta property=\"og:image:height\" content=\"2560\" \/>\n\t<meta property=\"og:image:type\" content=\"image\/jpeg\" \/>\n<meta name=\"twitter:card\" content=\"summary_large_image\" \/>\n<script type=\"application\/ld+json\" class=\"yoast-schema-graph\">{\"@context\":\"https:\/\/schema.org\",\"@graph\":[{\"@type\":\"WebPage\",\"@id\":\"https:\/\/hobstop.ee\/lv\/produkts\/penalis-walker-classic\/\",\"url\":\"https:\/\/hobstop.ee\/lv\/produkts\/penalis-walker-classic\/\",\"name\":\"Pen\u0101lis Walker Classic &#8211; Skizze\",\"isPartOf\":{\"@id\":\"https:\/\/hobstop.ee\/lv\/#website\"},\"primaryImageOfPage\":{\"@id\":\"https:\/\/hobstop.ee\/lv\/produkts\/penalis-walker-classic\/#primaryimage\"},\"image\":{\"@id\":\"https:\/\/hobstop.ee\/lv\/produkts\/penalis-walker-classic\/#primaryimage\"},\"thumbnailUrl\":\"https:\/\/hobstop.ee\/media\/4842-scaled.jpg\",\"datePublished\":\"2018-07-10T11:58:07+00:00\",\"dateModified\":\"2018-07-10T11:58:07+00:00\",\"breadcrumb\":{\"@id\":\"https:\/\/hobstop.ee\/lv\/produkts\/penalis-walker-classic\/#breadcrumb\"},\"inLanguage\":\"lv-LV\",\"potentialAction\":[{\"@type\":\"ReadAction\",\"target\":[\"https:\/\/hobstop.ee\/lv\/produkts\/penalis-walker-classic\/\"]}]},{\"@type\":\"ImageObject\",\"inLanguage\":\"lv-LV\",\"@id\":\"https:\/\/hobstop.ee\/lv\/produkts\/penalis-walker-classic\/#primaryimage\",\"url\":\"https:\/\/hobstop.ee\/media\/4842-scaled.jpg\",\"contentUrl\":\"https:\/\/hobstop.ee\/media\/4842-scaled.jpg\",\"width\":2560,\"height\":2560},{\"@type\":\"BreadcrumbList\",\"@id\":\"https:\/\/hobstop.ee\/lv\/produkts\/penalis-walker-classic\/#breadcrumb\",\"itemListElement\":[{\"@type\":\"ListItem\",\"position\":1,\"name\":\"Avaleht\",\"item\":\"https:\/\/www.hobstop.ee\/lv\/\"},{\"@type\":\"ListItem\",\"position\":2,\"name\":\"Veikals\",\"item\":\"https:\/\/www.hobstop.ee\/lv\/veikals\/\"},{\"@type\":\"ListItem\",\"position\":3,\"name\":\"Pen\u0101lis Walker Classic\"}]},{\"@type\":\"WebSite\",\"@id\":\"https:\/\/hobstop.ee\/lv\/#website\",\"url\":\"https:\/\/hobstop.ee\/lv\/\",\"name\":\"Skizze\",\"description\":\"M\u0101kslas, hobiju un skolas preces\",\"publisher\":{\"@id\":\"https:\/\/hobstop.ee\/lv\/#organization\"},\"potentialAction\":[{\"@type\":\"SearchAction\",\"target\":{\"@type\":\"EntryPoint\",\"urlTemplate\":\"https:\/\/hobstop.ee\/lv\/?s={search_term_string}\"},\"query-input\":{\"@type\":\"PropertyValueSpecification\",\"valueRequired\":true,\"valueName\":\"search_term_string\"}}],\"inLanguage\":\"lv-LV\"},{\"@type\":\"Organization\",\"@id\":\"https:\/\/hobstop.ee\/lv\/#organization\",\"name\":\"Vunder AS\",\"url\":\"https:\/\/hobstop.ee\/lv\/\",\"logo\":{\"@type\":\"ImageObject\",\"inLanguage\":\"lv-LV\",\"@id\":\"https:\/\/hobstop.ee\/lv\/#\/schema\/logo\/image\/\",\"url\":\"https:\/\/hobstop.ee\/media\/vunder-logo.png\",\"contentUrl\":\"https:\/\/hobstop.ee\/media\/vunder-logo.png\",\"width\":127,\"height\":55,\"caption\":\"Vunder AS\"},\"image\":{\"@id\":\"https:\/\/hobstop.ee\/lv\/#\/schema\/logo\/image\/\"},\"sameAs\":[\"http:\/\/www.facebook.com\/VunderSkizze\"]}]}<\/script>\n<!-- \/ Yoast SEO plugin. -->","yoast_head_json":{"title":"Pen\u0101lis Walker Classic &#8211; Skizze","robots":{"index":"noindex","follow":"follow","max-snippet":"max-snippet:-1","max-image-preview":"max-image-preview:large","max-video-preview":"max-video-preview:-1"},"og_locale":"lv_LV","og_type":"article","og_title":"Pen\u0101lis Walker Classic &#8211; Skizze","og_description":"Walker pen\u0101lis ir kvalitat\u012bvs futl\u0101ris z\u012bmu\u013ciem ar vienu nodal\u012bjumu ar r\u0101v\u0113jsl\u0113dz\u0113ju. T\u0101 galvenajam nodal\u012bjumam ir elast\u012bgs dubultnodal\u012bjums ar 20 cilp\u0101m z\u012bmu\u013ciem, nodal\u012bjums ar r\u0101v\u0113jsl\u0113dz\u0113ju un 2 atv\u0113rt\u0101m kabat\u0101m. Z\u012bmu\u013ci un citi piederumi komplekt\u0101 nav ietverti, att\u0113l\u0101 eso\u0161aj\u0101m prec\u0113m ir ilustrat\u012bvs raksturs. Izm\u0113ri: 21x10x6cm","og_url":"https:\/\/hobstop.ee\/lv\/produkts\/penalis-walker-classic\/","og_site_name":"Skizze","article_publisher":"http:\/\/www.facebook.com\/VunderSkizze","og_image":[{"width":2560,"height":2560,"url":"https:\/\/hobstop.ee\/media\/4842-scaled.jpg","type":"image\/jpeg"}],"twitter_card":"summary_large_image","schema":{"@context":"https:\/\/schema.org","@graph":[{"@type":"WebPage","@id":"https:\/\/hobstop.ee\/lv\/produkts\/penalis-walker-classic\/","url":"https:\/\/hobstop.ee\/lv\/produkts\/penalis-walker-classic\/","name":"Pen\u0101lis Walker Classic &#8211; Skizze","isPartOf":{"@id":"https:\/\/hobstop.ee\/lv\/#website"},"primaryImageOfPage":{"@id":"https:\/\/hobstop.ee\/lv\/produkts\/penalis-walker-classic\/#primaryimage"},"image":{"@id":"https:\/\/hobstop.ee\/lv\/produkts\/penalis-walker-classic\/#primaryimage"},"thumbnailUrl":"https:\/\/hobstop.ee\/media\/4842-scaled.jpg","datePublished":"2018-07-10T11:58:07+00:00","dateModified":"2018-07-10T11:58:07+00:00","breadcrumb":{"@id":"https:\/\/hobstop.ee\/lv\/produkts\/penalis-walker-classic\/#breadcrumb"},"inLanguage":"lv-LV","potentialAction":[{"@type":"ReadAction","target":["https:\/\/hobstop.ee\/lv\/produkts\/penalis-walker-classic\/"]}]},{"@type":"ImageObject","inLanguage":"lv-LV","@id":"https:\/\/hobstop.ee\/lv\/produkts\/penalis-walker-classic\/#primaryimage","url":"https:\/\/hobstop.ee\/media\/4842-scaled.jpg","contentUrl":"https:\/\/hobstop.ee\/media\/4842-scaled.jpg","width":2560,"height":2560},{"@type":"BreadcrumbList","@id":"https:\/\/hobstop.ee\/lv\/produkts\/penalis-walker-classic\/#breadcrumb","itemListElement":[{"@type":"ListItem","position":1,"name":"Avaleht","item":"https:\/\/www.hobstop.ee\/lv\/"},{"@type":"ListItem","position":2,"name":"Veikals","item":"https:\/\/www.hobstop.ee\/lv\/veikals\/"},{"@type":"ListItem","position":3,"name":"Pen\u0101lis Walker Classic"}]},{"@type":"WebSite","@id":"https:\/\/hobstop.ee\/lv\/#website","url":"https:\/\/hobstop.ee\/lv\/","name":"Skizze","description":"M\u0101kslas, hobiju un skolas preces","publisher":{"@id":"https:\/\/hobstop.ee\/lv\/#organization"},"potentialAction":[{"@type":"SearchAction","target":{"@type":"EntryPoint","urlTemplate":"https:\/\/hobstop.ee\/lv\/?s={search_term_string}"},"query-input":{"@type":"PropertyValueSpecification","valueRequired":true,"valueName":"search_term_string"}}],"inLanguage":"lv-LV"},{"@type":"Organization","@id":"https:\/\/hobstop.ee\/lv\/#organization","name":"Vunder AS","url":"https:\/\/hobstop.ee\/lv\/","logo":{"@type":"ImageObject","inLanguage":"lv-LV","@id":"https:\/\/hobstop.ee\/lv\/#\/schema\/logo\/image\/","url":"https:\/\/hobstop.ee\/media\/vunder-logo.png","contentUrl":"https:\/\/hobstop.ee\/media\/vunder-logo.png","width":127,"height":55,"caption":"Vunder AS"},"image":{"@id":"https:\/\/hobstop.ee\/lv\/#\/schema\/logo\/image\/"},"sameAs":["http:\/\/www.facebook.com\/VunderSkizze"]}]}},"_links":{"self":[{"href":"https:\/\/hobstop.ee\/lv\/wp-json\/wp\/v2\/product\/313262","targetHints":{"allow":["GET"]}}],"collection":[{"href":"https:\/\/hobstop.ee\/lv\/wp-json\/wp\/v2\/product"}],"about":[{"href":"https:\/\/hobstop.ee\/lv\/wp-json\/wp\/v2\/types\/product"}],"replies":[{"embeddable":true,"href":"https:\/\/hobstop.ee\/lv\/wp-json\/wp\/v2\/comments?post=313262"}],"wp:featuredmedia":[{"embeddable":true,"href":"https:\/\/hobstop.ee\/lv\/wp-json\/wp\/v2\/media\/355063"}],"wp:attachment":[{"href":"https:\/\/hobstop.ee\/lv\/wp-json\/wp\/v2\/media?parent=313262"}],"wp:term":[{"taxonomy":"product_cat","embeddable":true,"href":"https:\/\/hobstop.ee\/lv\/wp-json\/wp\/v2\/product_cat?post=313262"},{"taxonomy":"product_tag","embeddable":true,"href":"https:\/\/hobstop.ee\/lv\/wp-json\/wp\/v2\/product_tag?post=313262"}],"curies":[{"name":"wp","href":"https:\/\/api.w.org\/{rel}","templated":true}]}}