{"id":313266,"date":"2018-07-10T14:58:08","date_gmt":"2018-07-10T11:58:08","guid":{"rendered":"https:\/\/skizze.ee\/lv\/product\/skolas-soma-walker-fame\/"},"modified":"2018-07-10T14:58:08","modified_gmt":"2018-07-10T11:58:08","slug":"skolas-soma-walker-fame","status":"publish","type":"product","link":"https:\/\/hobstop.ee\/lv\/produkts\/skolas-soma-walker-fame\/","title":{"rendered":"Skolas soma Walker Fame"},"content":{"rendered":"<p>Walker Fame ir galvenais nodal\u012bjums ar elast\u012bgu sadal\u012bt\u0101ju, kabata r\u0101v\u0113jsl\u0113dz\u0113ju un A4 kabata. Tai ir ar\u012b vid\u0113j\u0101 kabata, priek\u0161\u0113j\u0101 kabata ar organiz\u0113t\u0101ju un s\u0101nu kabatas, kur\u0101s var \u0113rti ielikt  dz\u0113rienu pudeles, k\u0101 ar\u012b papildkabati\u0146as ar r\u0101v\u0113jsl\u0113dz\u0113ju. Priek\u0161\u0113j\u0101 kabat\u0101 ir t\u012bkla kabati\u0146a, z\u012bmu\u013cu tur\u0113t\u0101ji un atv\u0113rt\u0101 kabata &#8211;  \u0113rta nepiecie\u0161amo lietu sak\u0101rto\u0161ana. Walker Fame ir praktisks rokturis un ergonomiskas formas plecu siksnas, kas nodro\u0161ina lielisku komfortu. Papildu \u0113rt\u012bbai somai ir elpojo\u0161s aizmugur\u0113jais polster\u0113jums un regul\u0113jamas kr\u016b\u0161u siksnas. Pateicoties \u016bdeni atgr\u016bdo\u0161ajam materi\u0101lam, soma ir maksim\u0101li sausa, bet atstarojo\u0161ie elementi nodro\u0161ina dro\u0161u p\u0101rvieto\u0161anos tum\u0161\u0101 laik\u0101. Izgatavota no poliestera un\/vai neilona.<br \/>\nIzm\u0113ri: 32x44x24cm<br \/>\nTilpums: 32L<br \/>\nSvars: aptuveni 960g<\/p>\n","protected":false},"excerpt":{"rendered":"<p>Walker Fame ir galvenais nodal\u012bjums ar elast\u012bgu sadal\u012bt\u0101ju, kabata r\u0101v\u0113jsl\u0113dz\u0113ju un A4 kabata. Tai ir ar\u012b vid\u0113j\u0101 kabata, priek\u0161\u0113j\u0101 kabata ar organiz\u0113t\u0101ju un s\u0101nu kabatas, kur\u0101s var \u0113rti ielikt dz\u0113rienu pudeles, k\u0101 ar\u012b papildkabati\u0146as ar r\u0101v\u0113jsl\u0113dz\u0113ju. Priek\u0161\u0113j\u0101 kabat\u0101 ir t\u012bkla kabati\u0146a, z\u012bmu\u013cu tur\u0113t\u0101ji un atv\u0113rt\u0101 kabata &#8211; \u0113rta nepiecie\u0161amo lietu sak\u0101rto\u0161ana. Walker Fame ir praktisks rokturis un ergonomiskas formas plecu siksnas, kas nodro\u0161ina lielisku komfortu. Papildu \u0113rt\u012bbai somai ir elpojo\u0161s aizmugur\u0113jais polster\u0113jums un regul\u0113jamas kr\u016b\u0161u siksnas. Pateicoties \u016bdeni atgr\u016bdo\u0161ajam materi\u0101lam, soma ir maksim\u0101li sausa, bet atstarojo\u0161ie elementi nodro\u0161ina dro\u0161u p\u0101rvieto\u0161anos tum\u0161\u0101 laik\u0101. Izgatavota no poliestera un\/vai neilona. Izm\u0113ri: 32x44x24cm Tilpums: 32L Svars: aptuveni 960g<\/p>\n","protected":false},"featured_media":0,"comment_status":"closed","ping_status":"closed","template":"","meta":{"_acf_changed":false,"ep_exclude_from_search":false},"product_cat":[17916,17930,18070],"product_tag":[],"class_list":{"0":"post-313266","1":"product","2":"type-product","3":"status-publish","5":"product_cat-preces-skolai","6":"product_cat-skolas-somas-un-penali","7":"product_cat-somas","9":"first","10":"instock","11":"taxable","12":"shipping-taxable","13":"product-type-simple"},"acf":[],"yoast_head":"<!-- This site is optimized with the Yoast SEO plugin v24.1 - https:\/\/yoast.com\/wordpress\/plugins\/seo\/ -->\n<title>Skolas soma Walker Fame &#8211; Skizze<\/title>\n<meta name=\"robots\" content=\"noindex, follow, max-snippet:-1, max-image-preview:large, max-video-preview:-1\" \/>\n<meta property=\"og:locale\" content=\"lv_LV\" \/>\n<meta property=\"og:type\" content=\"article\" \/>\n<meta property=\"og:title\" content=\"Skolas soma Walker Fame &#8211; Skizze\" \/>\n<meta property=\"og:description\" content=\"Walker Fame ir galvenais nodal\u012bjums ar elast\u012bgu sadal\u012bt\u0101ju, kabata r\u0101v\u0113jsl\u0113dz\u0113ju un A4 kabata. Tai ir ar\u012b vid\u0113j\u0101 kabata, priek\u0161\u0113j\u0101 kabata ar organiz\u0113t\u0101ju un s\u0101nu kabatas, kur\u0101s var \u0113rti ielikt dz\u0113rienu pudeles, k\u0101 ar\u012b papildkabati\u0146as ar r\u0101v\u0113jsl\u0113dz\u0113ju. Priek\u0161\u0113j\u0101 kabat\u0101 ir t\u012bkla kabati\u0146a, z\u012bmu\u013cu tur\u0113t\u0101ji un atv\u0113rt\u0101 kabata &#8211; \u0113rta nepiecie\u0161amo lietu sak\u0101rto\u0161ana. Walker Fame ir praktisks rokturis un ergonomiskas formas plecu siksnas, kas nodro\u0161ina lielisku komfortu. Papildu \u0113rt\u012bbai somai ir elpojo\u0161s aizmugur\u0113jais polster\u0113jums un regul\u0113jamas kr\u016b\u0161u siksnas. Pateicoties \u016bdeni atgr\u016bdo\u0161ajam materi\u0101lam, soma ir maksim\u0101li sausa, bet atstarojo\u0161ie elementi nodro\u0161ina dro\u0161u p\u0101rvieto\u0161anos tum\u0161\u0101 laik\u0101. Izgatavota no poliestera un\/vai neilona. Izm\u0113ri: 32x44x24cm Tilpums: 32L Svars: aptuveni 960g\" \/>\n<meta property=\"og:url\" content=\"https:\/\/hobstop.ee\/lv\/produkts\/skolas-soma-walker-fame\/\" \/>\n<meta property=\"og:site_name\" content=\"Skizze\" \/>\n<meta property=\"article:publisher\" content=\"http:\/\/www.facebook.com\/VunderSkizze\" \/>\n<meta name=\"twitter:card\" content=\"summary_large_image\" \/>\n<meta name=\"twitter:label1\" content=\"Est. reading time\" \/>\n\t<meta name=\"twitter:data1\" content=\"1 min\u016b\u0161u\" \/>\n<script type=\"application\/ld+json\" class=\"yoast-schema-graph\">{\"@context\":\"https:\/\/schema.org\",\"@graph\":[{\"@type\":\"WebPage\",\"@id\":\"https:\/\/hobstop.ee\/lv\/produkts\/skolas-soma-walker-fame\/\",\"url\":\"https:\/\/hobstop.ee\/lv\/produkts\/skolas-soma-walker-fame\/\",\"name\":\"Skolas soma Walker Fame &#8211; Skizze\",\"isPartOf\":{\"@id\":\"https:\/\/hobstop.ee\/lv\/#website\"},\"datePublished\":\"2018-07-10T11:58:08+00:00\",\"dateModified\":\"2018-07-10T11:58:08+00:00\",\"breadcrumb\":{\"@id\":\"https:\/\/hobstop.ee\/lv\/produkts\/skolas-soma-walker-fame\/#breadcrumb\"},\"inLanguage\":\"lv-LV\",\"potentialAction\":[{\"@type\":\"ReadAction\",\"target\":[\"https:\/\/hobstop.ee\/lv\/produkts\/skolas-soma-walker-fame\/\"]}]},{\"@type\":\"BreadcrumbList\",\"@id\":\"https:\/\/hobstop.ee\/lv\/produkts\/skolas-soma-walker-fame\/#breadcrumb\",\"itemListElement\":[{\"@type\":\"ListItem\",\"position\":1,\"name\":\"Avaleht\",\"item\":\"https:\/\/hobstop.ee\/lv\/\"},{\"@type\":\"ListItem\",\"position\":2,\"name\":\"Veikals\",\"item\":\"https:\/\/hobstop.ee\/lv\/veikals\/\"},{\"@type\":\"ListItem\",\"position\":3,\"name\":\"Skolas soma Walker Fame\"}]},{\"@type\":\"WebSite\",\"@id\":\"https:\/\/hobstop.ee\/lv\/#website\",\"url\":\"https:\/\/hobstop.ee\/lv\/\",\"name\":\"Skizze\",\"description\":\"M\u0101kslas, hobiju un skolas preces\",\"publisher\":{\"@id\":\"https:\/\/hobstop.ee\/lv\/#organization\"},\"potentialAction\":[{\"@type\":\"SearchAction\",\"target\":{\"@type\":\"EntryPoint\",\"urlTemplate\":\"https:\/\/hobstop.ee\/lv\/?s={search_term_string}\"},\"query-input\":{\"@type\":\"PropertyValueSpecification\",\"valueRequired\":true,\"valueName\":\"search_term_string\"}}],\"inLanguage\":\"lv-LV\"},{\"@type\":\"Organization\",\"@id\":\"https:\/\/hobstop.ee\/lv\/#organization\",\"name\":\"Vunder AS\",\"url\":\"https:\/\/hobstop.ee\/lv\/\",\"logo\":{\"@type\":\"ImageObject\",\"inLanguage\":\"lv-LV\",\"@id\":\"https:\/\/hobstop.ee\/lv\/#\/schema\/logo\/image\/\",\"url\":\"https:\/\/hobstop.ee\/media\/vunder-logo.png\",\"contentUrl\":\"https:\/\/hobstop.ee\/media\/vunder-logo.png\",\"width\":127,\"height\":55,\"caption\":\"Vunder AS\"},\"image\":{\"@id\":\"https:\/\/hobstop.ee\/lv\/#\/schema\/logo\/image\/\"},\"sameAs\":[\"http:\/\/www.facebook.com\/VunderSkizze\"]}]}<\/script>\n<!-- \/ Yoast SEO plugin. -->","yoast_head_json":{"title":"Skolas soma Walker Fame &#8211; Skizze","robots":{"index":"noindex","follow":"follow","max-snippet":"max-snippet:-1","max-image-preview":"max-image-preview:large","max-video-preview":"max-video-preview:-1"},"og_locale":"lv_LV","og_type":"article","og_title":"Skolas soma Walker Fame &#8211; Skizze","og_description":"Walker Fame ir galvenais nodal\u012bjums ar elast\u012bgu sadal\u012bt\u0101ju, kabata r\u0101v\u0113jsl\u0113dz\u0113ju un A4 kabata. Tai ir ar\u012b vid\u0113j\u0101 kabata, priek\u0161\u0113j\u0101 kabata ar organiz\u0113t\u0101ju un s\u0101nu kabatas, kur\u0101s var \u0113rti ielikt dz\u0113rienu pudeles, k\u0101 ar\u012b papildkabati\u0146as ar r\u0101v\u0113jsl\u0113dz\u0113ju. Priek\u0161\u0113j\u0101 kabat\u0101 ir t\u012bkla kabati\u0146a, z\u012bmu\u013cu tur\u0113t\u0101ji un atv\u0113rt\u0101 kabata &#8211; \u0113rta nepiecie\u0161amo lietu sak\u0101rto\u0161ana. Walker Fame ir praktisks rokturis un ergonomiskas formas plecu siksnas, kas nodro\u0161ina lielisku komfortu. Papildu \u0113rt\u012bbai somai ir elpojo\u0161s aizmugur\u0113jais polster\u0113jums un regul\u0113jamas kr\u016b\u0161u siksnas. Pateicoties \u016bdeni atgr\u016bdo\u0161ajam materi\u0101lam, soma ir maksim\u0101li sausa, bet atstarojo\u0161ie elementi nodro\u0161ina dro\u0161u p\u0101rvieto\u0161anos tum\u0161\u0101 laik\u0101. Izgatavota no poliestera un\/vai neilona. Izm\u0113ri: 32x44x24cm Tilpums: 32L Svars: aptuveni 960g","og_url":"https:\/\/hobstop.ee\/lv\/produkts\/skolas-soma-walker-fame\/","og_site_name":"Skizze","article_publisher":"http:\/\/www.facebook.com\/VunderSkizze","twitter_card":"summary_large_image","twitter_misc":{"Est. reading time":"1 min\u016b\u0161u"},"schema":{"@context":"https:\/\/schema.org","@graph":[{"@type":"WebPage","@id":"https:\/\/hobstop.ee\/lv\/produkts\/skolas-soma-walker-fame\/","url":"https:\/\/hobstop.ee\/lv\/produkts\/skolas-soma-walker-fame\/","name":"Skolas soma Walker Fame &#8211; Skizze","isPartOf":{"@id":"https:\/\/hobstop.ee\/lv\/#website"},"datePublished":"2018-07-10T11:58:08+00:00","dateModified":"2018-07-10T11:58:08+00:00","breadcrumb":{"@id":"https:\/\/hobstop.ee\/lv\/produkts\/skolas-soma-walker-fame\/#breadcrumb"},"inLanguage":"lv-LV","potentialAction":[{"@type":"ReadAction","target":["https:\/\/hobstop.ee\/lv\/produkts\/skolas-soma-walker-fame\/"]}]},{"@type":"BreadcrumbList","@id":"https:\/\/hobstop.ee\/lv\/produkts\/skolas-soma-walker-fame\/#breadcrumb","itemListElement":[{"@type":"ListItem","position":1,"name":"Avaleht","item":"https:\/\/hobstop.ee\/lv\/"},{"@type":"ListItem","position":2,"name":"Veikals","item":"https:\/\/hobstop.ee\/lv\/veikals\/"},{"@type":"ListItem","position":3,"name":"Skolas soma Walker Fame"}]},{"@type":"WebSite","@id":"https:\/\/hobstop.ee\/lv\/#website","url":"https:\/\/hobstop.ee\/lv\/","name":"Skizze","description":"M\u0101kslas, hobiju un skolas preces","publisher":{"@id":"https:\/\/hobstop.ee\/lv\/#organization"},"potentialAction":[{"@type":"SearchAction","target":{"@type":"EntryPoint","urlTemplate":"https:\/\/hobstop.ee\/lv\/?s={search_term_string}"},"query-input":{"@type":"PropertyValueSpecification","valueRequired":true,"valueName":"search_term_string"}}],"inLanguage":"lv-LV"},{"@type":"Organization","@id":"https:\/\/hobstop.ee\/lv\/#organization","name":"Vunder AS","url":"https:\/\/hobstop.ee\/lv\/","logo":{"@type":"ImageObject","inLanguage":"lv-LV","@id":"https:\/\/hobstop.ee\/lv\/#\/schema\/logo\/image\/","url":"https:\/\/hobstop.ee\/media\/vunder-logo.png","contentUrl":"https:\/\/hobstop.ee\/media\/vunder-logo.png","width":127,"height":55,"caption":"Vunder AS"},"image":{"@id":"https:\/\/hobstop.ee\/lv\/#\/schema\/logo\/image\/"},"sameAs":["http:\/\/www.facebook.com\/VunderSkizze"]}]}},"_links":{"self":[{"href":"https:\/\/hobstop.ee\/lv\/wp-json\/wp\/v2\/product\/313266","targetHints":{"allow":["GET"]}}],"collection":[{"href":"https:\/\/hobstop.ee\/lv\/wp-json\/wp\/v2\/product"}],"about":[{"href":"https:\/\/hobstop.ee\/lv\/wp-json\/wp\/v2\/types\/product"}],"replies":[{"embeddable":true,"href":"https:\/\/hobstop.ee\/lv\/wp-json\/wp\/v2\/comments?post=313266"}],"wp:attachment":[{"href":"https:\/\/hobstop.ee\/lv\/wp-json\/wp\/v2\/media?parent=313266"}],"wp:term":[{"taxonomy":"product_cat","embeddable":true,"href":"https:\/\/hobstop.ee\/lv\/wp-json\/wp\/v2\/product_cat?post=313266"},{"taxonomy":"product_tag","embeddable":true,"href":"https:\/\/hobstop.ee\/lv\/wp-json\/wp\/v2\/product_tag?post=313266"}],"curies":[{"name":"wp","href":"https:\/\/api.w.org\/{rel}","templated":true}]}}