{"id":313282,"date":"2018-07-10T14:58:14","date_gmt":"2018-07-10T11:58:14","guid":{"rendered":"https:\/\/skizze.ee\/lv\/product\/plastikas-kritini-maped-colorpeps-my-baby\/"},"modified":"2018-07-10T14:58:14","modified_gmt":"2018-07-10T11:58:14","slug":"plastikas-kritini-maped-colorpeps-my-baby","status":"publish","type":"product","link":"https:\/\/hobstop.ee\/lv\/produkts\/plastikas-kritini-maped-colorpeps-my-baby\/","title":{"rendered":"Plastikas kr\u012bti\u0146i Maped Color&#8217;Peps My Baby"},"content":{"rendered":"<p>My First Color&#8217;Peps ir kl\u0101sts, kas paredz\u0113ts b\u0113rniem vecum\u0101 no 1 gada. Color&#8217;Peps My Baby kr\u012bti\u0146i ar noapa\u013cotiem galiem ir maziem b\u0113rniem \u0113rti satverami.  To jautr\u0101s seji\u0146as un novietojums vienam uz otra ir lielisks pal\u012bgs b\u0113rnu izklaid\u0113.<\/p>\n","protected":false},"excerpt":{"rendered":"<p>My First Color&#8217;Peps ir kl\u0101sts, kas paredz\u0113ts b\u0113rniem vecum\u0101 no 1 gada. Color&#8217;Peps My Baby kr\u012bti\u0146i ar noapa\u013cotiem galiem ir maziem b\u0113rniem \u0113rti satverami. To jautr\u0101s seji\u0146as un novietojums vienam uz otra ir lielisks pal\u012bgs b\u0113rnu izklaid\u0113.<\/p>\n","protected":false},"featured_media":313538,"comment_status":"closed","ping_status":"closed","template":"","meta":{"_acf_changed":false,"ep_exclude_from_search":false},"product_cat":[19835,20389,20395],"product_tag":[],"class_list":{"0":"post-313282","1":"product","2":"type-product","3":"status-publish","4":"has-post-thumbnail","6":"product_cat-bernu-brivais-laiks","7":"product_cat-makslas-piederumi-3","8":"product_cat-zimesana","10":"first","11":"instock","12":"taxable","13":"shipping-taxable","14":"purchasable","15":"product-type-simple"},"acf":[],"yoast_head":"<!-- This site is optimized with the Yoast SEO plugin v24.1 - https:\/\/yoast.com\/wordpress\/plugins\/seo\/ -->\n<title>Plastikas kr\u012bti\u0146i Maped Color&#039;Peps My Baby &#8211; Skizze<\/title>\n<meta name=\"robots\" content=\"noindex, follow, max-snippet:-1, max-image-preview:large, max-video-preview:-1\" \/>\n<meta property=\"og:locale\" content=\"lv_LV\" \/>\n<meta property=\"og:type\" content=\"article\" \/>\n<meta property=\"og:title\" content=\"Plastikas kr\u012bti\u0146i Maped Color&#039;Peps My Baby &#8211; Skizze\" \/>\n<meta property=\"og:description\" content=\"My First Color&#8217;Peps ir kl\u0101sts, kas paredz\u0113ts b\u0113rniem vecum\u0101 no 1 gada. Color&#8217;Peps My Baby kr\u012bti\u0146i ar noapa\u013cotiem galiem ir maziem b\u0113rniem \u0113rti satverami. To jautr\u0101s seji\u0146as un novietojums vienam uz otra ir lielisks pal\u012bgs b\u0113rnu izklaid\u0113.\" \/>\n<meta property=\"og:url\" content=\"https:\/\/hobstop.ee\/lv\/produkts\/plastikas-kritini-maped-colorpeps-my-baby\/\" \/>\n<meta property=\"og:site_name\" content=\"Skizze\" \/>\n<meta property=\"article:publisher\" content=\"http:\/\/www.facebook.com\/VunderSkizze\" \/>\n<meta property=\"og:image\" content=\"https:\/\/hobstop.ee\/media\/4849.jpg\" \/>\n\t<meta property=\"og:image:width\" content=\"1024\" \/>\n\t<meta property=\"og:image:height\" content=\"768\" \/>\n\t<meta property=\"og:image:type\" content=\"image\/jpeg\" \/>\n<meta name=\"twitter:card\" content=\"summary_large_image\" \/>\n<script type=\"application\/ld+json\" class=\"yoast-schema-graph\">{\"@context\":\"https:\/\/schema.org\",\"@graph\":[{\"@type\":\"WebPage\",\"@id\":\"https:\/\/hobstop.ee\/lv\/produkts\/plastikas-kritini-maped-colorpeps-my-baby\/\",\"url\":\"https:\/\/hobstop.ee\/lv\/produkts\/plastikas-kritini-maped-colorpeps-my-baby\/\",\"name\":\"Plastikas kr\u012bti\u0146i Maped Color'Peps My Baby &#8211; Skizze\",\"isPartOf\":{\"@id\":\"https:\/\/hobstop.ee\/lv\/#website\"},\"primaryImageOfPage\":{\"@id\":\"https:\/\/hobstop.ee\/lv\/produkts\/plastikas-kritini-maped-colorpeps-my-baby\/#primaryimage\"},\"image\":{\"@id\":\"https:\/\/hobstop.ee\/lv\/produkts\/plastikas-kritini-maped-colorpeps-my-baby\/#primaryimage\"},\"thumbnailUrl\":\"https:\/\/hobstop.ee\/media\/4849.jpg\",\"datePublished\":\"2018-07-10T11:58:14+00:00\",\"dateModified\":\"2018-07-10T11:58:14+00:00\",\"breadcrumb\":{\"@id\":\"https:\/\/hobstop.ee\/lv\/produkts\/plastikas-kritini-maped-colorpeps-my-baby\/#breadcrumb\"},\"inLanguage\":\"lv-LV\",\"potentialAction\":[{\"@type\":\"ReadAction\",\"target\":[\"https:\/\/hobstop.ee\/lv\/produkts\/plastikas-kritini-maped-colorpeps-my-baby\/\"]}]},{\"@type\":\"ImageObject\",\"inLanguage\":\"lv-LV\",\"@id\":\"https:\/\/hobstop.ee\/lv\/produkts\/plastikas-kritini-maped-colorpeps-my-baby\/#primaryimage\",\"url\":\"https:\/\/hobstop.ee\/media\/4849.jpg\",\"contentUrl\":\"https:\/\/hobstop.ee\/media\/4849.jpg\",\"width\":1024,\"height\":768},{\"@type\":\"BreadcrumbList\",\"@id\":\"https:\/\/hobstop.ee\/lv\/produkts\/plastikas-kritini-maped-colorpeps-my-baby\/#breadcrumb\",\"itemListElement\":[{\"@type\":\"ListItem\",\"position\":1,\"name\":\"Avaleht\",\"item\":\"https:\/\/hobstop.ee\/lv\/\"},{\"@type\":\"ListItem\",\"position\":2,\"name\":\"Veikals\",\"item\":\"https:\/\/hobstop.ee\/lv\/veikals\/\"},{\"@type\":\"ListItem\",\"position\":3,\"name\":\"Plastikas kr\u012bti\u0146i Maped Color&#8217;Peps My Baby\"}]},{\"@type\":\"WebSite\",\"@id\":\"https:\/\/hobstop.ee\/lv\/#website\",\"url\":\"https:\/\/hobstop.ee\/lv\/\",\"name\":\"Skizze\",\"description\":\"M\u0101kslas, hobiju un skolas preces\",\"publisher\":{\"@id\":\"https:\/\/hobstop.ee\/lv\/#organization\"},\"potentialAction\":[{\"@type\":\"SearchAction\",\"target\":{\"@type\":\"EntryPoint\",\"urlTemplate\":\"https:\/\/hobstop.ee\/lv\/?s={search_term_string}\"},\"query-input\":{\"@type\":\"PropertyValueSpecification\",\"valueRequired\":true,\"valueName\":\"search_term_string\"}}],\"inLanguage\":\"lv-LV\"},{\"@type\":\"Organization\",\"@id\":\"https:\/\/hobstop.ee\/lv\/#organization\",\"name\":\"Vunder AS\",\"url\":\"https:\/\/hobstop.ee\/lv\/\",\"logo\":{\"@type\":\"ImageObject\",\"inLanguage\":\"lv-LV\",\"@id\":\"https:\/\/hobstop.ee\/lv\/#\/schema\/logo\/image\/\",\"url\":\"https:\/\/hobstop.ee\/media\/vunder-logo.png\",\"contentUrl\":\"https:\/\/hobstop.ee\/media\/vunder-logo.png\",\"width\":127,\"height\":55,\"caption\":\"Vunder AS\"},\"image\":{\"@id\":\"https:\/\/hobstop.ee\/lv\/#\/schema\/logo\/image\/\"},\"sameAs\":[\"http:\/\/www.facebook.com\/VunderSkizze\"]}]}<\/script>\n<!-- \/ Yoast SEO plugin. -->","yoast_head_json":{"title":"Plastikas kr\u012bti\u0146i Maped Color'Peps My Baby &#8211; Skizze","robots":{"index":"noindex","follow":"follow","max-snippet":"max-snippet:-1","max-image-preview":"max-image-preview:large","max-video-preview":"max-video-preview:-1"},"og_locale":"lv_LV","og_type":"article","og_title":"Plastikas kr\u012bti\u0146i Maped Color'Peps My Baby &#8211; Skizze","og_description":"My First Color&#8217;Peps ir kl\u0101sts, kas paredz\u0113ts b\u0113rniem vecum\u0101 no 1 gada. Color&#8217;Peps My Baby kr\u012bti\u0146i ar noapa\u013cotiem galiem ir maziem b\u0113rniem \u0113rti satverami. To jautr\u0101s seji\u0146as un novietojums vienam uz otra ir lielisks pal\u012bgs b\u0113rnu izklaid\u0113.","og_url":"https:\/\/hobstop.ee\/lv\/produkts\/plastikas-kritini-maped-colorpeps-my-baby\/","og_site_name":"Skizze","article_publisher":"http:\/\/www.facebook.com\/VunderSkizze","og_image":[{"width":1024,"height":768,"url":"https:\/\/hobstop.ee\/media\/4849.jpg","type":"image\/jpeg"}],"twitter_card":"summary_large_image","schema":{"@context":"https:\/\/schema.org","@graph":[{"@type":"WebPage","@id":"https:\/\/hobstop.ee\/lv\/produkts\/plastikas-kritini-maped-colorpeps-my-baby\/","url":"https:\/\/hobstop.ee\/lv\/produkts\/plastikas-kritini-maped-colorpeps-my-baby\/","name":"Plastikas kr\u012bti\u0146i Maped Color'Peps My Baby &#8211; Skizze","isPartOf":{"@id":"https:\/\/hobstop.ee\/lv\/#website"},"primaryImageOfPage":{"@id":"https:\/\/hobstop.ee\/lv\/produkts\/plastikas-kritini-maped-colorpeps-my-baby\/#primaryimage"},"image":{"@id":"https:\/\/hobstop.ee\/lv\/produkts\/plastikas-kritini-maped-colorpeps-my-baby\/#primaryimage"},"thumbnailUrl":"https:\/\/hobstop.ee\/media\/4849.jpg","datePublished":"2018-07-10T11:58:14+00:00","dateModified":"2018-07-10T11:58:14+00:00","breadcrumb":{"@id":"https:\/\/hobstop.ee\/lv\/produkts\/plastikas-kritini-maped-colorpeps-my-baby\/#breadcrumb"},"inLanguage":"lv-LV","potentialAction":[{"@type":"ReadAction","target":["https:\/\/hobstop.ee\/lv\/produkts\/plastikas-kritini-maped-colorpeps-my-baby\/"]}]},{"@type":"ImageObject","inLanguage":"lv-LV","@id":"https:\/\/hobstop.ee\/lv\/produkts\/plastikas-kritini-maped-colorpeps-my-baby\/#primaryimage","url":"https:\/\/hobstop.ee\/media\/4849.jpg","contentUrl":"https:\/\/hobstop.ee\/media\/4849.jpg","width":1024,"height":768},{"@type":"BreadcrumbList","@id":"https:\/\/hobstop.ee\/lv\/produkts\/plastikas-kritini-maped-colorpeps-my-baby\/#breadcrumb","itemListElement":[{"@type":"ListItem","position":1,"name":"Avaleht","item":"https:\/\/hobstop.ee\/lv\/"},{"@type":"ListItem","position":2,"name":"Veikals","item":"https:\/\/hobstop.ee\/lv\/veikals\/"},{"@type":"ListItem","position":3,"name":"Plastikas kr\u012bti\u0146i Maped Color&#8217;Peps My Baby"}]},{"@type":"WebSite","@id":"https:\/\/hobstop.ee\/lv\/#website","url":"https:\/\/hobstop.ee\/lv\/","name":"Skizze","description":"M\u0101kslas, hobiju un skolas preces","publisher":{"@id":"https:\/\/hobstop.ee\/lv\/#organization"},"potentialAction":[{"@type":"SearchAction","target":{"@type":"EntryPoint","urlTemplate":"https:\/\/hobstop.ee\/lv\/?s={search_term_string}"},"query-input":{"@type":"PropertyValueSpecification","valueRequired":true,"valueName":"search_term_string"}}],"inLanguage":"lv-LV"},{"@type":"Organization","@id":"https:\/\/hobstop.ee\/lv\/#organization","name":"Vunder AS","url":"https:\/\/hobstop.ee\/lv\/","logo":{"@type":"ImageObject","inLanguage":"lv-LV","@id":"https:\/\/hobstop.ee\/lv\/#\/schema\/logo\/image\/","url":"https:\/\/hobstop.ee\/media\/vunder-logo.png","contentUrl":"https:\/\/hobstop.ee\/media\/vunder-logo.png","width":127,"height":55,"caption":"Vunder AS"},"image":{"@id":"https:\/\/hobstop.ee\/lv\/#\/schema\/logo\/image\/"},"sameAs":["http:\/\/www.facebook.com\/VunderSkizze"]}]}},"_links":{"self":[{"href":"https:\/\/hobstop.ee\/lv\/wp-json\/wp\/v2\/product\/313282","targetHints":{"allow":["GET"]}}],"collection":[{"href":"https:\/\/hobstop.ee\/lv\/wp-json\/wp\/v2\/product"}],"about":[{"href":"https:\/\/hobstop.ee\/lv\/wp-json\/wp\/v2\/types\/product"}],"replies":[{"embeddable":true,"href":"https:\/\/hobstop.ee\/lv\/wp-json\/wp\/v2\/comments?post=313282"}],"wp:featuredmedia":[{"embeddable":true,"href":"https:\/\/hobstop.ee\/lv\/wp-json\/wp\/v2\/media\/313538"}],"wp:attachment":[{"href":"https:\/\/hobstop.ee\/lv\/wp-json\/wp\/v2\/media?parent=313282"}],"wp:term":[{"taxonomy":"product_cat","embeddable":true,"href":"https:\/\/hobstop.ee\/lv\/wp-json\/wp\/v2\/product_cat?post=313282"},{"taxonomy":"product_tag","embeddable":true,"href":"https:\/\/hobstop.ee\/lv\/wp-json\/wp\/v2\/product_tag?post=313282"}],"curies":[{"name":"wp","href":"https:\/\/api.w.org\/{rel}","templated":true}]}}