{"id":313286,"date":"2018-07-10T14:58:15","date_gmt":"2018-07-10T11:58:15","guid":{"rendered":"https:\/\/skizze.ee\/lv\/product\/tafeles-markeris-maped\/"},"modified":"2018-07-10T14:58:15","modified_gmt":"2018-07-10T11:58:15","slug":"tafeles-markeris-maped","status":"publish","type":"product","link":"https:\/\/hobstop.ee\/lv\/produkts\/tafeles-markeris-maped\/","title":{"rendered":"T\u0101feles m\u0101rkeris Maped"},"content":{"rendered":"<p>Maped t\u0101feles mar\u0137ieris, ko viegli t\u012br\u012bt, ir piem\u0113rots izmanto\u0161anai uz da\u017e\u0101d\u0101m virsm\u0101m: tradicion\u0101l\u0101s t\u0101feles virsmas vai d\u0113\u013ci baltas, melnas, stikla, spogu\u013ca, keramikas virsmas. Tas ir izgatavots uz \u016bdens b\u0101zes un to var noslauc\u012bt ar mitru dr\u0101ni\u0146u. Kad no\u017euvis, to var \u0113rti no\u0146emt ar siltu \u016bdeni.<\/p>\n","protected":false},"excerpt":{"rendered":"<p>Maped t\u0101feles mar\u0137ieris, ko viegli t\u012br\u012bt, ir piem\u0113rots izmanto\u0161anai uz da\u017e\u0101d\u0101m virsm\u0101m: tradicion\u0101l\u0101s t\u0101feles virsmas vai d\u0113\u013ci baltas, melnas, stikla, spogu\u013ca, keramikas virsmas. Tas ir izgatavots uz \u016bdens b\u0101zes un to var noslauc\u012bt ar mitru dr\u0101ni\u0146u. Kad no\u017euvis, to var \u0113rti no\u0146emt ar siltu \u016bdeni.<\/p>\n","protected":false},"featured_media":313542,"comment_status":"closed","ping_status":"closed","template":"","meta":{"_acf_changed":false,"ep_exclude_from_search":false},"product_cat":[19673,18519],"product_tag":[],"class_list":{"0":"post-313286","1":"product","2":"type-product","3":"status-publish","4":"has-post-thumbnail","6":"product_cat-markeri","7":"product_cat-rakstampiederumi-2","9":"first","10":"instock","11":"taxable","12":"shipping-taxable","13":"purchasable","14":"product-type-simple"},"acf":[],"yoast_head":"<!-- This site is optimized with the Yoast SEO plugin v24.1 - https:\/\/yoast.com\/wordpress\/plugins\/seo\/ -->\n<title>T\u0101feles m\u0101rkeris Maped &#8211; Skizze<\/title>\n<meta name=\"robots\" content=\"noindex, follow, max-snippet:-1, max-image-preview:large, max-video-preview:-1\" \/>\n<meta property=\"og:locale\" content=\"lv_LV\" \/>\n<meta property=\"og:type\" content=\"article\" \/>\n<meta property=\"og:title\" content=\"T\u0101feles m\u0101rkeris Maped &#8211; Skizze\" \/>\n<meta property=\"og:description\" content=\"Maped t\u0101feles mar\u0137ieris, ko viegli t\u012br\u012bt, ir piem\u0113rots izmanto\u0161anai uz da\u017e\u0101d\u0101m virsm\u0101m: tradicion\u0101l\u0101s t\u0101feles virsmas vai d\u0113\u013ci baltas, melnas, stikla, spogu\u013ca, keramikas virsmas. Tas ir izgatavots uz \u016bdens b\u0101zes un to var noslauc\u012bt ar mitru dr\u0101ni\u0146u. Kad no\u017euvis, to var \u0113rti no\u0146emt ar siltu \u016bdeni.\" \/>\n<meta property=\"og:url\" content=\"https:\/\/hobstop.ee\/lv\/produkts\/tafeles-markeris-maped\/\" \/>\n<meta property=\"og:site_name\" content=\"Skizze\" \/>\n<meta property=\"article:publisher\" content=\"http:\/\/www.facebook.com\/VunderSkizze\" \/>\n<meta property=\"og:image\" content=\"https:\/\/hobstop.ee\/media\/4850.jpg\" \/>\n\t<meta property=\"og:image:width\" content=\"1024\" \/>\n\t<meta property=\"og:image:height\" content=\"768\" \/>\n\t<meta property=\"og:image:type\" content=\"image\/jpeg\" \/>\n<meta name=\"twitter:card\" content=\"summary_large_image\" \/>\n<script type=\"application\/ld+json\" class=\"yoast-schema-graph\">{\"@context\":\"https:\/\/schema.org\",\"@graph\":[{\"@type\":\"WebPage\",\"@id\":\"https:\/\/hobstop.ee\/lv\/produkts\/tafeles-markeris-maped\/\",\"url\":\"https:\/\/hobstop.ee\/lv\/produkts\/tafeles-markeris-maped\/\",\"name\":\"T\u0101feles m\u0101rkeris Maped &#8211; Skizze\",\"isPartOf\":{\"@id\":\"https:\/\/hobstop.ee\/lv\/#website\"},\"primaryImageOfPage\":{\"@id\":\"https:\/\/hobstop.ee\/lv\/produkts\/tafeles-markeris-maped\/#primaryimage\"},\"image\":{\"@id\":\"https:\/\/hobstop.ee\/lv\/produkts\/tafeles-markeris-maped\/#primaryimage\"},\"thumbnailUrl\":\"https:\/\/hobstop.ee\/media\/4850.jpg\",\"datePublished\":\"2018-07-10T11:58:15+00:00\",\"dateModified\":\"2018-07-10T11:58:15+00:00\",\"breadcrumb\":{\"@id\":\"https:\/\/hobstop.ee\/lv\/produkts\/tafeles-markeris-maped\/#breadcrumb\"},\"inLanguage\":\"lv-LV\",\"potentialAction\":[{\"@type\":\"ReadAction\",\"target\":[\"https:\/\/hobstop.ee\/lv\/produkts\/tafeles-markeris-maped\/\"]}]},{\"@type\":\"ImageObject\",\"inLanguage\":\"lv-LV\",\"@id\":\"https:\/\/hobstop.ee\/lv\/produkts\/tafeles-markeris-maped\/#primaryimage\",\"url\":\"https:\/\/hobstop.ee\/media\/4850.jpg\",\"contentUrl\":\"https:\/\/hobstop.ee\/media\/4850.jpg\",\"width\":1024,\"height\":768},{\"@type\":\"BreadcrumbList\",\"@id\":\"https:\/\/hobstop.ee\/lv\/produkts\/tafeles-markeris-maped\/#breadcrumb\",\"itemListElement\":[{\"@type\":\"ListItem\",\"position\":1,\"name\":\"Avaleht\",\"item\":\"https:\/\/www.hobstop.ee\/lv\/\"},{\"@type\":\"ListItem\",\"position\":2,\"name\":\"Veikals\",\"item\":\"https:\/\/www.hobstop.ee\/lv\/veikals\/\"},{\"@type\":\"ListItem\",\"position\":3,\"name\":\"T\u0101feles m\u0101rkeris Maped\"}]},{\"@type\":\"WebSite\",\"@id\":\"https:\/\/hobstop.ee\/lv\/#website\",\"url\":\"https:\/\/hobstop.ee\/lv\/\",\"name\":\"Skizze\",\"description\":\"M\u0101kslas, hobiju un skolas preces\",\"publisher\":{\"@id\":\"https:\/\/hobstop.ee\/lv\/#organization\"},\"potentialAction\":[{\"@type\":\"SearchAction\",\"target\":{\"@type\":\"EntryPoint\",\"urlTemplate\":\"https:\/\/hobstop.ee\/lv\/?s={search_term_string}\"},\"query-input\":{\"@type\":\"PropertyValueSpecification\",\"valueRequired\":true,\"valueName\":\"search_term_string\"}}],\"inLanguage\":\"lv-LV\"},{\"@type\":\"Organization\",\"@id\":\"https:\/\/hobstop.ee\/lv\/#organization\",\"name\":\"Vunder AS\",\"url\":\"https:\/\/hobstop.ee\/lv\/\",\"logo\":{\"@type\":\"ImageObject\",\"inLanguage\":\"lv-LV\",\"@id\":\"https:\/\/hobstop.ee\/lv\/#\/schema\/logo\/image\/\",\"url\":\"https:\/\/hobstop.ee\/media\/vunder-logo.png\",\"contentUrl\":\"https:\/\/hobstop.ee\/media\/vunder-logo.png\",\"width\":127,\"height\":55,\"caption\":\"Vunder AS\"},\"image\":{\"@id\":\"https:\/\/hobstop.ee\/lv\/#\/schema\/logo\/image\/\"},\"sameAs\":[\"http:\/\/www.facebook.com\/VunderSkizze\"]}]}<\/script>\n<!-- \/ Yoast SEO plugin. -->","yoast_head_json":{"title":"T\u0101feles m\u0101rkeris Maped &#8211; Skizze","robots":{"index":"noindex","follow":"follow","max-snippet":"max-snippet:-1","max-image-preview":"max-image-preview:large","max-video-preview":"max-video-preview:-1"},"og_locale":"lv_LV","og_type":"article","og_title":"T\u0101feles m\u0101rkeris Maped &#8211; Skizze","og_description":"Maped t\u0101feles mar\u0137ieris, ko viegli t\u012br\u012bt, ir piem\u0113rots izmanto\u0161anai uz da\u017e\u0101d\u0101m virsm\u0101m: tradicion\u0101l\u0101s t\u0101feles virsmas vai d\u0113\u013ci baltas, melnas, stikla, spogu\u013ca, keramikas virsmas. Tas ir izgatavots uz \u016bdens b\u0101zes un to var noslauc\u012bt ar mitru dr\u0101ni\u0146u. Kad no\u017euvis, to var \u0113rti no\u0146emt ar siltu \u016bdeni.","og_url":"https:\/\/hobstop.ee\/lv\/produkts\/tafeles-markeris-maped\/","og_site_name":"Skizze","article_publisher":"http:\/\/www.facebook.com\/VunderSkizze","og_image":[{"width":1024,"height":768,"url":"https:\/\/hobstop.ee\/media\/4850.jpg","type":"image\/jpeg"}],"twitter_card":"summary_large_image","schema":{"@context":"https:\/\/schema.org","@graph":[{"@type":"WebPage","@id":"https:\/\/hobstop.ee\/lv\/produkts\/tafeles-markeris-maped\/","url":"https:\/\/hobstop.ee\/lv\/produkts\/tafeles-markeris-maped\/","name":"T\u0101feles m\u0101rkeris Maped &#8211; Skizze","isPartOf":{"@id":"https:\/\/hobstop.ee\/lv\/#website"},"primaryImageOfPage":{"@id":"https:\/\/hobstop.ee\/lv\/produkts\/tafeles-markeris-maped\/#primaryimage"},"image":{"@id":"https:\/\/hobstop.ee\/lv\/produkts\/tafeles-markeris-maped\/#primaryimage"},"thumbnailUrl":"https:\/\/hobstop.ee\/media\/4850.jpg","datePublished":"2018-07-10T11:58:15+00:00","dateModified":"2018-07-10T11:58:15+00:00","breadcrumb":{"@id":"https:\/\/hobstop.ee\/lv\/produkts\/tafeles-markeris-maped\/#breadcrumb"},"inLanguage":"lv-LV","potentialAction":[{"@type":"ReadAction","target":["https:\/\/hobstop.ee\/lv\/produkts\/tafeles-markeris-maped\/"]}]},{"@type":"ImageObject","inLanguage":"lv-LV","@id":"https:\/\/hobstop.ee\/lv\/produkts\/tafeles-markeris-maped\/#primaryimage","url":"https:\/\/hobstop.ee\/media\/4850.jpg","contentUrl":"https:\/\/hobstop.ee\/media\/4850.jpg","width":1024,"height":768},{"@type":"BreadcrumbList","@id":"https:\/\/hobstop.ee\/lv\/produkts\/tafeles-markeris-maped\/#breadcrumb","itemListElement":[{"@type":"ListItem","position":1,"name":"Avaleht","item":"https:\/\/www.hobstop.ee\/lv\/"},{"@type":"ListItem","position":2,"name":"Veikals","item":"https:\/\/www.hobstop.ee\/lv\/veikals\/"},{"@type":"ListItem","position":3,"name":"T\u0101feles m\u0101rkeris Maped"}]},{"@type":"WebSite","@id":"https:\/\/hobstop.ee\/lv\/#website","url":"https:\/\/hobstop.ee\/lv\/","name":"Skizze","description":"M\u0101kslas, hobiju un skolas preces","publisher":{"@id":"https:\/\/hobstop.ee\/lv\/#organization"},"potentialAction":[{"@type":"SearchAction","target":{"@type":"EntryPoint","urlTemplate":"https:\/\/hobstop.ee\/lv\/?s={search_term_string}"},"query-input":{"@type":"PropertyValueSpecification","valueRequired":true,"valueName":"search_term_string"}}],"inLanguage":"lv-LV"},{"@type":"Organization","@id":"https:\/\/hobstop.ee\/lv\/#organization","name":"Vunder AS","url":"https:\/\/hobstop.ee\/lv\/","logo":{"@type":"ImageObject","inLanguage":"lv-LV","@id":"https:\/\/hobstop.ee\/lv\/#\/schema\/logo\/image\/","url":"https:\/\/hobstop.ee\/media\/vunder-logo.png","contentUrl":"https:\/\/hobstop.ee\/media\/vunder-logo.png","width":127,"height":55,"caption":"Vunder AS"},"image":{"@id":"https:\/\/hobstop.ee\/lv\/#\/schema\/logo\/image\/"},"sameAs":["http:\/\/www.facebook.com\/VunderSkizze"]}]}},"_links":{"self":[{"href":"https:\/\/hobstop.ee\/lv\/wp-json\/wp\/v2\/product\/313286","targetHints":{"allow":["GET"]}}],"collection":[{"href":"https:\/\/hobstop.ee\/lv\/wp-json\/wp\/v2\/product"}],"about":[{"href":"https:\/\/hobstop.ee\/lv\/wp-json\/wp\/v2\/types\/product"}],"replies":[{"embeddable":true,"href":"https:\/\/hobstop.ee\/lv\/wp-json\/wp\/v2\/comments?post=313286"}],"wp:featuredmedia":[{"embeddable":true,"href":"https:\/\/hobstop.ee\/lv\/wp-json\/wp\/v2\/media\/313542"}],"wp:attachment":[{"href":"https:\/\/hobstop.ee\/lv\/wp-json\/wp\/v2\/media?parent=313286"}],"wp:term":[{"taxonomy":"product_cat","embeddable":true,"href":"https:\/\/hobstop.ee\/lv\/wp-json\/wp\/v2\/product_cat?post=313286"},{"taxonomy":"product_tag","embeddable":true,"href":"https:\/\/hobstop.ee\/lv\/wp-json\/wp\/v2\/product_tag?post=313286"}],"curies":[{"name":"wp","href":"https:\/\/api.w.org\/{rel}","templated":true}]}}