{"id":313290,"date":"2018-07-10T14:58:17","date_gmt":"2018-07-10T11:58:17","guid":{"rendered":"https:\/\/skizze.ee\/lv\/product\/lineals-maped-study-unbreakable\/"},"modified":"2018-07-10T14:58:17","modified_gmt":"2018-07-10T11:58:17","slug":"lineals-maped-study-unbreakable","status":"publish","type":"product","link":"https:\/\/hobstop.ee\/lv\/produkts\/lineals-maped-study-unbreakable\/","title":{"rendered":"Line\u0101ls Maped Study Unbreakable"},"content":{"rendered":"<p>Maped unbreakable ir line\u0101ls, ko nevar salauzt! Tas ir izgatavots no iztur\u012bga materi\u0101la, kas iztur liek\u0161anos un triecienus, t\u0101d\u0113j\u0101di to nav iesp\u0113jams saboj\u0101t. Izgatavots caursp\u012bd\u012bgs materi\u0101ls ar viegli las\u0101mu mar\u0137\u0113jumu.<br \/>\nDa\u017e\u0101d\u0101s kr\u0101s\u0101s.<\/p>\n","protected":false},"excerpt":{"rendered":"<p>Maped unbreakable ir line\u0101ls, ko nevar salauzt! Tas ir izgatavots no iztur\u012bga materi\u0101la, kas iztur liek\u0161anos un triecienus, t\u0101d\u0113j\u0101di to nav iesp\u0113jams saboj\u0101t. Izgatavots caursp\u012bd\u012bgs materi\u0101ls ar viegli las\u0101mu mar\u0137\u0113jumu. Da\u017e\u0101d\u0101s kr\u0101s\u0101s.<\/p>\n","protected":false},"featured_media":313546,"comment_status":"closed","ping_status":"closed","template":"","meta":{"_acf_changed":false,"ep_exclude_from_search":false},"product_cat":[19821,17916,19818],"product_tag":[],"class_list":{"0":"post-313290","1":"product","2":"type-product","3":"status-publish","4":"has-post-thumbnail","6":"product_cat-lineali-trissturi-un-transportieri","7":"product_cat-preces-skolai","8":"product_cat-rasesanas-piederumi","10":"first","11":"instock","12":"taxable","13":"shipping-taxable","14":"purchasable","15":"product-type-simple"},"acf":[],"yoast_head":"<!-- This site is optimized with the Yoast SEO plugin v24.1 - https:\/\/yoast.com\/wordpress\/plugins\/seo\/ -->\n<title>Line\u0101ls Maped Study Unbreakable &#8211; Skizze<\/title>\n<meta name=\"robots\" content=\"noindex, follow, max-snippet:-1, max-image-preview:large, max-video-preview:-1\" \/>\n<meta property=\"og:locale\" content=\"lv_LV\" \/>\n<meta property=\"og:type\" content=\"article\" \/>\n<meta property=\"og:title\" content=\"Line\u0101ls Maped Study Unbreakable &#8211; Skizze\" \/>\n<meta property=\"og:description\" content=\"Maped unbreakable ir line\u0101ls, ko nevar salauzt! Tas ir izgatavots no iztur\u012bga materi\u0101la, kas iztur liek\u0161anos un triecienus, t\u0101d\u0113j\u0101di to nav iesp\u0113jams saboj\u0101t. Izgatavots caursp\u012bd\u012bgs materi\u0101ls ar viegli las\u0101mu mar\u0137\u0113jumu. Da\u017e\u0101d\u0101s kr\u0101s\u0101s.\" \/>\n<meta property=\"og:url\" content=\"https:\/\/hobstop.ee\/lv\/produkts\/lineals-maped-study-unbreakable\/\" \/>\n<meta property=\"og:site_name\" content=\"Skizze\" \/>\n<meta property=\"article:publisher\" content=\"http:\/\/www.facebook.com\/VunderSkizze\" \/>\n<meta property=\"og:image\" content=\"https:\/\/hobstop.ee\/media\/4851.jpg\" \/>\n\t<meta property=\"og:image:width\" content=\"1024\" \/>\n\t<meta property=\"og:image:height\" content=\"768\" \/>\n\t<meta property=\"og:image:type\" content=\"image\/jpeg\" \/>\n<meta name=\"twitter:card\" content=\"summary_large_image\" \/>\n<script type=\"application\/ld+json\" class=\"yoast-schema-graph\">{\"@context\":\"https:\/\/schema.org\",\"@graph\":[{\"@type\":\"WebPage\",\"@id\":\"https:\/\/hobstop.ee\/lv\/produkts\/lineals-maped-study-unbreakable\/\",\"url\":\"https:\/\/hobstop.ee\/lv\/produkts\/lineals-maped-study-unbreakable\/\",\"name\":\"Line\u0101ls Maped Study Unbreakable &#8211; Skizze\",\"isPartOf\":{\"@id\":\"https:\/\/hobstop.ee\/lv\/#website\"},\"primaryImageOfPage\":{\"@id\":\"https:\/\/hobstop.ee\/lv\/produkts\/lineals-maped-study-unbreakable\/#primaryimage\"},\"image\":{\"@id\":\"https:\/\/hobstop.ee\/lv\/produkts\/lineals-maped-study-unbreakable\/#primaryimage\"},\"thumbnailUrl\":\"https:\/\/hobstop.ee\/media\/4851.jpg\",\"datePublished\":\"2018-07-10T11:58:17+00:00\",\"dateModified\":\"2018-07-10T11:58:17+00:00\",\"breadcrumb\":{\"@id\":\"https:\/\/hobstop.ee\/lv\/produkts\/lineals-maped-study-unbreakable\/#breadcrumb\"},\"inLanguage\":\"lv-LV\",\"potentialAction\":[{\"@type\":\"ReadAction\",\"target\":[\"https:\/\/hobstop.ee\/lv\/produkts\/lineals-maped-study-unbreakable\/\"]}]},{\"@type\":\"ImageObject\",\"inLanguage\":\"lv-LV\",\"@id\":\"https:\/\/hobstop.ee\/lv\/produkts\/lineals-maped-study-unbreakable\/#primaryimage\",\"url\":\"https:\/\/hobstop.ee\/media\/4851.jpg\",\"contentUrl\":\"https:\/\/hobstop.ee\/media\/4851.jpg\",\"width\":1024,\"height\":768},{\"@type\":\"BreadcrumbList\",\"@id\":\"https:\/\/hobstop.ee\/lv\/produkts\/lineals-maped-study-unbreakable\/#breadcrumb\",\"itemListElement\":[{\"@type\":\"ListItem\",\"position\":1,\"name\":\"Avaleht\",\"item\":\"https:\/\/www.hobstop.ee\/lv\/\"},{\"@type\":\"ListItem\",\"position\":2,\"name\":\"Veikals\",\"item\":\"https:\/\/www.hobstop.ee\/lv\/veikals\/\"},{\"@type\":\"ListItem\",\"position\":3,\"name\":\"Line\u0101ls Maped Study Unbreakable\"}]},{\"@type\":\"WebSite\",\"@id\":\"https:\/\/hobstop.ee\/lv\/#website\",\"url\":\"https:\/\/hobstop.ee\/lv\/\",\"name\":\"Skizze\",\"description\":\"M\u0101kslas, hobiju un skolas preces\",\"publisher\":{\"@id\":\"https:\/\/hobstop.ee\/lv\/#organization\"},\"potentialAction\":[{\"@type\":\"SearchAction\",\"target\":{\"@type\":\"EntryPoint\",\"urlTemplate\":\"https:\/\/hobstop.ee\/lv\/?s={search_term_string}\"},\"query-input\":{\"@type\":\"PropertyValueSpecification\",\"valueRequired\":true,\"valueName\":\"search_term_string\"}}],\"inLanguage\":\"lv-LV\"},{\"@type\":\"Organization\",\"@id\":\"https:\/\/hobstop.ee\/lv\/#organization\",\"name\":\"Vunder AS\",\"url\":\"https:\/\/hobstop.ee\/lv\/\",\"logo\":{\"@type\":\"ImageObject\",\"inLanguage\":\"lv-LV\",\"@id\":\"https:\/\/hobstop.ee\/lv\/#\/schema\/logo\/image\/\",\"url\":\"https:\/\/hobstop.ee\/media\/vunder-logo.png\",\"contentUrl\":\"https:\/\/hobstop.ee\/media\/vunder-logo.png\",\"width\":127,\"height\":55,\"caption\":\"Vunder AS\"},\"image\":{\"@id\":\"https:\/\/hobstop.ee\/lv\/#\/schema\/logo\/image\/\"},\"sameAs\":[\"http:\/\/www.facebook.com\/VunderSkizze\"]}]}<\/script>\n<!-- \/ Yoast SEO plugin. -->","yoast_head_json":{"title":"Line\u0101ls Maped Study Unbreakable &#8211; Skizze","robots":{"index":"noindex","follow":"follow","max-snippet":"max-snippet:-1","max-image-preview":"max-image-preview:large","max-video-preview":"max-video-preview:-1"},"og_locale":"lv_LV","og_type":"article","og_title":"Line\u0101ls Maped Study Unbreakable &#8211; Skizze","og_description":"Maped unbreakable ir line\u0101ls, ko nevar salauzt! Tas ir izgatavots no iztur\u012bga materi\u0101la, kas iztur liek\u0161anos un triecienus, t\u0101d\u0113j\u0101di to nav iesp\u0113jams saboj\u0101t. Izgatavots caursp\u012bd\u012bgs materi\u0101ls ar viegli las\u0101mu mar\u0137\u0113jumu. Da\u017e\u0101d\u0101s kr\u0101s\u0101s.","og_url":"https:\/\/hobstop.ee\/lv\/produkts\/lineals-maped-study-unbreakable\/","og_site_name":"Skizze","article_publisher":"http:\/\/www.facebook.com\/VunderSkizze","og_image":[{"width":1024,"height":768,"url":"https:\/\/hobstop.ee\/media\/4851.jpg","type":"image\/jpeg"}],"twitter_card":"summary_large_image","schema":{"@context":"https:\/\/schema.org","@graph":[{"@type":"WebPage","@id":"https:\/\/hobstop.ee\/lv\/produkts\/lineals-maped-study-unbreakable\/","url":"https:\/\/hobstop.ee\/lv\/produkts\/lineals-maped-study-unbreakable\/","name":"Line\u0101ls Maped Study Unbreakable &#8211; Skizze","isPartOf":{"@id":"https:\/\/hobstop.ee\/lv\/#website"},"primaryImageOfPage":{"@id":"https:\/\/hobstop.ee\/lv\/produkts\/lineals-maped-study-unbreakable\/#primaryimage"},"image":{"@id":"https:\/\/hobstop.ee\/lv\/produkts\/lineals-maped-study-unbreakable\/#primaryimage"},"thumbnailUrl":"https:\/\/hobstop.ee\/media\/4851.jpg","datePublished":"2018-07-10T11:58:17+00:00","dateModified":"2018-07-10T11:58:17+00:00","breadcrumb":{"@id":"https:\/\/hobstop.ee\/lv\/produkts\/lineals-maped-study-unbreakable\/#breadcrumb"},"inLanguage":"lv-LV","potentialAction":[{"@type":"ReadAction","target":["https:\/\/hobstop.ee\/lv\/produkts\/lineals-maped-study-unbreakable\/"]}]},{"@type":"ImageObject","inLanguage":"lv-LV","@id":"https:\/\/hobstop.ee\/lv\/produkts\/lineals-maped-study-unbreakable\/#primaryimage","url":"https:\/\/hobstop.ee\/media\/4851.jpg","contentUrl":"https:\/\/hobstop.ee\/media\/4851.jpg","width":1024,"height":768},{"@type":"BreadcrumbList","@id":"https:\/\/hobstop.ee\/lv\/produkts\/lineals-maped-study-unbreakable\/#breadcrumb","itemListElement":[{"@type":"ListItem","position":1,"name":"Avaleht","item":"https:\/\/www.hobstop.ee\/lv\/"},{"@type":"ListItem","position":2,"name":"Veikals","item":"https:\/\/www.hobstop.ee\/lv\/veikals\/"},{"@type":"ListItem","position":3,"name":"Line\u0101ls Maped Study Unbreakable"}]},{"@type":"WebSite","@id":"https:\/\/hobstop.ee\/lv\/#website","url":"https:\/\/hobstop.ee\/lv\/","name":"Skizze","description":"M\u0101kslas, hobiju un skolas preces","publisher":{"@id":"https:\/\/hobstop.ee\/lv\/#organization"},"potentialAction":[{"@type":"SearchAction","target":{"@type":"EntryPoint","urlTemplate":"https:\/\/hobstop.ee\/lv\/?s={search_term_string}"},"query-input":{"@type":"PropertyValueSpecification","valueRequired":true,"valueName":"search_term_string"}}],"inLanguage":"lv-LV"},{"@type":"Organization","@id":"https:\/\/hobstop.ee\/lv\/#organization","name":"Vunder AS","url":"https:\/\/hobstop.ee\/lv\/","logo":{"@type":"ImageObject","inLanguage":"lv-LV","@id":"https:\/\/hobstop.ee\/lv\/#\/schema\/logo\/image\/","url":"https:\/\/hobstop.ee\/media\/vunder-logo.png","contentUrl":"https:\/\/hobstop.ee\/media\/vunder-logo.png","width":127,"height":55,"caption":"Vunder AS"},"image":{"@id":"https:\/\/hobstop.ee\/lv\/#\/schema\/logo\/image\/"},"sameAs":["http:\/\/www.facebook.com\/VunderSkizze"]}]}},"_links":{"self":[{"href":"https:\/\/hobstop.ee\/lv\/wp-json\/wp\/v2\/product\/313290","targetHints":{"allow":["GET"]}}],"collection":[{"href":"https:\/\/hobstop.ee\/lv\/wp-json\/wp\/v2\/product"}],"about":[{"href":"https:\/\/hobstop.ee\/lv\/wp-json\/wp\/v2\/types\/product"}],"replies":[{"embeddable":true,"href":"https:\/\/hobstop.ee\/lv\/wp-json\/wp\/v2\/comments?post=313290"}],"wp:featuredmedia":[{"embeddable":true,"href":"https:\/\/hobstop.ee\/lv\/wp-json\/wp\/v2\/media\/313546"}],"wp:attachment":[{"href":"https:\/\/hobstop.ee\/lv\/wp-json\/wp\/v2\/media?parent=313290"}],"wp:term":[{"taxonomy":"product_cat","embeddable":true,"href":"https:\/\/hobstop.ee\/lv\/wp-json\/wp\/v2\/product_cat?post=313290"},{"taxonomy":"product_tag","embeddable":true,"href":"https:\/\/hobstop.ee\/lv\/wp-json\/wp\/v2\/product_tag?post=313290"}],"curies":[{"name":"wp","href":"https:\/\/api.w.org\/{rel}","templated":true}]}}