{"id":314046,"date":"2018-07-30T10:34:54","date_gmt":"2018-07-30T07:34:54","guid":{"rendered":"https:\/\/sharks.ee\/vunder_2019\/lv\/product\/udens-pudele-maped-picnik-origins-580ml\/"},"modified":"2018-07-30T10:34:54","modified_gmt":"2018-07-30T07:34:54","slug":"udens-pudele-maped-picnik-kids-origins-580ml","status":"publish","type":"product","link":"https:\/\/hobstop.ee\/lv\/produkts\/udens-pudele-maped-picnik-kids-origins-580ml\/","title":{"rendered":"\u016adens pudele Maped Picnik Kids Origins 580ml"},"content":{"rendered":"<p>Maped ir izmantojis savas zin\u0101\u0161anas, izstr\u0101d\u0101jot un ra\u017eojot kvalitat\u012bvas skolas preces, lai rad\u012btu Maped Picnik &#8211; inovat\u012bvu b\u0113rnu dz\u0113rienu un \u0113dienu trauku kolekciju. Maped Picnik b\u0113rniem ir 100% vienk\u0101r\u0161a!<br \/>\nOrigins \u016bdens pude\u013cu kl\u0101st\u0101 ir unik\u0101la, 100% necaurlaid\u012bga padeves sist\u0113ma, kas p\u0113c lieto\u0161anas autom\u0101tiski nosl\u0113dzas. Ar viegli atveramu, higi\u0113nisku v\u0101ci\u0146u, pateicoties kam, dzer\u0161anas atvere vienm\u0113r b\u016bs t\u012bra. Maped Picnik Origins \u016bdens pudeles nesatur BPA un t\u0101s var mazg\u0101t trauku mazg\u0101jam\u0101 ma\u0161\u012bn\u0101.<br \/>\n&#8211; 100% iztur\u012bba pret nopl\u016bdi un izl\u012b\u0161anu<br \/>\n&#8211; Pateicoties lielajai atverei, \u0113rti t\u012br\u0101ma Uzgali dzer\u0161anai var no\u0146emt, lai piln\u012bb\u0101 izmazg\u0101tu.<\/p>\n","protected":false},"excerpt":{"rendered":"<p>Maped ir izmantojis savas zin\u0101\u0161anas, izstr\u0101d\u0101jot un ra\u017eojot kvalitat\u012bvas skolas preces, lai rad\u012btu Maped Picnik &#8211; inovat\u012bvu b\u0113rnu dz\u0113rienu un \u0113dienu trauku kolekciju. Maped Picnik b\u0113rniem ir 100% vienk\u0101r\u0161a! Origins \u016bdens pude\u013cu kl\u0101st\u0101 ir unik\u0101la, 100% necaurlaid\u012bga padeves sist\u0113ma, kas p\u0113c lieto\u0161anas autom\u0101tiski nosl\u0113dzas. Ar viegli atveramu, higi\u0113nisku v\u0101ci\u0146u, pateicoties kam, dzer\u0161anas atvere vienm\u0113r b\u016bs t\u012bra. Maped Picnik Origins \u016bdens pudeles nesatur BPA un t\u0101s var mazg\u0101t trauku mazg\u0101jam\u0101 ma\u0161\u012bn\u0101. &#8211; 100% iztur\u012bba pret nopl\u016bdi un izl\u012b\u0161anu &#8211; Pateicoties lielajai atverei, \u0113rti t\u012br\u0101ma Uzgali dzer\u0161anai var no\u0146emt, lai piln\u012bb\u0101 izmazg\u0101tu.<\/p>\n","protected":false},"featured_media":314296,"comment_status":"closed","ping_status":"closed","template":"","meta":{"_acf_changed":false,"ep_exclude_from_search":false},"product_cat":[20377,20374],"product_tag":[],"class_list":{"0":"post-314046","1":"product","2":"type-product","3":"status-publish","4":"has-post-thumbnail","6":"product_cat-dzerienu-konteineri","7":"product_cat-partikas-un-dzerienu-konteiner","9":"first","10":"instock","11":"taxable","12":"shipping-taxable","13":"purchasable","14":"product-type-simple"},"acf":[],"yoast_head":"<!-- This site is optimized with the Yoast SEO plugin v24.1 - https:\/\/yoast.com\/wordpress\/plugins\/seo\/ -->\n<title>\u016adens pudele Maped Picnik Kids Origins 580ml &#8211; Skizze<\/title>\n<meta name=\"robots\" content=\"noindex, follow, max-snippet:-1, max-image-preview:large, max-video-preview:-1\" \/>\n<meta property=\"og:locale\" content=\"lv_LV\" \/>\n<meta property=\"og:type\" content=\"article\" \/>\n<meta property=\"og:title\" content=\"\u016adens pudele Maped Picnik Kids Origins 580ml &#8211; Skizze\" \/>\n<meta property=\"og:description\" content=\"Maped ir izmantojis savas zin\u0101\u0161anas, izstr\u0101d\u0101jot un ra\u017eojot kvalitat\u012bvas skolas preces, lai rad\u012btu Maped Picnik &#8211; inovat\u012bvu b\u0113rnu dz\u0113rienu un \u0113dienu trauku kolekciju. Maped Picnik b\u0113rniem ir 100% vienk\u0101r\u0161a! Origins \u016bdens pude\u013cu kl\u0101st\u0101 ir unik\u0101la, 100% necaurlaid\u012bga padeves sist\u0113ma, kas p\u0113c lieto\u0161anas autom\u0101tiski nosl\u0113dzas. Ar viegli atveramu, higi\u0113nisku v\u0101ci\u0146u, pateicoties kam, dzer\u0161anas atvere vienm\u0113r b\u016bs t\u012bra. Maped Picnik Origins \u016bdens pudeles nesatur BPA un t\u0101s var mazg\u0101t trauku mazg\u0101jam\u0101 ma\u0161\u012bn\u0101. &#8211; 100% iztur\u012bba pret nopl\u016bdi un izl\u012b\u0161anu &#8211; Pateicoties lielajai atverei, \u0113rti t\u012br\u0101ma Uzgali dzer\u0161anai var no\u0146emt, lai piln\u012bb\u0101 izmazg\u0101tu.\" \/>\n<meta property=\"og:url\" content=\"https:\/\/hobstop.ee\/lv\/produkts\/udens-pudele-maped-picnik-kids-origins-580ml\/\" \/>\n<meta property=\"og:site_name\" content=\"Skizze\" \/>\n<meta property=\"article:publisher\" content=\"http:\/\/www.facebook.com\/VunderSkizze\" \/>\n<meta property=\"og:image\" content=\"https:\/\/hobstop.ee\/media\/4830.jpg\" \/>\n\t<meta property=\"og:image:width\" content=\"1024\" \/>\n\t<meta property=\"og:image:height\" content=\"768\" \/>\n\t<meta property=\"og:image:type\" content=\"image\/jpeg\" \/>\n<meta name=\"twitter:card\" content=\"summary_large_image\" \/>\n<meta name=\"twitter:label1\" content=\"Est. reading time\" \/>\n\t<meta name=\"twitter:data1\" content=\"1 min\u016b\u0161u\" \/>\n<script type=\"application\/ld+json\" class=\"yoast-schema-graph\">{\"@context\":\"https:\/\/schema.org\",\"@graph\":[{\"@type\":\"WebPage\",\"@id\":\"https:\/\/hobstop.ee\/lv\/produkts\/udens-pudele-maped-picnik-kids-origins-580ml\/\",\"url\":\"https:\/\/hobstop.ee\/lv\/produkts\/udens-pudele-maped-picnik-kids-origins-580ml\/\",\"name\":\"\u016adens pudele Maped Picnik Kids Origins 580ml &#8211; Skizze\",\"isPartOf\":{\"@id\":\"https:\/\/hobstop.ee\/lv\/#website\"},\"primaryImageOfPage\":{\"@id\":\"https:\/\/hobstop.ee\/lv\/produkts\/udens-pudele-maped-picnik-kids-origins-580ml\/#primaryimage\"},\"image\":{\"@id\":\"https:\/\/hobstop.ee\/lv\/produkts\/udens-pudele-maped-picnik-kids-origins-580ml\/#primaryimage\"},\"thumbnailUrl\":\"https:\/\/hobstop.ee\/media\/4830.jpg\",\"datePublished\":\"2018-07-30T07:34:54+00:00\",\"dateModified\":\"2018-07-30T07:34:54+00:00\",\"breadcrumb\":{\"@id\":\"https:\/\/hobstop.ee\/lv\/produkts\/udens-pudele-maped-picnik-kids-origins-580ml\/#breadcrumb\"},\"inLanguage\":\"lv-LV\",\"potentialAction\":[{\"@type\":\"ReadAction\",\"target\":[\"https:\/\/hobstop.ee\/lv\/produkts\/udens-pudele-maped-picnik-kids-origins-580ml\/\"]}]},{\"@type\":\"ImageObject\",\"inLanguage\":\"lv-LV\",\"@id\":\"https:\/\/hobstop.ee\/lv\/produkts\/udens-pudele-maped-picnik-kids-origins-580ml\/#primaryimage\",\"url\":\"https:\/\/hobstop.ee\/media\/4830.jpg\",\"contentUrl\":\"https:\/\/hobstop.ee\/media\/4830.jpg\",\"width\":1024,\"height\":768},{\"@type\":\"BreadcrumbList\",\"@id\":\"https:\/\/hobstop.ee\/lv\/produkts\/udens-pudele-maped-picnik-kids-origins-580ml\/#breadcrumb\",\"itemListElement\":[{\"@type\":\"ListItem\",\"position\":1,\"name\":\"Avaleht\",\"item\":\"https:\/\/hobstop.ee\/lv\/\"},{\"@type\":\"ListItem\",\"position\":2,\"name\":\"Veikals\",\"item\":\"https:\/\/hobstop.ee\/lv\/veikals\/\"},{\"@type\":\"ListItem\",\"position\":3,\"name\":\"\u016adens pudele Maped Picnik Kids Origins 580ml\"}]},{\"@type\":\"WebSite\",\"@id\":\"https:\/\/hobstop.ee\/lv\/#website\",\"url\":\"https:\/\/hobstop.ee\/lv\/\",\"name\":\"Skizze\",\"description\":\"M\u0101kslas, hobiju un skolas preces\",\"publisher\":{\"@id\":\"https:\/\/hobstop.ee\/lv\/#organization\"},\"potentialAction\":[{\"@type\":\"SearchAction\",\"target\":{\"@type\":\"EntryPoint\",\"urlTemplate\":\"https:\/\/hobstop.ee\/lv\/?s={search_term_string}\"},\"query-input\":{\"@type\":\"PropertyValueSpecification\",\"valueRequired\":true,\"valueName\":\"search_term_string\"}}],\"inLanguage\":\"lv-LV\"},{\"@type\":\"Organization\",\"@id\":\"https:\/\/hobstop.ee\/lv\/#organization\",\"name\":\"Vunder AS\",\"url\":\"https:\/\/hobstop.ee\/lv\/\",\"logo\":{\"@type\":\"ImageObject\",\"inLanguage\":\"lv-LV\",\"@id\":\"https:\/\/hobstop.ee\/lv\/#\/schema\/logo\/image\/\",\"url\":\"https:\/\/hobstop.ee\/media\/vunder-logo.png\",\"contentUrl\":\"https:\/\/hobstop.ee\/media\/vunder-logo.png\",\"width\":127,\"height\":55,\"caption\":\"Vunder AS\"},\"image\":{\"@id\":\"https:\/\/hobstop.ee\/lv\/#\/schema\/logo\/image\/\"},\"sameAs\":[\"http:\/\/www.facebook.com\/VunderSkizze\"]}]}<\/script>\n<!-- \/ Yoast SEO plugin. -->","yoast_head_json":{"title":"\u016adens pudele Maped Picnik Kids Origins 580ml &#8211; Skizze","robots":{"index":"noindex","follow":"follow","max-snippet":"max-snippet:-1","max-image-preview":"max-image-preview:large","max-video-preview":"max-video-preview:-1"},"og_locale":"lv_LV","og_type":"article","og_title":"\u016adens pudele Maped Picnik Kids Origins 580ml &#8211; Skizze","og_description":"Maped ir izmantojis savas zin\u0101\u0161anas, izstr\u0101d\u0101jot un ra\u017eojot kvalitat\u012bvas skolas preces, lai rad\u012btu Maped Picnik &#8211; inovat\u012bvu b\u0113rnu dz\u0113rienu un \u0113dienu trauku kolekciju. Maped Picnik b\u0113rniem ir 100% vienk\u0101r\u0161a! Origins \u016bdens pude\u013cu kl\u0101st\u0101 ir unik\u0101la, 100% necaurlaid\u012bga padeves sist\u0113ma, kas p\u0113c lieto\u0161anas autom\u0101tiski nosl\u0113dzas. Ar viegli atveramu, higi\u0113nisku v\u0101ci\u0146u, pateicoties kam, dzer\u0161anas atvere vienm\u0113r b\u016bs t\u012bra. Maped Picnik Origins \u016bdens pudeles nesatur BPA un t\u0101s var mazg\u0101t trauku mazg\u0101jam\u0101 ma\u0161\u012bn\u0101. &#8211; 100% iztur\u012bba pret nopl\u016bdi un izl\u012b\u0161anu &#8211; Pateicoties lielajai atverei, \u0113rti t\u012br\u0101ma Uzgali dzer\u0161anai var no\u0146emt, lai piln\u012bb\u0101 izmazg\u0101tu.","og_url":"https:\/\/hobstop.ee\/lv\/produkts\/udens-pudele-maped-picnik-kids-origins-580ml\/","og_site_name":"Skizze","article_publisher":"http:\/\/www.facebook.com\/VunderSkizze","og_image":[{"width":1024,"height":768,"url":"https:\/\/hobstop.ee\/media\/4830.jpg","type":"image\/jpeg"}],"twitter_card":"summary_large_image","twitter_misc":{"Est. reading time":"1 min\u016b\u0161u"},"schema":{"@context":"https:\/\/schema.org","@graph":[{"@type":"WebPage","@id":"https:\/\/hobstop.ee\/lv\/produkts\/udens-pudele-maped-picnik-kids-origins-580ml\/","url":"https:\/\/hobstop.ee\/lv\/produkts\/udens-pudele-maped-picnik-kids-origins-580ml\/","name":"\u016adens pudele Maped Picnik Kids Origins 580ml &#8211; Skizze","isPartOf":{"@id":"https:\/\/hobstop.ee\/lv\/#website"},"primaryImageOfPage":{"@id":"https:\/\/hobstop.ee\/lv\/produkts\/udens-pudele-maped-picnik-kids-origins-580ml\/#primaryimage"},"image":{"@id":"https:\/\/hobstop.ee\/lv\/produkts\/udens-pudele-maped-picnik-kids-origins-580ml\/#primaryimage"},"thumbnailUrl":"https:\/\/hobstop.ee\/media\/4830.jpg","datePublished":"2018-07-30T07:34:54+00:00","dateModified":"2018-07-30T07:34:54+00:00","breadcrumb":{"@id":"https:\/\/hobstop.ee\/lv\/produkts\/udens-pudele-maped-picnik-kids-origins-580ml\/#breadcrumb"},"inLanguage":"lv-LV","potentialAction":[{"@type":"ReadAction","target":["https:\/\/hobstop.ee\/lv\/produkts\/udens-pudele-maped-picnik-kids-origins-580ml\/"]}]},{"@type":"ImageObject","inLanguage":"lv-LV","@id":"https:\/\/hobstop.ee\/lv\/produkts\/udens-pudele-maped-picnik-kids-origins-580ml\/#primaryimage","url":"https:\/\/hobstop.ee\/media\/4830.jpg","contentUrl":"https:\/\/hobstop.ee\/media\/4830.jpg","width":1024,"height":768},{"@type":"BreadcrumbList","@id":"https:\/\/hobstop.ee\/lv\/produkts\/udens-pudele-maped-picnik-kids-origins-580ml\/#breadcrumb","itemListElement":[{"@type":"ListItem","position":1,"name":"Avaleht","item":"https:\/\/hobstop.ee\/lv\/"},{"@type":"ListItem","position":2,"name":"Veikals","item":"https:\/\/hobstop.ee\/lv\/veikals\/"},{"@type":"ListItem","position":3,"name":"\u016adens pudele Maped Picnik Kids Origins 580ml"}]},{"@type":"WebSite","@id":"https:\/\/hobstop.ee\/lv\/#website","url":"https:\/\/hobstop.ee\/lv\/","name":"Skizze","description":"M\u0101kslas, hobiju un skolas preces","publisher":{"@id":"https:\/\/hobstop.ee\/lv\/#organization"},"potentialAction":[{"@type":"SearchAction","target":{"@type":"EntryPoint","urlTemplate":"https:\/\/hobstop.ee\/lv\/?s={search_term_string}"},"query-input":{"@type":"PropertyValueSpecification","valueRequired":true,"valueName":"search_term_string"}}],"inLanguage":"lv-LV"},{"@type":"Organization","@id":"https:\/\/hobstop.ee\/lv\/#organization","name":"Vunder AS","url":"https:\/\/hobstop.ee\/lv\/","logo":{"@type":"ImageObject","inLanguage":"lv-LV","@id":"https:\/\/hobstop.ee\/lv\/#\/schema\/logo\/image\/","url":"https:\/\/hobstop.ee\/media\/vunder-logo.png","contentUrl":"https:\/\/hobstop.ee\/media\/vunder-logo.png","width":127,"height":55,"caption":"Vunder AS"},"image":{"@id":"https:\/\/hobstop.ee\/lv\/#\/schema\/logo\/image\/"},"sameAs":["http:\/\/www.facebook.com\/VunderSkizze"]}]}},"_links":{"self":[{"href":"https:\/\/hobstop.ee\/lv\/wp-json\/wp\/v2\/product\/314046","targetHints":{"allow":["GET"]}}],"collection":[{"href":"https:\/\/hobstop.ee\/lv\/wp-json\/wp\/v2\/product"}],"about":[{"href":"https:\/\/hobstop.ee\/lv\/wp-json\/wp\/v2\/types\/product"}],"replies":[{"embeddable":true,"href":"https:\/\/hobstop.ee\/lv\/wp-json\/wp\/v2\/comments?post=314046"}],"wp:featuredmedia":[{"embeddable":true,"href":"https:\/\/hobstop.ee\/lv\/wp-json\/wp\/v2\/media\/314296"}],"wp:attachment":[{"href":"https:\/\/hobstop.ee\/lv\/wp-json\/wp\/v2\/media?parent=314046"}],"wp:term":[{"taxonomy":"product_cat","embeddable":true,"href":"https:\/\/hobstop.ee\/lv\/wp-json\/wp\/v2\/product_cat?post=314046"},{"taxonomy":"product_tag","embeddable":true,"href":"https:\/\/hobstop.ee\/lv\/wp-json\/wp\/v2\/product_tag?post=314046"}],"curies":[{"name":"wp","href":"https:\/\/api.w.org\/{rel}","templated":true}]}}