{"id":314050,"date":"2018-07-30T10:34:55","date_gmt":"2018-07-30T07:34:55","guid":{"rendered":"https:\/\/sharks.ee\/vunder_2019\/lv\/product\/pusdienu-soma-maped-picnik-concept\/"},"modified":"2018-07-30T10:34:55","modified_gmt":"2018-07-30T07:34:55","slug":"pusdienu-soma-maped-picnik-kids-concept","status":"publish","type":"product","link":"https:\/\/hobstop.ee\/lv\/produkts\/pusdienu-soma-maped-picnik-kids-concept\/","title":{"rendered":"Pusdienu soma Maped Picnik Kids Concept"},"content":{"rendered":"<p>Maped ir izmantojis savas zin\u0101\u0161anas, izstr\u0101d\u0101jot un ra\u017eojot kvalitat\u012bvas skolas preces, lai rad\u012btu Maped Picnik &#8211; inovat\u012bvu b\u0113rnu dz\u0113rienu un \u0113dienu trauku kolekciju. Maped Picnik b\u0113rniem ir 100% vienk\u0101r\u0161a!<br \/>\nConcept pusdienu somas ir piln\u012bb\u0101 izol\u0113tas, lai saglab\u0101tu \u0113dienu svaigu, to r\u0101v\u0113jsl\u0113dz\u0113js ir viegli atverams &#8211; tikai vienreiz \u201cpavelkot\u201d aiz roktur\u012b\u0161a. Ar iek\u0161\u0113jo kabati\u0146u Maped Picnik Concept \u016bdens pudelei un pietiekami daudz vietas, lai ievietotu Concept pusdienu k\u0101rbu. Somu var \u0113rti atv\u0113rt piln\u012bb\u0101, lai not\u012br\u012btu oderi un pamatni. Ar roktur\u012bti p\u0101rn\u0113s\u0101\u0161anai, plecu siksnu un v\u0101rda kartes tur\u0113t\u0101ju.<br \/>\n&#8211; viegli atv\u0113rt r\u0101v\u0113jsl\u0113dz\u0113ju, pavelkot vienu roktur\u012bti<br \/>\n&#8211; izol\u0113ta, lai saglab\u0101tu \u0113dienu svaigu<br \/>\n&#8211; piln\u012bb\u0101 atverama, lai not\u012br\u012btu oderi un pamatni.<br \/>\n&#8211; ar rokturi un plecu siksnu, \u016bdens pudeles tur\u0113t\u0101ju un v\u0101rda kartes tur\u0113t\u0101ju<br \/>\n&#8211; pietiekami audz vietas iek\u0161pus\u0113, lai ievietotu Concept \u016bdens pudeli un pusdienu k\u0101rbu.<\/p>\n","protected":false},"excerpt":{"rendered":"<p>Maped ir izmantojis savas zin\u0101\u0161anas, izstr\u0101d\u0101jot un ra\u017eojot kvalitat\u012bvas skolas preces, lai rad\u012btu Maped Picnik &#8211; inovat\u012bvu b\u0113rnu dz\u0113rienu un \u0113dienu trauku kolekciju. Maped Picnik b\u0113rniem ir 100% vienk\u0101r\u0161a! Concept pusdienu somas ir piln\u012bb\u0101 izol\u0113tas, lai saglab\u0101tu \u0113dienu svaigu, to r\u0101v\u0113jsl\u0113dz\u0113js ir viegli atverams &#8211; tikai vienreiz \u201cpavelkot\u201d aiz roktur\u012b\u0161a. Ar iek\u0161\u0113jo kabati\u0146u Maped Picnik Concept \u016bdens pudelei un pietiekami daudz vietas, lai ievietotu Concept pusdienu k\u0101rbu. Somu var \u0113rti atv\u0113rt piln\u012bb\u0101, lai not\u012br\u012btu oderi un pamatni. Ar roktur\u012bti p\u0101rn\u0113s\u0101\u0161anai, plecu siksnu un v\u0101rda kartes tur\u0113t\u0101ju. &#8211; viegli atv\u0113rt r\u0101v\u0113jsl\u0113dz\u0113ju, pavelkot vienu roktur\u012bti &#8211; izol\u0113ta, lai saglab\u0101tu \u0113dienu svaigu &#8211; piln\u012bb\u0101 atverama, lai not\u012br\u012btu oderi un pamatni. &#8211; ar rokturi un plecu siksnu, \u016bdens pudeles tur\u0113t\u0101ju un v\u0101rda kartes tur\u0113t\u0101ju &#8211; pietiekami audz vietas iek\u0161pus\u0113, lai ievietotu Concept \u016bdens pudeli un pusdienu k\u0101rbu.<\/p>\n","protected":false},"featured_media":314645,"comment_status":"closed","ping_status":"closed","template":"","meta":{"_acf_changed":false,"ep_exclude_from_search":false},"product_cat":[20383,20374],"product_tag":[],"class_list":{"0":"post-314050","1":"product","2":"type-product","3":"status-publish","4":"has-post-thumbnail","6":"product_cat-citi","7":"product_cat-partikas-un-dzerienu-konteiner","9":"first","10":"instock","11":"taxable","12":"shipping-taxable","13":"purchasable","14":"product-type-simple"},"acf":[],"yoast_head":"<!-- This site is optimized with the Yoast SEO plugin v24.1 - https:\/\/yoast.com\/wordpress\/plugins\/seo\/ -->\n<title>Pusdienu soma Maped Picnik Kids Concept &#8211; Skizze<\/title>\n<meta name=\"robots\" content=\"noindex, follow, max-snippet:-1, max-image-preview:large, max-video-preview:-1\" \/>\n<meta property=\"og:locale\" content=\"lv_LV\" \/>\n<meta property=\"og:type\" content=\"article\" \/>\n<meta property=\"og:title\" content=\"Pusdienu soma Maped Picnik Kids Concept &#8211; Skizze\" \/>\n<meta property=\"og:description\" content=\"Maped ir izmantojis savas zin\u0101\u0161anas, izstr\u0101d\u0101jot un ra\u017eojot kvalitat\u012bvas skolas preces, lai rad\u012btu Maped Picnik &#8211; inovat\u012bvu b\u0113rnu dz\u0113rienu un \u0113dienu trauku kolekciju. Maped Picnik b\u0113rniem ir 100% vienk\u0101r\u0161a! Concept pusdienu somas ir piln\u012bb\u0101 izol\u0113tas, lai saglab\u0101tu \u0113dienu svaigu, to r\u0101v\u0113jsl\u0113dz\u0113js ir viegli atverams &#8211; tikai vienreiz \u201cpavelkot\u201d aiz roktur\u012b\u0161a. Ar iek\u0161\u0113jo kabati\u0146u Maped Picnik Concept \u016bdens pudelei un pietiekami daudz vietas, lai ievietotu Concept pusdienu k\u0101rbu. Somu var \u0113rti atv\u0113rt piln\u012bb\u0101, lai not\u012br\u012btu oderi un pamatni. Ar roktur\u012bti p\u0101rn\u0113s\u0101\u0161anai, plecu siksnu un v\u0101rda kartes tur\u0113t\u0101ju. &#8211; viegli atv\u0113rt r\u0101v\u0113jsl\u0113dz\u0113ju, pavelkot vienu roktur\u012bti &#8211; izol\u0113ta, lai saglab\u0101tu \u0113dienu svaigu &#8211; piln\u012bb\u0101 atverama, lai not\u012br\u012btu oderi un pamatni. &#8211; ar rokturi un plecu siksnu, \u016bdens pudeles tur\u0113t\u0101ju un v\u0101rda kartes tur\u0113t\u0101ju &#8211; pietiekami audz vietas iek\u0161pus\u0113, lai ievietotu Concept \u016bdens pudeli un pusdienu k\u0101rbu.\" \/>\n<meta property=\"og:url\" content=\"https:\/\/hobstop.ee\/lv\/produkts\/pusdienu-soma-maped-picnik-kids-concept\/\" \/>\n<meta property=\"og:site_name\" content=\"Skizze\" \/>\n<meta property=\"article:publisher\" content=\"http:\/\/www.facebook.com\/VunderSkizze\" \/>\n<meta property=\"og:image\" content=\"https:\/\/www.hobstop.ee\/media\/4832.jpg\" \/>\n\t<meta property=\"og:image:width\" content=\"1024\" \/>\n\t<meta property=\"og:image:height\" content=\"768\" \/>\n\t<meta property=\"og:image:type\" content=\"image\/jpeg\" \/>\n<meta name=\"twitter:card\" content=\"summary_large_image\" \/>\n<meta name=\"twitter:label1\" content=\"Est. reading time\" \/>\n\t<meta name=\"twitter:data1\" content=\"1 min\u016b\u0161u\" \/>\n<script type=\"application\/ld+json\" class=\"yoast-schema-graph\">{\"@context\":\"https:\/\/schema.org\",\"@graph\":[{\"@type\":\"WebPage\",\"@id\":\"https:\/\/hobstop.ee\/lv\/produkts\/pusdienu-soma-maped-picnik-kids-concept\/\",\"url\":\"https:\/\/hobstop.ee\/lv\/produkts\/pusdienu-soma-maped-picnik-kids-concept\/\",\"name\":\"Pusdienu soma Maped Picnik Kids Concept &#8211; Skizze\",\"isPartOf\":{\"@id\":\"https:\/\/hobstop.ee\/lv\/#website\"},\"primaryImageOfPage\":{\"@id\":\"https:\/\/hobstop.ee\/lv\/produkts\/pusdienu-soma-maped-picnik-kids-concept\/#primaryimage\"},\"image\":{\"@id\":\"https:\/\/hobstop.ee\/lv\/produkts\/pusdienu-soma-maped-picnik-kids-concept\/#primaryimage\"},\"thumbnailUrl\":\"https:\/\/hobstop.ee\/media\/4832.jpg\",\"datePublished\":\"2018-07-30T07:34:55+00:00\",\"dateModified\":\"2018-07-30T07:34:55+00:00\",\"breadcrumb\":{\"@id\":\"https:\/\/hobstop.ee\/lv\/produkts\/pusdienu-soma-maped-picnik-kids-concept\/#breadcrumb\"},\"inLanguage\":\"lv-LV\",\"potentialAction\":[{\"@type\":\"ReadAction\",\"target\":[\"https:\/\/hobstop.ee\/lv\/produkts\/pusdienu-soma-maped-picnik-kids-concept\/\"]}]},{\"@type\":\"ImageObject\",\"inLanguage\":\"lv-LV\",\"@id\":\"https:\/\/hobstop.ee\/lv\/produkts\/pusdienu-soma-maped-picnik-kids-concept\/#primaryimage\",\"url\":\"https:\/\/hobstop.ee\/media\/4832.jpg\",\"contentUrl\":\"https:\/\/hobstop.ee\/media\/4832.jpg\",\"width\":1024,\"height\":768},{\"@type\":\"BreadcrumbList\",\"@id\":\"https:\/\/hobstop.ee\/lv\/produkts\/pusdienu-soma-maped-picnik-kids-concept\/#breadcrumb\",\"itemListElement\":[{\"@type\":\"ListItem\",\"position\":1,\"name\":\"Avaleht\",\"item\":\"https:\/\/hobstop.ee\/lv\/\"},{\"@type\":\"ListItem\",\"position\":2,\"name\":\"Veikals\",\"item\":\"https:\/\/hobstop.ee\/lv\/veikals\/\"},{\"@type\":\"ListItem\",\"position\":3,\"name\":\"Pusdienu soma Maped Picnik Kids Concept\"}]},{\"@type\":\"WebSite\",\"@id\":\"https:\/\/hobstop.ee\/lv\/#website\",\"url\":\"https:\/\/hobstop.ee\/lv\/\",\"name\":\"Skizze\",\"description\":\"M\u0101kslas, hobiju un skolas preces\",\"publisher\":{\"@id\":\"https:\/\/hobstop.ee\/lv\/#organization\"},\"potentialAction\":[{\"@type\":\"SearchAction\",\"target\":{\"@type\":\"EntryPoint\",\"urlTemplate\":\"https:\/\/hobstop.ee\/lv\/?s={search_term_string}\"},\"query-input\":{\"@type\":\"PropertyValueSpecification\",\"valueRequired\":true,\"valueName\":\"search_term_string\"}}],\"inLanguage\":\"lv-LV\"},{\"@type\":\"Organization\",\"@id\":\"https:\/\/hobstop.ee\/lv\/#organization\",\"name\":\"Vunder AS\",\"url\":\"https:\/\/hobstop.ee\/lv\/\",\"logo\":{\"@type\":\"ImageObject\",\"inLanguage\":\"lv-LV\",\"@id\":\"https:\/\/hobstop.ee\/lv\/#\/schema\/logo\/image\/\",\"url\":\"https:\/\/hobstop.ee\/media\/vunder-logo.png\",\"contentUrl\":\"https:\/\/hobstop.ee\/media\/vunder-logo.png\",\"width\":127,\"height\":55,\"caption\":\"Vunder AS\"},\"image\":{\"@id\":\"https:\/\/hobstop.ee\/lv\/#\/schema\/logo\/image\/\"},\"sameAs\":[\"http:\/\/www.facebook.com\/VunderSkizze\"]}]}<\/script>\n<!-- \/ Yoast SEO plugin. -->","yoast_head_json":{"title":"Pusdienu soma Maped Picnik Kids Concept &#8211; Skizze","robots":{"index":"noindex","follow":"follow","max-snippet":"max-snippet:-1","max-image-preview":"max-image-preview:large","max-video-preview":"max-video-preview:-1"},"og_locale":"lv_LV","og_type":"article","og_title":"Pusdienu soma Maped Picnik Kids Concept &#8211; Skizze","og_description":"Maped ir izmantojis savas zin\u0101\u0161anas, izstr\u0101d\u0101jot un ra\u017eojot kvalitat\u012bvas skolas preces, lai rad\u012btu Maped Picnik &#8211; inovat\u012bvu b\u0113rnu dz\u0113rienu un \u0113dienu trauku kolekciju. Maped Picnik b\u0113rniem ir 100% vienk\u0101r\u0161a! Concept pusdienu somas ir piln\u012bb\u0101 izol\u0113tas, lai saglab\u0101tu \u0113dienu svaigu, to r\u0101v\u0113jsl\u0113dz\u0113js ir viegli atverams &#8211; tikai vienreiz \u201cpavelkot\u201d aiz roktur\u012b\u0161a. Ar iek\u0161\u0113jo kabati\u0146u Maped Picnik Concept \u016bdens pudelei un pietiekami daudz vietas, lai ievietotu Concept pusdienu k\u0101rbu. Somu var \u0113rti atv\u0113rt piln\u012bb\u0101, lai not\u012br\u012btu oderi un pamatni. Ar roktur\u012bti p\u0101rn\u0113s\u0101\u0161anai, plecu siksnu un v\u0101rda kartes tur\u0113t\u0101ju. &#8211; viegli atv\u0113rt r\u0101v\u0113jsl\u0113dz\u0113ju, pavelkot vienu roktur\u012bti &#8211; izol\u0113ta, lai saglab\u0101tu \u0113dienu svaigu &#8211; piln\u012bb\u0101 atverama, lai not\u012br\u012btu oderi un pamatni. &#8211; ar rokturi un plecu siksnu, \u016bdens pudeles tur\u0113t\u0101ju un v\u0101rda kartes tur\u0113t\u0101ju &#8211; pietiekami audz vietas iek\u0161pus\u0113, lai ievietotu Concept \u016bdens pudeli un pusdienu k\u0101rbu.","og_url":"https:\/\/hobstop.ee\/lv\/produkts\/pusdienu-soma-maped-picnik-kids-concept\/","og_site_name":"Skizze","article_publisher":"http:\/\/www.facebook.com\/VunderSkizze","og_image":[{"width":1024,"height":768,"url":"https:\/\/www.hobstop.ee\/media\/4832.jpg","type":"image\/jpeg"}],"twitter_card":"summary_large_image","twitter_misc":{"Est. reading time":"1 min\u016b\u0161u"},"schema":{"@context":"https:\/\/schema.org","@graph":[{"@type":"WebPage","@id":"https:\/\/hobstop.ee\/lv\/produkts\/pusdienu-soma-maped-picnik-kids-concept\/","url":"https:\/\/hobstop.ee\/lv\/produkts\/pusdienu-soma-maped-picnik-kids-concept\/","name":"Pusdienu soma Maped Picnik Kids Concept &#8211; Skizze","isPartOf":{"@id":"https:\/\/hobstop.ee\/lv\/#website"},"primaryImageOfPage":{"@id":"https:\/\/hobstop.ee\/lv\/produkts\/pusdienu-soma-maped-picnik-kids-concept\/#primaryimage"},"image":{"@id":"https:\/\/hobstop.ee\/lv\/produkts\/pusdienu-soma-maped-picnik-kids-concept\/#primaryimage"},"thumbnailUrl":"https:\/\/hobstop.ee\/media\/4832.jpg","datePublished":"2018-07-30T07:34:55+00:00","dateModified":"2018-07-30T07:34:55+00:00","breadcrumb":{"@id":"https:\/\/hobstop.ee\/lv\/produkts\/pusdienu-soma-maped-picnik-kids-concept\/#breadcrumb"},"inLanguage":"lv-LV","potentialAction":[{"@type":"ReadAction","target":["https:\/\/hobstop.ee\/lv\/produkts\/pusdienu-soma-maped-picnik-kids-concept\/"]}]},{"@type":"ImageObject","inLanguage":"lv-LV","@id":"https:\/\/hobstop.ee\/lv\/produkts\/pusdienu-soma-maped-picnik-kids-concept\/#primaryimage","url":"https:\/\/hobstop.ee\/media\/4832.jpg","contentUrl":"https:\/\/hobstop.ee\/media\/4832.jpg","width":1024,"height":768},{"@type":"BreadcrumbList","@id":"https:\/\/hobstop.ee\/lv\/produkts\/pusdienu-soma-maped-picnik-kids-concept\/#breadcrumb","itemListElement":[{"@type":"ListItem","position":1,"name":"Avaleht","item":"https:\/\/hobstop.ee\/lv\/"},{"@type":"ListItem","position":2,"name":"Veikals","item":"https:\/\/hobstop.ee\/lv\/veikals\/"},{"@type":"ListItem","position":3,"name":"Pusdienu soma Maped Picnik Kids Concept"}]},{"@type":"WebSite","@id":"https:\/\/hobstop.ee\/lv\/#website","url":"https:\/\/hobstop.ee\/lv\/","name":"Skizze","description":"M\u0101kslas, hobiju un skolas preces","publisher":{"@id":"https:\/\/hobstop.ee\/lv\/#organization"},"potentialAction":[{"@type":"SearchAction","target":{"@type":"EntryPoint","urlTemplate":"https:\/\/hobstop.ee\/lv\/?s={search_term_string}"},"query-input":{"@type":"PropertyValueSpecification","valueRequired":true,"valueName":"search_term_string"}}],"inLanguage":"lv-LV"},{"@type":"Organization","@id":"https:\/\/hobstop.ee\/lv\/#organization","name":"Vunder AS","url":"https:\/\/hobstop.ee\/lv\/","logo":{"@type":"ImageObject","inLanguage":"lv-LV","@id":"https:\/\/hobstop.ee\/lv\/#\/schema\/logo\/image\/","url":"https:\/\/hobstop.ee\/media\/vunder-logo.png","contentUrl":"https:\/\/hobstop.ee\/media\/vunder-logo.png","width":127,"height":55,"caption":"Vunder AS"},"image":{"@id":"https:\/\/hobstop.ee\/lv\/#\/schema\/logo\/image\/"},"sameAs":["http:\/\/www.facebook.com\/VunderSkizze"]}]}},"_links":{"self":[{"href":"https:\/\/hobstop.ee\/lv\/wp-json\/wp\/v2\/product\/314050","targetHints":{"allow":["GET"]}}],"collection":[{"href":"https:\/\/hobstop.ee\/lv\/wp-json\/wp\/v2\/product"}],"about":[{"href":"https:\/\/hobstop.ee\/lv\/wp-json\/wp\/v2\/types\/product"}],"replies":[{"embeddable":true,"href":"https:\/\/hobstop.ee\/lv\/wp-json\/wp\/v2\/comments?post=314050"}],"wp:featuredmedia":[{"embeddable":true,"href":"https:\/\/hobstop.ee\/lv\/wp-json\/wp\/v2\/media\/314645"}],"wp:attachment":[{"href":"https:\/\/hobstop.ee\/lv\/wp-json\/wp\/v2\/media?parent=314050"}],"wp:term":[{"taxonomy":"product_cat","embeddable":true,"href":"https:\/\/hobstop.ee\/lv\/wp-json\/wp\/v2\/product_cat?post=314050"},{"taxonomy":"product_tag","embeddable":true,"href":"https:\/\/hobstop.ee\/lv\/wp-json\/wp\/v2\/product_tag?post=314050"}],"curies":[{"name":"wp","href":"https:\/\/api.w.org\/{rel}","templated":true}]}}