{"id":314054,"date":"2018-07-30T10:34:57","date_gmt":"2018-07-30T07:34:57","guid":{"rendered":"https:\/\/sharks.ee\/vunder_2019\/lv\/product\/pusdienu-soma-maped-picnik-origins\/"},"modified":"2018-07-30T10:34:57","modified_gmt":"2018-07-30T07:34:57","slug":"pusdienu-soma-maped-picnik-kids-origins","status":"publish","type":"product","link":"https:\/\/hobstop.ee\/lv\/produkts\/pusdienu-soma-maped-picnik-kids-origins\/","title":{"rendered":"Pusdienu soma Maped Picnik Kids Origins"},"content":{"rendered":"<p>Maped ir izmantojis savas zin\u0101\u0161anas, izstr\u0101d\u0101jot un ra\u017eojot kvalitat\u012bvas skolas preces, lai rad\u012btu Maped Picnik &#8211; inovat\u012bvu b\u0113rnu dz\u0113rienu un \u0113dienu trauku kolekciju. Maped Picnik b\u0113rniem ir 100% vienk\u0101r\u0161a!<br \/>\nOrigins kl\u0101sta pusdienu somas ir piln\u012bb\u0101 izol\u0113tas, lai saglab\u0101tu \u0113dienu svaigu, ar viegli atveramu r\u0101v\u0113jsl\u0113dz\u0113ju un pietiekami daudz vietas somas iek\u0161pus\u0113, lai var\u0113tu ievietot Origins pusdienu k\u0101rbu un \u016bdens pudeli.  Ietver rokturi \u0113rt\u0101kai p\u0101rvad\u0101\u0161anai un to var viegli izt\u012br\u012bt.<br \/>\n&#8211; viegli atv\u0113rt r\u0101v\u0113jsl\u0113dz\u0113ju, pavelkot vienu roktur\u012bti<br \/>\n&#8211; izol\u0113ta, lai saglab\u0101tu \u0113dienu svaigu<br \/>\n&#8211; \u0113rti not\u012br\u012bt oderi un pamatni.<br \/>\n&#8211; roktur\u012btis viegl\u0101kai p\u0101rn\u0113s\u0101\u0161anai<br \/>\n&#8211; pietiekami audz vietas iek\u0161pus\u0113, lai ievietotu Origins pusdienu k\u0101rbu un \u016bdens pudeli.<\/p>\n","protected":false},"excerpt":{"rendered":"<p>Maped ir izmantojis savas zin\u0101\u0161anas, izstr\u0101d\u0101jot un ra\u017eojot kvalitat\u012bvas skolas preces, lai rad\u012btu Maped Picnik &#8211; inovat\u012bvu b\u0113rnu dz\u0113rienu un \u0113dienu trauku kolekciju. Maped Picnik b\u0113rniem ir 100% vienk\u0101r\u0161a! Origins kl\u0101sta pusdienu somas ir piln\u012bb\u0101 izol\u0113tas, lai saglab\u0101tu \u0113dienu svaigu, ar viegli atveramu r\u0101v\u0113jsl\u0113dz\u0113ju un pietiekami daudz vietas somas iek\u0161pus\u0113, lai var\u0113tu ievietot Origins pusdienu k\u0101rbu un \u016bdens pudeli. Ietver rokturi \u0113rt\u0101kai p\u0101rvad\u0101\u0161anai un to var viegli izt\u012br\u012bt. &#8211; viegli atv\u0113rt r\u0101v\u0113jsl\u0113dz\u0113ju, pavelkot vienu roktur\u012bti &#8211; izol\u0113ta, lai saglab\u0101tu \u0113dienu svaigu &#8211; \u0113rti not\u012br\u012bt oderi un pamatni. &#8211; roktur\u012btis viegl\u0101kai p\u0101rn\u0113s\u0101\u0161anai &#8211; pietiekami audz vietas iek\u0161pus\u0113, lai ievietotu Origins pusdienu k\u0101rbu un \u016bdens pudeli.<\/p>\n","protected":false},"featured_media":314649,"comment_status":"closed","ping_status":"closed","template":"","meta":{"_acf_changed":false,"ep_exclude_from_search":false},"product_cat":[20383,20374],"product_tag":[],"class_list":{"0":"post-314054","1":"product","2":"type-product","3":"status-publish","4":"has-post-thumbnail","6":"product_cat-citi","7":"product_cat-partikas-un-dzerienu-konteiner","9":"first","10":"outofstock","11":"taxable","12":"shipping-taxable","13":"purchasable","14":"product-type-simple"},"acf":[],"yoast_head":"<!-- This site is optimized with the Yoast SEO plugin v24.1 - https:\/\/yoast.com\/wordpress\/plugins\/seo\/ -->\n<title>Pusdienu soma Maped Picnik Kids Origins &#8211; Skizze<\/title>\n<meta name=\"robots\" content=\"noindex, follow, max-snippet:-1, max-image-preview:large, max-video-preview:-1\" \/>\n<meta property=\"og:locale\" content=\"lv_LV\" \/>\n<meta property=\"og:type\" content=\"article\" \/>\n<meta property=\"og:title\" content=\"Pusdienu soma Maped Picnik Kids Origins &#8211; Skizze\" \/>\n<meta property=\"og:description\" content=\"Maped ir izmantojis savas zin\u0101\u0161anas, izstr\u0101d\u0101jot un ra\u017eojot kvalitat\u012bvas skolas preces, lai rad\u012btu Maped Picnik &#8211; inovat\u012bvu b\u0113rnu dz\u0113rienu un \u0113dienu trauku kolekciju. Maped Picnik b\u0113rniem ir 100% vienk\u0101r\u0161a! Origins kl\u0101sta pusdienu somas ir piln\u012bb\u0101 izol\u0113tas, lai saglab\u0101tu \u0113dienu svaigu, ar viegli atveramu r\u0101v\u0113jsl\u0113dz\u0113ju un pietiekami daudz vietas somas iek\u0161pus\u0113, lai var\u0113tu ievietot Origins pusdienu k\u0101rbu un \u016bdens pudeli. Ietver rokturi \u0113rt\u0101kai p\u0101rvad\u0101\u0161anai un to var viegli izt\u012br\u012bt. &#8211; viegli atv\u0113rt r\u0101v\u0113jsl\u0113dz\u0113ju, pavelkot vienu roktur\u012bti &#8211; izol\u0113ta, lai saglab\u0101tu \u0113dienu svaigu &#8211; \u0113rti not\u012br\u012bt oderi un pamatni. &#8211; roktur\u012btis viegl\u0101kai p\u0101rn\u0113s\u0101\u0161anai &#8211; pietiekami audz vietas iek\u0161pus\u0113, lai ievietotu Origins pusdienu k\u0101rbu un \u016bdens pudeli.\" \/>\n<meta property=\"og:url\" content=\"https:\/\/hobstop.ee\/lv\/produkts\/pusdienu-soma-maped-picnik-kids-origins\/\" \/>\n<meta property=\"og:site_name\" content=\"Skizze\" \/>\n<meta property=\"article:publisher\" content=\"http:\/\/www.facebook.com\/VunderSkizze\" \/>\n<meta property=\"og:image\" content=\"https:\/\/hobstop.ee\/media\/4833.jpg\" \/>\n\t<meta property=\"og:image:width\" content=\"1024\" \/>\n\t<meta property=\"og:image:height\" content=\"768\" \/>\n\t<meta property=\"og:image:type\" content=\"image\/jpeg\" \/>\n<meta name=\"twitter:card\" content=\"summary_large_image\" \/>\n<meta name=\"twitter:label1\" content=\"Est. reading time\" \/>\n\t<meta name=\"twitter:data1\" content=\"1 min\u016b\u0161u\" \/>\n<script type=\"application\/ld+json\" class=\"yoast-schema-graph\">{\"@context\":\"https:\/\/schema.org\",\"@graph\":[{\"@type\":\"WebPage\",\"@id\":\"https:\/\/hobstop.ee\/lv\/produkts\/pusdienu-soma-maped-picnik-kids-origins\/\",\"url\":\"https:\/\/hobstop.ee\/lv\/produkts\/pusdienu-soma-maped-picnik-kids-origins\/\",\"name\":\"Pusdienu soma Maped Picnik Kids Origins &#8211; Skizze\",\"isPartOf\":{\"@id\":\"https:\/\/hobstop.ee\/lv\/#website\"},\"primaryImageOfPage\":{\"@id\":\"https:\/\/hobstop.ee\/lv\/produkts\/pusdienu-soma-maped-picnik-kids-origins\/#primaryimage\"},\"image\":{\"@id\":\"https:\/\/hobstop.ee\/lv\/produkts\/pusdienu-soma-maped-picnik-kids-origins\/#primaryimage\"},\"thumbnailUrl\":\"https:\/\/hobstop.ee\/media\/4833.jpg\",\"datePublished\":\"2018-07-30T07:34:57+00:00\",\"dateModified\":\"2018-07-30T07:34:57+00:00\",\"breadcrumb\":{\"@id\":\"https:\/\/hobstop.ee\/lv\/produkts\/pusdienu-soma-maped-picnik-kids-origins\/#breadcrumb\"},\"inLanguage\":\"lv-LV\",\"potentialAction\":[{\"@type\":\"ReadAction\",\"target\":[\"https:\/\/hobstop.ee\/lv\/produkts\/pusdienu-soma-maped-picnik-kids-origins\/\"]}]},{\"@type\":\"ImageObject\",\"inLanguage\":\"lv-LV\",\"@id\":\"https:\/\/hobstop.ee\/lv\/produkts\/pusdienu-soma-maped-picnik-kids-origins\/#primaryimage\",\"url\":\"https:\/\/hobstop.ee\/media\/4833.jpg\",\"contentUrl\":\"https:\/\/hobstop.ee\/media\/4833.jpg\",\"width\":1024,\"height\":768},{\"@type\":\"BreadcrumbList\",\"@id\":\"https:\/\/hobstop.ee\/lv\/produkts\/pusdienu-soma-maped-picnik-kids-origins\/#breadcrumb\",\"itemListElement\":[{\"@type\":\"ListItem\",\"position\":1,\"name\":\"Avaleht\",\"item\":\"https:\/\/www.hobstop.ee\/lv\/\"},{\"@type\":\"ListItem\",\"position\":2,\"name\":\"Veikals\",\"item\":\"https:\/\/www.hobstop.ee\/lv\/veikals\/\"},{\"@type\":\"ListItem\",\"position\":3,\"name\":\"Pusdienu soma Maped Picnik Kids Origins\"}]},{\"@type\":\"WebSite\",\"@id\":\"https:\/\/hobstop.ee\/lv\/#website\",\"url\":\"https:\/\/hobstop.ee\/lv\/\",\"name\":\"Skizze\",\"description\":\"M\u0101kslas, hobiju un skolas preces\",\"publisher\":{\"@id\":\"https:\/\/hobstop.ee\/lv\/#organization\"},\"potentialAction\":[{\"@type\":\"SearchAction\",\"target\":{\"@type\":\"EntryPoint\",\"urlTemplate\":\"https:\/\/hobstop.ee\/lv\/?s={search_term_string}\"},\"query-input\":{\"@type\":\"PropertyValueSpecification\",\"valueRequired\":true,\"valueName\":\"search_term_string\"}}],\"inLanguage\":\"lv-LV\"},{\"@type\":\"Organization\",\"@id\":\"https:\/\/hobstop.ee\/lv\/#organization\",\"name\":\"Vunder AS\",\"url\":\"https:\/\/hobstop.ee\/lv\/\",\"logo\":{\"@type\":\"ImageObject\",\"inLanguage\":\"lv-LV\",\"@id\":\"https:\/\/hobstop.ee\/lv\/#\/schema\/logo\/image\/\",\"url\":\"https:\/\/hobstop.ee\/media\/vunder-logo.png\",\"contentUrl\":\"https:\/\/hobstop.ee\/media\/vunder-logo.png\",\"width\":127,\"height\":55,\"caption\":\"Vunder AS\"},\"image\":{\"@id\":\"https:\/\/hobstop.ee\/lv\/#\/schema\/logo\/image\/\"},\"sameAs\":[\"http:\/\/www.facebook.com\/VunderSkizze\"]}]}<\/script>\n<!-- \/ Yoast SEO plugin. -->","yoast_head_json":{"title":"Pusdienu soma Maped Picnik Kids Origins &#8211; Skizze","robots":{"index":"noindex","follow":"follow","max-snippet":"max-snippet:-1","max-image-preview":"max-image-preview:large","max-video-preview":"max-video-preview:-1"},"og_locale":"lv_LV","og_type":"article","og_title":"Pusdienu soma Maped Picnik Kids Origins &#8211; Skizze","og_description":"Maped ir izmantojis savas zin\u0101\u0161anas, izstr\u0101d\u0101jot un ra\u017eojot kvalitat\u012bvas skolas preces, lai rad\u012btu Maped Picnik &#8211; inovat\u012bvu b\u0113rnu dz\u0113rienu un \u0113dienu trauku kolekciju. Maped Picnik b\u0113rniem ir 100% vienk\u0101r\u0161a! Origins kl\u0101sta pusdienu somas ir piln\u012bb\u0101 izol\u0113tas, lai saglab\u0101tu \u0113dienu svaigu, ar viegli atveramu r\u0101v\u0113jsl\u0113dz\u0113ju un pietiekami daudz vietas somas iek\u0161pus\u0113, lai var\u0113tu ievietot Origins pusdienu k\u0101rbu un \u016bdens pudeli. Ietver rokturi \u0113rt\u0101kai p\u0101rvad\u0101\u0161anai un to var viegli izt\u012br\u012bt. &#8211; viegli atv\u0113rt r\u0101v\u0113jsl\u0113dz\u0113ju, pavelkot vienu roktur\u012bti &#8211; izol\u0113ta, lai saglab\u0101tu \u0113dienu svaigu &#8211; \u0113rti not\u012br\u012bt oderi un pamatni. &#8211; roktur\u012btis viegl\u0101kai p\u0101rn\u0113s\u0101\u0161anai &#8211; pietiekami audz vietas iek\u0161pus\u0113, lai ievietotu Origins pusdienu k\u0101rbu un \u016bdens pudeli.","og_url":"https:\/\/hobstop.ee\/lv\/produkts\/pusdienu-soma-maped-picnik-kids-origins\/","og_site_name":"Skizze","article_publisher":"http:\/\/www.facebook.com\/VunderSkizze","og_image":[{"width":1024,"height":768,"url":"https:\/\/hobstop.ee\/media\/4833.jpg","type":"image\/jpeg"}],"twitter_card":"summary_large_image","twitter_misc":{"Est. reading time":"1 min\u016b\u0161u"},"schema":{"@context":"https:\/\/schema.org","@graph":[{"@type":"WebPage","@id":"https:\/\/hobstop.ee\/lv\/produkts\/pusdienu-soma-maped-picnik-kids-origins\/","url":"https:\/\/hobstop.ee\/lv\/produkts\/pusdienu-soma-maped-picnik-kids-origins\/","name":"Pusdienu soma Maped Picnik Kids Origins &#8211; Skizze","isPartOf":{"@id":"https:\/\/hobstop.ee\/lv\/#website"},"primaryImageOfPage":{"@id":"https:\/\/hobstop.ee\/lv\/produkts\/pusdienu-soma-maped-picnik-kids-origins\/#primaryimage"},"image":{"@id":"https:\/\/hobstop.ee\/lv\/produkts\/pusdienu-soma-maped-picnik-kids-origins\/#primaryimage"},"thumbnailUrl":"https:\/\/hobstop.ee\/media\/4833.jpg","datePublished":"2018-07-30T07:34:57+00:00","dateModified":"2018-07-30T07:34:57+00:00","breadcrumb":{"@id":"https:\/\/hobstop.ee\/lv\/produkts\/pusdienu-soma-maped-picnik-kids-origins\/#breadcrumb"},"inLanguage":"lv-LV","potentialAction":[{"@type":"ReadAction","target":["https:\/\/hobstop.ee\/lv\/produkts\/pusdienu-soma-maped-picnik-kids-origins\/"]}]},{"@type":"ImageObject","inLanguage":"lv-LV","@id":"https:\/\/hobstop.ee\/lv\/produkts\/pusdienu-soma-maped-picnik-kids-origins\/#primaryimage","url":"https:\/\/hobstop.ee\/media\/4833.jpg","contentUrl":"https:\/\/hobstop.ee\/media\/4833.jpg","width":1024,"height":768},{"@type":"BreadcrumbList","@id":"https:\/\/hobstop.ee\/lv\/produkts\/pusdienu-soma-maped-picnik-kids-origins\/#breadcrumb","itemListElement":[{"@type":"ListItem","position":1,"name":"Avaleht","item":"https:\/\/www.hobstop.ee\/lv\/"},{"@type":"ListItem","position":2,"name":"Veikals","item":"https:\/\/www.hobstop.ee\/lv\/veikals\/"},{"@type":"ListItem","position":3,"name":"Pusdienu soma Maped Picnik Kids Origins"}]},{"@type":"WebSite","@id":"https:\/\/hobstop.ee\/lv\/#website","url":"https:\/\/hobstop.ee\/lv\/","name":"Skizze","description":"M\u0101kslas, hobiju un skolas preces","publisher":{"@id":"https:\/\/hobstop.ee\/lv\/#organization"},"potentialAction":[{"@type":"SearchAction","target":{"@type":"EntryPoint","urlTemplate":"https:\/\/hobstop.ee\/lv\/?s={search_term_string}"},"query-input":{"@type":"PropertyValueSpecification","valueRequired":true,"valueName":"search_term_string"}}],"inLanguage":"lv-LV"},{"@type":"Organization","@id":"https:\/\/hobstop.ee\/lv\/#organization","name":"Vunder AS","url":"https:\/\/hobstop.ee\/lv\/","logo":{"@type":"ImageObject","inLanguage":"lv-LV","@id":"https:\/\/hobstop.ee\/lv\/#\/schema\/logo\/image\/","url":"https:\/\/hobstop.ee\/media\/vunder-logo.png","contentUrl":"https:\/\/hobstop.ee\/media\/vunder-logo.png","width":127,"height":55,"caption":"Vunder AS"},"image":{"@id":"https:\/\/hobstop.ee\/lv\/#\/schema\/logo\/image\/"},"sameAs":["http:\/\/www.facebook.com\/VunderSkizze"]}]}},"_links":{"self":[{"href":"https:\/\/hobstop.ee\/lv\/wp-json\/wp\/v2\/product\/314054","targetHints":{"allow":["GET"]}}],"collection":[{"href":"https:\/\/hobstop.ee\/lv\/wp-json\/wp\/v2\/product"}],"about":[{"href":"https:\/\/hobstop.ee\/lv\/wp-json\/wp\/v2\/types\/product"}],"replies":[{"embeddable":true,"href":"https:\/\/hobstop.ee\/lv\/wp-json\/wp\/v2\/comments?post=314054"}],"wp:featuredmedia":[{"embeddable":true,"href":"https:\/\/hobstop.ee\/lv\/wp-json\/wp\/v2\/media\/314649"}],"wp:attachment":[{"href":"https:\/\/hobstop.ee\/lv\/wp-json\/wp\/v2\/media?parent=314054"}],"wp:term":[{"taxonomy":"product_cat","embeddable":true,"href":"https:\/\/hobstop.ee\/lv\/wp-json\/wp\/v2\/product_cat?post=314054"},{"taxonomy":"product_tag","embeddable":true,"href":"https:\/\/hobstop.ee\/lv\/wp-json\/wp\/v2\/product_tag?post=314054"}],"curies":[{"name":"wp","href":"https:\/\/api.w.org\/{rel}","templated":true}]}}