{"id":315400,"date":"2018-08-18T18:51:25","date_gmt":"2018-08-18T15:51:25","guid":{"rendered":"https:\/\/sharks.ee\/vunder_2019\/lv\/product\/lime-rayher-pvc\/"},"modified":"2018-08-18T18:51:25","modified_gmt":"2018-08-18T15:51:25","slug":"lime-rayher-pvc","status":"publish","type":"product","link":"https:\/\/hobstop.ee\/lv\/produkts\/lime-rayher-pvc\/","title":{"rendered":"L\u012bme Rayher PVC"},"content":{"rendered":"<p>Rayher laminate l\u012bme ir caursp\u012bd\u012bga PCV l\u012bme, kas k\u013c\u016bst elast\u012bga \u017e\u016b\u0161anas laik\u0101 un ko var at\u0161kaid\u012bt ar \u016bdeni. Ide\u0101li piem\u0113rota gr\u0101matu iesie\u0161anai, lamin\u0113\u0161anai uz papier-m\u00e2ch\u00e9, k\u0101 ar\u012b, lai tekstilu padar\u012btu stingr\u0101ku. Rayher PVC l\u012bme ir \u016bdensiztur\u012bga un nesatur \u0161\u0137idin\u0101t\u0101jus.<\/p>\n","protected":false},"excerpt":{"rendered":"<p>Rayher laminate l\u012bme ir caursp\u012bd\u012bga PCV l\u012bme, kas k\u013c\u016bst elast\u012bga \u017e\u016b\u0161anas laik\u0101 un ko var at\u0161kaid\u012bt ar \u016bdeni. Ide\u0101li piem\u0113rota gr\u0101matu iesie\u0161anai, lamin\u0113\u0161anai uz papier-m\u00e2ch\u00e9, k\u0101 ar\u012b, lai tekstilu padar\u012btu stingr\u0101ku. Rayher PVC l\u012bme ir \u016bdensiztur\u012bga un nesatur \u0161\u0137idin\u0101t\u0101jus.<\/p>\n","protected":false},"featured_media":316981,"comment_status":"closed","ping_status":"closed","template":"","meta":{"_acf_changed":false,"ep_exclude_from_search":false},"product_cat":[18641,18061,17916],"product_tag":[],"class_list":{"0":"post-315400","1":"product","2":"type-product","3":"status-publish","4":"has-post-thumbnail","6":"product_cat-dazadi-3","7":"product_cat-limes","8":"product_cat-preces-skolai","10":"first","11":"instock","12":"taxable","13":"shipping-taxable","14":"purchasable","15":"product-type-simple"},"acf":[],"yoast_head":"<!-- This site is optimized with the Yoast SEO plugin v24.1 - https:\/\/yoast.com\/wordpress\/plugins\/seo\/ -->\n<title>L\u012bme Rayher PVC &#8211; Skizze<\/title>\n<meta name=\"robots\" content=\"noindex, follow, max-snippet:-1, max-image-preview:large, max-video-preview:-1\" \/>\n<meta property=\"og:locale\" content=\"lv_LV\" \/>\n<meta property=\"og:type\" content=\"article\" \/>\n<meta property=\"og:title\" content=\"L\u012bme Rayher PVC &#8211; Skizze\" \/>\n<meta property=\"og:description\" content=\"Rayher laminate l\u012bme ir caursp\u012bd\u012bga PCV l\u012bme, kas k\u013c\u016bst elast\u012bga \u017e\u016b\u0161anas laik\u0101 un ko var at\u0161kaid\u012bt ar \u016bdeni. Ide\u0101li piem\u0113rota gr\u0101matu iesie\u0161anai, lamin\u0113\u0161anai uz papier-m\u00e2ch\u00e9, k\u0101 ar\u012b, lai tekstilu padar\u012btu stingr\u0101ku. Rayher PVC l\u012bme ir \u016bdensiztur\u012bga un nesatur \u0161\u0137idin\u0101t\u0101jus.\" \/>\n<meta property=\"og:url\" content=\"https:\/\/hobstop.ee\/lv\/produkts\/lime-rayher-pvc\/\" \/>\n<meta property=\"og:site_name\" content=\"Skizze\" \/>\n<meta property=\"article:publisher\" content=\"http:\/\/www.facebook.com\/VunderSkizze\" \/>\n<meta property=\"og:image\" content=\"https:\/\/hobstop.ee\/media\/4861.jpg\" \/>\n\t<meta property=\"og:image:width\" content=\"1024\" \/>\n\t<meta property=\"og:image:height\" content=\"768\" \/>\n\t<meta property=\"og:image:type\" content=\"image\/jpeg\" \/>\n<meta name=\"twitter:card\" content=\"summary_large_image\" \/>\n<script type=\"application\/ld+json\" class=\"yoast-schema-graph\">{\"@context\":\"https:\/\/schema.org\",\"@graph\":[{\"@type\":\"WebPage\",\"@id\":\"https:\/\/hobstop.ee\/lv\/produkts\/lime-rayher-pvc\/\",\"url\":\"https:\/\/hobstop.ee\/lv\/produkts\/lime-rayher-pvc\/\",\"name\":\"L\u012bme Rayher PVC &#8211; Skizze\",\"isPartOf\":{\"@id\":\"https:\/\/hobstop.ee\/lv\/#website\"},\"primaryImageOfPage\":{\"@id\":\"https:\/\/hobstop.ee\/lv\/produkts\/lime-rayher-pvc\/#primaryimage\"},\"image\":{\"@id\":\"https:\/\/hobstop.ee\/lv\/produkts\/lime-rayher-pvc\/#primaryimage\"},\"thumbnailUrl\":\"https:\/\/hobstop.ee\/media\/4861.jpg\",\"datePublished\":\"2018-08-18T15:51:25+00:00\",\"dateModified\":\"2018-08-18T15:51:25+00:00\",\"breadcrumb\":{\"@id\":\"https:\/\/hobstop.ee\/lv\/produkts\/lime-rayher-pvc\/#breadcrumb\"},\"inLanguage\":\"lv-LV\",\"potentialAction\":[{\"@type\":\"ReadAction\",\"target\":[\"https:\/\/hobstop.ee\/lv\/produkts\/lime-rayher-pvc\/\"]}]},{\"@type\":\"ImageObject\",\"inLanguage\":\"lv-LV\",\"@id\":\"https:\/\/hobstop.ee\/lv\/produkts\/lime-rayher-pvc\/#primaryimage\",\"url\":\"https:\/\/hobstop.ee\/media\/4861.jpg\",\"contentUrl\":\"https:\/\/hobstop.ee\/media\/4861.jpg\",\"width\":1024,\"height\":768},{\"@type\":\"BreadcrumbList\",\"@id\":\"https:\/\/hobstop.ee\/lv\/produkts\/lime-rayher-pvc\/#breadcrumb\",\"itemListElement\":[{\"@type\":\"ListItem\",\"position\":1,\"name\":\"Avaleht\",\"item\":\"https:\/\/www.hobstop.ee\/lv\/\"},{\"@type\":\"ListItem\",\"position\":2,\"name\":\"Veikals\",\"item\":\"https:\/\/www.hobstop.ee\/lv\/veikals\/\"},{\"@type\":\"ListItem\",\"position\":3,\"name\":\"L\u012bme Rayher PVC\"}]},{\"@type\":\"WebSite\",\"@id\":\"https:\/\/hobstop.ee\/lv\/#website\",\"url\":\"https:\/\/hobstop.ee\/lv\/\",\"name\":\"Skizze\",\"description\":\"M\u0101kslas, hobiju un skolas preces\",\"publisher\":{\"@id\":\"https:\/\/hobstop.ee\/lv\/#organization\"},\"potentialAction\":[{\"@type\":\"SearchAction\",\"target\":{\"@type\":\"EntryPoint\",\"urlTemplate\":\"https:\/\/hobstop.ee\/lv\/?s={search_term_string}\"},\"query-input\":{\"@type\":\"PropertyValueSpecification\",\"valueRequired\":true,\"valueName\":\"search_term_string\"}}],\"inLanguage\":\"lv-LV\"},{\"@type\":\"Organization\",\"@id\":\"https:\/\/hobstop.ee\/lv\/#organization\",\"name\":\"Vunder AS\",\"url\":\"https:\/\/hobstop.ee\/lv\/\",\"logo\":{\"@type\":\"ImageObject\",\"inLanguage\":\"lv-LV\",\"@id\":\"https:\/\/hobstop.ee\/lv\/#\/schema\/logo\/image\/\",\"url\":\"https:\/\/hobstop.ee\/media\/vunder-logo.png\",\"contentUrl\":\"https:\/\/hobstop.ee\/media\/vunder-logo.png\",\"width\":127,\"height\":55,\"caption\":\"Vunder AS\"},\"image\":{\"@id\":\"https:\/\/hobstop.ee\/lv\/#\/schema\/logo\/image\/\"},\"sameAs\":[\"http:\/\/www.facebook.com\/VunderSkizze\"]}]}<\/script>\n<!-- \/ Yoast SEO plugin. -->","yoast_head_json":{"title":"L\u012bme Rayher PVC &#8211; Skizze","robots":{"index":"noindex","follow":"follow","max-snippet":"max-snippet:-1","max-image-preview":"max-image-preview:large","max-video-preview":"max-video-preview:-1"},"og_locale":"lv_LV","og_type":"article","og_title":"L\u012bme Rayher PVC &#8211; Skizze","og_description":"Rayher laminate l\u012bme ir caursp\u012bd\u012bga PCV l\u012bme, kas k\u013c\u016bst elast\u012bga \u017e\u016b\u0161anas laik\u0101 un ko var at\u0161kaid\u012bt ar \u016bdeni. Ide\u0101li piem\u0113rota gr\u0101matu iesie\u0161anai, lamin\u0113\u0161anai uz papier-m\u00e2ch\u00e9, k\u0101 ar\u012b, lai tekstilu padar\u012btu stingr\u0101ku. Rayher PVC l\u012bme ir \u016bdensiztur\u012bga un nesatur \u0161\u0137idin\u0101t\u0101jus.","og_url":"https:\/\/hobstop.ee\/lv\/produkts\/lime-rayher-pvc\/","og_site_name":"Skizze","article_publisher":"http:\/\/www.facebook.com\/VunderSkizze","og_image":[{"width":1024,"height":768,"url":"https:\/\/hobstop.ee\/media\/4861.jpg","type":"image\/jpeg"}],"twitter_card":"summary_large_image","schema":{"@context":"https:\/\/schema.org","@graph":[{"@type":"WebPage","@id":"https:\/\/hobstop.ee\/lv\/produkts\/lime-rayher-pvc\/","url":"https:\/\/hobstop.ee\/lv\/produkts\/lime-rayher-pvc\/","name":"L\u012bme Rayher PVC &#8211; Skizze","isPartOf":{"@id":"https:\/\/hobstop.ee\/lv\/#website"},"primaryImageOfPage":{"@id":"https:\/\/hobstop.ee\/lv\/produkts\/lime-rayher-pvc\/#primaryimage"},"image":{"@id":"https:\/\/hobstop.ee\/lv\/produkts\/lime-rayher-pvc\/#primaryimage"},"thumbnailUrl":"https:\/\/hobstop.ee\/media\/4861.jpg","datePublished":"2018-08-18T15:51:25+00:00","dateModified":"2018-08-18T15:51:25+00:00","breadcrumb":{"@id":"https:\/\/hobstop.ee\/lv\/produkts\/lime-rayher-pvc\/#breadcrumb"},"inLanguage":"lv-LV","potentialAction":[{"@type":"ReadAction","target":["https:\/\/hobstop.ee\/lv\/produkts\/lime-rayher-pvc\/"]}]},{"@type":"ImageObject","inLanguage":"lv-LV","@id":"https:\/\/hobstop.ee\/lv\/produkts\/lime-rayher-pvc\/#primaryimage","url":"https:\/\/hobstop.ee\/media\/4861.jpg","contentUrl":"https:\/\/hobstop.ee\/media\/4861.jpg","width":1024,"height":768},{"@type":"BreadcrumbList","@id":"https:\/\/hobstop.ee\/lv\/produkts\/lime-rayher-pvc\/#breadcrumb","itemListElement":[{"@type":"ListItem","position":1,"name":"Avaleht","item":"https:\/\/www.hobstop.ee\/lv\/"},{"@type":"ListItem","position":2,"name":"Veikals","item":"https:\/\/www.hobstop.ee\/lv\/veikals\/"},{"@type":"ListItem","position":3,"name":"L\u012bme Rayher PVC"}]},{"@type":"WebSite","@id":"https:\/\/hobstop.ee\/lv\/#website","url":"https:\/\/hobstop.ee\/lv\/","name":"Skizze","description":"M\u0101kslas, hobiju un skolas preces","publisher":{"@id":"https:\/\/hobstop.ee\/lv\/#organization"},"potentialAction":[{"@type":"SearchAction","target":{"@type":"EntryPoint","urlTemplate":"https:\/\/hobstop.ee\/lv\/?s={search_term_string}"},"query-input":{"@type":"PropertyValueSpecification","valueRequired":true,"valueName":"search_term_string"}}],"inLanguage":"lv-LV"},{"@type":"Organization","@id":"https:\/\/hobstop.ee\/lv\/#organization","name":"Vunder AS","url":"https:\/\/hobstop.ee\/lv\/","logo":{"@type":"ImageObject","inLanguage":"lv-LV","@id":"https:\/\/hobstop.ee\/lv\/#\/schema\/logo\/image\/","url":"https:\/\/hobstop.ee\/media\/vunder-logo.png","contentUrl":"https:\/\/hobstop.ee\/media\/vunder-logo.png","width":127,"height":55,"caption":"Vunder AS"},"image":{"@id":"https:\/\/hobstop.ee\/lv\/#\/schema\/logo\/image\/"},"sameAs":["http:\/\/www.facebook.com\/VunderSkizze"]}]}},"_links":{"self":[{"href":"https:\/\/hobstop.ee\/lv\/wp-json\/wp\/v2\/product\/315400","targetHints":{"allow":["GET"]}}],"collection":[{"href":"https:\/\/hobstop.ee\/lv\/wp-json\/wp\/v2\/product"}],"about":[{"href":"https:\/\/hobstop.ee\/lv\/wp-json\/wp\/v2\/types\/product"}],"replies":[{"embeddable":true,"href":"https:\/\/hobstop.ee\/lv\/wp-json\/wp\/v2\/comments?post=315400"}],"wp:featuredmedia":[{"embeddable":true,"href":"https:\/\/hobstop.ee\/lv\/wp-json\/wp\/v2\/media\/316981"}],"wp:attachment":[{"href":"https:\/\/hobstop.ee\/lv\/wp-json\/wp\/v2\/media?parent=315400"}],"wp:term":[{"taxonomy":"product_cat","embeddable":true,"href":"https:\/\/hobstop.ee\/lv\/wp-json\/wp\/v2\/product_cat?post=315400"},{"taxonomy":"product_tag","embeddable":true,"href":"https:\/\/hobstop.ee\/lv\/wp-json\/wp\/v2\/product_tag?post=315400"}],"curies":[{"name":"wp","href":"https:\/\/api.w.org\/{rel}","templated":true}]}}