{"id":315404,"date":"2018-08-18T18:51:26","date_gmt":"2018-08-18T15:51:26","guid":{"rendered":"https:\/\/sharks.ee\/vunder_2019\/lv\/product\/folija-parnesanai-rayher\/"},"modified":"2018-08-18T18:51:26","modified_gmt":"2018-08-18T15:51:26","slug":"folija-parnesanai-rayher","status":"publish","type":"product","link":"https:\/\/hobstop.ee\/lv\/produkts\/folija-parnesanai-rayher\/","title":{"rendered":"Folija p\u0101rn\u0113\u0161anai Rayher"},"content":{"rendered":"<p>Rayher folija p\u0101rne\u0161anai ir lielisks veids, k\u0101 \u0101tri un efekt\u012bvi p\u0101rnest savu att\u0113lu uz sveces vai citu gludu, neabsorb\u0113jo\u0161u virsmu. Atst\u0101jiet neaprgieztu att\u0113lu uz folijas sp\u012bdo\u0161\u0101s puses, ielieciet uz apm\u0113ram 30-60 sekund\u0113m remden\u0101 \u016bden\u012b, l\u012bdz pap\u012brs no folijas s\u0101k atbr\u012bvoties un iz\u0161\u0137ist pap\u012brs un tad p\u0101rnesiet to uz sveces &#8211; pavisam vienk\u0101r\u0161i! To var izmantot tikai l\u0101zera printerim\/ l\u0101zera kop\u0113t\u0101jam (maksim\u0101l\u0101 cilindra fiks\u0101cijas temperat\u016bra ir 170\u00b0C) un pap\u012bra biezumam ir j\u0101b\u016bt aptuveni 185g\/ m2.<\/p>\n","protected":false},"excerpt":{"rendered":"<p>Rayher folija p\u0101rne\u0161anai ir lielisks veids, k\u0101 \u0101tri un efekt\u012bvi p\u0101rnest savu att\u0113lu uz sveces vai citu gludu, neabsorb\u0113jo\u0161u virsmu. Atst\u0101jiet neaprgieztu att\u0113lu uz folijas sp\u012bdo\u0161\u0101s puses, ielieciet uz apm\u0113ram 30-60 sekund\u0113m remden\u0101 \u016bden\u012b, l\u012bdz pap\u012brs no folijas s\u0101k atbr\u012bvoties un iz\u0161\u0137ist pap\u012brs un tad p\u0101rnesiet to uz sveces &#8211; pavisam vienk\u0101r\u0161i! To var izmantot tikai l\u0101zera printerim\/ l\u0101zera kop\u0113t\u0101jam (maksim\u0101l\u0101 cilindra fiks\u0101cijas temperat\u016bra ir 170\u00b0C) un pap\u012bra biezumam ir j\u0101b\u016bt aptuveni 185g\/ m2.<\/p>\n","protected":false},"featured_media":315440,"comment_status":"closed","ping_status":"closed","template":"","meta":{"_acf_changed":false,"ep_exclude_from_search":false},"product_cat":[18982,17968,17918],"product_tag":[],"class_list":{"0":"post-315404","1":"product","2":"type-product","3":"status-publish","4":"has-post-thumbnail","6":"product_cat-citi-3","7":"product_cat-citi-piederumi","8":"product_cat-preces-hobijiem","10":"first","11":"instock","12":"taxable","13":"shipping-taxable","14":"product-type-simple"},"acf":[],"yoast_head":"<!-- This site is optimized with the Yoast SEO plugin v24.1 - https:\/\/yoast.com\/wordpress\/plugins\/seo\/ -->\n<title>Folija p\u0101rn\u0113\u0161anai Rayher &#8211; Skizze<\/title>\n<meta name=\"robots\" content=\"noindex, follow, max-snippet:-1, max-image-preview:large, max-video-preview:-1\" \/>\n<meta property=\"og:locale\" content=\"lv_LV\" \/>\n<meta property=\"og:type\" content=\"article\" \/>\n<meta property=\"og:title\" content=\"Folija p\u0101rn\u0113\u0161anai Rayher &#8211; Skizze\" \/>\n<meta property=\"og:description\" content=\"Rayher folija p\u0101rne\u0161anai ir lielisks veids, k\u0101 \u0101tri un efekt\u012bvi p\u0101rnest savu att\u0113lu uz sveces vai citu gludu, neabsorb\u0113jo\u0161u virsmu. Atst\u0101jiet neaprgieztu att\u0113lu uz folijas sp\u012bdo\u0161\u0101s puses, ielieciet uz apm\u0113ram 30-60 sekund\u0113m remden\u0101 \u016bden\u012b, l\u012bdz pap\u012brs no folijas s\u0101k atbr\u012bvoties un iz\u0161\u0137ist pap\u012brs un tad p\u0101rnesiet to uz sveces &#8211; pavisam vienk\u0101r\u0161i! To var izmantot tikai l\u0101zera printerim\/ l\u0101zera kop\u0113t\u0101jam (maksim\u0101l\u0101 cilindra fiks\u0101cijas temperat\u016bra ir 170\u00b0C) un pap\u012bra biezumam ir j\u0101b\u016bt aptuveni 185g\/ m2.\" \/>\n<meta property=\"og:url\" content=\"https:\/\/hobstop.ee\/lv\/produkts\/folija-parnesanai-rayher\/\" \/>\n<meta property=\"og:site_name\" content=\"Skizze\" \/>\n<meta property=\"article:publisher\" content=\"http:\/\/www.facebook.com\/VunderSkizze\" \/>\n<meta property=\"og:image\" content=\"https:\/\/hobstop.ee\/media\/4867.jpg\" \/>\n\t<meta property=\"og:image:width\" content=\"1024\" \/>\n\t<meta property=\"og:image:height\" content=\"768\" \/>\n\t<meta property=\"og:image:type\" content=\"image\/jpeg\" \/>\n<meta name=\"twitter:card\" content=\"summary_large_image\" \/>\n<meta name=\"twitter:label1\" content=\"Est. reading time\" \/>\n\t<meta name=\"twitter:data1\" content=\"1 min\u016b\u0161u\" \/>\n<script type=\"application\/ld+json\" class=\"yoast-schema-graph\">{\"@context\":\"https:\/\/schema.org\",\"@graph\":[{\"@type\":\"WebPage\",\"@id\":\"https:\/\/hobstop.ee\/lv\/produkts\/folija-parnesanai-rayher\/\",\"url\":\"https:\/\/hobstop.ee\/lv\/produkts\/folija-parnesanai-rayher\/\",\"name\":\"Folija p\u0101rn\u0113\u0161anai Rayher &#8211; Skizze\",\"isPartOf\":{\"@id\":\"https:\/\/www.hobstop.ee\/lv\/#website\"},\"primaryImageOfPage\":{\"@id\":\"https:\/\/hobstop.ee\/lv\/produkts\/folija-parnesanai-rayher\/#primaryimage\"},\"image\":{\"@id\":\"https:\/\/hobstop.ee\/lv\/produkts\/folija-parnesanai-rayher\/#primaryimage\"},\"thumbnailUrl\":\"https:\/\/hobstop.ee\/media\/4867.jpg\",\"datePublished\":\"2018-08-18T15:51:26+00:00\",\"dateModified\":\"2018-08-18T15:51:26+00:00\",\"breadcrumb\":{\"@id\":\"https:\/\/hobstop.ee\/lv\/produkts\/folija-parnesanai-rayher\/#breadcrumb\"},\"inLanguage\":\"lv-LV\",\"potentialAction\":[{\"@type\":\"ReadAction\",\"target\":[\"https:\/\/hobstop.ee\/lv\/produkts\/folija-parnesanai-rayher\/\"]}]},{\"@type\":\"ImageObject\",\"inLanguage\":\"lv-LV\",\"@id\":\"https:\/\/hobstop.ee\/lv\/produkts\/folija-parnesanai-rayher\/#primaryimage\",\"url\":\"https:\/\/hobstop.ee\/media\/4867.jpg\",\"contentUrl\":\"https:\/\/hobstop.ee\/media\/4867.jpg\",\"width\":1024,\"height\":768},{\"@type\":\"BreadcrumbList\",\"@id\":\"https:\/\/hobstop.ee\/lv\/produkts\/folija-parnesanai-rayher\/#breadcrumb\",\"itemListElement\":[{\"@type\":\"ListItem\",\"position\":1,\"name\":\"Avaleht\",\"item\":\"https:\/\/www.hobstop.ee\/lv\/\"},{\"@type\":\"ListItem\",\"position\":2,\"name\":\"Veikals\",\"item\":\"https:\/\/www.hobstop.ee\/lv\/veikals\/\"},{\"@type\":\"ListItem\",\"position\":3,\"name\":\"Folija p\u0101rn\u0113\u0161anai Rayher\"}]},{\"@type\":\"WebSite\",\"@id\":\"https:\/\/www.hobstop.ee\/lv\/#website\",\"url\":\"https:\/\/www.hobstop.ee\/lv\/\",\"name\":\"Skizze\",\"description\":\"M\u0101kslas, hobiju un skolas preces\",\"publisher\":{\"@id\":\"https:\/\/www.hobstop.ee\/lv\/#organization\"},\"potentialAction\":[{\"@type\":\"SearchAction\",\"target\":{\"@type\":\"EntryPoint\",\"urlTemplate\":\"https:\/\/www.hobstop.ee\/lv\/?s={search_term_string}\"},\"query-input\":{\"@type\":\"PropertyValueSpecification\",\"valueRequired\":true,\"valueName\":\"search_term_string\"}}],\"inLanguage\":\"lv-LV\"},{\"@type\":\"Organization\",\"@id\":\"https:\/\/www.hobstop.ee\/lv\/#organization\",\"name\":\"Vunder AS\",\"url\":\"https:\/\/www.hobstop.ee\/lv\/\",\"logo\":{\"@type\":\"ImageObject\",\"inLanguage\":\"lv-LV\",\"@id\":\"https:\/\/www.hobstop.ee\/lv\/#\/schema\/logo\/image\/\",\"url\":\"https:\/\/hobstop.ee\/media\/vunder-logo.png\",\"contentUrl\":\"https:\/\/hobstop.ee\/media\/vunder-logo.png\",\"width\":127,\"height\":55,\"caption\":\"Vunder AS\"},\"image\":{\"@id\":\"https:\/\/www.hobstop.ee\/lv\/#\/schema\/logo\/image\/\"},\"sameAs\":[\"http:\/\/www.facebook.com\/VunderSkizze\"]}]}<\/script>\n<!-- \/ Yoast SEO plugin. -->","yoast_head_json":{"title":"Folija p\u0101rn\u0113\u0161anai Rayher &#8211; Skizze","robots":{"index":"noindex","follow":"follow","max-snippet":"max-snippet:-1","max-image-preview":"max-image-preview:large","max-video-preview":"max-video-preview:-1"},"og_locale":"lv_LV","og_type":"article","og_title":"Folija p\u0101rn\u0113\u0161anai Rayher &#8211; Skizze","og_description":"Rayher folija p\u0101rne\u0161anai ir lielisks veids, k\u0101 \u0101tri un efekt\u012bvi p\u0101rnest savu att\u0113lu uz sveces vai citu gludu, neabsorb\u0113jo\u0161u virsmu. Atst\u0101jiet neaprgieztu att\u0113lu uz folijas sp\u012bdo\u0161\u0101s puses, ielieciet uz apm\u0113ram 30-60 sekund\u0113m remden\u0101 \u016bden\u012b, l\u012bdz pap\u012brs no folijas s\u0101k atbr\u012bvoties un iz\u0161\u0137ist pap\u012brs un tad p\u0101rnesiet to uz sveces &#8211; pavisam vienk\u0101r\u0161i! To var izmantot tikai l\u0101zera printerim\/ l\u0101zera kop\u0113t\u0101jam (maksim\u0101l\u0101 cilindra fiks\u0101cijas temperat\u016bra ir 170\u00b0C) un pap\u012bra biezumam ir j\u0101b\u016bt aptuveni 185g\/ m2.","og_url":"https:\/\/hobstop.ee\/lv\/produkts\/folija-parnesanai-rayher\/","og_site_name":"Skizze","article_publisher":"http:\/\/www.facebook.com\/VunderSkizze","og_image":[{"width":1024,"height":768,"url":"https:\/\/hobstop.ee\/media\/4867.jpg","type":"image\/jpeg"}],"twitter_card":"summary_large_image","twitter_misc":{"Est. reading time":"1 min\u016b\u0161u"},"schema":{"@context":"https:\/\/schema.org","@graph":[{"@type":"WebPage","@id":"https:\/\/hobstop.ee\/lv\/produkts\/folija-parnesanai-rayher\/","url":"https:\/\/hobstop.ee\/lv\/produkts\/folija-parnesanai-rayher\/","name":"Folija p\u0101rn\u0113\u0161anai Rayher &#8211; Skizze","isPartOf":{"@id":"https:\/\/www.hobstop.ee\/lv\/#website"},"primaryImageOfPage":{"@id":"https:\/\/hobstop.ee\/lv\/produkts\/folija-parnesanai-rayher\/#primaryimage"},"image":{"@id":"https:\/\/hobstop.ee\/lv\/produkts\/folija-parnesanai-rayher\/#primaryimage"},"thumbnailUrl":"https:\/\/hobstop.ee\/media\/4867.jpg","datePublished":"2018-08-18T15:51:26+00:00","dateModified":"2018-08-18T15:51:26+00:00","breadcrumb":{"@id":"https:\/\/hobstop.ee\/lv\/produkts\/folija-parnesanai-rayher\/#breadcrumb"},"inLanguage":"lv-LV","potentialAction":[{"@type":"ReadAction","target":["https:\/\/hobstop.ee\/lv\/produkts\/folija-parnesanai-rayher\/"]}]},{"@type":"ImageObject","inLanguage":"lv-LV","@id":"https:\/\/hobstop.ee\/lv\/produkts\/folija-parnesanai-rayher\/#primaryimage","url":"https:\/\/hobstop.ee\/media\/4867.jpg","contentUrl":"https:\/\/hobstop.ee\/media\/4867.jpg","width":1024,"height":768},{"@type":"BreadcrumbList","@id":"https:\/\/hobstop.ee\/lv\/produkts\/folija-parnesanai-rayher\/#breadcrumb","itemListElement":[{"@type":"ListItem","position":1,"name":"Avaleht","item":"https:\/\/www.hobstop.ee\/lv\/"},{"@type":"ListItem","position":2,"name":"Veikals","item":"https:\/\/www.hobstop.ee\/lv\/veikals\/"},{"@type":"ListItem","position":3,"name":"Folija p\u0101rn\u0113\u0161anai Rayher"}]},{"@type":"WebSite","@id":"https:\/\/www.hobstop.ee\/lv\/#website","url":"https:\/\/www.hobstop.ee\/lv\/","name":"Skizze","description":"M\u0101kslas, hobiju un skolas preces","publisher":{"@id":"https:\/\/www.hobstop.ee\/lv\/#organization"},"potentialAction":[{"@type":"SearchAction","target":{"@type":"EntryPoint","urlTemplate":"https:\/\/www.hobstop.ee\/lv\/?s={search_term_string}"},"query-input":{"@type":"PropertyValueSpecification","valueRequired":true,"valueName":"search_term_string"}}],"inLanguage":"lv-LV"},{"@type":"Organization","@id":"https:\/\/www.hobstop.ee\/lv\/#organization","name":"Vunder AS","url":"https:\/\/www.hobstop.ee\/lv\/","logo":{"@type":"ImageObject","inLanguage":"lv-LV","@id":"https:\/\/www.hobstop.ee\/lv\/#\/schema\/logo\/image\/","url":"https:\/\/hobstop.ee\/media\/vunder-logo.png","contentUrl":"https:\/\/hobstop.ee\/media\/vunder-logo.png","width":127,"height":55,"caption":"Vunder AS"},"image":{"@id":"https:\/\/www.hobstop.ee\/lv\/#\/schema\/logo\/image\/"},"sameAs":["http:\/\/www.facebook.com\/VunderSkizze"]}]}},"_links":{"self":[{"href":"https:\/\/hobstop.ee\/lv\/wp-json\/wp\/v2\/product\/315404","targetHints":{"allow":["GET"]}}],"collection":[{"href":"https:\/\/hobstop.ee\/lv\/wp-json\/wp\/v2\/product"}],"about":[{"href":"https:\/\/hobstop.ee\/lv\/wp-json\/wp\/v2\/types\/product"}],"replies":[{"embeddable":true,"href":"https:\/\/hobstop.ee\/lv\/wp-json\/wp\/v2\/comments?post=315404"}],"wp:featuredmedia":[{"embeddable":true,"href":"https:\/\/hobstop.ee\/lv\/wp-json\/wp\/v2\/media\/315440"}],"wp:attachment":[{"href":"https:\/\/hobstop.ee\/lv\/wp-json\/wp\/v2\/media?parent=315404"}],"wp:term":[{"taxonomy":"product_cat","embeddable":true,"href":"https:\/\/hobstop.ee\/lv\/wp-json\/wp\/v2\/product_cat?post=315404"},{"taxonomy":"product_tag","embeddable":true,"href":"https:\/\/hobstop.ee\/lv\/wp-json\/wp\/v2\/product_tag?post=315404"}],"curies":[{"name":"wp","href":"https:\/\/api.w.org\/{rel}","templated":true}]}}