{"id":317474,"date":"2018-09-05T13:44:47","date_gmt":"2018-09-05T10:44:47","guid":{"rendered":"https:\/\/sharks.ee\/vunder_2019\/lv\/product\/dekorkrasa-aladine-izink-diamond-80ml\/"},"modified":"2018-09-05T13:44:47","modified_gmt":"2018-09-05T10:44:47","slug":"dekorkrasa-aladine-izink-diamond-80ml","status":"publish","type":"product","link":"https:\/\/hobstop.ee\/lv\/produkts\/dekorkrasa-aladine-izink-diamond-80ml\/","title":{"rendered":"Dekorkr\u0101sa Aladine Izink Diamond 80ml"},"content":{"rendered":"<p>Aladine Izink Diamond ir divi vien\u0101: glitera kr\u0101sa un masa ar daudzpus\u012bg\u0101m pielieto\u0161anas iesp\u0113j\u0101m. Pateicoties savai unik\u0101lajai b\u0101zei, kas piel\u012bp vis\u0101m virsm\u0101m, ieskaitot audeklu, j\u016bs varat izmantot to gandr\u012bz it visur! Piem\u0113ram, ar otu, lai uzkl\u0101tu kr\u0101su tie\u0161i uz virsmas, vai trafaret\u0113m, lai rad\u012btu da\u017e\u0101dus, br\u012bni\u0161\u0137\u012bgus akcentus sav\u0101 darb\u0101. Aladine Izink Diamond ir permanenta kr\u0101sa, un to var mazg\u0101t ve\u013cas mazg\u0101jam\u0101 ma\u0161\u012bn\u0101 40 gr\u0101du temperat\u016br\u0101 (pirms mazg\u0101\u0161anas j\u0101gludina vismaz 5 min\u016btes). Lai pasarg\u0101tu gludekli, uzkl\u0101jiet uz auduma dr\u0101ni\u0146u. Pateicoties \u0113rtajam iepakojumam, to ir \u0113rti uzkl\u0101t un iepakojums ir piem\u0113rots atk\u0101rtotai p\u0101rstr\u0101dei.<\/p>\n","protected":false},"excerpt":{"rendered":"<p>Aladine Izink Diamond ir divi vien\u0101: glitera kr\u0101sa un masa ar daudzpus\u012bg\u0101m pielieto\u0161anas iesp\u0113j\u0101m. Pateicoties savai unik\u0101lajai b\u0101zei, kas piel\u012bp vis\u0101m virsm\u0101m, ieskaitot audeklu, j\u016bs varat izmantot to gandr\u012bz it visur! Piem\u0113ram, ar otu, lai uzkl\u0101tu kr\u0101su tie\u0161i uz virsmas, vai trafaret\u0113m, lai rad\u012btu da\u017e\u0101dus, br\u012bni\u0161\u0137\u012bgus akcentus sav\u0101 darb\u0101. Aladine Izink Diamond ir permanenta kr\u0101sa, un to var mazg\u0101t ve\u013cas mazg\u0101jam\u0101 ma\u0161\u012bn\u0101 40 gr\u0101du temperat\u016br\u0101 (pirms mazg\u0101\u0161anas j\u0101gludina vismaz 5 min\u016btes). Lai pasarg\u0101tu gludekli, uzkl\u0101jiet uz auduma dr\u0101ni\u0146u. Pateicoties \u0113rtajam iepakojumam, to ir \u0113rti uzkl\u0101t un iepakojums ir piem\u0113rots atk\u0101rtotai p\u0101rstr\u0101dei.<\/p>\n","protected":false},"featured_media":317767,"comment_status":"closed","ping_status":"closed","template":"","meta":{"_acf_changed":false,"ep_exclude_from_search":false},"product_cat":[18201,17954,17918],"product_tag":[],"class_list":{"0":"post-317474","1":"product","2":"type-product","3":"status-publish","4":"has-post-thumbnail","6":"product_cat-decor-krasas-2","7":"product_cat-decor-krasas-un-lakas","8":"product_cat-preces-hobijiem","10":"first","11":"instock","12":"taxable","13":"shipping-taxable","14":"purchasable","15":"product-type-simple"},"acf":[],"yoast_head":"<!-- This site is optimized with the Yoast SEO plugin v24.1 - https:\/\/yoast.com\/wordpress\/plugins\/seo\/ -->\n<title>Dekorkr\u0101sa Aladine Izink Diamond 80ml &#8211; Skizze<\/title>\n<meta name=\"robots\" content=\"noindex, follow, max-snippet:-1, max-image-preview:large, max-video-preview:-1\" \/>\n<meta property=\"og:locale\" content=\"lv_LV\" \/>\n<meta property=\"og:type\" content=\"article\" \/>\n<meta property=\"og:title\" content=\"Dekorkr\u0101sa Aladine Izink Diamond 80ml &#8211; Skizze\" \/>\n<meta property=\"og:description\" content=\"Aladine Izink Diamond ir divi vien\u0101: glitera kr\u0101sa un masa ar daudzpus\u012bg\u0101m pielieto\u0161anas iesp\u0113j\u0101m. Pateicoties savai unik\u0101lajai b\u0101zei, kas piel\u012bp vis\u0101m virsm\u0101m, ieskaitot audeklu, j\u016bs varat izmantot to gandr\u012bz it visur! Piem\u0113ram, ar otu, lai uzkl\u0101tu kr\u0101su tie\u0161i uz virsmas, vai trafaret\u0113m, lai rad\u012btu da\u017e\u0101dus, br\u012bni\u0161\u0137\u012bgus akcentus sav\u0101 darb\u0101. Aladine Izink Diamond ir permanenta kr\u0101sa, un to var mazg\u0101t ve\u013cas mazg\u0101jam\u0101 ma\u0161\u012bn\u0101 40 gr\u0101du temperat\u016br\u0101 (pirms mazg\u0101\u0161anas j\u0101gludina vismaz 5 min\u016btes). Lai pasarg\u0101tu gludekli, uzkl\u0101jiet uz auduma dr\u0101ni\u0146u. Pateicoties \u0113rtajam iepakojumam, to ir \u0113rti uzkl\u0101t un iepakojums ir piem\u0113rots atk\u0101rtotai p\u0101rstr\u0101dei.\" \/>\n<meta property=\"og:url\" content=\"https:\/\/hobstop.ee\/lv\/produkts\/dekorkrasa-aladine-izink-diamond-80ml\/\" \/>\n<meta property=\"og:site_name\" content=\"Skizze\" \/>\n<meta property=\"article:publisher\" content=\"http:\/\/www.facebook.com\/VunderSkizze\" \/>\n<meta property=\"og:image\" content=\"https:\/\/www.hobstop.ee\/media\/4778.jpg\" \/>\n\t<meta property=\"og:image:width\" content=\"1024\" \/>\n\t<meta property=\"og:image:height\" content=\"768\" \/>\n\t<meta property=\"og:image:type\" content=\"image\/jpeg\" \/>\n<meta name=\"twitter:card\" content=\"summary_large_image\" \/>\n<meta name=\"twitter:label1\" content=\"Est. reading time\" \/>\n\t<meta name=\"twitter:data1\" content=\"1 min\u016b\u0161u\" \/>\n<script type=\"application\/ld+json\" class=\"yoast-schema-graph\">{\"@context\":\"https:\/\/schema.org\",\"@graph\":[{\"@type\":\"WebPage\",\"@id\":\"https:\/\/hobstop.ee\/lv\/produkts\/dekorkrasa-aladine-izink-diamond-80ml\/\",\"url\":\"https:\/\/hobstop.ee\/lv\/produkts\/dekorkrasa-aladine-izink-diamond-80ml\/\",\"name\":\"Dekorkr\u0101sa Aladine Izink Diamond 80ml &#8211; Skizze\",\"isPartOf\":{\"@id\":\"https:\/\/hobstop.ee\/lv\/#website\"},\"primaryImageOfPage\":{\"@id\":\"https:\/\/hobstop.ee\/lv\/produkts\/dekorkrasa-aladine-izink-diamond-80ml\/#primaryimage\"},\"image\":{\"@id\":\"https:\/\/hobstop.ee\/lv\/produkts\/dekorkrasa-aladine-izink-diamond-80ml\/#primaryimage\"},\"thumbnailUrl\":\"https:\/\/hobstop.ee\/media\/4778.jpg\",\"datePublished\":\"2018-09-05T10:44:47+00:00\",\"dateModified\":\"2018-09-05T10:44:47+00:00\",\"breadcrumb\":{\"@id\":\"https:\/\/hobstop.ee\/lv\/produkts\/dekorkrasa-aladine-izink-diamond-80ml\/#breadcrumb\"},\"inLanguage\":\"lv-LV\",\"potentialAction\":[{\"@type\":\"ReadAction\",\"target\":[\"https:\/\/hobstop.ee\/lv\/produkts\/dekorkrasa-aladine-izink-diamond-80ml\/\"]}]},{\"@type\":\"ImageObject\",\"inLanguage\":\"lv-LV\",\"@id\":\"https:\/\/hobstop.ee\/lv\/produkts\/dekorkrasa-aladine-izink-diamond-80ml\/#primaryimage\",\"url\":\"https:\/\/hobstop.ee\/media\/4778.jpg\",\"contentUrl\":\"https:\/\/hobstop.ee\/media\/4778.jpg\",\"width\":1024,\"height\":768},{\"@type\":\"BreadcrumbList\",\"@id\":\"https:\/\/hobstop.ee\/lv\/produkts\/dekorkrasa-aladine-izink-diamond-80ml\/#breadcrumb\",\"itemListElement\":[{\"@type\":\"ListItem\",\"position\":1,\"name\":\"Avaleht\",\"item\":\"https:\/\/www.hobstop.ee\/lv\/\"},{\"@type\":\"ListItem\",\"position\":2,\"name\":\"Veikals\",\"item\":\"https:\/\/www.hobstop.ee\/lv\/veikals\/\"},{\"@type\":\"ListItem\",\"position\":3,\"name\":\"Dekorkr\u0101sa Aladine Izink Diamond 80ml\"}]},{\"@type\":\"WebSite\",\"@id\":\"https:\/\/hobstop.ee\/lv\/#website\",\"url\":\"https:\/\/hobstop.ee\/lv\/\",\"name\":\"Skizze\",\"description\":\"M\u0101kslas, hobiju un skolas preces\",\"publisher\":{\"@id\":\"https:\/\/hobstop.ee\/lv\/#organization\"},\"potentialAction\":[{\"@type\":\"SearchAction\",\"target\":{\"@type\":\"EntryPoint\",\"urlTemplate\":\"https:\/\/hobstop.ee\/lv\/?s={search_term_string}\"},\"query-input\":{\"@type\":\"PropertyValueSpecification\",\"valueRequired\":true,\"valueName\":\"search_term_string\"}}],\"inLanguage\":\"lv-LV\"},{\"@type\":\"Organization\",\"@id\":\"https:\/\/hobstop.ee\/lv\/#organization\",\"name\":\"Vunder AS\",\"url\":\"https:\/\/hobstop.ee\/lv\/\",\"logo\":{\"@type\":\"ImageObject\",\"inLanguage\":\"lv-LV\",\"@id\":\"https:\/\/hobstop.ee\/lv\/#\/schema\/logo\/image\/\",\"url\":\"https:\/\/hobstop.ee\/media\/vunder-logo.png\",\"contentUrl\":\"https:\/\/hobstop.ee\/media\/vunder-logo.png\",\"width\":127,\"height\":55,\"caption\":\"Vunder AS\"},\"image\":{\"@id\":\"https:\/\/hobstop.ee\/lv\/#\/schema\/logo\/image\/\"},\"sameAs\":[\"http:\/\/www.facebook.com\/VunderSkizze\"]}]}<\/script>\n<!-- \/ Yoast SEO plugin. -->","yoast_head_json":{"title":"Dekorkr\u0101sa Aladine Izink Diamond 80ml &#8211; Skizze","robots":{"index":"noindex","follow":"follow","max-snippet":"max-snippet:-1","max-image-preview":"max-image-preview:large","max-video-preview":"max-video-preview:-1"},"og_locale":"lv_LV","og_type":"article","og_title":"Dekorkr\u0101sa Aladine Izink Diamond 80ml &#8211; Skizze","og_description":"Aladine Izink Diamond ir divi vien\u0101: glitera kr\u0101sa un masa ar daudzpus\u012bg\u0101m pielieto\u0161anas iesp\u0113j\u0101m. Pateicoties savai unik\u0101lajai b\u0101zei, kas piel\u012bp vis\u0101m virsm\u0101m, ieskaitot audeklu, j\u016bs varat izmantot to gandr\u012bz it visur! Piem\u0113ram, ar otu, lai uzkl\u0101tu kr\u0101su tie\u0161i uz virsmas, vai trafaret\u0113m, lai rad\u012btu da\u017e\u0101dus, br\u012bni\u0161\u0137\u012bgus akcentus sav\u0101 darb\u0101. Aladine Izink Diamond ir permanenta kr\u0101sa, un to var mazg\u0101t ve\u013cas mazg\u0101jam\u0101 ma\u0161\u012bn\u0101 40 gr\u0101du temperat\u016br\u0101 (pirms mazg\u0101\u0161anas j\u0101gludina vismaz 5 min\u016btes). Lai pasarg\u0101tu gludekli, uzkl\u0101jiet uz auduma dr\u0101ni\u0146u. Pateicoties \u0113rtajam iepakojumam, to ir \u0113rti uzkl\u0101t un iepakojums ir piem\u0113rots atk\u0101rtotai p\u0101rstr\u0101dei.","og_url":"https:\/\/hobstop.ee\/lv\/produkts\/dekorkrasa-aladine-izink-diamond-80ml\/","og_site_name":"Skizze","article_publisher":"http:\/\/www.facebook.com\/VunderSkizze","og_image":[{"width":1024,"height":768,"url":"https:\/\/www.hobstop.ee\/media\/4778.jpg","type":"image\/jpeg"}],"twitter_card":"summary_large_image","twitter_misc":{"Est. reading time":"1 min\u016b\u0161u"},"schema":{"@context":"https:\/\/schema.org","@graph":[{"@type":"WebPage","@id":"https:\/\/hobstop.ee\/lv\/produkts\/dekorkrasa-aladine-izink-diamond-80ml\/","url":"https:\/\/hobstop.ee\/lv\/produkts\/dekorkrasa-aladine-izink-diamond-80ml\/","name":"Dekorkr\u0101sa Aladine Izink Diamond 80ml &#8211; Skizze","isPartOf":{"@id":"https:\/\/hobstop.ee\/lv\/#website"},"primaryImageOfPage":{"@id":"https:\/\/hobstop.ee\/lv\/produkts\/dekorkrasa-aladine-izink-diamond-80ml\/#primaryimage"},"image":{"@id":"https:\/\/hobstop.ee\/lv\/produkts\/dekorkrasa-aladine-izink-diamond-80ml\/#primaryimage"},"thumbnailUrl":"https:\/\/hobstop.ee\/media\/4778.jpg","datePublished":"2018-09-05T10:44:47+00:00","dateModified":"2018-09-05T10:44:47+00:00","breadcrumb":{"@id":"https:\/\/hobstop.ee\/lv\/produkts\/dekorkrasa-aladine-izink-diamond-80ml\/#breadcrumb"},"inLanguage":"lv-LV","potentialAction":[{"@type":"ReadAction","target":["https:\/\/hobstop.ee\/lv\/produkts\/dekorkrasa-aladine-izink-diamond-80ml\/"]}]},{"@type":"ImageObject","inLanguage":"lv-LV","@id":"https:\/\/hobstop.ee\/lv\/produkts\/dekorkrasa-aladine-izink-diamond-80ml\/#primaryimage","url":"https:\/\/hobstop.ee\/media\/4778.jpg","contentUrl":"https:\/\/hobstop.ee\/media\/4778.jpg","width":1024,"height":768},{"@type":"BreadcrumbList","@id":"https:\/\/hobstop.ee\/lv\/produkts\/dekorkrasa-aladine-izink-diamond-80ml\/#breadcrumb","itemListElement":[{"@type":"ListItem","position":1,"name":"Avaleht","item":"https:\/\/www.hobstop.ee\/lv\/"},{"@type":"ListItem","position":2,"name":"Veikals","item":"https:\/\/www.hobstop.ee\/lv\/veikals\/"},{"@type":"ListItem","position":3,"name":"Dekorkr\u0101sa Aladine Izink Diamond 80ml"}]},{"@type":"WebSite","@id":"https:\/\/hobstop.ee\/lv\/#website","url":"https:\/\/hobstop.ee\/lv\/","name":"Skizze","description":"M\u0101kslas, hobiju un skolas preces","publisher":{"@id":"https:\/\/hobstop.ee\/lv\/#organization"},"potentialAction":[{"@type":"SearchAction","target":{"@type":"EntryPoint","urlTemplate":"https:\/\/hobstop.ee\/lv\/?s={search_term_string}"},"query-input":{"@type":"PropertyValueSpecification","valueRequired":true,"valueName":"search_term_string"}}],"inLanguage":"lv-LV"},{"@type":"Organization","@id":"https:\/\/hobstop.ee\/lv\/#organization","name":"Vunder AS","url":"https:\/\/hobstop.ee\/lv\/","logo":{"@type":"ImageObject","inLanguage":"lv-LV","@id":"https:\/\/hobstop.ee\/lv\/#\/schema\/logo\/image\/","url":"https:\/\/hobstop.ee\/media\/vunder-logo.png","contentUrl":"https:\/\/hobstop.ee\/media\/vunder-logo.png","width":127,"height":55,"caption":"Vunder AS"},"image":{"@id":"https:\/\/hobstop.ee\/lv\/#\/schema\/logo\/image\/"},"sameAs":["http:\/\/www.facebook.com\/VunderSkizze"]}]}},"_links":{"self":[{"href":"https:\/\/hobstop.ee\/lv\/wp-json\/wp\/v2\/product\/317474","targetHints":{"allow":["GET"]}}],"collection":[{"href":"https:\/\/hobstop.ee\/lv\/wp-json\/wp\/v2\/product"}],"about":[{"href":"https:\/\/hobstop.ee\/lv\/wp-json\/wp\/v2\/types\/product"}],"replies":[{"embeddable":true,"href":"https:\/\/hobstop.ee\/lv\/wp-json\/wp\/v2\/comments?post=317474"}],"wp:featuredmedia":[{"embeddable":true,"href":"https:\/\/hobstop.ee\/lv\/wp-json\/wp\/v2\/media\/317767"}],"wp:attachment":[{"href":"https:\/\/hobstop.ee\/lv\/wp-json\/wp\/v2\/media?parent=317474"}],"wp:term":[{"taxonomy":"product_cat","embeddable":true,"href":"https:\/\/hobstop.ee\/lv\/wp-json\/wp\/v2\/product_cat?post=317474"},{"taxonomy":"product_tag","embeddable":true,"href":"https:\/\/hobstop.ee\/lv\/wp-json\/wp\/v2\/product_tag?post=317474"}],"curies":[{"name":"wp","href":"https:\/\/api.w.org\/{rel}","templated":true}]}}